{"id":30576,"date":"2025-03-24T09:29:16","date_gmt":"2025-03-24T07:29:16","guid":{"rendered":"https:\/\/miumjau.ee\/toode\/brit-care-hiustenhoitoaine-lohella-ja-kanalla-viljaton-7kg\/"},"modified":"2026-01-07T22:53:06","modified_gmt":"2026-01-07T20:53:06","slug":"brit-care-hiustenhoitoaine-lohella-ja-kanalla-viljaton-7kg","status":"publish","type":"product","link":"https:\/\/miumjau.ee\/fi\/tuote\/brit-care-hiustenhoitoaine-lohella-ja-kanalla-viljaton-7kg\/","title":{"rendered":"Brit Care Hiustenhoitoaine lohella ja kanalla, viljaton 7kg"},"content":{"rendered":"","protected":false},"excerpt":{"rendered":"<p><strong>Brit Care t\u00e4ysravinto aikuisille kissoille, joiden turkki tarvitsee erityist\u00e4 hoitoa.<\/strong><br \/>\nHypoallergeeninen, viljaton koostumus, joka on runsaskuituinen ja helpottaa karvapallojen kulkeutumista. Korkealaatuisesta lihasta saadut proteiinit auttavat yll\u00e4pit\u00e4m\u00e4\u00e4n lihasten hoikkuutta ja voimaa. Tauriinin kanssa, joka on kissoille t\u00e4rke\u00e4 ravintoaine, se tukee hyv\u00e4\u00e4 n\u00e4k\u00f6\u00e4 ja syd\u00e4men terveytt\u00e4.<\/p>\n<p><strong>TUORE LOHI, KANA, PELLAVANSIEMENET<\/strong> \u2013 luonnolliset omega-3- ja omega-6-rasvahappojen l\u00e4hteet, jotka auttavat pit\u00e4m\u00e4\u00e4n turkin kiilt\u00e4v\u00e4n\u00e4 ja ihon terveen\u00e4.<br \/>\n<strong>KUIDUT<\/strong> \u2013 runsaskuituiset ainesosat helpottavat karvapallojen poistumista. Raakakuidut tuovat kyll\u00e4isyyden tunteen, mik\u00e4 v\u00e4hent\u00e4\u00e4 ruoan kulutusta ja auttaa hallitsemaan painoa.<br \/>\n<strong>PROBIOOTIT JA PREBIOOTIT<\/strong> vahvistavat immuunij\u00e4rjestelm\u00e4\u00e4 ja tukevat ruoansulatusta.<br \/>\nViljaton \u2013 EI sis\u00e4ll\u00e4 keinotekoisia v\u00e4riaineita \u2013 EI sis\u00e4ll\u00e4 s\u00e4il\u00f6nt\u00e4aineita \u2013 EI sis\u00e4ll\u00e4 GMO:ta \u2013 EI sis\u00e4ll\u00e4 soijaa.<\/p>\n<p><strong>Koostumus:<\/strong><br \/>\nTuore lohiliha (26 %), kuivattu kana (26 %), keltaiset herneet (14 %), kikherneet (8 %), siipikarjanrasva (s\u00e4il\u00f6tty tokoferoleilla, 6 %), kuivatut omenat (6 %), lohi\u00f6ljy (3 %), psylliumin kuoret ja siemenet (2 %), pellavansiemenet (2 %), hydrolysoitu kananmaksa (2 %), oluthiiva (2 %), kuivatut lev\u00e4t (1,5 %, <em>Schizochytrium limacinum<\/em>), kuivattu kamomilla (0,5 %), kivenn\u00e4isaineet, kuivattu tyrni (0,3 %), kuivatut karpalot (0,2 %), frukto-oligosakkaridit (0,015 %), mannan-oligosakkaridit (0,015 %), Mojave-jukka (0,008 %), <em>Lactobacillus acidophilus<\/em> HA \u2013 122 inaktivoitu (15&#215;10\u2079 solua\/kg).<\/p>\n<p><strong>Analyyttiset ainesosat:<\/strong><br \/>\nRaakaproteiini 31,0 %, raakarasva 16,0 %, raakakuitu 4,0 %, raakatuhka 8,5 %, kosteus 10,0 %, omega-3 1,2 %, omega-6 2,0 %, kalsium 1,1 %, fosfori 0,9 %, natrium 0,9 %, magnesium 0,1 %.<\/p>\n<p><strong>Ravintoainekoostumus:<\/strong><br \/>\nA-vitamiini (3a672a) 20 000 KY, D3-vitamiini (E671) 800 KY, E-vitamiini (3a700) 600 mg, C-vitamiini (3a312) 300 mg, tauriini (3a370) 2 500 mg, L-karnitiini (3a910) 50 mg, koliinikloridi (3a890) 2 500 mg, biotiini (3a880) 2 mg, B1-vitamiini (3a821) 10 mg, B2-vitamiini 12 mg, niasiiniamidi (3a315) 50 mg, kalsium-D-pantotenaatti (3a841) 40 mg, B6-vitamiini (3a831) 10 mg, foolihappo (3a316) 2 mg, B12-vitamiini 0,04 mg, sinkki (3b606) 120 mg, rauta (3b106) 45 mg, mangaani (3b504) 55 mg, kaliumjodidi (3b201) 4 mg, kupari (3b406) 10 mg, seleeni (3b810) 0,2 mg, L-metioniini (3c305) 2 000 mg.<\/p>\n<p>Sis\u00e4lt\u00e4\u00e4 EU:ssa hyv\u00e4ksyttyj\u00e4 luonnollisia antioksidantteja: tokoferoliuutteita kasvi\u00f6ljyst\u00e4 (1b306), askorbyylipalmitaattia (1b304) ja rosmariiniuuttetta.<\/p>\n<p><strong>Metabolinen energia:<\/strong> 3 720 kcal\/kg.<\/p>\n","protected":false},"featured_media":30282,"template":"","meta":[],"product_brand":[],"product_cat":[255],"product_tag":[],"class_list":{"0":"post-30576","1":"product","2":"type-product","3":"status-publish","4":"has-post-thumbnail","6":"product_cat-kuiva-ruoka","8":"first","9":"instock","10":"taxable","11":"shipping-taxable","12":"purchasable","13":"product-type-simple"},"yoast_head":"<!-- This site is optimized with the Yoast SEO plugin v27.4 - https:\/\/yoast.com\/product\/yoast-seo-wordpress\/ -->\n<title>Brit Care Hiustenhoitoaine lohella ja kanalla, viljaton 7kg - MiuMjau<\/title>\n<meta name=\"description\" content=\"Brit Caren viljaton kuivaruoka kissoille on laadukasta ja todella herkullista. Huolellisesti valitut, laadukkaat ainesosat terveelle ja kauniille kissallesi.\" \/>\n<meta name=\"robots\" content=\"index, follow, max-snippet:-1, max-image-preview:large, max-video-preview:-1\" \/>\n<link rel=\"canonical\" href=\"https:\/\/miumjau.ee\/fi\/tuote\/brit-care-hiustenhoitoaine-lohella-ja-kanalla-viljaton-7kg\/\" \/>\n<meta property=\"og:locale\" content=\"fi_FI\" \/>\n<meta property=\"og:type\" content=\"article\" \/>\n<meta property=\"og:title\" content=\"Brit Care Hiustenhoitoaine lohella ja kanalla, viljaton 7kg - MiuMjau\" \/>\n<meta property=\"og:description\" content=\"Brit Caren viljaton kuivaruoka kissoille on laadukasta ja todella herkullista. Huolellisesti valitut, laadukkaat ainesosat terveelle ja kauniille kissallesi.\" \/>\n<meta property=\"og:url\" content=\"https:\/\/miumjau.ee\/fi\/tuote\/brit-care-hiustenhoitoaine-lohella-ja-kanalla-viljaton-7kg\/\" \/>\n<meta property=\"og:site_name\" content=\"MiuMjau\" \/>\n<meta property=\"article:publisher\" content=\"https:\/\/www.facebook.com\/miumjaupood\/\" \/>\n<meta property=\"article:modified_time\" content=\"2026-01-07T20:53:06+00:00\" \/>\n<meta property=\"og:image\" content=\"https:\/\/miumjau.ee\/wp-content\/uploads\/2025\/03\/brit-care-kuivtoit-kassidele-7kg2.webp\" \/>\n\t<meta property=\"og:image:width\" content=\"600\" \/>\n\t<meta property=\"og:image:height\" content=\"800\" \/>\n\t<meta property=\"og:image:type\" content=\"image\/webp\" \/>\n<meta name=\"twitter:card\" content=\"summary_large_image\" \/>\n<script type=\"application\/ld+json\" class=\"yoast-schema-graph\">{\"@context\":\"https:\\\/\\\/schema.org\",\"@graph\":[{\"@type\":\"WebPage\",\"@id\":\"https:\\\/\\\/miumjau.ee\\\/fi\\\/tuote\\\/brit-care-hiustenhoitoaine-lohella-ja-kanalla-viljaton-7kg\\\/\",\"url\":\"https:\\\/\\\/miumjau.ee\\\/fi\\\/tuote\\\/brit-care-hiustenhoitoaine-lohella-ja-kanalla-viljaton-7kg\\\/\",\"name\":\"Brit Care Hiustenhoitoaine lohella ja kanalla, viljaton 7kg - MiuMjau\",\"isPartOf\":{\"@id\":\"https:\\\/\\\/miumjau.ee\\\/#website\"},\"primaryImageOfPage\":{\"@id\":\"https:\\\/\\\/miumjau.ee\\\/fi\\\/tuote\\\/brit-care-hiustenhoitoaine-lohella-ja-kanalla-viljaton-7kg\\\/#primaryimage\"},\"image\":{\"@id\":\"https:\\\/\\\/miumjau.ee\\\/fi\\\/tuote\\\/brit-care-hiustenhoitoaine-lohella-ja-kanalla-viljaton-7kg\\\/#primaryimage\"},\"thumbnailUrl\":\"https:\\\/\\\/miumjau.ee\\\/wp-content\\\/uploads\\\/2025\\\/03\\\/brit-care-kuivtoit-kassidele-7kg2.webp\",\"datePublished\":\"2025-03-24T07:29:16+00:00\",\"dateModified\":\"2026-01-07T20:53:06+00:00\",\"description\":\"Brit Caren viljaton kuivaruoka kissoille on laadukasta ja todella herkullista. Huolellisesti valitut, laadukkaat ainesosat terveelle ja kauniille kissallesi.\",\"breadcrumb\":{\"@id\":\"https:\\\/\\\/miumjau.ee\\\/fi\\\/tuote\\\/brit-care-hiustenhoitoaine-lohella-ja-kanalla-viljaton-7kg\\\/#breadcrumb\"},\"inLanguage\":\"fi\",\"potentialAction\":[{\"@type\":\"ReadAction\",\"target\":[\"https:\\\/\\\/miumjau.ee\\\/fi\\\/tuote\\\/brit-care-hiustenhoitoaine-lohella-ja-kanalla-viljaton-7kg\\\/\"]}]},{\"@type\":\"ImageObject\",\"inLanguage\":\"fi\",\"@id\":\"https:\\\/\\\/miumjau.ee\\\/fi\\\/tuote\\\/brit-care-hiustenhoitoaine-lohella-ja-kanalla-viljaton-7kg\\\/#primaryimage\",\"url\":\"https:\\\/\\\/miumjau.ee\\\/wp-content\\\/uploads\\\/2025\\\/03\\\/brit-care-kuivtoit-kassidele-7kg2.webp\",\"contentUrl\":\"https:\\\/\\\/miumjau.ee\\\/wp-content\\\/uploads\\\/2025\\\/03\\\/brit-care-kuivtoit-kassidele-7kg2.webp\",\"width\":600,\"height\":800,\"caption\":\"Brit Care kuivtoit kassidele\"},{\"@type\":\"BreadcrumbList\",\"@id\":\"https:\\\/\\\/miumjau.ee\\\/fi\\\/tuote\\\/brit-care-hiustenhoitoaine-lohella-ja-kanalla-viljaton-7kg\\\/#breadcrumb\",\"itemListElement\":[{\"@type\":\"ListItem\",\"position\":1,\"name\":\"Home\",\"item\":\"https:\\\/\\\/miumjau.ee\\\/fi\\\/\"},{\"@type\":\"ListItem\",\"position\":2,\"name\":\"Kauppa\",\"item\":\"https:\\\/\\\/miumjau.ee\\\/fi\\\/kauppa\\\/\"},{\"@type\":\"ListItem\",\"position\":3,\"name\":\"Brit Care Hiustenhoitoaine lohella ja kanalla, viljaton 7kg\"}]},{\"@type\":\"WebSite\",\"@id\":\"https:\\\/\\\/miumjau.ee\\\/#website\",\"url\":\"https:\\\/\\\/miumjau.ee\\\/\",\"name\":\"MiuMjau\",\"description\":\"Kraapimispuud kassidele\",\"publisher\":{\"@id\":\"https:\\\/\\\/miumjau.ee\\\/#organization\"},\"potentialAction\":[{\"@type\":\"SearchAction\",\"target\":{\"@type\":\"EntryPoint\",\"urlTemplate\":\"https:\\\/\\\/miumjau.ee\\\/?s={search_term_string}\"},\"query-input\":{\"@type\":\"PropertyValueSpecification\",\"valueRequired\":true,\"valueName\":\"search_term_string\"}}],\"inLanguage\":\"fi\"},{\"@type\":\"Organization\",\"@id\":\"https:\\\/\\\/miumjau.ee\\\/#organization\",\"name\":\"MiuMjau O\u00dc\",\"url\":\"https:\\\/\\\/miumjau.ee\\\/\",\"logo\":{\"@type\":\"ImageObject\",\"inLanguage\":\"fi\",\"@id\":\"https:\\\/\\\/miumjau.ee\\\/#\\\/schema\\\/logo\\\/image\\\/\",\"url\":\"https:\\\/\\\/miumjau.ee\\\/wp-content\\\/uploads\\\/2022\\\/04\\\/MiuMjau-logo-kollane.png\",\"contentUrl\":\"https:\\\/\\\/miumjau.ee\\\/wp-content\\\/uploads\\\/2022\\\/04\\\/MiuMjau-logo-kollane.png\",\"width\":219,\"height\":100,\"caption\":\"MiuMjau O\u00dc\"},\"image\":{\"@id\":\"https:\\\/\\\/miumjau.ee\\\/#\\\/schema\\\/logo\\\/image\\\/\"},\"sameAs\":[\"https:\\\/\\\/www.facebook.com\\\/miumjaupood\\\/\"]}]}<\/script>\n<!-- \/ Yoast SEO plugin. -->","yoast_head_json":{"title":"Brit Care Hiustenhoitoaine lohella ja kanalla, viljaton 7kg - MiuMjau","description":"Brit Caren viljaton kuivaruoka kissoille on laadukasta ja todella herkullista. Huolellisesti valitut, laadukkaat ainesosat terveelle ja kauniille kissallesi.","robots":{"index":"index","follow":"follow","max-snippet":"max-snippet:-1","max-image-preview":"max-image-preview:large","max-video-preview":"max-video-preview:-1"},"canonical":"https:\/\/miumjau.ee\/fi\/tuote\/brit-care-hiustenhoitoaine-lohella-ja-kanalla-viljaton-7kg\/","og_locale":"fi_FI","og_type":"article","og_title":"Brit Care Hiustenhoitoaine lohella ja kanalla, viljaton 7kg - MiuMjau","og_description":"Brit Caren viljaton kuivaruoka kissoille on laadukasta ja todella herkullista. Huolellisesti valitut, laadukkaat ainesosat terveelle ja kauniille kissallesi.","og_url":"https:\/\/miumjau.ee\/fi\/tuote\/brit-care-hiustenhoitoaine-lohella-ja-kanalla-viljaton-7kg\/","og_site_name":"MiuMjau","article_publisher":"https:\/\/www.facebook.com\/miumjaupood\/","article_modified_time":"2026-01-07T20:53:06+00:00","og_image":[{"width":600,"height":800,"url":"https:\/\/miumjau.ee\/wp-content\/uploads\/2025\/03\/brit-care-kuivtoit-kassidele-7kg2.webp","type":"image\/webp"}],"twitter_card":"summary_large_image","schema":{"@context":"https:\/\/schema.org","@graph":[{"@type":"WebPage","@id":"https:\/\/miumjau.ee\/fi\/tuote\/brit-care-hiustenhoitoaine-lohella-ja-kanalla-viljaton-7kg\/","url":"https:\/\/miumjau.ee\/fi\/tuote\/brit-care-hiustenhoitoaine-lohella-ja-kanalla-viljaton-7kg\/","name":"Brit Care Hiustenhoitoaine lohella ja kanalla, viljaton 7kg - MiuMjau","isPartOf":{"@id":"https:\/\/miumjau.ee\/#website"},"primaryImageOfPage":{"@id":"https:\/\/miumjau.ee\/fi\/tuote\/brit-care-hiustenhoitoaine-lohella-ja-kanalla-viljaton-7kg\/#primaryimage"},"image":{"@id":"https:\/\/miumjau.ee\/fi\/tuote\/brit-care-hiustenhoitoaine-lohella-ja-kanalla-viljaton-7kg\/#primaryimage"},"thumbnailUrl":"https:\/\/miumjau.ee\/wp-content\/uploads\/2025\/03\/brit-care-kuivtoit-kassidele-7kg2.webp","datePublished":"2025-03-24T07:29:16+00:00","dateModified":"2026-01-07T20:53:06+00:00","description":"Brit Caren viljaton kuivaruoka kissoille on laadukasta ja todella herkullista. Huolellisesti valitut, laadukkaat ainesosat terveelle ja kauniille kissallesi.","breadcrumb":{"@id":"https:\/\/miumjau.ee\/fi\/tuote\/brit-care-hiustenhoitoaine-lohella-ja-kanalla-viljaton-7kg\/#breadcrumb"},"inLanguage":"fi","potentialAction":[{"@type":"ReadAction","target":["https:\/\/miumjau.ee\/fi\/tuote\/brit-care-hiustenhoitoaine-lohella-ja-kanalla-viljaton-7kg\/"]}]},{"@type":"ImageObject","inLanguage":"fi","@id":"https:\/\/miumjau.ee\/fi\/tuote\/brit-care-hiustenhoitoaine-lohella-ja-kanalla-viljaton-7kg\/#primaryimage","url":"https:\/\/miumjau.ee\/wp-content\/uploads\/2025\/03\/brit-care-kuivtoit-kassidele-7kg2.webp","contentUrl":"https:\/\/miumjau.ee\/wp-content\/uploads\/2025\/03\/brit-care-kuivtoit-kassidele-7kg2.webp","width":600,"height":800,"caption":"Brit Care kuivtoit kassidele"},{"@type":"BreadcrumbList","@id":"https:\/\/miumjau.ee\/fi\/tuote\/brit-care-hiustenhoitoaine-lohella-ja-kanalla-viljaton-7kg\/#breadcrumb","itemListElement":[{"@type":"ListItem","position":1,"name":"Home","item":"https:\/\/miumjau.ee\/fi\/"},{"@type":"ListItem","position":2,"name":"Kauppa","item":"https:\/\/miumjau.ee\/fi\/kauppa\/"},{"@type":"ListItem","position":3,"name":"Brit Care Hiustenhoitoaine lohella ja kanalla, viljaton 7kg"}]},{"@type":"WebSite","@id":"https:\/\/miumjau.ee\/#website","url":"https:\/\/miumjau.ee\/","name":"MiuMjau","description":"Kraapimispuud kassidele","publisher":{"@id":"https:\/\/miumjau.ee\/#organization"},"potentialAction":[{"@type":"SearchAction","target":{"@type":"EntryPoint","urlTemplate":"https:\/\/miumjau.ee\/?s={search_term_string}"},"query-input":{"@type":"PropertyValueSpecification","valueRequired":true,"valueName":"search_term_string"}}],"inLanguage":"fi"},{"@type":"Organization","@id":"https:\/\/miumjau.ee\/#organization","name":"MiuMjau O\u00dc","url":"https:\/\/miumjau.ee\/","logo":{"@type":"ImageObject","inLanguage":"fi","@id":"https:\/\/miumjau.ee\/#\/schema\/logo\/image\/","url":"https:\/\/miumjau.ee\/wp-content\/uploads\/2022\/04\/MiuMjau-logo-kollane.png","contentUrl":"https:\/\/miumjau.ee\/wp-content\/uploads\/2022\/04\/MiuMjau-logo-kollane.png","width":219,"height":100,"caption":"MiuMjau O\u00dc"},"image":{"@id":"https:\/\/miumjau.ee\/#\/schema\/logo\/image\/"},"sameAs":["https:\/\/www.facebook.com\/miumjaupood\/"]}]}},"_links":{"self":[{"href":"https:\/\/miumjau.ee\/fi\/wp-json\/wp\/v2\/product\/30576","targetHints":{"allow":["GET"]}}],"collection":[{"href":"https:\/\/miumjau.ee\/fi\/wp-json\/wp\/v2\/product"}],"about":[{"href":"https:\/\/miumjau.ee\/fi\/wp-json\/wp\/v2\/types\/product"}],"wp:featuredmedia":[{"embeddable":true,"href":"https:\/\/miumjau.ee\/fi\/wp-json\/wp\/v2\/media\/30282"}],"wp:attachment":[{"href":"https:\/\/miumjau.ee\/fi\/wp-json\/wp\/v2\/media?parent=30576"}],"wp:term":[{"taxonomy":"product_brand","embeddable":true,"href":"https:\/\/miumjau.ee\/fi\/wp-json\/wp\/v2\/product_brand?post=30576"},{"taxonomy":"product_cat","embeddable":true,"href":"https:\/\/miumjau.ee\/fi\/wp-json\/wp\/v2\/product_cat?post=30576"},{"taxonomy":"product_tag","embeddable":true,"href":"https:\/\/miumjau.ee\/fi\/wp-json\/wp\/v2\/product_tag?post=30576"}],"curies":[{"name":"wp","href":"https:\/\/api.w.org\/{rel}","templated":true}]}}