{"id":30254,"date":"2024-08-10T10:18:04","date_gmt":"2024-08-10T07:18:04","guid":{"rendered":"https:\/\/miumjau.ee\/toode\/kissanhiekkalaatikko-primal-sininen\/"},"modified":"2026-01-07T22:53:12","modified_gmt":"2026-01-07T20:53:12","slug":"kissanhiekkalaatikko-primal-sininen","status":"publish","type":"product","link":"https:\/\/miumjau.ee\/fi\/tuote\/kissanhiekkalaatikko-primal-sininen\/","title":{"rendered":"Kissanhiekkalaatikko Primal, sininen"},"content":{"rendered":"","protected":false},"excerpt":{"rendered":"<p>Kissat kesytettiin noin 9500 vuotta sitten. T\u00e4m\u00e4n lajienv\u00e4lisen yst\u00e4vyyden alusta l\u00e4htien olemme pyrkineet tekem\u00e4\u00e4n yhteisel\u00e4m\u00e4st\u00e4mme kissojen kanssa mukavampaa. <strong>Yksi merkitt\u00e4vimmist\u00e4 keksinn\u00f6ist\u00e4, joka lis\u00e4si sek\u00e4 ihmisten ett\u00e4 kissojen mukavuutta, oli kissanvessa.<\/strong> Yksinkertainen laatikko, joka oli t\u00e4ytetty hiekalla tai sahanpurulla, helpotti kissan p\u00e4ivitt\u00e4isi\u00e4 tarpeita kotona ilman ihmisen v\u00e4liintuloa.<\/p>\n<p>Vuosien varrella t\u00e4m\u00e4 tuote on saanut erilaisia muotoja ja v\u00e4rej\u00e4, ja sit\u00e4 on paranneltu erilaisilla lis\u00e4toiminnoilla, mutta sen perusfunktio on pysynyt samana.<\/p>\n<p><strong>Happet Primal \u2013 avoin kissanvessa lapion kanssa<\/strong><\/p>\n<p>Matala reuna helpottaa k\u00e4ytt\u00f6\u00e4 sek\u00e4 kissanpennuille ett\u00e4 i\u00e4kk\u00e4ille kissoille. Yl\u00e4reunus est\u00e4\u00e4 hiekan levi\u00e4mist\u00e4 ymp\u00e4rist\u00f6\u00f6n.<\/p>\n<p><strong>Ominaisuudet:<\/strong><\/p>\n<ul>\n<li><strong>Materiaali:<\/strong> muovi<\/li>\n<li><strong>Pituus:<\/strong> 50 cm<\/li>\n<li><strong>Leveys:<\/strong> 38 cm<\/li>\n<li><strong>Korkeus:<\/strong> 15 cm<\/li>\n<li><strong>Paino:<\/strong> 0,64 kg<\/li>\n<li><strong>Paketin mitat:<\/strong> 51 x 38 x 14 cm<\/li>\n<\/ul>\n<p>\u2705 <strong>Saatavilla heti varastossa!<\/strong><\/p>\n","protected":false},"featured_media":15532,"template":"","meta":[],"product_brand":[],"product_cat":[287],"product_tag":[],"class_list":{"0":"post-30254","1":"product","2":"type-product","3":"status-publish","4":"has-post-thumbnail","6":"product_cat-hiekkalaatikot","8":"first","9":"instock","10":"sale","11":"taxable","12":"shipping-taxable","13":"purchasable","14":"product-type-simple"},"yoast_head":"<!-- This site is optimized with the Yoast SEO plugin v27.2 - https:\/\/yoast.com\/product\/yoast-seo-wordpress\/ -->\n<title>Kissanhiekkalaatikko Primal, sininen - MiuMjau<\/title>\n<meta name=\"description\" content=\"Happet Primal kissanhiekkalaatikko kauhalla on varustettu kehyksell\u00e4 ja erityisell\u00e4 sis\u00e4\u00e4nk\u00e4ynnill\u00e4 pienille kissoille ja i\u00e4kk\u00e4ille kissoille.\" \/>\n<meta name=\"robots\" content=\"index, follow, max-snippet:-1, max-image-preview:large, max-video-preview:-1\" \/>\n<link rel=\"canonical\" href=\"https:\/\/miumjau.ee\/fi\/tuote\/kissanhiekkalaatikko-primal-sininen\/\" \/>\n<meta property=\"og:locale\" content=\"fi_FI\" \/>\n<meta property=\"og:type\" content=\"article\" \/>\n<meta property=\"og:title\" content=\"Kissanhiekkalaatikko Primal, sininen - MiuMjau\" \/>\n<meta property=\"og:description\" content=\"Happet Primal kissanhiekkalaatikko kauhalla on varustettu kehyksell\u00e4 ja erityisell\u00e4 sis\u00e4\u00e4nk\u00e4ynnill\u00e4 pienille kissoille ja i\u00e4kk\u00e4ille kissoille.\" \/>\n<meta property=\"og:url\" content=\"https:\/\/miumjau.ee\/fi\/tuote\/kissanhiekkalaatikko-primal-sininen\/\" \/>\n<meta property=\"og:site_name\" content=\"MiuMjau\" \/>\n<meta property=\"article:publisher\" content=\"https:\/\/www.facebook.com\/miumjaupood\/\" \/>\n<meta property=\"article:modified_time\" content=\"2026-01-07T20:53:12+00:00\" \/>\n<meta property=\"og:image\" content=\"https:\/\/miumjau.ee\/wp-content\/uploads\/2024\/08\/kassi-liivakast-51x38-cm-primal-sinine-1.jpg\" \/>\n\t<meta property=\"og:image:width\" content=\"600\" \/>\n\t<meta property=\"og:image:height\" content=\"800\" \/>\n\t<meta property=\"og:image:type\" content=\"image\/jpeg\" \/>\n<meta name=\"twitter:card\" content=\"summary_large_image\" \/>\n<script type=\"application\/ld+json\" class=\"yoast-schema-graph\">{\"@context\":\"https:\/\/schema.org\",\"@graph\":[{\"@type\":\"WebPage\",\"@id\":\"https:\/\/miumjau.ee\/fi\/tuote\/kissanhiekkalaatikko-primal-sininen\/\",\"url\":\"https:\/\/miumjau.ee\/fi\/tuote\/kissanhiekkalaatikko-primal-sininen\/\",\"name\":\"Kissanhiekkalaatikko Primal, sininen - MiuMjau\",\"isPartOf\":{\"@id\":\"https:\/\/miumjau.ee\/#website\"},\"primaryImageOfPage\":{\"@id\":\"https:\/\/miumjau.ee\/fi\/tuote\/kissanhiekkalaatikko-primal-sininen\/#primaryimage\"},\"image\":{\"@id\":\"https:\/\/miumjau.ee\/fi\/tuote\/kissanhiekkalaatikko-primal-sininen\/#primaryimage\"},\"thumbnailUrl\":\"https:\/\/miumjau.ee\/wp-content\/uploads\/2024\/08\/kassi-liivakast-51x38-cm-primal-sinine-1.jpg\",\"datePublished\":\"2024-08-10T07:18:04+00:00\",\"dateModified\":\"2026-01-07T20:53:12+00:00\",\"description\":\"Happet Primal kissanhiekkalaatikko kauhalla on varustettu kehyksell\u00e4 ja erityisell\u00e4 sis\u00e4\u00e4nk\u00e4ynnill\u00e4 pienille kissoille ja i\u00e4kk\u00e4ille kissoille.\",\"breadcrumb\":{\"@id\":\"https:\/\/miumjau.ee\/fi\/tuote\/kissanhiekkalaatikko-primal-sininen\/#breadcrumb\"},\"inLanguage\":\"fi\",\"potentialAction\":[{\"@type\":\"ReadAction\",\"target\":[\"https:\/\/miumjau.ee\/fi\/tuote\/kissanhiekkalaatikko-primal-sininen\/\"]}]},{\"@type\":\"ImageObject\",\"inLanguage\":\"fi\",\"@id\":\"https:\/\/miumjau.ee\/fi\/tuote\/kissanhiekkalaatikko-primal-sininen\/#primaryimage\",\"url\":\"https:\/\/miumjau.ee\/wp-content\/uploads\/2024\/08\/kassi-liivakast-51x38-cm-primal-sinine-1.jpg\",\"contentUrl\":\"https:\/\/miumjau.ee\/wp-content\/uploads\/2024\/08\/kassi-liivakast-51x38-cm-primal-sinine-1.jpg\",\"width\":600,\"height\":800,\"caption\":\"Kassi liivakast Primal, sinine\"},{\"@type\":\"BreadcrumbList\",\"@id\":\"https:\/\/miumjau.ee\/fi\/tuote\/kissanhiekkalaatikko-primal-sininen\/#breadcrumb\",\"itemListElement\":[{\"@type\":\"ListItem\",\"position\":1,\"name\":\"Home\",\"item\":\"https:\/\/miumjau.ee\/fi\/\"},{\"@type\":\"ListItem\",\"position\":2,\"name\":\"Kauppa\",\"item\":\"https:\/\/miumjau.ee\/fi\/kauppa\/\"},{\"@type\":\"ListItem\",\"position\":3,\"name\":\"Kissanhiekkalaatikko Primal, sininen\"}]},{\"@type\":\"WebSite\",\"@id\":\"https:\/\/miumjau.ee\/#website\",\"url\":\"https:\/\/miumjau.ee\/\",\"name\":\"MiuMjau\",\"description\":\"Kraapimispuud kassidele\",\"publisher\":{\"@id\":\"https:\/\/miumjau.ee\/#organization\"},\"potentialAction\":[{\"@type\":\"SearchAction\",\"target\":{\"@type\":\"EntryPoint\",\"urlTemplate\":\"https:\/\/miumjau.ee\/?s={search_term_string}\"},\"query-input\":{\"@type\":\"PropertyValueSpecification\",\"valueRequired\":true,\"valueName\":\"search_term_string\"}}],\"inLanguage\":\"fi\"},{\"@type\":\"Organization\",\"@id\":\"https:\/\/miumjau.ee\/#organization\",\"name\":\"MiuMjau O\u00dc\",\"url\":\"https:\/\/miumjau.ee\/\",\"logo\":{\"@type\":\"ImageObject\",\"inLanguage\":\"fi\",\"@id\":\"https:\/\/miumjau.ee\/#\/schema\/logo\/image\/\",\"url\":\"https:\/\/miumjau.ee\/wp-content\/uploads\/2022\/04\/MiuMjau-logo-kollane.png\",\"contentUrl\":\"https:\/\/miumjau.ee\/wp-content\/uploads\/2022\/04\/MiuMjau-logo-kollane.png\",\"width\":219,\"height\":100,\"caption\":\"MiuMjau O\u00dc\"},\"image\":{\"@id\":\"https:\/\/miumjau.ee\/#\/schema\/logo\/image\/\"},\"sameAs\":[\"https:\/\/www.facebook.com\/miumjaupood\/\"]}]}<\/script>\n<!-- \/ Yoast SEO plugin. -->","yoast_head_json":{"title":"Kissanhiekkalaatikko Primal, sininen - MiuMjau","description":"Happet Primal kissanhiekkalaatikko kauhalla on varustettu kehyksell\u00e4 ja erityisell\u00e4 sis\u00e4\u00e4nk\u00e4ynnill\u00e4 pienille kissoille ja i\u00e4kk\u00e4ille kissoille.","robots":{"index":"index","follow":"follow","max-snippet":"max-snippet:-1","max-image-preview":"max-image-preview:large","max-video-preview":"max-video-preview:-1"},"canonical":"https:\/\/miumjau.ee\/fi\/tuote\/kissanhiekkalaatikko-primal-sininen\/","og_locale":"fi_FI","og_type":"article","og_title":"Kissanhiekkalaatikko Primal, sininen - MiuMjau","og_description":"Happet Primal kissanhiekkalaatikko kauhalla on varustettu kehyksell\u00e4 ja erityisell\u00e4 sis\u00e4\u00e4nk\u00e4ynnill\u00e4 pienille kissoille ja i\u00e4kk\u00e4ille kissoille.","og_url":"https:\/\/miumjau.ee\/fi\/tuote\/kissanhiekkalaatikko-primal-sininen\/","og_site_name":"MiuMjau","article_publisher":"https:\/\/www.facebook.com\/miumjaupood\/","article_modified_time":"2026-01-07T20:53:12+00:00","og_image":[{"width":600,"height":800,"url":"https:\/\/miumjau.ee\/wp-content\/uploads\/2024\/08\/kassi-liivakast-51x38-cm-primal-sinine-1.jpg","type":"image\/jpeg"}],"twitter_card":"summary_large_image","schema":{"@context":"https:\/\/schema.org","@graph":[{"@type":"WebPage","@id":"https:\/\/miumjau.ee\/fi\/tuote\/kissanhiekkalaatikko-primal-sininen\/","url":"https:\/\/miumjau.ee\/fi\/tuote\/kissanhiekkalaatikko-primal-sininen\/","name":"Kissanhiekkalaatikko Primal, sininen - MiuMjau","isPartOf":{"@id":"https:\/\/miumjau.ee\/#website"},"primaryImageOfPage":{"@id":"https:\/\/miumjau.ee\/fi\/tuote\/kissanhiekkalaatikko-primal-sininen\/#primaryimage"},"image":{"@id":"https:\/\/miumjau.ee\/fi\/tuote\/kissanhiekkalaatikko-primal-sininen\/#primaryimage"},"thumbnailUrl":"https:\/\/miumjau.ee\/wp-content\/uploads\/2024\/08\/kassi-liivakast-51x38-cm-primal-sinine-1.jpg","datePublished":"2024-08-10T07:18:04+00:00","dateModified":"2026-01-07T20:53:12+00:00","description":"Happet Primal kissanhiekkalaatikko kauhalla on varustettu kehyksell\u00e4 ja erityisell\u00e4 sis\u00e4\u00e4nk\u00e4ynnill\u00e4 pienille kissoille ja i\u00e4kk\u00e4ille kissoille.","breadcrumb":{"@id":"https:\/\/miumjau.ee\/fi\/tuote\/kissanhiekkalaatikko-primal-sininen\/#breadcrumb"},"inLanguage":"fi","potentialAction":[{"@type":"ReadAction","target":["https:\/\/miumjau.ee\/fi\/tuote\/kissanhiekkalaatikko-primal-sininen\/"]}]},{"@type":"ImageObject","inLanguage":"fi","@id":"https:\/\/miumjau.ee\/fi\/tuote\/kissanhiekkalaatikko-primal-sininen\/#primaryimage","url":"https:\/\/miumjau.ee\/wp-content\/uploads\/2024\/08\/kassi-liivakast-51x38-cm-primal-sinine-1.jpg","contentUrl":"https:\/\/miumjau.ee\/wp-content\/uploads\/2024\/08\/kassi-liivakast-51x38-cm-primal-sinine-1.jpg","width":600,"height":800,"caption":"Kassi liivakast Primal, sinine"},{"@type":"BreadcrumbList","@id":"https:\/\/miumjau.ee\/fi\/tuote\/kissanhiekkalaatikko-primal-sininen\/#breadcrumb","itemListElement":[{"@type":"ListItem","position":1,"name":"Home","item":"https:\/\/miumjau.ee\/fi\/"},{"@type":"ListItem","position":2,"name":"Kauppa","item":"https:\/\/miumjau.ee\/fi\/kauppa\/"},{"@type":"ListItem","position":3,"name":"Kissanhiekkalaatikko Primal, sininen"}]},{"@type":"WebSite","@id":"https:\/\/miumjau.ee\/#website","url":"https:\/\/miumjau.ee\/","name":"MiuMjau","description":"Kraapimispuud kassidele","publisher":{"@id":"https:\/\/miumjau.ee\/#organization"},"potentialAction":[{"@type":"SearchAction","target":{"@type":"EntryPoint","urlTemplate":"https:\/\/miumjau.ee\/?s={search_term_string}"},"query-input":{"@type":"PropertyValueSpecification","valueRequired":true,"valueName":"search_term_string"}}],"inLanguage":"fi"},{"@type":"Organization","@id":"https:\/\/miumjau.ee\/#organization","name":"MiuMjau O\u00dc","url":"https:\/\/miumjau.ee\/","logo":{"@type":"ImageObject","inLanguage":"fi","@id":"https:\/\/miumjau.ee\/#\/schema\/logo\/image\/","url":"https:\/\/miumjau.ee\/wp-content\/uploads\/2022\/04\/MiuMjau-logo-kollane.png","contentUrl":"https:\/\/miumjau.ee\/wp-content\/uploads\/2022\/04\/MiuMjau-logo-kollane.png","width":219,"height":100,"caption":"MiuMjau O\u00dc"},"image":{"@id":"https:\/\/miumjau.ee\/#\/schema\/logo\/image\/"},"sameAs":["https:\/\/www.facebook.com\/miumjaupood\/"]}]}},"_links":{"self":[{"href":"https:\/\/miumjau.ee\/fi\/wp-json\/wp\/v2\/product\/30254","targetHints":{"allow":["GET"]}}],"collection":[{"href":"https:\/\/miumjau.ee\/fi\/wp-json\/wp\/v2\/product"}],"about":[{"href":"https:\/\/miumjau.ee\/fi\/wp-json\/wp\/v2\/types\/product"}],"wp:featuredmedia":[{"embeddable":true,"href":"https:\/\/miumjau.ee\/fi\/wp-json\/wp\/v2\/media\/15532"}],"wp:attachment":[{"href":"https:\/\/miumjau.ee\/fi\/wp-json\/wp\/v2\/media?parent=30254"}],"wp:term":[{"taxonomy":"product_brand","embeddable":true,"href":"https:\/\/miumjau.ee\/fi\/wp-json\/wp\/v2\/product_brand?post=30254"},{"taxonomy":"product_cat","embeddable":true,"href":"https:\/\/miumjau.ee\/fi\/wp-json\/wp\/v2\/product_cat?post=30254"},{"taxonomy":"product_tag","embeddable":true,"href":"https:\/\/miumjau.ee\/fi\/wp-json\/wp\/v2\/product_tag?post=30254"}],"curies":[{"name":"wp","href":"https:\/\/api.w.org\/{rel}","templated":true}]}}