{"id":30249,"date":"2024-08-10T15:12:05","date_gmt":"2024-08-10T12:12:05","guid":{"rendered":"https:\/\/miumjau.ee\/toode\/matatabi-kissanminttupallo-kissoille\/"},"modified":"2026-01-07T22:53:12","modified_gmt":"2026-01-07T20:53:12","slug":"matatabi-kissanminttupallo-kissoille","status":"publish","type":"product","link":"https:\/\/miumjau.ee\/fi\/tuote\/matatabi-kissanminttupallo-kissoille\/","title":{"rendered":"Matatabi-kissanminttupallo kissoille"},"content":{"rendered":"","protected":false},"excerpt":{"rendered":"<p data-start=\"0\" data-end=\"68\"><strong data-start=\"4\" data-end=\"66\">Matatabi-catnip-lelu kissoille \u2013 vastustamaton yhdistelm\u00e4!<\/strong><\/p>\n<p class=\"\" data-start=\"70\" data-end=\"519\">Kissoille sopimattomien lelujen ostaminen voi olla turhauttavaa. Kaikki kissat eiv\u00e4t rakasta kaikkia leluja. <strong data-start=\"179\" data-end=\"207\">Mutta t\u00e4m\u00e4n voi v\u00e4ltt\u00e4\u00e4!<\/strong> K\u00e4yt\u00e4 <strong data-start=\"214\" data-end=\"239\">matatabia ja catnipi\u00e4<\/strong> \u2013 molemmat kasvit sis\u00e4lt\u00e4v\u00e4t aineita, jotka ovat kissoille uskomattoman houkuttelevia. Ne voivat aiheuttaa sek\u00e4 innostusta ett\u00e4 rentoutumisen tunnetta. <strong data-start=\"392\" data-end=\"417\">Matatabi-catnip-lelut<\/strong> ovat t\u00e4ydellinen tapa torjua kissojen tylsyytt\u00e4 ja aktivoida sohvalla loikoilevia laiskottelijoita.<\/p>\n<p class=\"\" data-start=\"521\" data-end=\"715\"><strong data-start=\"521\" data-end=\"579\">Matatabi-catnip-lelu sopii jokaiselle kotitiikerille!<\/strong> Se on terveellisempi vaihtoehto jatkuvalle loikoilulle sohvalla. Kissasi tarvitsee liikuntaa pysy\u00e4kseen terveen\u00e4 ja hyv\u00e4ss\u00e4 kunnossa.<\/p>\n<p class=\"\" data-start=\"717\" data-end=\"913\">\u2714 <strong data-start=\"719\" data-end=\"775\">Kannustaa lemmikki\u00e4 leikkim\u00e4\u00e4n ja olemaan aktiivinen<\/strong><br data-start=\"775\" data-end=\"778\" \/>\u2714 <strong data-start=\"780\" data-end=\"814\">V\u00e4hent\u00e4\u00e4 tylsyytt\u00e4 ja stressi\u00e4<\/strong><br data-start=\"814\" data-end=\"817\" \/>\u2714 <strong data-start=\"819\" data-end=\"854\">Monipuolistaa kissan ymp\u00e4rist\u00f6\u00e4<\/strong><br data-start=\"854\" data-end=\"857\" \/>\u2714 <strong data-start=\"859\" data-end=\"911\">Valmistettu t\u00e4ysin luonnollisista materiaaleista<\/strong><\/p>\n<p class=\"\" data-start=\"915\" data-end=\"1154\"><strong data-start=\"915\" data-end=\"962\">Yksik\u00e4\u00e4n kissa ei voi vastustaa t\u00e4t\u00e4 lelua!<\/strong> K\u00e4yt\u00e4 palloa monipuolistamaan kissasi ymp\u00e4rist\u00f6\u00e4 ja rohkaise sit\u00e4 viett\u00e4m\u00e4\u00e4n aikaa hauskasti. <strong data-start=\"1057\" data-end=\"1152\">Se on valmistettu t\u00e4ysin luonnollisista materiaaleista \u2013 vastustamaton jokaiselle kissalle!<\/strong><\/p>\n<p class=\"\" data-start=\"1156\" data-end=\"1300\"><strong data-start=\"1156\" data-end=\"1230\">Matatabin ja catnipin yhdistelm\u00e4 tekee t\u00e4st\u00e4 lelusta vastustamattoman!<\/strong> Molemmat kasvit stimuloivat kissoja ja innostavat niit\u00e4 leikkim\u00e4\u00e4n.<\/p>\n<p class=\"\" data-start=\"1302\" data-end=\"1371\">\ud83d\udccf <strong data-start=\"1305\" data-end=\"1326\">Lelun halkaisija:<\/strong> 7,5\u20138 cm<br data-start=\"1335\" data-end=\"1338\" \/>\u2705 <strong data-start=\"1340\" data-end=\"1371\" data-is-last-node=\"\">Saatavilla heti varastossa!<\/strong><\/p>\n","protected":false},"featured_media":16064,"template":"","meta":[],"product_brand":[],"product_cat":[261],"product_tag":[],"class_list":{"0":"post-30249","1":"product","2":"type-product","3":"status-publish","4":"has-post-thumbnail","6":"product_cat-lelut","8":"first","9":"instock","10":"taxable","11":"shipping-taxable","12":"purchasable","13":"product-type-simple"},"yoast_head":"<!-- This site is optimized with the Yoast SEO plugin v27.2 - https:\/\/yoast.com\/product\/yoast-seo-wordpress\/ -->\n<title>Matatabi-kissanminttupallo kissoille - MiuMjau<\/title>\n<meta name=\"description\" content=\"Happet kissanminttu lelu on hauska ja luonnollinen ja pit\u00e4\u00e4 kissasi aktiivisena. Her\u00e4t\u00e4 suosikkikissasi leikkihalu!\" \/>\n<meta name=\"robots\" content=\"index, follow, max-snippet:-1, max-image-preview:large, max-video-preview:-1\" \/>\n<link rel=\"canonical\" href=\"https:\/\/miumjau.ee\/fi\/tuote\/matatabi-kissanminttupallo-kissoille\/\" \/>\n<meta property=\"og:locale\" content=\"fi_FI\" \/>\n<meta property=\"og:type\" content=\"article\" \/>\n<meta property=\"og:title\" content=\"Matatabi-kissanminttupallo kissoille - MiuMjau\" \/>\n<meta property=\"og:description\" content=\"Happet kissanminttu lelu on hauska ja luonnollinen ja pit\u00e4\u00e4 kissasi aktiivisena. Her\u00e4t\u00e4 suosikkikissasi leikkihalu!\" \/>\n<meta property=\"og:url\" content=\"https:\/\/miumjau.ee\/fi\/tuote\/matatabi-kissanminttupallo-kissoille\/\" \/>\n<meta property=\"og:site_name\" content=\"MiuMjau\" \/>\n<meta property=\"article:publisher\" content=\"https:\/\/www.facebook.com\/miumjaupood\/\" \/>\n<meta property=\"article:modified_time\" content=\"2026-01-07T20:53:12+00:00\" \/>\n<meta property=\"og:image\" content=\"https:\/\/miumjau.ee\/wp-content\/uploads\/2024\/08\/matatabi-catnip-manguasi-kassidele-1.jpg\" \/>\n\t<meta property=\"og:image:width\" content=\"600\" \/>\n\t<meta property=\"og:image:height\" content=\"800\" \/>\n\t<meta property=\"og:image:type\" content=\"image\/jpeg\" \/>\n<meta name=\"twitter:card\" content=\"summary_large_image\" \/>\n<script type=\"application\/ld+json\" class=\"yoast-schema-graph\">{\"@context\":\"https:\/\/schema.org\",\"@graph\":[{\"@type\":\"WebPage\",\"@id\":\"https:\/\/miumjau.ee\/fi\/tuote\/matatabi-kissanminttupallo-kissoille\/\",\"url\":\"https:\/\/miumjau.ee\/fi\/tuote\/matatabi-kissanminttupallo-kissoille\/\",\"name\":\"Matatabi-kissanminttupallo kissoille - MiuMjau\",\"isPartOf\":{\"@id\":\"https:\/\/miumjau.ee\/#website\"},\"primaryImageOfPage\":{\"@id\":\"https:\/\/miumjau.ee\/fi\/tuote\/matatabi-kissanminttupallo-kissoille\/#primaryimage\"},\"image\":{\"@id\":\"https:\/\/miumjau.ee\/fi\/tuote\/matatabi-kissanminttupallo-kissoille\/#primaryimage\"},\"thumbnailUrl\":\"https:\/\/miumjau.ee\/wp-content\/uploads\/2024\/08\/matatabi-catnip-manguasi-kassidele-1.jpg\",\"datePublished\":\"2024-08-10T12:12:05+00:00\",\"dateModified\":\"2026-01-07T20:53:12+00:00\",\"description\":\"Happet kissanminttu lelu on hauska ja luonnollinen ja pit\u00e4\u00e4 kissasi aktiivisena. Her\u00e4t\u00e4 suosikkikissasi leikkihalu!\",\"breadcrumb\":{\"@id\":\"https:\/\/miumjau.ee\/fi\/tuote\/matatabi-kissanminttupallo-kissoille\/#breadcrumb\"},\"inLanguage\":\"fi\",\"potentialAction\":[{\"@type\":\"ReadAction\",\"target\":[\"https:\/\/miumjau.ee\/fi\/tuote\/matatabi-kissanminttupallo-kissoille\/\"]}]},{\"@type\":\"ImageObject\",\"inLanguage\":\"fi\",\"@id\":\"https:\/\/miumjau.ee\/fi\/tuote\/matatabi-kissanminttupallo-kissoille\/#primaryimage\",\"url\":\"https:\/\/miumjau.ee\/wp-content\/uploads\/2024\/08\/matatabi-catnip-manguasi-kassidele-1.jpg\",\"contentUrl\":\"https:\/\/miumjau.ee\/wp-content\/uploads\/2024\/08\/matatabi-catnip-manguasi-kassidele-1.jpg\",\"width\":600,\"height\":800,\"caption\":\"matatabi-catnip m\u00e4nguasi kassidele\"},{\"@type\":\"BreadcrumbList\",\"@id\":\"https:\/\/miumjau.ee\/fi\/tuote\/matatabi-kissanminttupallo-kissoille\/#breadcrumb\",\"itemListElement\":[{\"@type\":\"ListItem\",\"position\":1,\"name\":\"Home\",\"item\":\"https:\/\/miumjau.ee\/fi\/\"},{\"@type\":\"ListItem\",\"position\":2,\"name\":\"Kauppa\",\"item\":\"https:\/\/miumjau.ee\/fi\/kauppa\/\"},{\"@type\":\"ListItem\",\"position\":3,\"name\":\"Matatabi-kissanminttupallo kissoille\"}]},{\"@type\":\"WebSite\",\"@id\":\"https:\/\/miumjau.ee\/#website\",\"url\":\"https:\/\/miumjau.ee\/\",\"name\":\"MiuMjau\",\"description\":\"Kraapimispuud kassidele\",\"publisher\":{\"@id\":\"https:\/\/miumjau.ee\/#organization\"},\"potentialAction\":[{\"@type\":\"SearchAction\",\"target\":{\"@type\":\"EntryPoint\",\"urlTemplate\":\"https:\/\/miumjau.ee\/?s={search_term_string}\"},\"query-input\":{\"@type\":\"PropertyValueSpecification\",\"valueRequired\":true,\"valueName\":\"search_term_string\"}}],\"inLanguage\":\"fi\"},{\"@type\":\"Organization\",\"@id\":\"https:\/\/miumjau.ee\/#organization\",\"name\":\"MiuMjau O\u00dc\",\"url\":\"https:\/\/miumjau.ee\/\",\"logo\":{\"@type\":\"ImageObject\",\"inLanguage\":\"fi\",\"@id\":\"https:\/\/miumjau.ee\/#\/schema\/logo\/image\/\",\"url\":\"https:\/\/miumjau.ee\/wp-content\/uploads\/2022\/04\/MiuMjau-logo-kollane.png\",\"contentUrl\":\"https:\/\/miumjau.ee\/wp-content\/uploads\/2022\/04\/MiuMjau-logo-kollane.png\",\"width\":219,\"height\":100,\"caption\":\"MiuMjau O\u00dc\"},\"image\":{\"@id\":\"https:\/\/miumjau.ee\/#\/schema\/logo\/image\/\"},\"sameAs\":[\"https:\/\/www.facebook.com\/miumjaupood\/\"]}]}<\/script>\n<!-- \/ Yoast SEO plugin. -->","yoast_head_json":{"title":"Matatabi-kissanminttupallo kissoille - MiuMjau","description":"Happet kissanminttu lelu on hauska ja luonnollinen ja pit\u00e4\u00e4 kissasi aktiivisena. Her\u00e4t\u00e4 suosikkikissasi leikkihalu!","robots":{"index":"index","follow":"follow","max-snippet":"max-snippet:-1","max-image-preview":"max-image-preview:large","max-video-preview":"max-video-preview:-1"},"canonical":"https:\/\/miumjau.ee\/fi\/tuote\/matatabi-kissanminttupallo-kissoille\/","og_locale":"fi_FI","og_type":"article","og_title":"Matatabi-kissanminttupallo kissoille - MiuMjau","og_description":"Happet kissanminttu lelu on hauska ja luonnollinen ja pit\u00e4\u00e4 kissasi aktiivisena. Her\u00e4t\u00e4 suosikkikissasi leikkihalu!","og_url":"https:\/\/miumjau.ee\/fi\/tuote\/matatabi-kissanminttupallo-kissoille\/","og_site_name":"MiuMjau","article_publisher":"https:\/\/www.facebook.com\/miumjaupood\/","article_modified_time":"2026-01-07T20:53:12+00:00","og_image":[{"width":600,"height":800,"url":"https:\/\/miumjau.ee\/wp-content\/uploads\/2024\/08\/matatabi-catnip-manguasi-kassidele-1.jpg","type":"image\/jpeg"}],"twitter_card":"summary_large_image","schema":{"@context":"https:\/\/schema.org","@graph":[{"@type":"WebPage","@id":"https:\/\/miumjau.ee\/fi\/tuote\/matatabi-kissanminttupallo-kissoille\/","url":"https:\/\/miumjau.ee\/fi\/tuote\/matatabi-kissanminttupallo-kissoille\/","name":"Matatabi-kissanminttupallo kissoille - MiuMjau","isPartOf":{"@id":"https:\/\/miumjau.ee\/#website"},"primaryImageOfPage":{"@id":"https:\/\/miumjau.ee\/fi\/tuote\/matatabi-kissanminttupallo-kissoille\/#primaryimage"},"image":{"@id":"https:\/\/miumjau.ee\/fi\/tuote\/matatabi-kissanminttupallo-kissoille\/#primaryimage"},"thumbnailUrl":"https:\/\/miumjau.ee\/wp-content\/uploads\/2024\/08\/matatabi-catnip-manguasi-kassidele-1.jpg","datePublished":"2024-08-10T12:12:05+00:00","dateModified":"2026-01-07T20:53:12+00:00","description":"Happet kissanminttu lelu on hauska ja luonnollinen ja pit\u00e4\u00e4 kissasi aktiivisena. Her\u00e4t\u00e4 suosikkikissasi leikkihalu!","breadcrumb":{"@id":"https:\/\/miumjau.ee\/fi\/tuote\/matatabi-kissanminttupallo-kissoille\/#breadcrumb"},"inLanguage":"fi","potentialAction":[{"@type":"ReadAction","target":["https:\/\/miumjau.ee\/fi\/tuote\/matatabi-kissanminttupallo-kissoille\/"]}]},{"@type":"ImageObject","inLanguage":"fi","@id":"https:\/\/miumjau.ee\/fi\/tuote\/matatabi-kissanminttupallo-kissoille\/#primaryimage","url":"https:\/\/miumjau.ee\/wp-content\/uploads\/2024\/08\/matatabi-catnip-manguasi-kassidele-1.jpg","contentUrl":"https:\/\/miumjau.ee\/wp-content\/uploads\/2024\/08\/matatabi-catnip-manguasi-kassidele-1.jpg","width":600,"height":800,"caption":"matatabi-catnip m\u00e4nguasi kassidele"},{"@type":"BreadcrumbList","@id":"https:\/\/miumjau.ee\/fi\/tuote\/matatabi-kissanminttupallo-kissoille\/#breadcrumb","itemListElement":[{"@type":"ListItem","position":1,"name":"Home","item":"https:\/\/miumjau.ee\/fi\/"},{"@type":"ListItem","position":2,"name":"Kauppa","item":"https:\/\/miumjau.ee\/fi\/kauppa\/"},{"@type":"ListItem","position":3,"name":"Matatabi-kissanminttupallo kissoille"}]},{"@type":"WebSite","@id":"https:\/\/miumjau.ee\/#website","url":"https:\/\/miumjau.ee\/","name":"MiuMjau","description":"Kraapimispuud kassidele","publisher":{"@id":"https:\/\/miumjau.ee\/#organization"},"potentialAction":[{"@type":"SearchAction","target":{"@type":"EntryPoint","urlTemplate":"https:\/\/miumjau.ee\/?s={search_term_string}"},"query-input":{"@type":"PropertyValueSpecification","valueRequired":true,"valueName":"search_term_string"}}],"inLanguage":"fi"},{"@type":"Organization","@id":"https:\/\/miumjau.ee\/#organization","name":"MiuMjau O\u00dc","url":"https:\/\/miumjau.ee\/","logo":{"@type":"ImageObject","inLanguage":"fi","@id":"https:\/\/miumjau.ee\/#\/schema\/logo\/image\/","url":"https:\/\/miumjau.ee\/wp-content\/uploads\/2022\/04\/MiuMjau-logo-kollane.png","contentUrl":"https:\/\/miumjau.ee\/wp-content\/uploads\/2022\/04\/MiuMjau-logo-kollane.png","width":219,"height":100,"caption":"MiuMjau O\u00dc"},"image":{"@id":"https:\/\/miumjau.ee\/#\/schema\/logo\/image\/"},"sameAs":["https:\/\/www.facebook.com\/miumjaupood\/"]}]}},"_links":{"self":[{"href":"https:\/\/miumjau.ee\/fi\/wp-json\/wp\/v2\/product\/30249","targetHints":{"allow":["GET"]}}],"collection":[{"href":"https:\/\/miumjau.ee\/fi\/wp-json\/wp\/v2\/product"}],"about":[{"href":"https:\/\/miumjau.ee\/fi\/wp-json\/wp\/v2\/types\/product"}],"wp:featuredmedia":[{"embeddable":true,"href":"https:\/\/miumjau.ee\/fi\/wp-json\/wp\/v2\/media\/16064"}],"wp:attachment":[{"href":"https:\/\/miumjau.ee\/fi\/wp-json\/wp\/v2\/media?parent=30249"}],"wp:term":[{"taxonomy":"product_brand","embeddable":true,"href":"https:\/\/miumjau.ee\/fi\/wp-json\/wp\/v2\/product_brand?post=30249"},{"taxonomy":"product_cat","embeddable":true,"href":"https:\/\/miumjau.ee\/fi\/wp-json\/wp\/v2\/product_cat?post=30249"},{"taxonomy":"product_tag","embeddable":true,"href":"https:\/\/miumjau.ee\/fi\/wp-json\/wp\/v2\/product_tag?post=30249"}],"curies":[{"name":"wp","href":"https:\/\/api.w.org\/{rel}","templated":true}]}}