{"id":30222,"date":"2024-08-21T18:50:34","date_gmt":"2024-08-21T15:50:34","guid":{"rendered":"https:\/\/miumjau.ee\/toode\/kissan-kulho-ruostumaton-teras-240-ml-vaaleanpunainen-valkoinen\/"},"modified":"2026-01-07T22:53:27","modified_gmt":"2026-01-07T20:53:27","slug":"kissan-kulho-ruostumaton-teras-240-ml-vaaleanpunainen-valkoinen","status":"publish","type":"product","link":"https:\/\/miumjau.ee\/fi\/tuote\/kissan-kulho-ruostumaton-teras-240-ml-vaaleanpunainen-valkoinen\/","title":{"rendered":"Kissan kulho, ruostumaton ter\u00e4s, 240 ml, vaaleanpunainen-valkoinen"},"content":{"rendered":"","protected":false},"excerpt":{"rendered":"<p><strong>Kissanomistajille, jotka haluavat tarjota lemmikilleen jotain erityist\u00e4.<\/strong><\/p>\n<p>Kest\u00e4v\u00e4st\u00e4 ja vahvasta materiaalista valmistettu kuppi palvelee kissaasi pitk\u00e4\u00e4n. Kulhon moderni muotoilu n\u00e4ytt\u00e4\u00e4 upealta asunnossasi, eik\u00e4 sinun tarvitse huolehtia sen puhdistamisesta.\u00a0<strong>Ruostumaton ter\u00e4s<\/strong> est\u00e4\u00e4 ruoan tarttumisen pintaan. Sinun tarvitsee vain huuhdella se juoksevalla vedell\u00e4 tai laittaa se astianpesukoneeseen.<\/p>\n<p>Kissasi tulee varmasti rakastamaan kuppiamme. <strong>Lopultakin kuppi, joka n\u00e4ytt\u00e4\u00e4 hyv\u00e4lt\u00e4 my\u00f6s silloin, kun se ei ole t\u00e4ynn\u00e4!<\/strong><\/p>\n<ul>\n<li><strong>Kest\u00e4v\u00e4<\/strong> \u2013 valmistuksessa k\u00e4ytetty vahva materiaali<\/li>\n<li><strong>Helppo puhdistaa<\/strong> \u2013 juuri niin yksinkertaista kuin milt\u00e4 se kuulostaa!<\/li>\n<li><strong>Tyylik\u00e4s muotoilu<\/strong> \u2013 vihdoin tuote, joka sopii kotiisi<\/li>\n<\/ul>\n<p>Valitse <strong>varma ratkaisu<\/strong> ja \u00e4l\u00e4 en\u00e4\u00e4 ep\u00e4r\u00f6i. <strong>Ruostumattomasta ter\u00e4ksest\u00e4 valmistettu kuppi<\/strong> on tuote, joka pysyy kanssasi pitk\u00e4\u00e4n ja n\u00e4ytt\u00e4\u00e4 upealta. <strong>Koska kissasi ansaitsee parasta!<\/strong><\/p>\n<h3><strong>Ominaisuudet:<\/strong><\/h3>\n<ul>\n<li>Kupin halkaisija: <strong>12 cm<\/strong><\/li>\n<li>Korkeus: <strong>4,5 cm<\/strong><\/li>\n<li>Tilavuus: <strong>0,24 l<\/strong><\/li>\n<li>Materiaali: <strong>ruostumaton ter\u00e4s<\/strong><\/li>\n<li>Paino: <strong>0,08 kg<\/strong><\/li>\n<\/ul>\n<p><strong>Saatavilla heti varastossa!<\/strong><\/p>\n","protected":false},"featured_media":15472,"template":"","meta":[],"product_brand":[],"product_cat":[275],"product_tag":[],"class_list":{"0":"post-30222","1":"product","2":"type-product","3":"status-publish","4":"has-post-thumbnail","6":"product_cat-ruokakupit","8":"first","9":"outofstock","10":"taxable","11":"shipping-taxable","12":"purchasable","13":"product-type-simple"},"yoast_head":"<!-- This site is optimized with the Yoast SEO plugin v27.2 - https:\/\/yoast.com\/product\/yoast-seo-wordpress\/ -->\n<title>Kissan kulho, ruostumaton ter\u00e4s, 240 ml, vaaleanpunainen-valkoinen - MiuMjau<\/title>\n<meta name=\"description\" content=\"Kulhon moderni muotoilu n\u00e4ytt\u00e4\u00e4 upealta asunnossasi, eik\u00e4 sinun tarvitse huolehtia sen puhdistamisesta.\" \/>\n<meta name=\"robots\" content=\"index, follow, max-snippet:-1, max-image-preview:large, max-video-preview:-1\" \/>\n<link rel=\"canonical\" href=\"https:\/\/miumjau.ee\/fi\/tuote\/kissan-kulho-ruostumaton-teras-240-ml-vaaleanpunainen-valkoinen\/\" \/>\n<meta property=\"og:locale\" content=\"fi_FI\" \/>\n<meta property=\"og:type\" content=\"article\" \/>\n<meta property=\"og:title\" content=\"Kissan kulho, ruostumaton ter\u00e4s, 240 ml, vaaleanpunainen-valkoinen - MiuMjau\" \/>\n<meta property=\"og:description\" content=\"Kulhon moderni muotoilu n\u00e4ytt\u00e4\u00e4 upealta asunnossasi, eik\u00e4 sinun tarvitse huolehtia sen puhdistamisesta.\" \/>\n<meta property=\"og:url\" content=\"https:\/\/miumjau.ee\/fi\/tuote\/kissan-kulho-ruostumaton-teras-240-ml-vaaleanpunainen-valkoinen\/\" \/>\n<meta property=\"og:site_name\" content=\"MiuMjau\" \/>\n<meta property=\"article:publisher\" content=\"https:\/\/www.facebook.com\/miumjaupood\/\" \/>\n<meta property=\"article:modified_time\" content=\"2026-01-07T20:53:27+00:00\" \/>\n<meta property=\"og:image\" content=\"https:\/\/miumjau.ee\/wp-content\/uploads\/2024\/08\/kassi-kauss-roostevabast-terasest-240ml-roosa-valge.jpg\" \/>\n\t<meta property=\"og:image:width\" content=\"600\" \/>\n\t<meta property=\"og:image:height\" content=\"800\" \/>\n\t<meta property=\"og:image:type\" content=\"image\/jpeg\" \/>\n<meta name=\"twitter:card\" content=\"summary_large_image\" \/>\n<script type=\"application\/ld+json\" class=\"yoast-schema-graph\">{\"@context\":\"https:\/\/schema.org\",\"@graph\":[{\"@type\":\"WebPage\",\"@id\":\"https:\/\/miumjau.ee\/fi\/tuote\/kissan-kulho-ruostumaton-teras-240-ml-vaaleanpunainen-valkoinen\/\",\"url\":\"https:\/\/miumjau.ee\/fi\/tuote\/kissan-kulho-ruostumaton-teras-240-ml-vaaleanpunainen-valkoinen\/\",\"name\":\"Kissan kulho, ruostumaton ter\u00e4s, 240 ml, vaaleanpunainen-valkoinen - MiuMjau\",\"isPartOf\":{\"@id\":\"https:\/\/miumjau.ee\/#website\"},\"primaryImageOfPage\":{\"@id\":\"https:\/\/miumjau.ee\/fi\/tuote\/kissan-kulho-ruostumaton-teras-240-ml-vaaleanpunainen-valkoinen\/#primaryimage\"},\"image\":{\"@id\":\"https:\/\/miumjau.ee\/fi\/tuote\/kissan-kulho-ruostumaton-teras-240-ml-vaaleanpunainen-valkoinen\/#primaryimage\"},\"thumbnailUrl\":\"https:\/\/miumjau.ee\/wp-content\/uploads\/2024\/08\/kassi-kauss-roostevabast-terasest-240ml-roosa-valge.jpg\",\"datePublished\":\"2024-08-21T15:50:34+00:00\",\"dateModified\":\"2026-01-07T20:53:27+00:00\",\"description\":\"Kulhon moderni muotoilu n\u00e4ytt\u00e4\u00e4 upealta asunnossasi, eik\u00e4 sinun tarvitse huolehtia sen puhdistamisesta.\",\"breadcrumb\":{\"@id\":\"https:\/\/miumjau.ee\/fi\/tuote\/kissan-kulho-ruostumaton-teras-240-ml-vaaleanpunainen-valkoinen\/#breadcrumb\"},\"inLanguage\":\"fi\",\"potentialAction\":[{\"@type\":\"ReadAction\",\"target\":[\"https:\/\/miumjau.ee\/fi\/tuote\/kissan-kulho-ruostumaton-teras-240-ml-vaaleanpunainen-valkoinen\/\"]}]},{\"@type\":\"ImageObject\",\"inLanguage\":\"fi\",\"@id\":\"https:\/\/miumjau.ee\/fi\/tuote\/kissan-kulho-ruostumaton-teras-240-ml-vaaleanpunainen-valkoinen\/#primaryimage\",\"url\":\"https:\/\/miumjau.ee\/wp-content\/uploads\/2024\/08\/kassi-kauss-roostevabast-terasest-240ml-roosa-valge.jpg\",\"contentUrl\":\"https:\/\/miumjau.ee\/wp-content\/uploads\/2024\/08\/kassi-kauss-roostevabast-terasest-240ml-roosa-valge.jpg\",\"width\":600,\"height\":800,\"caption\":\"Kassi kauss roostevabast terasest 240 ml, roosa-valge\"},{\"@type\":\"BreadcrumbList\",\"@id\":\"https:\/\/miumjau.ee\/fi\/tuote\/kissan-kulho-ruostumaton-teras-240-ml-vaaleanpunainen-valkoinen\/#breadcrumb\",\"itemListElement\":[{\"@type\":\"ListItem\",\"position\":1,\"name\":\"Home\",\"item\":\"https:\/\/miumjau.ee\/fi\/\"},{\"@type\":\"ListItem\",\"position\":2,\"name\":\"Kauppa\",\"item\":\"https:\/\/miumjau.ee\/fi\/kauppa\/\"},{\"@type\":\"ListItem\",\"position\":3,\"name\":\"Kissan kulho, ruostumaton ter\u00e4s, 240 ml, vaaleanpunainen-valkoinen\"}]},{\"@type\":\"WebSite\",\"@id\":\"https:\/\/miumjau.ee\/#website\",\"url\":\"https:\/\/miumjau.ee\/\",\"name\":\"MiuMjau\",\"description\":\"Kraapimispuud kassidele\",\"publisher\":{\"@id\":\"https:\/\/miumjau.ee\/#organization\"},\"potentialAction\":[{\"@type\":\"SearchAction\",\"target\":{\"@type\":\"EntryPoint\",\"urlTemplate\":\"https:\/\/miumjau.ee\/?s={search_term_string}\"},\"query-input\":{\"@type\":\"PropertyValueSpecification\",\"valueRequired\":true,\"valueName\":\"search_term_string\"}}],\"inLanguage\":\"fi\"},{\"@type\":\"Organization\",\"@id\":\"https:\/\/miumjau.ee\/#organization\",\"name\":\"MiuMjau O\u00dc\",\"url\":\"https:\/\/miumjau.ee\/\",\"logo\":{\"@type\":\"ImageObject\",\"inLanguage\":\"fi\",\"@id\":\"https:\/\/miumjau.ee\/#\/schema\/logo\/image\/\",\"url\":\"https:\/\/miumjau.ee\/wp-content\/uploads\/2022\/04\/MiuMjau-logo-kollane.png\",\"contentUrl\":\"https:\/\/miumjau.ee\/wp-content\/uploads\/2022\/04\/MiuMjau-logo-kollane.png\",\"width\":219,\"height\":100,\"caption\":\"MiuMjau O\u00dc\"},\"image\":{\"@id\":\"https:\/\/miumjau.ee\/#\/schema\/logo\/image\/\"},\"sameAs\":[\"https:\/\/www.facebook.com\/miumjaupood\/\"]}]}<\/script>\n<!-- \/ Yoast SEO plugin. -->","yoast_head_json":{"title":"Kissan kulho, ruostumaton ter\u00e4s, 240 ml, vaaleanpunainen-valkoinen - MiuMjau","description":"Kulhon moderni muotoilu n\u00e4ytt\u00e4\u00e4 upealta asunnossasi, eik\u00e4 sinun tarvitse huolehtia sen puhdistamisesta.","robots":{"index":"index","follow":"follow","max-snippet":"max-snippet:-1","max-image-preview":"max-image-preview:large","max-video-preview":"max-video-preview:-1"},"canonical":"https:\/\/miumjau.ee\/fi\/tuote\/kissan-kulho-ruostumaton-teras-240-ml-vaaleanpunainen-valkoinen\/","og_locale":"fi_FI","og_type":"article","og_title":"Kissan kulho, ruostumaton ter\u00e4s, 240 ml, vaaleanpunainen-valkoinen - MiuMjau","og_description":"Kulhon moderni muotoilu n\u00e4ytt\u00e4\u00e4 upealta asunnossasi, eik\u00e4 sinun tarvitse huolehtia sen puhdistamisesta.","og_url":"https:\/\/miumjau.ee\/fi\/tuote\/kissan-kulho-ruostumaton-teras-240-ml-vaaleanpunainen-valkoinen\/","og_site_name":"MiuMjau","article_publisher":"https:\/\/www.facebook.com\/miumjaupood\/","article_modified_time":"2026-01-07T20:53:27+00:00","og_image":[{"width":600,"height":800,"url":"https:\/\/miumjau.ee\/wp-content\/uploads\/2024\/08\/kassi-kauss-roostevabast-terasest-240ml-roosa-valge.jpg","type":"image\/jpeg"}],"twitter_card":"summary_large_image","schema":{"@context":"https:\/\/schema.org","@graph":[{"@type":"WebPage","@id":"https:\/\/miumjau.ee\/fi\/tuote\/kissan-kulho-ruostumaton-teras-240-ml-vaaleanpunainen-valkoinen\/","url":"https:\/\/miumjau.ee\/fi\/tuote\/kissan-kulho-ruostumaton-teras-240-ml-vaaleanpunainen-valkoinen\/","name":"Kissan kulho, ruostumaton ter\u00e4s, 240 ml, vaaleanpunainen-valkoinen - MiuMjau","isPartOf":{"@id":"https:\/\/miumjau.ee\/#website"},"primaryImageOfPage":{"@id":"https:\/\/miumjau.ee\/fi\/tuote\/kissan-kulho-ruostumaton-teras-240-ml-vaaleanpunainen-valkoinen\/#primaryimage"},"image":{"@id":"https:\/\/miumjau.ee\/fi\/tuote\/kissan-kulho-ruostumaton-teras-240-ml-vaaleanpunainen-valkoinen\/#primaryimage"},"thumbnailUrl":"https:\/\/miumjau.ee\/wp-content\/uploads\/2024\/08\/kassi-kauss-roostevabast-terasest-240ml-roosa-valge.jpg","datePublished":"2024-08-21T15:50:34+00:00","dateModified":"2026-01-07T20:53:27+00:00","description":"Kulhon moderni muotoilu n\u00e4ytt\u00e4\u00e4 upealta asunnossasi, eik\u00e4 sinun tarvitse huolehtia sen puhdistamisesta.","breadcrumb":{"@id":"https:\/\/miumjau.ee\/fi\/tuote\/kissan-kulho-ruostumaton-teras-240-ml-vaaleanpunainen-valkoinen\/#breadcrumb"},"inLanguage":"fi","potentialAction":[{"@type":"ReadAction","target":["https:\/\/miumjau.ee\/fi\/tuote\/kissan-kulho-ruostumaton-teras-240-ml-vaaleanpunainen-valkoinen\/"]}]},{"@type":"ImageObject","inLanguage":"fi","@id":"https:\/\/miumjau.ee\/fi\/tuote\/kissan-kulho-ruostumaton-teras-240-ml-vaaleanpunainen-valkoinen\/#primaryimage","url":"https:\/\/miumjau.ee\/wp-content\/uploads\/2024\/08\/kassi-kauss-roostevabast-terasest-240ml-roosa-valge.jpg","contentUrl":"https:\/\/miumjau.ee\/wp-content\/uploads\/2024\/08\/kassi-kauss-roostevabast-terasest-240ml-roosa-valge.jpg","width":600,"height":800,"caption":"Kassi kauss roostevabast terasest 240 ml, roosa-valge"},{"@type":"BreadcrumbList","@id":"https:\/\/miumjau.ee\/fi\/tuote\/kissan-kulho-ruostumaton-teras-240-ml-vaaleanpunainen-valkoinen\/#breadcrumb","itemListElement":[{"@type":"ListItem","position":1,"name":"Home","item":"https:\/\/miumjau.ee\/fi\/"},{"@type":"ListItem","position":2,"name":"Kauppa","item":"https:\/\/miumjau.ee\/fi\/kauppa\/"},{"@type":"ListItem","position":3,"name":"Kissan kulho, ruostumaton ter\u00e4s, 240 ml, vaaleanpunainen-valkoinen"}]},{"@type":"WebSite","@id":"https:\/\/miumjau.ee\/#website","url":"https:\/\/miumjau.ee\/","name":"MiuMjau","description":"Kraapimispuud kassidele","publisher":{"@id":"https:\/\/miumjau.ee\/#organization"},"potentialAction":[{"@type":"SearchAction","target":{"@type":"EntryPoint","urlTemplate":"https:\/\/miumjau.ee\/?s={search_term_string}"},"query-input":{"@type":"PropertyValueSpecification","valueRequired":true,"valueName":"search_term_string"}}],"inLanguage":"fi"},{"@type":"Organization","@id":"https:\/\/miumjau.ee\/#organization","name":"MiuMjau O\u00dc","url":"https:\/\/miumjau.ee\/","logo":{"@type":"ImageObject","inLanguage":"fi","@id":"https:\/\/miumjau.ee\/#\/schema\/logo\/image\/","url":"https:\/\/miumjau.ee\/wp-content\/uploads\/2022\/04\/MiuMjau-logo-kollane.png","contentUrl":"https:\/\/miumjau.ee\/wp-content\/uploads\/2022\/04\/MiuMjau-logo-kollane.png","width":219,"height":100,"caption":"MiuMjau O\u00dc"},"image":{"@id":"https:\/\/miumjau.ee\/#\/schema\/logo\/image\/"},"sameAs":["https:\/\/www.facebook.com\/miumjaupood\/"]}]}},"_links":{"self":[{"href":"https:\/\/miumjau.ee\/fi\/wp-json\/wp\/v2\/product\/30222","targetHints":{"allow":["GET"]}}],"collection":[{"href":"https:\/\/miumjau.ee\/fi\/wp-json\/wp\/v2\/product"}],"about":[{"href":"https:\/\/miumjau.ee\/fi\/wp-json\/wp\/v2\/types\/product"}],"wp:featuredmedia":[{"embeddable":true,"href":"https:\/\/miumjau.ee\/fi\/wp-json\/wp\/v2\/media\/15472"}],"wp:attachment":[{"href":"https:\/\/miumjau.ee\/fi\/wp-json\/wp\/v2\/media?parent=30222"}],"wp:term":[{"taxonomy":"product_brand","embeddable":true,"href":"https:\/\/miumjau.ee\/fi\/wp-json\/wp\/v2\/product_brand?post=30222"},{"taxonomy":"product_cat","embeddable":true,"href":"https:\/\/miumjau.ee\/fi\/wp-json\/wp\/v2\/product_cat?post=30222"},{"taxonomy":"product_tag","embeddable":true,"href":"https:\/\/miumjau.ee\/fi\/wp-json\/wp\/v2\/product_tag?post=30222"}],"curies":[{"name":"wp","href":"https:\/\/api.w.org\/{rel}","templated":true}]}}