{"id":30175,"date":"2025-03-23T17:34:59","date_gmt":"2025-03-23T15:34:59","guid":{"rendered":"https:\/\/miumjau.ee\/?post_type=product&#038;p=30175"},"modified":"2026-01-07T22:53:34","modified_gmt":"2026-01-07T20:53:34","slug":"brit-care-kitten-kuivaruoka-kalkkunan-ja-kanan-kissanpennulle-400g-kopeeri","status":"publish","type":"product","link":"https:\/\/miumjau.ee\/fi\/tuote\/brit-care-kitten-kuivaruoka-kalkkunan-ja-kanan-kissanpennulle-400g-kopeeri\/","title":{"rendered":"Brit Care Kitten kuivaruoka kalkkunan ja kanan kissanpennulle 7kg"},"content":{"rendered":"","protected":false},"excerpt":{"rendered":"<p data-sourcepos=\"3:1-3:197\">Hypoallergeeninen ja viljaton t\u00e4ysravinto kissanpennuille sek\u00e4 tiineille ja imett\u00e4ville kissoille. Helposti sulava ja ravinnerikas koostumus tukee kissanpentujen kehityst\u00e4 ja emon energiantarpeita.<\/p>\n<ul>\n<li data-sourcepos=\"5:2-9:105\">Vahva vastustuskyky \u2013 kolostrum ja probiootit vahvistavat vastustuskyky\u00e4.<\/li>\n<li data-sourcepos=\"5:2-9:105\">Terve syd\u00e4n ja n\u00e4k\u00f6 \u2013 tauriini tukee syd\u00e4men ja silmien terveytt\u00e4.<\/li>\n<li data-sourcepos=\"5:2-9:105\">Lihasten kasvu ja kehitys \u2013 korkea proteiinipitoisuus takaa vahvan kehonrakenteen.<\/li>\n<li data-sourcepos=\"5:2-9:105\">Tasapainoiset kivenn\u00e4isaineet \u2013 oikea kalsiumin, fosforin ja D-vitamiinin m\u00e4\u00e4r\u00e4 tukee luuston terveytt\u00e4.<\/li>\n<li data-sourcepos=\"5:2-9:105\">Luonnollinen ja turvallinen \u2013 EI SIS\u00c4LL\u00c4 viljaa, keinotekoisia v\u00e4riaineita, s\u00e4il\u00f6nt\u00e4aineita eik\u00e4 GMO:ta.<\/li>\n<\/ul>\n<p data-sourcepos=\"11:1-11:254\"><strong>Ainesosat:<\/strong> Kuivattu kalkkunanliha (30 %), tuore kana (26 %), siipikarjan rasva (12 %), keltaiset herneet, kikherneet, lohi\u00f6ljy, hydrolysoitu kananmaksa, pellavansiemenet, oluthiiva, kolostrum, kuivatut karpalot, kivenn\u00e4isaineet, probiootit ja prebiootit.<\/p>\n<p data-sourcepos=\"13:1-13:113\"><strong>Analyysi:<\/strong> Proteiinit 38 %, rasvat 18 %, kuidut 1,5 %, kalsium 1,2 %, fosfori 0,9 %, Omega-3 0,5 %, Omega-6 2,2 %.<\/p>\n<p data-sourcepos=\"15:1-15:177\"><strong>S\u00e4ilytys &amp; ruokinta:<\/strong> Tarjoile kuivana tai hieman kostutettuna. Seuraa kissanpennun ik\u00e4\u00e4 ja aktiivisuutta ja s\u00e4\u00e4d\u00e4 ruokintam\u00e4\u00e4r\u00e4\u00e4 sen mukaan. Tarjoa aina raikasta juomavett\u00e4.<\/p>\n<p data-sourcepos=\"17:1-17:46\"><strong>Terveellinen alku el\u00e4m\u00e4lle \u2013 Brit Care Kitten!<\/strong><\/p>\n","protected":false},"featured_media":27406,"template":"","meta":[],"product_brand":[],"product_cat":[255],"product_tag":[],"class_list":{"0":"post-30175","1":"product","2":"type-product","3":"status-publish","4":"has-post-thumbnail","6":"product_cat-kuiva-ruoka","8":"first","9":"instock","10":"taxable","11":"shipping-taxable","12":"purchasable","13":"product-type-simple"},"yoast_head":"<!-- This site is optimized with the Yoast SEO plugin v27.4 - https:\/\/yoast.com\/product\/yoast-seo-wordpress\/ -->\n<title>Brit Care Kitten kuivaruoka kalkkunan ja kanan kissanpennulle 7kg - MiuMjau<\/title>\n<meta name=\"description\" content=\"Brit Care -kuivaruoka kissanpennuille, joka tukee niiden kehityst\u00e4. Todella herkullinen ja luotettava valinta karvaiselle yst\u00e4v\u00e4llesi!\" \/>\n<meta name=\"robots\" content=\"index, follow, max-snippet:-1, max-image-preview:large, max-video-preview:-1\" \/>\n<link rel=\"canonical\" href=\"https:\/\/miumjau.ee\/fi\/tuote\/brit-care-kitten-kuivaruoka-kalkkunan-ja-kanan-kissanpennulle-400g-kopeeri\/\" \/>\n<meta property=\"og:locale\" content=\"fi_FI\" \/>\n<meta property=\"og:type\" content=\"article\" \/>\n<meta property=\"og:title\" content=\"Brit Care Kitten kuivaruoka kalkkunan ja kanan kissanpennulle 7kg - MiuMjau\" \/>\n<meta property=\"og:description\" content=\"Brit Care -kuivaruoka kissanpennuille, joka tukee niiden kehityst\u00e4. Todella herkullinen ja luotettava valinta karvaiselle yst\u00e4v\u00e4llesi!\" \/>\n<meta property=\"og:url\" content=\"https:\/\/miumjau.ee\/fi\/tuote\/brit-care-kitten-kuivaruoka-kalkkunan-ja-kanan-kissanpennulle-400g-kopeeri\/\" \/>\n<meta property=\"og:site_name\" content=\"MiuMjau\" \/>\n<meta property=\"article:publisher\" content=\"https:\/\/www.facebook.com\/miumjaupood\/\" \/>\n<meta property=\"article:modified_time\" content=\"2026-01-07T20:53:34+00:00\" \/>\n<meta property=\"og:image\" content=\"https:\/\/miumjau.ee\/wp-content\/uploads\/2025\/02\/brit-care-kuivtoit1.jpg\" \/>\n\t<meta property=\"og:image:width\" content=\"600\" \/>\n\t<meta property=\"og:image:height\" content=\"800\" \/>\n\t<meta property=\"og:image:type\" content=\"image\/jpeg\" \/>\n<meta name=\"twitter:card\" content=\"summary_large_image\" \/>\n<script type=\"application\/ld+json\" class=\"yoast-schema-graph\">{\"@context\":\"https:\\\/\\\/schema.org\",\"@graph\":[{\"@type\":\"WebPage\",\"@id\":\"https:\\\/\\\/miumjau.ee\\\/fi\\\/tuote\\\/brit-care-kitten-kuivaruoka-kalkkunan-ja-kanan-kissanpennulle-400g-kopeeri\\\/\",\"url\":\"https:\\\/\\\/miumjau.ee\\\/fi\\\/tuote\\\/brit-care-kitten-kuivaruoka-kalkkunan-ja-kanan-kissanpennulle-400g-kopeeri\\\/\",\"name\":\"Brit Care Kitten kuivaruoka kalkkunan ja kanan kissanpennulle 7kg - MiuMjau\",\"isPartOf\":{\"@id\":\"https:\\\/\\\/miumjau.ee\\\/#website\"},\"primaryImageOfPage\":{\"@id\":\"https:\\\/\\\/miumjau.ee\\\/fi\\\/tuote\\\/brit-care-kitten-kuivaruoka-kalkkunan-ja-kanan-kissanpennulle-400g-kopeeri\\\/#primaryimage\"},\"image\":{\"@id\":\"https:\\\/\\\/miumjau.ee\\\/fi\\\/tuote\\\/brit-care-kitten-kuivaruoka-kalkkunan-ja-kanan-kissanpennulle-400g-kopeeri\\\/#primaryimage\"},\"thumbnailUrl\":\"https:\\\/\\\/miumjau.ee\\\/wp-content\\\/uploads\\\/2025\\\/02\\\/brit-care-kuivtoit1.jpg\",\"datePublished\":\"2025-03-23T15:34:59+00:00\",\"dateModified\":\"2026-01-07T20:53:34+00:00\",\"description\":\"Brit Care -kuivaruoka kissanpennuille, joka tukee niiden kehityst\u00e4. Todella herkullinen ja luotettava valinta karvaiselle yst\u00e4v\u00e4llesi!\",\"breadcrumb\":{\"@id\":\"https:\\\/\\\/miumjau.ee\\\/fi\\\/tuote\\\/brit-care-kitten-kuivaruoka-kalkkunan-ja-kanan-kissanpennulle-400g-kopeeri\\\/#breadcrumb\"},\"inLanguage\":\"fi\",\"potentialAction\":[{\"@type\":\"ReadAction\",\"target\":[\"https:\\\/\\\/miumjau.ee\\\/fi\\\/tuote\\\/brit-care-kitten-kuivaruoka-kalkkunan-ja-kanan-kissanpennulle-400g-kopeeri\\\/\"]}]},{\"@type\":\"ImageObject\",\"inLanguage\":\"fi\",\"@id\":\"https:\\\/\\\/miumjau.ee\\\/fi\\\/tuote\\\/brit-care-kitten-kuivaruoka-kalkkunan-ja-kanan-kissanpennulle-400g-kopeeri\\\/#primaryimage\",\"url\":\"https:\\\/\\\/miumjau.ee\\\/wp-content\\\/uploads\\\/2025\\\/02\\\/brit-care-kuivtoit1.jpg\",\"contentUrl\":\"https:\\\/\\\/miumjau.ee\\\/wp-content\\\/uploads\\\/2025\\\/02\\\/brit-care-kuivtoit1.jpg\",\"width\":600,\"height\":800,\"caption\":\"Brit Care Kitten kuivtoit kassipojale kalkuni ja kanaga 400g\"},{\"@type\":\"BreadcrumbList\",\"@id\":\"https:\\\/\\\/miumjau.ee\\\/fi\\\/tuote\\\/brit-care-kitten-kuivaruoka-kalkkunan-ja-kanan-kissanpennulle-400g-kopeeri\\\/#breadcrumb\",\"itemListElement\":[{\"@type\":\"ListItem\",\"position\":1,\"name\":\"Home\",\"item\":\"https:\\\/\\\/miumjau.ee\\\/fi\\\/\"},{\"@type\":\"ListItem\",\"position\":2,\"name\":\"Kauppa\",\"item\":\"https:\\\/\\\/miumjau.ee\\\/fi\\\/kauppa\\\/\"},{\"@type\":\"ListItem\",\"position\":3,\"name\":\"Brit Care Kitten kuivaruoka kalkkunan ja kanan kissanpennulle 7kg\"}]},{\"@type\":\"WebSite\",\"@id\":\"https:\\\/\\\/miumjau.ee\\\/#website\",\"url\":\"https:\\\/\\\/miumjau.ee\\\/\",\"name\":\"MiuMjau\",\"description\":\"Kraapimispuud kassidele\",\"publisher\":{\"@id\":\"https:\\\/\\\/miumjau.ee\\\/#organization\"},\"potentialAction\":[{\"@type\":\"SearchAction\",\"target\":{\"@type\":\"EntryPoint\",\"urlTemplate\":\"https:\\\/\\\/miumjau.ee\\\/?s={search_term_string}\"},\"query-input\":{\"@type\":\"PropertyValueSpecification\",\"valueRequired\":true,\"valueName\":\"search_term_string\"}}],\"inLanguage\":\"fi\"},{\"@type\":\"Organization\",\"@id\":\"https:\\\/\\\/miumjau.ee\\\/#organization\",\"name\":\"MiuMjau O\u00dc\",\"url\":\"https:\\\/\\\/miumjau.ee\\\/\",\"logo\":{\"@type\":\"ImageObject\",\"inLanguage\":\"fi\",\"@id\":\"https:\\\/\\\/miumjau.ee\\\/#\\\/schema\\\/logo\\\/image\\\/\",\"url\":\"https:\\\/\\\/miumjau.ee\\\/wp-content\\\/uploads\\\/2022\\\/04\\\/MiuMjau-logo-kollane.png\",\"contentUrl\":\"https:\\\/\\\/miumjau.ee\\\/wp-content\\\/uploads\\\/2022\\\/04\\\/MiuMjau-logo-kollane.png\",\"width\":219,\"height\":100,\"caption\":\"MiuMjau O\u00dc\"},\"image\":{\"@id\":\"https:\\\/\\\/miumjau.ee\\\/#\\\/schema\\\/logo\\\/image\\\/\"},\"sameAs\":[\"https:\\\/\\\/www.facebook.com\\\/miumjaupood\\\/\"]}]}<\/script>\n<!-- \/ Yoast SEO plugin. -->","yoast_head_json":{"title":"Brit Care Kitten kuivaruoka kalkkunan ja kanan kissanpennulle 7kg - MiuMjau","description":"Brit Care -kuivaruoka kissanpennuille, joka tukee niiden kehityst\u00e4. Todella herkullinen ja luotettava valinta karvaiselle yst\u00e4v\u00e4llesi!","robots":{"index":"index","follow":"follow","max-snippet":"max-snippet:-1","max-image-preview":"max-image-preview:large","max-video-preview":"max-video-preview:-1"},"canonical":"https:\/\/miumjau.ee\/fi\/tuote\/brit-care-kitten-kuivaruoka-kalkkunan-ja-kanan-kissanpennulle-400g-kopeeri\/","og_locale":"fi_FI","og_type":"article","og_title":"Brit Care Kitten kuivaruoka kalkkunan ja kanan kissanpennulle 7kg - MiuMjau","og_description":"Brit Care -kuivaruoka kissanpennuille, joka tukee niiden kehityst\u00e4. Todella herkullinen ja luotettava valinta karvaiselle yst\u00e4v\u00e4llesi!","og_url":"https:\/\/miumjau.ee\/fi\/tuote\/brit-care-kitten-kuivaruoka-kalkkunan-ja-kanan-kissanpennulle-400g-kopeeri\/","og_site_name":"MiuMjau","article_publisher":"https:\/\/www.facebook.com\/miumjaupood\/","article_modified_time":"2026-01-07T20:53:34+00:00","og_image":[{"width":600,"height":800,"url":"https:\/\/miumjau.ee\/wp-content\/uploads\/2025\/02\/brit-care-kuivtoit1.jpg","type":"image\/jpeg"}],"twitter_card":"summary_large_image","schema":{"@context":"https:\/\/schema.org","@graph":[{"@type":"WebPage","@id":"https:\/\/miumjau.ee\/fi\/tuote\/brit-care-kitten-kuivaruoka-kalkkunan-ja-kanan-kissanpennulle-400g-kopeeri\/","url":"https:\/\/miumjau.ee\/fi\/tuote\/brit-care-kitten-kuivaruoka-kalkkunan-ja-kanan-kissanpennulle-400g-kopeeri\/","name":"Brit Care Kitten kuivaruoka kalkkunan ja kanan kissanpennulle 7kg - MiuMjau","isPartOf":{"@id":"https:\/\/miumjau.ee\/#website"},"primaryImageOfPage":{"@id":"https:\/\/miumjau.ee\/fi\/tuote\/brit-care-kitten-kuivaruoka-kalkkunan-ja-kanan-kissanpennulle-400g-kopeeri\/#primaryimage"},"image":{"@id":"https:\/\/miumjau.ee\/fi\/tuote\/brit-care-kitten-kuivaruoka-kalkkunan-ja-kanan-kissanpennulle-400g-kopeeri\/#primaryimage"},"thumbnailUrl":"https:\/\/miumjau.ee\/wp-content\/uploads\/2025\/02\/brit-care-kuivtoit1.jpg","datePublished":"2025-03-23T15:34:59+00:00","dateModified":"2026-01-07T20:53:34+00:00","description":"Brit Care -kuivaruoka kissanpennuille, joka tukee niiden kehityst\u00e4. Todella herkullinen ja luotettava valinta karvaiselle yst\u00e4v\u00e4llesi!","breadcrumb":{"@id":"https:\/\/miumjau.ee\/fi\/tuote\/brit-care-kitten-kuivaruoka-kalkkunan-ja-kanan-kissanpennulle-400g-kopeeri\/#breadcrumb"},"inLanguage":"fi","potentialAction":[{"@type":"ReadAction","target":["https:\/\/miumjau.ee\/fi\/tuote\/brit-care-kitten-kuivaruoka-kalkkunan-ja-kanan-kissanpennulle-400g-kopeeri\/"]}]},{"@type":"ImageObject","inLanguage":"fi","@id":"https:\/\/miumjau.ee\/fi\/tuote\/brit-care-kitten-kuivaruoka-kalkkunan-ja-kanan-kissanpennulle-400g-kopeeri\/#primaryimage","url":"https:\/\/miumjau.ee\/wp-content\/uploads\/2025\/02\/brit-care-kuivtoit1.jpg","contentUrl":"https:\/\/miumjau.ee\/wp-content\/uploads\/2025\/02\/brit-care-kuivtoit1.jpg","width":600,"height":800,"caption":"Brit Care Kitten kuivtoit kassipojale kalkuni ja kanaga 400g"},{"@type":"BreadcrumbList","@id":"https:\/\/miumjau.ee\/fi\/tuote\/brit-care-kitten-kuivaruoka-kalkkunan-ja-kanan-kissanpennulle-400g-kopeeri\/#breadcrumb","itemListElement":[{"@type":"ListItem","position":1,"name":"Home","item":"https:\/\/miumjau.ee\/fi\/"},{"@type":"ListItem","position":2,"name":"Kauppa","item":"https:\/\/miumjau.ee\/fi\/kauppa\/"},{"@type":"ListItem","position":3,"name":"Brit Care Kitten kuivaruoka kalkkunan ja kanan kissanpennulle 7kg"}]},{"@type":"WebSite","@id":"https:\/\/miumjau.ee\/#website","url":"https:\/\/miumjau.ee\/","name":"MiuMjau","description":"Kraapimispuud kassidele","publisher":{"@id":"https:\/\/miumjau.ee\/#organization"},"potentialAction":[{"@type":"SearchAction","target":{"@type":"EntryPoint","urlTemplate":"https:\/\/miumjau.ee\/?s={search_term_string}"},"query-input":{"@type":"PropertyValueSpecification","valueRequired":true,"valueName":"search_term_string"}}],"inLanguage":"fi"},{"@type":"Organization","@id":"https:\/\/miumjau.ee\/#organization","name":"MiuMjau O\u00dc","url":"https:\/\/miumjau.ee\/","logo":{"@type":"ImageObject","inLanguage":"fi","@id":"https:\/\/miumjau.ee\/#\/schema\/logo\/image\/","url":"https:\/\/miumjau.ee\/wp-content\/uploads\/2022\/04\/MiuMjau-logo-kollane.png","contentUrl":"https:\/\/miumjau.ee\/wp-content\/uploads\/2022\/04\/MiuMjau-logo-kollane.png","width":219,"height":100,"caption":"MiuMjau O\u00dc"},"image":{"@id":"https:\/\/miumjau.ee\/#\/schema\/logo\/image\/"},"sameAs":["https:\/\/www.facebook.com\/miumjaupood\/"]}]}},"_links":{"self":[{"href":"https:\/\/miumjau.ee\/fi\/wp-json\/wp\/v2\/product\/30175","targetHints":{"allow":["GET"]}}],"collection":[{"href":"https:\/\/miumjau.ee\/fi\/wp-json\/wp\/v2\/product"}],"about":[{"href":"https:\/\/miumjau.ee\/fi\/wp-json\/wp\/v2\/types\/product"}],"wp:featuredmedia":[{"embeddable":true,"href":"https:\/\/miumjau.ee\/fi\/wp-json\/wp\/v2\/media\/27406"}],"wp:attachment":[{"href":"https:\/\/miumjau.ee\/fi\/wp-json\/wp\/v2\/media?parent=30175"}],"wp:term":[{"taxonomy":"product_brand","embeddable":true,"href":"https:\/\/miumjau.ee\/fi\/wp-json\/wp\/v2\/product_brand?post=30175"},{"taxonomy":"product_cat","embeddable":true,"href":"https:\/\/miumjau.ee\/fi\/wp-json\/wp\/v2\/product_cat?post=30175"},{"taxonomy":"product_tag","embeddable":true,"href":"https:\/\/miumjau.ee\/fi\/wp-json\/wp\/v2\/product_tag?post=30175"}],"curies":[{"name":"wp","href":"https:\/\/api.w.org\/{rel}","templated":true}]}}