{"id":30126,"date":"2024-10-18T14:45:52","date_gmt":"2024-10-18T11:45:52","guid":{"rendered":"https:\/\/miumjau.ee\/toode\/kissanhiekkalaatikko-minus-one-s-beige\/"},"modified":"2026-01-07T22:53:34","modified_gmt":"2026-01-07T20:53:34","slug":"kissanhiekkalaatikko-minus-one-s-beige","status":"publish","type":"product","link":"https:\/\/miumjau.ee\/fi\/tuote\/kissanhiekkalaatikko-minus-one-s-beige\/","title":{"rendered":"Kissanhiekkalaatikko Minus One S, beige"},"content":{"rendered":"","protected":false},"excerpt":{"rendered":"<p>Minus One kissanhiekkalaatikko on k\u00e4yt\u00e4nn\u00f6llinen, k\u00e4tev\u00e4 k\u00e4ytt\u00e4\u00e4 ja my\u00f6s silm\u00e4\u00e4 miellytt\u00e4v\u00e4. Tuote on valmistettu kierr\u00e4tetyst\u00e4 muovista. T\u00e4ss\u00e4 hiekkalaatikossa on eritt\u00e4in hyv\u00e4 reuna, joka vet\u00e4\u00e4 ylim\u00e4\u00e4r\u00e4isen hiekan pois kissan tassuista, jolloin kissa kantaa v\u00e4hemm\u00e4n hiekkaa ulos laatikosta.<\/p>\n<p>Tuotteen paino: 0,6 kg<br \/>\nKorkeus 18,4 cm<br \/>\nPituus 47,9 cm<br \/>\nLeveys 39,4 cm<\/p>\n<p>Saatavilla nyt!<\/p>\n","protected":false},"featured_media":22608,"template":"","meta":[],"product_brand":[],"product_cat":[287],"product_tag":[],"class_list":{"0":"post-30126","1":"product","2":"type-product","3":"status-publish","4":"has-post-thumbnail","6":"product_cat-hiekkalaatikot","8":"first","9":"instock","10":"taxable","11":"shipping-taxable","12":"purchasable","13":"product-type-simple"},"yoast_head":"<!-- This site is optimized with the Yoast SEO plugin v27.2 - https:\/\/yoast.com\/product\/yoast-seo-wordpress\/ -->\n<title>Kissanhiekkalaatikko Minus One S, beige - MiuMjau<\/title>\n<meta name=\"description\" content=\"Hiekkalaatikko kissullesi p\u00e4ivitt\u00e4isiin askareisiin. Helppo k\u00e4ytt\u00e4\u00e4, puhdistaa ja auttaa poistamaan ylim\u00e4\u00e4r\u00e4isen hiekan tassuista.\" \/>\n<meta name=\"robots\" content=\"index, follow, max-snippet:-1, max-image-preview:large, max-video-preview:-1\" \/>\n<link rel=\"canonical\" href=\"https:\/\/miumjau.ee\/fi\/tuote\/kissanhiekkalaatikko-minus-one-s-beige\/\" \/>\n<meta property=\"og:locale\" content=\"fi_FI\" \/>\n<meta property=\"og:type\" content=\"article\" \/>\n<meta property=\"og:title\" content=\"Kissanhiekkalaatikko Minus One S, beige - MiuMjau\" \/>\n<meta property=\"og:description\" content=\"Hiekkalaatikko kissullesi p\u00e4ivitt\u00e4isiin askareisiin. Helppo k\u00e4ytt\u00e4\u00e4, puhdistaa ja auttaa poistamaan ylim\u00e4\u00e4r\u00e4isen hiekan tassuista.\" \/>\n<meta property=\"og:url\" content=\"https:\/\/miumjau.ee\/fi\/tuote\/kissanhiekkalaatikko-minus-one-s-beige\/\" \/>\n<meta property=\"og:site_name\" content=\"MiuMjau\" \/>\n<meta property=\"article:publisher\" content=\"https:\/\/www.facebook.com\/miumjaupood\/\" \/>\n<meta property=\"article:modified_time\" content=\"2026-01-07T20:53:34+00:00\" \/>\n<meta property=\"og:image\" content=\"https:\/\/miumjau.ee\/wp-content\/uploads\/2024\/10\/liivakast-minus-one2.jpg\" \/>\n\t<meta property=\"og:image:width\" content=\"600\" \/>\n\t<meta property=\"og:image:height\" content=\"800\" \/>\n\t<meta property=\"og:image:type\" content=\"image\/jpeg\" \/>\n<meta name=\"twitter:card\" content=\"summary_large_image\" \/>\n<script type=\"application\/ld+json\" class=\"yoast-schema-graph\">{\"@context\":\"https:\/\/schema.org\",\"@graph\":[{\"@type\":\"WebPage\",\"@id\":\"https:\/\/miumjau.ee\/fi\/tuote\/kissanhiekkalaatikko-minus-one-s-beige\/\",\"url\":\"https:\/\/miumjau.ee\/fi\/tuote\/kissanhiekkalaatikko-minus-one-s-beige\/\",\"name\":\"Kissanhiekkalaatikko Minus One S, beige - MiuMjau\",\"isPartOf\":{\"@id\":\"https:\/\/miumjau.ee\/#website\"},\"primaryImageOfPage\":{\"@id\":\"https:\/\/miumjau.ee\/fi\/tuote\/kissanhiekkalaatikko-minus-one-s-beige\/#primaryimage\"},\"image\":{\"@id\":\"https:\/\/miumjau.ee\/fi\/tuote\/kissanhiekkalaatikko-minus-one-s-beige\/#primaryimage\"},\"thumbnailUrl\":\"https:\/\/miumjau.ee\/wp-content\/uploads\/2024\/10\/liivakast-minus-one2.jpg\",\"datePublished\":\"2024-10-18T11:45:52+00:00\",\"dateModified\":\"2026-01-07T20:53:34+00:00\",\"description\":\"Hiekkalaatikko kissullesi p\u00e4ivitt\u00e4isiin askareisiin. Helppo k\u00e4ytt\u00e4\u00e4, puhdistaa ja auttaa poistamaan ylim\u00e4\u00e4r\u00e4isen hiekan tassuista.\",\"breadcrumb\":{\"@id\":\"https:\/\/miumjau.ee\/fi\/tuote\/kissanhiekkalaatikko-minus-one-s-beige\/#breadcrumb\"},\"inLanguage\":\"fi\",\"potentialAction\":[{\"@type\":\"ReadAction\",\"target\":[\"https:\/\/miumjau.ee\/fi\/tuote\/kissanhiekkalaatikko-minus-one-s-beige\/\"]}]},{\"@type\":\"ImageObject\",\"inLanguage\":\"fi\",\"@id\":\"https:\/\/miumjau.ee\/fi\/tuote\/kissanhiekkalaatikko-minus-one-s-beige\/#primaryimage\",\"url\":\"https:\/\/miumjau.ee\/wp-content\/uploads\/2024\/10\/liivakast-minus-one2.jpg\",\"contentUrl\":\"https:\/\/miumjau.ee\/wp-content\/uploads\/2024\/10\/liivakast-minus-one2.jpg\",\"width\":600,\"height\":800,\"caption\":\"Liivakast kassile MInus One\"},{\"@type\":\"BreadcrumbList\",\"@id\":\"https:\/\/miumjau.ee\/fi\/tuote\/kissanhiekkalaatikko-minus-one-s-beige\/#breadcrumb\",\"itemListElement\":[{\"@type\":\"ListItem\",\"position\":1,\"name\":\"Home\",\"item\":\"https:\/\/miumjau.ee\/fi\/\"},{\"@type\":\"ListItem\",\"position\":2,\"name\":\"Kauppa\",\"item\":\"https:\/\/miumjau.ee\/fi\/kauppa\/\"},{\"@type\":\"ListItem\",\"position\":3,\"name\":\"Kissanhiekkalaatikko Minus One S, beige\"}]},{\"@type\":\"WebSite\",\"@id\":\"https:\/\/miumjau.ee\/#website\",\"url\":\"https:\/\/miumjau.ee\/\",\"name\":\"MiuMjau\",\"description\":\"Kraapimispuud kassidele\",\"publisher\":{\"@id\":\"https:\/\/miumjau.ee\/#organization\"},\"potentialAction\":[{\"@type\":\"SearchAction\",\"target\":{\"@type\":\"EntryPoint\",\"urlTemplate\":\"https:\/\/miumjau.ee\/?s={search_term_string}\"},\"query-input\":{\"@type\":\"PropertyValueSpecification\",\"valueRequired\":true,\"valueName\":\"search_term_string\"}}],\"inLanguage\":\"fi\"},{\"@type\":\"Organization\",\"@id\":\"https:\/\/miumjau.ee\/#organization\",\"name\":\"MiuMjau O\u00dc\",\"url\":\"https:\/\/miumjau.ee\/\",\"logo\":{\"@type\":\"ImageObject\",\"inLanguage\":\"fi\",\"@id\":\"https:\/\/miumjau.ee\/#\/schema\/logo\/image\/\",\"url\":\"https:\/\/miumjau.ee\/wp-content\/uploads\/2022\/04\/MiuMjau-logo-kollane.png\",\"contentUrl\":\"https:\/\/miumjau.ee\/wp-content\/uploads\/2022\/04\/MiuMjau-logo-kollane.png\",\"width\":219,\"height\":100,\"caption\":\"MiuMjau O\u00dc\"},\"image\":{\"@id\":\"https:\/\/miumjau.ee\/#\/schema\/logo\/image\/\"},\"sameAs\":[\"https:\/\/www.facebook.com\/miumjaupood\/\"]}]}<\/script>\n<!-- \/ Yoast SEO plugin. -->","yoast_head_json":{"title":"Kissanhiekkalaatikko Minus One S, beige - MiuMjau","description":"Hiekkalaatikko kissullesi p\u00e4ivitt\u00e4isiin askareisiin. Helppo k\u00e4ytt\u00e4\u00e4, puhdistaa ja auttaa poistamaan ylim\u00e4\u00e4r\u00e4isen hiekan tassuista.","robots":{"index":"index","follow":"follow","max-snippet":"max-snippet:-1","max-image-preview":"max-image-preview:large","max-video-preview":"max-video-preview:-1"},"canonical":"https:\/\/miumjau.ee\/fi\/tuote\/kissanhiekkalaatikko-minus-one-s-beige\/","og_locale":"fi_FI","og_type":"article","og_title":"Kissanhiekkalaatikko Minus One S, beige - MiuMjau","og_description":"Hiekkalaatikko kissullesi p\u00e4ivitt\u00e4isiin askareisiin. Helppo k\u00e4ytt\u00e4\u00e4, puhdistaa ja auttaa poistamaan ylim\u00e4\u00e4r\u00e4isen hiekan tassuista.","og_url":"https:\/\/miumjau.ee\/fi\/tuote\/kissanhiekkalaatikko-minus-one-s-beige\/","og_site_name":"MiuMjau","article_publisher":"https:\/\/www.facebook.com\/miumjaupood\/","article_modified_time":"2026-01-07T20:53:34+00:00","og_image":[{"width":600,"height":800,"url":"https:\/\/miumjau.ee\/wp-content\/uploads\/2024\/10\/liivakast-minus-one2.jpg","type":"image\/jpeg"}],"twitter_card":"summary_large_image","schema":{"@context":"https:\/\/schema.org","@graph":[{"@type":"WebPage","@id":"https:\/\/miumjau.ee\/fi\/tuote\/kissanhiekkalaatikko-minus-one-s-beige\/","url":"https:\/\/miumjau.ee\/fi\/tuote\/kissanhiekkalaatikko-minus-one-s-beige\/","name":"Kissanhiekkalaatikko Minus One S, beige - MiuMjau","isPartOf":{"@id":"https:\/\/miumjau.ee\/#website"},"primaryImageOfPage":{"@id":"https:\/\/miumjau.ee\/fi\/tuote\/kissanhiekkalaatikko-minus-one-s-beige\/#primaryimage"},"image":{"@id":"https:\/\/miumjau.ee\/fi\/tuote\/kissanhiekkalaatikko-minus-one-s-beige\/#primaryimage"},"thumbnailUrl":"https:\/\/miumjau.ee\/wp-content\/uploads\/2024\/10\/liivakast-minus-one2.jpg","datePublished":"2024-10-18T11:45:52+00:00","dateModified":"2026-01-07T20:53:34+00:00","description":"Hiekkalaatikko kissullesi p\u00e4ivitt\u00e4isiin askareisiin. Helppo k\u00e4ytt\u00e4\u00e4, puhdistaa ja auttaa poistamaan ylim\u00e4\u00e4r\u00e4isen hiekan tassuista.","breadcrumb":{"@id":"https:\/\/miumjau.ee\/fi\/tuote\/kissanhiekkalaatikko-minus-one-s-beige\/#breadcrumb"},"inLanguage":"fi","potentialAction":[{"@type":"ReadAction","target":["https:\/\/miumjau.ee\/fi\/tuote\/kissanhiekkalaatikko-minus-one-s-beige\/"]}]},{"@type":"ImageObject","inLanguage":"fi","@id":"https:\/\/miumjau.ee\/fi\/tuote\/kissanhiekkalaatikko-minus-one-s-beige\/#primaryimage","url":"https:\/\/miumjau.ee\/wp-content\/uploads\/2024\/10\/liivakast-minus-one2.jpg","contentUrl":"https:\/\/miumjau.ee\/wp-content\/uploads\/2024\/10\/liivakast-minus-one2.jpg","width":600,"height":800,"caption":"Liivakast kassile MInus One"},{"@type":"BreadcrumbList","@id":"https:\/\/miumjau.ee\/fi\/tuote\/kissanhiekkalaatikko-minus-one-s-beige\/#breadcrumb","itemListElement":[{"@type":"ListItem","position":1,"name":"Home","item":"https:\/\/miumjau.ee\/fi\/"},{"@type":"ListItem","position":2,"name":"Kauppa","item":"https:\/\/miumjau.ee\/fi\/kauppa\/"},{"@type":"ListItem","position":3,"name":"Kissanhiekkalaatikko Minus One S, beige"}]},{"@type":"WebSite","@id":"https:\/\/miumjau.ee\/#website","url":"https:\/\/miumjau.ee\/","name":"MiuMjau","description":"Kraapimispuud kassidele","publisher":{"@id":"https:\/\/miumjau.ee\/#organization"},"potentialAction":[{"@type":"SearchAction","target":{"@type":"EntryPoint","urlTemplate":"https:\/\/miumjau.ee\/?s={search_term_string}"},"query-input":{"@type":"PropertyValueSpecification","valueRequired":true,"valueName":"search_term_string"}}],"inLanguage":"fi"},{"@type":"Organization","@id":"https:\/\/miumjau.ee\/#organization","name":"MiuMjau O\u00dc","url":"https:\/\/miumjau.ee\/","logo":{"@type":"ImageObject","inLanguage":"fi","@id":"https:\/\/miumjau.ee\/#\/schema\/logo\/image\/","url":"https:\/\/miumjau.ee\/wp-content\/uploads\/2022\/04\/MiuMjau-logo-kollane.png","contentUrl":"https:\/\/miumjau.ee\/wp-content\/uploads\/2022\/04\/MiuMjau-logo-kollane.png","width":219,"height":100,"caption":"MiuMjau O\u00dc"},"image":{"@id":"https:\/\/miumjau.ee\/#\/schema\/logo\/image\/"},"sameAs":["https:\/\/www.facebook.com\/miumjaupood\/"]}]}},"_links":{"self":[{"href":"https:\/\/miumjau.ee\/fi\/wp-json\/wp\/v2\/product\/30126","targetHints":{"allow":["GET"]}}],"collection":[{"href":"https:\/\/miumjau.ee\/fi\/wp-json\/wp\/v2\/product"}],"about":[{"href":"https:\/\/miumjau.ee\/fi\/wp-json\/wp\/v2\/types\/product"}],"wp:featuredmedia":[{"embeddable":true,"href":"https:\/\/miumjau.ee\/fi\/wp-json\/wp\/v2\/media\/22608"}],"wp:attachment":[{"href":"https:\/\/miumjau.ee\/fi\/wp-json\/wp\/v2\/media?parent=30126"}],"wp:term":[{"taxonomy":"product_brand","embeddable":true,"href":"https:\/\/miumjau.ee\/fi\/wp-json\/wp\/v2\/product_brand?post=30126"},{"taxonomy":"product_cat","embeddable":true,"href":"https:\/\/miumjau.ee\/fi\/wp-json\/wp\/v2\/product_cat?post=30126"},{"taxonomy":"product_tag","embeddable":true,"href":"https:\/\/miumjau.ee\/fi\/wp-json\/wp\/v2\/product_tag?post=30126"}],"curies":[{"name":"wp","href":"https:\/\/api.w.org\/{rel}","templated":true}]}}