{"id":29487,"date":"2024-11-08T12:47:12","date_gmt":"2024-11-08T10:47:12","guid":{"rendered":"https:\/\/miumjau.ee\/toode\/carnilove-true-fresh-kissan-kuivaruoka-kalalla-0-34-kg\/"},"modified":"2026-01-07T22:53:42","modified_gmt":"2026-01-07T20:53:42","slug":"carnilove-true-fresh-kissan-kuivaruoka-kalalla-0-34-kg","status":"publish","type":"product","link":"https:\/\/miumjau.ee\/fi\/tuote\/carnilove-true-fresh-kissan-kuivaruoka-kalalla-0-34-kg\/","title":{"rendered":"Carnilove True Fresh kissan kuivaruoka kalalla 0.34 kg"},"content":{"rendered":"","protected":false},"excerpt":{"rendered":"<p>Uniikki reseptin valmistusmenetelm\u00e4 s\u00e4ilytt\u00e4\u00e4 alkuper\u00e4isten ainesosien ominaisuudet ja tyydytt\u00e4\u00e4 kissojen luonnolliset vaistot. Reseptiss\u00e4 k\u00e4ytett\u00e4v\u00e4 tuore kala takaa erinomaisen maun, hyv\u00e4n sulavuuden ja luonnollisemman ruokamuodon. Lohiki\u00f6ljy vaikuttaa tulehdusta est\u00e4v\u00e4sti, auttaa yll\u00e4pit\u00e4m\u00e4\u00e4n kissan turkin ja ihon kuntoa sek\u00e4 toimii ennaltaehk\u00e4isev\u00e4n\u00e4 aineena ihon herkkyyden ja allergioiden kehittymist\u00e4 vastaan. Omega-3-rasvahapot tuoreesta kalasta ja lohiki\u00f6ljyst\u00e4 ovat eritt\u00e4in hy\u00f6dyllisi\u00e4 el\u00e4imen yleisen terveyden yll\u00e4pit\u00e4miseksi. Ne auttavat hidastamaan ihon ik\u00e4\u00e4ntymist\u00e4, tukevat syd\u00e4men terveytt\u00e4 ja varmistavat oikean n\u00e4\u00f6n sek\u00e4 hermoston kehittymisen. Karhut, tyrnit, mustikat ja vesikressi ovat erinomaisia antioksidanttien l\u00e4hteit\u00e4.<\/p>\n<p>Carnilove True Fresh Cat Fresh Fish -reseptien samankaltaiset ainesosat mahdollistavat erilaisten proteiinien vuorottelun, jotta ruoka pysyy pidemp\u00e4\u00e4n houkuttelevana eik\u00e4 kissa kyll\u00e4sty siihen.<\/p>\n<p>Luonnolliset ainesosat ovat toiminnallisia ja toimivat erinomaisesti yhdess\u00e4 t\u00e4ydent\u00e4en toisiaan.<\/p>\n<p>Ainesosat: Tuore kala (70%), herneproteiini, punaiset linssit, tattari (4%), luonnolliset aromit, kananrasva, lohiki\u00f6ljy (1%), natriumkloridi, kaliumkloridi, kuivatut ruskeat merilev\u00e4t (0,5%), vesikressin proteiini (0,5%), hernejauho, kuivatut tyrnit (0,2%), kuivattu inkiv\u00e4\u00e4ri (0,1%), kuivatut mustikat (0,1%), kuivattu rosmariini (0,1%), kuivatut karhut (0,1%), kuivattu timjami (0,1%), olutpohjainen hiiva (mannan-oligosakkaridi, 0,015%), sikurijuuri (frukto-oligosakkaridi, 0,015%), tavallinen juuka (0,008%).<\/p>\n<p>Lis\u00e4aineet 1 kg: A-vitamiini (3a672a) 20 000 TV, D3-vitamiini (3a671) 800 TV, E-vitamiini (3a700) 600 mg, C-vitamiini (3a312) 300 mg, tauriini (3a370) 2 500 mg, koliinikloridi (3a890) 3 000 mg, karnitiini (3a910) 100 mg, biotiini (3a880) 2 mg, niasiiniamidi (3a315) 50 mg, jodi (3b201) 4 mg, sinkki (3b606) 120 mg, mangaani (3b504) 55 mg, kupari (3b406) 10 mg, rauta (3b106) 45 mg, seleeni (3b810) 0,2 mg, metioniini (3c305) 5 000 mg. Sis\u00e4lt\u00e4\u00e4 luonnollisia antioksidantteja: tokoferoliekstrakteja kasvi\u00f6ljyist\u00e4 (1b306(i)), askorbyleeni (1b304) ja rosmariinin ekstrakti.<\/p>\n<p>Analysoitavat ainesosat: raakaproteiini 35%, raakarasva 14%, raakatuhka 9,8%, raakakuitu 3,6%, kosteus 10%, kalsium 1%, fosfori 0,8%, natrium 1,3%, omega-3 0,9%, omega-6 1,1%, EPA (20:5 n-3) 0,2%, DHA (22:6 n-3) 0,25%.<\/p>\n<p>Metabolinen energia: 3 620 kcal\/kg.<\/p>\n","protected":false},"featured_media":23931,"template":"","meta":[],"product_brand":[],"product_cat":[255],"product_tag":[],"class_list":{"0":"post-29487","1":"product","2":"type-product","3":"status-publish","4":"has-post-thumbnail","6":"product_cat-kuiva-ruoka","8":"first","9":"instock","10":"sale","11":"taxable","12":"shipping-taxable","13":"purchasable","14":"product-type-simple"},"yoast_head":"<!-- This site is optimized with the Yoast SEO plugin v27.4 - https:\/\/yoast.com\/product\/yoast-seo-wordpress\/ -->\n<title>Carnilove True Fresh kissan kuivaruoka kalalla 0.34 kg - MiuMjau<\/title>\n<meta name=\"description\" content=\"Carnilove True Fresh kuivaruoassa kalalla on viljaton, terveellinen ja todella maukas. Onko kissasi jo saanut Carnilovea?\" \/>\n<meta name=\"robots\" content=\"index, follow, max-snippet:-1, max-image-preview:large, max-video-preview:-1\" \/>\n<link rel=\"canonical\" href=\"https:\/\/miumjau.ee\/fi\/tuote\/carnilove-true-fresh-kissan-kuivaruoka-kalalla-0-34-kg\/\" \/>\n<meta property=\"og:locale\" content=\"fi_FI\" \/>\n<meta property=\"og:type\" content=\"article\" \/>\n<meta property=\"og:title\" content=\"Carnilove True Fresh kissan kuivaruoka kalalla 0.34 kg - MiuMjau\" \/>\n<meta property=\"og:description\" content=\"Carnilove True Fresh kuivaruoassa kalalla on viljaton, terveellinen ja todella maukas. Onko kissasi jo saanut Carnilovea?\" \/>\n<meta property=\"og:url\" content=\"https:\/\/miumjau.ee\/fi\/tuote\/carnilove-true-fresh-kissan-kuivaruoka-kalalla-0-34-kg\/\" \/>\n<meta property=\"og:site_name\" content=\"MiuMjau\" \/>\n<meta property=\"article:publisher\" content=\"https:\/\/www.facebook.com\/miumjaupood\/\" \/>\n<meta property=\"article:modified_time\" content=\"2026-01-07T20:53:42+00:00\" \/>\n<meta property=\"og:image\" content=\"https:\/\/miumjau.ee\/wp-content\/uploads\/2024\/11\/carnilove-kuivtoit-kassile-true-fresh1-Photoroom.jpg\" \/>\n\t<meta property=\"og:image:width\" content=\"600\" \/>\n\t<meta property=\"og:image:height\" content=\"800\" \/>\n\t<meta property=\"og:image:type\" content=\"image\/jpeg\" \/>\n<meta name=\"twitter:card\" content=\"summary_large_image\" \/>\n<script type=\"application\/ld+json\" class=\"yoast-schema-graph\">{\"@context\":\"https:\\\/\\\/schema.org\",\"@graph\":[{\"@type\":\"WebPage\",\"@id\":\"https:\\\/\\\/miumjau.ee\\\/fi\\\/tuote\\\/carnilove-true-fresh-kissan-kuivaruoka-kalalla-0-34-kg\\\/\",\"url\":\"https:\\\/\\\/miumjau.ee\\\/fi\\\/tuote\\\/carnilove-true-fresh-kissan-kuivaruoka-kalalla-0-34-kg\\\/\",\"name\":\"Carnilove True Fresh kissan kuivaruoka kalalla 0.34 kg - MiuMjau\",\"isPartOf\":{\"@id\":\"https:\\\/\\\/miumjau.ee\\\/#website\"},\"primaryImageOfPage\":{\"@id\":\"https:\\\/\\\/miumjau.ee\\\/fi\\\/tuote\\\/carnilove-true-fresh-kissan-kuivaruoka-kalalla-0-34-kg\\\/#primaryimage\"},\"image\":{\"@id\":\"https:\\\/\\\/miumjau.ee\\\/fi\\\/tuote\\\/carnilove-true-fresh-kissan-kuivaruoka-kalalla-0-34-kg\\\/#primaryimage\"},\"thumbnailUrl\":\"https:\\\/\\\/miumjau.ee\\\/wp-content\\\/uploads\\\/2024\\\/11\\\/carnilove-kuivtoit-kassile-true-fresh1-Photoroom.jpg\",\"datePublished\":\"2024-11-08T10:47:12+00:00\",\"dateModified\":\"2026-01-07T20:53:42+00:00\",\"description\":\"Carnilove True Fresh kuivaruoassa kalalla on viljaton, terveellinen ja todella maukas. Onko kissasi jo saanut Carnilovea?\",\"breadcrumb\":{\"@id\":\"https:\\\/\\\/miumjau.ee\\\/fi\\\/tuote\\\/carnilove-true-fresh-kissan-kuivaruoka-kalalla-0-34-kg\\\/#breadcrumb\"},\"inLanguage\":\"fi\",\"potentialAction\":[{\"@type\":\"ReadAction\",\"target\":[\"https:\\\/\\\/miumjau.ee\\\/fi\\\/tuote\\\/carnilove-true-fresh-kissan-kuivaruoka-kalalla-0-34-kg\\\/\"]}]},{\"@type\":\"ImageObject\",\"inLanguage\":\"fi\",\"@id\":\"https:\\\/\\\/miumjau.ee\\\/fi\\\/tuote\\\/carnilove-true-fresh-kissan-kuivaruoka-kalalla-0-34-kg\\\/#primaryimage\",\"url\":\"https:\\\/\\\/miumjau.ee\\\/wp-content\\\/uploads\\\/2024\\\/11\\\/carnilove-kuivtoit-kassile-true-fresh1-Photoroom.jpg\",\"contentUrl\":\"https:\\\/\\\/miumjau.ee\\\/wp-content\\\/uploads\\\/2024\\\/11\\\/carnilove-kuivtoit-kassile-true-fresh1-Photoroom.jpg\",\"width\":600,\"height\":800,\"caption\":\"Carnilove True Fresh kuivtoit kassile kalaga 1.8 kg\"},{\"@type\":\"BreadcrumbList\",\"@id\":\"https:\\\/\\\/miumjau.ee\\\/fi\\\/tuote\\\/carnilove-true-fresh-kissan-kuivaruoka-kalalla-0-34-kg\\\/#breadcrumb\",\"itemListElement\":[{\"@type\":\"ListItem\",\"position\":1,\"name\":\"Home\",\"item\":\"https:\\\/\\\/miumjau.ee\\\/fi\\\/\"},{\"@type\":\"ListItem\",\"position\":2,\"name\":\"Kauppa\",\"item\":\"https:\\\/\\\/miumjau.ee\\\/fi\\\/kauppa\\\/\"},{\"@type\":\"ListItem\",\"position\":3,\"name\":\"Carnilove True Fresh kissan kuivaruoka kalalla 0.34 kg\"}]},{\"@type\":\"WebSite\",\"@id\":\"https:\\\/\\\/miumjau.ee\\\/#website\",\"url\":\"https:\\\/\\\/miumjau.ee\\\/\",\"name\":\"MiuMjau\",\"description\":\"Kraapimispuud kassidele\",\"publisher\":{\"@id\":\"https:\\\/\\\/miumjau.ee\\\/#organization\"},\"potentialAction\":[{\"@type\":\"SearchAction\",\"target\":{\"@type\":\"EntryPoint\",\"urlTemplate\":\"https:\\\/\\\/miumjau.ee\\\/?s={search_term_string}\"},\"query-input\":{\"@type\":\"PropertyValueSpecification\",\"valueRequired\":true,\"valueName\":\"search_term_string\"}}],\"inLanguage\":\"fi\"},{\"@type\":\"Organization\",\"@id\":\"https:\\\/\\\/miumjau.ee\\\/#organization\",\"name\":\"MiuMjau O\u00dc\",\"url\":\"https:\\\/\\\/miumjau.ee\\\/\",\"logo\":{\"@type\":\"ImageObject\",\"inLanguage\":\"fi\",\"@id\":\"https:\\\/\\\/miumjau.ee\\\/#\\\/schema\\\/logo\\\/image\\\/\",\"url\":\"https:\\\/\\\/miumjau.ee\\\/wp-content\\\/uploads\\\/2022\\\/04\\\/MiuMjau-logo-kollane.png\",\"contentUrl\":\"https:\\\/\\\/miumjau.ee\\\/wp-content\\\/uploads\\\/2022\\\/04\\\/MiuMjau-logo-kollane.png\",\"width\":219,\"height\":100,\"caption\":\"MiuMjau O\u00dc\"},\"image\":{\"@id\":\"https:\\\/\\\/miumjau.ee\\\/#\\\/schema\\\/logo\\\/image\\\/\"},\"sameAs\":[\"https:\\\/\\\/www.facebook.com\\\/miumjaupood\\\/\"]}]}<\/script>\n<!-- \/ Yoast SEO plugin. -->","yoast_head_json":{"title":"Carnilove True Fresh kissan kuivaruoka kalalla 0.34 kg - MiuMjau","description":"Carnilove True Fresh kuivaruoassa kalalla on viljaton, terveellinen ja todella maukas. Onko kissasi jo saanut Carnilovea?","robots":{"index":"index","follow":"follow","max-snippet":"max-snippet:-1","max-image-preview":"max-image-preview:large","max-video-preview":"max-video-preview:-1"},"canonical":"https:\/\/miumjau.ee\/fi\/tuote\/carnilove-true-fresh-kissan-kuivaruoka-kalalla-0-34-kg\/","og_locale":"fi_FI","og_type":"article","og_title":"Carnilove True Fresh kissan kuivaruoka kalalla 0.34 kg - MiuMjau","og_description":"Carnilove True Fresh kuivaruoassa kalalla on viljaton, terveellinen ja todella maukas. Onko kissasi jo saanut Carnilovea?","og_url":"https:\/\/miumjau.ee\/fi\/tuote\/carnilove-true-fresh-kissan-kuivaruoka-kalalla-0-34-kg\/","og_site_name":"MiuMjau","article_publisher":"https:\/\/www.facebook.com\/miumjaupood\/","article_modified_time":"2026-01-07T20:53:42+00:00","og_image":[{"width":600,"height":800,"url":"https:\/\/miumjau.ee\/wp-content\/uploads\/2024\/11\/carnilove-kuivtoit-kassile-true-fresh1-Photoroom.jpg","type":"image\/jpeg"}],"twitter_card":"summary_large_image","schema":{"@context":"https:\/\/schema.org","@graph":[{"@type":"WebPage","@id":"https:\/\/miumjau.ee\/fi\/tuote\/carnilove-true-fresh-kissan-kuivaruoka-kalalla-0-34-kg\/","url":"https:\/\/miumjau.ee\/fi\/tuote\/carnilove-true-fresh-kissan-kuivaruoka-kalalla-0-34-kg\/","name":"Carnilove True Fresh kissan kuivaruoka kalalla 0.34 kg - MiuMjau","isPartOf":{"@id":"https:\/\/miumjau.ee\/#website"},"primaryImageOfPage":{"@id":"https:\/\/miumjau.ee\/fi\/tuote\/carnilove-true-fresh-kissan-kuivaruoka-kalalla-0-34-kg\/#primaryimage"},"image":{"@id":"https:\/\/miumjau.ee\/fi\/tuote\/carnilove-true-fresh-kissan-kuivaruoka-kalalla-0-34-kg\/#primaryimage"},"thumbnailUrl":"https:\/\/miumjau.ee\/wp-content\/uploads\/2024\/11\/carnilove-kuivtoit-kassile-true-fresh1-Photoroom.jpg","datePublished":"2024-11-08T10:47:12+00:00","dateModified":"2026-01-07T20:53:42+00:00","description":"Carnilove True Fresh kuivaruoassa kalalla on viljaton, terveellinen ja todella maukas. Onko kissasi jo saanut Carnilovea?","breadcrumb":{"@id":"https:\/\/miumjau.ee\/fi\/tuote\/carnilove-true-fresh-kissan-kuivaruoka-kalalla-0-34-kg\/#breadcrumb"},"inLanguage":"fi","potentialAction":[{"@type":"ReadAction","target":["https:\/\/miumjau.ee\/fi\/tuote\/carnilove-true-fresh-kissan-kuivaruoka-kalalla-0-34-kg\/"]}]},{"@type":"ImageObject","inLanguage":"fi","@id":"https:\/\/miumjau.ee\/fi\/tuote\/carnilove-true-fresh-kissan-kuivaruoka-kalalla-0-34-kg\/#primaryimage","url":"https:\/\/miumjau.ee\/wp-content\/uploads\/2024\/11\/carnilove-kuivtoit-kassile-true-fresh1-Photoroom.jpg","contentUrl":"https:\/\/miumjau.ee\/wp-content\/uploads\/2024\/11\/carnilove-kuivtoit-kassile-true-fresh1-Photoroom.jpg","width":600,"height":800,"caption":"Carnilove True Fresh kuivtoit kassile kalaga 1.8 kg"},{"@type":"BreadcrumbList","@id":"https:\/\/miumjau.ee\/fi\/tuote\/carnilove-true-fresh-kissan-kuivaruoka-kalalla-0-34-kg\/#breadcrumb","itemListElement":[{"@type":"ListItem","position":1,"name":"Home","item":"https:\/\/miumjau.ee\/fi\/"},{"@type":"ListItem","position":2,"name":"Kauppa","item":"https:\/\/miumjau.ee\/fi\/kauppa\/"},{"@type":"ListItem","position":3,"name":"Carnilove True Fresh kissan kuivaruoka kalalla 0.34 kg"}]},{"@type":"WebSite","@id":"https:\/\/miumjau.ee\/#website","url":"https:\/\/miumjau.ee\/","name":"MiuMjau","description":"Kraapimispuud kassidele","publisher":{"@id":"https:\/\/miumjau.ee\/#organization"},"potentialAction":[{"@type":"SearchAction","target":{"@type":"EntryPoint","urlTemplate":"https:\/\/miumjau.ee\/?s={search_term_string}"},"query-input":{"@type":"PropertyValueSpecification","valueRequired":true,"valueName":"search_term_string"}}],"inLanguage":"fi"},{"@type":"Organization","@id":"https:\/\/miumjau.ee\/#organization","name":"MiuMjau O\u00dc","url":"https:\/\/miumjau.ee\/","logo":{"@type":"ImageObject","inLanguage":"fi","@id":"https:\/\/miumjau.ee\/#\/schema\/logo\/image\/","url":"https:\/\/miumjau.ee\/wp-content\/uploads\/2022\/04\/MiuMjau-logo-kollane.png","contentUrl":"https:\/\/miumjau.ee\/wp-content\/uploads\/2022\/04\/MiuMjau-logo-kollane.png","width":219,"height":100,"caption":"MiuMjau O\u00dc"},"image":{"@id":"https:\/\/miumjau.ee\/#\/schema\/logo\/image\/"},"sameAs":["https:\/\/www.facebook.com\/miumjaupood\/"]}]}},"_links":{"self":[{"href":"https:\/\/miumjau.ee\/fi\/wp-json\/wp\/v2\/product\/29487","targetHints":{"allow":["GET"]}}],"collection":[{"href":"https:\/\/miumjau.ee\/fi\/wp-json\/wp\/v2\/product"}],"about":[{"href":"https:\/\/miumjau.ee\/fi\/wp-json\/wp\/v2\/types\/product"}],"wp:featuredmedia":[{"embeddable":true,"href":"https:\/\/miumjau.ee\/fi\/wp-json\/wp\/v2\/media\/23931"}],"wp:attachment":[{"href":"https:\/\/miumjau.ee\/fi\/wp-json\/wp\/v2\/media?parent=29487"}],"wp:term":[{"taxonomy":"product_brand","embeddable":true,"href":"https:\/\/miumjau.ee\/fi\/wp-json\/wp\/v2\/product_brand?post=29487"},{"taxonomy":"product_cat","embeddable":true,"href":"https:\/\/miumjau.ee\/fi\/wp-json\/wp\/v2\/product_cat?post=29487"},{"taxonomy":"product_tag","embeddable":true,"href":"https:\/\/miumjau.ee\/fi\/wp-json\/wp\/v2\/product_tag?post=29487"}],"curies":[{"name":"wp","href":"https:\/\/api.w.org\/{rel}","templated":true}]}}