{"id":29480,"date":"2024-11-11T11:41:11","date_gmt":"2024-11-11T09:41:11","guid":{"rendered":"https:\/\/miumjau.ee\/toode\/carnilove-markaruoka-kissalle-faasiiri-ja-vadelma-85-g\/"},"modified":"2026-01-07T22:53:42","modified_gmt":"2026-01-07T20:53:42","slug":"carnilove-markaruoka-kissalle-faasiiri-ja-vadelma-85-g","status":"publish","type":"product","link":"https:\/\/miumjau.ee\/fi\/tuote\/carnilove-markaruoka-kissalle-faasiiri-ja-vadelma-85-g\/","title":{"rendered":"Carnilove m\u00e4rk\u00e4ruoka kissalle, faasiiri ja vadelma 85 g"},"content":{"rendered":"","protected":false},"excerpt":{"rendered":"<p>Todella maukas ja eritt\u00e4in korkea lihapitoisuus m\u00e4rk\u00e4ruoka lemmikillesi<\/p>\n<p>Suuri m\u00e4\u00e4r\u00e4 faasanin lihaa vadelmanlehdill\u00e4<br \/>\nVillilihan fileepalat. Voidaan k\u00e4ytt\u00e4\u00e4 p\u00e4ivitt\u00e4isen\u00e4 ruokana tai kuivaruokalis\u00e4n\u00e4.<br \/>\nViljaton, perunaton, GMO-vapaa, soijaton, sokeriton, s\u00e4il\u00f6nt\u00e4aineeton, v\u00e4riaineeton.<br \/>\nHypoallergeeninen ja helposti sulava faasaninliha. Korkea monityydyttym\u00e4tt\u00f6mien rasvahappojen pitoisuus suojaa syd\u00e4nt\u00e4 ja verenkiertoelimist\u00f6\u00e4.<br \/>\nPunaisen vadelman lehdet ovat t\u00e4ynn\u00e4 tulehdusta est\u00e4vi\u00e4 antioksidantteja. Ne tukevat terveit\u00e4 virtsateit\u00e4, ikeni\u00e4, maksaa ja niveli\u00e4 sek\u00e4 v\u00e4hent\u00e4v\u00e4t nivelkipuja. Korkea seleenipitoisuus suojaa soluja oksidatiiviselta stressilt\u00e4, mik\u00e4 parantaa ihon, nivelten ja aivojen terveytt\u00e4.<\/p>\n<p>Ainesosat: 85% lihafileet\u00e4 (71% kananlihaa, 14% faasaninlihaa), 12% liemett\u00e4, 1% vadelmanlehti\u00e4, 1% pellavansiemen\u00f6ljy\u00e4, 0,5% mineraaleja, 0,5% kasvist\u00e4rkkelyst\u00e4.<\/p>\n<p>Analysoidut ainesosat: Raakaproteiini 8%, raakarasva 4,8%, raakatuhka 2,1%, raakakuitu 0,5%, kosteus 82%, kalsium 0,15%, fosfori 0,2%, natrium 0,3%, omega-3 0,2%.<\/p>\n<p>Lis\u00e4aineet 1 kg: D3-vitamiini (E671) 250 IU, E-vitamiini (3a700) 150 mg, biotiini (3a880) 0,5 mg, sinkki (3b606) 12 mg, mangaani (3b502) 3 mg, rauta (3b103) 10 mg, kupari (3b405) 0,4 mg, jodi (3b201) 0,7 mg, tauriini (3a370) 500 mg.<\/p>\n<p>Metabolinen energia: 840 Kcal\/kg.<\/p>\n<p>Ruokintasuositus: Tarjoile Carnilove Pheasant Raspberry Leaves -ruokaa huoneenl\u00e4mp\u00f6isen\u00e4 ja varmista, ett\u00e4 kulhossa on aina puhdasta vett\u00e4. Avatun pakkauksen j\u00e4lkeen s\u00e4ilyt\u00e4 j\u00e4\u00e4kaapissa.<\/p>\n","protected":false},"featured_media":23908,"template":"","meta":[],"product_brand":[],"product_cat":[264],"product_tag":[],"class_list":{"0":"post-29480","1":"product","2":"type-product","3":"status-publish","4":"has-post-thumbnail","6":"product_cat-marka-ruoka","8":"first","9":"instock","10":"sale","11":"taxable","12":"shipping-taxable","13":"purchasable","14":"product-type-simple"},"yoast_head":"<!-- This site is optimized with the Yoast SEO plugin v27.2 - https:\/\/yoast.com\/product\/yoast-seo-wordpress\/ -->\n<title>Carnilove m\u00e4rk\u00e4ruoka kissalle, faasiiri ja vadelma 85 g - MiuMjau<\/title>\n<meta name=\"description\" content=\"Carnilove viljaton m\u00e4rk\u00e4ruoka kissoille on eritt\u00e4in korkea lihapitoisuus, supermaukas ja terveellinen! Vain parasta lemmikillesi meid\u00e4n verkkokaupastamme!\" \/>\n<meta name=\"robots\" content=\"index, follow, max-snippet:-1, max-image-preview:large, max-video-preview:-1\" \/>\n<link rel=\"canonical\" href=\"https:\/\/miumjau.ee\/fi\/tuote\/carnilove-markaruoka-kissalle-faasiiri-ja-vadelma-85-g\/\" \/>\n<meta property=\"og:locale\" content=\"fi_FI\" \/>\n<meta property=\"og:type\" content=\"article\" \/>\n<meta property=\"og:title\" content=\"Carnilove m\u00e4rk\u00e4ruoka kissalle, faasiiri ja vadelma 85 g - MiuMjau\" \/>\n<meta property=\"og:description\" content=\"Carnilove viljaton m\u00e4rk\u00e4ruoka kissoille on eritt\u00e4in korkea lihapitoisuus, supermaukas ja terveellinen! Vain parasta lemmikillesi meid\u00e4n verkkokaupastamme!\" \/>\n<meta property=\"og:url\" content=\"https:\/\/miumjau.ee\/fi\/tuote\/carnilove-markaruoka-kissalle-faasiiri-ja-vadelma-85-g\/\" \/>\n<meta property=\"og:site_name\" content=\"MiuMjau\" \/>\n<meta property=\"article:publisher\" content=\"https:\/\/www.facebook.com\/miumjaupood\/\" \/>\n<meta property=\"article:modified_time\" content=\"2026-01-07T20:53:42+00:00\" \/>\n<meta property=\"og:image\" content=\"https:\/\/miumjau.ee\/wp-content\/uploads\/2024\/11\/carnilove-konserv-85g2.jpg\" \/>\n\t<meta property=\"og:image:width\" content=\"600\" \/>\n\t<meta property=\"og:image:height\" content=\"800\" \/>\n\t<meta property=\"og:image:type\" content=\"image\/jpeg\" \/>\n<meta name=\"twitter:card\" content=\"summary_large_image\" \/>\n<script type=\"application\/ld+json\" class=\"yoast-schema-graph\">{\"@context\":\"https:\/\/schema.org\",\"@graph\":[{\"@type\":\"WebPage\",\"@id\":\"https:\/\/miumjau.ee\/fi\/tuote\/carnilove-markaruoka-kissalle-faasiiri-ja-vadelma-85-g\/\",\"url\":\"https:\/\/miumjau.ee\/fi\/tuote\/carnilove-markaruoka-kissalle-faasiiri-ja-vadelma-85-g\/\",\"name\":\"Carnilove m\u00e4rk\u00e4ruoka kissalle, faasiiri ja vadelma 85 g - MiuMjau\",\"isPartOf\":{\"@id\":\"https:\/\/miumjau.ee\/#website\"},\"primaryImageOfPage\":{\"@id\":\"https:\/\/miumjau.ee\/fi\/tuote\/carnilove-markaruoka-kissalle-faasiiri-ja-vadelma-85-g\/#primaryimage\"},\"image\":{\"@id\":\"https:\/\/miumjau.ee\/fi\/tuote\/carnilove-markaruoka-kissalle-faasiiri-ja-vadelma-85-g\/#primaryimage\"},\"thumbnailUrl\":\"https:\/\/miumjau.ee\/wp-content\/uploads\/2024\/11\/carnilove-konserv-85g2.jpg\",\"datePublished\":\"2024-11-11T09:41:11+00:00\",\"dateModified\":\"2026-01-07T20:53:42+00:00\",\"description\":\"Carnilove viljaton m\u00e4rk\u00e4ruoka kissoille on eritt\u00e4in korkea lihapitoisuus, supermaukas ja terveellinen! Vain parasta lemmikillesi meid\u00e4n verkkokaupastamme!\",\"breadcrumb\":{\"@id\":\"https:\/\/miumjau.ee\/fi\/tuote\/carnilove-markaruoka-kissalle-faasiiri-ja-vadelma-85-g\/#breadcrumb\"},\"inLanguage\":\"fi\",\"potentialAction\":[{\"@type\":\"ReadAction\",\"target\":[\"https:\/\/miumjau.ee\/fi\/tuote\/carnilove-markaruoka-kissalle-faasiiri-ja-vadelma-85-g\/\"]}]},{\"@type\":\"ImageObject\",\"inLanguage\":\"fi\",\"@id\":\"https:\/\/miumjau.ee\/fi\/tuote\/carnilove-markaruoka-kissalle-faasiiri-ja-vadelma-85-g\/#primaryimage\",\"url\":\"https:\/\/miumjau.ee\/wp-content\/uploads\/2024\/11\/carnilove-konserv-85g2.jpg\",\"contentUrl\":\"https:\/\/miumjau.ee\/wp-content\/uploads\/2024\/11\/carnilove-konserv-85g2.jpg\",\"width\":600,\"height\":800,\"caption\":\"Carnilove kassi konserv\"},{\"@type\":\"BreadcrumbList\",\"@id\":\"https:\/\/miumjau.ee\/fi\/tuote\/carnilove-markaruoka-kissalle-faasiiri-ja-vadelma-85-g\/#breadcrumb\",\"itemListElement\":[{\"@type\":\"ListItem\",\"position\":1,\"name\":\"Home\",\"item\":\"https:\/\/miumjau.ee\/fi\/\"},{\"@type\":\"ListItem\",\"position\":2,\"name\":\"Kauppa\",\"item\":\"https:\/\/miumjau.ee\/fi\/kauppa\/\"},{\"@type\":\"ListItem\",\"position\":3,\"name\":\"Carnilove m\u00e4rk\u00e4ruoka kissalle, faasiiri ja vadelma 85 g\"}]},{\"@type\":\"WebSite\",\"@id\":\"https:\/\/miumjau.ee\/#website\",\"url\":\"https:\/\/miumjau.ee\/\",\"name\":\"MiuMjau\",\"description\":\"Kraapimispuud kassidele\",\"publisher\":{\"@id\":\"https:\/\/miumjau.ee\/#organization\"},\"potentialAction\":[{\"@type\":\"SearchAction\",\"target\":{\"@type\":\"EntryPoint\",\"urlTemplate\":\"https:\/\/miumjau.ee\/?s={search_term_string}\"},\"query-input\":{\"@type\":\"PropertyValueSpecification\",\"valueRequired\":true,\"valueName\":\"search_term_string\"}}],\"inLanguage\":\"fi\"},{\"@type\":\"Organization\",\"@id\":\"https:\/\/miumjau.ee\/#organization\",\"name\":\"MiuMjau O\u00dc\",\"url\":\"https:\/\/miumjau.ee\/\",\"logo\":{\"@type\":\"ImageObject\",\"inLanguage\":\"fi\",\"@id\":\"https:\/\/miumjau.ee\/#\/schema\/logo\/image\/\",\"url\":\"https:\/\/miumjau.ee\/wp-content\/uploads\/2022\/04\/MiuMjau-logo-kollane.png\",\"contentUrl\":\"https:\/\/miumjau.ee\/wp-content\/uploads\/2022\/04\/MiuMjau-logo-kollane.png\",\"width\":219,\"height\":100,\"caption\":\"MiuMjau O\u00dc\"},\"image\":{\"@id\":\"https:\/\/miumjau.ee\/#\/schema\/logo\/image\/\"},\"sameAs\":[\"https:\/\/www.facebook.com\/miumjaupood\/\"]}]}<\/script>\n<!-- \/ Yoast SEO plugin. -->","yoast_head_json":{"title":"Carnilove m\u00e4rk\u00e4ruoka kissalle, faasiiri ja vadelma 85 g - MiuMjau","description":"Carnilove viljaton m\u00e4rk\u00e4ruoka kissoille on eritt\u00e4in korkea lihapitoisuus, supermaukas ja terveellinen! Vain parasta lemmikillesi meid\u00e4n verkkokaupastamme!","robots":{"index":"index","follow":"follow","max-snippet":"max-snippet:-1","max-image-preview":"max-image-preview:large","max-video-preview":"max-video-preview:-1"},"canonical":"https:\/\/miumjau.ee\/fi\/tuote\/carnilove-markaruoka-kissalle-faasiiri-ja-vadelma-85-g\/","og_locale":"fi_FI","og_type":"article","og_title":"Carnilove m\u00e4rk\u00e4ruoka kissalle, faasiiri ja vadelma 85 g - MiuMjau","og_description":"Carnilove viljaton m\u00e4rk\u00e4ruoka kissoille on eritt\u00e4in korkea lihapitoisuus, supermaukas ja terveellinen! Vain parasta lemmikillesi meid\u00e4n verkkokaupastamme!","og_url":"https:\/\/miumjau.ee\/fi\/tuote\/carnilove-markaruoka-kissalle-faasiiri-ja-vadelma-85-g\/","og_site_name":"MiuMjau","article_publisher":"https:\/\/www.facebook.com\/miumjaupood\/","article_modified_time":"2026-01-07T20:53:42+00:00","og_image":[{"width":600,"height":800,"url":"https:\/\/miumjau.ee\/wp-content\/uploads\/2024\/11\/carnilove-konserv-85g2.jpg","type":"image\/jpeg"}],"twitter_card":"summary_large_image","schema":{"@context":"https:\/\/schema.org","@graph":[{"@type":"WebPage","@id":"https:\/\/miumjau.ee\/fi\/tuote\/carnilove-markaruoka-kissalle-faasiiri-ja-vadelma-85-g\/","url":"https:\/\/miumjau.ee\/fi\/tuote\/carnilove-markaruoka-kissalle-faasiiri-ja-vadelma-85-g\/","name":"Carnilove m\u00e4rk\u00e4ruoka kissalle, faasiiri ja vadelma 85 g - MiuMjau","isPartOf":{"@id":"https:\/\/miumjau.ee\/#website"},"primaryImageOfPage":{"@id":"https:\/\/miumjau.ee\/fi\/tuote\/carnilove-markaruoka-kissalle-faasiiri-ja-vadelma-85-g\/#primaryimage"},"image":{"@id":"https:\/\/miumjau.ee\/fi\/tuote\/carnilove-markaruoka-kissalle-faasiiri-ja-vadelma-85-g\/#primaryimage"},"thumbnailUrl":"https:\/\/miumjau.ee\/wp-content\/uploads\/2024\/11\/carnilove-konserv-85g2.jpg","datePublished":"2024-11-11T09:41:11+00:00","dateModified":"2026-01-07T20:53:42+00:00","description":"Carnilove viljaton m\u00e4rk\u00e4ruoka kissoille on eritt\u00e4in korkea lihapitoisuus, supermaukas ja terveellinen! Vain parasta lemmikillesi meid\u00e4n verkkokaupastamme!","breadcrumb":{"@id":"https:\/\/miumjau.ee\/fi\/tuote\/carnilove-markaruoka-kissalle-faasiiri-ja-vadelma-85-g\/#breadcrumb"},"inLanguage":"fi","potentialAction":[{"@type":"ReadAction","target":["https:\/\/miumjau.ee\/fi\/tuote\/carnilove-markaruoka-kissalle-faasiiri-ja-vadelma-85-g\/"]}]},{"@type":"ImageObject","inLanguage":"fi","@id":"https:\/\/miumjau.ee\/fi\/tuote\/carnilove-markaruoka-kissalle-faasiiri-ja-vadelma-85-g\/#primaryimage","url":"https:\/\/miumjau.ee\/wp-content\/uploads\/2024\/11\/carnilove-konserv-85g2.jpg","contentUrl":"https:\/\/miumjau.ee\/wp-content\/uploads\/2024\/11\/carnilove-konserv-85g2.jpg","width":600,"height":800,"caption":"Carnilove kassi konserv"},{"@type":"BreadcrumbList","@id":"https:\/\/miumjau.ee\/fi\/tuote\/carnilove-markaruoka-kissalle-faasiiri-ja-vadelma-85-g\/#breadcrumb","itemListElement":[{"@type":"ListItem","position":1,"name":"Home","item":"https:\/\/miumjau.ee\/fi\/"},{"@type":"ListItem","position":2,"name":"Kauppa","item":"https:\/\/miumjau.ee\/fi\/kauppa\/"},{"@type":"ListItem","position":3,"name":"Carnilove m\u00e4rk\u00e4ruoka kissalle, faasiiri ja vadelma 85 g"}]},{"@type":"WebSite","@id":"https:\/\/miumjau.ee\/#website","url":"https:\/\/miumjau.ee\/","name":"MiuMjau","description":"Kraapimispuud kassidele","publisher":{"@id":"https:\/\/miumjau.ee\/#organization"},"potentialAction":[{"@type":"SearchAction","target":{"@type":"EntryPoint","urlTemplate":"https:\/\/miumjau.ee\/?s={search_term_string}"},"query-input":{"@type":"PropertyValueSpecification","valueRequired":true,"valueName":"search_term_string"}}],"inLanguage":"fi"},{"@type":"Organization","@id":"https:\/\/miumjau.ee\/#organization","name":"MiuMjau O\u00dc","url":"https:\/\/miumjau.ee\/","logo":{"@type":"ImageObject","inLanguage":"fi","@id":"https:\/\/miumjau.ee\/#\/schema\/logo\/image\/","url":"https:\/\/miumjau.ee\/wp-content\/uploads\/2022\/04\/MiuMjau-logo-kollane.png","contentUrl":"https:\/\/miumjau.ee\/wp-content\/uploads\/2022\/04\/MiuMjau-logo-kollane.png","width":219,"height":100,"caption":"MiuMjau O\u00dc"},"image":{"@id":"https:\/\/miumjau.ee\/#\/schema\/logo\/image\/"},"sameAs":["https:\/\/www.facebook.com\/miumjaupood\/"]}]}},"_links":{"self":[{"href":"https:\/\/miumjau.ee\/fi\/wp-json\/wp\/v2\/product\/29480","targetHints":{"allow":["GET"]}}],"collection":[{"href":"https:\/\/miumjau.ee\/fi\/wp-json\/wp\/v2\/product"}],"about":[{"href":"https:\/\/miumjau.ee\/fi\/wp-json\/wp\/v2\/types\/product"}],"wp:featuredmedia":[{"embeddable":true,"href":"https:\/\/miumjau.ee\/fi\/wp-json\/wp\/v2\/media\/23908"}],"wp:attachment":[{"href":"https:\/\/miumjau.ee\/fi\/wp-json\/wp\/v2\/media?parent=29480"}],"wp:term":[{"taxonomy":"product_brand","embeddable":true,"href":"https:\/\/miumjau.ee\/fi\/wp-json\/wp\/v2\/product_brand?post=29480"},{"taxonomy":"product_cat","embeddable":true,"href":"https:\/\/miumjau.ee\/fi\/wp-json\/wp\/v2\/product_cat?post=29480"},{"taxonomy":"product_tag","embeddable":true,"href":"https:\/\/miumjau.ee\/fi\/wp-json\/wp\/v2\/product_tag?post=29480"}],"curies":[{"name":"wp","href":"https:\/\/api.w.org\/{rel}","templated":true}]}}