{"id":29466,"date":"2024-11-11T14:48:07","date_gmt":"2024-11-11T12:48:07","guid":{"rendered":"https:\/\/miumjau.ee\/toode\/carnilove-fresh-kuivaruoka-kissalle-karppi-ja-taimen-2kg\/"},"modified":"2026-01-07T22:53:55","modified_gmt":"2026-01-07T20:53:55","slug":"carnilove-fresh-kuivaruoka-kissalle-karppi-ja-taimen-2kg","status":"publish","type":"product","link":"https:\/\/miumjau.ee\/fi\/tuote\/carnilove-fresh-kuivaruoka-kissalle-karppi-ja-taimen-2kg\/","title":{"rendered":"Carnilove Fresh kuivaruoka kissalle, karppi ja taimen 2kg"},"content":{"rendered":"","protected":false},"excerpt":{"rendered":"<p>Korkean lihapitoisuuden laadukas ruoka lemmikillesi!<\/p>\n<p>Ainesosat: tuore ilman luuta karppi (25 %), kuivattu taimen (20 %), tuore ilman luuta lohi (14 %), kuivattu lohi (12 %), myrkky, kanarasva (s\u00e4il\u00f6tty tokoferolilla 4 %), kikherneet, herneet, kananmaksa (3 %), lohi\u00f6ljy (2 %), omenat, porkkanat, pellavansiemenet, hydrolisoidut \u00e4yri\u00e4isten kuoret (glukosamiinin l\u00e4hde 0,026 %), rustoekstrakti (kondroitiinin l\u00e4hde 0,016 %), oluthiiva (mannanoligosakkaridien l\u00e4hde 0,015 %), sikuri (frukto-oligosakkaridien l\u00e4hde 0,012 %), merilev\u00e4 (0,01 %), yucca (0,01 %), banaanin kukka (0,01 %), timjami (0,01 %), rosmariini (0,01 %), oregan (0,01 %), karpalo (0,0008 %), mustikka (0,0008 %), tyrni (0,0008 %), inkiv\u00e4\u00e4rijuuri (0,0008 %), salvia (0,0008 %).<\/p>\n<p>Lis\u00e4aineet: A-vitamiini (E672) 23 000 IU, D3-vitamiini (E671) 940 IU, E-vitamiini (3a700) 650 mg, C-vitamiini (E300) 300 mg, tauriini 2400 mg, koliinikloridi 2200 mg, L-karnitiini 65 mg, niasiini 45 mg, biotiini 1,8 mg, sinkki (E6) 100 mg, mangaani (E5) 55 mg, rauta (E1) 48 mg, kupari (E4) 11 mg, jodi (E2) 3,8 mg, seleeni (E8) 0,2 mg, L-metioniini (3c305) 14 mg, arginiini (3c3.6.1) 12 mg, L-leusiini (3.2.3.) 10 mg.<\/p>\n<p>Energiapitoisuus: 3630 kcal\/kg<\/p>\n<p>Koostumusanalyysi: Raakaproteiini 34,0 %, rasvapitoisuus 14,0 %, raakaravinteet 3,5 %, raakatuhk 9,5 %, kosteus 10,0 %, kalsium 0,9 %, fosfori 0,8 %, natrium 1,2 %, magnesium 0,04 %, omega-3 0,8 %, omega-6 1,7 %.<\/p>\n","protected":false},"featured_media":23952,"template":"","meta":[],"product_brand":[],"product_cat":[255],"product_tag":[],"class_list":{"0":"post-29466","1":"product","2":"type-product","3":"status-publish","4":"has-post-thumbnail","6":"product_cat-kuiva-ruoka","8":"first","9":"instock","10":"sale","11":"taxable","12":"shipping-taxable","13":"purchasable","14":"product-type-simple"},"yoast_head":"<!-- This site is optimized with the Yoast SEO plugin v27.4 - https:\/\/yoast.com\/product\/yoast-seo-wordpress\/ -->\n<title>Carnilove Fresh kuivaruoka kissalle, karppi ja taimen 2kg - MiuMjau<\/title>\n<meta name=\"description\" content=\"Carnilove Fresh on t\u00e4ysipainoista, korkealaatuista lihaa sis\u00e4lt\u00e4v\u00e4\u00e4 kuivaruokaa kissallesi. Kaikkea, mit\u00e4 kissasi terveys ja hyvinvointi tarvitsevat! Tule ja kokeile!\" \/>\n<meta name=\"robots\" content=\"index, follow, max-snippet:-1, max-image-preview:large, max-video-preview:-1\" \/>\n<link rel=\"canonical\" href=\"https:\/\/miumjau.ee\/fi\/tuote\/carnilove-fresh-kuivaruoka-kissalle-karppi-ja-taimen-2kg\/\" \/>\n<meta property=\"og:locale\" content=\"fi_FI\" \/>\n<meta property=\"og:type\" content=\"article\" \/>\n<meta property=\"og:title\" content=\"Carnilove Fresh kuivaruoka kissalle, karppi ja taimen 2kg - MiuMjau\" \/>\n<meta property=\"og:description\" content=\"Carnilove Fresh on t\u00e4ysipainoista, korkealaatuista lihaa sis\u00e4lt\u00e4v\u00e4\u00e4 kuivaruokaa kissallesi. Kaikkea, mit\u00e4 kissasi terveys ja hyvinvointi tarvitsevat! Tule ja kokeile!\" \/>\n<meta property=\"og:url\" content=\"https:\/\/miumjau.ee\/fi\/tuote\/carnilove-fresh-kuivaruoka-kissalle-karppi-ja-taimen-2kg\/\" \/>\n<meta property=\"og:site_name\" content=\"MiuMjau\" \/>\n<meta property=\"article:publisher\" content=\"https:\/\/www.facebook.com\/miumjaupood\/\" \/>\n<meta property=\"article:modified_time\" content=\"2026-01-07T20:53:55+00:00\" \/>\n<meta property=\"og:image\" content=\"https:\/\/miumjau.ee\/wp-content\/uploads\/2024\/11\/carnilove-fresh-kuivtoit-kassile1.jpg\" \/>\n\t<meta property=\"og:image:width\" content=\"600\" \/>\n\t<meta property=\"og:image:height\" content=\"800\" \/>\n\t<meta property=\"og:image:type\" content=\"image\/jpeg\" \/>\n<meta name=\"twitter:card\" content=\"summary_large_image\" \/>\n<script type=\"application\/ld+json\" class=\"yoast-schema-graph\">{\"@context\":\"https:\\\/\\\/schema.org\",\"@graph\":[{\"@type\":\"WebPage\",\"@id\":\"https:\\\/\\\/miumjau.ee\\\/fi\\\/tuote\\\/carnilove-fresh-kuivaruoka-kissalle-karppi-ja-taimen-2kg\\\/\",\"url\":\"https:\\\/\\\/miumjau.ee\\\/fi\\\/tuote\\\/carnilove-fresh-kuivaruoka-kissalle-karppi-ja-taimen-2kg\\\/\",\"name\":\"Carnilove Fresh kuivaruoka kissalle, karppi ja taimen 2kg - MiuMjau\",\"isPartOf\":{\"@id\":\"https:\\\/\\\/miumjau.ee\\\/#website\"},\"primaryImageOfPage\":{\"@id\":\"https:\\\/\\\/miumjau.ee\\\/fi\\\/tuote\\\/carnilove-fresh-kuivaruoka-kissalle-karppi-ja-taimen-2kg\\\/#primaryimage\"},\"image\":{\"@id\":\"https:\\\/\\\/miumjau.ee\\\/fi\\\/tuote\\\/carnilove-fresh-kuivaruoka-kissalle-karppi-ja-taimen-2kg\\\/#primaryimage\"},\"thumbnailUrl\":\"https:\\\/\\\/miumjau.ee\\\/wp-content\\\/uploads\\\/2024\\\/11\\\/carnilove-fresh-kuivtoit-kassile1.jpg\",\"datePublished\":\"2024-11-11T12:48:07+00:00\",\"dateModified\":\"2026-01-07T20:53:55+00:00\",\"description\":\"Carnilove Fresh on t\u00e4ysipainoista, korkealaatuista lihaa sis\u00e4lt\u00e4v\u00e4\u00e4 kuivaruokaa kissallesi. Kaikkea, mit\u00e4 kissasi terveys ja hyvinvointi tarvitsevat! Tule ja kokeile!\",\"breadcrumb\":{\"@id\":\"https:\\\/\\\/miumjau.ee\\\/fi\\\/tuote\\\/carnilove-fresh-kuivaruoka-kissalle-karppi-ja-taimen-2kg\\\/#breadcrumb\"},\"inLanguage\":\"fi\",\"potentialAction\":[{\"@type\":\"ReadAction\",\"target\":[\"https:\\\/\\\/miumjau.ee\\\/fi\\\/tuote\\\/carnilove-fresh-kuivaruoka-kissalle-karppi-ja-taimen-2kg\\\/\"]}]},{\"@type\":\"ImageObject\",\"inLanguage\":\"fi\",\"@id\":\"https:\\\/\\\/miumjau.ee\\\/fi\\\/tuote\\\/carnilove-fresh-kuivaruoka-kissalle-karppi-ja-taimen-2kg\\\/#primaryimage\",\"url\":\"https:\\\/\\\/miumjau.ee\\\/wp-content\\\/uploads\\\/2024\\\/11\\\/carnilove-fresh-kuivtoit-kassile1.jpg\",\"contentUrl\":\"https:\\\/\\\/miumjau.ee\\\/wp-content\\\/uploads\\\/2024\\\/11\\\/carnilove-fresh-kuivtoit-kassile1.jpg\",\"width\":600,\"height\":800,\"caption\":\"Carnilove Fresh kuivtoit kassile, karpkala ja forell 0.4kg\"},{\"@type\":\"BreadcrumbList\",\"@id\":\"https:\\\/\\\/miumjau.ee\\\/fi\\\/tuote\\\/carnilove-fresh-kuivaruoka-kissalle-karppi-ja-taimen-2kg\\\/#breadcrumb\",\"itemListElement\":[{\"@type\":\"ListItem\",\"position\":1,\"name\":\"Home\",\"item\":\"https:\\\/\\\/miumjau.ee\\\/fi\\\/\"},{\"@type\":\"ListItem\",\"position\":2,\"name\":\"Kauppa\",\"item\":\"https:\\\/\\\/miumjau.ee\\\/fi\\\/kauppa\\\/\"},{\"@type\":\"ListItem\",\"position\":3,\"name\":\"Carnilove Fresh kuivaruoka kissalle, karppi ja taimen 2kg\"}]},{\"@type\":\"WebSite\",\"@id\":\"https:\\\/\\\/miumjau.ee\\\/#website\",\"url\":\"https:\\\/\\\/miumjau.ee\\\/\",\"name\":\"MiuMjau\",\"description\":\"Kraapimispuud kassidele\",\"publisher\":{\"@id\":\"https:\\\/\\\/miumjau.ee\\\/#organization\"},\"potentialAction\":[{\"@type\":\"SearchAction\",\"target\":{\"@type\":\"EntryPoint\",\"urlTemplate\":\"https:\\\/\\\/miumjau.ee\\\/?s={search_term_string}\"},\"query-input\":{\"@type\":\"PropertyValueSpecification\",\"valueRequired\":true,\"valueName\":\"search_term_string\"}}],\"inLanguage\":\"fi\"},{\"@type\":\"Organization\",\"@id\":\"https:\\\/\\\/miumjau.ee\\\/#organization\",\"name\":\"MiuMjau O\u00dc\",\"url\":\"https:\\\/\\\/miumjau.ee\\\/\",\"logo\":{\"@type\":\"ImageObject\",\"inLanguage\":\"fi\",\"@id\":\"https:\\\/\\\/miumjau.ee\\\/#\\\/schema\\\/logo\\\/image\\\/\",\"url\":\"https:\\\/\\\/miumjau.ee\\\/wp-content\\\/uploads\\\/2022\\\/04\\\/MiuMjau-logo-kollane.png\",\"contentUrl\":\"https:\\\/\\\/miumjau.ee\\\/wp-content\\\/uploads\\\/2022\\\/04\\\/MiuMjau-logo-kollane.png\",\"width\":219,\"height\":100,\"caption\":\"MiuMjau O\u00dc\"},\"image\":{\"@id\":\"https:\\\/\\\/miumjau.ee\\\/#\\\/schema\\\/logo\\\/image\\\/\"},\"sameAs\":[\"https:\\\/\\\/www.facebook.com\\\/miumjaupood\\\/\"]}]}<\/script>\n<!-- \/ Yoast SEO plugin. -->","yoast_head_json":{"title":"Carnilove Fresh kuivaruoka kissalle, karppi ja taimen 2kg - MiuMjau","description":"Carnilove Fresh on t\u00e4ysipainoista, korkealaatuista lihaa sis\u00e4lt\u00e4v\u00e4\u00e4 kuivaruokaa kissallesi. Kaikkea, mit\u00e4 kissasi terveys ja hyvinvointi tarvitsevat! Tule ja kokeile!","robots":{"index":"index","follow":"follow","max-snippet":"max-snippet:-1","max-image-preview":"max-image-preview:large","max-video-preview":"max-video-preview:-1"},"canonical":"https:\/\/miumjau.ee\/fi\/tuote\/carnilove-fresh-kuivaruoka-kissalle-karppi-ja-taimen-2kg\/","og_locale":"fi_FI","og_type":"article","og_title":"Carnilove Fresh kuivaruoka kissalle, karppi ja taimen 2kg - MiuMjau","og_description":"Carnilove Fresh on t\u00e4ysipainoista, korkealaatuista lihaa sis\u00e4lt\u00e4v\u00e4\u00e4 kuivaruokaa kissallesi. Kaikkea, mit\u00e4 kissasi terveys ja hyvinvointi tarvitsevat! Tule ja kokeile!","og_url":"https:\/\/miumjau.ee\/fi\/tuote\/carnilove-fresh-kuivaruoka-kissalle-karppi-ja-taimen-2kg\/","og_site_name":"MiuMjau","article_publisher":"https:\/\/www.facebook.com\/miumjaupood\/","article_modified_time":"2026-01-07T20:53:55+00:00","og_image":[{"width":600,"height":800,"url":"https:\/\/miumjau.ee\/wp-content\/uploads\/2024\/11\/carnilove-fresh-kuivtoit-kassile1.jpg","type":"image\/jpeg"}],"twitter_card":"summary_large_image","schema":{"@context":"https:\/\/schema.org","@graph":[{"@type":"WebPage","@id":"https:\/\/miumjau.ee\/fi\/tuote\/carnilove-fresh-kuivaruoka-kissalle-karppi-ja-taimen-2kg\/","url":"https:\/\/miumjau.ee\/fi\/tuote\/carnilove-fresh-kuivaruoka-kissalle-karppi-ja-taimen-2kg\/","name":"Carnilove Fresh kuivaruoka kissalle, karppi ja taimen 2kg - MiuMjau","isPartOf":{"@id":"https:\/\/miumjau.ee\/#website"},"primaryImageOfPage":{"@id":"https:\/\/miumjau.ee\/fi\/tuote\/carnilove-fresh-kuivaruoka-kissalle-karppi-ja-taimen-2kg\/#primaryimage"},"image":{"@id":"https:\/\/miumjau.ee\/fi\/tuote\/carnilove-fresh-kuivaruoka-kissalle-karppi-ja-taimen-2kg\/#primaryimage"},"thumbnailUrl":"https:\/\/miumjau.ee\/wp-content\/uploads\/2024\/11\/carnilove-fresh-kuivtoit-kassile1.jpg","datePublished":"2024-11-11T12:48:07+00:00","dateModified":"2026-01-07T20:53:55+00:00","description":"Carnilove Fresh on t\u00e4ysipainoista, korkealaatuista lihaa sis\u00e4lt\u00e4v\u00e4\u00e4 kuivaruokaa kissallesi. Kaikkea, mit\u00e4 kissasi terveys ja hyvinvointi tarvitsevat! Tule ja kokeile!","breadcrumb":{"@id":"https:\/\/miumjau.ee\/fi\/tuote\/carnilove-fresh-kuivaruoka-kissalle-karppi-ja-taimen-2kg\/#breadcrumb"},"inLanguage":"fi","potentialAction":[{"@type":"ReadAction","target":["https:\/\/miumjau.ee\/fi\/tuote\/carnilove-fresh-kuivaruoka-kissalle-karppi-ja-taimen-2kg\/"]}]},{"@type":"ImageObject","inLanguage":"fi","@id":"https:\/\/miumjau.ee\/fi\/tuote\/carnilove-fresh-kuivaruoka-kissalle-karppi-ja-taimen-2kg\/#primaryimage","url":"https:\/\/miumjau.ee\/wp-content\/uploads\/2024\/11\/carnilove-fresh-kuivtoit-kassile1.jpg","contentUrl":"https:\/\/miumjau.ee\/wp-content\/uploads\/2024\/11\/carnilove-fresh-kuivtoit-kassile1.jpg","width":600,"height":800,"caption":"Carnilove Fresh kuivtoit kassile, karpkala ja forell 0.4kg"},{"@type":"BreadcrumbList","@id":"https:\/\/miumjau.ee\/fi\/tuote\/carnilove-fresh-kuivaruoka-kissalle-karppi-ja-taimen-2kg\/#breadcrumb","itemListElement":[{"@type":"ListItem","position":1,"name":"Home","item":"https:\/\/miumjau.ee\/fi\/"},{"@type":"ListItem","position":2,"name":"Kauppa","item":"https:\/\/miumjau.ee\/fi\/kauppa\/"},{"@type":"ListItem","position":3,"name":"Carnilove Fresh kuivaruoka kissalle, karppi ja taimen 2kg"}]},{"@type":"WebSite","@id":"https:\/\/miumjau.ee\/#website","url":"https:\/\/miumjau.ee\/","name":"MiuMjau","description":"Kraapimispuud kassidele","publisher":{"@id":"https:\/\/miumjau.ee\/#organization"},"potentialAction":[{"@type":"SearchAction","target":{"@type":"EntryPoint","urlTemplate":"https:\/\/miumjau.ee\/?s={search_term_string}"},"query-input":{"@type":"PropertyValueSpecification","valueRequired":true,"valueName":"search_term_string"}}],"inLanguage":"fi"},{"@type":"Organization","@id":"https:\/\/miumjau.ee\/#organization","name":"MiuMjau O\u00dc","url":"https:\/\/miumjau.ee\/","logo":{"@type":"ImageObject","inLanguage":"fi","@id":"https:\/\/miumjau.ee\/#\/schema\/logo\/image\/","url":"https:\/\/miumjau.ee\/wp-content\/uploads\/2022\/04\/MiuMjau-logo-kollane.png","contentUrl":"https:\/\/miumjau.ee\/wp-content\/uploads\/2022\/04\/MiuMjau-logo-kollane.png","width":219,"height":100,"caption":"MiuMjau O\u00dc"},"image":{"@id":"https:\/\/miumjau.ee\/#\/schema\/logo\/image\/"},"sameAs":["https:\/\/www.facebook.com\/miumjaupood\/"]}]}},"_links":{"self":[{"href":"https:\/\/miumjau.ee\/fi\/wp-json\/wp\/v2\/product\/29466","targetHints":{"allow":["GET"]}}],"collection":[{"href":"https:\/\/miumjau.ee\/fi\/wp-json\/wp\/v2\/product"}],"about":[{"href":"https:\/\/miumjau.ee\/fi\/wp-json\/wp\/v2\/types\/product"}],"wp:featuredmedia":[{"embeddable":true,"href":"https:\/\/miumjau.ee\/fi\/wp-json\/wp\/v2\/media\/23952"}],"wp:attachment":[{"href":"https:\/\/miumjau.ee\/fi\/wp-json\/wp\/v2\/media?parent=29466"}],"wp:term":[{"taxonomy":"product_brand","embeddable":true,"href":"https:\/\/miumjau.ee\/fi\/wp-json\/wp\/v2\/product_brand?post=29466"},{"taxonomy":"product_cat","embeddable":true,"href":"https:\/\/miumjau.ee\/fi\/wp-json\/wp\/v2\/product_cat?post=29466"},{"taxonomy":"product_tag","embeddable":true,"href":"https:\/\/miumjau.ee\/fi\/wp-json\/wp\/v2\/product_tag?post=29466"}],"curies":[{"name":"wp","href":"https:\/\/api.w.org\/{rel}","templated":true}]}}