{"id":29461,"date":"2024-11-11T21:49:27","date_gmt":"2024-11-11T19:49:27","guid":{"rendered":"https:\/\/miumjau.ee\/toode\/carnilove-kuivaruoka-kissanpennuille-lohen-ja-kalkkunan-kanssa-6kg\/"},"modified":"2026-01-07T22:53:55","modified_gmt":"2026-01-07T20:53:55","slug":"carnilove-kuivaruoka-kissanpennuille-lohen-ja-kalkkunan-kanssa-6kg","status":"publish","type":"product","link":"https:\/\/miumjau.ee\/fi\/tuote\/carnilove-kuivaruoka-kissanpennuille-lohen-ja-kalkkunan-kanssa-6kg\/","title":{"rendered":"Carnilove kuivaruoka kissanpennuille lohen ja kalkkunan kanssa 6kg"},"content":{"rendered":"","protected":false},"excerpt":{"rendered":"<p>Viljaton ja perunaton resepti kissoille. T\u00e4ysravinto kissanpennuille.<\/p>\n<p>Kissanpennuille on eritt\u00e4in t\u00e4rke\u00e4\u00e4 valita ruoka, joka on rikas laadukkaista proteiineista, rasvoista, vitamiineista ja elint\u00e4rkeist\u00e4 ravintoaineista, jotta varmistetaan terve kasvu ja optimaalinen fyysinen kehitys. Carnilove Lohi &amp; Kalkkuna kissanpennuille on valmistettu kunnioittaen kissojen luonnollista ravitsemusta. Resepti perustuu lohi- ja kalkkunalihaan, jotka ovat v\u00e4ltt\u00e4m\u00e4tt\u00f6mien aminohappojen l\u00e4hteit\u00e4. Mets\u00e4marjat, vihannekset ja yrtit tarjoavat kissanpennuille tarvittavat ravintoaineet, vitamiinit, mineraalit ja antioksidantit, jotka varmistavat luuston, lihasten ja luonnollisen immuunij\u00e4rjestelm\u00e4n oikean kehityksen.<\/p>\n<p><strong>Ainekset:<\/strong> Lohijauho (25%), kalkkunajauho (24%), keltaiset herneet (18%), kanarasva (s\u00e4ilytetty tokoferoleilla, 11%), hydrolysoitu kanaproteiini (9%), kananmaksaa (3%), lohi\u00f6ljy (3%), tapiokajauho (2%), omenat (1%), porkkanat (1%), pellavansiemenet (1%), kikherneet (1%), hydrolysoidut \u00e4yri\u00e4isten kuoret (glukosamiinin l\u00e4hde, 0,028%), rustoekstrakti (kondroitiinin l\u00e4hde, 0,017%), oluthiiva (mannan-oligosakkaridien l\u00e4hde, 0,017%), sikuri (frukto-oligosakkaridien l\u00e4hde, 0,014%), nuolipunkki (0,01%), merilev\u00e4t (0,01%), teelehdet (0,01%), timjami (0,01%), rosmariini (0,01%), oreganoa (0,01%), karpaloita (0,0008%), mustikoita (0,0008%), vadelmat (0,0008%).<\/p>\n<p><strong>Ravintoaineet lis\u00e4aineina 1 kg kohden:<\/strong> A-vitamiini (E672) 25 000 IU, D3-vitamiini (E671) 1 000 IU, E-vitamiini (3a700) 750 IU, C-vitamiini (E300) 350 mg, tauriini 2 500 mg, kolinkloridi 2 300 mg, L-karnitiini 70 mg, niasiini 50 mg, biotiini 2,0 mg, sinkki (E6) 160 mg, mangaani (E5) 60 mg, rauta (E1) 50 mg, kupari (E4) 12 mg, jodi (E2) 4,0 mg, seleeni (E8) 0,25 mg, DL-metioniini (3.1.1) 15 mg, arginiini (3c3.6.1) 13 mg, L-lysiini (3.2.3) 11 mg.<\/p>\n<p><strong>Analysoidut ainesosat 1 kg kohden:<\/strong> Raakavalkuainen 40,0%, rasva 20,0%, raakakuitu 2,0%, raak tuhka 7,5%, kosteus 10,0%, kalsium 1,3%, fosfori 1,0%, natrium 0,5%, magnesium 0,08%.<\/p>\n<p><strong>Metabolinen energia:<\/strong> 4 150 kcal\/kg. Omega-3: 0,60%, Omega-6: 2,70%.<\/p>\n","protected":false},"featured_media":23976,"template":"","meta":[],"product_brand":[],"product_cat":[255],"product_tag":[],"class_list":{"0":"post-29461","1":"product","2":"type-product","3":"status-publish","4":"has-post-thumbnail","6":"product_cat-kuiva-ruoka","8":"first","9":"instock","10":"sale","11":"taxable","12":"shipping-taxable","13":"purchasable","14":"product-type-simple"},"yoast_head":"<!-- This site is optimized with the Yoast SEO plugin v27.4 - https:\/\/yoast.com\/product\/yoast-seo-wordpress\/ -->\n<title>Carnilove kuivaruoka kissanpennuille lohen ja kalkkunan kanssa 6kg - MiuMjau<\/title>\n<meta name=\"description\" content=\"Carnilove viljattomat ja korkealihaiset kuivruoat ovat todella maukkaita! Onko kissasi jo saanut maistaa?\" \/>\n<meta name=\"robots\" content=\"index, follow, max-snippet:-1, max-image-preview:large, max-video-preview:-1\" \/>\n<link rel=\"canonical\" href=\"https:\/\/miumjau.ee\/fi\/tuote\/carnilove-kuivaruoka-kissanpennuille-lohen-ja-kalkkunan-kanssa-6kg\/\" \/>\n<meta property=\"og:locale\" content=\"fi_FI\" \/>\n<meta property=\"og:type\" content=\"article\" \/>\n<meta property=\"og:title\" content=\"Carnilove kuivaruoka kissanpennuille lohen ja kalkkunan kanssa 6kg - MiuMjau\" \/>\n<meta property=\"og:description\" content=\"Carnilove viljattomat ja korkealihaiset kuivruoat ovat todella maukkaita! Onko kissasi jo saanut maistaa?\" \/>\n<meta property=\"og:url\" content=\"https:\/\/miumjau.ee\/fi\/tuote\/carnilove-kuivaruoka-kissanpennuille-lohen-ja-kalkkunan-kanssa-6kg\/\" \/>\n<meta property=\"og:site_name\" content=\"MiuMjau\" \/>\n<meta property=\"article:publisher\" content=\"https:\/\/www.facebook.com\/miumjaupood\/\" \/>\n<meta property=\"article:modified_time\" content=\"2026-01-07T20:53:55+00:00\" \/>\n<meta property=\"og:image\" content=\"https:\/\/miumjau.ee\/wp-content\/uploads\/2024\/11\/carnilove-kuivtoit-kassidele8.jpg\" \/>\n\t<meta property=\"og:image:width\" content=\"600\" \/>\n\t<meta property=\"og:image:height\" content=\"800\" \/>\n\t<meta property=\"og:image:type\" content=\"image\/jpeg\" \/>\n<meta name=\"twitter:card\" content=\"summary_large_image\" \/>\n<script type=\"application\/ld+json\" class=\"yoast-schema-graph\">{\"@context\":\"https:\\\/\\\/schema.org\",\"@graph\":[{\"@type\":\"WebPage\",\"@id\":\"https:\\\/\\\/miumjau.ee\\\/fi\\\/tuote\\\/carnilove-kuivaruoka-kissanpennuille-lohen-ja-kalkkunan-kanssa-6kg\\\/\",\"url\":\"https:\\\/\\\/miumjau.ee\\\/fi\\\/tuote\\\/carnilove-kuivaruoka-kissanpennuille-lohen-ja-kalkkunan-kanssa-6kg\\\/\",\"name\":\"Carnilove kuivaruoka kissanpennuille lohen ja kalkkunan kanssa 6kg - MiuMjau\",\"isPartOf\":{\"@id\":\"https:\\\/\\\/miumjau.ee\\\/#website\"},\"primaryImageOfPage\":{\"@id\":\"https:\\\/\\\/miumjau.ee\\\/fi\\\/tuote\\\/carnilove-kuivaruoka-kissanpennuille-lohen-ja-kalkkunan-kanssa-6kg\\\/#primaryimage\"},\"image\":{\"@id\":\"https:\\\/\\\/miumjau.ee\\\/fi\\\/tuote\\\/carnilove-kuivaruoka-kissanpennuille-lohen-ja-kalkkunan-kanssa-6kg\\\/#primaryimage\"},\"thumbnailUrl\":\"https:\\\/\\\/miumjau.ee\\\/wp-content\\\/uploads\\\/2024\\\/11\\\/carnilove-kuivtoit-kassidele8.jpg\",\"datePublished\":\"2024-11-11T19:49:27+00:00\",\"dateModified\":\"2026-01-07T20:53:55+00:00\",\"description\":\"Carnilove viljattomat ja korkealihaiset kuivruoat ovat todella maukkaita! Onko kissasi jo saanut maistaa?\",\"breadcrumb\":{\"@id\":\"https:\\\/\\\/miumjau.ee\\\/fi\\\/tuote\\\/carnilove-kuivaruoka-kissanpennuille-lohen-ja-kalkkunan-kanssa-6kg\\\/#breadcrumb\"},\"inLanguage\":\"fi\",\"potentialAction\":[{\"@type\":\"ReadAction\",\"target\":[\"https:\\\/\\\/miumjau.ee\\\/fi\\\/tuote\\\/carnilove-kuivaruoka-kissanpennuille-lohen-ja-kalkkunan-kanssa-6kg\\\/\"]}]},{\"@type\":\"ImageObject\",\"inLanguage\":\"fi\",\"@id\":\"https:\\\/\\\/miumjau.ee\\\/fi\\\/tuote\\\/carnilove-kuivaruoka-kissanpennuille-lohen-ja-kalkkunan-kanssa-6kg\\\/#primaryimage\",\"url\":\"https:\\\/\\\/miumjau.ee\\\/wp-content\\\/uploads\\\/2024\\\/11\\\/carnilove-kuivtoit-kassidele8.jpg\",\"contentUrl\":\"https:\\\/\\\/miumjau.ee\\\/wp-content\\\/uploads\\\/2024\\\/11\\\/carnilove-kuivtoit-kassidele8.jpg\",\"width\":600,\"height\":800,\"caption\":\"Carnilove kuivtoit kassidele\"},{\"@type\":\"BreadcrumbList\",\"@id\":\"https:\\\/\\\/miumjau.ee\\\/fi\\\/tuote\\\/carnilove-kuivaruoka-kissanpennuille-lohen-ja-kalkkunan-kanssa-6kg\\\/#breadcrumb\",\"itemListElement\":[{\"@type\":\"ListItem\",\"position\":1,\"name\":\"Home\",\"item\":\"https:\\\/\\\/miumjau.ee\\\/fi\\\/\"},{\"@type\":\"ListItem\",\"position\":2,\"name\":\"Kauppa\",\"item\":\"https:\\\/\\\/miumjau.ee\\\/fi\\\/kauppa\\\/\"},{\"@type\":\"ListItem\",\"position\":3,\"name\":\"Carnilove kuivaruoka kissanpennuille lohen ja kalkkunan kanssa 6kg\"}]},{\"@type\":\"WebSite\",\"@id\":\"https:\\\/\\\/miumjau.ee\\\/#website\",\"url\":\"https:\\\/\\\/miumjau.ee\\\/\",\"name\":\"MiuMjau\",\"description\":\"Kraapimispuud kassidele\",\"publisher\":{\"@id\":\"https:\\\/\\\/miumjau.ee\\\/#organization\"},\"potentialAction\":[{\"@type\":\"SearchAction\",\"target\":{\"@type\":\"EntryPoint\",\"urlTemplate\":\"https:\\\/\\\/miumjau.ee\\\/?s={search_term_string}\"},\"query-input\":{\"@type\":\"PropertyValueSpecification\",\"valueRequired\":true,\"valueName\":\"search_term_string\"}}],\"inLanguage\":\"fi\"},{\"@type\":\"Organization\",\"@id\":\"https:\\\/\\\/miumjau.ee\\\/#organization\",\"name\":\"MiuMjau O\u00dc\",\"url\":\"https:\\\/\\\/miumjau.ee\\\/\",\"logo\":{\"@type\":\"ImageObject\",\"inLanguage\":\"fi\",\"@id\":\"https:\\\/\\\/miumjau.ee\\\/#\\\/schema\\\/logo\\\/image\\\/\",\"url\":\"https:\\\/\\\/miumjau.ee\\\/wp-content\\\/uploads\\\/2022\\\/04\\\/MiuMjau-logo-kollane.png\",\"contentUrl\":\"https:\\\/\\\/miumjau.ee\\\/wp-content\\\/uploads\\\/2022\\\/04\\\/MiuMjau-logo-kollane.png\",\"width\":219,\"height\":100,\"caption\":\"MiuMjau O\u00dc\"},\"image\":{\"@id\":\"https:\\\/\\\/miumjau.ee\\\/#\\\/schema\\\/logo\\\/image\\\/\"},\"sameAs\":[\"https:\\\/\\\/www.facebook.com\\\/miumjaupood\\\/\"]}]}<\/script>\n<!-- \/ Yoast SEO plugin. -->","yoast_head_json":{"title":"Carnilove kuivaruoka kissanpennuille lohen ja kalkkunan kanssa 6kg - MiuMjau","description":"Carnilove viljattomat ja korkealihaiset kuivruoat ovat todella maukkaita! Onko kissasi jo saanut maistaa?","robots":{"index":"index","follow":"follow","max-snippet":"max-snippet:-1","max-image-preview":"max-image-preview:large","max-video-preview":"max-video-preview:-1"},"canonical":"https:\/\/miumjau.ee\/fi\/tuote\/carnilove-kuivaruoka-kissanpennuille-lohen-ja-kalkkunan-kanssa-6kg\/","og_locale":"fi_FI","og_type":"article","og_title":"Carnilove kuivaruoka kissanpennuille lohen ja kalkkunan kanssa 6kg - MiuMjau","og_description":"Carnilove viljattomat ja korkealihaiset kuivruoat ovat todella maukkaita! Onko kissasi jo saanut maistaa?","og_url":"https:\/\/miumjau.ee\/fi\/tuote\/carnilove-kuivaruoka-kissanpennuille-lohen-ja-kalkkunan-kanssa-6kg\/","og_site_name":"MiuMjau","article_publisher":"https:\/\/www.facebook.com\/miumjaupood\/","article_modified_time":"2026-01-07T20:53:55+00:00","og_image":[{"width":600,"height":800,"url":"https:\/\/miumjau.ee\/wp-content\/uploads\/2024\/11\/carnilove-kuivtoit-kassidele8.jpg","type":"image\/jpeg"}],"twitter_card":"summary_large_image","schema":{"@context":"https:\/\/schema.org","@graph":[{"@type":"WebPage","@id":"https:\/\/miumjau.ee\/fi\/tuote\/carnilove-kuivaruoka-kissanpennuille-lohen-ja-kalkkunan-kanssa-6kg\/","url":"https:\/\/miumjau.ee\/fi\/tuote\/carnilove-kuivaruoka-kissanpennuille-lohen-ja-kalkkunan-kanssa-6kg\/","name":"Carnilove kuivaruoka kissanpennuille lohen ja kalkkunan kanssa 6kg - MiuMjau","isPartOf":{"@id":"https:\/\/miumjau.ee\/#website"},"primaryImageOfPage":{"@id":"https:\/\/miumjau.ee\/fi\/tuote\/carnilove-kuivaruoka-kissanpennuille-lohen-ja-kalkkunan-kanssa-6kg\/#primaryimage"},"image":{"@id":"https:\/\/miumjau.ee\/fi\/tuote\/carnilove-kuivaruoka-kissanpennuille-lohen-ja-kalkkunan-kanssa-6kg\/#primaryimage"},"thumbnailUrl":"https:\/\/miumjau.ee\/wp-content\/uploads\/2024\/11\/carnilove-kuivtoit-kassidele8.jpg","datePublished":"2024-11-11T19:49:27+00:00","dateModified":"2026-01-07T20:53:55+00:00","description":"Carnilove viljattomat ja korkealihaiset kuivruoat ovat todella maukkaita! Onko kissasi jo saanut maistaa?","breadcrumb":{"@id":"https:\/\/miumjau.ee\/fi\/tuote\/carnilove-kuivaruoka-kissanpennuille-lohen-ja-kalkkunan-kanssa-6kg\/#breadcrumb"},"inLanguage":"fi","potentialAction":[{"@type":"ReadAction","target":["https:\/\/miumjau.ee\/fi\/tuote\/carnilove-kuivaruoka-kissanpennuille-lohen-ja-kalkkunan-kanssa-6kg\/"]}]},{"@type":"ImageObject","inLanguage":"fi","@id":"https:\/\/miumjau.ee\/fi\/tuote\/carnilove-kuivaruoka-kissanpennuille-lohen-ja-kalkkunan-kanssa-6kg\/#primaryimage","url":"https:\/\/miumjau.ee\/wp-content\/uploads\/2024\/11\/carnilove-kuivtoit-kassidele8.jpg","contentUrl":"https:\/\/miumjau.ee\/wp-content\/uploads\/2024\/11\/carnilove-kuivtoit-kassidele8.jpg","width":600,"height":800,"caption":"Carnilove kuivtoit kassidele"},{"@type":"BreadcrumbList","@id":"https:\/\/miumjau.ee\/fi\/tuote\/carnilove-kuivaruoka-kissanpennuille-lohen-ja-kalkkunan-kanssa-6kg\/#breadcrumb","itemListElement":[{"@type":"ListItem","position":1,"name":"Home","item":"https:\/\/miumjau.ee\/fi\/"},{"@type":"ListItem","position":2,"name":"Kauppa","item":"https:\/\/miumjau.ee\/fi\/kauppa\/"},{"@type":"ListItem","position":3,"name":"Carnilove kuivaruoka kissanpennuille lohen ja kalkkunan kanssa 6kg"}]},{"@type":"WebSite","@id":"https:\/\/miumjau.ee\/#website","url":"https:\/\/miumjau.ee\/","name":"MiuMjau","description":"Kraapimispuud kassidele","publisher":{"@id":"https:\/\/miumjau.ee\/#organization"},"potentialAction":[{"@type":"SearchAction","target":{"@type":"EntryPoint","urlTemplate":"https:\/\/miumjau.ee\/?s={search_term_string}"},"query-input":{"@type":"PropertyValueSpecification","valueRequired":true,"valueName":"search_term_string"}}],"inLanguage":"fi"},{"@type":"Organization","@id":"https:\/\/miumjau.ee\/#organization","name":"MiuMjau O\u00dc","url":"https:\/\/miumjau.ee\/","logo":{"@type":"ImageObject","inLanguage":"fi","@id":"https:\/\/miumjau.ee\/#\/schema\/logo\/image\/","url":"https:\/\/miumjau.ee\/wp-content\/uploads\/2022\/04\/MiuMjau-logo-kollane.png","contentUrl":"https:\/\/miumjau.ee\/wp-content\/uploads\/2022\/04\/MiuMjau-logo-kollane.png","width":219,"height":100,"caption":"MiuMjau O\u00dc"},"image":{"@id":"https:\/\/miumjau.ee\/#\/schema\/logo\/image\/"},"sameAs":["https:\/\/www.facebook.com\/miumjaupood\/"]}]}},"_links":{"self":[{"href":"https:\/\/miumjau.ee\/fi\/wp-json\/wp\/v2\/product\/29461","targetHints":{"allow":["GET"]}}],"collection":[{"href":"https:\/\/miumjau.ee\/fi\/wp-json\/wp\/v2\/product"}],"about":[{"href":"https:\/\/miumjau.ee\/fi\/wp-json\/wp\/v2\/types\/product"}],"wp:featuredmedia":[{"embeddable":true,"href":"https:\/\/miumjau.ee\/fi\/wp-json\/wp\/v2\/media\/23976"}],"wp:attachment":[{"href":"https:\/\/miumjau.ee\/fi\/wp-json\/wp\/v2\/media?parent=29461"}],"wp:term":[{"taxonomy":"product_brand","embeddable":true,"href":"https:\/\/miumjau.ee\/fi\/wp-json\/wp\/v2\/product_brand?post=29461"},{"taxonomy":"product_cat","embeddable":true,"href":"https:\/\/miumjau.ee\/fi\/wp-json\/wp\/v2\/product_cat?post=29461"},{"taxonomy":"product_tag","embeddable":true,"href":"https:\/\/miumjau.ee\/fi\/wp-json\/wp\/v2\/product_tag?post=29461"}],"curies":[{"name":"wp","href":"https:\/\/api.w.org\/{rel}","templated":true}]}}