{"id":29455,"date":"2024-11-11T22:00:09","date_gmt":"2024-11-11T20:00:09","guid":{"rendered":"https:\/\/miumjau.ee\/toode\/carnilove-kuivaruoka-isoille-kissoille-ankan-ja-kalkkunan-kanssa-2kg\/"},"modified":"2026-01-07T22:54:03","modified_gmt":"2026-01-07T20:54:03","slug":"carnilove-kuivaruoka-isoille-kissoille-ankan-ja-kalkkunan-kanssa-2kg","status":"publish","type":"product","link":"https:\/\/miumjau.ee\/fi\/tuote\/carnilove-kuivaruoka-isoille-kissoille-ankan-ja-kalkkunan-kanssa-2kg\/","title":{"rendered":"Carnilove kuivaruoka isoille kissoille ankan ja kalkkunan kanssa 2kg"},"content":{"rendered":"","protected":false},"excerpt":{"rendered":"<p>Viljaton ja perunaton ruoka suurille kissaroduille.<\/p>\n<p>Carnilove holistinen ruoka on suunniteltu ottaen huomioon kissojen esivanhempien luonnollinen ruokavalio.<\/p>\n<p>Laaja valikoima huolellisesti valittuja luonnonmukaisista l\u00e4hteist\u00e4 per\u00e4isin olevia lihal\u00e4hteit\u00e4 \u2013 kuten hirvenliha, faasaninliha, ankanliha, kalkkunanliha, lampaanliha ja lohi \u2013 vastaa luonnollisen saaliin koostumusta ja takaa v\u00e4ltt\u00e4m\u00e4tt\u00f6mien aminohappojen saannin.<\/p>\n<p>Mets\u00e4marjat, vihannekset, luonnonmarjat ja yrtit tarjoavat tarvittavat luonnolliset vitamiinit, antioksidantit ja muut t\u00e4rke\u00e4t ravintoaineet. 70 % lihaa, eik\u00e4 viljaa eik\u00e4 perunaa.<\/p>\n<p>Tasapainoinen koostumus suurille kissaroduille kuten Maine Coon, Amerikan bobtail, Ragdoll, Savannah, Chausie, Siperian kissa, Norjan mets\u00e4kissa ja Ocicat tukee lihasten, luiden ja nivelten terveytt\u00e4.<\/p>\n<p><strong>Ainekset:<\/strong> Ankanliha (32%), kalkkunanliha (18%), lupiiniherne (16%), kanarasva (s\u00e4ilytetty tokoferoleilla, 11%), omenat (6%), luuton ankanliha (5%), tapiokajauho (3%), kananmaksaa (3%), lohi\u00f6ljy (1%), porkkanat (1%), pellavansiemenet (1%), kikherneet (1%), oliivi\u00f6ljy (0,8%), vihre\u00e4t simpukat (Perna canaliculus 0,01%), vihre\u00e4n teen uute (0,1%), hydrolysoidut \u00e4yri\u00e4isten kuoret (glukosamiinin l\u00e4hde, 0,026%), rustoekstrakti (kondroitiinin l\u00e4hde, 0,016%), oluthiiva (mannan-oligosakkaridien l\u00e4hde, 0,016%), sikuri (fruktooligosakkaridien l\u00e4hde, 0,012%), nuolipunkki (0,01%), merilev\u00e4t (0,01%), teelehdet (0,01%), timjami (0,01%), rosmariini (0,01%), oreganoa (0,01%), karpaloita (0,0008%), mustikoita (0,0008%), vadelmat (0,0008%).<\/p>\n<p><strong>Analysoidut ainesosat:<\/strong> Raakavalkuainen 37,0%, rasva 18,0%, raakakuidu 3,0%, raak tuhka 7,5%, kosteus 10,0%, kalsium 1,3%, fosfori 1,0%, natrium 0,3%, magnesium 0,05%.<\/p>\n<p><strong>Lis\u00e4aineet:<\/strong> A-vitamiini (E672) 23 000 IU, D3-vitamiini (E671) 940 IU, E-vitamiini (3a700) 650 IU, C-vitamiini (E300) 300 mg, tauriini 2 400 mg, kolinkloridi 2 200 mg, L-karnitiini 65 mg, niasiini 45 mg, biotiini 1,8 mg, sinkki (E6) 150 mg, mangaani (E5) 55 mg, rauta (E1) 48 mg, kupari (E4) 11 mg, jodi (E2) 3,8 mg, seleeni (E8) 0,23 mg, DL-metioniini (3.1.1) 14 mg, arginiini (3c3.6.1) 12 mg, L-lysiini (3.2.3) 10 mg.<\/p>\n<p><strong>Energia-arvo:<\/strong> 3 950 kcal\/kg, Omega-3: 0,25%, Omega-6: 2,5%.<\/p>\n","protected":false},"featured_media":23968,"template":"","meta":[],"product_brand":[],"product_cat":[255],"product_tag":[],"class_list":{"0":"post-29455","1":"product","2":"type-product","3":"status-publish","4":"has-post-thumbnail","6":"product_cat-kuiva-ruoka","8":"first","9":"instock","10":"sale","11":"taxable","12":"shipping-taxable","13":"purchasable","14":"product-type-simple"},"yoast_head":"<!-- This site is optimized with the Yoast SEO plugin v27.4 - https:\/\/yoast.com\/product\/yoast-seo-wordpress\/ -->\n<title>Carnilove kuivaruoka isoille kissoille ankan ja kalkkunan kanssa 2kg - MiuMjau<\/title>\n<meta name=\"description\" content=\"Carnilove viljattomat ja korkealihaiset kuivruoat ovat todella maukkaita! Onko kissasi jo saanut maistaa?\" \/>\n<meta name=\"robots\" content=\"index, follow, max-snippet:-1, max-image-preview:large, max-video-preview:-1\" \/>\n<link rel=\"canonical\" href=\"https:\/\/miumjau.ee\/fi\/tuote\/carnilove-kuivaruoka-isoille-kissoille-ankan-ja-kalkkunan-kanssa-2kg\/\" \/>\n<meta property=\"og:locale\" content=\"fi_FI\" \/>\n<meta property=\"og:type\" content=\"article\" \/>\n<meta property=\"og:title\" content=\"Carnilove kuivaruoka isoille kissoille ankan ja kalkkunan kanssa 2kg - MiuMjau\" \/>\n<meta property=\"og:description\" content=\"Carnilove viljattomat ja korkealihaiset kuivruoat ovat todella maukkaita! Onko kissasi jo saanut maistaa?\" \/>\n<meta property=\"og:url\" content=\"https:\/\/miumjau.ee\/fi\/tuote\/carnilove-kuivaruoka-isoille-kissoille-ankan-ja-kalkkunan-kanssa-2kg\/\" \/>\n<meta property=\"og:site_name\" content=\"MiuMjau\" \/>\n<meta property=\"article:publisher\" content=\"https:\/\/www.facebook.com\/miumjaupood\/\" \/>\n<meta property=\"article:modified_time\" content=\"2026-01-07T20:54:03+00:00\" \/>\n<meta property=\"og:image\" content=\"https:\/\/miumjau.ee\/wp-content\/uploads\/2024\/11\/carnilove-kuivtoit-kassidele6.jpg\" \/>\n\t<meta property=\"og:image:width\" content=\"600\" \/>\n\t<meta property=\"og:image:height\" content=\"800\" \/>\n\t<meta property=\"og:image:type\" content=\"image\/jpeg\" \/>\n<meta name=\"twitter:card\" content=\"summary_large_image\" \/>\n<script type=\"application\/ld+json\" class=\"yoast-schema-graph\">{\"@context\":\"https:\\\/\\\/schema.org\",\"@graph\":[{\"@type\":\"WebPage\",\"@id\":\"https:\\\/\\\/miumjau.ee\\\/fi\\\/tuote\\\/carnilove-kuivaruoka-isoille-kissoille-ankan-ja-kalkkunan-kanssa-2kg\\\/\",\"url\":\"https:\\\/\\\/miumjau.ee\\\/fi\\\/tuote\\\/carnilove-kuivaruoka-isoille-kissoille-ankan-ja-kalkkunan-kanssa-2kg\\\/\",\"name\":\"Carnilove kuivaruoka isoille kissoille ankan ja kalkkunan kanssa 2kg - MiuMjau\",\"isPartOf\":{\"@id\":\"https:\\\/\\\/miumjau.ee\\\/#website\"},\"primaryImageOfPage\":{\"@id\":\"https:\\\/\\\/miumjau.ee\\\/fi\\\/tuote\\\/carnilove-kuivaruoka-isoille-kissoille-ankan-ja-kalkkunan-kanssa-2kg\\\/#primaryimage\"},\"image\":{\"@id\":\"https:\\\/\\\/miumjau.ee\\\/fi\\\/tuote\\\/carnilove-kuivaruoka-isoille-kissoille-ankan-ja-kalkkunan-kanssa-2kg\\\/#primaryimage\"},\"thumbnailUrl\":\"https:\\\/\\\/miumjau.ee\\\/wp-content\\\/uploads\\\/2024\\\/11\\\/carnilove-kuivtoit-kassidele6.jpg\",\"datePublished\":\"2024-11-11T20:00:09+00:00\",\"dateModified\":\"2026-01-07T20:54:03+00:00\",\"description\":\"Carnilove viljattomat ja korkealihaiset kuivruoat ovat todella maukkaita! Onko kissasi jo saanut maistaa?\",\"breadcrumb\":{\"@id\":\"https:\\\/\\\/miumjau.ee\\\/fi\\\/tuote\\\/carnilove-kuivaruoka-isoille-kissoille-ankan-ja-kalkkunan-kanssa-2kg\\\/#breadcrumb\"},\"inLanguage\":\"fi\",\"potentialAction\":[{\"@type\":\"ReadAction\",\"target\":[\"https:\\\/\\\/miumjau.ee\\\/fi\\\/tuote\\\/carnilove-kuivaruoka-isoille-kissoille-ankan-ja-kalkkunan-kanssa-2kg\\\/\"]}]},{\"@type\":\"ImageObject\",\"inLanguage\":\"fi\",\"@id\":\"https:\\\/\\\/miumjau.ee\\\/fi\\\/tuote\\\/carnilove-kuivaruoka-isoille-kissoille-ankan-ja-kalkkunan-kanssa-2kg\\\/#primaryimage\",\"url\":\"https:\\\/\\\/miumjau.ee\\\/wp-content\\\/uploads\\\/2024\\\/11\\\/carnilove-kuivtoit-kassidele6.jpg\",\"contentUrl\":\"https:\\\/\\\/miumjau.ee\\\/wp-content\\\/uploads\\\/2024\\\/11\\\/carnilove-kuivtoit-kassidele6.jpg\",\"width\":600,\"height\":800,\"caption\":\"Carnilove kuivtoit kassidele\"},{\"@type\":\"BreadcrumbList\",\"@id\":\"https:\\\/\\\/miumjau.ee\\\/fi\\\/tuote\\\/carnilove-kuivaruoka-isoille-kissoille-ankan-ja-kalkkunan-kanssa-2kg\\\/#breadcrumb\",\"itemListElement\":[{\"@type\":\"ListItem\",\"position\":1,\"name\":\"Home\",\"item\":\"https:\\\/\\\/miumjau.ee\\\/fi\\\/\"},{\"@type\":\"ListItem\",\"position\":2,\"name\":\"Kauppa\",\"item\":\"https:\\\/\\\/miumjau.ee\\\/fi\\\/kauppa\\\/\"},{\"@type\":\"ListItem\",\"position\":3,\"name\":\"Carnilove kuivaruoka isoille kissoille ankan ja kalkkunan kanssa 2kg\"}]},{\"@type\":\"WebSite\",\"@id\":\"https:\\\/\\\/miumjau.ee\\\/#website\",\"url\":\"https:\\\/\\\/miumjau.ee\\\/\",\"name\":\"MiuMjau\",\"description\":\"Kraapimispuud kassidele\",\"publisher\":{\"@id\":\"https:\\\/\\\/miumjau.ee\\\/#organization\"},\"potentialAction\":[{\"@type\":\"SearchAction\",\"target\":{\"@type\":\"EntryPoint\",\"urlTemplate\":\"https:\\\/\\\/miumjau.ee\\\/?s={search_term_string}\"},\"query-input\":{\"@type\":\"PropertyValueSpecification\",\"valueRequired\":true,\"valueName\":\"search_term_string\"}}],\"inLanguage\":\"fi\"},{\"@type\":\"Organization\",\"@id\":\"https:\\\/\\\/miumjau.ee\\\/#organization\",\"name\":\"MiuMjau O\u00dc\",\"url\":\"https:\\\/\\\/miumjau.ee\\\/\",\"logo\":{\"@type\":\"ImageObject\",\"inLanguage\":\"fi\",\"@id\":\"https:\\\/\\\/miumjau.ee\\\/#\\\/schema\\\/logo\\\/image\\\/\",\"url\":\"https:\\\/\\\/miumjau.ee\\\/wp-content\\\/uploads\\\/2022\\\/04\\\/MiuMjau-logo-kollane.png\",\"contentUrl\":\"https:\\\/\\\/miumjau.ee\\\/wp-content\\\/uploads\\\/2022\\\/04\\\/MiuMjau-logo-kollane.png\",\"width\":219,\"height\":100,\"caption\":\"MiuMjau O\u00dc\"},\"image\":{\"@id\":\"https:\\\/\\\/miumjau.ee\\\/#\\\/schema\\\/logo\\\/image\\\/\"},\"sameAs\":[\"https:\\\/\\\/www.facebook.com\\\/miumjaupood\\\/\"]}]}<\/script>\n<!-- \/ Yoast SEO plugin. -->","yoast_head_json":{"title":"Carnilove kuivaruoka isoille kissoille ankan ja kalkkunan kanssa 2kg - MiuMjau","description":"Carnilove viljattomat ja korkealihaiset kuivruoat ovat todella maukkaita! Onko kissasi jo saanut maistaa?","robots":{"index":"index","follow":"follow","max-snippet":"max-snippet:-1","max-image-preview":"max-image-preview:large","max-video-preview":"max-video-preview:-1"},"canonical":"https:\/\/miumjau.ee\/fi\/tuote\/carnilove-kuivaruoka-isoille-kissoille-ankan-ja-kalkkunan-kanssa-2kg\/","og_locale":"fi_FI","og_type":"article","og_title":"Carnilove kuivaruoka isoille kissoille ankan ja kalkkunan kanssa 2kg - MiuMjau","og_description":"Carnilove viljattomat ja korkealihaiset kuivruoat ovat todella maukkaita! Onko kissasi jo saanut maistaa?","og_url":"https:\/\/miumjau.ee\/fi\/tuote\/carnilove-kuivaruoka-isoille-kissoille-ankan-ja-kalkkunan-kanssa-2kg\/","og_site_name":"MiuMjau","article_publisher":"https:\/\/www.facebook.com\/miumjaupood\/","article_modified_time":"2026-01-07T20:54:03+00:00","og_image":[{"width":600,"height":800,"url":"https:\/\/miumjau.ee\/wp-content\/uploads\/2024\/11\/carnilove-kuivtoit-kassidele6.jpg","type":"image\/jpeg"}],"twitter_card":"summary_large_image","schema":{"@context":"https:\/\/schema.org","@graph":[{"@type":"WebPage","@id":"https:\/\/miumjau.ee\/fi\/tuote\/carnilove-kuivaruoka-isoille-kissoille-ankan-ja-kalkkunan-kanssa-2kg\/","url":"https:\/\/miumjau.ee\/fi\/tuote\/carnilove-kuivaruoka-isoille-kissoille-ankan-ja-kalkkunan-kanssa-2kg\/","name":"Carnilove kuivaruoka isoille kissoille ankan ja kalkkunan kanssa 2kg - MiuMjau","isPartOf":{"@id":"https:\/\/miumjau.ee\/#website"},"primaryImageOfPage":{"@id":"https:\/\/miumjau.ee\/fi\/tuote\/carnilove-kuivaruoka-isoille-kissoille-ankan-ja-kalkkunan-kanssa-2kg\/#primaryimage"},"image":{"@id":"https:\/\/miumjau.ee\/fi\/tuote\/carnilove-kuivaruoka-isoille-kissoille-ankan-ja-kalkkunan-kanssa-2kg\/#primaryimage"},"thumbnailUrl":"https:\/\/miumjau.ee\/wp-content\/uploads\/2024\/11\/carnilove-kuivtoit-kassidele6.jpg","datePublished":"2024-11-11T20:00:09+00:00","dateModified":"2026-01-07T20:54:03+00:00","description":"Carnilove viljattomat ja korkealihaiset kuivruoat ovat todella maukkaita! Onko kissasi jo saanut maistaa?","breadcrumb":{"@id":"https:\/\/miumjau.ee\/fi\/tuote\/carnilove-kuivaruoka-isoille-kissoille-ankan-ja-kalkkunan-kanssa-2kg\/#breadcrumb"},"inLanguage":"fi","potentialAction":[{"@type":"ReadAction","target":["https:\/\/miumjau.ee\/fi\/tuote\/carnilove-kuivaruoka-isoille-kissoille-ankan-ja-kalkkunan-kanssa-2kg\/"]}]},{"@type":"ImageObject","inLanguage":"fi","@id":"https:\/\/miumjau.ee\/fi\/tuote\/carnilove-kuivaruoka-isoille-kissoille-ankan-ja-kalkkunan-kanssa-2kg\/#primaryimage","url":"https:\/\/miumjau.ee\/wp-content\/uploads\/2024\/11\/carnilove-kuivtoit-kassidele6.jpg","contentUrl":"https:\/\/miumjau.ee\/wp-content\/uploads\/2024\/11\/carnilove-kuivtoit-kassidele6.jpg","width":600,"height":800,"caption":"Carnilove kuivtoit kassidele"},{"@type":"BreadcrumbList","@id":"https:\/\/miumjau.ee\/fi\/tuote\/carnilove-kuivaruoka-isoille-kissoille-ankan-ja-kalkkunan-kanssa-2kg\/#breadcrumb","itemListElement":[{"@type":"ListItem","position":1,"name":"Home","item":"https:\/\/miumjau.ee\/fi\/"},{"@type":"ListItem","position":2,"name":"Kauppa","item":"https:\/\/miumjau.ee\/fi\/kauppa\/"},{"@type":"ListItem","position":3,"name":"Carnilove kuivaruoka isoille kissoille ankan ja kalkkunan kanssa 2kg"}]},{"@type":"WebSite","@id":"https:\/\/miumjau.ee\/#website","url":"https:\/\/miumjau.ee\/","name":"MiuMjau","description":"Kraapimispuud kassidele","publisher":{"@id":"https:\/\/miumjau.ee\/#organization"},"potentialAction":[{"@type":"SearchAction","target":{"@type":"EntryPoint","urlTemplate":"https:\/\/miumjau.ee\/?s={search_term_string}"},"query-input":{"@type":"PropertyValueSpecification","valueRequired":true,"valueName":"search_term_string"}}],"inLanguage":"fi"},{"@type":"Organization","@id":"https:\/\/miumjau.ee\/#organization","name":"MiuMjau O\u00dc","url":"https:\/\/miumjau.ee\/","logo":{"@type":"ImageObject","inLanguage":"fi","@id":"https:\/\/miumjau.ee\/#\/schema\/logo\/image\/","url":"https:\/\/miumjau.ee\/wp-content\/uploads\/2022\/04\/MiuMjau-logo-kollane.png","contentUrl":"https:\/\/miumjau.ee\/wp-content\/uploads\/2022\/04\/MiuMjau-logo-kollane.png","width":219,"height":100,"caption":"MiuMjau O\u00dc"},"image":{"@id":"https:\/\/miumjau.ee\/#\/schema\/logo\/image\/"},"sameAs":["https:\/\/www.facebook.com\/miumjaupood\/"]}]}},"_links":{"self":[{"href":"https:\/\/miumjau.ee\/fi\/wp-json\/wp\/v2\/product\/29455","targetHints":{"allow":["GET"]}}],"collection":[{"href":"https:\/\/miumjau.ee\/fi\/wp-json\/wp\/v2\/product"}],"about":[{"href":"https:\/\/miumjau.ee\/fi\/wp-json\/wp\/v2\/types\/product"}],"wp:featuredmedia":[{"embeddable":true,"href":"https:\/\/miumjau.ee\/fi\/wp-json\/wp\/v2\/media\/23968"}],"wp:attachment":[{"href":"https:\/\/miumjau.ee\/fi\/wp-json\/wp\/v2\/media?parent=29455"}],"wp:term":[{"taxonomy":"product_brand","embeddable":true,"href":"https:\/\/miumjau.ee\/fi\/wp-json\/wp\/v2\/product_brand?post=29455"},{"taxonomy":"product_cat","embeddable":true,"href":"https:\/\/miumjau.ee\/fi\/wp-json\/wp\/v2\/product_cat?post=29455"},{"taxonomy":"product_tag","embeddable":true,"href":"https:\/\/miumjau.ee\/fi\/wp-json\/wp\/v2\/product_tag?post=29455"}],"curies":[{"name":"wp","href":"https:\/\/api.w.org\/{rel}","templated":true}]}}