{"id":29452,"date":"2024-11-11T22:06:50","date_gmt":"2024-11-11T20:06:50","guid":{"rendered":"https:\/\/miumjau.ee\/toode\/carnilove-reindeer-energy-outdoor-kuivaruoka-kissoille-6kg\/"},"modified":"2026-01-07T22:54:03","modified_gmt":"2026-01-07T20:54:03","slug":"carnilove-reindeer-energy-outdoor-kuivaruoka-kissoille-6kg","status":"publish","type":"product","link":"https:\/\/miumjau.ee\/fi\/tuote\/carnilove-reindeer-energy-outdoor-kuivaruoka-kissoille-6kg\/","title":{"rendered":"Carnilove Reindeer Energy Outdoor kuivaruoka kissoille 6kg"},"content":{"rendered":"","protected":false},"excerpt":{"rendered":"<p>Viljattoman ja perunattoman t\u00e4ysravinto aktiivisille aikuisille kissoille.<\/p>\n<p><strong>Ainekset:<\/strong> Poronliha (28%), villisianliha (28%), keltainen herne (18%), kanarasva (s\u00e4ilytetty tokoferoleilla 13%), kananmaksaa (4%), tapiokajauho (2%), lohi\u00f6ljy (2%), omenat (2%), porkkanat (1%), pellavansiemenet (1%), kikherneet (1%), hydrolysoitu \u00e4yri\u00e4isten kuori (glukosamiinin l\u00e4hde 0,026%), rustoekstrakti (kondroitiinin l\u00e4hde 0,016%), oluthiiva (mannooligosakkaridin l\u00e4hde 0,016%), sikuri (fruktooligosakkaridien l\u00e4hde 0,012%), nuolipunkki (0,01%), merilev\u00e4t (0,01%), psyllium (0,01%), timjami (0,01%), rosmariini (0,01%), oreganoa (0,01%), karpaloita (0,0008%), mustikoita (0,0008%), vadelmat (0,0008%).<\/p>\n<p><strong>Vitamiinit 1 kg kohden:<\/strong> A 23000 IU, D3 943 IU, E 650 IU, C-vitamiini 300 mg, tauriini 2400 mg, kolinkloridi 2200 mg, L-karnitiini 65 mg, niasiini 45 mg, biotiini 1,8 mg, sinkki 150 mg, mangaani 55 mg, rauta 48 mg, kupari 11 mg, jodi 3,8 mg, seleeni 0,23 mg, DL-metioniini 14 mg, arginiini 12 mg, L-lysiini 10 mg.<\/p>\n<p><strong>Analysoidut ainesosat:<\/strong> Raakavalkuainen 41,0%, rasva 19,0%, raak tuhka 5,5%, raakakuidu 2,5%, kosteus 10,0%, kalsium 1,1%, fosfori 0,9%, kalium 0,3%, magnesium 0,08%.<\/p>\n<p><strong>Metabolinen energia:<\/strong> 4050 kcal\/kg.<\/p>\n","protected":false},"featured_media":23972,"template":"","meta":[],"product_brand":[],"product_cat":[255],"product_tag":[],"class_list":{"0":"post-29452","1":"product","2":"type-product","3":"status-publish","4":"has-post-thumbnail","6":"product_cat-kuiva-ruoka","8":"first","9":"instock","10":"sale","11":"taxable","12":"shipping-taxable","13":"purchasable","14":"product-type-simple"},"yoast_head":"<!-- This site is optimized with the Yoast SEO plugin v27.4 - https:\/\/yoast.com\/product\/yoast-seo-wordpress\/ -->\n<title>Carnilove Reindeer Energy Outdoor kuivaruoka kissoille 6kg - MiuMjau<\/title>\n<meta name=\"description\" content=\"Carnilove viljattomat ja korkealihaiset kuivruoat ovat todella maukkaita! Onko kissasi jo saanut maistaa?\" \/>\n<meta name=\"robots\" content=\"index, follow, max-snippet:-1, max-image-preview:large, max-video-preview:-1\" \/>\n<link rel=\"canonical\" href=\"https:\/\/miumjau.ee\/fi\/tuote\/carnilove-reindeer-energy-outdoor-kuivaruoka-kissoille-6kg\/\" \/>\n<meta property=\"og:locale\" content=\"fi_FI\" \/>\n<meta property=\"og:type\" content=\"article\" \/>\n<meta property=\"og:title\" content=\"Carnilove Reindeer Energy Outdoor kuivaruoka kissoille 6kg - MiuMjau\" \/>\n<meta property=\"og:description\" content=\"Carnilove viljattomat ja korkealihaiset kuivruoat ovat todella maukkaita! Onko kissasi jo saanut maistaa?\" \/>\n<meta property=\"og:url\" content=\"https:\/\/miumjau.ee\/fi\/tuote\/carnilove-reindeer-energy-outdoor-kuivaruoka-kissoille-6kg\/\" \/>\n<meta property=\"og:site_name\" content=\"MiuMjau\" \/>\n<meta property=\"article:publisher\" content=\"https:\/\/www.facebook.com\/miumjaupood\/\" \/>\n<meta property=\"article:modified_time\" content=\"2026-01-07T20:54:03+00:00\" \/>\n<meta property=\"og:image\" content=\"https:\/\/miumjau.ee\/wp-content\/uploads\/2024\/11\/carnilove-kuivtoit-kassidele7.jpg\" \/>\n\t<meta property=\"og:image:width\" content=\"600\" \/>\n\t<meta property=\"og:image:height\" content=\"800\" \/>\n\t<meta property=\"og:image:type\" content=\"image\/jpeg\" \/>\n<meta name=\"twitter:card\" content=\"summary_large_image\" \/>\n<script type=\"application\/ld+json\" class=\"yoast-schema-graph\">{\"@context\":\"https:\\\/\\\/schema.org\",\"@graph\":[{\"@type\":\"WebPage\",\"@id\":\"https:\\\/\\\/miumjau.ee\\\/fi\\\/tuote\\\/carnilove-reindeer-energy-outdoor-kuivaruoka-kissoille-6kg\\\/\",\"url\":\"https:\\\/\\\/miumjau.ee\\\/fi\\\/tuote\\\/carnilove-reindeer-energy-outdoor-kuivaruoka-kissoille-6kg\\\/\",\"name\":\"Carnilove Reindeer Energy Outdoor kuivaruoka kissoille 6kg - MiuMjau\",\"isPartOf\":{\"@id\":\"https:\\\/\\\/miumjau.ee\\\/#website\"},\"primaryImageOfPage\":{\"@id\":\"https:\\\/\\\/miumjau.ee\\\/fi\\\/tuote\\\/carnilove-reindeer-energy-outdoor-kuivaruoka-kissoille-6kg\\\/#primaryimage\"},\"image\":{\"@id\":\"https:\\\/\\\/miumjau.ee\\\/fi\\\/tuote\\\/carnilove-reindeer-energy-outdoor-kuivaruoka-kissoille-6kg\\\/#primaryimage\"},\"thumbnailUrl\":\"https:\\\/\\\/miumjau.ee\\\/wp-content\\\/uploads\\\/2024\\\/11\\\/carnilove-kuivtoit-kassidele7.jpg\",\"datePublished\":\"2024-11-11T20:06:50+00:00\",\"dateModified\":\"2026-01-07T20:54:03+00:00\",\"description\":\"Carnilove viljattomat ja korkealihaiset kuivruoat ovat todella maukkaita! Onko kissasi jo saanut maistaa?\",\"breadcrumb\":{\"@id\":\"https:\\\/\\\/miumjau.ee\\\/fi\\\/tuote\\\/carnilove-reindeer-energy-outdoor-kuivaruoka-kissoille-6kg\\\/#breadcrumb\"},\"inLanguage\":\"fi\",\"potentialAction\":[{\"@type\":\"ReadAction\",\"target\":[\"https:\\\/\\\/miumjau.ee\\\/fi\\\/tuote\\\/carnilove-reindeer-energy-outdoor-kuivaruoka-kissoille-6kg\\\/\"]}]},{\"@type\":\"ImageObject\",\"inLanguage\":\"fi\",\"@id\":\"https:\\\/\\\/miumjau.ee\\\/fi\\\/tuote\\\/carnilove-reindeer-energy-outdoor-kuivaruoka-kissoille-6kg\\\/#primaryimage\",\"url\":\"https:\\\/\\\/miumjau.ee\\\/wp-content\\\/uploads\\\/2024\\\/11\\\/carnilove-kuivtoit-kassidele7.jpg\",\"contentUrl\":\"https:\\\/\\\/miumjau.ee\\\/wp-content\\\/uploads\\\/2024\\\/11\\\/carnilove-kuivtoit-kassidele7.jpg\",\"width\":600,\"height\":800,\"caption\":\"Carnilove kuivtoit kassidele\"},{\"@type\":\"BreadcrumbList\",\"@id\":\"https:\\\/\\\/miumjau.ee\\\/fi\\\/tuote\\\/carnilove-reindeer-energy-outdoor-kuivaruoka-kissoille-6kg\\\/#breadcrumb\",\"itemListElement\":[{\"@type\":\"ListItem\",\"position\":1,\"name\":\"Home\",\"item\":\"https:\\\/\\\/miumjau.ee\\\/fi\\\/\"},{\"@type\":\"ListItem\",\"position\":2,\"name\":\"Kauppa\",\"item\":\"https:\\\/\\\/miumjau.ee\\\/fi\\\/kauppa\\\/\"},{\"@type\":\"ListItem\",\"position\":3,\"name\":\"Carnilove Reindeer Energy Outdoor kuivaruoka kissoille 6kg\"}]},{\"@type\":\"WebSite\",\"@id\":\"https:\\\/\\\/miumjau.ee\\\/#website\",\"url\":\"https:\\\/\\\/miumjau.ee\\\/\",\"name\":\"MiuMjau\",\"description\":\"Kraapimispuud kassidele\",\"publisher\":{\"@id\":\"https:\\\/\\\/miumjau.ee\\\/#organization\"},\"potentialAction\":[{\"@type\":\"SearchAction\",\"target\":{\"@type\":\"EntryPoint\",\"urlTemplate\":\"https:\\\/\\\/miumjau.ee\\\/?s={search_term_string}\"},\"query-input\":{\"@type\":\"PropertyValueSpecification\",\"valueRequired\":true,\"valueName\":\"search_term_string\"}}],\"inLanguage\":\"fi\"},{\"@type\":\"Organization\",\"@id\":\"https:\\\/\\\/miumjau.ee\\\/#organization\",\"name\":\"MiuMjau O\u00dc\",\"url\":\"https:\\\/\\\/miumjau.ee\\\/\",\"logo\":{\"@type\":\"ImageObject\",\"inLanguage\":\"fi\",\"@id\":\"https:\\\/\\\/miumjau.ee\\\/#\\\/schema\\\/logo\\\/image\\\/\",\"url\":\"https:\\\/\\\/miumjau.ee\\\/wp-content\\\/uploads\\\/2022\\\/04\\\/MiuMjau-logo-kollane.png\",\"contentUrl\":\"https:\\\/\\\/miumjau.ee\\\/wp-content\\\/uploads\\\/2022\\\/04\\\/MiuMjau-logo-kollane.png\",\"width\":219,\"height\":100,\"caption\":\"MiuMjau O\u00dc\"},\"image\":{\"@id\":\"https:\\\/\\\/miumjau.ee\\\/#\\\/schema\\\/logo\\\/image\\\/\"},\"sameAs\":[\"https:\\\/\\\/www.facebook.com\\\/miumjaupood\\\/\"]}]}<\/script>\n<!-- \/ Yoast SEO plugin. -->","yoast_head_json":{"title":"Carnilove Reindeer Energy Outdoor kuivaruoka kissoille 6kg - MiuMjau","description":"Carnilove viljattomat ja korkealihaiset kuivruoat ovat todella maukkaita! Onko kissasi jo saanut maistaa?","robots":{"index":"index","follow":"follow","max-snippet":"max-snippet:-1","max-image-preview":"max-image-preview:large","max-video-preview":"max-video-preview:-1"},"canonical":"https:\/\/miumjau.ee\/fi\/tuote\/carnilove-reindeer-energy-outdoor-kuivaruoka-kissoille-6kg\/","og_locale":"fi_FI","og_type":"article","og_title":"Carnilove Reindeer Energy Outdoor kuivaruoka kissoille 6kg - MiuMjau","og_description":"Carnilove viljattomat ja korkealihaiset kuivruoat ovat todella maukkaita! Onko kissasi jo saanut maistaa?","og_url":"https:\/\/miumjau.ee\/fi\/tuote\/carnilove-reindeer-energy-outdoor-kuivaruoka-kissoille-6kg\/","og_site_name":"MiuMjau","article_publisher":"https:\/\/www.facebook.com\/miumjaupood\/","article_modified_time":"2026-01-07T20:54:03+00:00","og_image":[{"width":600,"height":800,"url":"https:\/\/miumjau.ee\/wp-content\/uploads\/2024\/11\/carnilove-kuivtoit-kassidele7.jpg","type":"image\/jpeg"}],"twitter_card":"summary_large_image","schema":{"@context":"https:\/\/schema.org","@graph":[{"@type":"WebPage","@id":"https:\/\/miumjau.ee\/fi\/tuote\/carnilove-reindeer-energy-outdoor-kuivaruoka-kissoille-6kg\/","url":"https:\/\/miumjau.ee\/fi\/tuote\/carnilove-reindeer-energy-outdoor-kuivaruoka-kissoille-6kg\/","name":"Carnilove Reindeer Energy Outdoor kuivaruoka kissoille 6kg - MiuMjau","isPartOf":{"@id":"https:\/\/miumjau.ee\/#website"},"primaryImageOfPage":{"@id":"https:\/\/miumjau.ee\/fi\/tuote\/carnilove-reindeer-energy-outdoor-kuivaruoka-kissoille-6kg\/#primaryimage"},"image":{"@id":"https:\/\/miumjau.ee\/fi\/tuote\/carnilove-reindeer-energy-outdoor-kuivaruoka-kissoille-6kg\/#primaryimage"},"thumbnailUrl":"https:\/\/miumjau.ee\/wp-content\/uploads\/2024\/11\/carnilove-kuivtoit-kassidele7.jpg","datePublished":"2024-11-11T20:06:50+00:00","dateModified":"2026-01-07T20:54:03+00:00","description":"Carnilove viljattomat ja korkealihaiset kuivruoat ovat todella maukkaita! Onko kissasi jo saanut maistaa?","breadcrumb":{"@id":"https:\/\/miumjau.ee\/fi\/tuote\/carnilove-reindeer-energy-outdoor-kuivaruoka-kissoille-6kg\/#breadcrumb"},"inLanguage":"fi","potentialAction":[{"@type":"ReadAction","target":["https:\/\/miumjau.ee\/fi\/tuote\/carnilove-reindeer-energy-outdoor-kuivaruoka-kissoille-6kg\/"]}]},{"@type":"ImageObject","inLanguage":"fi","@id":"https:\/\/miumjau.ee\/fi\/tuote\/carnilove-reindeer-energy-outdoor-kuivaruoka-kissoille-6kg\/#primaryimage","url":"https:\/\/miumjau.ee\/wp-content\/uploads\/2024\/11\/carnilove-kuivtoit-kassidele7.jpg","contentUrl":"https:\/\/miumjau.ee\/wp-content\/uploads\/2024\/11\/carnilove-kuivtoit-kassidele7.jpg","width":600,"height":800,"caption":"Carnilove kuivtoit kassidele"},{"@type":"BreadcrumbList","@id":"https:\/\/miumjau.ee\/fi\/tuote\/carnilove-reindeer-energy-outdoor-kuivaruoka-kissoille-6kg\/#breadcrumb","itemListElement":[{"@type":"ListItem","position":1,"name":"Home","item":"https:\/\/miumjau.ee\/fi\/"},{"@type":"ListItem","position":2,"name":"Kauppa","item":"https:\/\/miumjau.ee\/fi\/kauppa\/"},{"@type":"ListItem","position":3,"name":"Carnilove Reindeer Energy Outdoor kuivaruoka kissoille 6kg"}]},{"@type":"WebSite","@id":"https:\/\/miumjau.ee\/#website","url":"https:\/\/miumjau.ee\/","name":"MiuMjau","description":"Kraapimispuud kassidele","publisher":{"@id":"https:\/\/miumjau.ee\/#organization"},"potentialAction":[{"@type":"SearchAction","target":{"@type":"EntryPoint","urlTemplate":"https:\/\/miumjau.ee\/?s={search_term_string}"},"query-input":{"@type":"PropertyValueSpecification","valueRequired":true,"valueName":"search_term_string"}}],"inLanguage":"fi"},{"@type":"Organization","@id":"https:\/\/miumjau.ee\/#organization","name":"MiuMjau O\u00dc","url":"https:\/\/miumjau.ee\/","logo":{"@type":"ImageObject","inLanguage":"fi","@id":"https:\/\/miumjau.ee\/#\/schema\/logo\/image\/","url":"https:\/\/miumjau.ee\/wp-content\/uploads\/2022\/04\/MiuMjau-logo-kollane.png","contentUrl":"https:\/\/miumjau.ee\/wp-content\/uploads\/2022\/04\/MiuMjau-logo-kollane.png","width":219,"height":100,"caption":"MiuMjau O\u00dc"},"image":{"@id":"https:\/\/miumjau.ee\/#\/schema\/logo\/image\/"},"sameAs":["https:\/\/www.facebook.com\/miumjaupood\/"]}]}},"_links":{"self":[{"href":"https:\/\/miumjau.ee\/fi\/wp-json\/wp\/v2\/product\/29452","targetHints":{"allow":["GET"]}}],"collection":[{"href":"https:\/\/miumjau.ee\/fi\/wp-json\/wp\/v2\/product"}],"about":[{"href":"https:\/\/miumjau.ee\/fi\/wp-json\/wp\/v2\/types\/product"}],"wp:featuredmedia":[{"embeddable":true,"href":"https:\/\/miumjau.ee\/fi\/wp-json\/wp\/v2\/media\/23972"}],"wp:attachment":[{"href":"https:\/\/miumjau.ee\/fi\/wp-json\/wp\/v2\/media?parent=29452"}],"wp:term":[{"taxonomy":"product_brand","embeddable":true,"href":"https:\/\/miumjau.ee\/fi\/wp-json\/wp\/v2\/product_brand?post=29452"},{"taxonomy":"product_cat","embeddable":true,"href":"https:\/\/miumjau.ee\/fi\/wp-json\/wp\/v2\/product_cat?post=29452"},{"taxonomy":"product_tag","embeddable":true,"href":"https:\/\/miumjau.ee\/fi\/wp-json\/wp\/v2\/product_tag?post=29452"}],"curies":[{"name":"wp","href":"https:\/\/api.w.org\/{rel}","templated":true}]}}