{"id":29402,"date":"2024-12-20T10:04:27","date_gmt":"2024-12-20T08:04:27","guid":{"rendered":"https:\/\/miumjau.ee\/toode\/kissan-valjaat-ja-talutushihna-sininen-s\/"},"modified":"2026-01-07T22:54:10","modified_gmt":"2026-01-07T20:54:10","slug":"kissan-valjaat-ja-talutushihna-sininen-s","status":"publish","type":"product","link":"https:\/\/miumjau.ee\/fi\/tuote\/kissan-valjaat-ja-talutushihna-sininen-s\/","title":{"rendered":"Kissan valjaat ja talutushihna, sininen S"},"content":{"rendered":"","protected":false},"excerpt":{"rendered":"<p>Kissan valjaat talutushihnalla, sopii keskikokoisille kissoille:<\/p>\n<p>Koko mitat:<\/p>\n<ul>\n<li>Kaulanymp\u00e4rys: 27,9\u201334,8 cm<\/li>\n<li>Rinnanymp\u00e4rys: 45,7\u201350,8 cm<\/li>\n<\/ul>\n<p>Mittaa kissasi huolellisesti ja tarkista kokotaulukko ennen tilaamista. (Vinkki: Kissan p\u00e4\u00e4n ymp\u00e4rysmitta tulisi olla v\u00e4hint\u00e4\u00e4n 25 cm, jotta se ei p\u00e4\u00e4se livahtamaan valjaista.)<\/p>\n<p><strong>Pakkaus sis\u00e4lt\u00e4\u00e4:<\/strong><\/p>\n<ul>\n<li>1 x pieni kissan k\u00e4velyliivi<\/li>\n<li>1 x 150 cm pitk\u00e4 nailoninen talutushihna<\/li>\n<\/ul>\n<h3><strong>Mukavat ulkoiluvaljaat<\/strong><\/h3>\n<p>N\u00e4m\u00e4 erityisen mukavat kissan valjaat istuvat napakasti lemmikkisi kehon ymp\u00e4rille, mutta pit\u00e4v\u00e4t sen viile\u00e4n\u00e4 hengitt\u00e4v\u00e4n verkkokankaan ansiosta. Pehme\u00e4t ja kevyet (noin 100 g), sopivat p\u00e4ivitt\u00e4isiin k\u00e4velyihin, juoksuun, harjoitteluun ja muihin ulkoaktiviteetteihin. Ihanteelliset my\u00f6s silloin, kun viet kissasi uuteen ymp\u00e4rist\u00f6\u00f6n, kuten el\u00e4inl\u00e4\u00e4k\u00e4rille tai hoitajalle.<\/p>\n<h3><strong>Pakoilunkest\u00e4v\u00e4t kissan valjaat<\/strong><\/h3>\n<p>S\u00e4\u00e4dett\u00e4viss\u00e4 nelj\u00e4n hihnan avulla, jotta ne istuvat t\u00e4ydellisesti ketter\u00e4lle kissalle. Kummallakin puolella on vahvat turvalukot, jotka takaavat varman kiinnityksen \u2013 sinun ei tarvitse huolehtia, ett\u00e4 kissasi katoaisi ulkoseikkailujen aikana. (Vinkki: Valjaiden tulisi olla tarpeeksi tiukat niin, ett\u00e4 niiden ja kissan kehon v\u00e4liin mahtuu yksi sormi.)<\/p>\n<h3><strong>Turvalliset kissan valjaat<\/strong><\/h3>\n<p>Voit kiinnitt\u00e4\u00e4 pitk\u00e4n ja kest\u00e4v\u00e4n nailonhihnan valjaiden metalliseen kiinnitysrenkaaseen, jolloin kissasi voi turvallisesti tutkia ymp\u00e4rist\u00f6\u00e4\u00e4n. Liivim\u00e4inen muotoilu jakaa paineen tasaisesti rinnalle ja hartioille, est\u00e4en tukehtumisen tai niskan rasituksen \u2013 turvallisempi ja mukavampi vaihtoehto kuin perinteiset tai H-malliset valjaat. Heijastinnauhat varmistavat, ett\u00e4 kissasi on n\u00e4kyviss\u00e4 my\u00f6s pime\u00e4ss\u00e4.<\/p>\n<h3><strong>Helposti puettavat valjaat<\/strong><\/h3>\n<p>Helppo pukea ja riisua kahden sivulukon ja nelj\u00e4n s\u00e4\u00e4dett\u00e4v\u00e4n hihnan ansiosta. (Vinkki: Totuta herkk\u00e4 lemmikkisi uusiin valjaisiin asettamalla ne sen l\u00e4helle nukkumisen tai ruokailun ajaksi.)<\/p>\n","protected":false},"featured_media":25469,"template":"","meta":[],"product_brand":[],"product_cat":[297],"product_tag":[],"class_list":{"0":"post-29402","1":"product","2":"type-product","3":"status-publish","4":"has-post-thumbnail","6":"product_cat-kissan-valjaat","8":"first","9":"instock","10":"taxable","11":"shipping-taxable","12":"purchasable","13":"product-type-simple"},"yoast_head":"<!-- This site is optimized with the Yoast SEO plugin v27.2 - https:\/\/yoast.com\/product\/yoast-seo-wordpress\/ -->\n<title>Kissan valjaat ja talutushihna, sininen S - MiuMjau<\/title>\n<meta name=\"description\" content=\"Valjaat kissalle, jotka ovat turvalliset ja mukavat \u2013 eiv\u00e4t purista eiv\u00e4tk\u00e4 \u00e4rsyt\u00e4. Lis\u00e4ksi ne n\u00e4ytt\u00e4v\u00e4t upeilta ja v\u00e4rikk\u00e4ilt\u00e4! Mik\u00e4 on sinun suosikkisi?\" \/>\n<meta name=\"robots\" content=\"index, follow, max-snippet:-1, max-image-preview:large, max-video-preview:-1\" \/>\n<link rel=\"canonical\" href=\"https:\/\/miumjau.ee\/fi\/tuote\/kissan-valjaat-ja-talutushihna-sininen-s\/\" \/>\n<meta property=\"og:locale\" content=\"fi_FI\" \/>\n<meta property=\"og:type\" content=\"article\" \/>\n<meta property=\"og:title\" content=\"Kissan valjaat ja talutushihna, sininen S - MiuMjau\" \/>\n<meta property=\"og:description\" content=\"Valjaat kissalle, jotka ovat turvalliset ja mukavat \u2013 eiv\u00e4t purista eiv\u00e4tk\u00e4 \u00e4rsyt\u00e4. Lis\u00e4ksi ne n\u00e4ytt\u00e4v\u00e4t upeilta ja v\u00e4rikk\u00e4ilt\u00e4! Mik\u00e4 on sinun suosikkisi?\" \/>\n<meta property=\"og:url\" content=\"https:\/\/miumjau.ee\/fi\/tuote\/kissan-valjaat-ja-talutushihna-sininen-s\/\" \/>\n<meta property=\"og:site_name\" content=\"MiuMjau\" \/>\n<meta property=\"article:publisher\" content=\"https:\/\/www.facebook.com\/miumjaupood\/\" \/>\n<meta property=\"article:modified_time\" content=\"2026-01-07T20:54:10+00:00\" \/>\n<meta property=\"og:image\" content=\"https:\/\/miumjau.ee\/wp-content\/uploads\/2024\/12\/traksid-blue-S-Photoroom.jpg\" \/>\n\t<meta property=\"og:image:width\" content=\"600\" \/>\n\t<meta property=\"og:image:height\" content=\"800\" \/>\n\t<meta property=\"og:image:type\" content=\"image\/jpeg\" \/>\n<meta name=\"twitter:card\" content=\"summary_large_image\" \/>\n<script type=\"application\/ld+json\" class=\"yoast-schema-graph\">{\"@context\":\"https:\/\/schema.org\",\"@graph\":[{\"@type\":\"WebPage\",\"@id\":\"https:\/\/miumjau.ee\/fi\/tuote\/kissan-valjaat-ja-talutushihna-sininen-s\/\",\"url\":\"https:\/\/miumjau.ee\/fi\/tuote\/kissan-valjaat-ja-talutushihna-sininen-s\/\",\"name\":\"Kissan valjaat ja talutushihna, sininen S - MiuMjau\",\"isPartOf\":{\"@id\":\"https:\/\/miumjau.ee\/#website\"},\"primaryImageOfPage\":{\"@id\":\"https:\/\/miumjau.ee\/fi\/tuote\/kissan-valjaat-ja-talutushihna-sininen-s\/#primaryimage\"},\"image\":{\"@id\":\"https:\/\/miumjau.ee\/fi\/tuote\/kissan-valjaat-ja-talutushihna-sininen-s\/#primaryimage\"},\"thumbnailUrl\":\"https:\/\/miumjau.ee\/wp-content\/uploads\/2024\/12\/traksid-blue-S-Photoroom.jpg\",\"datePublished\":\"2024-12-20T08:04:27+00:00\",\"dateModified\":\"2026-01-07T20:54:10+00:00\",\"description\":\"Valjaat kissalle, jotka ovat turvalliset ja mukavat \u2013 eiv\u00e4t purista eiv\u00e4tk\u00e4 \u00e4rsyt\u00e4. Lis\u00e4ksi ne n\u00e4ytt\u00e4v\u00e4t upeilta ja v\u00e4rikk\u00e4ilt\u00e4! Mik\u00e4 on sinun suosikkisi?\",\"breadcrumb\":{\"@id\":\"https:\/\/miumjau.ee\/fi\/tuote\/kissan-valjaat-ja-talutushihna-sininen-s\/#breadcrumb\"},\"inLanguage\":\"fi\",\"potentialAction\":[{\"@type\":\"ReadAction\",\"target\":[\"https:\/\/miumjau.ee\/fi\/tuote\/kissan-valjaat-ja-talutushihna-sininen-s\/\"]}]},{\"@type\":\"ImageObject\",\"inLanguage\":\"fi\",\"@id\":\"https:\/\/miumjau.ee\/fi\/tuote\/kissan-valjaat-ja-talutushihna-sininen-s\/#primaryimage\",\"url\":\"https:\/\/miumjau.ee\/wp-content\/uploads\/2024\/12\/traksid-blue-S-Photoroom.jpg\",\"contentUrl\":\"https:\/\/miumjau.ee\/wp-content\/uploads\/2024\/12\/traksid-blue-S-Photoroom.jpg\",\"width\":600,\"height\":800,\"caption\":\"Kassi traksid ja jalutusrihm sinised\"},{\"@type\":\"BreadcrumbList\",\"@id\":\"https:\/\/miumjau.ee\/fi\/tuote\/kissan-valjaat-ja-talutushihna-sininen-s\/#breadcrumb\",\"itemListElement\":[{\"@type\":\"ListItem\",\"position\":1,\"name\":\"Home\",\"item\":\"https:\/\/miumjau.ee\/fi\/\"},{\"@type\":\"ListItem\",\"position\":2,\"name\":\"Kauppa\",\"item\":\"https:\/\/miumjau.ee\/fi\/kauppa\/\"},{\"@type\":\"ListItem\",\"position\":3,\"name\":\"Kissan valjaat ja talutushihna, sininen S\"}]},{\"@type\":\"WebSite\",\"@id\":\"https:\/\/miumjau.ee\/#website\",\"url\":\"https:\/\/miumjau.ee\/\",\"name\":\"MiuMjau\",\"description\":\"Kraapimispuud kassidele\",\"publisher\":{\"@id\":\"https:\/\/miumjau.ee\/#organization\"},\"potentialAction\":[{\"@type\":\"SearchAction\",\"target\":{\"@type\":\"EntryPoint\",\"urlTemplate\":\"https:\/\/miumjau.ee\/?s={search_term_string}\"},\"query-input\":{\"@type\":\"PropertyValueSpecification\",\"valueRequired\":true,\"valueName\":\"search_term_string\"}}],\"inLanguage\":\"fi\"},{\"@type\":\"Organization\",\"@id\":\"https:\/\/miumjau.ee\/#organization\",\"name\":\"MiuMjau O\u00dc\",\"url\":\"https:\/\/miumjau.ee\/\",\"logo\":{\"@type\":\"ImageObject\",\"inLanguage\":\"fi\",\"@id\":\"https:\/\/miumjau.ee\/#\/schema\/logo\/image\/\",\"url\":\"https:\/\/miumjau.ee\/wp-content\/uploads\/2022\/04\/MiuMjau-logo-kollane.png\",\"contentUrl\":\"https:\/\/miumjau.ee\/wp-content\/uploads\/2022\/04\/MiuMjau-logo-kollane.png\",\"width\":219,\"height\":100,\"caption\":\"MiuMjau O\u00dc\"},\"image\":{\"@id\":\"https:\/\/miumjau.ee\/#\/schema\/logo\/image\/\"},\"sameAs\":[\"https:\/\/www.facebook.com\/miumjaupood\/\"]}]}<\/script>\n<!-- \/ Yoast SEO plugin. -->","yoast_head_json":{"title":"Kissan valjaat ja talutushihna, sininen S - MiuMjau","description":"Valjaat kissalle, jotka ovat turvalliset ja mukavat \u2013 eiv\u00e4t purista eiv\u00e4tk\u00e4 \u00e4rsyt\u00e4. Lis\u00e4ksi ne n\u00e4ytt\u00e4v\u00e4t upeilta ja v\u00e4rikk\u00e4ilt\u00e4! Mik\u00e4 on sinun suosikkisi?","robots":{"index":"index","follow":"follow","max-snippet":"max-snippet:-1","max-image-preview":"max-image-preview:large","max-video-preview":"max-video-preview:-1"},"canonical":"https:\/\/miumjau.ee\/fi\/tuote\/kissan-valjaat-ja-talutushihna-sininen-s\/","og_locale":"fi_FI","og_type":"article","og_title":"Kissan valjaat ja talutushihna, sininen S - MiuMjau","og_description":"Valjaat kissalle, jotka ovat turvalliset ja mukavat \u2013 eiv\u00e4t purista eiv\u00e4tk\u00e4 \u00e4rsyt\u00e4. Lis\u00e4ksi ne n\u00e4ytt\u00e4v\u00e4t upeilta ja v\u00e4rikk\u00e4ilt\u00e4! Mik\u00e4 on sinun suosikkisi?","og_url":"https:\/\/miumjau.ee\/fi\/tuote\/kissan-valjaat-ja-talutushihna-sininen-s\/","og_site_name":"MiuMjau","article_publisher":"https:\/\/www.facebook.com\/miumjaupood\/","article_modified_time":"2026-01-07T20:54:10+00:00","og_image":[{"width":600,"height":800,"url":"https:\/\/miumjau.ee\/wp-content\/uploads\/2024\/12\/traksid-blue-S-Photoroom.jpg","type":"image\/jpeg"}],"twitter_card":"summary_large_image","schema":{"@context":"https:\/\/schema.org","@graph":[{"@type":"WebPage","@id":"https:\/\/miumjau.ee\/fi\/tuote\/kissan-valjaat-ja-talutushihna-sininen-s\/","url":"https:\/\/miumjau.ee\/fi\/tuote\/kissan-valjaat-ja-talutushihna-sininen-s\/","name":"Kissan valjaat ja talutushihna, sininen S - MiuMjau","isPartOf":{"@id":"https:\/\/miumjau.ee\/#website"},"primaryImageOfPage":{"@id":"https:\/\/miumjau.ee\/fi\/tuote\/kissan-valjaat-ja-talutushihna-sininen-s\/#primaryimage"},"image":{"@id":"https:\/\/miumjau.ee\/fi\/tuote\/kissan-valjaat-ja-talutushihna-sininen-s\/#primaryimage"},"thumbnailUrl":"https:\/\/miumjau.ee\/wp-content\/uploads\/2024\/12\/traksid-blue-S-Photoroom.jpg","datePublished":"2024-12-20T08:04:27+00:00","dateModified":"2026-01-07T20:54:10+00:00","description":"Valjaat kissalle, jotka ovat turvalliset ja mukavat \u2013 eiv\u00e4t purista eiv\u00e4tk\u00e4 \u00e4rsyt\u00e4. Lis\u00e4ksi ne n\u00e4ytt\u00e4v\u00e4t upeilta ja v\u00e4rikk\u00e4ilt\u00e4! Mik\u00e4 on sinun suosikkisi?","breadcrumb":{"@id":"https:\/\/miumjau.ee\/fi\/tuote\/kissan-valjaat-ja-talutushihna-sininen-s\/#breadcrumb"},"inLanguage":"fi","potentialAction":[{"@type":"ReadAction","target":["https:\/\/miumjau.ee\/fi\/tuote\/kissan-valjaat-ja-talutushihna-sininen-s\/"]}]},{"@type":"ImageObject","inLanguage":"fi","@id":"https:\/\/miumjau.ee\/fi\/tuote\/kissan-valjaat-ja-talutushihna-sininen-s\/#primaryimage","url":"https:\/\/miumjau.ee\/wp-content\/uploads\/2024\/12\/traksid-blue-S-Photoroom.jpg","contentUrl":"https:\/\/miumjau.ee\/wp-content\/uploads\/2024\/12\/traksid-blue-S-Photoroom.jpg","width":600,"height":800,"caption":"Kassi traksid ja jalutusrihm sinised"},{"@type":"BreadcrumbList","@id":"https:\/\/miumjau.ee\/fi\/tuote\/kissan-valjaat-ja-talutushihna-sininen-s\/#breadcrumb","itemListElement":[{"@type":"ListItem","position":1,"name":"Home","item":"https:\/\/miumjau.ee\/fi\/"},{"@type":"ListItem","position":2,"name":"Kauppa","item":"https:\/\/miumjau.ee\/fi\/kauppa\/"},{"@type":"ListItem","position":3,"name":"Kissan valjaat ja talutushihna, sininen S"}]},{"@type":"WebSite","@id":"https:\/\/miumjau.ee\/#website","url":"https:\/\/miumjau.ee\/","name":"MiuMjau","description":"Kraapimispuud kassidele","publisher":{"@id":"https:\/\/miumjau.ee\/#organization"},"potentialAction":[{"@type":"SearchAction","target":{"@type":"EntryPoint","urlTemplate":"https:\/\/miumjau.ee\/?s={search_term_string}"},"query-input":{"@type":"PropertyValueSpecification","valueRequired":true,"valueName":"search_term_string"}}],"inLanguage":"fi"},{"@type":"Organization","@id":"https:\/\/miumjau.ee\/#organization","name":"MiuMjau O\u00dc","url":"https:\/\/miumjau.ee\/","logo":{"@type":"ImageObject","inLanguage":"fi","@id":"https:\/\/miumjau.ee\/#\/schema\/logo\/image\/","url":"https:\/\/miumjau.ee\/wp-content\/uploads\/2022\/04\/MiuMjau-logo-kollane.png","contentUrl":"https:\/\/miumjau.ee\/wp-content\/uploads\/2022\/04\/MiuMjau-logo-kollane.png","width":219,"height":100,"caption":"MiuMjau O\u00dc"},"image":{"@id":"https:\/\/miumjau.ee\/#\/schema\/logo\/image\/"},"sameAs":["https:\/\/www.facebook.com\/miumjaupood\/"]}]}},"_links":{"self":[{"href":"https:\/\/miumjau.ee\/fi\/wp-json\/wp\/v2\/product\/29402","targetHints":{"allow":["GET"]}}],"collection":[{"href":"https:\/\/miumjau.ee\/fi\/wp-json\/wp\/v2\/product"}],"about":[{"href":"https:\/\/miumjau.ee\/fi\/wp-json\/wp\/v2\/types\/product"}],"wp:featuredmedia":[{"embeddable":true,"href":"https:\/\/miumjau.ee\/fi\/wp-json\/wp\/v2\/media\/25469"}],"wp:attachment":[{"href":"https:\/\/miumjau.ee\/fi\/wp-json\/wp\/v2\/media?parent=29402"}],"wp:term":[{"taxonomy":"product_brand","embeddable":true,"href":"https:\/\/miumjau.ee\/fi\/wp-json\/wp\/v2\/product_brand?post=29402"},{"taxonomy":"product_cat","embeddable":true,"href":"https:\/\/miumjau.ee\/fi\/wp-json\/wp\/v2\/product_cat?post=29402"},{"taxonomy":"product_tag","embeddable":true,"href":"https:\/\/miumjau.ee\/fi\/wp-json\/wp\/v2\/product_tag?post=29402"}],"curies":[{"name":"wp","href":"https:\/\/api.w.org\/{rel}","templated":true}]}}