{"id":29382,"date":"2024-12-31T18:20:29","date_gmt":"2024-12-31T16:20:29","guid":{"rendered":"https:\/\/miumjau.ee\/toode\/lelu-catnipilla-yeowww-kalamuoto-violetti\/"},"modified":"2026-01-07T22:54:25","modified_gmt":"2026-01-07T20:54:25","slug":"lelu-catnipilla-yeowww-kalamuoto-violetti","status":"publish","type":"product","link":"https:\/\/miumjau.ee\/fi\/tuote\/lelu-catnipilla-yeowww-kalamuoto-violetti\/","title":{"rendered":"Lelu catnipilla Yeowww! Kalamuoto, violetti"},"content":{"rendered":"","protected":false},"excerpt":{"rendered":"<p>Yeowww! Leikkikalu on t\u00e4ytetty luonnollisella kissanmintulla, joka tarjoaa kissoille hauskaa ja stimuloivaa leikki\u00e4. Luonnollinen ja turvallinen leikkikalu. Kissat rakastavat tarttua siihen kaikilla tassuillaan, pureskella sit\u00e4 ja villisti heiluttaa jaloillaan. T\u00e4m\u00e4 tarjoaa niille paljon hauskaa! Iloinen design.<\/p>\n<p>Mitat noin 17&#215;12 cm ja siivet ovat rapisevasta materiaalista.<\/p>\n","protected":false},"featured_media":25759,"template":"","meta":[],"product_brand":[],"product_cat":[261],"product_tag":[],"class_list":{"0":"post-29382","1":"product","2":"type-product","3":"status-publish","4":"has-post-thumbnail","6":"product_cat-lelut","8":"first","9":"instock","10":"taxable","11":"shipping-taxable","12":"purchasable","13":"product-type-simple"},"yoast_head":"<!-- This site is optimized with the Yoast SEO plugin v27.2 - https:\/\/yoast.com\/product\/yoast-seo-wordpress\/ -->\n<title>Lelu catnipilla Yeowww! Kalamuoto, violetti - MiuMjau<\/title>\n<meta name=\"description\" content=\"Catnip eli kissanmintulla t\u00e4ytetyt leikkikalut ovat kissoille hurmaavia ja antavat hetkellisesti kivan &quot;potkun&quot; tai leikkihulluutta. Ne rauhoittavat kissan stressaavina aikoina.\" \/>\n<meta name=\"robots\" content=\"index, follow, max-snippet:-1, max-image-preview:large, max-video-preview:-1\" \/>\n<link rel=\"canonical\" href=\"https:\/\/miumjau.ee\/fi\/tuote\/lelu-catnipilla-yeowww-kalamuoto-violetti\/\" \/>\n<meta property=\"og:locale\" content=\"fi_FI\" \/>\n<meta property=\"og:type\" content=\"article\" \/>\n<meta property=\"og:title\" content=\"Lelu catnipilla Yeowww! Kalamuoto, violetti - MiuMjau\" \/>\n<meta property=\"og:description\" content=\"Catnip eli kissanmintulla t\u00e4ytetyt leikkikalut ovat kissoille hurmaavia ja antavat hetkellisesti kivan &quot;potkun&quot; tai leikkihulluutta. Ne rauhoittavat kissan stressaavina aikoina.\" \/>\n<meta property=\"og:url\" content=\"https:\/\/miumjau.ee\/fi\/tuote\/lelu-catnipilla-yeowww-kalamuoto-violetti\/\" \/>\n<meta property=\"og:site_name\" content=\"MiuMjau\" \/>\n<meta property=\"article:publisher\" content=\"https:\/\/www.facebook.com\/miumjaupood\/\" \/>\n<meta property=\"article:modified_time\" content=\"2026-01-07T20:54:25+00:00\" \/>\n<meta property=\"og:image\" content=\"https:\/\/miumjau.ee\/wp-content\/uploads\/2024\/12\/yeowww-manguasjad-kassidele2.jpg\" \/>\n\t<meta property=\"og:image:width\" content=\"600\" \/>\n\t<meta property=\"og:image:height\" content=\"800\" \/>\n\t<meta property=\"og:image:type\" content=\"image\/jpeg\" \/>\n<meta name=\"twitter:card\" content=\"summary_large_image\" \/>\n<script type=\"application\/ld+json\" class=\"yoast-schema-graph\">{\"@context\":\"https:\/\/schema.org\",\"@graph\":[{\"@type\":\"WebPage\",\"@id\":\"https:\/\/miumjau.ee\/fi\/tuote\/lelu-catnipilla-yeowww-kalamuoto-violetti\/\",\"url\":\"https:\/\/miumjau.ee\/fi\/tuote\/lelu-catnipilla-yeowww-kalamuoto-violetti\/\",\"name\":\"Lelu catnipilla Yeowww! Kalamuoto, violetti - MiuMjau\",\"isPartOf\":{\"@id\":\"https:\/\/miumjau.ee\/#website\"},\"primaryImageOfPage\":{\"@id\":\"https:\/\/miumjau.ee\/fi\/tuote\/lelu-catnipilla-yeowww-kalamuoto-violetti\/#primaryimage\"},\"image\":{\"@id\":\"https:\/\/miumjau.ee\/fi\/tuote\/lelu-catnipilla-yeowww-kalamuoto-violetti\/#primaryimage\"},\"thumbnailUrl\":\"https:\/\/miumjau.ee\/wp-content\/uploads\/2024\/12\/yeowww-manguasjad-kassidele2.jpg\",\"datePublished\":\"2024-12-31T16:20:29+00:00\",\"dateModified\":\"2026-01-07T20:54:25+00:00\",\"description\":\"Catnip eli kissanmintulla t\u00e4ytetyt leikkikalut ovat kissoille hurmaavia ja antavat hetkellisesti kivan \\\"potkun\\\" tai leikkihulluutta. Ne rauhoittavat kissan stressaavina aikoina.\",\"breadcrumb\":{\"@id\":\"https:\/\/miumjau.ee\/fi\/tuote\/lelu-catnipilla-yeowww-kalamuoto-violetti\/#breadcrumb\"},\"inLanguage\":\"fi\",\"potentialAction\":[{\"@type\":\"ReadAction\",\"target\":[\"https:\/\/miumjau.ee\/fi\/tuote\/lelu-catnipilla-yeowww-kalamuoto-violetti\/\"]}]},{\"@type\":\"ImageObject\",\"inLanguage\":\"fi\",\"@id\":\"https:\/\/miumjau.ee\/fi\/tuote\/lelu-catnipilla-yeowww-kalamuoto-violetti\/#primaryimage\",\"url\":\"https:\/\/miumjau.ee\/wp-content\/uploads\/2024\/12\/yeowww-manguasjad-kassidele2.jpg\",\"contentUrl\":\"https:\/\/miumjau.ee\/wp-content\/uploads\/2024\/12\/yeowww-manguasjad-kassidele2.jpg\",\"width\":600,\"height\":800,\"caption\":\"Yeowww kassi m\u00e4nguasi catnipiga\"},{\"@type\":\"BreadcrumbList\",\"@id\":\"https:\/\/miumjau.ee\/fi\/tuote\/lelu-catnipilla-yeowww-kalamuoto-violetti\/#breadcrumb\",\"itemListElement\":[{\"@type\":\"ListItem\",\"position\":1,\"name\":\"Home\",\"item\":\"https:\/\/miumjau.ee\/fi\/\"},{\"@type\":\"ListItem\",\"position\":2,\"name\":\"Kauppa\",\"item\":\"https:\/\/miumjau.ee\/fi\/kauppa\/\"},{\"@type\":\"ListItem\",\"position\":3,\"name\":\"Lelu catnipilla Yeowww! Kalamuoto, violetti\"}]},{\"@type\":\"WebSite\",\"@id\":\"https:\/\/miumjau.ee\/#website\",\"url\":\"https:\/\/miumjau.ee\/\",\"name\":\"MiuMjau\",\"description\":\"Kraapimispuud kassidele\",\"publisher\":{\"@id\":\"https:\/\/miumjau.ee\/#organization\"},\"potentialAction\":[{\"@type\":\"SearchAction\",\"target\":{\"@type\":\"EntryPoint\",\"urlTemplate\":\"https:\/\/miumjau.ee\/?s={search_term_string}\"},\"query-input\":{\"@type\":\"PropertyValueSpecification\",\"valueRequired\":true,\"valueName\":\"search_term_string\"}}],\"inLanguage\":\"fi\"},{\"@type\":\"Organization\",\"@id\":\"https:\/\/miumjau.ee\/#organization\",\"name\":\"MiuMjau O\u00dc\",\"url\":\"https:\/\/miumjau.ee\/\",\"logo\":{\"@type\":\"ImageObject\",\"inLanguage\":\"fi\",\"@id\":\"https:\/\/miumjau.ee\/#\/schema\/logo\/image\/\",\"url\":\"https:\/\/miumjau.ee\/wp-content\/uploads\/2022\/04\/MiuMjau-logo-kollane.png\",\"contentUrl\":\"https:\/\/miumjau.ee\/wp-content\/uploads\/2022\/04\/MiuMjau-logo-kollane.png\",\"width\":219,\"height\":100,\"caption\":\"MiuMjau O\u00dc\"},\"image\":{\"@id\":\"https:\/\/miumjau.ee\/#\/schema\/logo\/image\/\"},\"sameAs\":[\"https:\/\/www.facebook.com\/miumjaupood\/\"]}]}<\/script>\n<!-- \/ Yoast SEO plugin. -->","yoast_head_json":{"title":"Lelu catnipilla Yeowww! Kalamuoto, violetti - MiuMjau","description":"Catnip eli kissanmintulla t\u00e4ytetyt leikkikalut ovat kissoille hurmaavia ja antavat hetkellisesti kivan \"potkun\" tai leikkihulluutta. Ne rauhoittavat kissan stressaavina aikoina.","robots":{"index":"index","follow":"follow","max-snippet":"max-snippet:-1","max-image-preview":"max-image-preview:large","max-video-preview":"max-video-preview:-1"},"canonical":"https:\/\/miumjau.ee\/fi\/tuote\/lelu-catnipilla-yeowww-kalamuoto-violetti\/","og_locale":"fi_FI","og_type":"article","og_title":"Lelu catnipilla Yeowww! Kalamuoto, violetti - MiuMjau","og_description":"Catnip eli kissanmintulla t\u00e4ytetyt leikkikalut ovat kissoille hurmaavia ja antavat hetkellisesti kivan \"potkun\" tai leikkihulluutta. Ne rauhoittavat kissan stressaavina aikoina.","og_url":"https:\/\/miumjau.ee\/fi\/tuote\/lelu-catnipilla-yeowww-kalamuoto-violetti\/","og_site_name":"MiuMjau","article_publisher":"https:\/\/www.facebook.com\/miumjaupood\/","article_modified_time":"2026-01-07T20:54:25+00:00","og_image":[{"width":600,"height":800,"url":"https:\/\/miumjau.ee\/wp-content\/uploads\/2024\/12\/yeowww-manguasjad-kassidele2.jpg","type":"image\/jpeg"}],"twitter_card":"summary_large_image","schema":{"@context":"https:\/\/schema.org","@graph":[{"@type":"WebPage","@id":"https:\/\/miumjau.ee\/fi\/tuote\/lelu-catnipilla-yeowww-kalamuoto-violetti\/","url":"https:\/\/miumjau.ee\/fi\/tuote\/lelu-catnipilla-yeowww-kalamuoto-violetti\/","name":"Lelu catnipilla Yeowww! Kalamuoto, violetti - MiuMjau","isPartOf":{"@id":"https:\/\/miumjau.ee\/#website"},"primaryImageOfPage":{"@id":"https:\/\/miumjau.ee\/fi\/tuote\/lelu-catnipilla-yeowww-kalamuoto-violetti\/#primaryimage"},"image":{"@id":"https:\/\/miumjau.ee\/fi\/tuote\/lelu-catnipilla-yeowww-kalamuoto-violetti\/#primaryimage"},"thumbnailUrl":"https:\/\/miumjau.ee\/wp-content\/uploads\/2024\/12\/yeowww-manguasjad-kassidele2.jpg","datePublished":"2024-12-31T16:20:29+00:00","dateModified":"2026-01-07T20:54:25+00:00","description":"Catnip eli kissanmintulla t\u00e4ytetyt leikkikalut ovat kissoille hurmaavia ja antavat hetkellisesti kivan \"potkun\" tai leikkihulluutta. Ne rauhoittavat kissan stressaavina aikoina.","breadcrumb":{"@id":"https:\/\/miumjau.ee\/fi\/tuote\/lelu-catnipilla-yeowww-kalamuoto-violetti\/#breadcrumb"},"inLanguage":"fi","potentialAction":[{"@type":"ReadAction","target":["https:\/\/miumjau.ee\/fi\/tuote\/lelu-catnipilla-yeowww-kalamuoto-violetti\/"]}]},{"@type":"ImageObject","inLanguage":"fi","@id":"https:\/\/miumjau.ee\/fi\/tuote\/lelu-catnipilla-yeowww-kalamuoto-violetti\/#primaryimage","url":"https:\/\/miumjau.ee\/wp-content\/uploads\/2024\/12\/yeowww-manguasjad-kassidele2.jpg","contentUrl":"https:\/\/miumjau.ee\/wp-content\/uploads\/2024\/12\/yeowww-manguasjad-kassidele2.jpg","width":600,"height":800,"caption":"Yeowww kassi m\u00e4nguasi catnipiga"},{"@type":"BreadcrumbList","@id":"https:\/\/miumjau.ee\/fi\/tuote\/lelu-catnipilla-yeowww-kalamuoto-violetti\/#breadcrumb","itemListElement":[{"@type":"ListItem","position":1,"name":"Home","item":"https:\/\/miumjau.ee\/fi\/"},{"@type":"ListItem","position":2,"name":"Kauppa","item":"https:\/\/miumjau.ee\/fi\/kauppa\/"},{"@type":"ListItem","position":3,"name":"Lelu catnipilla Yeowww! Kalamuoto, violetti"}]},{"@type":"WebSite","@id":"https:\/\/miumjau.ee\/#website","url":"https:\/\/miumjau.ee\/","name":"MiuMjau","description":"Kraapimispuud kassidele","publisher":{"@id":"https:\/\/miumjau.ee\/#organization"},"potentialAction":[{"@type":"SearchAction","target":{"@type":"EntryPoint","urlTemplate":"https:\/\/miumjau.ee\/?s={search_term_string}"},"query-input":{"@type":"PropertyValueSpecification","valueRequired":true,"valueName":"search_term_string"}}],"inLanguage":"fi"},{"@type":"Organization","@id":"https:\/\/miumjau.ee\/#organization","name":"MiuMjau O\u00dc","url":"https:\/\/miumjau.ee\/","logo":{"@type":"ImageObject","inLanguage":"fi","@id":"https:\/\/miumjau.ee\/#\/schema\/logo\/image\/","url":"https:\/\/miumjau.ee\/wp-content\/uploads\/2022\/04\/MiuMjau-logo-kollane.png","contentUrl":"https:\/\/miumjau.ee\/wp-content\/uploads\/2022\/04\/MiuMjau-logo-kollane.png","width":219,"height":100,"caption":"MiuMjau O\u00dc"},"image":{"@id":"https:\/\/miumjau.ee\/#\/schema\/logo\/image\/"},"sameAs":["https:\/\/www.facebook.com\/miumjaupood\/"]}]}},"_links":{"self":[{"href":"https:\/\/miumjau.ee\/fi\/wp-json\/wp\/v2\/product\/29382","targetHints":{"allow":["GET"]}}],"collection":[{"href":"https:\/\/miumjau.ee\/fi\/wp-json\/wp\/v2\/product"}],"about":[{"href":"https:\/\/miumjau.ee\/fi\/wp-json\/wp\/v2\/types\/product"}],"wp:featuredmedia":[{"embeddable":true,"href":"https:\/\/miumjau.ee\/fi\/wp-json\/wp\/v2\/media\/25759"}],"wp:attachment":[{"href":"https:\/\/miumjau.ee\/fi\/wp-json\/wp\/v2\/media?parent=29382"}],"wp:term":[{"taxonomy":"product_brand","embeddable":true,"href":"https:\/\/miumjau.ee\/fi\/wp-json\/wp\/v2\/product_brand?post=29382"},{"taxonomy":"product_cat","embeddable":true,"href":"https:\/\/miumjau.ee\/fi\/wp-json\/wp\/v2\/product_cat?post=29382"},{"taxonomy":"product_tag","embeddable":true,"href":"https:\/\/miumjau.ee\/fi\/wp-json\/wp\/v2\/product_tag?post=29382"}],"curies":[{"name":"wp","href":"https:\/\/api.w.org\/{rel}","templated":true}]}}