{"id":29359,"date":"2024-12-31T19:29:59","date_gmt":"2024-12-31T17:29:59","guid":{"rendered":"https:\/\/miumjau.ee\/toode\/tunneli-kissoille-afp-find-me-62cm-harmaa\/"},"modified":"2026-01-07T22:54:25","modified_gmt":"2026-01-07T20:54:25","slug":"tunneli-kissoille-afp-find-me-62cm-harmaa","status":"publish","type":"product","link":"https:\/\/miumjau.ee\/fi\/tuote\/tunneli-kissoille-afp-find-me-62cm-harmaa\/","title":{"rendered":"Tunneli kissoille AFP Find me, 62cm, harmaa"},"content":{"rendered":"","protected":false},"excerpt":{"rendered":"<p>Kissat rakastavat leikki\u00e4, nukkua ja piiloutua. Kaikki t\u00e4m\u00e4 on mahdollista t\u00e4ss\u00e4 tunnelissa. Tunneli on pehme\u00e4, valmistettu lampaanvillasta, ja siin\u00e4 on lis\u00e4ksi aukko yl\u00e4osassa.<\/p>\n<p>Tunnelissa on rapisevaa materiaalia ja siin\u00e4 on hauska lelu, joka tarjoaa tunteja iloa leikkiin.<\/p>\n<p><strong>Ominaisuudet:<\/strong><\/p>\n<ul>\n<li>Rapisevat \u00e4\u00e4net<\/li>\n<li>Kellolla varustettu lelu<\/li>\n<li>Tunteja leikin riemua<\/li>\n<\/ul>\n<p><strong>Koko:<\/strong> 62 x 26 cm<\/p>\n","protected":false},"featured_media":25792,"template":"","meta":[],"product_brand":[],"product_cat":[261],"product_tag":[],"class_list":{"0":"post-29359","1":"product","2":"type-product","3":"status-publish","4":"has-post-thumbnail","6":"product_cat-lelut","8":"first","9":"instock","10":"taxable","11":"shipping-taxable","12":"purchasable","13":"product-type-simple"},"yoast_head":"<!-- This site is optimized with the Yoast SEO plugin v27.2 - https:\/\/yoast.com\/product\/yoast-seo-wordpress\/ -->\n<title>Tunneli kissoille AFP Find me, 62cm, harmaa - MiuMjau<\/title>\n<meta name=\"description\" content=\"Kissat rakastavat piiloutua ja kurkistella. AFP-tunneli on t\u00e4ydellinen leikkimiseen, vauhdikkaaseen juoksemiseen ja rentoutumiseen. Turvapaikka kissallesi.\" \/>\n<meta name=\"robots\" content=\"index, follow, max-snippet:-1, max-image-preview:large, max-video-preview:-1\" \/>\n<link rel=\"canonical\" href=\"https:\/\/miumjau.ee\/fi\/tuote\/tunneli-kissoille-afp-find-me-62cm-harmaa\/\" \/>\n<meta property=\"og:locale\" content=\"fi_FI\" \/>\n<meta property=\"og:type\" content=\"article\" \/>\n<meta property=\"og:title\" content=\"Tunneli kissoille AFP Find me, 62cm, harmaa - MiuMjau\" \/>\n<meta property=\"og:description\" content=\"Kissat rakastavat piiloutua ja kurkistella. AFP-tunneli on t\u00e4ydellinen leikkimiseen, vauhdikkaaseen juoksemiseen ja rentoutumiseen. Turvapaikka kissallesi.\" \/>\n<meta property=\"og:url\" content=\"https:\/\/miumjau.ee\/fi\/tuote\/tunneli-kissoille-afp-find-me-62cm-harmaa\/\" \/>\n<meta property=\"og:site_name\" content=\"MiuMjau\" \/>\n<meta property=\"article:publisher\" content=\"https:\/\/www.facebook.com\/miumjaupood\/\" \/>\n<meta property=\"article:modified_time\" content=\"2026-01-07T20:54:25+00:00\" \/>\n<meta property=\"og:image\" content=\"https:\/\/miumjau.ee\/wp-content\/uploads\/2024\/12\/tunnel-afp-kassile4.jpg\" \/>\n\t<meta property=\"og:image:width\" content=\"600\" \/>\n\t<meta property=\"og:image:height\" content=\"800\" \/>\n\t<meta property=\"og:image:type\" content=\"image\/jpeg\" \/>\n<meta name=\"twitter:card\" content=\"summary_large_image\" \/>\n<script type=\"application\/ld+json\" class=\"yoast-schema-graph\">{\"@context\":\"https:\/\/schema.org\",\"@graph\":[{\"@type\":\"WebPage\",\"@id\":\"https:\/\/miumjau.ee\/fi\/tuote\/tunneli-kissoille-afp-find-me-62cm-harmaa\/\",\"url\":\"https:\/\/miumjau.ee\/fi\/tuote\/tunneli-kissoille-afp-find-me-62cm-harmaa\/\",\"name\":\"Tunneli kissoille AFP Find me, 62cm, harmaa - MiuMjau\",\"isPartOf\":{\"@id\":\"https:\/\/miumjau.ee\/#website\"},\"primaryImageOfPage\":{\"@id\":\"https:\/\/miumjau.ee\/fi\/tuote\/tunneli-kissoille-afp-find-me-62cm-harmaa\/#primaryimage\"},\"image\":{\"@id\":\"https:\/\/miumjau.ee\/fi\/tuote\/tunneli-kissoille-afp-find-me-62cm-harmaa\/#primaryimage\"},\"thumbnailUrl\":\"https:\/\/miumjau.ee\/wp-content\/uploads\/2024\/12\/tunnel-afp-kassile4.jpg\",\"datePublished\":\"2024-12-31T17:29:59+00:00\",\"dateModified\":\"2026-01-07T20:54:25+00:00\",\"description\":\"Kissat rakastavat piiloutua ja kurkistella. AFP-tunneli on t\u00e4ydellinen leikkimiseen, vauhdikkaaseen juoksemiseen ja rentoutumiseen. Turvapaikka kissallesi.\",\"breadcrumb\":{\"@id\":\"https:\/\/miumjau.ee\/fi\/tuote\/tunneli-kissoille-afp-find-me-62cm-harmaa\/#breadcrumb\"},\"inLanguage\":\"fi\",\"potentialAction\":[{\"@type\":\"ReadAction\",\"target\":[\"https:\/\/miumjau.ee\/fi\/tuote\/tunneli-kissoille-afp-find-me-62cm-harmaa\/\"]}]},{\"@type\":\"ImageObject\",\"inLanguage\":\"fi\",\"@id\":\"https:\/\/miumjau.ee\/fi\/tuote\/tunneli-kissoille-afp-find-me-62cm-harmaa\/#primaryimage\",\"url\":\"https:\/\/miumjau.ee\/wp-content\/uploads\/2024\/12\/tunnel-afp-kassile4.jpg\",\"contentUrl\":\"https:\/\/miumjau.ee\/wp-content\/uploads\/2024\/12\/tunnel-afp-kassile4.jpg\",\"width\":600,\"height\":800,\"caption\":\"Tunnel kassile AFP Find me, 62cm, hall\"},{\"@type\":\"BreadcrumbList\",\"@id\":\"https:\/\/miumjau.ee\/fi\/tuote\/tunneli-kissoille-afp-find-me-62cm-harmaa\/#breadcrumb\",\"itemListElement\":[{\"@type\":\"ListItem\",\"position\":1,\"name\":\"Home\",\"item\":\"https:\/\/miumjau.ee\/fi\/\"},{\"@type\":\"ListItem\",\"position\":2,\"name\":\"Kauppa\",\"item\":\"https:\/\/miumjau.ee\/fi\/kauppa\/\"},{\"@type\":\"ListItem\",\"position\":3,\"name\":\"Tunneli kissoille AFP Find me, 62cm, harmaa\"}]},{\"@type\":\"WebSite\",\"@id\":\"https:\/\/miumjau.ee\/#website\",\"url\":\"https:\/\/miumjau.ee\/\",\"name\":\"MiuMjau\",\"description\":\"Kraapimispuud kassidele\",\"publisher\":{\"@id\":\"https:\/\/miumjau.ee\/#organization\"},\"potentialAction\":[{\"@type\":\"SearchAction\",\"target\":{\"@type\":\"EntryPoint\",\"urlTemplate\":\"https:\/\/miumjau.ee\/?s={search_term_string}\"},\"query-input\":{\"@type\":\"PropertyValueSpecification\",\"valueRequired\":true,\"valueName\":\"search_term_string\"}}],\"inLanguage\":\"fi\"},{\"@type\":\"Organization\",\"@id\":\"https:\/\/miumjau.ee\/#organization\",\"name\":\"MiuMjau O\u00dc\",\"url\":\"https:\/\/miumjau.ee\/\",\"logo\":{\"@type\":\"ImageObject\",\"inLanguage\":\"fi\",\"@id\":\"https:\/\/miumjau.ee\/#\/schema\/logo\/image\/\",\"url\":\"https:\/\/miumjau.ee\/wp-content\/uploads\/2022\/04\/MiuMjau-logo-kollane.png\",\"contentUrl\":\"https:\/\/miumjau.ee\/wp-content\/uploads\/2022\/04\/MiuMjau-logo-kollane.png\",\"width\":219,\"height\":100,\"caption\":\"MiuMjau O\u00dc\"},\"image\":{\"@id\":\"https:\/\/miumjau.ee\/#\/schema\/logo\/image\/\"},\"sameAs\":[\"https:\/\/www.facebook.com\/miumjaupood\/\"]}]}<\/script>\n<!-- \/ Yoast SEO plugin. -->","yoast_head_json":{"title":"Tunneli kissoille AFP Find me, 62cm, harmaa - MiuMjau","description":"Kissat rakastavat piiloutua ja kurkistella. AFP-tunneli on t\u00e4ydellinen leikkimiseen, vauhdikkaaseen juoksemiseen ja rentoutumiseen. Turvapaikka kissallesi.","robots":{"index":"index","follow":"follow","max-snippet":"max-snippet:-1","max-image-preview":"max-image-preview:large","max-video-preview":"max-video-preview:-1"},"canonical":"https:\/\/miumjau.ee\/fi\/tuote\/tunneli-kissoille-afp-find-me-62cm-harmaa\/","og_locale":"fi_FI","og_type":"article","og_title":"Tunneli kissoille AFP Find me, 62cm, harmaa - MiuMjau","og_description":"Kissat rakastavat piiloutua ja kurkistella. AFP-tunneli on t\u00e4ydellinen leikkimiseen, vauhdikkaaseen juoksemiseen ja rentoutumiseen. Turvapaikka kissallesi.","og_url":"https:\/\/miumjau.ee\/fi\/tuote\/tunneli-kissoille-afp-find-me-62cm-harmaa\/","og_site_name":"MiuMjau","article_publisher":"https:\/\/www.facebook.com\/miumjaupood\/","article_modified_time":"2026-01-07T20:54:25+00:00","og_image":[{"width":600,"height":800,"url":"https:\/\/miumjau.ee\/wp-content\/uploads\/2024\/12\/tunnel-afp-kassile4.jpg","type":"image\/jpeg"}],"twitter_card":"summary_large_image","schema":{"@context":"https:\/\/schema.org","@graph":[{"@type":"WebPage","@id":"https:\/\/miumjau.ee\/fi\/tuote\/tunneli-kissoille-afp-find-me-62cm-harmaa\/","url":"https:\/\/miumjau.ee\/fi\/tuote\/tunneli-kissoille-afp-find-me-62cm-harmaa\/","name":"Tunneli kissoille AFP Find me, 62cm, harmaa - MiuMjau","isPartOf":{"@id":"https:\/\/miumjau.ee\/#website"},"primaryImageOfPage":{"@id":"https:\/\/miumjau.ee\/fi\/tuote\/tunneli-kissoille-afp-find-me-62cm-harmaa\/#primaryimage"},"image":{"@id":"https:\/\/miumjau.ee\/fi\/tuote\/tunneli-kissoille-afp-find-me-62cm-harmaa\/#primaryimage"},"thumbnailUrl":"https:\/\/miumjau.ee\/wp-content\/uploads\/2024\/12\/tunnel-afp-kassile4.jpg","datePublished":"2024-12-31T17:29:59+00:00","dateModified":"2026-01-07T20:54:25+00:00","description":"Kissat rakastavat piiloutua ja kurkistella. AFP-tunneli on t\u00e4ydellinen leikkimiseen, vauhdikkaaseen juoksemiseen ja rentoutumiseen. Turvapaikka kissallesi.","breadcrumb":{"@id":"https:\/\/miumjau.ee\/fi\/tuote\/tunneli-kissoille-afp-find-me-62cm-harmaa\/#breadcrumb"},"inLanguage":"fi","potentialAction":[{"@type":"ReadAction","target":["https:\/\/miumjau.ee\/fi\/tuote\/tunneli-kissoille-afp-find-me-62cm-harmaa\/"]}]},{"@type":"ImageObject","inLanguage":"fi","@id":"https:\/\/miumjau.ee\/fi\/tuote\/tunneli-kissoille-afp-find-me-62cm-harmaa\/#primaryimage","url":"https:\/\/miumjau.ee\/wp-content\/uploads\/2024\/12\/tunnel-afp-kassile4.jpg","contentUrl":"https:\/\/miumjau.ee\/wp-content\/uploads\/2024\/12\/tunnel-afp-kassile4.jpg","width":600,"height":800,"caption":"Tunnel kassile AFP Find me, 62cm, hall"},{"@type":"BreadcrumbList","@id":"https:\/\/miumjau.ee\/fi\/tuote\/tunneli-kissoille-afp-find-me-62cm-harmaa\/#breadcrumb","itemListElement":[{"@type":"ListItem","position":1,"name":"Home","item":"https:\/\/miumjau.ee\/fi\/"},{"@type":"ListItem","position":2,"name":"Kauppa","item":"https:\/\/miumjau.ee\/fi\/kauppa\/"},{"@type":"ListItem","position":3,"name":"Tunneli kissoille AFP Find me, 62cm, harmaa"}]},{"@type":"WebSite","@id":"https:\/\/miumjau.ee\/#website","url":"https:\/\/miumjau.ee\/","name":"MiuMjau","description":"Kraapimispuud kassidele","publisher":{"@id":"https:\/\/miumjau.ee\/#organization"},"potentialAction":[{"@type":"SearchAction","target":{"@type":"EntryPoint","urlTemplate":"https:\/\/miumjau.ee\/?s={search_term_string}"},"query-input":{"@type":"PropertyValueSpecification","valueRequired":true,"valueName":"search_term_string"}}],"inLanguage":"fi"},{"@type":"Organization","@id":"https:\/\/miumjau.ee\/#organization","name":"MiuMjau O\u00dc","url":"https:\/\/miumjau.ee\/","logo":{"@type":"ImageObject","inLanguage":"fi","@id":"https:\/\/miumjau.ee\/#\/schema\/logo\/image\/","url":"https:\/\/miumjau.ee\/wp-content\/uploads\/2022\/04\/MiuMjau-logo-kollane.png","contentUrl":"https:\/\/miumjau.ee\/wp-content\/uploads\/2022\/04\/MiuMjau-logo-kollane.png","width":219,"height":100,"caption":"MiuMjau O\u00dc"},"image":{"@id":"https:\/\/miumjau.ee\/#\/schema\/logo\/image\/"},"sameAs":["https:\/\/www.facebook.com\/miumjaupood\/"]}]}},"_links":{"self":[{"href":"https:\/\/miumjau.ee\/fi\/wp-json\/wp\/v2\/product\/29359","targetHints":{"allow":["GET"]}}],"collection":[{"href":"https:\/\/miumjau.ee\/fi\/wp-json\/wp\/v2\/product"}],"about":[{"href":"https:\/\/miumjau.ee\/fi\/wp-json\/wp\/v2\/types\/product"}],"wp:featuredmedia":[{"embeddable":true,"href":"https:\/\/miumjau.ee\/fi\/wp-json\/wp\/v2\/media\/25792"}],"wp:attachment":[{"href":"https:\/\/miumjau.ee\/fi\/wp-json\/wp\/v2\/media?parent=29359"}],"wp:term":[{"taxonomy":"product_brand","embeddable":true,"href":"https:\/\/miumjau.ee\/fi\/wp-json\/wp\/v2\/product_brand?post=29359"},{"taxonomy":"product_cat","embeddable":true,"href":"https:\/\/miumjau.ee\/fi\/wp-json\/wp\/v2\/product_cat?post=29359"},{"taxonomy":"product_tag","embeddable":true,"href":"https:\/\/miumjau.ee\/fi\/wp-json\/wp\/v2\/product_tag?post=29359"}],"curies":[{"name":"wp","href":"https:\/\/api.w.org\/{rel}","templated":true}]}}