{"id":29356,"date":"2025-01-13T10:24:42","date_gmt":"2025-01-13T08:24:42","guid":{"rendered":"https:\/\/miumjau.ee\/toode\/kissalle-hiekkalaatikko-advance-harmaa-musta\/"},"modified":"2026-01-07T22:54:32","modified_gmt":"2026-01-07T20:54:32","slug":"kissalle-hiekkalaatikko-advance-harmaa-musta","status":"publish","type":"product","link":"https:\/\/miumjau.ee\/fi\/tuote\/kissalle-hiekkalaatikko-advance-harmaa-musta\/","title":{"rendered":"Kissalle hiekkalaatikko Advance harmaa, musta"},"content":{"rendered":"","protected":false},"excerpt":{"rendered":"<p>Esittelemme suljetun hiekkalaatikon, joka yhdist\u00e4\u00e4 useita k\u00e4yt\u00e4nn\u00f6llisi\u00e4 ratkaisuja. T\u00e4rkeint\u00e4 on, ett\u00e4 hiekka ei mene laatikon ulkopuolelle, vaikka kissasi rakastaisi kaivaa siell\u00e4 innokkaasti. Lis\u00e4ksi laatikko tarjoaa kissalle paljon yksityisyytt\u00e4, mik\u00e4 voi olla stressitt\u00f6m\u00e4n k\u00e4yt\u00f6n kannalta eritt\u00e4in t\u00e4rke\u00e4\u00e4, riippuen lemmikkisi luonteesta. Hiekkalaatikossa on saranoitu ovi ja k\u00e4tev\u00e4 kantokahva. Koko yl\u00e4osa on irrotettavissa ja kiinnitetty yksinkertaisilla klipseill\u00e4, mik\u00e4 helpottaa puhdistamista.<\/p>\n<p>Tuote on valmistettu kest\u00e4v\u00e4st\u00e4 ja lemmikkiyst\u00e4v\u00e4llisest\u00e4 materiaalista.<\/p>\n<p><strong>Pituus:<\/strong> 60 cm<br \/>\n<strong>Leveys:<\/strong> 38,5 cm<br \/>\n<strong>Korkeus:<\/strong> 40,5 cm<\/p>\n","protected":false},"featured_media":26242,"template":"","meta":[],"product_brand":[],"product_cat":[287],"product_tag":[],"class_list":{"0":"post-29356","1":"product","2":"type-product","3":"status-publish","4":"has-post-thumbnail","6":"product_cat-hiekkalaatikot","8":"first","9":"outofstock","10":"taxable","11":"shipping-taxable","12":"purchasable","13":"product-type-simple"},"yoast_head":"<!-- This site is optimized with the Yoast SEO plugin v27.2 - https:\/\/yoast.com\/product\/yoast-seo-wordpress\/ -->\n<title>Kissalle hiekkalaatikko Advance harmaa, musta - MiuMjau<\/title>\n<meta name=\"description\" content=\"Hiekkalaatikko kissalle, joka on suljettu ja riitt\u00e4v\u00e4n korkea. V\u00e4lt\u00e4 ep\u00e4miellytt\u00e4vi\u00e4 hajuja ja hiekanjyvi\u00e4 lattialla. Helppok\u00e4ytt\u00f6inen + v\u00e4rivalikoima.\" \/>\n<meta name=\"robots\" content=\"index, follow, max-snippet:-1, max-image-preview:large, max-video-preview:-1\" \/>\n<link rel=\"canonical\" href=\"https:\/\/miumjau.ee\/fi\/tuote\/kissalle-hiekkalaatikko-advance-harmaa-musta\/\" \/>\n<meta property=\"og:locale\" content=\"fi_FI\" \/>\n<meta property=\"og:type\" content=\"article\" \/>\n<meta property=\"og:title\" content=\"Kissalle hiekkalaatikko Advance harmaa, musta - MiuMjau\" \/>\n<meta property=\"og:description\" content=\"Hiekkalaatikko kissalle, joka on suljettu ja riitt\u00e4v\u00e4n korkea. V\u00e4lt\u00e4 ep\u00e4miellytt\u00e4vi\u00e4 hajuja ja hiekanjyvi\u00e4 lattialla. Helppok\u00e4ytt\u00f6inen + v\u00e4rivalikoima.\" \/>\n<meta property=\"og:url\" content=\"https:\/\/miumjau.ee\/fi\/tuote\/kissalle-hiekkalaatikko-advance-harmaa-musta\/\" \/>\n<meta property=\"og:site_name\" content=\"MiuMjau\" \/>\n<meta property=\"article:publisher\" content=\"https:\/\/www.facebook.com\/miumjaupood\/\" \/>\n<meta property=\"article:modified_time\" content=\"2026-01-07T20:54:32+00:00\" \/>\n<meta property=\"og:image\" content=\"https:\/\/miumjau.ee\/wp-content\/uploads\/2025\/01\/kassi-liivakast-advance-greyblack2-Photoroom.jpg\" \/>\n\t<meta property=\"og:image:width\" content=\"600\" \/>\n\t<meta property=\"og:image:height\" content=\"800\" \/>\n\t<meta property=\"og:image:type\" content=\"image\/jpeg\" \/>\n<meta name=\"twitter:card\" content=\"summary_large_image\" \/>\n<script type=\"application\/ld+json\" class=\"yoast-schema-graph\">{\"@context\":\"https:\/\/schema.org\",\"@graph\":[{\"@type\":\"WebPage\",\"@id\":\"https:\/\/miumjau.ee\/fi\/tuote\/kissalle-hiekkalaatikko-advance-harmaa-musta\/\",\"url\":\"https:\/\/miumjau.ee\/fi\/tuote\/kissalle-hiekkalaatikko-advance-harmaa-musta\/\",\"name\":\"Kissalle hiekkalaatikko Advance harmaa, musta - MiuMjau\",\"isPartOf\":{\"@id\":\"https:\/\/miumjau.ee\/#website\"},\"primaryImageOfPage\":{\"@id\":\"https:\/\/miumjau.ee\/fi\/tuote\/kissalle-hiekkalaatikko-advance-harmaa-musta\/#primaryimage\"},\"image\":{\"@id\":\"https:\/\/miumjau.ee\/fi\/tuote\/kissalle-hiekkalaatikko-advance-harmaa-musta\/#primaryimage\"},\"thumbnailUrl\":\"https:\/\/miumjau.ee\/wp-content\/uploads\/2025\/01\/kassi-liivakast-advance-greyblack2-Photoroom.jpg\",\"datePublished\":\"2025-01-13T08:24:42+00:00\",\"dateModified\":\"2026-01-07T20:54:32+00:00\",\"description\":\"Hiekkalaatikko kissalle, joka on suljettu ja riitt\u00e4v\u00e4n korkea. V\u00e4lt\u00e4 ep\u00e4miellytt\u00e4vi\u00e4 hajuja ja hiekanjyvi\u00e4 lattialla. Helppok\u00e4ytt\u00f6inen + v\u00e4rivalikoima.\",\"breadcrumb\":{\"@id\":\"https:\/\/miumjau.ee\/fi\/tuote\/kissalle-hiekkalaatikko-advance-harmaa-musta\/#breadcrumb\"},\"inLanguage\":\"fi\",\"potentialAction\":[{\"@type\":\"ReadAction\",\"target\":[\"https:\/\/miumjau.ee\/fi\/tuote\/kissalle-hiekkalaatikko-advance-harmaa-musta\/\"]}]},{\"@type\":\"ImageObject\",\"inLanguage\":\"fi\",\"@id\":\"https:\/\/miumjau.ee\/fi\/tuote\/kissalle-hiekkalaatikko-advance-harmaa-musta\/#primaryimage\",\"url\":\"https:\/\/miumjau.ee\/wp-content\/uploads\/2025\/01\/kassi-liivakast-advance-greyblack2-Photoroom.jpg\",\"contentUrl\":\"https:\/\/miumjau.ee\/wp-content\/uploads\/2025\/01\/kassi-liivakast-advance-greyblack2-Photoroom.jpg\",\"width\":600,\"height\":800,\"caption\":\"Liivakast kassile Advance hall, must\"},{\"@type\":\"BreadcrumbList\",\"@id\":\"https:\/\/miumjau.ee\/fi\/tuote\/kissalle-hiekkalaatikko-advance-harmaa-musta\/#breadcrumb\",\"itemListElement\":[{\"@type\":\"ListItem\",\"position\":1,\"name\":\"Home\",\"item\":\"https:\/\/miumjau.ee\/fi\/\"},{\"@type\":\"ListItem\",\"position\":2,\"name\":\"Kauppa\",\"item\":\"https:\/\/miumjau.ee\/fi\/kauppa\/\"},{\"@type\":\"ListItem\",\"position\":3,\"name\":\"Kissalle hiekkalaatikko Advance harmaa, musta\"}]},{\"@type\":\"WebSite\",\"@id\":\"https:\/\/miumjau.ee\/#website\",\"url\":\"https:\/\/miumjau.ee\/\",\"name\":\"MiuMjau\",\"description\":\"Kraapimispuud kassidele\",\"publisher\":{\"@id\":\"https:\/\/miumjau.ee\/#organization\"},\"potentialAction\":[{\"@type\":\"SearchAction\",\"target\":{\"@type\":\"EntryPoint\",\"urlTemplate\":\"https:\/\/miumjau.ee\/?s={search_term_string}\"},\"query-input\":{\"@type\":\"PropertyValueSpecification\",\"valueRequired\":true,\"valueName\":\"search_term_string\"}}],\"inLanguage\":\"fi\"},{\"@type\":\"Organization\",\"@id\":\"https:\/\/miumjau.ee\/#organization\",\"name\":\"MiuMjau O\u00dc\",\"url\":\"https:\/\/miumjau.ee\/\",\"logo\":{\"@type\":\"ImageObject\",\"inLanguage\":\"fi\",\"@id\":\"https:\/\/miumjau.ee\/#\/schema\/logo\/image\/\",\"url\":\"https:\/\/miumjau.ee\/wp-content\/uploads\/2022\/04\/MiuMjau-logo-kollane.png\",\"contentUrl\":\"https:\/\/miumjau.ee\/wp-content\/uploads\/2022\/04\/MiuMjau-logo-kollane.png\",\"width\":219,\"height\":100,\"caption\":\"MiuMjau O\u00dc\"},\"image\":{\"@id\":\"https:\/\/miumjau.ee\/#\/schema\/logo\/image\/\"},\"sameAs\":[\"https:\/\/www.facebook.com\/miumjaupood\/\"]}]}<\/script>\n<!-- \/ Yoast SEO plugin. -->","yoast_head_json":{"title":"Kissalle hiekkalaatikko Advance harmaa, musta - MiuMjau","description":"Hiekkalaatikko kissalle, joka on suljettu ja riitt\u00e4v\u00e4n korkea. V\u00e4lt\u00e4 ep\u00e4miellytt\u00e4vi\u00e4 hajuja ja hiekanjyvi\u00e4 lattialla. Helppok\u00e4ytt\u00f6inen + v\u00e4rivalikoima.","robots":{"index":"index","follow":"follow","max-snippet":"max-snippet:-1","max-image-preview":"max-image-preview:large","max-video-preview":"max-video-preview:-1"},"canonical":"https:\/\/miumjau.ee\/fi\/tuote\/kissalle-hiekkalaatikko-advance-harmaa-musta\/","og_locale":"fi_FI","og_type":"article","og_title":"Kissalle hiekkalaatikko Advance harmaa, musta - MiuMjau","og_description":"Hiekkalaatikko kissalle, joka on suljettu ja riitt\u00e4v\u00e4n korkea. V\u00e4lt\u00e4 ep\u00e4miellytt\u00e4vi\u00e4 hajuja ja hiekanjyvi\u00e4 lattialla. Helppok\u00e4ytt\u00f6inen + v\u00e4rivalikoima.","og_url":"https:\/\/miumjau.ee\/fi\/tuote\/kissalle-hiekkalaatikko-advance-harmaa-musta\/","og_site_name":"MiuMjau","article_publisher":"https:\/\/www.facebook.com\/miumjaupood\/","article_modified_time":"2026-01-07T20:54:32+00:00","og_image":[{"width":600,"height":800,"url":"https:\/\/miumjau.ee\/wp-content\/uploads\/2025\/01\/kassi-liivakast-advance-greyblack2-Photoroom.jpg","type":"image\/jpeg"}],"twitter_card":"summary_large_image","schema":{"@context":"https:\/\/schema.org","@graph":[{"@type":"WebPage","@id":"https:\/\/miumjau.ee\/fi\/tuote\/kissalle-hiekkalaatikko-advance-harmaa-musta\/","url":"https:\/\/miumjau.ee\/fi\/tuote\/kissalle-hiekkalaatikko-advance-harmaa-musta\/","name":"Kissalle hiekkalaatikko Advance harmaa, musta - MiuMjau","isPartOf":{"@id":"https:\/\/miumjau.ee\/#website"},"primaryImageOfPage":{"@id":"https:\/\/miumjau.ee\/fi\/tuote\/kissalle-hiekkalaatikko-advance-harmaa-musta\/#primaryimage"},"image":{"@id":"https:\/\/miumjau.ee\/fi\/tuote\/kissalle-hiekkalaatikko-advance-harmaa-musta\/#primaryimage"},"thumbnailUrl":"https:\/\/miumjau.ee\/wp-content\/uploads\/2025\/01\/kassi-liivakast-advance-greyblack2-Photoroom.jpg","datePublished":"2025-01-13T08:24:42+00:00","dateModified":"2026-01-07T20:54:32+00:00","description":"Hiekkalaatikko kissalle, joka on suljettu ja riitt\u00e4v\u00e4n korkea. V\u00e4lt\u00e4 ep\u00e4miellytt\u00e4vi\u00e4 hajuja ja hiekanjyvi\u00e4 lattialla. Helppok\u00e4ytt\u00f6inen + v\u00e4rivalikoima.","breadcrumb":{"@id":"https:\/\/miumjau.ee\/fi\/tuote\/kissalle-hiekkalaatikko-advance-harmaa-musta\/#breadcrumb"},"inLanguage":"fi","potentialAction":[{"@type":"ReadAction","target":["https:\/\/miumjau.ee\/fi\/tuote\/kissalle-hiekkalaatikko-advance-harmaa-musta\/"]}]},{"@type":"ImageObject","inLanguage":"fi","@id":"https:\/\/miumjau.ee\/fi\/tuote\/kissalle-hiekkalaatikko-advance-harmaa-musta\/#primaryimage","url":"https:\/\/miumjau.ee\/wp-content\/uploads\/2025\/01\/kassi-liivakast-advance-greyblack2-Photoroom.jpg","contentUrl":"https:\/\/miumjau.ee\/wp-content\/uploads\/2025\/01\/kassi-liivakast-advance-greyblack2-Photoroom.jpg","width":600,"height":800,"caption":"Liivakast kassile Advance hall, must"},{"@type":"BreadcrumbList","@id":"https:\/\/miumjau.ee\/fi\/tuote\/kissalle-hiekkalaatikko-advance-harmaa-musta\/#breadcrumb","itemListElement":[{"@type":"ListItem","position":1,"name":"Home","item":"https:\/\/miumjau.ee\/fi\/"},{"@type":"ListItem","position":2,"name":"Kauppa","item":"https:\/\/miumjau.ee\/fi\/kauppa\/"},{"@type":"ListItem","position":3,"name":"Kissalle hiekkalaatikko Advance harmaa, musta"}]},{"@type":"WebSite","@id":"https:\/\/miumjau.ee\/#website","url":"https:\/\/miumjau.ee\/","name":"MiuMjau","description":"Kraapimispuud kassidele","publisher":{"@id":"https:\/\/miumjau.ee\/#organization"},"potentialAction":[{"@type":"SearchAction","target":{"@type":"EntryPoint","urlTemplate":"https:\/\/miumjau.ee\/?s={search_term_string}"},"query-input":{"@type":"PropertyValueSpecification","valueRequired":true,"valueName":"search_term_string"}}],"inLanguage":"fi"},{"@type":"Organization","@id":"https:\/\/miumjau.ee\/#organization","name":"MiuMjau O\u00dc","url":"https:\/\/miumjau.ee\/","logo":{"@type":"ImageObject","inLanguage":"fi","@id":"https:\/\/miumjau.ee\/#\/schema\/logo\/image\/","url":"https:\/\/miumjau.ee\/wp-content\/uploads\/2022\/04\/MiuMjau-logo-kollane.png","contentUrl":"https:\/\/miumjau.ee\/wp-content\/uploads\/2022\/04\/MiuMjau-logo-kollane.png","width":219,"height":100,"caption":"MiuMjau O\u00dc"},"image":{"@id":"https:\/\/miumjau.ee\/#\/schema\/logo\/image\/"},"sameAs":["https:\/\/www.facebook.com\/miumjaupood\/"]}]}},"_links":{"self":[{"href":"https:\/\/miumjau.ee\/fi\/wp-json\/wp\/v2\/product\/29356","targetHints":{"allow":["GET"]}}],"collection":[{"href":"https:\/\/miumjau.ee\/fi\/wp-json\/wp\/v2\/product"}],"about":[{"href":"https:\/\/miumjau.ee\/fi\/wp-json\/wp\/v2\/types\/product"}],"wp:featuredmedia":[{"embeddable":true,"href":"https:\/\/miumjau.ee\/fi\/wp-json\/wp\/v2\/media\/26242"}],"wp:attachment":[{"href":"https:\/\/miumjau.ee\/fi\/wp-json\/wp\/v2\/media?parent=29356"}],"wp:term":[{"taxonomy":"product_brand","embeddable":true,"href":"https:\/\/miumjau.ee\/fi\/wp-json\/wp\/v2\/product_brand?post=29356"},{"taxonomy":"product_cat","embeddable":true,"href":"https:\/\/miumjau.ee\/fi\/wp-json\/wp\/v2\/product_cat?post=29356"},{"taxonomy":"product_tag","embeddable":true,"href":"https:\/\/miumjau.ee\/fi\/wp-json\/wp\/v2\/product_tag?post=29356"}],"curies":[{"name":"wp","href":"https:\/\/api.w.org\/{rel}","templated":true}]}}