{"id":29354,"date":"2025-03-17T22:34:52","date_gmt":"2025-03-17T20:34:52","guid":{"rendered":"https:\/\/miumjau.ee\/toode\/ontario-maukas-ankaapasta-kissoille-90-g\/"},"modified":"2026-01-07T22:54:32","modified_gmt":"2026-01-07T20:54:32","slug":"ontario-maukas-ankaapasta-kissoille-90-g","status":"publish","type":"product","link":"https:\/\/miumjau.ee\/fi\/tuote\/ontario-maukas-ankaapasta-kissoille-90-g\/","title":{"rendered":"Ontario maukas ankaapasta kissoille, 90 g"},"content":{"rendered":"","protected":false},"excerpt":{"rendered":"<p><strong>ONTARIO Duck Fresh Meat Paste \u2013 t\u00e4ydennysravintopasta kissoille ankalla, 90 g<\/strong><\/p>\n<p>K\u00e4tev\u00e4 annostella ja s\u00e4ilytt\u00e4\u00e4 j\u00e4\u00e4kaapissa. Jotain uutta ja j\u00e4nnitt\u00e4v\u00e4\u00e4 kissallesi! Kaikki tarvitsevat vaihtelua.<\/p>\n<p><strong>Ruokintaohjeet:<\/strong> P\u00e4ivitt\u00e4inen annos riippuu kissasi aktiivisuudesta, i\u00e4st\u00e4 ja rodusta.<\/p>\n<p><strong>Ainesosat:<\/strong> Kanaliemi 80,52 %, ankka 12,386 %, kana 3,48 %, t\u00e4rkkelys 2 %, ksantaanikumi 0,91 %, suola 0,4 %, bonito-kalan maku 0,1 %, isomaltoosi 0,08 %, tauriini 0,08 %, EU:n hyv\u00e4ksym\u00e4t v\u00e4riaineet 0,03 %, B8-vitamiinit 0,03 %, D3-, E-vitamiinit, polydestroosi 0,006 %.<\/p>\n<p><strong>Analysoidut ravintoaineet:<\/strong> Raakaproteiini 3 %, rasvat 0,1 %, raakakuitu 1 %, raakatuhka 1,2 %, kosteus 92 %.<\/p>\n","protected":false},"featured_media":29327,"template":"","meta":[],"product_brand":[],"product_cat":[266],"product_tag":[],"class_list":{"0":"post-29354","1":"product","2":"type-product","3":"status-publish","4":"has-post-thumbnail","6":"product_cat-makeiset","8":"first","9":"instock","10":"taxable","11":"shipping-taxable","12":"purchasable","13":"product-type-simple"},"yoast_head":"<!-- This site is optimized with the Yoast SEO plugin v27.2 - https:\/\/yoast.com\/product\/yoast-seo-wordpress\/ -->\n<title>Ontario maukas ankaapasta kissoille, 90 g - MiuMjau<\/title>\n<meta name=\"description\" content=\"Ontariopastaa voi k\u00e4ytt\u00e4\u00e4 kuivaruoan lis\u00e4n\u00e4 tai herkkuna. Tule kokeilemaan uusia ja j\u00e4nnitt\u00e4vi\u00e4 Ontario-tuotteitamme! Laaja valikoima herkullisia el\u00e4myksi\u00e4.\" \/>\n<meta name=\"robots\" content=\"index, follow, max-snippet:-1, max-image-preview:large, max-video-preview:-1\" \/>\n<link rel=\"canonical\" href=\"https:\/\/miumjau.ee\/fi\/tuote\/ontario-maukas-ankaapasta-kissoille-90-g\/\" \/>\n<meta property=\"og:locale\" content=\"fi_FI\" \/>\n<meta property=\"og:type\" content=\"article\" \/>\n<meta property=\"og:title\" content=\"Ontario maukas ankaapasta kissoille, 90 g - MiuMjau\" \/>\n<meta property=\"og:description\" content=\"Ontariopastaa voi k\u00e4ytt\u00e4\u00e4 kuivaruoan lis\u00e4n\u00e4 tai herkkuna. Tule kokeilemaan uusia ja j\u00e4nnitt\u00e4vi\u00e4 Ontario-tuotteitamme! Laaja valikoima herkullisia el\u00e4myksi\u00e4.\" \/>\n<meta property=\"og:url\" content=\"https:\/\/miumjau.ee\/fi\/tuote\/ontario-maukas-ankaapasta-kissoille-90-g\/\" \/>\n<meta property=\"og:site_name\" content=\"MiuMjau\" \/>\n<meta property=\"article:publisher\" content=\"https:\/\/www.facebook.com\/miumjaupood\/\" \/>\n<meta property=\"article:modified_time\" content=\"2026-01-07T20:54:32+00:00\" \/>\n<meta property=\"og:image\" content=\"https:\/\/miumjau.ee\/wp-content\/uploads\/2025\/03\/ontario-maitsev-pardipasta-kassidele-90g.jpg\" \/>\n\t<meta property=\"og:image:width\" content=\"600\" \/>\n\t<meta property=\"og:image:height\" content=\"800\" \/>\n\t<meta property=\"og:image:type\" content=\"image\/jpeg\" \/>\n<meta name=\"twitter:card\" content=\"summary_large_image\" \/>\n<script type=\"application\/ld+json\" class=\"yoast-schema-graph\">{\"@context\":\"https:\/\/schema.org\",\"@graph\":[{\"@type\":\"WebPage\",\"@id\":\"https:\/\/miumjau.ee\/fi\/tuote\/ontario-maukas-ankaapasta-kissoille-90-g\/\",\"url\":\"https:\/\/miumjau.ee\/fi\/tuote\/ontario-maukas-ankaapasta-kissoille-90-g\/\",\"name\":\"Ontario maukas ankaapasta kissoille, 90 g - MiuMjau\",\"isPartOf\":{\"@id\":\"https:\/\/miumjau.ee\/#website\"},\"primaryImageOfPage\":{\"@id\":\"https:\/\/miumjau.ee\/fi\/tuote\/ontario-maukas-ankaapasta-kissoille-90-g\/#primaryimage\"},\"image\":{\"@id\":\"https:\/\/miumjau.ee\/fi\/tuote\/ontario-maukas-ankaapasta-kissoille-90-g\/#primaryimage\"},\"thumbnailUrl\":\"https:\/\/miumjau.ee\/wp-content\/uploads\/2025\/03\/ontario-maitsev-pardipasta-kassidele-90g.jpg\",\"datePublished\":\"2025-03-17T20:34:52+00:00\",\"dateModified\":\"2026-01-07T20:54:32+00:00\",\"description\":\"Ontariopastaa voi k\u00e4ytt\u00e4\u00e4 kuivaruoan lis\u00e4n\u00e4 tai herkkuna. Tule kokeilemaan uusia ja j\u00e4nnitt\u00e4vi\u00e4 Ontario-tuotteitamme! Laaja valikoima herkullisia el\u00e4myksi\u00e4.\",\"breadcrumb\":{\"@id\":\"https:\/\/miumjau.ee\/fi\/tuote\/ontario-maukas-ankaapasta-kissoille-90-g\/#breadcrumb\"},\"inLanguage\":\"fi\",\"potentialAction\":[{\"@type\":\"ReadAction\",\"target\":[\"https:\/\/miumjau.ee\/fi\/tuote\/ontario-maukas-ankaapasta-kissoille-90-g\/\"]}]},{\"@type\":\"ImageObject\",\"inLanguage\":\"fi\",\"@id\":\"https:\/\/miumjau.ee\/fi\/tuote\/ontario-maukas-ankaapasta-kissoille-90-g\/#primaryimage\",\"url\":\"https:\/\/miumjau.ee\/wp-content\/uploads\/2025\/03\/ontario-maitsev-pardipasta-kassidele-90g.jpg\",\"contentUrl\":\"https:\/\/miumjau.ee\/wp-content\/uploads\/2025\/03\/ontario-maitsev-pardipasta-kassidele-90g.jpg\",\"width\":600,\"height\":800,\"caption\":\"Ontario maitsev pardipasta kassidele, 90g\"},{\"@type\":\"BreadcrumbList\",\"@id\":\"https:\/\/miumjau.ee\/fi\/tuote\/ontario-maukas-ankaapasta-kissoille-90-g\/#breadcrumb\",\"itemListElement\":[{\"@type\":\"ListItem\",\"position\":1,\"name\":\"Home\",\"item\":\"https:\/\/miumjau.ee\/fi\/\"},{\"@type\":\"ListItem\",\"position\":2,\"name\":\"Kauppa\",\"item\":\"https:\/\/miumjau.ee\/fi\/kauppa\/\"},{\"@type\":\"ListItem\",\"position\":3,\"name\":\"Ontario maukas ankaapasta kissoille, 90 g\"}]},{\"@type\":\"WebSite\",\"@id\":\"https:\/\/miumjau.ee\/#website\",\"url\":\"https:\/\/miumjau.ee\/\",\"name\":\"MiuMjau\",\"description\":\"Kraapimispuud kassidele\",\"publisher\":{\"@id\":\"https:\/\/miumjau.ee\/#organization\"},\"potentialAction\":[{\"@type\":\"SearchAction\",\"target\":{\"@type\":\"EntryPoint\",\"urlTemplate\":\"https:\/\/miumjau.ee\/?s={search_term_string}\"},\"query-input\":{\"@type\":\"PropertyValueSpecification\",\"valueRequired\":true,\"valueName\":\"search_term_string\"}}],\"inLanguage\":\"fi\"},{\"@type\":\"Organization\",\"@id\":\"https:\/\/miumjau.ee\/#organization\",\"name\":\"MiuMjau O\u00dc\",\"url\":\"https:\/\/miumjau.ee\/\",\"logo\":{\"@type\":\"ImageObject\",\"inLanguage\":\"fi\",\"@id\":\"https:\/\/miumjau.ee\/#\/schema\/logo\/image\/\",\"url\":\"https:\/\/miumjau.ee\/wp-content\/uploads\/2022\/04\/MiuMjau-logo-kollane.png\",\"contentUrl\":\"https:\/\/miumjau.ee\/wp-content\/uploads\/2022\/04\/MiuMjau-logo-kollane.png\",\"width\":219,\"height\":100,\"caption\":\"MiuMjau O\u00dc\"},\"image\":{\"@id\":\"https:\/\/miumjau.ee\/#\/schema\/logo\/image\/\"},\"sameAs\":[\"https:\/\/www.facebook.com\/miumjaupood\/\"]}]}<\/script>\n<!-- \/ Yoast SEO plugin. -->","yoast_head_json":{"title":"Ontario maukas ankaapasta kissoille, 90 g - MiuMjau","description":"Ontariopastaa voi k\u00e4ytt\u00e4\u00e4 kuivaruoan lis\u00e4n\u00e4 tai herkkuna. Tule kokeilemaan uusia ja j\u00e4nnitt\u00e4vi\u00e4 Ontario-tuotteitamme! Laaja valikoima herkullisia el\u00e4myksi\u00e4.","robots":{"index":"index","follow":"follow","max-snippet":"max-snippet:-1","max-image-preview":"max-image-preview:large","max-video-preview":"max-video-preview:-1"},"canonical":"https:\/\/miumjau.ee\/fi\/tuote\/ontario-maukas-ankaapasta-kissoille-90-g\/","og_locale":"fi_FI","og_type":"article","og_title":"Ontario maukas ankaapasta kissoille, 90 g - MiuMjau","og_description":"Ontariopastaa voi k\u00e4ytt\u00e4\u00e4 kuivaruoan lis\u00e4n\u00e4 tai herkkuna. Tule kokeilemaan uusia ja j\u00e4nnitt\u00e4vi\u00e4 Ontario-tuotteitamme! Laaja valikoima herkullisia el\u00e4myksi\u00e4.","og_url":"https:\/\/miumjau.ee\/fi\/tuote\/ontario-maukas-ankaapasta-kissoille-90-g\/","og_site_name":"MiuMjau","article_publisher":"https:\/\/www.facebook.com\/miumjaupood\/","article_modified_time":"2026-01-07T20:54:32+00:00","og_image":[{"width":600,"height":800,"url":"https:\/\/miumjau.ee\/wp-content\/uploads\/2025\/03\/ontario-maitsev-pardipasta-kassidele-90g.jpg","type":"image\/jpeg"}],"twitter_card":"summary_large_image","schema":{"@context":"https:\/\/schema.org","@graph":[{"@type":"WebPage","@id":"https:\/\/miumjau.ee\/fi\/tuote\/ontario-maukas-ankaapasta-kissoille-90-g\/","url":"https:\/\/miumjau.ee\/fi\/tuote\/ontario-maukas-ankaapasta-kissoille-90-g\/","name":"Ontario maukas ankaapasta kissoille, 90 g - MiuMjau","isPartOf":{"@id":"https:\/\/miumjau.ee\/#website"},"primaryImageOfPage":{"@id":"https:\/\/miumjau.ee\/fi\/tuote\/ontario-maukas-ankaapasta-kissoille-90-g\/#primaryimage"},"image":{"@id":"https:\/\/miumjau.ee\/fi\/tuote\/ontario-maukas-ankaapasta-kissoille-90-g\/#primaryimage"},"thumbnailUrl":"https:\/\/miumjau.ee\/wp-content\/uploads\/2025\/03\/ontario-maitsev-pardipasta-kassidele-90g.jpg","datePublished":"2025-03-17T20:34:52+00:00","dateModified":"2026-01-07T20:54:32+00:00","description":"Ontariopastaa voi k\u00e4ytt\u00e4\u00e4 kuivaruoan lis\u00e4n\u00e4 tai herkkuna. Tule kokeilemaan uusia ja j\u00e4nnitt\u00e4vi\u00e4 Ontario-tuotteitamme! Laaja valikoima herkullisia el\u00e4myksi\u00e4.","breadcrumb":{"@id":"https:\/\/miumjau.ee\/fi\/tuote\/ontario-maukas-ankaapasta-kissoille-90-g\/#breadcrumb"},"inLanguage":"fi","potentialAction":[{"@type":"ReadAction","target":["https:\/\/miumjau.ee\/fi\/tuote\/ontario-maukas-ankaapasta-kissoille-90-g\/"]}]},{"@type":"ImageObject","inLanguage":"fi","@id":"https:\/\/miumjau.ee\/fi\/tuote\/ontario-maukas-ankaapasta-kissoille-90-g\/#primaryimage","url":"https:\/\/miumjau.ee\/wp-content\/uploads\/2025\/03\/ontario-maitsev-pardipasta-kassidele-90g.jpg","contentUrl":"https:\/\/miumjau.ee\/wp-content\/uploads\/2025\/03\/ontario-maitsev-pardipasta-kassidele-90g.jpg","width":600,"height":800,"caption":"Ontario maitsev pardipasta kassidele, 90g"},{"@type":"BreadcrumbList","@id":"https:\/\/miumjau.ee\/fi\/tuote\/ontario-maukas-ankaapasta-kissoille-90-g\/#breadcrumb","itemListElement":[{"@type":"ListItem","position":1,"name":"Home","item":"https:\/\/miumjau.ee\/fi\/"},{"@type":"ListItem","position":2,"name":"Kauppa","item":"https:\/\/miumjau.ee\/fi\/kauppa\/"},{"@type":"ListItem","position":3,"name":"Ontario maukas ankaapasta kissoille, 90 g"}]},{"@type":"WebSite","@id":"https:\/\/miumjau.ee\/#website","url":"https:\/\/miumjau.ee\/","name":"MiuMjau","description":"Kraapimispuud kassidele","publisher":{"@id":"https:\/\/miumjau.ee\/#organization"},"potentialAction":[{"@type":"SearchAction","target":{"@type":"EntryPoint","urlTemplate":"https:\/\/miumjau.ee\/?s={search_term_string}"},"query-input":{"@type":"PropertyValueSpecification","valueRequired":true,"valueName":"search_term_string"}}],"inLanguage":"fi"},{"@type":"Organization","@id":"https:\/\/miumjau.ee\/#organization","name":"MiuMjau O\u00dc","url":"https:\/\/miumjau.ee\/","logo":{"@type":"ImageObject","inLanguage":"fi","@id":"https:\/\/miumjau.ee\/#\/schema\/logo\/image\/","url":"https:\/\/miumjau.ee\/wp-content\/uploads\/2022\/04\/MiuMjau-logo-kollane.png","contentUrl":"https:\/\/miumjau.ee\/wp-content\/uploads\/2022\/04\/MiuMjau-logo-kollane.png","width":219,"height":100,"caption":"MiuMjau O\u00dc"},"image":{"@id":"https:\/\/miumjau.ee\/#\/schema\/logo\/image\/"},"sameAs":["https:\/\/www.facebook.com\/miumjaupood\/"]}]}},"_links":{"self":[{"href":"https:\/\/miumjau.ee\/fi\/wp-json\/wp\/v2\/product\/29354","targetHints":{"allow":["GET"]}}],"collection":[{"href":"https:\/\/miumjau.ee\/fi\/wp-json\/wp\/v2\/product"}],"about":[{"href":"https:\/\/miumjau.ee\/fi\/wp-json\/wp\/v2\/types\/product"}],"wp:featuredmedia":[{"embeddable":true,"href":"https:\/\/miumjau.ee\/fi\/wp-json\/wp\/v2\/media\/29327"}],"wp:attachment":[{"href":"https:\/\/miumjau.ee\/fi\/wp-json\/wp\/v2\/media?parent=29354"}],"wp:term":[{"taxonomy":"product_brand","embeddable":true,"href":"https:\/\/miumjau.ee\/fi\/wp-json\/wp\/v2\/product_brand?post=29354"},{"taxonomy":"product_cat","embeddable":true,"href":"https:\/\/miumjau.ee\/fi\/wp-json\/wp\/v2\/product_cat?post=29354"},{"taxonomy":"product_tag","embeddable":true,"href":"https:\/\/miumjau.ee\/fi\/wp-json\/wp\/v2\/product_tag?post=29354"}],"curies":[{"name":"wp","href":"https:\/\/api.w.org\/{rel}","templated":true}]}}