{"id":29351,"date":"2025-03-17T22:50:26","date_gmt":"2025-03-17T20:50:26","guid":{"rendered":"https:\/\/miumjau.ee\/toode\/kulho-kissoille-magic-cat-sitting-cat\/"},"modified":"2026-01-07T22:54:32","modified_gmt":"2026-01-07T20:54:32","slug":"kulho-kissoille-magic-cat-sitting-cat","status":"publish","type":"product","link":"https:\/\/miumjau.ee\/fi\/tuote\/kulho-kissoille-magic-cat-sitting-cat\/","title":{"rendered":"Kulho kissoille Magic Cat Sitting Cat"},"content":{"rendered":"","protected":false},"excerpt":{"rendered":"<p><strong>Magic Cat Sitting Cat keraaminen kulho kissoille 170 ml<\/strong><\/p>\n<p>Magic Cat Sitting Cat on tyylik\u00e4s ja k\u00e4yt\u00e4nn\u00f6llinen keraaminen kulho, joka sopii t\u00e4ydellisesti sek\u00e4 ruoalle ett\u00e4 vedelle. Sen korkealaatuinen materiaali takaa kest\u00e4vyyden ja pitk\u00e4aikaisen k\u00e4yt\u00f6n, ja elegantti tassunj\u00e4lki- ja kissakuviointi lis\u00e4\u00e4 sisustukseesi hienostuneisuutta.<\/p>\n<p><strong>P\u00e4\u00e4edut:<\/strong><br \/>\n\u2714 <strong>Tyylik\u00e4s ja k\u00e4yt\u00e4nn\u00f6llinen<\/strong> \u2013 ainutlaatuinen design koristaa kotiasi ja heijastaa huolenpitoasi lemmikist\u00e4si.<br \/>\n\u2714 <strong>Kest\u00e4v\u00e4 materiaali<\/strong> \u2013 naarmuuntumaton ja helposti puhdistettava keraami takaa pitk\u00e4aikaisen k\u00e4yt\u00f6n.<br \/>\n\u2714 <strong>Hygieeninen<\/strong> \u2013 keraaminen pinta ei ime hajuja eik\u00e4 ker\u00e4\u00e4 bakteereja.<br \/>\n\u2714 <strong>Sopiva koko<\/strong> \u2013 170 ml tilavuus on ihanteellinen p\u00e4ivitt\u00e4iseen k\u00e4ytt\u00f6\u00f6n, sek\u00e4 ruoalle ett\u00e4 vedelle.<\/p>\n<p>Kulho on helppo pest\u00e4 \u2013 riitt\u00e4\u00e4 huuhtelu l\u00e4mpim\u00e4ll\u00e4 vedell\u00e4. Sen vakaa muoto est\u00e4\u00e4 kaatumisen ja tekee sy\u00f6misest\u00e4 mukavaa. Konepest\u00e4v\u00e4.<\/p>\n<p><strong>Mitat:<\/strong> 13,4 \u00d7 4 cm, tilavuus 170 ml.<\/p>\n","protected":false},"featured_media":29303,"template":"","meta":[],"product_brand":[],"product_cat":[275],"product_tag":[],"class_list":{"0":"post-29351","1":"product","2":"type-product","3":"status-publish","4":"has-post-thumbnail","6":"product_cat-ruokakupit","8":"first","9":"outofstock","10":"taxable","11":"shipping-taxable","12":"purchasable","13":"product-type-simple"},"yoast_head":"<!-- This site is optimized with the Yoast SEO plugin v27.2 - https:\/\/yoast.com\/product\/yoast-seo-wordpress\/ -->\n<title>Kulho kissoille Magic Cat Sitting Cat - MiuMjau<\/title>\n<meta name=\"description\" content=\"Magic Cat Sitting Cat on tyylik\u00e4s ja k\u00e4yt\u00e4nn\u00f6llinen 170 ml keraaminen kulho, joka on t\u00e4ydellinen sek\u00e4 kissanruoalle ett\u00e4 vedelle.\" \/>\n<meta name=\"robots\" content=\"index, follow, max-snippet:-1, max-image-preview:large, max-video-preview:-1\" \/>\n<link rel=\"canonical\" href=\"https:\/\/miumjau.ee\/fi\/tuote\/kulho-kissoille-magic-cat-sitting-cat\/\" \/>\n<meta property=\"og:locale\" content=\"fi_FI\" \/>\n<meta property=\"og:type\" content=\"article\" \/>\n<meta property=\"og:title\" content=\"Kulho kissoille Magic Cat Sitting Cat - MiuMjau\" \/>\n<meta property=\"og:description\" content=\"Magic Cat Sitting Cat on tyylik\u00e4s ja k\u00e4yt\u00e4nn\u00f6llinen 170 ml keraaminen kulho, joka on t\u00e4ydellinen sek\u00e4 kissanruoalle ett\u00e4 vedelle.\" \/>\n<meta property=\"og:url\" content=\"https:\/\/miumjau.ee\/fi\/tuote\/kulho-kissoille-magic-cat-sitting-cat\/\" \/>\n<meta property=\"og:site_name\" content=\"MiuMjau\" \/>\n<meta property=\"article:publisher\" content=\"https:\/\/www.facebook.com\/miumjaupood\/\" \/>\n<meta property=\"article:modified_time\" content=\"2026-01-07T20:54:32+00:00\" \/>\n<meta property=\"og:image\" content=\"https:\/\/miumjau.ee\/wp-content\/uploads\/2025\/03\/kauss-kassidele-magic-cat-sitting-cat.jpg\" \/>\n\t<meta property=\"og:image:width\" content=\"600\" \/>\n\t<meta property=\"og:image:height\" content=\"800\" \/>\n\t<meta property=\"og:image:type\" content=\"image\/jpeg\" \/>\n<meta name=\"twitter:card\" content=\"summary_large_image\" \/>\n<script type=\"application\/ld+json\" class=\"yoast-schema-graph\">{\"@context\":\"https:\/\/schema.org\",\"@graph\":[{\"@type\":\"WebPage\",\"@id\":\"https:\/\/miumjau.ee\/fi\/tuote\/kulho-kissoille-magic-cat-sitting-cat\/\",\"url\":\"https:\/\/miumjau.ee\/fi\/tuote\/kulho-kissoille-magic-cat-sitting-cat\/\",\"name\":\"Kulho kissoille Magic Cat Sitting Cat - MiuMjau\",\"isPartOf\":{\"@id\":\"https:\/\/miumjau.ee\/#website\"},\"primaryImageOfPage\":{\"@id\":\"https:\/\/miumjau.ee\/fi\/tuote\/kulho-kissoille-magic-cat-sitting-cat\/#primaryimage\"},\"image\":{\"@id\":\"https:\/\/miumjau.ee\/fi\/tuote\/kulho-kissoille-magic-cat-sitting-cat\/#primaryimage\"},\"thumbnailUrl\":\"https:\/\/miumjau.ee\/wp-content\/uploads\/2025\/03\/kauss-kassidele-magic-cat-sitting-cat.jpg\",\"datePublished\":\"2025-03-17T20:50:26+00:00\",\"dateModified\":\"2026-01-07T20:54:32+00:00\",\"description\":\"Magic Cat Sitting Cat on tyylik\u00e4s ja k\u00e4yt\u00e4nn\u00f6llinen 170 ml keraaminen kulho, joka on t\u00e4ydellinen sek\u00e4 kissanruoalle ett\u00e4 vedelle.\",\"breadcrumb\":{\"@id\":\"https:\/\/miumjau.ee\/fi\/tuote\/kulho-kissoille-magic-cat-sitting-cat\/#breadcrumb\"},\"inLanguage\":\"fi\",\"potentialAction\":[{\"@type\":\"ReadAction\",\"target\":[\"https:\/\/miumjau.ee\/fi\/tuote\/kulho-kissoille-magic-cat-sitting-cat\/\"]}]},{\"@type\":\"ImageObject\",\"inLanguage\":\"fi\",\"@id\":\"https:\/\/miumjau.ee\/fi\/tuote\/kulho-kissoille-magic-cat-sitting-cat\/#primaryimage\",\"url\":\"https:\/\/miumjau.ee\/wp-content\/uploads\/2025\/03\/kauss-kassidele-magic-cat-sitting-cat.jpg\",\"contentUrl\":\"https:\/\/miumjau.ee\/wp-content\/uploads\/2025\/03\/kauss-kassidele-magic-cat-sitting-cat.jpg\",\"width\":600,\"height\":800,\"caption\":\"Kauss kassidele Magic Cat Sitting Cat\"},{\"@type\":\"BreadcrumbList\",\"@id\":\"https:\/\/miumjau.ee\/fi\/tuote\/kulho-kissoille-magic-cat-sitting-cat\/#breadcrumb\",\"itemListElement\":[{\"@type\":\"ListItem\",\"position\":1,\"name\":\"Home\",\"item\":\"https:\/\/miumjau.ee\/fi\/\"},{\"@type\":\"ListItem\",\"position\":2,\"name\":\"Kauppa\",\"item\":\"https:\/\/miumjau.ee\/fi\/kauppa\/\"},{\"@type\":\"ListItem\",\"position\":3,\"name\":\"Kulho kissoille Magic Cat Sitting Cat\"}]},{\"@type\":\"WebSite\",\"@id\":\"https:\/\/miumjau.ee\/#website\",\"url\":\"https:\/\/miumjau.ee\/\",\"name\":\"MiuMjau\",\"description\":\"Kraapimispuud kassidele\",\"publisher\":{\"@id\":\"https:\/\/miumjau.ee\/#organization\"},\"potentialAction\":[{\"@type\":\"SearchAction\",\"target\":{\"@type\":\"EntryPoint\",\"urlTemplate\":\"https:\/\/miumjau.ee\/?s={search_term_string}\"},\"query-input\":{\"@type\":\"PropertyValueSpecification\",\"valueRequired\":true,\"valueName\":\"search_term_string\"}}],\"inLanguage\":\"fi\"},{\"@type\":\"Organization\",\"@id\":\"https:\/\/miumjau.ee\/#organization\",\"name\":\"MiuMjau O\u00dc\",\"url\":\"https:\/\/miumjau.ee\/\",\"logo\":{\"@type\":\"ImageObject\",\"inLanguage\":\"fi\",\"@id\":\"https:\/\/miumjau.ee\/#\/schema\/logo\/image\/\",\"url\":\"https:\/\/miumjau.ee\/wp-content\/uploads\/2022\/04\/MiuMjau-logo-kollane.png\",\"contentUrl\":\"https:\/\/miumjau.ee\/wp-content\/uploads\/2022\/04\/MiuMjau-logo-kollane.png\",\"width\":219,\"height\":100,\"caption\":\"MiuMjau O\u00dc\"},\"image\":{\"@id\":\"https:\/\/miumjau.ee\/#\/schema\/logo\/image\/\"},\"sameAs\":[\"https:\/\/www.facebook.com\/miumjaupood\/\"]}]}<\/script>\n<!-- \/ Yoast SEO plugin. -->","yoast_head_json":{"title":"Kulho kissoille Magic Cat Sitting Cat - MiuMjau","description":"Magic Cat Sitting Cat on tyylik\u00e4s ja k\u00e4yt\u00e4nn\u00f6llinen 170 ml keraaminen kulho, joka on t\u00e4ydellinen sek\u00e4 kissanruoalle ett\u00e4 vedelle.","robots":{"index":"index","follow":"follow","max-snippet":"max-snippet:-1","max-image-preview":"max-image-preview:large","max-video-preview":"max-video-preview:-1"},"canonical":"https:\/\/miumjau.ee\/fi\/tuote\/kulho-kissoille-magic-cat-sitting-cat\/","og_locale":"fi_FI","og_type":"article","og_title":"Kulho kissoille Magic Cat Sitting Cat - MiuMjau","og_description":"Magic Cat Sitting Cat on tyylik\u00e4s ja k\u00e4yt\u00e4nn\u00f6llinen 170 ml keraaminen kulho, joka on t\u00e4ydellinen sek\u00e4 kissanruoalle ett\u00e4 vedelle.","og_url":"https:\/\/miumjau.ee\/fi\/tuote\/kulho-kissoille-magic-cat-sitting-cat\/","og_site_name":"MiuMjau","article_publisher":"https:\/\/www.facebook.com\/miumjaupood\/","article_modified_time":"2026-01-07T20:54:32+00:00","og_image":[{"width":600,"height":800,"url":"https:\/\/miumjau.ee\/wp-content\/uploads\/2025\/03\/kauss-kassidele-magic-cat-sitting-cat.jpg","type":"image\/jpeg"}],"twitter_card":"summary_large_image","schema":{"@context":"https:\/\/schema.org","@graph":[{"@type":"WebPage","@id":"https:\/\/miumjau.ee\/fi\/tuote\/kulho-kissoille-magic-cat-sitting-cat\/","url":"https:\/\/miumjau.ee\/fi\/tuote\/kulho-kissoille-magic-cat-sitting-cat\/","name":"Kulho kissoille Magic Cat Sitting Cat - MiuMjau","isPartOf":{"@id":"https:\/\/miumjau.ee\/#website"},"primaryImageOfPage":{"@id":"https:\/\/miumjau.ee\/fi\/tuote\/kulho-kissoille-magic-cat-sitting-cat\/#primaryimage"},"image":{"@id":"https:\/\/miumjau.ee\/fi\/tuote\/kulho-kissoille-magic-cat-sitting-cat\/#primaryimage"},"thumbnailUrl":"https:\/\/miumjau.ee\/wp-content\/uploads\/2025\/03\/kauss-kassidele-magic-cat-sitting-cat.jpg","datePublished":"2025-03-17T20:50:26+00:00","dateModified":"2026-01-07T20:54:32+00:00","description":"Magic Cat Sitting Cat on tyylik\u00e4s ja k\u00e4yt\u00e4nn\u00f6llinen 170 ml keraaminen kulho, joka on t\u00e4ydellinen sek\u00e4 kissanruoalle ett\u00e4 vedelle.","breadcrumb":{"@id":"https:\/\/miumjau.ee\/fi\/tuote\/kulho-kissoille-magic-cat-sitting-cat\/#breadcrumb"},"inLanguage":"fi","potentialAction":[{"@type":"ReadAction","target":["https:\/\/miumjau.ee\/fi\/tuote\/kulho-kissoille-magic-cat-sitting-cat\/"]}]},{"@type":"ImageObject","inLanguage":"fi","@id":"https:\/\/miumjau.ee\/fi\/tuote\/kulho-kissoille-magic-cat-sitting-cat\/#primaryimage","url":"https:\/\/miumjau.ee\/wp-content\/uploads\/2025\/03\/kauss-kassidele-magic-cat-sitting-cat.jpg","contentUrl":"https:\/\/miumjau.ee\/wp-content\/uploads\/2025\/03\/kauss-kassidele-magic-cat-sitting-cat.jpg","width":600,"height":800,"caption":"Kauss kassidele Magic Cat Sitting Cat"},{"@type":"BreadcrumbList","@id":"https:\/\/miumjau.ee\/fi\/tuote\/kulho-kissoille-magic-cat-sitting-cat\/#breadcrumb","itemListElement":[{"@type":"ListItem","position":1,"name":"Home","item":"https:\/\/miumjau.ee\/fi\/"},{"@type":"ListItem","position":2,"name":"Kauppa","item":"https:\/\/miumjau.ee\/fi\/kauppa\/"},{"@type":"ListItem","position":3,"name":"Kulho kissoille Magic Cat Sitting Cat"}]},{"@type":"WebSite","@id":"https:\/\/miumjau.ee\/#website","url":"https:\/\/miumjau.ee\/","name":"MiuMjau","description":"Kraapimispuud kassidele","publisher":{"@id":"https:\/\/miumjau.ee\/#organization"},"potentialAction":[{"@type":"SearchAction","target":{"@type":"EntryPoint","urlTemplate":"https:\/\/miumjau.ee\/?s={search_term_string}"},"query-input":{"@type":"PropertyValueSpecification","valueRequired":true,"valueName":"search_term_string"}}],"inLanguage":"fi"},{"@type":"Organization","@id":"https:\/\/miumjau.ee\/#organization","name":"MiuMjau O\u00dc","url":"https:\/\/miumjau.ee\/","logo":{"@type":"ImageObject","inLanguage":"fi","@id":"https:\/\/miumjau.ee\/#\/schema\/logo\/image\/","url":"https:\/\/miumjau.ee\/wp-content\/uploads\/2022\/04\/MiuMjau-logo-kollane.png","contentUrl":"https:\/\/miumjau.ee\/wp-content\/uploads\/2022\/04\/MiuMjau-logo-kollane.png","width":219,"height":100,"caption":"MiuMjau O\u00dc"},"image":{"@id":"https:\/\/miumjau.ee\/#\/schema\/logo\/image\/"},"sameAs":["https:\/\/www.facebook.com\/miumjaupood\/"]}]}},"_links":{"self":[{"href":"https:\/\/miumjau.ee\/fi\/wp-json\/wp\/v2\/product\/29351","targetHints":{"allow":["GET"]}}],"collection":[{"href":"https:\/\/miumjau.ee\/fi\/wp-json\/wp\/v2\/product"}],"about":[{"href":"https:\/\/miumjau.ee\/fi\/wp-json\/wp\/v2\/types\/product"}],"wp:featuredmedia":[{"embeddable":true,"href":"https:\/\/miumjau.ee\/fi\/wp-json\/wp\/v2\/media\/29303"}],"wp:attachment":[{"href":"https:\/\/miumjau.ee\/fi\/wp-json\/wp\/v2\/media?parent=29351"}],"wp:term":[{"taxonomy":"product_brand","embeddable":true,"href":"https:\/\/miumjau.ee\/fi\/wp-json\/wp\/v2\/product_brand?post=29351"},{"taxonomy":"product_cat","embeddable":true,"href":"https:\/\/miumjau.ee\/fi\/wp-json\/wp\/v2\/product_cat?post=29351"},{"taxonomy":"product_tag","embeddable":true,"href":"https:\/\/miumjau.ee\/fi\/wp-json\/wp\/v2\/product_tag?post=29351"}],"curies":[{"name":"wp","href":"https:\/\/api.w.org\/{rel}","templated":true}]}}