{"id":29350,"date":"2025-03-17T23:00:56","date_gmt":"2025-03-17T21:00:56","guid":{"rendered":"https:\/\/miumjau.ee\/toode\/ambrosia-kissan-kuivaruoka-ankka-ja-kalkkuna-5kg\/"},"modified":"2026-01-07T22:54:32","modified_gmt":"2026-01-07T20:54:32","slug":"ambrosia-kissan-kuivaruoka-ankka-ja-kalkkuna-5kg","status":"publish","type":"product","link":"https:\/\/miumjau.ee\/fi\/tuote\/ambrosia-kissan-kuivaruoka-ankka-ja-kalkkuna-5kg\/","title":{"rendered":"Ambrosia kissan kuivaruoka, ankka ja kalkkuna, 5kg"},"content":{"rendered":"","protected":false},"excerpt":{"rendered":"<p>Meid\u00e4n Ambrosia Fresh Duck &amp; Turkey -reseptimme yhdist\u00e4\u00e4 proteiinipitoiset tuoreet ankanfileet ja ravinteikkaan kuivattun kalkkunan, joita t\u00e4ydent\u00e4v\u00e4t huolellisesti valitut hedelm\u00e4t ja vihannekset. T\u00e4m\u00e4 resepti on kehitetty erityisesti herkille sis\u00e4kissoille ja sopii erinomaisesti my\u00f6s steriloiduille ja ylipainoisille kissoille. Matala rasvapitoisuus auttaa ehk\u00e4isem\u00e4\u00e4n painonnousua, kun taas DL-metioniini ja alhainen magnesium v\u00e4hent\u00e4v\u00e4t struviittikivien muodostumisriski\u00e4.<\/p>\n<p>Kokonaisvaltaisen terveyden tukemiseksi Fresh Duck &amp; Turkey -resepti sis\u00e4lt\u00e4\u00e4 prebiootteja ja probiootteja parantamaan ruoansulatusta ja vahvistamaan immuunij\u00e4rjestelm\u00e4\u00e4, kondroitiinia ja glukosamiinia nivelten suojaamiseksi sek\u00e4 tauriinia aivojen kehityksen, syd\u00e4n- ja verenkiertoelimist\u00f6n sek\u00e4 lihaksiston tukemiseksi.<\/p>\n<p><strong>Ainesosat:<\/strong><br \/>\nTuore ankka (32 %), kuivattu kalkkuna (28 %), kuivatut perunahiutaleet, kokonaiset herneet, halkaistut herneet, kuivattu punajuurimassa, lignoselluloosa, hydrolysoitu hiiva, lohi\u00f6ljy (1 %), mineraalit, kuivattu sikuri (luonnollinen FOS:n ja inuliinin l\u00e4hde), kuivatut omenat, kuivatut porkkanat, kuivattu oluthiiva, kuivattu parsakaali, kuivattu karpalo, kuivattu mustikka, glukosamiinisuolahappo (100 mg\/kg), kondroitiinisulfaatti (100 mg\/kg), kuivatut yrtit (Yucca schidigera, Rosemarinus sp, Curcuma sp, Citrus sp, Eugenia sp).<\/p>\n<p><strong>Ravintoanalyysi:<\/strong><br \/>\nRaakaproteiini 38 %, raakarasva 13 %, Omega-3-rasvahapot 0,4 %, Omega-6-rasvahapot 1,8 %, raakatuhka 8 %, raakakuitu 5,0 %, kosteus 6,0 %, kalsium (Ca) 1,8 %, fosfori (P) 1,2 %, magnesium (Mg) 0,09 %.<\/p>\n<p>Saatavilla heti!<\/p>\n","protected":false},"featured_media":29287,"template":"","meta":[],"product_brand":[],"product_cat":[255],"product_tag":[],"class_list":{"0":"post-29350","1":"product","2":"type-product","3":"status-publish","4":"has-post-thumbnail","6":"product_cat-kuiva-ruoka","8":"first","9":"instock","10":"sale","11":"taxable","12":"shipping-taxable","13":"purchasable","14":"product-type-simple"},"yoast_head":"<!-- This site is optimized with the Yoast SEO plugin v27.4 - https:\/\/yoast.com\/product\/yoast-seo-wordpress\/ -->\n<title>Ambrosia kissan kuivaruoka, ankka ja kalkkuna, 5kg - MiuMjau<\/title>\n<meta name=\"description\" content=\"Ambrosia kissojen kuivaruoka on herkullista ja t\u00e4ynn\u00e4 korkealaatuisia el\u00e4inproteiineja ja vitamiineja. Anna kissallesi parasta!\" \/>\n<meta name=\"robots\" content=\"index, follow, max-snippet:-1, max-image-preview:large, max-video-preview:-1\" \/>\n<link rel=\"canonical\" href=\"https:\/\/miumjau.ee\/fi\/tuote\/ambrosia-kissan-kuivaruoka-ankka-ja-kalkkuna-5kg\/\" \/>\n<meta property=\"og:locale\" content=\"fi_FI\" \/>\n<meta property=\"og:type\" content=\"article\" \/>\n<meta property=\"og:title\" content=\"Ambrosia kissan kuivaruoka, ankka ja kalkkuna, 5kg - MiuMjau\" \/>\n<meta property=\"og:description\" content=\"Ambrosia kissojen kuivaruoka on herkullista ja t\u00e4ynn\u00e4 korkealaatuisia el\u00e4inproteiineja ja vitamiineja. Anna kissallesi parasta!\" \/>\n<meta property=\"og:url\" content=\"https:\/\/miumjau.ee\/fi\/tuote\/ambrosia-kissan-kuivaruoka-ankka-ja-kalkkuna-5kg\/\" \/>\n<meta property=\"og:site_name\" content=\"MiuMjau\" \/>\n<meta property=\"article:publisher\" content=\"https:\/\/www.facebook.com\/miumjaupood\/\" \/>\n<meta property=\"article:modified_time\" content=\"2026-01-07T20:54:32+00:00\" \/>\n<meta property=\"og:image\" content=\"https:\/\/miumjau.ee\/wp-content\/uploads\/2025\/03\/kassi-kuivtoit-ambrosia-duck-turkey-5kg-1.jpg\" \/>\n\t<meta property=\"og:image:width\" content=\"600\" \/>\n\t<meta property=\"og:image:height\" content=\"800\" \/>\n\t<meta property=\"og:image:type\" content=\"image\/jpeg\" \/>\n<meta name=\"twitter:card\" content=\"summary_large_image\" \/>\n<script type=\"application\/ld+json\" class=\"yoast-schema-graph\">{\"@context\":\"https:\\\/\\\/schema.org\",\"@graph\":[{\"@type\":\"WebPage\",\"@id\":\"https:\\\/\\\/miumjau.ee\\\/fi\\\/tuote\\\/ambrosia-kissan-kuivaruoka-ankka-ja-kalkkuna-5kg\\\/\",\"url\":\"https:\\\/\\\/miumjau.ee\\\/fi\\\/tuote\\\/ambrosia-kissan-kuivaruoka-ankka-ja-kalkkuna-5kg\\\/\",\"name\":\"Ambrosia kissan kuivaruoka, ankka ja kalkkuna, 5kg - MiuMjau\",\"isPartOf\":{\"@id\":\"https:\\\/\\\/miumjau.ee\\\/#website\"},\"primaryImageOfPage\":{\"@id\":\"https:\\\/\\\/miumjau.ee\\\/fi\\\/tuote\\\/ambrosia-kissan-kuivaruoka-ankka-ja-kalkkuna-5kg\\\/#primaryimage\"},\"image\":{\"@id\":\"https:\\\/\\\/miumjau.ee\\\/fi\\\/tuote\\\/ambrosia-kissan-kuivaruoka-ankka-ja-kalkkuna-5kg\\\/#primaryimage\"},\"thumbnailUrl\":\"https:\\\/\\\/miumjau.ee\\\/wp-content\\\/uploads\\\/2025\\\/03\\\/kassi-kuivtoit-ambrosia-duck-turkey-5kg-1.jpg\",\"datePublished\":\"2025-03-17T21:00:56+00:00\",\"dateModified\":\"2026-01-07T20:54:32+00:00\",\"description\":\"Ambrosia kissojen kuivaruoka on herkullista ja t\u00e4ynn\u00e4 korkealaatuisia el\u00e4inproteiineja ja vitamiineja. Anna kissallesi parasta!\",\"breadcrumb\":{\"@id\":\"https:\\\/\\\/miumjau.ee\\\/fi\\\/tuote\\\/ambrosia-kissan-kuivaruoka-ankka-ja-kalkkuna-5kg\\\/#breadcrumb\"},\"inLanguage\":\"fi\",\"potentialAction\":[{\"@type\":\"ReadAction\",\"target\":[\"https:\\\/\\\/miumjau.ee\\\/fi\\\/tuote\\\/ambrosia-kissan-kuivaruoka-ankka-ja-kalkkuna-5kg\\\/\"]}]},{\"@type\":\"ImageObject\",\"inLanguage\":\"fi\",\"@id\":\"https:\\\/\\\/miumjau.ee\\\/fi\\\/tuote\\\/ambrosia-kissan-kuivaruoka-ankka-ja-kalkkuna-5kg\\\/#primaryimage\",\"url\":\"https:\\\/\\\/miumjau.ee\\\/wp-content\\\/uploads\\\/2025\\\/03\\\/kassi-kuivtoit-ambrosia-duck-turkey-5kg-1.jpg\",\"contentUrl\":\"https:\\\/\\\/miumjau.ee\\\/wp-content\\\/uploads\\\/2025\\\/03\\\/kassi-kuivtoit-ambrosia-duck-turkey-5kg-1.jpg\",\"width\":600,\"height\":800,\"caption\":\"Ambrosia kuivtoit kassile, part ja kalkun, 5kg\"},{\"@type\":\"BreadcrumbList\",\"@id\":\"https:\\\/\\\/miumjau.ee\\\/fi\\\/tuote\\\/ambrosia-kissan-kuivaruoka-ankka-ja-kalkkuna-5kg\\\/#breadcrumb\",\"itemListElement\":[{\"@type\":\"ListItem\",\"position\":1,\"name\":\"Home\",\"item\":\"https:\\\/\\\/miumjau.ee\\\/fi\\\/\"},{\"@type\":\"ListItem\",\"position\":2,\"name\":\"Kauppa\",\"item\":\"https:\\\/\\\/miumjau.ee\\\/fi\\\/kauppa\\\/\"},{\"@type\":\"ListItem\",\"position\":3,\"name\":\"Ambrosia kissan kuivaruoka, ankka ja kalkkuna, 5kg\"}]},{\"@type\":\"WebSite\",\"@id\":\"https:\\\/\\\/miumjau.ee\\\/#website\",\"url\":\"https:\\\/\\\/miumjau.ee\\\/\",\"name\":\"MiuMjau\",\"description\":\"Kraapimispuud kassidele\",\"publisher\":{\"@id\":\"https:\\\/\\\/miumjau.ee\\\/#organization\"},\"potentialAction\":[{\"@type\":\"SearchAction\",\"target\":{\"@type\":\"EntryPoint\",\"urlTemplate\":\"https:\\\/\\\/miumjau.ee\\\/?s={search_term_string}\"},\"query-input\":{\"@type\":\"PropertyValueSpecification\",\"valueRequired\":true,\"valueName\":\"search_term_string\"}}],\"inLanguage\":\"fi\"},{\"@type\":\"Organization\",\"@id\":\"https:\\\/\\\/miumjau.ee\\\/#organization\",\"name\":\"MiuMjau O\u00dc\",\"url\":\"https:\\\/\\\/miumjau.ee\\\/\",\"logo\":{\"@type\":\"ImageObject\",\"inLanguage\":\"fi\",\"@id\":\"https:\\\/\\\/miumjau.ee\\\/#\\\/schema\\\/logo\\\/image\\\/\",\"url\":\"https:\\\/\\\/miumjau.ee\\\/wp-content\\\/uploads\\\/2022\\\/04\\\/MiuMjau-logo-kollane.png\",\"contentUrl\":\"https:\\\/\\\/miumjau.ee\\\/wp-content\\\/uploads\\\/2022\\\/04\\\/MiuMjau-logo-kollane.png\",\"width\":219,\"height\":100,\"caption\":\"MiuMjau O\u00dc\"},\"image\":{\"@id\":\"https:\\\/\\\/miumjau.ee\\\/#\\\/schema\\\/logo\\\/image\\\/\"},\"sameAs\":[\"https:\\\/\\\/www.facebook.com\\\/miumjaupood\\\/\"]}]}<\/script>\n<!-- \/ Yoast SEO plugin. -->","yoast_head_json":{"title":"Ambrosia kissan kuivaruoka, ankka ja kalkkuna, 5kg - MiuMjau","description":"Ambrosia kissojen kuivaruoka on herkullista ja t\u00e4ynn\u00e4 korkealaatuisia el\u00e4inproteiineja ja vitamiineja. Anna kissallesi parasta!","robots":{"index":"index","follow":"follow","max-snippet":"max-snippet:-1","max-image-preview":"max-image-preview:large","max-video-preview":"max-video-preview:-1"},"canonical":"https:\/\/miumjau.ee\/fi\/tuote\/ambrosia-kissan-kuivaruoka-ankka-ja-kalkkuna-5kg\/","og_locale":"fi_FI","og_type":"article","og_title":"Ambrosia kissan kuivaruoka, ankka ja kalkkuna, 5kg - MiuMjau","og_description":"Ambrosia kissojen kuivaruoka on herkullista ja t\u00e4ynn\u00e4 korkealaatuisia el\u00e4inproteiineja ja vitamiineja. Anna kissallesi parasta!","og_url":"https:\/\/miumjau.ee\/fi\/tuote\/ambrosia-kissan-kuivaruoka-ankka-ja-kalkkuna-5kg\/","og_site_name":"MiuMjau","article_publisher":"https:\/\/www.facebook.com\/miumjaupood\/","article_modified_time":"2026-01-07T20:54:32+00:00","og_image":[{"width":600,"height":800,"url":"https:\/\/miumjau.ee\/wp-content\/uploads\/2025\/03\/kassi-kuivtoit-ambrosia-duck-turkey-5kg-1.jpg","type":"image\/jpeg"}],"twitter_card":"summary_large_image","schema":{"@context":"https:\/\/schema.org","@graph":[{"@type":"WebPage","@id":"https:\/\/miumjau.ee\/fi\/tuote\/ambrosia-kissan-kuivaruoka-ankka-ja-kalkkuna-5kg\/","url":"https:\/\/miumjau.ee\/fi\/tuote\/ambrosia-kissan-kuivaruoka-ankka-ja-kalkkuna-5kg\/","name":"Ambrosia kissan kuivaruoka, ankka ja kalkkuna, 5kg - MiuMjau","isPartOf":{"@id":"https:\/\/miumjau.ee\/#website"},"primaryImageOfPage":{"@id":"https:\/\/miumjau.ee\/fi\/tuote\/ambrosia-kissan-kuivaruoka-ankka-ja-kalkkuna-5kg\/#primaryimage"},"image":{"@id":"https:\/\/miumjau.ee\/fi\/tuote\/ambrosia-kissan-kuivaruoka-ankka-ja-kalkkuna-5kg\/#primaryimage"},"thumbnailUrl":"https:\/\/miumjau.ee\/wp-content\/uploads\/2025\/03\/kassi-kuivtoit-ambrosia-duck-turkey-5kg-1.jpg","datePublished":"2025-03-17T21:00:56+00:00","dateModified":"2026-01-07T20:54:32+00:00","description":"Ambrosia kissojen kuivaruoka on herkullista ja t\u00e4ynn\u00e4 korkealaatuisia el\u00e4inproteiineja ja vitamiineja. Anna kissallesi parasta!","breadcrumb":{"@id":"https:\/\/miumjau.ee\/fi\/tuote\/ambrosia-kissan-kuivaruoka-ankka-ja-kalkkuna-5kg\/#breadcrumb"},"inLanguage":"fi","potentialAction":[{"@type":"ReadAction","target":["https:\/\/miumjau.ee\/fi\/tuote\/ambrosia-kissan-kuivaruoka-ankka-ja-kalkkuna-5kg\/"]}]},{"@type":"ImageObject","inLanguage":"fi","@id":"https:\/\/miumjau.ee\/fi\/tuote\/ambrosia-kissan-kuivaruoka-ankka-ja-kalkkuna-5kg\/#primaryimage","url":"https:\/\/miumjau.ee\/wp-content\/uploads\/2025\/03\/kassi-kuivtoit-ambrosia-duck-turkey-5kg-1.jpg","contentUrl":"https:\/\/miumjau.ee\/wp-content\/uploads\/2025\/03\/kassi-kuivtoit-ambrosia-duck-turkey-5kg-1.jpg","width":600,"height":800,"caption":"Ambrosia kuivtoit kassile, part ja kalkun, 5kg"},{"@type":"BreadcrumbList","@id":"https:\/\/miumjau.ee\/fi\/tuote\/ambrosia-kissan-kuivaruoka-ankka-ja-kalkkuna-5kg\/#breadcrumb","itemListElement":[{"@type":"ListItem","position":1,"name":"Home","item":"https:\/\/miumjau.ee\/fi\/"},{"@type":"ListItem","position":2,"name":"Kauppa","item":"https:\/\/miumjau.ee\/fi\/kauppa\/"},{"@type":"ListItem","position":3,"name":"Ambrosia kissan kuivaruoka, ankka ja kalkkuna, 5kg"}]},{"@type":"WebSite","@id":"https:\/\/miumjau.ee\/#website","url":"https:\/\/miumjau.ee\/","name":"MiuMjau","description":"Kraapimispuud kassidele","publisher":{"@id":"https:\/\/miumjau.ee\/#organization"},"potentialAction":[{"@type":"SearchAction","target":{"@type":"EntryPoint","urlTemplate":"https:\/\/miumjau.ee\/?s={search_term_string}"},"query-input":{"@type":"PropertyValueSpecification","valueRequired":true,"valueName":"search_term_string"}}],"inLanguage":"fi"},{"@type":"Organization","@id":"https:\/\/miumjau.ee\/#organization","name":"MiuMjau O\u00dc","url":"https:\/\/miumjau.ee\/","logo":{"@type":"ImageObject","inLanguage":"fi","@id":"https:\/\/miumjau.ee\/#\/schema\/logo\/image\/","url":"https:\/\/miumjau.ee\/wp-content\/uploads\/2022\/04\/MiuMjau-logo-kollane.png","contentUrl":"https:\/\/miumjau.ee\/wp-content\/uploads\/2022\/04\/MiuMjau-logo-kollane.png","width":219,"height":100,"caption":"MiuMjau O\u00dc"},"image":{"@id":"https:\/\/miumjau.ee\/#\/schema\/logo\/image\/"},"sameAs":["https:\/\/www.facebook.com\/miumjaupood\/"]}]}},"_links":{"self":[{"href":"https:\/\/miumjau.ee\/fi\/wp-json\/wp\/v2\/product\/29350","targetHints":{"allow":["GET"]}}],"collection":[{"href":"https:\/\/miumjau.ee\/fi\/wp-json\/wp\/v2\/product"}],"about":[{"href":"https:\/\/miumjau.ee\/fi\/wp-json\/wp\/v2\/types\/product"}],"wp:featuredmedia":[{"embeddable":true,"href":"https:\/\/miumjau.ee\/fi\/wp-json\/wp\/v2\/media\/29287"}],"wp:attachment":[{"href":"https:\/\/miumjau.ee\/fi\/wp-json\/wp\/v2\/media?parent=29350"}],"wp:term":[{"taxonomy":"product_brand","embeddable":true,"href":"https:\/\/miumjau.ee\/fi\/wp-json\/wp\/v2\/product_brand?post=29350"},{"taxonomy":"product_cat","embeddable":true,"href":"https:\/\/miumjau.ee\/fi\/wp-json\/wp\/v2\/product_cat?post=29350"},{"taxonomy":"product_tag","embeddable":true,"href":"https:\/\/miumjau.ee\/fi\/wp-json\/wp\/v2\/product_tag?post=29350"}],"curies":[{"name":"wp","href":"https:\/\/api.w.org\/{rel}","templated":true}]}}