{"id":29026,"date":"2025-01-13T10:23:54","date_gmt":"2025-01-13T08:23:54","guid":{"rendered":"https:\/\/miumjau.ee\/toode\/kissan-hiekkalaatikko-elite-beige-musta\/"},"modified":"2026-01-07T22:54:40","modified_gmt":"2026-01-07T20:54:40","slug":"kissan-hiekkalaatikko-elite-beige-musta","status":"publish","type":"product","link":"https:\/\/miumjau.ee\/fi\/tuote\/kissan-hiekkalaatikko-elite-beige-musta\/","title":{"rendered":"Kissan hiekkalaatikko Elite beige, musta"},"content":{"rendered":"","protected":false},"excerpt":{"rendered":"<p>Esittelemme suojatun kissanvessan, joka yhdist\u00e4\u00e4 useita k\u00e4yt\u00e4nn\u00f6llisi\u00e4 ratkaisuja. T\u00e4rkeint\u00e4 on, ett\u00e4 hiekka ei p\u00e4\u00e4se laatikosta ulos, vaikka kissasi rakastaisi kaivautua siell\u00e4 innokkaasti. Lis\u00e4ksi laatikko tarjoaa kissalle paljon yksityisyytt\u00e4, mik\u00e4 voi olla eritt\u00e4in t\u00e4rke\u00e4\u00e4 stressitt\u00f6m\u00e4n k\u00e4yt\u00f6n kannalta kissasi luonteen mukaan. Kissalaatikossa on saranoitu ovi ja k\u00e4tev\u00e4 kantokahva. Koko yl\u00e4osa on irrotettavissa ja kiinnitetty yksinkertaisilla klipsuilla, mik\u00e4 tekee puhdistamisesta helpompaa.<\/p>\n<p>Tuote on valmistettu kest\u00e4v\u00e4st\u00e4 ja lemmikkiyst\u00e4v\u00e4llisest\u00e4 materiaalista.<\/p>\n<p>Pituus: 51,5 cm<br \/>\nLeveys: 38 cm<br \/>\nKorkeus: 38 cm<\/p>\n","protected":false},"featured_media":26250,"template":"","meta":[],"product_brand":[],"product_cat":[287],"product_tag":[],"class_list":{"0":"post-29026","1":"product","2":"type-product","3":"status-publish","4":"has-post-thumbnail","6":"product_cat-hiekkalaatikot","8":"first","9":"instock","10":"taxable","11":"shipping-taxable","12":"purchasable","13":"product-type-simple"},"yoast_head":"<!-- This site is optimized with the Yoast SEO plugin v27.2 - https:\/\/yoast.com\/product\/yoast-seo-wordpress\/ -->\n<title>Kissan hiekkalaatikko Elite beige, musta - MiuMjau<\/title>\n<meta name=\"description\" content=\"Kissan hiekkalaatikko, joka on suljettu ja riitt\u00e4v\u00e4n korkea. V\u00e4lt\u00e4 ep\u00e4miellytt\u00e4vi\u00e4 hajuja ja hiekkahelmi\u00e4 lattialla. Mukava k\u00e4ytt\u00e4\u00e4 + v\u00e4rivaihtoehto.\" \/>\n<meta name=\"robots\" content=\"index, follow, max-snippet:-1, max-image-preview:large, max-video-preview:-1\" \/>\n<link rel=\"canonical\" href=\"https:\/\/miumjau.ee\/fi\/tuote\/kissan-hiekkalaatikko-elite-beige-musta\/\" \/>\n<meta property=\"og:locale\" content=\"fi_FI\" \/>\n<meta property=\"og:type\" content=\"article\" \/>\n<meta property=\"og:title\" content=\"Kissan hiekkalaatikko Elite beige, musta - MiuMjau\" \/>\n<meta property=\"og:description\" content=\"Kissan hiekkalaatikko, joka on suljettu ja riitt\u00e4v\u00e4n korkea. V\u00e4lt\u00e4 ep\u00e4miellytt\u00e4vi\u00e4 hajuja ja hiekkahelmi\u00e4 lattialla. Mukava k\u00e4ytt\u00e4\u00e4 + v\u00e4rivaihtoehto.\" \/>\n<meta property=\"og:url\" content=\"https:\/\/miumjau.ee\/fi\/tuote\/kissan-hiekkalaatikko-elite-beige-musta\/\" \/>\n<meta property=\"og:site_name\" content=\"MiuMjau\" \/>\n<meta property=\"article:publisher\" content=\"https:\/\/www.facebook.com\/miumjaupood\/\" \/>\n<meta property=\"article:modified_time\" content=\"2026-01-07T20:54:40+00:00\" \/>\n<meta property=\"og:image\" content=\"https:\/\/miumjau.ee\/wp-content\/uploads\/2025\/01\/kassi-liivakast-elite-beezmust1-Photoroom.jpg\" \/>\n\t<meta property=\"og:image:width\" content=\"600\" \/>\n\t<meta property=\"og:image:height\" content=\"800\" \/>\n\t<meta property=\"og:image:type\" content=\"image\/jpeg\" \/>\n<meta name=\"twitter:card\" content=\"summary_large_image\" \/>\n<script type=\"application\/ld+json\" class=\"yoast-schema-graph\">{\"@context\":\"https:\/\/schema.org\",\"@graph\":[{\"@type\":\"WebPage\",\"@id\":\"https:\/\/miumjau.ee\/fi\/tuote\/kissan-hiekkalaatikko-elite-beige-musta\/\",\"url\":\"https:\/\/miumjau.ee\/fi\/tuote\/kissan-hiekkalaatikko-elite-beige-musta\/\",\"name\":\"Kissan hiekkalaatikko Elite beige, musta - MiuMjau\",\"isPartOf\":{\"@id\":\"https:\/\/miumjau.ee\/#website\"},\"primaryImageOfPage\":{\"@id\":\"https:\/\/miumjau.ee\/fi\/tuote\/kissan-hiekkalaatikko-elite-beige-musta\/#primaryimage\"},\"image\":{\"@id\":\"https:\/\/miumjau.ee\/fi\/tuote\/kissan-hiekkalaatikko-elite-beige-musta\/#primaryimage\"},\"thumbnailUrl\":\"https:\/\/miumjau.ee\/wp-content\/uploads\/2025\/01\/kassi-liivakast-elite-beezmust1-Photoroom.jpg\",\"datePublished\":\"2025-01-13T08:23:54+00:00\",\"dateModified\":\"2026-01-07T20:54:40+00:00\",\"description\":\"Kissan hiekkalaatikko, joka on suljettu ja riitt\u00e4v\u00e4n korkea. V\u00e4lt\u00e4 ep\u00e4miellytt\u00e4vi\u00e4 hajuja ja hiekkahelmi\u00e4 lattialla. Mukava k\u00e4ytt\u00e4\u00e4 + v\u00e4rivaihtoehto.\",\"breadcrumb\":{\"@id\":\"https:\/\/miumjau.ee\/fi\/tuote\/kissan-hiekkalaatikko-elite-beige-musta\/#breadcrumb\"},\"inLanguage\":\"fi\",\"potentialAction\":[{\"@type\":\"ReadAction\",\"target\":[\"https:\/\/miumjau.ee\/fi\/tuote\/kissan-hiekkalaatikko-elite-beige-musta\/\"]}]},{\"@type\":\"ImageObject\",\"inLanguage\":\"fi\",\"@id\":\"https:\/\/miumjau.ee\/fi\/tuote\/kissan-hiekkalaatikko-elite-beige-musta\/#primaryimage\",\"url\":\"https:\/\/miumjau.ee\/wp-content\/uploads\/2025\/01\/kassi-liivakast-elite-beezmust1-Photoroom.jpg\",\"contentUrl\":\"https:\/\/miumjau.ee\/wp-content\/uploads\/2025\/01\/kassi-liivakast-elite-beezmust1-Photoroom.jpg\",\"width\":600,\"height\":800,\"caption\":\"Liivakast kassile Elite beez, must\"},{\"@type\":\"BreadcrumbList\",\"@id\":\"https:\/\/miumjau.ee\/fi\/tuote\/kissan-hiekkalaatikko-elite-beige-musta\/#breadcrumb\",\"itemListElement\":[{\"@type\":\"ListItem\",\"position\":1,\"name\":\"Home\",\"item\":\"https:\/\/miumjau.ee\/fi\/\"},{\"@type\":\"ListItem\",\"position\":2,\"name\":\"Kauppa\",\"item\":\"https:\/\/miumjau.ee\/fi\/kauppa\/\"},{\"@type\":\"ListItem\",\"position\":3,\"name\":\"Kissan hiekkalaatikko Elite beige, musta\"}]},{\"@type\":\"WebSite\",\"@id\":\"https:\/\/miumjau.ee\/#website\",\"url\":\"https:\/\/miumjau.ee\/\",\"name\":\"MiuMjau\",\"description\":\"Kraapimispuud kassidele\",\"publisher\":{\"@id\":\"https:\/\/miumjau.ee\/#organization\"},\"potentialAction\":[{\"@type\":\"SearchAction\",\"target\":{\"@type\":\"EntryPoint\",\"urlTemplate\":\"https:\/\/miumjau.ee\/?s={search_term_string}\"},\"query-input\":{\"@type\":\"PropertyValueSpecification\",\"valueRequired\":true,\"valueName\":\"search_term_string\"}}],\"inLanguage\":\"fi\"},{\"@type\":\"Organization\",\"@id\":\"https:\/\/miumjau.ee\/#organization\",\"name\":\"MiuMjau O\u00dc\",\"url\":\"https:\/\/miumjau.ee\/\",\"logo\":{\"@type\":\"ImageObject\",\"inLanguage\":\"fi\",\"@id\":\"https:\/\/miumjau.ee\/#\/schema\/logo\/image\/\",\"url\":\"https:\/\/miumjau.ee\/wp-content\/uploads\/2022\/04\/MiuMjau-logo-kollane.png\",\"contentUrl\":\"https:\/\/miumjau.ee\/wp-content\/uploads\/2022\/04\/MiuMjau-logo-kollane.png\",\"width\":219,\"height\":100,\"caption\":\"MiuMjau O\u00dc\"},\"image\":{\"@id\":\"https:\/\/miumjau.ee\/#\/schema\/logo\/image\/\"},\"sameAs\":[\"https:\/\/www.facebook.com\/miumjaupood\/\"]}]}<\/script>\n<!-- \/ Yoast SEO plugin. -->","yoast_head_json":{"title":"Kissan hiekkalaatikko Elite beige, musta - MiuMjau","description":"Kissan hiekkalaatikko, joka on suljettu ja riitt\u00e4v\u00e4n korkea. V\u00e4lt\u00e4 ep\u00e4miellytt\u00e4vi\u00e4 hajuja ja hiekkahelmi\u00e4 lattialla. Mukava k\u00e4ytt\u00e4\u00e4 + v\u00e4rivaihtoehto.","robots":{"index":"index","follow":"follow","max-snippet":"max-snippet:-1","max-image-preview":"max-image-preview:large","max-video-preview":"max-video-preview:-1"},"canonical":"https:\/\/miumjau.ee\/fi\/tuote\/kissan-hiekkalaatikko-elite-beige-musta\/","og_locale":"fi_FI","og_type":"article","og_title":"Kissan hiekkalaatikko Elite beige, musta - MiuMjau","og_description":"Kissan hiekkalaatikko, joka on suljettu ja riitt\u00e4v\u00e4n korkea. V\u00e4lt\u00e4 ep\u00e4miellytt\u00e4vi\u00e4 hajuja ja hiekkahelmi\u00e4 lattialla. Mukava k\u00e4ytt\u00e4\u00e4 + v\u00e4rivaihtoehto.","og_url":"https:\/\/miumjau.ee\/fi\/tuote\/kissan-hiekkalaatikko-elite-beige-musta\/","og_site_name":"MiuMjau","article_publisher":"https:\/\/www.facebook.com\/miumjaupood\/","article_modified_time":"2026-01-07T20:54:40+00:00","og_image":[{"width":600,"height":800,"url":"https:\/\/miumjau.ee\/wp-content\/uploads\/2025\/01\/kassi-liivakast-elite-beezmust1-Photoroom.jpg","type":"image\/jpeg"}],"twitter_card":"summary_large_image","schema":{"@context":"https:\/\/schema.org","@graph":[{"@type":"WebPage","@id":"https:\/\/miumjau.ee\/fi\/tuote\/kissan-hiekkalaatikko-elite-beige-musta\/","url":"https:\/\/miumjau.ee\/fi\/tuote\/kissan-hiekkalaatikko-elite-beige-musta\/","name":"Kissan hiekkalaatikko Elite beige, musta - MiuMjau","isPartOf":{"@id":"https:\/\/miumjau.ee\/#website"},"primaryImageOfPage":{"@id":"https:\/\/miumjau.ee\/fi\/tuote\/kissan-hiekkalaatikko-elite-beige-musta\/#primaryimage"},"image":{"@id":"https:\/\/miumjau.ee\/fi\/tuote\/kissan-hiekkalaatikko-elite-beige-musta\/#primaryimage"},"thumbnailUrl":"https:\/\/miumjau.ee\/wp-content\/uploads\/2025\/01\/kassi-liivakast-elite-beezmust1-Photoroom.jpg","datePublished":"2025-01-13T08:23:54+00:00","dateModified":"2026-01-07T20:54:40+00:00","description":"Kissan hiekkalaatikko, joka on suljettu ja riitt\u00e4v\u00e4n korkea. V\u00e4lt\u00e4 ep\u00e4miellytt\u00e4vi\u00e4 hajuja ja hiekkahelmi\u00e4 lattialla. Mukava k\u00e4ytt\u00e4\u00e4 + v\u00e4rivaihtoehto.","breadcrumb":{"@id":"https:\/\/miumjau.ee\/fi\/tuote\/kissan-hiekkalaatikko-elite-beige-musta\/#breadcrumb"},"inLanguage":"fi","potentialAction":[{"@type":"ReadAction","target":["https:\/\/miumjau.ee\/fi\/tuote\/kissan-hiekkalaatikko-elite-beige-musta\/"]}]},{"@type":"ImageObject","inLanguage":"fi","@id":"https:\/\/miumjau.ee\/fi\/tuote\/kissan-hiekkalaatikko-elite-beige-musta\/#primaryimage","url":"https:\/\/miumjau.ee\/wp-content\/uploads\/2025\/01\/kassi-liivakast-elite-beezmust1-Photoroom.jpg","contentUrl":"https:\/\/miumjau.ee\/wp-content\/uploads\/2025\/01\/kassi-liivakast-elite-beezmust1-Photoroom.jpg","width":600,"height":800,"caption":"Liivakast kassile Elite beez, must"},{"@type":"BreadcrumbList","@id":"https:\/\/miumjau.ee\/fi\/tuote\/kissan-hiekkalaatikko-elite-beige-musta\/#breadcrumb","itemListElement":[{"@type":"ListItem","position":1,"name":"Home","item":"https:\/\/miumjau.ee\/fi\/"},{"@type":"ListItem","position":2,"name":"Kauppa","item":"https:\/\/miumjau.ee\/fi\/kauppa\/"},{"@type":"ListItem","position":3,"name":"Kissan hiekkalaatikko Elite beige, musta"}]},{"@type":"WebSite","@id":"https:\/\/miumjau.ee\/#website","url":"https:\/\/miumjau.ee\/","name":"MiuMjau","description":"Kraapimispuud kassidele","publisher":{"@id":"https:\/\/miumjau.ee\/#organization"},"potentialAction":[{"@type":"SearchAction","target":{"@type":"EntryPoint","urlTemplate":"https:\/\/miumjau.ee\/?s={search_term_string}"},"query-input":{"@type":"PropertyValueSpecification","valueRequired":true,"valueName":"search_term_string"}}],"inLanguage":"fi"},{"@type":"Organization","@id":"https:\/\/miumjau.ee\/#organization","name":"MiuMjau O\u00dc","url":"https:\/\/miumjau.ee\/","logo":{"@type":"ImageObject","inLanguage":"fi","@id":"https:\/\/miumjau.ee\/#\/schema\/logo\/image\/","url":"https:\/\/miumjau.ee\/wp-content\/uploads\/2022\/04\/MiuMjau-logo-kollane.png","contentUrl":"https:\/\/miumjau.ee\/wp-content\/uploads\/2022\/04\/MiuMjau-logo-kollane.png","width":219,"height":100,"caption":"MiuMjau O\u00dc"},"image":{"@id":"https:\/\/miumjau.ee\/#\/schema\/logo\/image\/"},"sameAs":["https:\/\/www.facebook.com\/miumjaupood\/"]}]}},"_links":{"self":[{"href":"https:\/\/miumjau.ee\/fi\/wp-json\/wp\/v2\/product\/29026","targetHints":{"allow":["GET"]}}],"collection":[{"href":"https:\/\/miumjau.ee\/fi\/wp-json\/wp\/v2\/product"}],"about":[{"href":"https:\/\/miumjau.ee\/fi\/wp-json\/wp\/v2\/types\/product"}],"wp:featuredmedia":[{"embeddable":true,"href":"https:\/\/miumjau.ee\/fi\/wp-json\/wp\/v2\/media\/26250"}],"wp:attachment":[{"href":"https:\/\/miumjau.ee\/fi\/wp-json\/wp\/v2\/media?parent=29026"}],"wp:term":[{"taxonomy":"product_brand","embeddable":true,"href":"https:\/\/miumjau.ee\/fi\/wp-json\/wp\/v2\/product_brand?post=29026"},{"taxonomy":"product_cat","embeddable":true,"href":"https:\/\/miumjau.ee\/fi\/wp-json\/wp\/v2\/product_cat?post=29026"},{"taxonomy":"product_tag","embeddable":true,"href":"https:\/\/miumjau.ee\/fi\/wp-json\/wp\/v2\/product_tag?post=29026"}],"curies":[{"name":"wp","href":"https:\/\/api.w.org\/{rel}","templated":true}]}}