{"id":28515,"date":"2024-11-13T13:36:40","date_gmt":"2024-11-13T11:36:40","guid":{"rendered":"https:\/\/miumjau.ee\/toode\/churu-kermaisa-kissanherkku-tonnikalaa-ja-kampasimpukka-56g\/"},"modified":"2026-01-07T22:54:54","modified_gmt":"2026-01-07T20:54:54","slug":"churu-kermaisa-kissanherkku-tonnikalaa-ja-kampasimpukka-56g","status":"publish","type":"product","link":"https:\/\/miumjau.ee\/fi\/tuote\/churu-kermaisa-kissanherkku-tonnikalaa-ja-kampasimpukka-56g\/","title":{"rendered":"Churu kermaisa kissanherkku tonnikalaa ja kampasimpukka 56g"},"content":{"rendered":"","protected":false},"excerpt":{"rendered":"<p>Churu Cat viljaton herkku kissoille &#8211; tuunikala- ja kampasimpukkapyree. N\u00e4m\u00e4 herkulliset kissan herkut on valmistettu 100 % puhtaasta luonnollisesta tuunikalasta! Churu-pyreet sis\u00e4lt\u00e4v\u00e4t runsaasti kosteutta, joka on kissan hyv\u00e4n terveyden kannalta v\u00e4ltt\u00e4m\u00e4t\u00f6nt\u00e4. Ne eiv\u00e4t my\u00f6sk\u00e4\u00e4n sis\u00e4ll\u00e4 palasia, s\u00e4il\u00f6nt\u00e4aineita tai keinotekoisia v\u00e4riaineita. N\u00e4it\u00e4 voi k\u00e4ytt\u00e4\u00e4 monin tavoin: puristamalla tuubista ja nuoleksimalla tai k\u00e4ytt\u00e4m\u00e4ll\u00e4 kuivaruokalis\u00e4n\u00e4.<\/p>\n<p>Valmistettu 100 % puhtaasta ja luonnollisesta tuunikalasta.<br \/>\nEi sis\u00e4ll\u00e4 viljoja, s\u00e4il\u00f6nt\u00e4aineita eik\u00e4 keinotekoisia v\u00e4riaineita.<br \/>\nKreemuinen rakenne ja suolainen maku.<br \/>\nPyreiss\u00e4 on runsaasti kosteutta, joka on kissan hyv\u00e4n terveyden kannalta v\u00e4ltt\u00e4m\u00e4t\u00f6nt\u00e4.<br \/>\nV\u00e4h\u00e4n kaloreita.<br \/>\nUudistava ja interaktiivinen tapa viett\u00e4\u00e4 aikaa lemmikkisi kanssa.<br \/>\nLis\u00e4aineet \/ 1 kg: ravintolis\u00e4t: E-vitamiini (3a700) 310 IU.<\/p>\n<p>Teknologiset lis\u00e4aineet: oapasta (E412) 9 g. Aistilliset lis\u00e4aineet: makuyhdisteet 12 g.<\/p>\n<p>Metabolisoitu energia: 6 kcal\/pakkaus.<\/p>\n","protected":false},"featured_media":24084,"template":"","meta":[],"product_brand":[],"product_cat":[266],"product_tag":[],"class_list":{"0":"post-28515","1":"product","2":"type-product","3":"status-publish","4":"has-post-thumbnail","6":"product_cat-makeiset","8":"first","9":"instock","10":"taxable","11":"shipping-taxable","12":"purchasable","13":"product-type-simple"},"yoast_head":"<!-- This site is optimized with the Yoast SEO plugin v27.2 - https:\/\/yoast.com\/product\/yoast-seo-wordpress\/ -->\n<title>Churu kermaisa kissanherkku tonnikalaa ja kampasimpukka 56g - MiuMjau<\/title>\n<meta name=\"description\" content=\"Churu-herkut ovat kissalle todella kiinnostavia ja tarjoavat vaihtelua. Ihanat maut tuovat paljon iloa. Tarjoa my\u00f6s omalle kissallesi kokeiltavaksi!\" \/>\n<meta name=\"robots\" content=\"index, follow, max-snippet:-1, max-image-preview:large, max-video-preview:-1\" \/>\n<link rel=\"canonical\" href=\"https:\/\/miumjau.ee\/tuote\/churu-kreemjas-kassimaius-tuunikala-ja-kammkarpidega-56g\/\" \/>\n<meta property=\"og:locale\" content=\"fi_FI\" \/>\n<meta property=\"og:type\" content=\"article\" \/>\n<meta property=\"og:title\" content=\"Churu kermaisa kissanherkku tonnikalaa ja kampasimpukka 56g - MiuMjau\" \/>\n<meta property=\"og:description\" content=\"Churu-herkut ovat kissalle todella kiinnostavia ja tarjoavat vaihtelua. Ihanat maut tuovat paljon iloa. Tarjoa my\u00f6s omalle kissallesi kokeiltavaksi!\" \/>\n<meta property=\"og:url\" content=\"https:\/\/miumjau.ee\/tuote\/churu-kreemjas-kassimaius-tuunikala-ja-kammkarpidega-56g\/\" \/>\n<meta property=\"og:site_name\" content=\"MiuMjau\" \/>\n<meta property=\"article:publisher\" content=\"https:\/\/www.facebook.com\/miumjaupood\/\" \/>\n<meta property=\"article:modified_time\" content=\"2026-01-07T20:54:54+00:00\" \/>\n<meta property=\"og:image\" content=\"https:\/\/miumjau.ee\/wp-content\/uploads\/2024\/11\/Churu-maius-56g-kassile8.jpg\" \/>\n\t<meta property=\"og:image:width\" content=\"600\" \/>\n\t<meta property=\"og:image:height\" content=\"800\" \/>\n\t<meta property=\"og:image:type\" content=\"image\/jpeg\" \/>\n<meta name=\"twitter:card\" content=\"summary_large_image\" \/>\n<script type=\"application\/ld+json\" class=\"yoast-schema-graph\">{\"@context\":\"https:\/\/schema.org\",\"@graph\":[{\"@type\":\"WebPage\",\"@id\":\"https:\/\/miumjau.ee\/tuote\/churu-kreemjas-kassimaius-tuunikala-ja-kammkarpidega-56g\/\",\"url\":\"https:\/\/miumjau.ee\/tuote\/churu-kreemjas-kassimaius-tuunikala-ja-kammkarpidega-56g\/\",\"name\":\"Churu kermaisa kissanherkku tonnikalaa ja kampasimpukka 56g - MiuMjau\",\"isPartOf\":{\"@id\":\"https:\/\/miumjau.ee\/#website\"},\"primaryImageOfPage\":{\"@id\":\"https:\/\/miumjau.ee\/tuote\/churu-kreemjas-kassimaius-tuunikala-ja-kammkarpidega-56g\/#primaryimage\"},\"image\":{\"@id\":\"https:\/\/miumjau.ee\/tuote\/churu-kreemjas-kassimaius-tuunikala-ja-kammkarpidega-56g\/#primaryimage\"},\"thumbnailUrl\":\"https:\/\/miumjau.ee\/wp-content\/uploads\/2024\/11\/Churu-maius-56g-kassile8.jpg\",\"datePublished\":\"2024-11-13T11:36:40+00:00\",\"dateModified\":\"2026-01-07T20:54:54+00:00\",\"description\":\"Churu-herkut ovat kissalle todella kiinnostavia ja tarjoavat vaihtelua. Ihanat maut tuovat paljon iloa. Tarjoa my\u00f6s omalle kissallesi kokeiltavaksi!\",\"breadcrumb\":{\"@id\":\"https:\/\/miumjau.ee\/tuote\/churu-kreemjas-kassimaius-tuunikala-ja-kammkarpidega-56g\/#breadcrumb\"},\"inLanguage\":\"fi\",\"potentialAction\":[{\"@type\":\"ReadAction\",\"target\":[\"https:\/\/miumjau.ee\/tuote\/churu-kreemjas-kassimaius-tuunikala-ja-kammkarpidega-56g\/\"]}]},{\"@type\":\"ImageObject\",\"inLanguage\":\"fi\",\"@id\":\"https:\/\/miumjau.ee\/tuote\/churu-kreemjas-kassimaius-tuunikala-ja-kammkarpidega-56g\/#primaryimage\",\"url\":\"https:\/\/miumjau.ee\/wp-content\/uploads\/2024\/11\/Churu-maius-56g-kassile8.jpg\",\"contentUrl\":\"https:\/\/miumjau.ee\/wp-content\/uploads\/2024\/11\/Churu-maius-56g-kassile8.jpg\",\"width\":600,\"height\":800,\"caption\":\"Churu kreemjas kassimaius tuunikala ja kammkarpidega 56g\"},{\"@type\":\"BreadcrumbList\",\"@id\":\"https:\/\/miumjau.ee\/tuote\/churu-kreemjas-kassimaius-tuunikala-ja-kammkarpidega-56g\/#breadcrumb\",\"itemListElement\":[{\"@type\":\"ListItem\",\"position\":1,\"name\":\"Home\",\"item\":\"https:\/\/miumjau.ee\/fi\/\"},{\"@type\":\"ListItem\",\"position\":2,\"name\":\"Kauppa\",\"item\":\"https:\/\/miumjau.ee\/fi\/kauppa\/\"},{\"@type\":\"ListItem\",\"position\":3,\"name\":\"Churu kermaisa kissanherkku tonnikalaa ja kampasimpukka 56g\"}]},{\"@type\":\"WebSite\",\"@id\":\"https:\/\/miumjau.ee\/#website\",\"url\":\"https:\/\/miumjau.ee\/\",\"name\":\"MiuMjau\",\"description\":\"Kraapimispuud kassidele\",\"publisher\":{\"@id\":\"https:\/\/miumjau.ee\/#organization\"},\"potentialAction\":[{\"@type\":\"SearchAction\",\"target\":{\"@type\":\"EntryPoint\",\"urlTemplate\":\"https:\/\/miumjau.ee\/?s={search_term_string}\"},\"query-input\":{\"@type\":\"PropertyValueSpecification\",\"valueRequired\":true,\"valueName\":\"search_term_string\"}}],\"inLanguage\":\"fi\"},{\"@type\":\"Organization\",\"@id\":\"https:\/\/miumjau.ee\/#organization\",\"name\":\"MiuMjau O\u00dc\",\"url\":\"https:\/\/miumjau.ee\/\",\"logo\":{\"@type\":\"ImageObject\",\"inLanguage\":\"fi\",\"@id\":\"https:\/\/miumjau.ee\/#\/schema\/logo\/image\/\",\"url\":\"https:\/\/miumjau.ee\/wp-content\/uploads\/2022\/04\/MiuMjau-logo-kollane.png\",\"contentUrl\":\"https:\/\/miumjau.ee\/wp-content\/uploads\/2022\/04\/MiuMjau-logo-kollane.png\",\"width\":219,\"height\":100,\"caption\":\"MiuMjau O\u00dc\"},\"image\":{\"@id\":\"https:\/\/miumjau.ee\/#\/schema\/logo\/image\/\"},\"sameAs\":[\"https:\/\/www.facebook.com\/miumjaupood\/\"]}]}<\/script>\n<!-- \/ Yoast SEO plugin. -->","yoast_head_json":{"title":"Churu kermaisa kissanherkku tonnikalaa ja kampasimpukka 56g - MiuMjau","description":"Churu-herkut ovat kissalle todella kiinnostavia ja tarjoavat vaihtelua. Ihanat maut tuovat paljon iloa. Tarjoa my\u00f6s omalle kissallesi kokeiltavaksi!","robots":{"index":"index","follow":"follow","max-snippet":"max-snippet:-1","max-image-preview":"max-image-preview:large","max-video-preview":"max-video-preview:-1"},"canonical":"https:\/\/miumjau.ee\/tuote\/churu-kreemjas-kassimaius-tuunikala-ja-kammkarpidega-56g\/","og_locale":"fi_FI","og_type":"article","og_title":"Churu kermaisa kissanherkku tonnikalaa ja kampasimpukka 56g - MiuMjau","og_description":"Churu-herkut ovat kissalle todella kiinnostavia ja tarjoavat vaihtelua. Ihanat maut tuovat paljon iloa. Tarjoa my\u00f6s omalle kissallesi kokeiltavaksi!","og_url":"https:\/\/miumjau.ee\/tuote\/churu-kreemjas-kassimaius-tuunikala-ja-kammkarpidega-56g\/","og_site_name":"MiuMjau","article_publisher":"https:\/\/www.facebook.com\/miumjaupood\/","article_modified_time":"2026-01-07T20:54:54+00:00","og_image":[{"width":600,"height":800,"url":"https:\/\/miumjau.ee\/wp-content\/uploads\/2024\/11\/Churu-maius-56g-kassile8.jpg","type":"image\/jpeg"}],"twitter_card":"summary_large_image","schema":{"@context":"https:\/\/schema.org","@graph":[{"@type":"WebPage","@id":"https:\/\/miumjau.ee\/tuote\/churu-kreemjas-kassimaius-tuunikala-ja-kammkarpidega-56g\/","url":"https:\/\/miumjau.ee\/tuote\/churu-kreemjas-kassimaius-tuunikala-ja-kammkarpidega-56g\/","name":"Churu kermaisa kissanherkku tonnikalaa ja kampasimpukka 56g - MiuMjau","isPartOf":{"@id":"https:\/\/miumjau.ee\/#website"},"primaryImageOfPage":{"@id":"https:\/\/miumjau.ee\/tuote\/churu-kreemjas-kassimaius-tuunikala-ja-kammkarpidega-56g\/#primaryimage"},"image":{"@id":"https:\/\/miumjau.ee\/tuote\/churu-kreemjas-kassimaius-tuunikala-ja-kammkarpidega-56g\/#primaryimage"},"thumbnailUrl":"https:\/\/miumjau.ee\/wp-content\/uploads\/2024\/11\/Churu-maius-56g-kassile8.jpg","datePublished":"2024-11-13T11:36:40+00:00","dateModified":"2026-01-07T20:54:54+00:00","description":"Churu-herkut ovat kissalle todella kiinnostavia ja tarjoavat vaihtelua. Ihanat maut tuovat paljon iloa. Tarjoa my\u00f6s omalle kissallesi kokeiltavaksi!","breadcrumb":{"@id":"https:\/\/miumjau.ee\/tuote\/churu-kreemjas-kassimaius-tuunikala-ja-kammkarpidega-56g\/#breadcrumb"},"inLanguage":"fi","potentialAction":[{"@type":"ReadAction","target":["https:\/\/miumjau.ee\/tuote\/churu-kreemjas-kassimaius-tuunikala-ja-kammkarpidega-56g\/"]}]},{"@type":"ImageObject","inLanguage":"fi","@id":"https:\/\/miumjau.ee\/tuote\/churu-kreemjas-kassimaius-tuunikala-ja-kammkarpidega-56g\/#primaryimage","url":"https:\/\/miumjau.ee\/wp-content\/uploads\/2024\/11\/Churu-maius-56g-kassile8.jpg","contentUrl":"https:\/\/miumjau.ee\/wp-content\/uploads\/2024\/11\/Churu-maius-56g-kassile8.jpg","width":600,"height":800,"caption":"Churu kreemjas kassimaius tuunikala ja kammkarpidega 56g"},{"@type":"BreadcrumbList","@id":"https:\/\/miumjau.ee\/tuote\/churu-kreemjas-kassimaius-tuunikala-ja-kammkarpidega-56g\/#breadcrumb","itemListElement":[{"@type":"ListItem","position":1,"name":"Home","item":"https:\/\/miumjau.ee\/fi\/"},{"@type":"ListItem","position":2,"name":"Kauppa","item":"https:\/\/miumjau.ee\/fi\/kauppa\/"},{"@type":"ListItem","position":3,"name":"Churu kermaisa kissanherkku tonnikalaa ja kampasimpukka 56g"}]},{"@type":"WebSite","@id":"https:\/\/miumjau.ee\/#website","url":"https:\/\/miumjau.ee\/","name":"MiuMjau","description":"Kraapimispuud kassidele","publisher":{"@id":"https:\/\/miumjau.ee\/#organization"},"potentialAction":[{"@type":"SearchAction","target":{"@type":"EntryPoint","urlTemplate":"https:\/\/miumjau.ee\/?s={search_term_string}"},"query-input":{"@type":"PropertyValueSpecification","valueRequired":true,"valueName":"search_term_string"}}],"inLanguage":"fi"},{"@type":"Organization","@id":"https:\/\/miumjau.ee\/#organization","name":"MiuMjau O\u00dc","url":"https:\/\/miumjau.ee\/","logo":{"@type":"ImageObject","inLanguage":"fi","@id":"https:\/\/miumjau.ee\/#\/schema\/logo\/image\/","url":"https:\/\/miumjau.ee\/wp-content\/uploads\/2022\/04\/MiuMjau-logo-kollane.png","contentUrl":"https:\/\/miumjau.ee\/wp-content\/uploads\/2022\/04\/MiuMjau-logo-kollane.png","width":219,"height":100,"caption":"MiuMjau O\u00dc"},"image":{"@id":"https:\/\/miumjau.ee\/#\/schema\/logo\/image\/"},"sameAs":["https:\/\/www.facebook.com\/miumjaupood\/"]}]}},"_links":{"self":[{"href":"https:\/\/miumjau.ee\/fi\/wp-json\/wp\/v2\/product\/28515","targetHints":{"allow":["GET"]}}],"collection":[{"href":"https:\/\/miumjau.ee\/fi\/wp-json\/wp\/v2\/product"}],"about":[{"href":"https:\/\/miumjau.ee\/fi\/wp-json\/wp\/v2\/types\/product"}],"wp:featuredmedia":[{"embeddable":true,"href":"https:\/\/miumjau.ee\/fi\/wp-json\/wp\/v2\/media\/24084"}],"wp:attachment":[{"href":"https:\/\/miumjau.ee\/fi\/wp-json\/wp\/v2\/media?parent=28515"}],"wp:term":[{"taxonomy":"product_brand","embeddable":true,"href":"https:\/\/miumjau.ee\/fi\/wp-json\/wp\/v2\/product_brand?post=28515"},{"taxonomy":"product_cat","embeddable":true,"href":"https:\/\/miumjau.ee\/fi\/wp-json\/wp\/v2\/product_cat?post=28515"},{"taxonomy":"product_tag","embeddable":true,"href":"https:\/\/miumjau.ee\/fi\/wp-json\/wp\/v2\/product_tag?post=28515"}],"curies":[{"name":"wp","href":"https:\/\/api.w.org\/{rel}","templated":true}]}}