{"id":28513,"date":"2024-11-13T13:33:10","date_gmt":"2024-11-13T11:33:10","guid":{"rendered":"https:\/\/miumjau.ee\/toode\/churu-hairball-kermaisa-kissanherkku-tonnikalaa-56g\/"},"modified":"2026-01-07T22:54:54","modified_gmt":"2026-01-07T20:54:54","slug":"churu-hairball-kermaisa-kissanherkku-tonnikalaa-56g","status":"publish","type":"product","link":"https:\/\/miumjau.ee\/fi\/tuote\/churu-hairball-kermaisa-kissanherkku-tonnikalaa-56g\/","title":{"rendered":"Churu Hairball kermaisa kissanherkku tonnikalaa 56g"},"content":{"rendered":"","protected":false},"excerpt":{"rendered":"<p>Viljaton funktionaalinen herkku kissoille, joka on suunniteltu v\u00e4hent\u00e4m\u00e4\u00e4n karvapallojen muodostumista \u2013 tuunikalapyree. Ravintolis\u00e4 kissoille.<\/p>\n<p>Churu-pyreet kissoille tuunikalalla, jotka auttavat v\u00e4hent\u00e4m\u00e4\u00e4n karvapalloja. Churu-pyreet sis\u00e4lt\u00e4v\u00e4t runsaasti kosteutta, joka on kissan hyv\u00e4n terveyden kannalta v\u00e4ltt\u00e4m\u00e4t\u00f6nt\u00e4. Ne eiv\u00e4t my\u00f6sk\u00e4\u00e4n sis\u00e4ll\u00e4 viljoja tai keinotekoisia v\u00e4riaineita. N\u00e4it\u00e4 voi k\u00e4ytt\u00e4\u00e4 monin tavoin: antaa puristamalla tuubista nuolettavaksi tai k\u00e4ytt\u00e4\u00e4 kuivaruokalis\u00e4n\u00e4.<\/p>\n<p>Edist\u00e4\u00e4 tervett\u00e4 ruoansulatusta: liukenematon kasvikuitu auttaa yll\u00e4pit\u00e4m\u00e4\u00e4n terveellist\u00e4 ruoansulatuskanavaa ja hallitsemaan karvapalloja.<\/p>\n<p>Tauriinia ja E-vitamiinia: tauriini on avainasemassa oleva aminohappo, joka auttaa kissoja yll\u00e4pit\u00e4m\u00e4\u00e4n normaalia n\u00e4k\u00f6\u00e4, syd\u00e4n- ja hermofunktioita. E-vitamiini toimii antioksidanttina.<\/p>\n<p>Runsaasti kosteutta: kissat eiv\u00e4t juo vett\u00e4 luonnostaan kuten koirat. Ne tarvitsevat kosteusrikasta ruokaa tukeakseen normaaleja kehon toimintoja ja pysy\u00e4kseen nesteytettyin\u00e4.<\/p>\n<p>Ravintolis\u00e4t: E-vitamiini (3a700) 574 mg, tauriini (3a370) 356 mg. Teknologiset lis\u00e4aineet: guarkumi (E412). Aistilliset lis\u00e4aineet: hajusteet, Camelia Thea Link.<\/p>\n<p>Metabolisoitu energia: 440 kcal\/kg.<\/p>\n","protected":false},"featured_media":24064,"template":"","meta":[],"product_brand":[],"product_cat":[266],"product_tag":[],"class_list":{"0":"post-28513","1":"product","2":"type-product","3":"status-publish","4":"has-post-thumbnail","6":"product_cat-makeiset","8":"first","9":"instock","10":"sale","11":"taxable","12":"shipping-taxable","13":"purchasable","14":"product-type-simple"},"yoast_head":"<!-- This site is optimized with the Yoast SEO plugin v27.2 - https:\/\/yoast.com\/product\/yoast-seo-wordpress\/ -->\n<title>Churu Hairball kermaisa kissanherkku tonnikalaa 56g - MiuMjau<\/title>\n<meta name=\"description\" content=\"Churu-herkut ovat kissalle todella kiinnostavia ja tarjoavat vaihtelua. Ihanat maut tuovat paljon iloa. Tarjoa my\u00f6s omalle kissallesi kokeiltavaksi!\" \/>\n<meta name=\"robots\" content=\"index, follow, max-snippet:-1, max-image-preview:large, max-video-preview:-1\" \/>\n<link rel=\"canonical\" href=\"https:\/\/miumjau.ee\/tuote\/churu-hairball-kreemjas-kassimaius-tuunikalaga-56g\/\" \/>\n<meta property=\"og:locale\" content=\"fi_FI\" \/>\n<meta property=\"og:type\" content=\"article\" \/>\n<meta property=\"og:title\" content=\"Churu Hairball kermaisa kissanherkku tonnikalaa 56g - MiuMjau\" \/>\n<meta property=\"og:description\" content=\"Churu-herkut ovat kissalle todella kiinnostavia ja tarjoavat vaihtelua. Ihanat maut tuovat paljon iloa. Tarjoa my\u00f6s omalle kissallesi kokeiltavaksi!\" \/>\n<meta property=\"og:url\" content=\"https:\/\/miumjau.ee\/tuote\/churu-hairball-kreemjas-kassimaius-tuunikalaga-56g\/\" \/>\n<meta property=\"og:site_name\" content=\"MiuMjau\" \/>\n<meta property=\"article:publisher\" content=\"https:\/\/www.facebook.com\/miumjaupood\/\" \/>\n<meta property=\"article:modified_time\" content=\"2026-01-07T20:54:54+00:00\" \/>\n<meta property=\"og:image\" content=\"https:\/\/miumjau.ee\/wp-content\/uploads\/2024\/11\/Churu-maius-56g-kassile3.jpg\" \/>\n\t<meta property=\"og:image:width\" content=\"600\" \/>\n\t<meta property=\"og:image:height\" content=\"800\" \/>\n\t<meta property=\"og:image:type\" content=\"image\/jpeg\" \/>\n<meta name=\"twitter:card\" content=\"summary_large_image\" \/>\n<script type=\"application\/ld+json\" class=\"yoast-schema-graph\">{\"@context\":\"https:\/\/schema.org\",\"@graph\":[{\"@type\":\"WebPage\",\"@id\":\"https:\/\/miumjau.ee\/tuote\/churu-hairball-kreemjas-kassimaius-tuunikalaga-56g\/\",\"url\":\"https:\/\/miumjau.ee\/tuote\/churu-hairball-kreemjas-kassimaius-tuunikalaga-56g\/\",\"name\":\"Churu Hairball kermaisa kissanherkku tonnikalaa 56g - MiuMjau\",\"isPartOf\":{\"@id\":\"https:\/\/miumjau.ee\/#website\"},\"primaryImageOfPage\":{\"@id\":\"https:\/\/miumjau.ee\/tuote\/churu-hairball-kreemjas-kassimaius-tuunikalaga-56g\/#primaryimage\"},\"image\":{\"@id\":\"https:\/\/miumjau.ee\/tuote\/churu-hairball-kreemjas-kassimaius-tuunikalaga-56g\/#primaryimage\"},\"thumbnailUrl\":\"https:\/\/miumjau.ee\/wp-content\/uploads\/2024\/11\/Churu-maius-56g-kassile3.jpg\",\"datePublished\":\"2024-11-13T11:33:10+00:00\",\"dateModified\":\"2026-01-07T20:54:54+00:00\",\"description\":\"Churu-herkut ovat kissalle todella kiinnostavia ja tarjoavat vaihtelua. Ihanat maut tuovat paljon iloa. Tarjoa my\u00f6s omalle kissallesi kokeiltavaksi!\",\"breadcrumb\":{\"@id\":\"https:\/\/miumjau.ee\/tuote\/churu-hairball-kreemjas-kassimaius-tuunikalaga-56g\/#breadcrumb\"},\"inLanguage\":\"fi\",\"potentialAction\":[{\"@type\":\"ReadAction\",\"target\":[\"https:\/\/miumjau.ee\/tuote\/churu-hairball-kreemjas-kassimaius-tuunikalaga-56g\/\"]}]},{\"@type\":\"ImageObject\",\"inLanguage\":\"fi\",\"@id\":\"https:\/\/miumjau.ee\/tuote\/churu-hairball-kreemjas-kassimaius-tuunikalaga-56g\/#primaryimage\",\"url\":\"https:\/\/miumjau.ee\/wp-content\/uploads\/2024\/11\/Churu-maius-56g-kassile3.jpg\",\"contentUrl\":\"https:\/\/miumjau.ee\/wp-content\/uploads\/2024\/11\/Churu-maius-56g-kassile3.jpg\",\"width\":600,\"height\":800,\"caption\":\"Churu Hairball kreemjas kassimaius tuunikalaga 56g\"},{\"@type\":\"BreadcrumbList\",\"@id\":\"https:\/\/miumjau.ee\/tuote\/churu-hairball-kreemjas-kassimaius-tuunikalaga-56g\/#breadcrumb\",\"itemListElement\":[{\"@type\":\"ListItem\",\"position\":1,\"name\":\"Home\",\"item\":\"https:\/\/miumjau.ee\/fi\/\"},{\"@type\":\"ListItem\",\"position\":2,\"name\":\"Kauppa\",\"item\":\"https:\/\/miumjau.ee\/fi\/kauppa\/\"},{\"@type\":\"ListItem\",\"position\":3,\"name\":\"Churu Hairball kermaisa kissanherkku tonnikalaa 56g\"}]},{\"@type\":\"WebSite\",\"@id\":\"https:\/\/miumjau.ee\/#website\",\"url\":\"https:\/\/miumjau.ee\/\",\"name\":\"MiuMjau\",\"description\":\"Kraapimispuud kassidele\",\"publisher\":{\"@id\":\"https:\/\/miumjau.ee\/#organization\"},\"potentialAction\":[{\"@type\":\"SearchAction\",\"target\":{\"@type\":\"EntryPoint\",\"urlTemplate\":\"https:\/\/miumjau.ee\/?s={search_term_string}\"},\"query-input\":{\"@type\":\"PropertyValueSpecification\",\"valueRequired\":true,\"valueName\":\"search_term_string\"}}],\"inLanguage\":\"fi\"},{\"@type\":\"Organization\",\"@id\":\"https:\/\/miumjau.ee\/#organization\",\"name\":\"MiuMjau O\u00dc\",\"url\":\"https:\/\/miumjau.ee\/\",\"logo\":{\"@type\":\"ImageObject\",\"inLanguage\":\"fi\",\"@id\":\"https:\/\/miumjau.ee\/#\/schema\/logo\/image\/\",\"url\":\"https:\/\/miumjau.ee\/wp-content\/uploads\/2022\/04\/MiuMjau-logo-kollane.png\",\"contentUrl\":\"https:\/\/miumjau.ee\/wp-content\/uploads\/2022\/04\/MiuMjau-logo-kollane.png\",\"width\":219,\"height\":100,\"caption\":\"MiuMjau O\u00dc\"},\"image\":{\"@id\":\"https:\/\/miumjau.ee\/#\/schema\/logo\/image\/\"},\"sameAs\":[\"https:\/\/www.facebook.com\/miumjaupood\/\"]}]}<\/script>\n<!-- \/ Yoast SEO plugin. -->","yoast_head_json":{"title":"Churu Hairball kermaisa kissanherkku tonnikalaa 56g - MiuMjau","description":"Churu-herkut ovat kissalle todella kiinnostavia ja tarjoavat vaihtelua. Ihanat maut tuovat paljon iloa. Tarjoa my\u00f6s omalle kissallesi kokeiltavaksi!","robots":{"index":"index","follow":"follow","max-snippet":"max-snippet:-1","max-image-preview":"max-image-preview:large","max-video-preview":"max-video-preview:-1"},"canonical":"https:\/\/miumjau.ee\/tuote\/churu-hairball-kreemjas-kassimaius-tuunikalaga-56g\/","og_locale":"fi_FI","og_type":"article","og_title":"Churu Hairball kermaisa kissanherkku tonnikalaa 56g - MiuMjau","og_description":"Churu-herkut ovat kissalle todella kiinnostavia ja tarjoavat vaihtelua. Ihanat maut tuovat paljon iloa. Tarjoa my\u00f6s omalle kissallesi kokeiltavaksi!","og_url":"https:\/\/miumjau.ee\/tuote\/churu-hairball-kreemjas-kassimaius-tuunikalaga-56g\/","og_site_name":"MiuMjau","article_publisher":"https:\/\/www.facebook.com\/miumjaupood\/","article_modified_time":"2026-01-07T20:54:54+00:00","og_image":[{"width":600,"height":800,"url":"https:\/\/miumjau.ee\/wp-content\/uploads\/2024\/11\/Churu-maius-56g-kassile3.jpg","type":"image\/jpeg"}],"twitter_card":"summary_large_image","schema":{"@context":"https:\/\/schema.org","@graph":[{"@type":"WebPage","@id":"https:\/\/miumjau.ee\/tuote\/churu-hairball-kreemjas-kassimaius-tuunikalaga-56g\/","url":"https:\/\/miumjau.ee\/tuote\/churu-hairball-kreemjas-kassimaius-tuunikalaga-56g\/","name":"Churu Hairball kermaisa kissanherkku tonnikalaa 56g - MiuMjau","isPartOf":{"@id":"https:\/\/miumjau.ee\/#website"},"primaryImageOfPage":{"@id":"https:\/\/miumjau.ee\/tuote\/churu-hairball-kreemjas-kassimaius-tuunikalaga-56g\/#primaryimage"},"image":{"@id":"https:\/\/miumjau.ee\/tuote\/churu-hairball-kreemjas-kassimaius-tuunikalaga-56g\/#primaryimage"},"thumbnailUrl":"https:\/\/miumjau.ee\/wp-content\/uploads\/2024\/11\/Churu-maius-56g-kassile3.jpg","datePublished":"2024-11-13T11:33:10+00:00","dateModified":"2026-01-07T20:54:54+00:00","description":"Churu-herkut ovat kissalle todella kiinnostavia ja tarjoavat vaihtelua. Ihanat maut tuovat paljon iloa. Tarjoa my\u00f6s omalle kissallesi kokeiltavaksi!","breadcrumb":{"@id":"https:\/\/miumjau.ee\/tuote\/churu-hairball-kreemjas-kassimaius-tuunikalaga-56g\/#breadcrumb"},"inLanguage":"fi","potentialAction":[{"@type":"ReadAction","target":["https:\/\/miumjau.ee\/tuote\/churu-hairball-kreemjas-kassimaius-tuunikalaga-56g\/"]}]},{"@type":"ImageObject","inLanguage":"fi","@id":"https:\/\/miumjau.ee\/tuote\/churu-hairball-kreemjas-kassimaius-tuunikalaga-56g\/#primaryimage","url":"https:\/\/miumjau.ee\/wp-content\/uploads\/2024\/11\/Churu-maius-56g-kassile3.jpg","contentUrl":"https:\/\/miumjau.ee\/wp-content\/uploads\/2024\/11\/Churu-maius-56g-kassile3.jpg","width":600,"height":800,"caption":"Churu Hairball kreemjas kassimaius tuunikalaga 56g"},{"@type":"BreadcrumbList","@id":"https:\/\/miumjau.ee\/tuote\/churu-hairball-kreemjas-kassimaius-tuunikalaga-56g\/#breadcrumb","itemListElement":[{"@type":"ListItem","position":1,"name":"Home","item":"https:\/\/miumjau.ee\/fi\/"},{"@type":"ListItem","position":2,"name":"Kauppa","item":"https:\/\/miumjau.ee\/fi\/kauppa\/"},{"@type":"ListItem","position":3,"name":"Churu Hairball kermaisa kissanherkku tonnikalaa 56g"}]},{"@type":"WebSite","@id":"https:\/\/miumjau.ee\/#website","url":"https:\/\/miumjau.ee\/","name":"MiuMjau","description":"Kraapimispuud kassidele","publisher":{"@id":"https:\/\/miumjau.ee\/#organization"},"potentialAction":[{"@type":"SearchAction","target":{"@type":"EntryPoint","urlTemplate":"https:\/\/miumjau.ee\/?s={search_term_string}"},"query-input":{"@type":"PropertyValueSpecification","valueRequired":true,"valueName":"search_term_string"}}],"inLanguage":"fi"},{"@type":"Organization","@id":"https:\/\/miumjau.ee\/#organization","name":"MiuMjau O\u00dc","url":"https:\/\/miumjau.ee\/","logo":{"@type":"ImageObject","inLanguage":"fi","@id":"https:\/\/miumjau.ee\/#\/schema\/logo\/image\/","url":"https:\/\/miumjau.ee\/wp-content\/uploads\/2022\/04\/MiuMjau-logo-kollane.png","contentUrl":"https:\/\/miumjau.ee\/wp-content\/uploads\/2022\/04\/MiuMjau-logo-kollane.png","width":219,"height":100,"caption":"MiuMjau O\u00dc"},"image":{"@id":"https:\/\/miumjau.ee\/#\/schema\/logo\/image\/"},"sameAs":["https:\/\/www.facebook.com\/miumjaupood\/"]}]}},"_links":{"self":[{"href":"https:\/\/miumjau.ee\/fi\/wp-json\/wp\/v2\/product\/28513","targetHints":{"allow":["GET"]}}],"collection":[{"href":"https:\/\/miumjau.ee\/fi\/wp-json\/wp\/v2\/product"}],"about":[{"href":"https:\/\/miumjau.ee\/fi\/wp-json\/wp\/v2\/types\/product"}],"wp:featuredmedia":[{"embeddable":true,"href":"https:\/\/miumjau.ee\/fi\/wp-json\/wp\/v2\/media\/24064"}],"wp:attachment":[{"href":"https:\/\/miumjau.ee\/fi\/wp-json\/wp\/v2\/media?parent=28513"}],"wp:term":[{"taxonomy":"product_brand","embeddable":true,"href":"https:\/\/miumjau.ee\/fi\/wp-json\/wp\/v2\/product_brand?post=28513"},{"taxonomy":"product_cat","embeddable":true,"href":"https:\/\/miumjau.ee\/fi\/wp-json\/wp\/v2\/product_cat?post=28513"},{"taxonomy":"product_tag","embeddable":true,"href":"https:\/\/miumjau.ee\/fi\/wp-json\/wp\/v2\/product_tag?post=28513"}],"curies":[{"name":"wp","href":"https:\/\/api.w.org\/{rel}","templated":true}]}}