{"id":28507,"date":"2024-11-13T12:10:50","date_gmt":"2024-11-13T10:10:50","guid":{"rendered":"https:\/\/miumjau.ee\/toode\/churu-pops-herkku-kissalle-tonnikalaa-60g\/"},"modified":"2026-01-07T22:55:01","modified_gmt":"2026-01-07T20:55:01","slug":"churu-pops-herkku-kissalle-tonnikalaa-60g","status":"publish","type":"product","link":"https:\/\/miumjau.ee\/fi\/tuote\/churu-pops-herkku-kissalle-tonnikalaa-60g\/","title":{"rendered":"Churu Pops herkku kissalle tonnikalaa 60g"},"content":{"rendered":"","protected":false},"excerpt":{"rendered":"<p>Churu Pops -herkut sis\u00e4lt\u00e4v\u00e4t runsaasti kosteutta, joka on kissasi hyv\u00e4n terveyden kannalta v\u00e4ltt\u00e4m\u00e4t\u00f6nt\u00e4. Ne eiv\u00e4t my\u00f6sk\u00e4\u00e4n sis\u00e4ll\u00e4 viljoja, s\u00e4il\u00f6nt\u00e4aineita tai keinotekoisia v\u00e4riaineita. N\u00e4it\u00e4 voi k\u00e4ytt\u00e4\u00e4 monin tavoin: puristamalla tuubista ja nuoleksimalla tai k\u00e4ytt\u00e4m\u00e4ll\u00e4 kuivaruokalis\u00e4n\u00e4.<\/p>\n<p>Valmistettu luonnollisesta tonnikalasta.<\/p>\n<p>Ilman viljoja, s\u00e4il\u00f6nt\u00e4aineita ja keinotekoisia v\u00e4riaineita.<br \/>\nMehukas rakenne ja suolainen maku.<br \/>\nHerkkuissa on runsaasti kosteutta, joka on kissan hyv\u00e4n terveyden kannalta v\u00e4ltt\u00e4m\u00e4t\u00f6nt\u00e4.<br \/>\nV\u00e4h\u00e4n kaloreita.<br \/>\nUudistava ja interaktiivinen tapa viett\u00e4\u00e4 aikaa lemmikkisi kanssa.<br \/>\nLis\u00e4aineet \/ 1kg: ravintolis\u00e4t: ravintolis\u00e4t: E-vitamiini (3a700) 550 mg. Teknologiset lis\u00e4aineet: agar (E406) 6,7 g, guarkumi (E412) 6,7 g, ksantaanikumma (E415) 1,7 g. Aistilliset lis\u00e4aineet: aromaattiset yhdisteet 11,3 g.<\/p>\n<p>Metabolinen energia: 7 kcal\/ yksi pakkaus.<\/p>\n<p>Ravintosuositukset: K\u00e4yt\u00e4 lis\u00e4n\u00e4. Varmista, ett\u00e4 raikasta juomavett\u00e4 on aina saatavilla. Avauksen j\u00e4lkeen s\u00e4ilyt\u00e4 j\u00e4\u00e4kaapissa ja k\u00e4yt\u00e4 mahdollisimman pian. S\u00e4ilyt\u00e4 viile\u00e4ss\u00e4, kuivassa paikassa suoralta auringonvalolta suojattuna.<\/p>\n","protected":false},"featured_media":24018,"template":"","meta":[],"product_brand":[],"product_cat":[266],"product_tag":[],"class_list":{"0":"post-28507","1":"product","2":"type-product","3":"status-publish","4":"has-post-thumbnail","6":"product_cat-makeiset","8":"first","9":"instock","10":"taxable","11":"shipping-taxable","12":"purchasable","13":"product-type-simple"},"yoast_head":"<!-- This site is optimized with the Yoast SEO plugin v27.4 - https:\/\/yoast.com\/product\/yoast-seo-wordpress\/ -->\n<title>Churu Pops herkku kissalle tonnikalaa 60g - MiuMjau<\/title>\n<meta name=\"description\" content=\"Churu-herkut ovat kissalle todella kiinnostavia ja tarjoavat vaihtelua. Ihanat maut tuovat paljon iloa. Tarjoa my\u00f6s omalle kissallesi kokeiltavaksi!\" \/>\n<meta name=\"robots\" content=\"index, follow, max-snippet:-1, max-image-preview:large, max-video-preview:-1\" \/>\n<link rel=\"canonical\" href=\"https:\/\/miumjau.ee\/tuote\/churu-pops-maius-kassile-tuunikalaga-60g\/\" \/>\n<meta property=\"og:locale\" content=\"fi_FI\" \/>\n<meta property=\"og:type\" content=\"article\" \/>\n<meta property=\"og:title\" content=\"Churu Pops herkku kissalle tonnikalaa 60g - MiuMjau\" \/>\n<meta property=\"og:description\" content=\"Churu-herkut ovat kissalle todella kiinnostavia ja tarjoavat vaihtelua. Ihanat maut tuovat paljon iloa. Tarjoa my\u00f6s omalle kissallesi kokeiltavaksi!\" \/>\n<meta property=\"og:url\" content=\"https:\/\/miumjau.ee\/tuote\/churu-pops-maius-kassile-tuunikalaga-60g\/\" \/>\n<meta property=\"og:site_name\" content=\"MiuMjau\" \/>\n<meta property=\"article:publisher\" content=\"https:\/\/www.facebook.com\/miumjaupood\/\" \/>\n<meta property=\"article:modified_time\" content=\"2026-01-07T20:55:01+00:00\" \/>\n<meta property=\"og:image\" content=\"https:\/\/miumjau.ee\/wp-content\/uploads\/2024\/11\/churu-pops-maius-kassidele2.jpg\" \/>\n\t<meta property=\"og:image:width\" content=\"600\" \/>\n\t<meta property=\"og:image:height\" content=\"800\" \/>\n\t<meta property=\"og:image:type\" content=\"image\/jpeg\" \/>\n<meta name=\"twitter:card\" content=\"summary_large_image\" \/>\n<script type=\"application\/ld+json\" class=\"yoast-schema-graph\">{\"@context\":\"https:\\\/\\\/schema.org\",\"@graph\":[{\"@type\":\"WebPage\",\"@id\":\"https:\\\/\\\/miumjau.ee\\\/tuote\\\/churu-pops-maius-kassile-tuunikalaga-60g\\\/\",\"url\":\"https:\\\/\\\/miumjau.ee\\\/tuote\\\/churu-pops-maius-kassile-tuunikalaga-60g\\\/\",\"name\":\"Churu Pops herkku kissalle tonnikalaa 60g - MiuMjau\",\"isPartOf\":{\"@id\":\"https:\\\/\\\/miumjau.ee\\\/#website\"},\"primaryImageOfPage\":{\"@id\":\"https:\\\/\\\/miumjau.ee\\\/tuote\\\/churu-pops-maius-kassile-tuunikalaga-60g\\\/#primaryimage\"},\"image\":{\"@id\":\"https:\\\/\\\/miumjau.ee\\\/tuote\\\/churu-pops-maius-kassile-tuunikalaga-60g\\\/#primaryimage\"},\"thumbnailUrl\":\"https:\\\/\\\/miumjau.ee\\\/wp-content\\\/uploads\\\/2024\\\/11\\\/churu-pops-maius-kassidele2.jpg\",\"datePublished\":\"2024-11-13T10:10:50+00:00\",\"dateModified\":\"2026-01-07T20:55:01+00:00\",\"description\":\"Churu-herkut ovat kissalle todella kiinnostavia ja tarjoavat vaihtelua. Ihanat maut tuovat paljon iloa. Tarjoa my\u00f6s omalle kissallesi kokeiltavaksi!\",\"breadcrumb\":{\"@id\":\"https:\\\/\\\/miumjau.ee\\\/tuote\\\/churu-pops-maius-kassile-tuunikalaga-60g\\\/#breadcrumb\"},\"inLanguage\":\"fi\",\"potentialAction\":[{\"@type\":\"ReadAction\",\"target\":[\"https:\\\/\\\/miumjau.ee\\\/tuote\\\/churu-pops-maius-kassile-tuunikalaga-60g\\\/\"]}]},{\"@type\":\"ImageObject\",\"inLanguage\":\"fi\",\"@id\":\"https:\\\/\\\/miumjau.ee\\\/tuote\\\/churu-pops-maius-kassile-tuunikalaga-60g\\\/#primaryimage\",\"url\":\"https:\\\/\\\/miumjau.ee\\\/wp-content\\\/uploads\\\/2024\\\/11\\\/churu-pops-maius-kassidele2.jpg\",\"contentUrl\":\"https:\\\/\\\/miumjau.ee\\\/wp-content\\\/uploads\\\/2024\\\/11\\\/churu-pops-maius-kassidele2.jpg\",\"width\":600,\"height\":800,\"caption\":\"Churu Pops maius kassile tuunikalaga 60g\"},{\"@type\":\"BreadcrumbList\",\"@id\":\"https:\\\/\\\/miumjau.ee\\\/tuote\\\/churu-pops-maius-kassile-tuunikalaga-60g\\\/#breadcrumb\",\"itemListElement\":[{\"@type\":\"ListItem\",\"position\":1,\"name\":\"Home\",\"item\":\"https:\\\/\\\/miumjau.ee\\\/fi\\\/\"},{\"@type\":\"ListItem\",\"position\":2,\"name\":\"Kauppa\",\"item\":\"https:\\\/\\\/miumjau.ee\\\/fi\\\/kauppa\\\/\"},{\"@type\":\"ListItem\",\"position\":3,\"name\":\"Churu Pops herkku kissalle tonnikalaa 60g\"}]},{\"@type\":\"WebSite\",\"@id\":\"https:\\\/\\\/miumjau.ee\\\/#website\",\"url\":\"https:\\\/\\\/miumjau.ee\\\/\",\"name\":\"MiuMjau\",\"description\":\"Kraapimispuud kassidele\",\"publisher\":{\"@id\":\"https:\\\/\\\/miumjau.ee\\\/#organization\"},\"potentialAction\":[{\"@type\":\"SearchAction\",\"target\":{\"@type\":\"EntryPoint\",\"urlTemplate\":\"https:\\\/\\\/miumjau.ee\\\/?s={search_term_string}\"},\"query-input\":{\"@type\":\"PropertyValueSpecification\",\"valueRequired\":true,\"valueName\":\"search_term_string\"}}],\"inLanguage\":\"fi\"},{\"@type\":\"Organization\",\"@id\":\"https:\\\/\\\/miumjau.ee\\\/#organization\",\"name\":\"MiuMjau O\u00dc\",\"url\":\"https:\\\/\\\/miumjau.ee\\\/\",\"logo\":{\"@type\":\"ImageObject\",\"inLanguage\":\"fi\",\"@id\":\"https:\\\/\\\/miumjau.ee\\\/#\\\/schema\\\/logo\\\/image\\\/\",\"url\":\"https:\\\/\\\/miumjau.ee\\\/wp-content\\\/uploads\\\/2022\\\/04\\\/MiuMjau-logo-kollane.png\",\"contentUrl\":\"https:\\\/\\\/miumjau.ee\\\/wp-content\\\/uploads\\\/2022\\\/04\\\/MiuMjau-logo-kollane.png\",\"width\":219,\"height\":100,\"caption\":\"MiuMjau O\u00dc\"},\"image\":{\"@id\":\"https:\\\/\\\/miumjau.ee\\\/#\\\/schema\\\/logo\\\/image\\\/\"},\"sameAs\":[\"https:\\\/\\\/www.facebook.com\\\/miumjaupood\\\/\"]}]}<\/script>\n<!-- \/ Yoast SEO plugin. -->","yoast_head_json":{"title":"Churu Pops herkku kissalle tonnikalaa 60g - MiuMjau","description":"Churu-herkut ovat kissalle todella kiinnostavia ja tarjoavat vaihtelua. Ihanat maut tuovat paljon iloa. Tarjoa my\u00f6s omalle kissallesi kokeiltavaksi!","robots":{"index":"index","follow":"follow","max-snippet":"max-snippet:-1","max-image-preview":"max-image-preview:large","max-video-preview":"max-video-preview:-1"},"canonical":"https:\/\/miumjau.ee\/tuote\/churu-pops-maius-kassile-tuunikalaga-60g\/","og_locale":"fi_FI","og_type":"article","og_title":"Churu Pops herkku kissalle tonnikalaa 60g - MiuMjau","og_description":"Churu-herkut ovat kissalle todella kiinnostavia ja tarjoavat vaihtelua. Ihanat maut tuovat paljon iloa. Tarjoa my\u00f6s omalle kissallesi kokeiltavaksi!","og_url":"https:\/\/miumjau.ee\/tuote\/churu-pops-maius-kassile-tuunikalaga-60g\/","og_site_name":"MiuMjau","article_publisher":"https:\/\/www.facebook.com\/miumjaupood\/","article_modified_time":"2026-01-07T20:55:01+00:00","og_image":[{"width":600,"height":800,"url":"https:\/\/miumjau.ee\/wp-content\/uploads\/2024\/11\/churu-pops-maius-kassidele2.jpg","type":"image\/jpeg"}],"twitter_card":"summary_large_image","schema":{"@context":"https:\/\/schema.org","@graph":[{"@type":"WebPage","@id":"https:\/\/miumjau.ee\/tuote\/churu-pops-maius-kassile-tuunikalaga-60g\/","url":"https:\/\/miumjau.ee\/tuote\/churu-pops-maius-kassile-tuunikalaga-60g\/","name":"Churu Pops herkku kissalle tonnikalaa 60g - MiuMjau","isPartOf":{"@id":"https:\/\/miumjau.ee\/#website"},"primaryImageOfPage":{"@id":"https:\/\/miumjau.ee\/tuote\/churu-pops-maius-kassile-tuunikalaga-60g\/#primaryimage"},"image":{"@id":"https:\/\/miumjau.ee\/tuote\/churu-pops-maius-kassile-tuunikalaga-60g\/#primaryimage"},"thumbnailUrl":"https:\/\/miumjau.ee\/wp-content\/uploads\/2024\/11\/churu-pops-maius-kassidele2.jpg","datePublished":"2024-11-13T10:10:50+00:00","dateModified":"2026-01-07T20:55:01+00:00","description":"Churu-herkut ovat kissalle todella kiinnostavia ja tarjoavat vaihtelua. Ihanat maut tuovat paljon iloa. Tarjoa my\u00f6s omalle kissallesi kokeiltavaksi!","breadcrumb":{"@id":"https:\/\/miumjau.ee\/tuote\/churu-pops-maius-kassile-tuunikalaga-60g\/#breadcrumb"},"inLanguage":"fi","potentialAction":[{"@type":"ReadAction","target":["https:\/\/miumjau.ee\/tuote\/churu-pops-maius-kassile-tuunikalaga-60g\/"]}]},{"@type":"ImageObject","inLanguage":"fi","@id":"https:\/\/miumjau.ee\/tuote\/churu-pops-maius-kassile-tuunikalaga-60g\/#primaryimage","url":"https:\/\/miumjau.ee\/wp-content\/uploads\/2024\/11\/churu-pops-maius-kassidele2.jpg","contentUrl":"https:\/\/miumjau.ee\/wp-content\/uploads\/2024\/11\/churu-pops-maius-kassidele2.jpg","width":600,"height":800,"caption":"Churu Pops maius kassile tuunikalaga 60g"},{"@type":"BreadcrumbList","@id":"https:\/\/miumjau.ee\/tuote\/churu-pops-maius-kassile-tuunikalaga-60g\/#breadcrumb","itemListElement":[{"@type":"ListItem","position":1,"name":"Home","item":"https:\/\/miumjau.ee\/fi\/"},{"@type":"ListItem","position":2,"name":"Kauppa","item":"https:\/\/miumjau.ee\/fi\/kauppa\/"},{"@type":"ListItem","position":3,"name":"Churu Pops herkku kissalle tonnikalaa 60g"}]},{"@type":"WebSite","@id":"https:\/\/miumjau.ee\/#website","url":"https:\/\/miumjau.ee\/","name":"MiuMjau","description":"Kraapimispuud kassidele","publisher":{"@id":"https:\/\/miumjau.ee\/#organization"},"potentialAction":[{"@type":"SearchAction","target":{"@type":"EntryPoint","urlTemplate":"https:\/\/miumjau.ee\/?s={search_term_string}"},"query-input":{"@type":"PropertyValueSpecification","valueRequired":true,"valueName":"search_term_string"}}],"inLanguage":"fi"},{"@type":"Organization","@id":"https:\/\/miumjau.ee\/#organization","name":"MiuMjau O\u00dc","url":"https:\/\/miumjau.ee\/","logo":{"@type":"ImageObject","inLanguage":"fi","@id":"https:\/\/miumjau.ee\/#\/schema\/logo\/image\/","url":"https:\/\/miumjau.ee\/wp-content\/uploads\/2022\/04\/MiuMjau-logo-kollane.png","contentUrl":"https:\/\/miumjau.ee\/wp-content\/uploads\/2022\/04\/MiuMjau-logo-kollane.png","width":219,"height":100,"caption":"MiuMjau O\u00dc"},"image":{"@id":"https:\/\/miumjau.ee\/#\/schema\/logo\/image\/"},"sameAs":["https:\/\/www.facebook.com\/miumjaupood\/"]}]}},"_links":{"self":[{"href":"https:\/\/miumjau.ee\/fi\/wp-json\/wp\/v2\/product\/28507","targetHints":{"allow":["GET"]}}],"collection":[{"href":"https:\/\/miumjau.ee\/fi\/wp-json\/wp\/v2\/product"}],"about":[{"href":"https:\/\/miumjau.ee\/fi\/wp-json\/wp\/v2\/types\/product"}],"wp:featuredmedia":[{"embeddable":true,"href":"https:\/\/miumjau.ee\/fi\/wp-json\/wp\/v2\/media\/24018"}],"wp:attachment":[{"href":"https:\/\/miumjau.ee\/fi\/wp-json\/wp\/v2\/media?parent=28507"}],"wp:term":[{"taxonomy":"product_brand","embeddable":true,"href":"https:\/\/miumjau.ee\/fi\/wp-json\/wp\/v2\/product_brand?post=28507"},{"taxonomy":"product_cat","embeddable":true,"href":"https:\/\/miumjau.ee\/fi\/wp-json\/wp\/v2\/product_cat?post=28507"},{"taxonomy":"product_tag","embeddable":true,"href":"https:\/\/miumjau.ee\/fi\/wp-json\/wp\/v2\/product_tag?post=28507"}],"curies":[{"name":"wp","href":"https:\/\/api.w.org\/{rel}","templated":true}]}}