{"id":28501,"date":"2024-12-20T19:06:07","date_gmt":"2024-12-20T17:06:07","guid":{"rendered":"https:\/\/miumjau.ee\/toode\/churu-nestemaisten-herkkupalojen-assorti-kana-60x14g\/"},"modified":"2026-01-07T22:55:08","modified_gmt":"2026-01-07T20:55:08","slug":"churu-nestemaisten-herkkupalojen-assorti-kana-60x14g","status":"publish","type":"product","link":"https:\/\/miumjau.ee\/fi\/tuote\/churu-nestemaisten-herkkupalojen-assorti-kana-60x14g\/","title":{"rendered":"Churu nestem\u00e4isten herkkupalojen assorti kana, 60x14g"},"content":{"rendered":"","protected":false},"excerpt":{"rendered":"<p>Iloitse kissasi herkullisilla ja mehukkailla Churu nestem\u00e4isill\u00e4 herkuilla. Onko sinulla useita kissoja ja ruokakulut ovat suuret? Haluatko vain tarjota kissallesi vaihtelua? Monipakkaus pit\u00e4\u00e4 parhaat palat aina k\u00e4den ulottuvilla ruokakellarissasi! Voita rakas lemmikkisi syd\u00e4n huolehtimalla h\u00e4nest\u00e4.<\/p>\n<p>Kana resepti: Vesi, kana, tapiokajauho, luonnolliset maut, luonnollinen kampasimpukan maku, guarkumi, E-vitamiini lis\u00e4aine, tauriini, vihre\u00e4n teen uute<br \/>\nKana ja kampasimpukka resepti: Vesi, kana, tapiokajauho, kampasimpukka, luonnolliset maut, luonnollinen kampasimpukan maku, guarkumi, E-vitamiini lis\u00e4aine, tauriini, vihre\u00e4n teen uute<br \/>\nKana ja juusto resepti: Vesi, kanaliha, juusto (maito, vesi, fosforihappo), tapiokajauho, luonnolliset maut, luonnollinen kana maku, guarkumi, E-vitamiini lis\u00e4aine, tauriini, vihre\u00e4n teen uute<br \/>\nKana ja naudanliha resepti: Vesi, kana, tapiokajauho, naudanliha, luonnolliset maut, luonnollinen kana maku, guarkumi, E-vitamiini lis\u00e4aine, tauriini, vihre\u00e4n teen uute<br \/>\nKana, naudanliha ja juusto resepti: Vesi, kanaliha, juusto (maito, vesi, fosforihappo), tapiokajauho, naudanliha, luonnolliset maut, luonnollinen kana maku, guarkumi, E-vitamiini lis\u00e4aine, tauriini, vihre\u00e4n teen uute<br \/>\nKana ja lohi resepti: Vesi, kana, tapiokajauho, lohi, luonnolliset maut, luonnollinen kampasimpukan maku, guarkumi, E-vitamiini lis\u00e4aine, tauriini, vihre\u00e4n teen uute<\/p>\n<p>Analyysikoostumus: Raakaproteiini (min) 7,00%, Raakasaha (min) 0,20%, Raakakuitu (max) 0,30%, Kosteus (max) 91,00%, E-vitamiini (min) 310 IU\/kg, Tauriini (min) 0,025%<\/p>\n","protected":false},"featured_media":25665,"template":"","meta":[],"product_brand":[],"product_cat":[266],"product_tag":[],"class_list":{"0":"post-28501","1":"product","2":"type-product","3":"status-publish","4":"has-post-thumbnail","6":"product_cat-makeiset","8":"first","9":"instock","10":"sale","11":"taxable","12":"shipping-taxable","13":"purchasable","14":"product-type-simple"},"yoast_head":"<!-- This site is optimized with the Yoast SEO plugin v27.2 - https:\/\/yoast.com\/product\/yoast-seo-wordpress\/ -->\n<title>Churu nestem\u00e4isten herkkupalojen assorti kana, 60x14g - MiuMjau<\/title>\n<meta name=\"description\" content=\"Churu-riippuvuutta aiheuttavat herkut ovat todella maukkaita ja mehukkaita. Iloitse kissasi j\u00e4nnitt\u00e4vill\u00e4 makuyhdistelmill\u00e4. Mik\u00e4 on kissasi suosikki?\" \/>\n<meta name=\"robots\" content=\"index, follow, max-snippet:-1, max-image-preview:large, max-video-preview:-1\" \/>\n<link rel=\"canonical\" href=\"https:\/\/miumjau.ee\/tuote\/churu-vedelmaiuste-assortii-kanaga-60x14g\/\" \/>\n<meta property=\"og:locale\" content=\"fi_FI\" \/>\n<meta property=\"og:type\" content=\"article\" \/>\n<meta property=\"og:title\" content=\"Churu nestem\u00e4isten herkkupalojen assorti kana, 60x14g - MiuMjau\" \/>\n<meta property=\"og:description\" content=\"Churu-riippuvuutta aiheuttavat herkut ovat todella maukkaita ja mehukkaita. Iloitse kissasi j\u00e4nnitt\u00e4vill\u00e4 makuyhdistelmill\u00e4. Mik\u00e4 on kissasi suosikki?\" \/>\n<meta property=\"og:url\" content=\"https:\/\/miumjau.ee\/tuote\/churu-vedelmaiuste-assortii-kanaga-60x14g\/\" \/>\n<meta property=\"og:site_name\" content=\"MiuMjau\" \/>\n<meta property=\"article:publisher\" content=\"https:\/\/www.facebook.com\/miumjaupood\/\" \/>\n<meta property=\"article:modified_time\" content=\"2026-01-07T20:55:08+00:00\" \/>\n<meta property=\"og:image\" content=\"https:\/\/miumjau.ee\/wp-content\/uploads\/2024\/12\/churu-vedelmaiuste-valikpakk3.jpg\" \/>\n\t<meta property=\"og:image:width\" content=\"600\" \/>\n\t<meta property=\"og:image:height\" content=\"800\" \/>\n\t<meta property=\"og:image:type\" content=\"image\/jpeg\" \/>\n<meta name=\"twitter:card\" content=\"summary_large_image\" \/>\n<script type=\"application\/ld+json\" class=\"yoast-schema-graph\">{\"@context\":\"https:\/\/schema.org\",\"@graph\":[{\"@type\":\"WebPage\",\"@id\":\"https:\/\/miumjau.ee\/tuote\/churu-vedelmaiuste-assortii-kanaga-60x14g\/\",\"url\":\"https:\/\/miumjau.ee\/tuote\/churu-vedelmaiuste-assortii-kanaga-60x14g\/\",\"name\":\"Churu nestem\u00e4isten herkkupalojen assorti kana, 60x14g - MiuMjau\",\"isPartOf\":{\"@id\":\"https:\/\/miumjau.ee\/#website\"},\"primaryImageOfPage\":{\"@id\":\"https:\/\/miumjau.ee\/tuote\/churu-vedelmaiuste-assortii-kanaga-60x14g\/#primaryimage\"},\"image\":{\"@id\":\"https:\/\/miumjau.ee\/tuote\/churu-vedelmaiuste-assortii-kanaga-60x14g\/#primaryimage\"},\"thumbnailUrl\":\"https:\/\/miumjau.ee\/wp-content\/uploads\/2024\/12\/churu-vedelmaiuste-valikpakk3.jpg\",\"datePublished\":\"2024-12-20T17:06:07+00:00\",\"dateModified\":\"2026-01-07T20:55:08+00:00\",\"description\":\"Churu-riippuvuutta aiheuttavat herkut ovat todella maukkaita ja mehukkaita. Iloitse kissasi j\u00e4nnitt\u00e4vill\u00e4 makuyhdistelmill\u00e4. Mik\u00e4 on kissasi suosikki?\",\"breadcrumb\":{\"@id\":\"https:\/\/miumjau.ee\/tuote\/churu-vedelmaiuste-assortii-kanaga-60x14g\/#breadcrumb\"},\"inLanguage\":\"fi\",\"potentialAction\":[{\"@type\":\"ReadAction\",\"target\":[\"https:\/\/miumjau.ee\/tuote\/churu-vedelmaiuste-assortii-kanaga-60x14g\/\"]}]},{\"@type\":\"ImageObject\",\"inLanguage\":\"fi\",\"@id\":\"https:\/\/miumjau.ee\/tuote\/churu-vedelmaiuste-assortii-kanaga-60x14g\/#primaryimage\",\"url\":\"https:\/\/miumjau.ee\/wp-content\/uploads\/2024\/12\/churu-vedelmaiuste-valikpakk3.jpg\",\"contentUrl\":\"https:\/\/miumjau.ee\/wp-content\/uploads\/2024\/12\/churu-vedelmaiuste-valikpakk3.jpg\",\"width\":600,\"height\":800,\"caption\":\"Churu vedelmaiuste assortii kanaga, 60x14g\"},{\"@type\":\"BreadcrumbList\",\"@id\":\"https:\/\/miumjau.ee\/tuote\/churu-vedelmaiuste-assortii-kanaga-60x14g\/#breadcrumb\",\"itemListElement\":[{\"@type\":\"ListItem\",\"position\":1,\"name\":\"Home\",\"item\":\"https:\/\/miumjau.ee\/fi\/\"},{\"@type\":\"ListItem\",\"position\":2,\"name\":\"Kauppa\",\"item\":\"https:\/\/miumjau.ee\/fi\/kauppa\/\"},{\"@type\":\"ListItem\",\"position\":3,\"name\":\"Churu nestem\u00e4isten herkkupalojen assorti kana, 60x14g\"}]},{\"@type\":\"WebSite\",\"@id\":\"https:\/\/miumjau.ee\/#website\",\"url\":\"https:\/\/miumjau.ee\/\",\"name\":\"MiuMjau\",\"description\":\"Kraapimispuud kassidele\",\"publisher\":{\"@id\":\"https:\/\/miumjau.ee\/#organization\"},\"potentialAction\":[{\"@type\":\"SearchAction\",\"target\":{\"@type\":\"EntryPoint\",\"urlTemplate\":\"https:\/\/miumjau.ee\/?s={search_term_string}\"},\"query-input\":{\"@type\":\"PropertyValueSpecification\",\"valueRequired\":true,\"valueName\":\"search_term_string\"}}],\"inLanguage\":\"fi\"},{\"@type\":\"Organization\",\"@id\":\"https:\/\/miumjau.ee\/#organization\",\"name\":\"MiuMjau O\u00dc\",\"url\":\"https:\/\/miumjau.ee\/\",\"logo\":{\"@type\":\"ImageObject\",\"inLanguage\":\"fi\",\"@id\":\"https:\/\/miumjau.ee\/#\/schema\/logo\/image\/\",\"url\":\"https:\/\/miumjau.ee\/wp-content\/uploads\/2022\/04\/MiuMjau-logo-kollane.png\",\"contentUrl\":\"https:\/\/miumjau.ee\/wp-content\/uploads\/2022\/04\/MiuMjau-logo-kollane.png\",\"width\":219,\"height\":100,\"caption\":\"MiuMjau O\u00dc\"},\"image\":{\"@id\":\"https:\/\/miumjau.ee\/#\/schema\/logo\/image\/\"},\"sameAs\":[\"https:\/\/www.facebook.com\/miumjaupood\/\"]}]}<\/script>\n<!-- \/ Yoast SEO plugin. -->","yoast_head_json":{"title":"Churu nestem\u00e4isten herkkupalojen assorti kana, 60x14g - MiuMjau","description":"Churu-riippuvuutta aiheuttavat herkut ovat todella maukkaita ja mehukkaita. Iloitse kissasi j\u00e4nnitt\u00e4vill\u00e4 makuyhdistelmill\u00e4. Mik\u00e4 on kissasi suosikki?","robots":{"index":"index","follow":"follow","max-snippet":"max-snippet:-1","max-image-preview":"max-image-preview:large","max-video-preview":"max-video-preview:-1"},"canonical":"https:\/\/miumjau.ee\/tuote\/churu-vedelmaiuste-assortii-kanaga-60x14g\/","og_locale":"fi_FI","og_type":"article","og_title":"Churu nestem\u00e4isten herkkupalojen assorti kana, 60x14g - MiuMjau","og_description":"Churu-riippuvuutta aiheuttavat herkut ovat todella maukkaita ja mehukkaita. Iloitse kissasi j\u00e4nnitt\u00e4vill\u00e4 makuyhdistelmill\u00e4. Mik\u00e4 on kissasi suosikki?","og_url":"https:\/\/miumjau.ee\/tuote\/churu-vedelmaiuste-assortii-kanaga-60x14g\/","og_site_name":"MiuMjau","article_publisher":"https:\/\/www.facebook.com\/miumjaupood\/","article_modified_time":"2026-01-07T20:55:08+00:00","og_image":[{"width":600,"height":800,"url":"https:\/\/miumjau.ee\/wp-content\/uploads\/2024\/12\/churu-vedelmaiuste-valikpakk3.jpg","type":"image\/jpeg"}],"twitter_card":"summary_large_image","schema":{"@context":"https:\/\/schema.org","@graph":[{"@type":"WebPage","@id":"https:\/\/miumjau.ee\/tuote\/churu-vedelmaiuste-assortii-kanaga-60x14g\/","url":"https:\/\/miumjau.ee\/tuote\/churu-vedelmaiuste-assortii-kanaga-60x14g\/","name":"Churu nestem\u00e4isten herkkupalojen assorti kana, 60x14g - MiuMjau","isPartOf":{"@id":"https:\/\/miumjau.ee\/#website"},"primaryImageOfPage":{"@id":"https:\/\/miumjau.ee\/tuote\/churu-vedelmaiuste-assortii-kanaga-60x14g\/#primaryimage"},"image":{"@id":"https:\/\/miumjau.ee\/tuote\/churu-vedelmaiuste-assortii-kanaga-60x14g\/#primaryimage"},"thumbnailUrl":"https:\/\/miumjau.ee\/wp-content\/uploads\/2024\/12\/churu-vedelmaiuste-valikpakk3.jpg","datePublished":"2024-12-20T17:06:07+00:00","dateModified":"2026-01-07T20:55:08+00:00","description":"Churu-riippuvuutta aiheuttavat herkut ovat todella maukkaita ja mehukkaita. Iloitse kissasi j\u00e4nnitt\u00e4vill\u00e4 makuyhdistelmill\u00e4. Mik\u00e4 on kissasi suosikki?","breadcrumb":{"@id":"https:\/\/miumjau.ee\/tuote\/churu-vedelmaiuste-assortii-kanaga-60x14g\/#breadcrumb"},"inLanguage":"fi","potentialAction":[{"@type":"ReadAction","target":["https:\/\/miumjau.ee\/tuote\/churu-vedelmaiuste-assortii-kanaga-60x14g\/"]}]},{"@type":"ImageObject","inLanguage":"fi","@id":"https:\/\/miumjau.ee\/tuote\/churu-vedelmaiuste-assortii-kanaga-60x14g\/#primaryimage","url":"https:\/\/miumjau.ee\/wp-content\/uploads\/2024\/12\/churu-vedelmaiuste-valikpakk3.jpg","contentUrl":"https:\/\/miumjau.ee\/wp-content\/uploads\/2024\/12\/churu-vedelmaiuste-valikpakk3.jpg","width":600,"height":800,"caption":"Churu vedelmaiuste assortii kanaga, 60x14g"},{"@type":"BreadcrumbList","@id":"https:\/\/miumjau.ee\/tuote\/churu-vedelmaiuste-assortii-kanaga-60x14g\/#breadcrumb","itemListElement":[{"@type":"ListItem","position":1,"name":"Home","item":"https:\/\/miumjau.ee\/fi\/"},{"@type":"ListItem","position":2,"name":"Kauppa","item":"https:\/\/miumjau.ee\/fi\/kauppa\/"},{"@type":"ListItem","position":3,"name":"Churu nestem\u00e4isten herkkupalojen assorti kana, 60x14g"}]},{"@type":"WebSite","@id":"https:\/\/miumjau.ee\/#website","url":"https:\/\/miumjau.ee\/","name":"MiuMjau","description":"Kraapimispuud kassidele","publisher":{"@id":"https:\/\/miumjau.ee\/#organization"},"potentialAction":[{"@type":"SearchAction","target":{"@type":"EntryPoint","urlTemplate":"https:\/\/miumjau.ee\/?s={search_term_string}"},"query-input":{"@type":"PropertyValueSpecification","valueRequired":true,"valueName":"search_term_string"}}],"inLanguage":"fi"},{"@type":"Organization","@id":"https:\/\/miumjau.ee\/#organization","name":"MiuMjau O\u00dc","url":"https:\/\/miumjau.ee\/","logo":{"@type":"ImageObject","inLanguage":"fi","@id":"https:\/\/miumjau.ee\/#\/schema\/logo\/image\/","url":"https:\/\/miumjau.ee\/wp-content\/uploads\/2022\/04\/MiuMjau-logo-kollane.png","contentUrl":"https:\/\/miumjau.ee\/wp-content\/uploads\/2022\/04\/MiuMjau-logo-kollane.png","width":219,"height":100,"caption":"MiuMjau O\u00dc"},"image":{"@id":"https:\/\/miumjau.ee\/#\/schema\/logo\/image\/"},"sameAs":["https:\/\/www.facebook.com\/miumjaupood\/"]}]}},"_links":{"self":[{"href":"https:\/\/miumjau.ee\/fi\/wp-json\/wp\/v2\/product\/28501","targetHints":{"allow":["GET"]}}],"collection":[{"href":"https:\/\/miumjau.ee\/fi\/wp-json\/wp\/v2\/product"}],"about":[{"href":"https:\/\/miumjau.ee\/fi\/wp-json\/wp\/v2\/types\/product"}],"wp:featuredmedia":[{"embeddable":true,"href":"https:\/\/miumjau.ee\/fi\/wp-json\/wp\/v2\/media\/25665"}],"wp:attachment":[{"href":"https:\/\/miumjau.ee\/fi\/wp-json\/wp\/v2\/media?parent=28501"}],"wp:term":[{"taxonomy":"product_brand","embeddable":true,"href":"https:\/\/miumjau.ee\/fi\/wp-json\/wp\/v2\/product_brand?post=28501"},{"taxonomy":"product_cat","embeddable":true,"href":"https:\/\/miumjau.ee\/fi\/wp-json\/wp\/v2\/product_cat?post=28501"},{"taxonomy":"product_tag","embeddable":true,"href":"https:\/\/miumjau.ee\/fi\/wp-json\/wp\/v2\/product_tag?post=28501"}],"curies":[{"name":"wp","href":"https:\/\/api.w.org\/{rel}","templated":true}]}}