{"id":28500,"date":"2024-12-20T18:56:05","date_gmt":"2024-12-20T16:56:05","guid":{"rendered":"https:\/\/miumjau.ee\/toode\/churu-nestemaisten-herkkupalojen-assorti-kana-20x14g\/"},"modified":"2026-01-07T22:55:08","modified_gmt":"2026-01-07T20:55:08","slug":"churu-nestemaisten-herkkupalojen-assorti-kana-20x14g","status":"publish","type":"product","link":"https:\/\/miumjau.ee\/fi\/tuote\/churu-nestemaisten-herkkupalojen-assorti-kana-20x14g\/","title":{"rendered":"Churu nestem\u00e4isten herkkupalojen assorti kana, 20x14g"},"content":{"rendered":"","protected":false},"excerpt":{"rendered":"<p>VALMISTETTU LUOTETTAVISTA JA TERVEELLISIST\u00c4 AINEOSISTA: Jokainen Inaba-tuote on valmistettu maukkaista ja laadukkaista raaka-aineista, kuten tilalla kasvatetusta kanasta ja\/tai luonnosta pyydetyst\u00e4 tonnikalasta.<br \/>\nJokainen herkullinen, kermainen Churu-pakkaus sis\u00e4lt\u00e4\u00e4 91 % kosteutta ja vain kuusi kaloria (kymmenen kertaa v\u00e4hemm\u00e4n kuin perinteisiss\u00e4 kuivissa kissaherkuissa), mik\u00e4 tekee siit\u00e4 terveellisen v\u00e4lipalan, jonka sy\u00f6tt\u00e4minen saa kissan tuntemaan itsens\u00e4 hyv\u00e4ksi.<br \/>\nEI HUONOA AINESTA: Kissasi yst\u00e4v\u00e4 on meille t\u00e4rke\u00e4, joten olemme j\u00e4tt\u00e4nyt pois huonot asiat, kuten viljat, s\u00e4il\u00f6nt\u00e4aineet, keinotekoiset v\u00e4riaineet ja karrageenin. Sen sijaan olemme lis\u00e4nneet asioita, kuten tauriinia, joka tukee kissasi yleist\u00e4 terveytt\u00e4.<br \/>\nSY\u00d6TK\u00c4\u00c4 HEID\u00c4T K\u00c4DEST\u00c4: N\u00e4m\u00e4 kissanpuretut, kermassa olevat lihaputket on suunniteltu sy\u00f6tett\u00e4v\u00e4ksi k\u00e4sin, jotta voit viett\u00e4\u00e4 aikaa kissasi kanssa interaktiivisesti. Voit k\u00e4ytt\u00e4\u00e4 niit\u00e4 my\u00f6s m\u00e4r\u00e4n\/kuivan kissanruoan p\u00e4\u00e4llyst\u00e4miseen tai l\u00e4\u00e4kkeiden peitt\u00e4miseen.<\/p>\n<p>KARTONKIRUUN 20kpl:<br \/>\nKana resepti x5 putkea: Vesi, kana, tapiokajauho, luonnolliset maut, luonnollinen kampasimpukan maku, guarkumi, E-vitamiini lis\u00e4aine, tauriini, vihre\u00e4n teen uute<br \/>\nKana ja kampasimpukka resepti x5 putkea: Vesi, kana, tapiokajauho, kampasimpukka, luonnolliset maut, luonnollinen kampasimpukan maku, guarkumi, E-vitamiini lis\u00e4aine, tauriini, vihre\u00e4n teen uute<br \/>\nKana ja juusto resepti x5 putkea: Vesi, kanaliha, juusto (maito, vesi, fosforihappo), tapiokajauho, luonnolliset maut, luonnollinen kana maku, guarkumi, E-vitamiini lis\u00e4aine, tauriini, vihre\u00e4n teen uute<br \/>\nKana ja rapu resepti x5 putkea: Vesi, kana, tapiokajauho, luonnolliset maut, luonnollinen rapumaku, guarkumi, E-vitamiini lis\u00e4aine, tauriini, vihre\u00e4n teen uute<\/p>\n<p>Analyysikoostumus: Raakaproteiini (min) 7,00%, Raakasaha (min) 0,20%, Raakakuitu (max) 0,30%, Kosteus (max) 91,00%, E-vitamiini (min) 310 IU\/kg, Tauriini (min) 0,025%<\/p>\n","protected":false},"featured_media":25657,"template":"","meta":[],"product_brand":[],"product_cat":[266],"product_tag":[],"class_list":{"0":"post-28500","1":"product","2":"type-product","3":"status-publish","4":"has-post-thumbnail","6":"product_cat-makeiset","8":"first","9":"instock","10":"taxable","11":"shipping-taxable","12":"purchasable","13":"product-type-simple"},"yoast_head":"<!-- This site is optimized with the Yoast SEO plugin v27.2 - https:\/\/yoast.com\/product\/yoast-seo-wordpress\/ -->\n<title>Churu nestem\u00e4isten herkkupalojen assorti kana, 20x14g - MiuMjau<\/title>\n<meta name=\"description\" content=\"Churu-riippuvuutta aiheuttavat herkut ovat todella maukkaita ja mehukkaita. Iloitse kissasi j\u00e4nnitt\u00e4vill\u00e4 makuyhdistelmill\u00e4. Mik\u00e4 on kissasi suosikki?\" \/>\n<meta name=\"robots\" content=\"index, follow, max-snippet:-1, max-image-preview:large, max-video-preview:-1\" \/>\n<link rel=\"canonical\" href=\"https:\/\/miumjau.ee\/tuote\/churu-vedelmaiuste-assortii-kanaga-20x14g\/\" \/>\n<meta property=\"og:locale\" content=\"fi_FI\" \/>\n<meta property=\"og:type\" content=\"article\" \/>\n<meta property=\"og:title\" content=\"Churu nestem\u00e4isten herkkupalojen assorti kana, 20x14g - MiuMjau\" \/>\n<meta property=\"og:description\" content=\"Churu-riippuvuutta aiheuttavat herkut ovat todella maukkaita ja mehukkaita. Iloitse kissasi j\u00e4nnitt\u00e4vill\u00e4 makuyhdistelmill\u00e4. Mik\u00e4 on kissasi suosikki?\" \/>\n<meta property=\"og:url\" content=\"https:\/\/miumjau.ee\/tuote\/churu-vedelmaiuste-assortii-kanaga-20x14g\/\" \/>\n<meta property=\"og:site_name\" content=\"MiuMjau\" \/>\n<meta property=\"article:publisher\" content=\"https:\/\/www.facebook.com\/miumjaupood\/\" \/>\n<meta property=\"article:modified_time\" content=\"2026-01-07T20:55:08+00:00\" \/>\n<meta property=\"og:image\" content=\"https:\/\/miumjau.ee\/wp-content\/uploads\/2024\/12\/churu-vedelmaiuste-valikpakk1.jpg\" \/>\n\t<meta property=\"og:image:width\" content=\"600\" \/>\n\t<meta property=\"og:image:height\" content=\"800\" \/>\n\t<meta property=\"og:image:type\" content=\"image\/jpeg\" \/>\n<meta name=\"twitter:card\" content=\"summary_large_image\" \/>\n<script type=\"application\/ld+json\" class=\"yoast-schema-graph\">{\"@context\":\"https:\/\/schema.org\",\"@graph\":[{\"@type\":\"WebPage\",\"@id\":\"https:\/\/miumjau.ee\/tuote\/churu-vedelmaiuste-assortii-kanaga-20x14g\/\",\"url\":\"https:\/\/miumjau.ee\/tuote\/churu-vedelmaiuste-assortii-kanaga-20x14g\/\",\"name\":\"Churu nestem\u00e4isten herkkupalojen assorti kana, 20x14g - MiuMjau\",\"isPartOf\":{\"@id\":\"https:\/\/miumjau.ee\/#website\"},\"primaryImageOfPage\":{\"@id\":\"https:\/\/miumjau.ee\/tuote\/churu-vedelmaiuste-assortii-kanaga-20x14g\/#primaryimage\"},\"image\":{\"@id\":\"https:\/\/miumjau.ee\/tuote\/churu-vedelmaiuste-assortii-kanaga-20x14g\/#primaryimage\"},\"thumbnailUrl\":\"https:\/\/miumjau.ee\/wp-content\/uploads\/2024\/12\/churu-vedelmaiuste-valikpakk1.jpg\",\"datePublished\":\"2024-12-20T16:56:05+00:00\",\"dateModified\":\"2026-01-07T20:55:08+00:00\",\"description\":\"Churu-riippuvuutta aiheuttavat herkut ovat todella maukkaita ja mehukkaita. Iloitse kissasi j\u00e4nnitt\u00e4vill\u00e4 makuyhdistelmill\u00e4. Mik\u00e4 on kissasi suosikki?\",\"breadcrumb\":{\"@id\":\"https:\/\/miumjau.ee\/tuote\/churu-vedelmaiuste-assortii-kanaga-20x14g\/#breadcrumb\"},\"inLanguage\":\"fi\",\"potentialAction\":[{\"@type\":\"ReadAction\",\"target\":[\"https:\/\/miumjau.ee\/tuote\/churu-vedelmaiuste-assortii-kanaga-20x14g\/\"]}]},{\"@type\":\"ImageObject\",\"inLanguage\":\"fi\",\"@id\":\"https:\/\/miumjau.ee\/tuote\/churu-vedelmaiuste-assortii-kanaga-20x14g\/#primaryimage\",\"url\":\"https:\/\/miumjau.ee\/wp-content\/uploads\/2024\/12\/churu-vedelmaiuste-valikpakk1.jpg\",\"contentUrl\":\"https:\/\/miumjau.ee\/wp-content\/uploads\/2024\/12\/churu-vedelmaiuste-valikpakk1.jpg\",\"width\":600,\"height\":800,\"caption\":\"Churu vedelmaiuste assortii kanaga, 20x14g\"},{\"@type\":\"BreadcrumbList\",\"@id\":\"https:\/\/miumjau.ee\/tuote\/churu-vedelmaiuste-assortii-kanaga-20x14g\/#breadcrumb\",\"itemListElement\":[{\"@type\":\"ListItem\",\"position\":1,\"name\":\"Home\",\"item\":\"https:\/\/miumjau.ee\/fi\/\"},{\"@type\":\"ListItem\",\"position\":2,\"name\":\"Kauppa\",\"item\":\"https:\/\/miumjau.ee\/fi\/kauppa\/\"},{\"@type\":\"ListItem\",\"position\":3,\"name\":\"Churu nestem\u00e4isten herkkupalojen assorti kana, 20x14g\"}]},{\"@type\":\"WebSite\",\"@id\":\"https:\/\/miumjau.ee\/#website\",\"url\":\"https:\/\/miumjau.ee\/\",\"name\":\"MiuMjau\",\"description\":\"Kraapimispuud kassidele\",\"publisher\":{\"@id\":\"https:\/\/miumjau.ee\/#organization\"},\"potentialAction\":[{\"@type\":\"SearchAction\",\"target\":{\"@type\":\"EntryPoint\",\"urlTemplate\":\"https:\/\/miumjau.ee\/?s={search_term_string}\"},\"query-input\":{\"@type\":\"PropertyValueSpecification\",\"valueRequired\":true,\"valueName\":\"search_term_string\"}}],\"inLanguage\":\"fi\"},{\"@type\":\"Organization\",\"@id\":\"https:\/\/miumjau.ee\/#organization\",\"name\":\"MiuMjau O\u00dc\",\"url\":\"https:\/\/miumjau.ee\/\",\"logo\":{\"@type\":\"ImageObject\",\"inLanguage\":\"fi\",\"@id\":\"https:\/\/miumjau.ee\/#\/schema\/logo\/image\/\",\"url\":\"https:\/\/miumjau.ee\/wp-content\/uploads\/2022\/04\/MiuMjau-logo-kollane.png\",\"contentUrl\":\"https:\/\/miumjau.ee\/wp-content\/uploads\/2022\/04\/MiuMjau-logo-kollane.png\",\"width\":219,\"height\":100,\"caption\":\"MiuMjau O\u00dc\"},\"image\":{\"@id\":\"https:\/\/miumjau.ee\/#\/schema\/logo\/image\/\"},\"sameAs\":[\"https:\/\/www.facebook.com\/miumjaupood\/\"]}]}<\/script>\n<!-- \/ Yoast SEO plugin. -->","yoast_head_json":{"title":"Churu nestem\u00e4isten herkkupalojen assorti kana, 20x14g - MiuMjau","description":"Churu-riippuvuutta aiheuttavat herkut ovat todella maukkaita ja mehukkaita. Iloitse kissasi j\u00e4nnitt\u00e4vill\u00e4 makuyhdistelmill\u00e4. Mik\u00e4 on kissasi suosikki?","robots":{"index":"index","follow":"follow","max-snippet":"max-snippet:-1","max-image-preview":"max-image-preview:large","max-video-preview":"max-video-preview:-1"},"canonical":"https:\/\/miumjau.ee\/tuote\/churu-vedelmaiuste-assortii-kanaga-20x14g\/","og_locale":"fi_FI","og_type":"article","og_title":"Churu nestem\u00e4isten herkkupalojen assorti kana, 20x14g - MiuMjau","og_description":"Churu-riippuvuutta aiheuttavat herkut ovat todella maukkaita ja mehukkaita. Iloitse kissasi j\u00e4nnitt\u00e4vill\u00e4 makuyhdistelmill\u00e4. Mik\u00e4 on kissasi suosikki?","og_url":"https:\/\/miumjau.ee\/tuote\/churu-vedelmaiuste-assortii-kanaga-20x14g\/","og_site_name":"MiuMjau","article_publisher":"https:\/\/www.facebook.com\/miumjaupood\/","article_modified_time":"2026-01-07T20:55:08+00:00","og_image":[{"width":600,"height":800,"url":"https:\/\/miumjau.ee\/wp-content\/uploads\/2024\/12\/churu-vedelmaiuste-valikpakk1.jpg","type":"image\/jpeg"}],"twitter_card":"summary_large_image","schema":{"@context":"https:\/\/schema.org","@graph":[{"@type":"WebPage","@id":"https:\/\/miumjau.ee\/tuote\/churu-vedelmaiuste-assortii-kanaga-20x14g\/","url":"https:\/\/miumjau.ee\/tuote\/churu-vedelmaiuste-assortii-kanaga-20x14g\/","name":"Churu nestem\u00e4isten herkkupalojen assorti kana, 20x14g - MiuMjau","isPartOf":{"@id":"https:\/\/miumjau.ee\/#website"},"primaryImageOfPage":{"@id":"https:\/\/miumjau.ee\/tuote\/churu-vedelmaiuste-assortii-kanaga-20x14g\/#primaryimage"},"image":{"@id":"https:\/\/miumjau.ee\/tuote\/churu-vedelmaiuste-assortii-kanaga-20x14g\/#primaryimage"},"thumbnailUrl":"https:\/\/miumjau.ee\/wp-content\/uploads\/2024\/12\/churu-vedelmaiuste-valikpakk1.jpg","datePublished":"2024-12-20T16:56:05+00:00","dateModified":"2026-01-07T20:55:08+00:00","description":"Churu-riippuvuutta aiheuttavat herkut ovat todella maukkaita ja mehukkaita. Iloitse kissasi j\u00e4nnitt\u00e4vill\u00e4 makuyhdistelmill\u00e4. Mik\u00e4 on kissasi suosikki?","breadcrumb":{"@id":"https:\/\/miumjau.ee\/tuote\/churu-vedelmaiuste-assortii-kanaga-20x14g\/#breadcrumb"},"inLanguage":"fi","potentialAction":[{"@type":"ReadAction","target":["https:\/\/miumjau.ee\/tuote\/churu-vedelmaiuste-assortii-kanaga-20x14g\/"]}]},{"@type":"ImageObject","inLanguage":"fi","@id":"https:\/\/miumjau.ee\/tuote\/churu-vedelmaiuste-assortii-kanaga-20x14g\/#primaryimage","url":"https:\/\/miumjau.ee\/wp-content\/uploads\/2024\/12\/churu-vedelmaiuste-valikpakk1.jpg","contentUrl":"https:\/\/miumjau.ee\/wp-content\/uploads\/2024\/12\/churu-vedelmaiuste-valikpakk1.jpg","width":600,"height":800,"caption":"Churu vedelmaiuste assortii kanaga, 20x14g"},{"@type":"BreadcrumbList","@id":"https:\/\/miumjau.ee\/tuote\/churu-vedelmaiuste-assortii-kanaga-20x14g\/#breadcrumb","itemListElement":[{"@type":"ListItem","position":1,"name":"Home","item":"https:\/\/miumjau.ee\/fi\/"},{"@type":"ListItem","position":2,"name":"Kauppa","item":"https:\/\/miumjau.ee\/fi\/kauppa\/"},{"@type":"ListItem","position":3,"name":"Churu nestem\u00e4isten herkkupalojen assorti kana, 20x14g"}]},{"@type":"WebSite","@id":"https:\/\/miumjau.ee\/#website","url":"https:\/\/miumjau.ee\/","name":"MiuMjau","description":"Kraapimispuud kassidele","publisher":{"@id":"https:\/\/miumjau.ee\/#organization"},"potentialAction":[{"@type":"SearchAction","target":{"@type":"EntryPoint","urlTemplate":"https:\/\/miumjau.ee\/?s={search_term_string}"},"query-input":{"@type":"PropertyValueSpecification","valueRequired":true,"valueName":"search_term_string"}}],"inLanguage":"fi"},{"@type":"Organization","@id":"https:\/\/miumjau.ee\/#organization","name":"MiuMjau O\u00dc","url":"https:\/\/miumjau.ee\/","logo":{"@type":"ImageObject","inLanguage":"fi","@id":"https:\/\/miumjau.ee\/#\/schema\/logo\/image\/","url":"https:\/\/miumjau.ee\/wp-content\/uploads\/2022\/04\/MiuMjau-logo-kollane.png","contentUrl":"https:\/\/miumjau.ee\/wp-content\/uploads\/2022\/04\/MiuMjau-logo-kollane.png","width":219,"height":100,"caption":"MiuMjau O\u00dc"},"image":{"@id":"https:\/\/miumjau.ee\/#\/schema\/logo\/image\/"},"sameAs":["https:\/\/www.facebook.com\/miumjaupood\/"]}]}},"_links":{"self":[{"href":"https:\/\/miumjau.ee\/fi\/wp-json\/wp\/v2\/product\/28500","targetHints":{"allow":["GET"]}}],"collection":[{"href":"https:\/\/miumjau.ee\/fi\/wp-json\/wp\/v2\/product"}],"about":[{"href":"https:\/\/miumjau.ee\/fi\/wp-json\/wp\/v2\/types\/product"}],"wp:featuredmedia":[{"embeddable":true,"href":"https:\/\/miumjau.ee\/fi\/wp-json\/wp\/v2\/media\/25657"}],"wp:attachment":[{"href":"https:\/\/miumjau.ee\/fi\/wp-json\/wp\/v2\/media?parent=28500"}],"wp:term":[{"taxonomy":"product_brand","embeddable":true,"href":"https:\/\/miumjau.ee\/fi\/wp-json\/wp\/v2\/product_brand?post=28500"},{"taxonomy":"product_cat","embeddable":true,"href":"https:\/\/miumjau.ee\/fi\/wp-json\/wp\/v2\/product_cat?post=28500"},{"taxonomy":"product_tag","embeddable":true,"href":"https:\/\/miumjau.ee\/fi\/wp-json\/wp\/v2\/product_tag?post=28500"}],"curies":[{"name":"wp","href":"https:\/\/api.w.org\/{rel}","templated":true}]}}