{"id":28492,"date":"2024-11-13T13:46:04","date_gmt":"2024-11-13T11:46:04","guid":{"rendered":"https:\/\/miumjau.ee\/toode\/churu-kermainen-kissan-herkku-kanalla-ja-kampasimpukoilla-56g\/"},"modified":"2026-01-07T22:55:08","modified_gmt":"2026-01-07T20:55:08","slug":"churu-kermainen-kissan-herkku-kanalla-ja-kampasimpukoilla-56g","status":"publish","type":"product","link":"https:\/\/miumjau.ee\/fi\/tuote\/churu-kermainen-kissan-herkku-kanalla-ja-kampasimpukoilla-56g\/","title":{"rendered":"Churu kermainen kissan herkku kanalla ja kampasimpukoilla 56g"},"content":{"rendered":"","protected":false},"excerpt":{"rendered":"<p>Churu luonnollinen nuolettava herkku kissoille kanan ja kampasimpukoiden kera. N\u00e4m\u00e4 nuolettavat kissojen herkut on valmistettu 100 % luonnollisesta kanasta ja katkarapuista. Niit\u00e4 voi k\u00e4ytt\u00e4\u00e4 monella tapaa: nuolla niit\u00e4 puristamalla putkesta tai k\u00e4ytt\u00e4\u00e4 niit\u00e4 eritt\u00e4in maukkaana kuivaravintolis\u00e4n\u00e4.<\/p>\n<p>Ei sis\u00e4ll\u00e4 jyvi\u00e4, s\u00e4il\u00f6nt\u00e4aineita ja keinotekoisia v\u00e4riaineita.<br \/>\nKermainen koostumus ja hyv\u00e4 maku.<br \/>\nHerkku sis\u00e4lt\u00e4\u00e4 vihre\u00e4n teen uutetta ja E-vitamiinia.<br \/>\nSoseessa on paljon kosteutta, mik\u00e4 on v\u00e4ltt\u00e4m\u00e4t\u00f6nt\u00e4 kissan terveydelle.<br \/>\nV\u00e4h\u00e4kaloreita.<br \/>\nInnovatiivinen interaktiivinen tapa viett\u00e4\u00e4 aikaa lemmikkisi kanssa.<br \/>\nJokainen pakkaus sis\u00e4lt\u00e4\u00e4 nelj\u00e4 yksitt\u00e4ist\u00e4 pakkausta maksimaalisen tuoreuden s\u00e4ilytt\u00e4miseksi.<br \/>\nAinesosat: Kana (28,2%), kampasimpukka (1,8%), kampasimpukkauute, tapioka, kollageeni, vihre\u00e4 teeuute.<\/p>\n<p>Analyyttiset komponentit: Raakaproteiini 8,5%, raakarasva 0,5%, raakatuhka 1,5%, raakakuitu 0,1%, kosteus 88%.<br \/>\nLis\u00e4aineet \/ 1kg: Guarkumi (E412) 7,2g.<br \/>\nMetaboloituva energia: 430 kcal\/kg.<br \/>\nRuokintasuositukset: k\u00e4yt\u00e4 rehun lis\u00e4aineena. Varmista, ett\u00e4 raikasta juomavett\u00e4 on aina saatavilla. Avaamisen j\u00e4lkeen s\u00e4ilyt\u00e4 j\u00e4\u00e4kaapissa ja k\u00e4yt\u00e4 mahdollisimman pian. S\u00e4ilyt\u00e4 viile\u00e4ss\u00e4, kuivassa paikassa, suojassa suoralta auringonvalolta.<\/p>\n<p>Nettopaino: 14g \u00d7 4 pakkausta, 56g.<\/p>\n","protected":false},"featured_media":24068,"template":"","meta":[],"product_brand":[],"product_cat":[266],"product_tag":[],"class_list":{"0":"post-28492","1":"product","2":"type-product","3":"status-publish","4":"has-post-thumbnail","6":"product_cat-makeiset","8":"first","9":"instock","10":"taxable","11":"shipping-taxable","12":"purchasable","13":"product-type-simple"},"yoast_head":"<!-- This site is optimized with the Yoast SEO plugin v27.4 - https:\/\/yoast.com\/product\/yoast-seo-wordpress\/ -->\n<title>Churu kermainen kissan herkku kanalla ja kampasimpukoilla 56g - MiuMjau<\/title>\n<meta name=\"description\" content=\"Churu-herkut ovat kissalle eritt\u00e4in mielenkiintoisia ja tarjoavat vaihtelua. Ihanat maut tuovat paljon iloa. Tarjoa my\u00f6s omalle kissallesi maistettavaksi!\" \/>\n<meta name=\"robots\" content=\"index, follow, max-snippet:-1, max-image-preview:large, max-video-preview:-1\" \/>\n<link rel=\"canonical\" href=\"https:\/\/miumjau.ee\/tuote\/churu-kreemjas-kassimaius-kana-ja-kammkarpidega-56g\/\" \/>\n<meta property=\"og:locale\" content=\"fi_FI\" \/>\n<meta property=\"og:type\" content=\"article\" \/>\n<meta property=\"og:title\" content=\"Churu kermainen kissan herkku kanalla ja kampasimpukoilla 56g - MiuMjau\" \/>\n<meta property=\"og:description\" content=\"Churu-herkut ovat kissalle eritt\u00e4in mielenkiintoisia ja tarjoavat vaihtelua. Ihanat maut tuovat paljon iloa. Tarjoa my\u00f6s omalle kissallesi maistettavaksi!\" \/>\n<meta property=\"og:url\" content=\"https:\/\/miumjau.ee\/tuote\/churu-kreemjas-kassimaius-kana-ja-kammkarpidega-56g\/\" \/>\n<meta property=\"og:site_name\" content=\"MiuMjau\" \/>\n<meta property=\"article:publisher\" content=\"https:\/\/www.facebook.com\/miumjaupood\/\" \/>\n<meta property=\"article:modified_time\" content=\"2026-01-07T20:55:08+00:00\" \/>\n<meta property=\"og:image\" content=\"https:\/\/miumjau.ee\/wp-content\/uploads\/2024\/11\/Churu-maius-56g-kassile4.jpg\" \/>\n\t<meta property=\"og:image:width\" content=\"600\" \/>\n\t<meta property=\"og:image:height\" content=\"800\" \/>\n\t<meta property=\"og:image:type\" content=\"image\/jpeg\" \/>\n<meta name=\"twitter:card\" content=\"summary_large_image\" \/>\n<script type=\"application\/ld+json\" class=\"yoast-schema-graph\">{\"@context\":\"https:\\\/\\\/schema.org\",\"@graph\":[{\"@type\":\"WebPage\",\"@id\":\"https:\\\/\\\/miumjau.ee\\\/tuote\\\/churu-kreemjas-kassimaius-kana-ja-kammkarpidega-56g\\\/\",\"url\":\"https:\\\/\\\/miumjau.ee\\\/tuote\\\/churu-kreemjas-kassimaius-kana-ja-kammkarpidega-56g\\\/\",\"name\":\"Churu kermainen kissan herkku kanalla ja kampasimpukoilla 56g - MiuMjau\",\"isPartOf\":{\"@id\":\"https:\\\/\\\/miumjau.ee\\\/#website\"},\"primaryImageOfPage\":{\"@id\":\"https:\\\/\\\/miumjau.ee\\\/tuote\\\/churu-kreemjas-kassimaius-kana-ja-kammkarpidega-56g\\\/#primaryimage\"},\"image\":{\"@id\":\"https:\\\/\\\/miumjau.ee\\\/tuote\\\/churu-kreemjas-kassimaius-kana-ja-kammkarpidega-56g\\\/#primaryimage\"},\"thumbnailUrl\":\"https:\\\/\\\/miumjau.ee\\\/wp-content\\\/uploads\\\/2024\\\/11\\\/Churu-maius-56g-kassile4.jpg\",\"datePublished\":\"2024-11-13T11:46:04+00:00\",\"dateModified\":\"2026-01-07T20:55:08+00:00\",\"description\":\"Churu-herkut ovat kissalle eritt\u00e4in mielenkiintoisia ja tarjoavat vaihtelua. Ihanat maut tuovat paljon iloa. Tarjoa my\u00f6s omalle kissallesi maistettavaksi!\",\"breadcrumb\":{\"@id\":\"https:\\\/\\\/miumjau.ee\\\/tuote\\\/churu-kreemjas-kassimaius-kana-ja-kammkarpidega-56g\\\/#breadcrumb\"},\"inLanguage\":\"fi\",\"potentialAction\":[{\"@type\":\"ReadAction\",\"target\":[\"https:\\\/\\\/miumjau.ee\\\/tuote\\\/churu-kreemjas-kassimaius-kana-ja-kammkarpidega-56g\\\/\"]}]},{\"@type\":\"ImageObject\",\"inLanguage\":\"fi\",\"@id\":\"https:\\\/\\\/miumjau.ee\\\/tuote\\\/churu-kreemjas-kassimaius-kana-ja-kammkarpidega-56g\\\/#primaryimage\",\"url\":\"https:\\\/\\\/miumjau.ee\\\/wp-content\\\/uploads\\\/2024\\\/11\\\/Churu-maius-56g-kassile4.jpg\",\"contentUrl\":\"https:\\\/\\\/miumjau.ee\\\/wp-content\\\/uploads\\\/2024\\\/11\\\/Churu-maius-56g-kassile4.jpg\",\"width\":600,\"height\":800,\"caption\":\"Churu kreemjas kassimaius kana ja kammkarpidega 56g\"},{\"@type\":\"BreadcrumbList\",\"@id\":\"https:\\\/\\\/miumjau.ee\\\/tuote\\\/churu-kreemjas-kassimaius-kana-ja-kammkarpidega-56g\\\/#breadcrumb\",\"itemListElement\":[{\"@type\":\"ListItem\",\"position\":1,\"name\":\"Home\",\"item\":\"https:\\\/\\\/miumjau.ee\\\/fi\\\/\"},{\"@type\":\"ListItem\",\"position\":2,\"name\":\"Kauppa\",\"item\":\"https:\\\/\\\/miumjau.ee\\\/fi\\\/kauppa\\\/\"},{\"@type\":\"ListItem\",\"position\":3,\"name\":\"Churu kermainen kissan herkku kanalla ja kampasimpukoilla 56g\"}]},{\"@type\":\"WebSite\",\"@id\":\"https:\\\/\\\/miumjau.ee\\\/#website\",\"url\":\"https:\\\/\\\/miumjau.ee\\\/\",\"name\":\"MiuMjau\",\"description\":\"Kraapimispuud kassidele\",\"publisher\":{\"@id\":\"https:\\\/\\\/miumjau.ee\\\/#organization\"},\"potentialAction\":[{\"@type\":\"SearchAction\",\"target\":{\"@type\":\"EntryPoint\",\"urlTemplate\":\"https:\\\/\\\/miumjau.ee\\\/?s={search_term_string}\"},\"query-input\":{\"@type\":\"PropertyValueSpecification\",\"valueRequired\":true,\"valueName\":\"search_term_string\"}}],\"inLanguage\":\"fi\"},{\"@type\":\"Organization\",\"@id\":\"https:\\\/\\\/miumjau.ee\\\/#organization\",\"name\":\"MiuMjau O\u00dc\",\"url\":\"https:\\\/\\\/miumjau.ee\\\/\",\"logo\":{\"@type\":\"ImageObject\",\"inLanguage\":\"fi\",\"@id\":\"https:\\\/\\\/miumjau.ee\\\/#\\\/schema\\\/logo\\\/image\\\/\",\"url\":\"https:\\\/\\\/miumjau.ee\\\/wp-content\\\/uploads\\\/2022\\\/04\\\/MiuMjau-logo-kollane.png\",\"contentUrl\":\"https:\\\/\\\/miumjau.ee\\\/wp-content\\\/uploads\\\/2022\\\/04\\\/MiuMjau-logo-kollane.png\",\"width\":219,\"height\":100,\"caption\":\"MiuMjau O\u00dc\"},\"image\":{\"@id\":\"https:\\\/\\\/miumjau.ee\\\/#\\\/schema\\\/logo\\\/image\\\/\"},\"sameAs\":[\"https:\\\/\\\/www.facebook.com\\\/miumjaupood\\\/\"]}]}<\/script>\n<!-- \/ Yoast SEO plugin. -->","yoast_head_json":{"title":"Churu kermainen kissan herkku kanalla ja kampasimpukoilla 56g - MiuMjau","description":"Churu-herkut ovat kissalle eritt\u00e4in mielenkiintoisia ja tarjoavat vaihtelua. Ihanat maut tuovat paljon iloa. Tarjoa my\u00f6s omalle kissallesi maistettavaksi!","robots":{"index":"index","follow":"follow","max-snippet":"max-snippet:-1","max-image-preview":"max-image-preview:large","max-video-preview":"max-video-preview:-1"},"canonical":"https:\/\/miumjau.ee\/tuote\/churu-kreemjas-kassimaius-kana-ja-kammkarpidega-56g\/","og_locale":"fi_FI","og_type":"article","og_title":"Churu kermainen kissan herkku kanalla ja kampasimpukoilla 56g - MiuMjau","og_description":"Churu-herkut ovat kissalle eritt\u00e4in mielenkiintoisia ja tarjoavat vaihtelua. Ihanat maut tuovat paljon iloa. Tarjoa my\u00f6s omalle kissallesi maistettavaksi!","og_url":"https:\/\/miumjau.ee\/tuote\/churu-kreemjas-kassimaius-kana-ja-kammkarpidega-56g\/","og_site_name":"MiuMjau","article_publisher":"https:\/\/www.facebook.com\/miumjaupood\/","article_modified_time":"2026-01-07T20:55:08+00:00","og_image":[{"width":600,"height":800,"url":"https:\/\/miumjau.ee\/wp-content\/uploads\/2024\/11\/Churu-maius-56g-kassile4.jpg","type":"image\/jpeg"}],"twitter_card":"summary_large_image","schema":{"@context":"https:\/\/schema.org","@graph":[{"@type":"WebPage","@id":"https:\/\/miumjau.ee\/tuote\/churu-kreemjas-kassimaius-kana-ja-kammkarpidega-56g\/","url":"https:\/\/miumjau.ee\/tuote\/churu-kreemjas-kassimaius-kana-ja-kammkarpidega-56g\/","name":"Churu kermainen kissan herkku kanalla ja kampasimpukoilla 56g - MiuMjau","isPartOf":{"@id":"https:\/\/miumjau.ee\/#website"},"primaryImageOfPage":{"@id":"https:\/\/miumjau.ee\/tuote\/churu-kreemjas-kassimaius-kana-ja-kammkarpidega-56g\/#primaryimage"},"image":{"@id":"https:\/\/miumjau.ee\/tuote\/churu-kreemjas-kassimaius-kana-ja-kammkarpidega-56g\/#primaryimage"},"thumbnailUrl":"https:\/\/miumjau.ee\/wp-content\/uploads\/2024\/11\/Churu-maius-56g-kassile4.jpg","datePublished":"2024-11-13T11:46:04+00:00","dateModified":"2026-01-07T20:55:08+00:00","description":"Churu-herkut ovat kissalle eritt\u00e4in mielenkiintoisia ja tarjoavat vaihtelua. Ihanat maut tuovat paljon iloa. Tarjoa my\u00f6s omalle kissallesi maistettavaksi!","breadcrumb":{"@id":"https:\/\/miumjau.ee\/tuote\/churu-kreemjas-kassimaius-kana-ja-kammkarpidega-56g\/#breadcrumb"},"inLanguage":"fi","potentialAction":[{"@type":"ReadAction","target":["https:\/\/miumjau.ee\/tuote\/churu-kreemjas-kassimaius-kana-ja-kammkarpidega-56g\/"]}]},{"@type":"ImageObject","inLanguage":"fi","@id":"https:\/\/miumjau.ee\/tuote\/churu-kreemjas-kassimaius-kana-ja-kammkarpidega-56g\/#primaryimage","url":"https:\/\/miumjau.ee\/wp-content\/uploads\/2024\/11\/Churu-maius-56g-kassile4.jpg","contentUrl":"https:\/\/miumjau.ee\/wp-content\/uploads\/2024\/11\/Churu-maius-56g-kassile4.jpg","width":600,"height":800,"caption":"Churu kreemjas kassimaius kana ja kammkarpidega 56g"},{"@type":"BreadcrumbList","@id":"https:\/\/miumjau.ee\/tuote\/churu-kreemjas-kassimaius-kana-ja-kammkarpidega-56g\/#breadcrumb","itemListElement":[{"@type":"ListItem","position":1,"name":"Home","item":"https:\/\/miumjau.ee\/fi\/"},{"@type":"ListItem","position":2,"name":"Kauppa","item":"https:\/\/miumjau.ee\/fi\/kauppa\/"},{"@type":"ListItem","position":3,"name":"Churu kermainen kissan herkku kanalla ja kampasimpukoilla 56g"}]},{"@type":"WebSite","@id":"https:\/\/miumjau.ee\/#website","url":"https:\/\/miumjau.ee\/","name":"MiuMjau","description":"Kraapimispuud kassidele","publisher":{"@id":"https:\/\/miumjau.ee\/#organization"},"potentialAction":[{"@type":"SearchAction","target":{"@type":"EntryPoint","urlTemplate":"https:\/\/miumjau.ee\/?s={search_term_string}"},"query-input":{"@type":"PropertyValueSpecification","valueRequired":true,"valueName":"search_term_string"}}],"inLanguage":"fi"},{"@type":"Organization","@id":"https:\/\/miumjau.ee\/#organization","name":"MiuMjau O\u00dc","url":"https:\/\/miumjau.ee\/","logo":{"@type":"ImageObject","inLanguage":"fi","@id":"https:\/\/miumjau.ee\/#\/schema\/logo\/image\/","url":"https:\/\/miumjau.ee\/wp-content\/uploads\/2022\/04\/MiuMjau-logo-kollane.png","contentUrl":"https:\/\/miumjau.ee\/wp-content\/uploads\/2022\/04\/MiuMjau-logo-kollane.png","width":219,"height":100,"caption":"MiuMjau O\u00dc"},"image":{"@id":"https:\/\/miumjau.ee\/#\/schema\/logo\/image\/"},"sameAs":["https:\/\/www.facebook.com\/miumjaupood\/"]}]}},"_links":{"self":[{"href":"https:\/\/miumjau.ee\/fi\/wp-json\/wp\/v2\/product\/28492","targetHints":{"allow":["GET"]}}],"collection":[{"href":"https:\/\/miumjau.ee\/fi\/wp-json\/wp\/v2\/product"}],"about":[{"href":"https:\/\/miumjau.ee\/fi\/wp-json\/wp\/v2\/types\/product"}],"wp:featuredmedia":[{"embeddable":true,"href":"https:\/\/miumjau.ee\/fi\/wp-json\/wp\/v2\/media\/24068"}],"wp:attachment":[{"href":"https:\/\/miumjau.ee\/fi\/wp-json\/wp\/v2\/media?parent=28492"}],"wp:term":[{"taxonomy":"product_brand","embeddable":true,"href":"https:\/\/miumjau.ee\/fi\/wp-json\/wp\/v2\/product_brand?post=28492"},{"taxonomy":"product_cat","embeddable":true,"href":"https:\/\/miumjau.ee\/fi\/wp-json\/wp\/v2\/product_cat?post=28492"},{"taxonomy":"product_tag","embeddable":true,"href":"https:\/\/miumjau.ee\/fi\/wp-json\/wp\/v2\/product_tag?post=28492"}],"curies":[{"name":"wp","href":"https:\/\/api.w.org\/{rel}","templated":true}]}}