{"id":28491,"date":"2024-11-13T13:43:17","date_gmt":"2024-11-13T11:43:17","guid":{"rendered":"https:\/\/miumjau.ee\/toode\/churu-skincoat-kermainen-kissan-herkku-kana-56g\/"},"modified":"2026-01-07T22:55:15","modified_gmt":"2026-01-07T20:55:15","slug":"churu-skincoat-kermainen-kissan-herkku-kana-56g","status":"publish","type":"product","link":"https:\/\/miumjau.ee\/fi\/tuote\/churu-skincoat-kermainen-kissan-herkku-kana-56g\/","title":{"rendered":"Churu Skin&#038;Coat kermainen kissan herkku kana 56g"},"content":{"rendered":"","protected":false},"excerpt":{"rendered":"<p>Churu Cat on toiminnallinen herkku kissoille, joka tukee tervett\u00e4 ihoa ja turkkia.<\/p>\n<p>Skin and Coatin erityinen koostumus sis\u00e4lt\u00e4\u00e4 runsaasti kala\u00f6ljyst\u00e4 saatavia omega-3-rasvahappoja, jotka auttavat kissasi saamaan terveen ihon ja kiilt\u00e4v\u00e4n turkin.<\/p>\n<p>N\u00e4m\u00e4 suussa sulavat herkut valmistetaan korkealaatuisista raaka-aineista tilalla kasvatetusta kanasta luonnonvaraiseen tonnikalaan.<\/p>\n<p>Churu ei sis\u00e4ll\u00e4 jyvi\u00e4, s\u00e4il\u00f6nt\u00e4aineita tai keinotekoisia v\u00e4riaineita. Kissasi sy\u00f6 niit\u00e4 k\u00e4sist\u00e4si, ja voit my\u00f6s kaataa ne kulhoon tai k\u00e4ytt\u00e4\u00e4 maukkaana lis\u00e4kkeen\u00e4 m\u00e4rk\u00e4- tai kuivaruokaan.<\/p>\n<p>Kala\u00f6ljyn omega-3-rasvahapot auttavat yll\u00e4pit\u00e4m\u00e4\u00e4n tervett\u00e4 ihoa ja kiilt\u00e4v\u00e4\u00e4 turkkia.<br \/>\nValmistettu 100 % puhtaasta ja luonnollisesta tilalla kasvatetusta kanasta.<br \/>\nEi sis\u00e4ll\u00e4 jyvi\u00e4, s\u00e4il\u00f6nt\u00e4aineita tai keinotekoisia v\u00e4riaineita.<br \/>\nPaljon kosteutta, joka on v\u00e4ltt\u00e4m\u00e4t\u00f6nt\u00e4 kissojen terveydelle.<br \/>\nVoidaan k\u00e4ytt\u00e4\u00e4 m\u00e4rk\u00e4- tai kuivaruoan pinnoitteena.<br \/>\nLis\u00e4aineet \/ 1kg: ravintolis\u00e4t: E-vitamiini (3a700) 574mg, koriste (3a370) 356mg. Tekniset lis\u00e4aineet: guarkumi (E412). Sensoriset lis\u00e4aineet: hajusteet.<\/p>\n<p>Metaboloituva energia: 9,2 kcal\/pakkaus.<\/p>\n<p>Ruokintasuositukset: K\u00e4yt\u00e4 rehun lis\u00e4aineena. Varmista, ett\u00e4 raikasta juomavett\u00e4 on aina saatavilla. Avaamisen j\u00e4lkeen s\u00e4ilyt\u00e4 j\u00e4\u00e4kaapissa ja k\u00e4yt\u00e4 mahdollisimman pian. S\u00e4ilyt\u00e4 viile\u00e4ss\u00e4, kuivassa paikassa. Suojaa suoralta auringonvalolta.<\/p>\n<p>Nettopaino: 14g \u00d7 4 putkea, 56g.<\/p>\n","protected":false},"featured_media":24056,"template":"","meta":[],"product_brand":[],"product_cat":[266],"product_tag":[],"class_list":{"0":"post-28491","1":"product","2":"type-product","3":"status-publish","4":"has-post-thumbnail","6":"product_cat-makeiset","8":"first","9":"instock","10":"taxable","11":"shipping-taxable","12":"purchasable","13":"product-type-simple"},"yoast_head":"<!-- This site is optimized with the Yoast SEO plugin v27.2 - https:\/\/yoast.com\/product\/yoast-seo-wordpress\/ -->\n<title>Churu Skin&amp;Coat kermainen kissan herkku kana 56g - MiuMjau<\/title>\n<meta name=\"description\" content=\"Churu-herkut ovat kissalle eritt\u00e4in mielenkiintoisia ja tarjoavat vaihtelua. Ihanat maut tuovat paljon iloa. Tarjoa my\u00f6s omalle kissallesi maistettavaksi!\" \/>\n<meta name=\"robots\" content=\"index, follow, max-snippet:-1, max-image-preview:large, max-video-preview:-1\" \/>\n<link rel=\"canonical\" href=\"https:\/\/miumjau.ee\/tuote\/churu-skincoat-kreemjas-kassimaius-kanaga-56g\/\" \/>\n<meta property=\"og:locale\" content=\"fi_FI\" \/>\n<meta property=\"og:type\" content=\"article\" \/>\n<meta property=\"og:title\" content=\"Churu Skin&amp;Coat kermainen kissan herkku kana 56g - MiuMjau\" \/>\n<meta property=\"og:description\" content=\"Churu-herkut ovat kissalle eritt\u00e4in mielenkiintoisia ja tarjoavat vaihtelua. Ihanat maut tuovat paljon iloa. Tarjoa my\u00f6s omalle kissallesi maistettavaksi!\" \/>\n<meta property=\"og:url\" content=\"https:\/\/miumjau.ee\/tuote\/churu-skincoat-kreemjas-kassimaius-kanaga-56g\/\" \/>\n<meta property=\"og:site_name\" content=\"MiuMjau\" \/>\n<meta property=\"article:publisher\" content=\"https:\/\/www.facebook.com\/miumjaupood\/\" \/>\n<meta property=\"article:modified_time\" content=\"2026-01-07T20:55:15+00:00\" \/>\n<meta property=\"og:image\" content=\"https:\/\/miumjau.ee\/wp-content\/uploads\/2024\/11\/Churu-maius-56g-kassile1.jpg\" \/>\n\t<meta property=\"og:image:width\" content=\"600\" \/>\n\t<meta property=\"og:image:height\" content=\"800\" \/>\n\t<meta property=\"og:image:type\" content=\"image\/jpeg\" \/>\n<meta name=\"twitter:card\" content=\"summary_large_image\" \/>\n<script type=\"application\/ld+json\" class=\"yoast-schema-graph\">{\"@context\":\"https:\/\/schema.org\",\"@graph\":[{\"@type\":\"WebPage\",\"@id\":\"https:\/\/miumjau.ee\/tuote\/churu-skincoat-kreemjas-kassimaius-kanaga-56g\/\",\"url\":\"https:\/\/miumjau.ee\/tuote\/churu-skincoat-kreemjas-kassimaius-kanaga-56g\/\",\"name\":\"Churu Skin&Coat kermainen kissan herkku kana 56g - MiuMjau\",\"isPartOf\":{\"@id\":\"https:\/\/miumjau.ee\/#website\"},\"primaryImageOfPage\":{\"@id\":\"https:\/\/miumjau.ee\/tuote\/churu-skincoat-kreemjas-kassimaius-kanaga-56g\/#primaryimage\"},\"image\":{\"@id\":\"https:\/\/miumjau.ee\/tuote\/churu-skincoat-kreemjas-kassimaius-kanaga-56g\/#primaryimage\"},\"thumbnailUrl\":\"https:\/\/miumjau.ee\/wp-content\/uploads\/2024\/11\/Churu-maius-56g-kassile1.jpg\",\"datePublished\":\"2024-11-13T11:43:17+00:00\",\"dateModified\":\"2026-01-07T20:55:15+00:00\",\"description\":\"Churu-herkut ovat kissalle eritt\u00e4in mielenkiintoisia ja tarjoavat vaihtelua. Ihanat maut tuovat paljon iloa. Tarjoa my\u00f6s omalle kissallesi maistettavaksi!\",\"breadcrumb\":{\"@id\":\"https:\/\/miumjau.ee\/tuote\/churu-skincoat-kreemjas-kassimaius-kanaga-56g\/#breadcrumb\"},\"inLanguage\":\"fi\",\"potentialAction\":[{\"@type\":\"ReadAction\",\"target\":[\"https:\/\/miumjau.ee\/tuote\/churu-skincoat-kreemjas-kassimaius-kanaga-56g\/\"]}]},{\"@type\":\"ImageObject\",\"inLanguage\":\"fi\",\"@id\":\"https:\/\/miumjau.ee\/tuote\/churu-skincoat-kreemjas-kassimaius-kanaga-56g\/#primaryimage\",\"url\":\"https:\/\/miumjau.ee\/wp-content\/uploads\/2024\/11\/Churu-maius-56g-kassile1.jpg\",\"contentUrl\":\"https:\/\/miumjau.ee\/wp-content\/uploads\/2024\/11\/Churu-maius-56g-kassile1.jpg\",\"width\":600,\"height\":800,\"caption\":\"Churu Skin&Coat kreemjas kassimaius kanaga 56g\"},{\"@type\":\"BreadcrumbList\",\"@id\":\"https:\/\/miumjau.ee\/tuote\/churu-skincoat-kreemjas-kassimaius-kanaga-56g\/#breadcrumb\",\"itemListElement\":[{\"@type\":\"ListItem\",\"position\":1,\"name\":\"Home\",\"item\":\"https:\/\/miumjau.ee\/fi\/\"},{\"@type\":\"ListItem\",\"position\":2,\"name\":\"Kauppa\",\"item\":\"https:\/\/miumjau.ee\/fi\/kauppa\/\"},{\"@type\":\"ListItem\",\"position\":3,\"name\":\"Churu Skin&#038;Coat kermainen kissan herkku kana 56g\"}]},{\"@type\":\"WebSite\",\"@id\":\"https:\/\/miumjau.ee\/#website\",\"url\":\"https:\/\/miumjau.ee\/\",\"name\":\"MiuMjau\",\"description\":\"Kraapimispuud kassidele\",\"publisher\":{\"@id\":\"https:\/\/miumjau.ee\/#organization\"},\"potentialAction\":[{\"@type\":\"SearchAction\",\"target\":{\"@type\":\"EntryPoint\",\"urlTemplate\":\"https:\/\/miumjau.ee\/?s={search_term_string}\"},\"query-input\":{\"@type\":\"PropertyValueSpecification\",\"valueRequired\":true,\"valueName\":\"search_term_string\"}}],\"inLanguage\":\"fi\"},{\"@type\":\"Organization\",\"@id\":\"https:\/\/miumjau.ee\/#organization\",\"name\":\"MiuMjau O\u00dc\",\"url\":\"https:\/\/miumjau.ee\/\",\"logo\":{\"@type\":\"ImageObject\",\"inLanguage\":\"fi\",\"@id\":\"https:\/\/miumjau.ee\/#\/schema\/logo\/image\/\",\"url\":\"https:\/\/miumjau.ee\/wp-content\/uploads\/2022\/04\/MiuMjau-logo-kollane.png\",\"contentUrl\":\"https:\/\/miumjau.ee\/wp-content\/uploads\/2022\/04\/MiuMjau-logo-kollane.png\",\"width\":219,\"height\":100,\"caption\":\"MiuMjau O\u00dc\"},\"image\":{\"@id\":\"https:\/\/miumjau.ee\/#\/schema\/logo\/image\/\"},\"sameAs\":[\"https:\/\/www.facebook.com\/miumjaupood\/\"]}]}<\/script>\n<!-- \/ Yoast SEO plugin. -->","yoast_head_json":{"title":"Churu Skin&Coat kermainen kissan herkku kana 56g - MiuMjau","description":"Churu-herkut ovat kissalle eritt\u00e4in mielenkiintoisia ja tarjoavat vaihtelua. Ihanat maut tuovat paljon iloa. Tarjoa my\u00f6s omalle kissallesi maistettavaksi!","robots":{"index":"index","follow":"follow","max-snippet":"max-snippet:-1","max-image-preview":"max-image-preview:large","max-video-preview":"max-video-preview:-1"},"canonical":"https:\/\/miumjau.ee\/tuote\/churu-skincoat-kreemjas-kassimaius-kanaga-56g\/","og_locale":"fi_FI","og_type":"article","og_title":"Churu Skin&Coat kermainen kissan herkku kana 56g - MiuMjau","og_description":"Churu-herkut ovat kissalle eritt\u00e4in mielenkiintoisia ja tarjoavat vaihtelua. Ihanat maut tuovat paljon iloa. Tarjoa my\u00f6s omalle kissallesi maistettavaksi!","og_url":"https:\/\/miumjau.ee\/tuote\/churu-skincoat-kreemjas-kassimaius-kanaga-56g\/","og_site_name":"MiuMjau","article_publisher":"https:\/\/www.facebook.com\/miumjaupood\/","article_modified_time":"2026-01-07T20:55:15+00:00","og_image":[{"width":600,"height":800,"url":"https:\/\/miumjau.ee\/wp-content\/uploads\/2024\/11\/Churu-maius-56g-kassile1.jpg","type":"image\/jpeg"}],"twitter_card":"summary_large_image","schema":{"@context":"https:\/\/schema.org","@graph":[{"@type":"WebPage","@id":"https:\/\/miumjau.ee\/tuote\/churu-skincoat-kreemjas-kassimaius-kanaga-56g\/","url":"https:\/\/miumjau.ee\/tuote\/churu-skincoat-kreemjas-kassimaius-kanaga-56g\/","name":"Churu Skin&Coat kermainen kissan herkku kana 56g - MiuMjau","isPartOf":{"@id":"https:\/\/miumjau.ee\/#website"},"primaryImageOfPage":{"@id":"https:\/\/miumjau.ee\/tuote\/churu-skincoat-kreemjas-kassimaius-kanaga-56g\/#primaryimage"},"image":{"@id":"https:\/\/miumjau.ee\/tuote\/churu-skincoat-kreemjas-kassimaius-kanaga-56g\/#primaryimage"},"thumbnailUrl":"https:\/\/miumjau.ee\/wp-content\/uploads\/2024\/11\/Churu-maius-56g-kassile1.jpg","datePublished":"2024-11-13T11:43:17+00:00","dateModified":"2026-01-07T20:55:15+00:00","description":"Churu-herkut ovat kissalle eritt\u00e4in mielenkiintoisia ja tarjoavat vaihtelua. Ihanat maut tuovat paljon iloa. Tarjoa my\u00f6s omalle kissallesi maistettavaksi!","breadcrumb":{"@id":"https:\/\/miumjau.ee\/tuote\/churu-skincoat-kreemjas-kassimaius-kanaga-56g\/#breadcrumb"},"inLanguage":"fi","potentialAction":[{"@type":"ReadAction","target":["https:\/\/miumjau.ee\/tuote\/churu-skincoat-kreemjas-kassimaius-kanaga-56g\/"]}]},{"@type":"ImageObject","inLanguage":"fi","@id":"https:\/\/miumjau.ee\/tuote\/churu-skincoat-kreemjas-kassimaius-kanaga-56g\/#primaryimage","url":"https:\/\/miumjau.ee\/wp-content\/uploads\/2024\/11\/Churu-maius-56g-kassile1.jpg","contentUrl":"https:\/\/miumjau.ee\/wp-content\/uploads\/2024\/11\/Churu-maius-56g-kassile1.jpg","width":600,"height":800,"caption":"Churu Skin&Coat kreemjas kassimaius kanaga 56g"},{"@type":"BreadcrumbList","@id":"https:\/\/miumjau.ee\/tuote\/churu-skincoat-kreemjas-kassimaius-kanaga-56g\/#breadcrumb","itemListElement":[{"@type":"ListItem","position":1,"name":"Home","item":"https:\/\/miumjau.ee\/fi\/"},{"@type":"ListItem","position":2,"name":"Kauppa","item":"https:\/\/miumjau.ee\/fi\/kauppa\/"},{"@type":"ListItem","position":3,"name":"Churu Skin&#038;Coat kermainen kissan herkku kana 56g"}]},{"@type":"WebSite","@id":"https:\/\/miumjau.ee\/#website","url":"https:\/\/miumjau.ee\/","name":"MiuMjau","description":"Kraapimispuud kassidele","publisher":{"@id":"https:\/\/miumjau.ee\/#organization"},"potentialAction":[{"@type":"SearchAction","target":{"@type":"EntryPoint","urlTemplate":"https:\/\/miumjau.ee\/?s={search_term_string}"},"query-input":{"@type":"PropertyValueSpecification","valueRequired":true,"valueName":"search_term_string"}}],"inLanguage":"fi"},{"@type":"Organization","@id":"https:\/\/miumjau.ee\/#organization","name":"MiuMjau O\u00dc","url":"https:\/\/miumjau.ee\/","logo":{"@type":"ImageObject","inLanguage":"fi","@id":"https:\/\/miumjau.ee\/#\/schema\/logo\/image\/","url":"https:\/\/miumjau.ee\/wp-content\/uploads\/2022\/04\/MiuMjau-logo-kollane.png","contentUrl":"https:\/\/miumjau.ee\/wp-content\/uploads\/2022\/04\/MiuMjau-logo-kollane.png","width":219,"height":100,"caption":"MiuMjau O\u00dc"},"image":{"@id":"https:\/\/miumjau.ee\/#\/schema\/logo\/image\/"},"sameAs":["https:\/\/www.facebook.com\/miumjaupood\/"]}]}},"_links":{"self":[{"href":"https:\/\/miumjau.ee\/fi\/wp-json\/wp\/v2\/product\/28491","targetHints":{"allow":["GET"]}}],"collection":[{"href":"https:\/\/miumjau.ee\/fi\/wp-json\/wp\/v2\/product"}],"about":[{"href":"https:\/\/miumjau.ee\/fi\/wp-json\/wp\/v2\/types\/product"}],"wp:featuredmedia":[{"embeddable":true,"href":"https:\/\/miumjau.ee\/fi\/wp-json\/wp\/v2\/media\/24056"}],"wp:attachment":[{"href":"https:\/\/miumjau.ee\/fi\/wp-json\/wp\/v2\/media?parent=28491"}],"wp:term":[{"taxonomy":"product_brand","embeddable":true,"href":"https:\/\/miumjau.ee\/fi\/wp-json\/wp\/v2\/product_brand?post=28491"},{"taxonomy":"product_cat","embeddable":true,"href":"https:\/\/miumjau.ee\/fi\/wp-json\/wp\/v2\/product_cat?post=28491"},{"taxonomy":"product_tag","embeddable":true,"href":"https:\/\/miumjau.ee\/fi\/wp-json\/wp\/v2\/product_tag?post=28491"}],"curies":[{"name":"wp","href":"https:\/\/api.w.org\/{rel}","templated":true}]}}