{"id":28481,"date":"2025-01-14T08:44:35","date_gmt":"2025-01-14T06:44:35","guid":{"rendered":"https:\/\/miumjau.ee\/toode\/churu-herkku-kissalle-kanalla-ja-naudalla-4x14g\/"},"modified":"2026-01-07T22:55:15","modified_gmt":"2026-01-07T20:55:15","slug":"churu-herkku-kissalle-kanalla-ja-naudalla-4x14g","status":"publish","type":"product","link":"https:\/\/miumjau.ee\/fi\/tuote\/churu-herkku-kissalle-kanalla-ja-naudalla-4x14g\/","title":{"rendered":"Churu herkku kissalle kanalla ja naudalla 4x14g"},"content":{"rendered":"","protected":false},"excerpt":{"rendered":"<p>Inaba Churu -herkut kissoille ovat eritt\u00e4in houkutteleva palkinto, joka ravitsee ja kosteuttaa niit\u00e4 samanaikaisesti. Ne on valmistettu korkealaatuisimmista raaka-aineista ja tarjoavat monia hy\u00f6dyllisi\u00e4 ominaisuuksia kissojen ruokavalioon.<\/p>\n<p>Inaba Churu -br\u00e4ndi tarjoaa kuluttajille laajan valikoiman kissojen m\u00e4rk\u00e4herkkuja, joita kissat arvostavat suuresti.<\/p>\n<p>Mit\u00e4 Churu-herkkuja kissoille on?<br \/>\nInaba Churu -herkut ovat puolikosteita v\u00e4lipaloja ja herkkuja, joista tulee kissojen suosikki. N\u00e4ist\u00e4 lukuisista eduista voidaan korostaa seuraavia:<\/p>\n<p>Lis\u00e4\u00e4 nesteytyst\u00e4<br \/>\nEritt\u00e4in v\u00e4h\u00e4rasvainen (sopii my\u00f6s steriloiduille kissoille)<br \/>\nVastustamaton maku.<br \/>\nNe on valmistettu korkealaatuisimmista raaka-aineista, joten ne eiv\u00e4t ole vain herkullisia, vaan my\u00f6s terveellisi\u00e4 palkintoja, jotka tarjoavat kissallesi ravinteita, joilla on korkea biologinen arvo.<\/p>\n<p>Jos kissasi ei ole viel\u00e4 kokeillut Churu-herkkuja, \u00e4l\u00e4 odota en\u00e4\u00e4! N\u00e4ist\u00e4 tulee ep\u00e4ilem\u00e4tt\u00e4 h\u00e4nen suosikkipalkintonsa!<\/p>\n<p>AINESOSAT: vesi, kana, tapiokat\u00e4rkkelys, naudanliha, luontainen aromi, luontainen kanan aromi, guarkumi, E-vitamiini, tauriini, vihre\u00e4 teeuute.<\/p>\n","protected":false},"featured_media":26443,"template":"","meta":[],"product_brand":[],"product_cat":[266],"product_tag":[],"class_list":{"0":"post-28481","1":"product","2":"type-product","3":"status-publish","4":"has-post-thumbnail","6":"product_cat-makeiset","8":"first","9":"instock","10":"taxable","11":"shipping-taxable","12":"purchasable","13":"product-type-simple"},"yoast_head":"<!-- This site is optimized with the Yoast SEO plugin v27.2 - https:\/\/yoast.com\/product\/yoast-seo-wordpress\/ -->\n<title>Churu herkku kissalle kanalla ja naudalla 4x14g - MiuMjau<\/title>\n<meta name=\"description\" content=\"Kissasi rakastaa varmasti Churu Popsin kermaisia \u200b\u200bkissan herkkuja! Yll\u00e4t\u00e4 h\u00e4net erilaisilla mauilla. Mik\u00e4 on kissasi suosikki?\" \/>\n<meta name=\"robots\" content=\"index, follow, max-snippet:-1, max-image-preview:large, max-video-preview:-1\" \/>\n<link rel=\"canonical\" href=\"https:\/\/miumjau.ee\/tuote\/churu-kreemine-maius-kassile-kana-veis-4x14g\/\" \/>\n<meta property=\"og:locale\" content=\"fi_FI\" \/>\n<meta property=\"og:type\" content=\"article\" \/>\n<meta property=\"og:title\" content=\"Churu herkku kissalle kanalla ja naudalla 4x14g - MiuMjau\" \/>\n<meta property=\"og:description\" content=\"Kissasi rakastaa varmasti Churu Popsin kermaisia \u200b\u200bkissan herkkuja! Yll\u00e4t\u00e4 h\u00e4net erilaisilla mauilla. Mik\u00e4 on kissasi suosikki?\" \/>\n<meta property=\"og:url\" content=\"https:\/\/miumjau.ee\/tuote\/churu-kreemine-maius-kassile-kana-veis-4x14g\/\" \/>\n<meta property=\"og:site_name\" content=\"MiuMjau\" \/>\n<meta property=\"article:publisher\" content=\"https:\/\/www.facebook.com\/miumjaupood\/\" \/>\n<meta property=\"article:modified_time\" content=\"2026-01-07T20:55:15+00:00\" \/>\n<meta property=\"og:image\" content=\"https:\/\/miumjau.ee\/wp-content\/uploads\/2025\/01\/churu-maiused-kassidele-uued5.jpg\" \/>\n\t<meta property=\"og:image:width\" content=\"600\" \/>\n\t<meta property=\"og:image:height\" content=\"800\" \/>\n\t<meta property=\"og:image:type\" content=\"image\/jpeg\" \/>\n<meta name=\"twitter:card\" content=\"summary_large_image\" \/>\n<script type=\"application\/ld+json\" class=\"yoast-schema-graph\">{\"@context\":\"https:\/\/schema.org\",\"@graph\":[{\"@type\":\"WebPage\",\"@id\":\"https:\/\/miumjau.ee\/tuote\/churu-kreemine-maius-kassile-kana-veis-4x14g\/\",\"url\":\"https:\/\/miumjau.ee\/tuote\/churu-kreemine-maius-kassile-kana-veis-4x14g\/\",\"name\":\"Churu herkku kissalle kanalla ja naudalla 4x14g - MiuMjau\",\"isPartOf\":{\"@id\":\"https:\/\/miumjau.ee\/#website\"},\"primaryImageOfPage\":{\"@id\":\"https:\/\/miumjau.ee\/tuote\/churu-kreemine-maius-kassile-kana-veis-4x14g\/#primaryimage\"},\"image\":{\"@id\":\"https:\/\/miumjau.ee\/tuote\/churu-kreemine-maius-kassile-kana-veis-4x14g\/#primaryimage\"},\"thumbnailUrl\":\"https:\/\/miumjau.ee\/wp-content\/uploads\/2025\/01\/churu-maiused-kassidele-uued5.jpg\",\"datePublished\":\"2025-01-14T06:44:35+00:00\",\"dateModified\":\"2026-01-07T20:55:15+00:00\",\"description\":\"Kissasi rakastaa varmasti Churu Popsin kermaisia \u200b\u200bkissan herkkuja! Yll\u00e4t\u00e4 h\u00e4net erilaisilla mauilla. Mik\u00e4 on kissasi suosikki?\",\"breadcrumb\":{\"@id\":\"https:\/\/miumjau.ee\/tuote\/churu-kreemine-maius-kassile-kana-veis-4x14g\/#breadcrumb\"},\"inLanguage\":\"fi\",\"potentialAction\":[{\"@type\":\"ReadAction\",\"target\":[\"https:\/\/miumjau.ee\/tuote\/churu-kreemine-maius-kassile-kana-veis-4x14g\/\"]}]},{\"@type\":\"ImageObject\",\"inLanguage\":\"fi\",\"@id\":\"https:\/\/miumjau.ee\/tuote\/churu-kreemine-maius-kassile-kana-veis-4x14g\/#primaryimage\",\"url\":\"https:\/\/miumjau.ee\/wp-content\/uploads\/2025\/01\/churu-maiused-kassidele-uued5.jpg\",\"contentUrl\":\"https:\/\/miumjau.ee\/wp-content\/uploads\/2025\/01\/churu-maiused-kassidele-uued5.jpg\",\"width\":600,\"height\":800,\"caption\":\"Churu kreemine maius kassile kana ja veisega 4x14g\"},{\"@type\":\"BreadcrumbList\",\"@id\":\"https:\/\/miumjau.ee\/tuote\/churu-kreemine-maius-kassile-kana-veis-4x14g\/#breadcrumb\",\"itemListElement\":[{\"@type\":\"ListItem\",\"position\":1,\"name\":\"Home\",\"item\":\"https:\/\/miumjau.ee\/fi\/\"},{\"@type\":\"ListItem\",\"position\":2,\"name\":\"Kauppa\",\"item\":\"https:\/\/miumjau.ee\/fi\/kauppa\/\"},{\"@type\":\"ListItem\",\"position\":3,\"name\":\"Churu herkku kissalle kanalla ja naudalla 4x14g\"}]},{\"@type\":\"WebSite\",\"@id\":\"https:\/\/miumjau.ee\/#website\",\"url\":\"https:\/\/miumjau.ee\/\",\"name\":\"MiuMjau\",\"description\":\"Kraapimispuud kassidele\",\"publisher\":{\"@id\":\"https:\/\/miumjau.ee\/#organization\"},\"potentialAction\":[{\"@type\":\"SearchAction\",\"target\":{\"@type\":\"EntryPoint\",\"urlTemplate\":\"https:\/\/miumjau.ee\/?s={search_term_string}\"},\"query-input\":{\"@type\":\"PropertyValueSpecification\",\"valueRequired\":true,\"valueName\":\"search_term_string\"}}],\"inLanguage\":\"fi\"},{\"@type\":\"Organization\",\"@id\":\"https:\/\/miumjau.ee\/#organization\",\"name\":\"MiuMjau O\u00dc\",\"url\":\"https:\/\/miumjau.ee\/\",\"logo\":{\"@type\":\"ImageObject\",\"inLanguage\":\"fi\",\"@id\":\"https:\/\/miumjau.ee\/#\/schema\/logo\/image\/\",\"url\":\"https:\/\/miumjau.ee\/wp-content\/uploads\/2022\/04\/MiuMjau-logo-kollane.png\",\"contentUrl\":\"https:\/\/miumjau.ee\/wp-content\/uploads\/2022\/04\/MiuMjau-logo-kollane.png\",\"width\":219,\"height\":100,\"caption\":\"MiuMjau O\u00dc\"},\"image\":{\"@id\":\"https:\/\/miumjau.ee\/#\/schema\/logo\/image\/\"},\"sameAs\":[\"https:\/\/www.facebook.com\/miumjaupood\/\"]}]}<\/script>\n<!-- \/ Yoast SEO plugin. -->","yoast_head_json":{"title":"Churu herkku kissalle kanalla ja naudalla 4x14g - MiuMjau","description":"Kissasi rakastaa varmasti Churu Popsin kermaisia \u200b\u200bkissan herkkuja! Yll\u00e4t\u00e4 h\u00e4net erilaisilla mauilla. Mik\u00e4 on kissasi suosikki?","robots":{"index":"index","follow":"follow","max-snippet":"max-snippet:-1","max-image-preview":"max-image-preview:large","max-video-preview":"max-video-preview:-1"},"canonical":"https:\/\/miumjau.ee\/tuote\/churu-kreemine-maius-kassile-kana-veis-4x14g\/","og_locale":"fi_FI","og_type":"article","og_title":"Churu herkku kissalle kanalla ja naudalla 4x14g - MiuMjau","og_description":"Kissasi rakastaa varmasti Churu Popsin kermaisia \u200b\u200bkissan herkkuja! Yll\u00e4t\u00e4 h\u00e4net erilaisilla mauilla. Mik\u00e4 on kissasi suosikki?","og_url":"https:\/\/miumjau.ee\/tuote\/churu-kreemine-maius-kassile-kana-veis-4x14g\/","og_site_name":"MiuMjau","article_publisher":"https:\/\/www.facebook.com\/miumjaupood\/","article_modified_time":"2026-01-07T20:55:15+00:00","og_image":[{"width":600,"height":800,"url":"https:\/\/miumjau.ee\/wp-content\/uploads\/2025\/01\/churu-maiused-kassidele-uued5.jpg","type":"image\/jpeg"}],"twitter_card":"summary_large_image","schema":{"@context":"https:\/\/schema.org","@graph":[{"@type":"WebPage","@id":"https:\/\/miumjau.ee\/tuote\/churu-kreemine-maius-kassile-kana-veis-4x14g\/","url":"https:\/\/miumjau.ee\/tuote\/churu-kreemine-maius-kassile-kana-veis-4x14g\/","name":"Churu herkku kissalle kanalla ja naudalla 4x14g - MiuMjau","isPartOf":{"@id":"https:\/\/miumjau.ee\/#website"},"primaryImageOfPage":{"@id":"https:\/\/miumjau.ee\/tuote\/churu-kreemine-maius-kassile-kana-veis-4x14g\/#primaryimage"},"image":{"@id":"https:\/\/miumjau.ee\/tuote\/churu-kreemine-maius-kassile-kana-veis-4x14g\/#primaryimage"},"thumbnailUrl":"https:\/\/miumjau.ee\/wp-content\/uploads\/2025\/01\/churu-maiused-kassidele-uued5.jpg","datePublished":"2025-01-14T06:44:35+00:00","dateModified":"2026-01-07T20:55:15+00:00","description":"Kissasi rakastaa varmasti Churu Popsin kermaisia \u200b\u200bkissan herkkuja! Yll\u00e4t\u00e4 h\u00e4net erilaisilla mauilla. Mik\u00e4 on kissasi suosikki?","breadcrumb":{"@id":"https:\/\/miumjau.ee\/tuote\/churu-kreemine-maius-kassile-kana-veis-4x14g\/#breadcrumb"},"inLanguage":"fi","potentialAction":[{"@type":"ReadAction","target":["https:\/\/miumjau.ee\/tuote\/churu-kreemine-maius-kassile-kana-veis-4x14g\/"]}]},{"@type":"ImageObject","inLanguage":"fi","@id":"https:\/\/miumjau.ee\/tuote\/churu-kreemine-maius-kassile-kana-veis-4x14g\/#primaryimage","url":"https:\/\/miumjau.ee\/wp-content\/uploads\/2025\/01\/churu-maiused-kassidele-uued5.jpg","contentUrl":"https:\/\/miumjau.ee\/wp-content\/uploads\/2025\/01\/churu-maiused-kassidele-uued5.jpg","width":600,"height":800,"caption":"Churu kreemine maius kassile kana ja veisega 4x14g"},{"@type":"BreadcrumbList","@id":"https:\/\/miumjau.ee\/tuote\/churu-kreemine-maius-kassile-kana-veis-4x14g\/#breadcrumb","itemListElement":[{"@type":"ListItem","position":1,"name":"Home","item":"https:\/\/miumjau.ee\/fi\/"},{"@type":"ListItem","position":2,"name":"Kauppa","item":"https:\/\/miumjau.ee\/fi\/kauppa\/"},{"@type":"ListItem","position":3,"name":"Churu herkku kissalle kanalla ja naudalla 4x14g"}]},{"@type":"WebSite","@id":"https:\/\/miumjau.ee\/#website","url":"https:\/\/miumjau.ee\/","name":"MiuMjau","description":"Kraapimispuud kassidele","publisher":{"@id":"https:\/\/miumjau.ee\/#organization"},"potentialAction":[{"@type":"SearchAction","target":{"@type":"EntryPoint","urlTemplate":"https:\/\/miumjau.ee\/?s={search_term_string}"},"query-input":{"@type":"PropertyValueSpecification","valueRequired":true,"valueName":"search_term_string"}}],"inLanguage":"fi"},{"@type":"Organization","@id":"https:\/\/miumjau.ee\/#organization","name":"MiuMjau O\u00dc","url":"https:\/\/miumjau.ee\/","logo":{"@type":"ImageObject","inLanguage":"fi","@id":"https:\/\/miumjau.ee\/#\/schema\/logo\/image\/","url":"https:\/\/miumjau.ee\/wp-content\/uploads\/2022\/04\/MiuMjau-logo-kollane.png","contentUrl":"https:\/\/miumjau.ee\/wp-content\/uploads\/2022\/04\/MiuMjau-logo-kollane.png","width":219,"height":100,"caption":"MiuMjau O\u00dc"},"image":{"@id":"https:\/\/miumjau.ee\/#\/schema\/logo\/image\/"},"sameAs":["https:\/\/www.facebook.com\/miumjaupood\/"]}]}},"_links":{"self":[{"href":"https:\/\/miumjau.ee\/fi\/wp-json\/wp\/v2\/product\/28481","targetHints":{"allow":["GET"]}}],"collection":[{"href":"https:\/\/miumjau.ee\/fi\/wp-json\/wp\/v2\/product"}],"about":[{"href":"https:\/\/miumjau.ee\/fi\/wp-json\/wp\/v2\/types\/product"}],"wp:featuredmedia":[{"embeddable":true,"href":"https:\/\/miumjau.ee\/fi\/wp-json\/wp\/v2\/media\/26443"}],"wp:attachment":[{"href":"https:\/\/miumjau.ee\/fi\/wp-json\/wp\/v2\/media?parent=28481"}],"wp:term":[{"taxonomy":"product_brand","embeddable":true,"href":"https:\/\/miumjau.ee\/fi\/wp-json\/wp\/v2\/product_brand?post=28481"},{"taxonomy":"product_cat","embeddable":true,"href":"https:\/\/miumjau.ee\/fi\/wp-json\/wp\/v2\/product_cat?post=28481"},{"taxonomy":"product_tag","embeddable":true,"href":"https:\/\/miumjau.ee\/fi\/wp-json\/wp\/v2\/product_tag?post=28481"}],"curies":[{"name":"wp","href":"https:\/\/api.w.org\/{rel}","templated":true}]}}