{"id":28478,"date":"2025-01-14T10:04:46","date_gmt":"2025-01-14T08:04:46","guid":{"rendered":"https:\/\/miumjau.ee\/toode\/churu-kissojen-herkkulajitelma-kanalla-ja-naudalla-20-kpl\/"},"modified":"2026-01-07T22:55:15","modified_gmt":"2026-01-07T20:55:15","slug":"churu-kissojen-herkkulajitelma-kanalla-ja-naudalla-20-kpl","status":"publish","type":"product","link":"https:\/\/miumjau.ee\/fi\/tuote\/churu-kissojen-herkkulajitelma-kanalla-ja-naudalla-20-kpl\/","title":{"rendered":"Churu kissojen herkkulajitelma kanalla ja naudalla 20 kpl"},"content":{"rendered":"","protected":false},"excerpt":{"rendered":"<p>VALMISTETTU TERVEELLISIST\u00c4 AINEOSISTA, JOIHIN VOIT LUOTTAA:<br \/>\nJokainen Inaba-tuote on valmistettu herkullisista ja laadukkaista ainesosista, kuten tilalla kasvatetusta kanasta ja\/tai luonnosta pyydetyst\u00e4 tonnikalasta.<\/p>\n<p>PID\u00c4 KISSASI KOSTEUTETTUNA ILMAN LIS\u00c4KALOREITA:<br \/>\nJokainen herkullinen, kermaisen pehme\u00e4 Churu-tuubi sis\u00e4lt\u00e4\u00e4 91% kosteutta ja vain kuusi kaloria (kymmenyksen verran perinteisten kuivien kissanherkkujen kaloreista), mik\u00e4 tekee siit\u00e4 terveellisen v\u00e4lipalan, jonka antamisesta voit olla hyvill\u00e4 mielin.<\/p>\n<p>ILMAN HUONOJA AINEITA:<br \/>\nKissasi hyvinvointi on meille t\u00e4rke\u00e4\u00e4, ja siksi olemme j\u00e4tt\u00e4neet pois sellaiset asiat kuin viljat, s\u00e4il\u00f6nt\u00e4aineet, keinotekoiset v\u00e4rit ja karrageenin. Sen sijaan olemme lis\u00e4nneet aineita, kuten tauriinia, parantamaan kissasi yleist\u00e4 terveytt\u00e4.<\/p>\n<p>ANNA HEID\u00c4N SY\u00d6D\u00c4 K\u00c4DEST\u00c4SI:<br \/>\nN\u00e4m\u00e4 nuoltavat, kissalle tarkoitetut sosepuurituubit on suunniteltu k\u00e4sin sy\u00f6tett\u00e4v\u00e4ksi, jotta voit viett\u00e4\u00e4 aikaa kissasi kanssa interaktiivisesti. Voit k\u00e4ytt\u00e4\u00e4 niit\u00e4 my\u00f6s m\u00e4r\u00e4n\/kuivan kissanruoan p\u00e4\u00e4lle tai l\u00e4\u00e4kkeiden peitt\u00e4miseen.<\/p>\n<p>LIS\u00c4\u00c4 KISSASI EL\u00c4M\u00c4\u00c4N MAITOKOKEMUS:<br \/>\nSaatavana eri makuina, ja kissasi voi valita oman suosikkimakunsa.<\/p>\n<p>Ainesosat:<\/p>\n<p>KARPISSA 20 KPL:<br \/>\nKana juustolla resepti x5 tuubia<br \/>\nVesi, kanaliha, juusto (maito, vesi, fosforihappo), tapiokat\u00e4rkkelys, luonnolliset mausteet, luonnollinen kanan maku, guarkumi, E-vitamiinin lis\u00e4aine, tauriini, vihre\u00e4n teen uute<\/p>\n<p>Kana naudanlihalla resepti x5 tuubia<br \/>\nVesi, kana, tapiokat\u00e4rkkelys, naudanliha, luonnolliset mausteet, luonnollinen kanan maku, guarkumi, E-vitamiinin lis\u00e4aine, tauriini, vihre\u00e4n teen uute<\/p>\n<p>Kana naudanlihan ja juuston kanssa resepti x5 tuubia<br \/>\nVesi, kanaliha, juusto (maito, vesi, fosforihappo), tapiokat\u00e4rkkelys, naudanliha, luonnolliset mausteet, luonnollinen kanan maku, guarkumi, E-vitamiinin lis\u00e4aine, tauriini, vihre\u00e4n teen uute<\/p>\n<p>Kana lohella resepti x5 tuubia<br \/>\nVesi, kana, tapiokat\u00e4rkkelys, lohi, luonnolliset mausteet, luonnollinen kampasimpukan maku, guarkumi, E-vitamiinin lis\u00e4aine, tauriini, vihre\u00e4n teen uute<\/p>\n<p>Analyyttinen koostumus:<br \/>\nRaakaproteiini (min) 7,00%<br \/>\nRaakarasva (min) 0,20%<br \/>\nRaakakuitu (max) 0,30%<br \/>\nKosteus (max) 91,00%<br \/>\nE-vitamiini (min) 310 IU\/kg<br \/>\nTauriini (min) 0,025%<\/p>\n","protected":false},"featured_media":26455,"template":"","meta":[],"product_brand":[],"product_cat":[266],"product_tag":[],"class_list":{"0":"post-28478","1":"product","2":"type-product","3":"status-publish","4":"has-post-thumbnail","6":"product_cat-makeiset","8":"first","9":"instock","10":"taxable","11":"shipping-taxable","12":"purchasable","13":"product-type-simple"},"yoast_head":"<!-- This site is optimized with the Yoast SEO plugin v27.2 - https:\/\/yoast.com\/product\/yoast-seo-wordpress\/ -->\n<title>Churu kissojen herkkulajitelma kanalla ja naudalla 20 kpl - MiuMjau<\/title>\n<meta name=\"description\" content=\"Kissasi rakastaa varmasti Churu Popsin kermaisia \u200b\u200bkissan herkkuja! Yll\u00e4t\u00e4 h\u00e4net erilaisilla mauilla. Mik\u00e4 on kissasi suosikki?\" \/>\n<meta name=\"robots\" content=\"index, follow, max-snippet:-1, max-image-preview:large, max-video-preview:-1\" \/>\n<link rel=\"canonical\" href=\"https:\/\/miumjau.ee\/tuote\/churu-cat-varieties-chicken-with-beef-14g-x-20tubes\/\" \/>\n<meta property=\"og:locale\" content=\"fi_FI\" \/>\n<meta property=\"og:type\" content=\"article\" \/>\n<meta property=\"og:title\" content=\"Churu kissojen herkkulajitelma kanalla ja naudalla 20 kpl - MiuMjau\" \/>\n<meta property=\"og:description\" content=\"Kissasi rakastaa varmasti Churu Popsin kermaisia \u200b\u200bkissan herkkuja! Yll\u00e4t\u00e4 h\u00e4net erilaisilla mauilla. Mik\u00e4 on kissasi suosikki?\" \/>\n<meta property=\"og:url\" content=\"https:\/\/miumjau.ee\/tuote\/churu-cat-varieties-chicken-with-beef-14g-x-20tubes\/\" \/>\n<meta property=\"og:site_name\" content=\"MiuMjau\" \/>\n<meta property=\"article:publisher\" content=\"https:\/\/www.facebook.com\/miumjaupood\/\" \/>\n<meta property=\"article:modified_time\" content=\"2026-01-07T20:55:15+00:00\" \/>\n<meta property=\"og:image\" content=\"https:\/\/miumjau.ee\/wp-content\/uploads\/2025\/01\/churu-maiused-kassidele-uued8.jpg\" \/>\n\t<meta property=\"og:image:width\" content=\"600\" \/>\n\t<meta property=\"og:image:height\" content=\"800\" \/>\n\t<meta property=\"og:image:type\" content=\"image\/jpeg\" \/>\n<meta name=\"twitter:card\" content=\"summary_large_image\" \/>\n<script type=\"application\/ld+json\" class=\"yoast-schema-graph\">{\"@context\":\"https:\/\/schema.org\",\"@graph\":[{\"@type\":\"WebPage\",\"@id\":\"https:\/\/miumjau.ee\/tuote\/churu-cat-varieties-chicken-with-beef-14g-x-20tubes\/\",\"url\":\"https:\/\/miumjau.ee\/tuote\/churu-cat-varieties-chicken-with-beef-14g-x-20tubes\/\",\"name\":\"Churu kissojen herkkulajitelma kanalla ja naudalla 20 kpl - MiuMjau\",\"isPartOf\":{\"@id\":\"https:\/\/miumjau.ee\/#website\"},\"primaryImageOfPage\":{\"@id\":\"https:\/\/miumjau.ee\/tuote\/churu-cat-varieties-chicken-with-beef-14g-x-20tubes\/#primaryimage\"},\"image\":{\"@id\":\"https:\/\/miumjau.ee\/tuote\/churu-cat-varieties-chicken-with-beef-14g-x-20tubes\/#primaryimage\"},\"thumbnailUrl\":\"https:\/\/miumjau.ee\/wp-content\/uploads\/2025\/01\/churu-maiused-kassidele-uued8.jpg\",\"datePublished\":\"2025-01-14T08:04:46+00:00\",\"dateModified\":\"2026-01-07T20:55:15+00:00\",\"description\":\"Kissasi rakastaa varmasti Churu Popsin kermaisia \u200b\u200bkissan herkkuja! Yll\u00e4t\u00e4 h\u00e4net erilaisilla mauilla. Mik\u00e4 on kissasi suosikki?\",\"breadcrumb\":{\"@id\":\"https:\/\/miumjau.ee\/tuote\/churu-cat-varieties-chicken-with-beef-14g-x-20tubes\/#breadcrumb\"},\"inLanguage\":\"fi\",\"potentialAction\":[{\"@type\":\"ReadAction\",\"target\":[\"https:\/\/miumjau.ee\/tuote\/churu-cat-varieties-chicken-with-beef-14g-x-20tubes\/\"]}]},{\"@type\":\"ImageObject\",\"inLanguage\":\"fi\",\"@id\":\"https:\/\/miumjau.ee\/tuote\/churu-cat-varieties-chicken-with-beef-14g-x-20tubes\/#primaryimage\",\"url\":\"https:\/\/miumjau.ee\/wp-content\/uploads\/2025\/01\/churu-maiused-kassidele-uued8.jpg\",\"contentUrl\":\"https:\/\/miumjau.ee\/wp-content\/uploads\/2025\/01\/churu-maiused-kassidele-uued8.jpg\",\"width\":600,\"height\":800,\"caption\":\"Churu kassi maiuste assortii kana ja veisega 20 tk\"},{\"@type\":\"BreadcrumbList\",\"@id\":\"https:\/\/miumjau.ee\/tuote\/churu-cat-varieties-chicken-with-beef-14g-x-20tubes\/#breadcrumb\",\"itemListElement\":[{\"@type\":\"ListItem\",\"position\":1,\"name\":\"Home\",\"item\":\"https:\/\/miumjau.ee\/fi\/\"},{\"@type\":\"ListItem\",\"position\":2,\"name\":\"Kauppa\",\"item\":\"https:\/\/miumjau.ee\/fi\/kauppa\/\"},{\"@type\":\"ListItem\",\"position\":3,\"name\":\"Churu kissojen herkkulajitelma kanalla ja naudalla 20 kpl\"}]},{\"@type\":\"WebSite\",\"@id\":\"https:\/\/miumjau.ee\/#website\",\"url\":\"https:\/\/miumjau.ee\/\",\"name\":\"MiuMjau\",\"description\":\"Kraapimispuud kassidele\",\"publisher\":{\"@id\":\"https:\/\/miumjau.ee\/#organization\"},\"potentialAction\":[{\"@type\":\"SearchAction\",\"target\":{\"@type\":\"EntryPoint\",\"urlTemplate\":\"https:\/\/miumjau.ee\/?s={search_term_string}\"},\"query-input\":{\"@type\":\"PropertyValueSpecification\",\"valueRequired\":true,\"valueName\":\"search_term_string\"}}],\"inLanguage\":\"fi\"},{\"@type\":\"Organization\",\"@id\":\"https:\/\/miumjau.ee\/#organization\",\"name\":\"MiuMjau O\u00dc\",\"url\":\"https:\/\/miumjau.ee\/\",\"logo\":{\"@type\":\"ImageObject\",\"inLanguage\":\"fi\",\"@id\":\"https:\/\/miumjau.ee\/#\/schema\/logo\/image\/\",\"url\":\"https:\/\/miumjau.ee\/wp-content\/uploads\/2022\/04\/MiuMjau-logo-kollane.png\",\"contentUrl\":\"https:\/\/miumjau.ee\/wp-content\/uploads\/2022\/04\/MiuMjau-logo-kollane.png\",\"width\":219,\"height\":100,\"caption\":\"MiuMjau O\u00dc\"},\"image\":{\"@id\":\"https:\/\/miumjau.ee\/#\/schema\/logo\/image\/\"},\"sameAs\":[\"https:\/\/www.facebook.com\/miumjaupood\/\"]}]}<\/script>\n<!-- \/ Yoast SEO plugin. -->","yoast_head_json":{"title":"Churu kissojen herkkulajitelma kanalla ja naudalla 20 kpl - MiuMjau","description":"Kissasi rakastaa varmasti Churu Popsin kermaisia \u200b\u200bkissan herkkuja! Yll\u00e4t\u00e4 h\u00e4net erilaisilla mauilla. Mik\u00e4 on kissasi suosikki?","robots":{"index":"index","follow":"follow","max-snippet":"max-snippet:-1","max-image-preview":"max-image-preview:large","max-video-preview":"max-video-preview:-1"},"canonical":"https:\/\/miumjau.ee\/tuote\/churu-cat-varieties-chicken-with-beef-14g-x-20tubes\/","og_locale":"fi_FI","og_type":"article","og_title":"Churu kissojen herkkulajitelma kanalla ja naudalla 20 kpl - MiuMjau","og_description":"Kissasi rakastaa varmasti Churu Popsin kermaisia \u200b\u200bkissan herkkuja! Yll\u00e4t\u00e4 h\u00e4net erilaisilla mauilla. Mik\u00e4 on kissasi suosikki?","og_url":"https:\/\/miumjau.ee\/tuote\/churu-cat-varieties-chicken-with-beef-14g-x-20tubes\/","og_site_name":"MiuMjau","article_publisher":"https:\/\/www.facebook.com\/miumjaupood\/","article_modified_time":"2026-01-07T20:55:15+00:00","og_image":[{"width":600,"height":800,"url":"https:\/\/miumjau.ee\/wp-content\/uploads\/2025\/01\/churu-maiused-kassidele-uued8.jpg","type":"image\/jpeg"}],"twitter_card":"summary_large_image","schema":{"@context":"https:\/\/schema.org","@graph":[{"@type":"WebPage","@id":"https:\/\/miumjau.ee\/tuote\/churu-cat-varieties-chicken-with-beef-14g-x-20tubes\/","url":"https:\/\/miumjau.ee\/tuote\/churu-cat-varieties-chicken-with-beef-14g-x-20tubes\/","name":"Churu kissojen herkkulajitelma kanalla ja naudalla 20 kpl - MiuMjau","isPartOf":{"@id":"https:\/\/miumjau.ee\/#website"},"primaryImageOfPage":{"@id":"https:\/\/miumjau.ee\/tuote\/churu-cat-varieties-chicken-with-beef-14g-x-20tubes\/#primaryimage"},"image":{"@id":"https:\/\/miumjau.ee\/tuote\/churu-cat-varieties-chicken-with-beef-14g-x-20tubes\/#primaryimage"},"thumbnailUrl":"https:\/\/miumjau.ee\/wp-content\/uploads\/2025\/01\/churu-maiused-kassidele-uued8.jpg","datePublished":"2025-01-14T08:04:46+00:00","dateModified":"2026-01-07T20:55:15+00:00","description":"Kissasi rakastaa varmasti Churu Popsin kermaisia \u200b\u200bkissan herkkuja! Yll\u00e4t\u00e4 h\u00e4net erilaisilla mauilla. Mik\u00e4 on kissasi suosikki?","breadcrumb":{"@id":"https:\/\/miumjau.ee\/tuote\/churu-cat-varieties-chicken-with-beef-14g-x-20tubes\/#breadcrumb"},"inLanguage":"fi","potentialAction":[{"@type":"ReadAction","target":["https:\/\/miumjau.ee\/tuote\/churu-cat-varieties-chicken-with-beef-14g-x-20tubes\/"]}]},{"@type":"ImageObject","inLanguage":"fi","@id":"https:\/\/miumjau.ee\/tuote\/churu-cat-varieties-chicken-with-beef-14g-x-20tubes\/#primaryimage","url":"https:\/\/miumjau.ee\/wp-content\/uploads\/2025\/01\/churu-maiused-kassidele-uued8.jpg","contentUrl":"https:\/\/miumjau.ee\/wp-content\/uploads\/2025\/01\/churu-maiused-kassidele-uued8.jpg","width":600,"height":800,"caption":"Churu kassi maiuste assortii kana ja veisega 20 tk"},{"@type":"BreadcrumbList","@id":"https:\/\/miumjau.ee\/tuote\/churu-cat-varieties-chicken-with-beef-14g-x-20tubes\/#breadcrumb","itemListElement":[{"@type":"ListItem","position":1,"name":"Home","item":"https:\/\/miumjau.ee\/fi\/"},{"@type":"ListItem","position":2,"name":"Kauppa","item":"https:\/\/miumjau.ee\/fi\/kauppa\/"},{"@type":"ListItem","position":3,"name":"Churu kissojen herkkulajitelma kanalla ja naudalla 20 kpl"}]},{"@type":"WebSite","@id":"https:\/\/miumjau.ee\/#website","url":"https:\/\/miumjau.ee\/","name":"MiuMjau","description":"Kraapimispuud kassidele","publisher":{"@id":"https:\/\/miumjau.ee\/#organization"},"potentialAction":[{"@type":"SearchAction","target":{"@type":"EntryPoint","urlTemplate":"https:\/\/miumjau.ee\/?s={search_term_string}"},"query-input":{"@type":"PropertyValueSpecification","valueRequired":true,"valueName":"search_term_string"}}],"inLanguage":"fi"},{"@type":"Organization","@id":"https:\/\/miumjau.ee\/#organization","name":"MiuMjau O\u00dc","url":"https:\/\/miumjau.ee\/","logo":{"@type":"ImageObject","inLanguage":"fi","@id":"https:\/\/miumjau.ee\/#\/schema\/logo\/image\/","url":"https:\/\/miumjau.ee\/wp-content\/uploads\/2022\/04\/MiuMjau-logo-kollane.png","contentUrl":"https:\/\/miumjau.ee\/wp-content\/uploads\/2022\/04\/MiuMjau-logo-kollane.png","width":219,"height":100,"caption":"MiuMjau O\u00dc"},"image":{"@id":"https:\/\/miumjau.ee\/#\/schema\/logo\/image\/"},"sameAs":["https:\/\/www.facebook.com\/miumjaupood\/"]}]}},"_links":{"self":[{"href":"https:\/\/miumjau.ee\/fi\/wp-json\/wp\/v2\/product\/28478","targetHints":{"allow":["GET"]}}],"collection":[{"href":"https:\/\/miumjau.ee\/fi\/wp-json\/wp\/v2\/product"}],"about":[{"href":"https:\/\/miumjau.ee\/fi\/wp-json\/wp\/v2\/types\/product"}],"wp:featuredmedia":[{"embeddable":true,"href":"https:\/\/miumjau.ee\/fi\/wp-json\/wp\/v2\/media\/26455"}],"wp:attachment":[{"href":"https:\/\/miumjau.ee\/fi\/wp-json\/wp\/v2\/media?parent=28478"}],"wp:term":[{"taxonomy":"product_brand","embeddable":true,"href":"https:\/\/miumjau.ee\/fi\/wp-json\/wp\/v2\/product_brand?post=28478"},{"taxonomy":"product_cat","embeddable":true,"href":"https:\/\/miumjau.ee\/fi\/wp-json\/wp\/v2\/product_cat?post=28478"},{"taxonomy":"product_tag","embeddable":true,"href":"https:\/\/miumjau.ee\/fi\/wp-json\/wp\/v2\/product_tag?post=28478"}],"curies":[{"name":"wp","href":"https:\/\/api.w.org\/{rel}","templated":true}]}}