{"id":28476,"date":"2025-01-14T10:09:14","date_gmt":"2025-01-14T08:09:14","guid":{"rendered":"https:\/\/miumjau.ee\/toode\/churu-bites-herkut-kissalle-kanalla-3x10g\/"},"modified":"2026-01-07T22:55:15","modified_gmt":"2026-01-07T20:55:15","slug":"churu-bites-herkut-kissalle-kanalla-3x10g","status":"publish","type":"product","link":"https:\/\/miumjau.ee\/fi\/tuote\/churu-bites-herkut-kissalle-kanalla-3x10g\/","title":{"rendered":"Churu Bites herkut kissalle kanalla 3x10g"},"content":{"rendered":"","protected":false},"excerpt":{"rendered":"<p>VALMISTETTU TERVEELLISIST\u00c4 AINEOSISTA, JOIHIN VOIT LUOTTAA:<br \/>\nJokainen INABA-tuote on valmistettu herkullisista, laadukkaista ainesosista, kuten tilalla kasvatetusta kanasta ja luonnollisesti pyydetyst\u00e4 tonnikalasta.<\/p>\n<p>KAKSINKERTAINEN RAKENNE:<br \/>\nJokainen tyynynmuotoinen herkkupala alkaa pehme\u00e4ll\u00e4 paistetulla kanapastalla, joka ei sis\u00e4ll\u00e4 viljoja, s\u00e4il\u00f6nt\u00e4aineita, karrageenia eik\u00e4 keinotekoisia v\u00e4riaineita. Sen j\u00e4lkeen t\u00e4yt\u00e4mme keskiosan INABA:n herkullisella Churu-t\u00e4ytteell\u00e4, antaen kissallesi kaksinkertaisesti paremman rakenteen.<\/p>\n<p>Jopa kaikkein nirsoin kissa sy\u00f6 n\u00e4m\u00e4 herkut suoraan k\u00e4sist\u00e4si.<\/p>\n<p>Ainesosat:<br \/>\nKana, vesi, tonnikala, tapiokki, munanvalkuainen, natriumkaseinaatti, guarkumi, luonnollinen kana-maku, luonnolliset mausteet, hiiva-uute, E-vitamiinin lis\u00e4aine, paprika oleoresiini (v\u00e4ri), vihre\u00e4n teen uute<\/p>\n<p>Analyyttinen koostumus:<br \/>\nRaakaproteiini (min) 22,00%<br \/>\nRaakavarsi (min) 3,00%<br \/>\nRaakakuitu (max) 0,50%<br \/>\nKosteus (max) 72,00%<br \/>\nE-vitamiini (min) 80 IU\/kg<\/p>\n","protected":false},"featured_media":26447,"template":"","meta":[],"product_brand":[],"product_cat":[266],"product_tag":[],"class_list":{"0":"post-28476","1":"product","2":"type-product","3":"status-publish","4":"has-post-thumbnail","6":"product_cat-makeiset","8":"first","9":"instock","10":"taxable","11":"shipping-taxable","12":"purchasable","13":"product-type-simple"},"yoast_head":"<!-- This site is optimized with the Yoast SEO plugin v27.2 - https:\/\/yoast.com\/product\/yoast-seo-wordpress\/ -->\n<title>Churu Bites herkut kissalle kanalla 3x10g - MiuMjau<\/title>\n<meta name=\"description\" content=\"Pehme\u00e4t Churu-herkut kissoille auttavat sinua voittamaan kissasi syd\u00e4men. Tarjoa heille erilaisia \u200b\u200bruokia heid\u00e4n tavallisten aterioidensa lis\u00e4ksi ja ilahduta heit\u00e4 upeilla mauilla.\" \/>\n<meta name=\"robots\" content=\"index, follow, max-snippet:-1, max-image-preview:large, max-video-preview:-1\" \/>\n<link rel=\"canonical\" href=\"https:\/\/miumjau.ee\/tuote\/churu-bites-maiused-kassile-kanaga-3x10g\/\" \/>\n<meta property=\"og:locale\" content=\"fi_FI\" \/>\n<meta property=\"og:type\" content=\"article\" \/>\n<meta property=\"og:title\" content=\"Churu Bites herkut kissalle kanalla 3x10g - MiuMjau\" \/>\n<meta property=\"og:description\" content=\"Pehme\u00e4t Churu-herkut kissoille auttavat sinua voittamaan kissasi syd\u00e4men. Tarjoa heille erilaisia \u200b\u200bruokia heid\u00e4n tavallisten aterioidensa lis\u00e4ksi ja ilahduta heit\u00e4 upeilla mauilla.\" \/>\n<meta property=\"og:url\" content=\"https:\/\/miumjau.ee\/tuote\/churu-bites-maiused-kassile-kanaga-3x10g\/\" \/>\n<meta property=\"og:site_name\" content=\"MiuMjau\" \/>\n<meta property=\"article:publisher\" content=\"https:\/\/www.facebook.com\/miumjaupood\/\" \/>\n<meta property=\"article:modified_time\" content=\"2026-01-07T20:55:15+00:00\" \/>\n<meta property=\"og:image\" content=\"https:\/\/miumjau.ee\/wp-content\/uploads\/2025\/01\/churu-maiused-kassidele-uued6.jpg\" \/>\n\t<meta property=\"og:image:width\" content=\"600\" \/>\n\t<meta property=\"og:image:height\" content=\"800\" \/>\n\t<meta property=\"og:image:type\" content=\"image\/jpeg\" \/>\n<meta name=\"twitter:card\" content=\"summary_large_image\" \/>\n<script type=\"application\/ld+json\" class=\"yoast-schema-graph\">{\"@context\":\"https:\/\/schema.org\",\"@graph\":[{\"@type\":\"WebPage\",\"@id\":\"https:\/\/miumjau.ee\/tuote\/churu-bites-maiused-kassile-kanaga-3x10g\/\",\"url\":\"https:\/\/miumjau.ee\/tuote\/churu-bites-maiused-kassile-kanaga-3x10g\/\",\"name\":\"Churu Bites herkut kissalle kanalla 3x10g - MiuMjau\",\"isPartOf\":{\"@id\":\"https:\/\/miumjau.ee\/#website\"},\"primaryImageOfPage\":{\"@id\":\"https:\/\/miumjau.ee\/tuote\/churu-bites-maiused-kassile-kanaga-3x10g\/#primaryimage\"},\"image\":{\"@id\":\"https:\/\/miumjau.ee\/tuote\/churu-bites-maiused-kassile-kanaga-3x10g\/#primaryimage\"},\"thumbnailUrl\":\"https:\/\/miumjau.ee\/wp-content\/uploads\/2025\/01\/churu-maiused-kassidele-uued6.jpg\",\"datePublished\":\"2025-01-14T08:09:14+00:00\",\"dateModified\":\"2026-01-07T20:55:15+00:00\",\"description\":\"Pehme\u00e4t Churu-herkut kissoille auttavat sinua voittamaan kissasi syd\u00e4men. Tarjoa heille erilaisia \u200b\u200bruokia heid\u00e4n tavallisten aterioidensa lis\u00e4ksi ja ilahduta heit\u00e4 upeilla mauilla.\",\"breadcrumb\":{\"@id\":\"https:\/\/miumjau.ee\/tuote\/churu-bites-maiused-kassile-kanaga-3x10g\/#breadcrumb\"},\"inLanguage\":\"fi\",\"potentialAction\":[{\"@type\":\"ReadAction\",\"target\":[\"https:\/\/miumjau.ee\/tuote\/churu-bites-maiused-kassile-kanaga-3x10g\/\"]}]},{\"@type\":\"ImageObject\",\"inLanguage\":\"fi\",\"@id\":\"https:\/\/miumjau.ee\/tuote\/churu-bites-maiused-kassile-kanaga-3x10g\/#primaryimage\",\"url\":\"https:\/\/miumjau.ee\/wp-content\/uploads\/2025\/01\/churu-maiused-kassidele-uued6.jpg\",\"contentUrl\":\"https:\/\/miumjau.ee\/wp-content\/uploads\/2025\/01\/churu-maiused-kassidele-uued6.jpg\",\"width\":600,\"height\":800,\"caption\":\"Churu Bites maiused kassile kanaga 3x10g\"},{\"@type\":\"BreadcrumbList\",\"@id\":\"https:\/\/miumjau.ee\/tuote\/churu-bites-maiused-kassile-kanaga-3x10g\/#breadcrumb\",\"itemListElement\":[{\"@type\":\"ListItem\",\"position\":1,\"name\":\"Home\",\"item\":\"https:\/\/miumjau.ee\/fi\/\"},{\"@type\":\"ListItem\",\"position\":2,\"name\":\"Kauppa\",\"item\":\"https:\/\/miumjau.ee\/fi\/kauppa\/\"},{\"@type\":\"ListItem\",\"position\":3,\"name\":\"Churu Bites herkut kissalle kanalla 3x10g\"}]},{\"@type\":\"WebSite\",\"@id\":\"https:\/\/miumjau.ee\/#website\",\"url\":\"https:\/\/miumjau.ee\/\",\"name\":\"MiuMjau\",\"description\":\"Kraapimispuud kassidele\",\"publisher\":{\"@id\":\"https:\/\/miumjau.ee\/#organization\"},\"potentialAction\":[{\"@type\":\"SearchAction\",\"target\":{\"@type\":\"EntryPoint\",\"urlTemplate\":\"https:\/\/miumjau.ee\/?s={search_term_string}\"},\"query-input\":{\"@type\":\"PropertyValueSpecification\",\"valueRequired\":true,\"valueName\":\"search_term_string\"}}],\"inLanguage\":\"fi\"},{\"@type\":\"Organization\",\"@id\":\"https:\/\/miumjau.ee\/#organization\",\"name\":\"MiuMjau O\u00dc\",\"url\":\"https:\/\/miumjau.ee\/\",\"logo\":{\"@type\":\"ImageObject\",\"inLanguage\":\"fi\",\"@id\":\"https:\/\/miumjau.ee\/#\/schema\/logo\/image\/\",\"url\":\"https:\/\/miumjau.ee\/wp-content\/uploads\/2022\/04\/MiuMjau-logo-kollane.png\",\"contentUrl\":\"https:\/\/miumjau.ee\/wp-content\/uploads\/2022\/04\/MiuMjau-logo-kollane.png\",\"width\":219,\"height\":100,\"caption\":\"MiuMjau O\u00dc\"},\"image\":{\"@id\":\"https:\/\/miumjau.ee\/#\/schema\/logo\/image\/\"},\"sameAs\":[\"https:\/\/www.facebook.com\/miumjaupood\/\"]}]}<\/script>\n<!-- \/ Yoast SEO plugin. -->","yoast_head_json":{"title":"Churu Bites herkut kissalle kanalla 3x10g - MiuMjau","description":"Pehme\u00e4t Churu-herkut kissoille auttavat sinua voittamaan kissasi syd\u00e4men. Tarjoa heille erilaisia \u200b\u200bruokia heid\u00e4n tavallisten aterioidensa lis\u00e4ksi ja ilahduta heit\u00e4 upeilla mauilla.","robots":{"index":"index","follow":"follow","max-snippet":"max-snippet:-1","max-image-preview":"max-image-preview:large","max-video-preview":"max-video-preview:-1"},"canonical":"https:\/\/miumjau.ee\/tuote\/churu-bites-maiused-kassile-kanaga-3x10g\/","og_locale":"fi_FI","og_type":"article","og_title":"Churu Bites herkut kissalle kanalla 3x10g - MiuMjau","og_description":"Pehme\u00e4t Churu-herkut kissoille auttavat sinua voittamaan kissasi syd\u00e4men. Tarjoa heille erilaisia \u200b\u200bruokia heid\u00e4n tavallisten aterioidensa lis\u00e4ksi ja ilahduta heit\u00e4 upeilla mauilla.","og_url":"https:\/\/miumjau.ee\/tuote\/churu-bites-maiused-kassile-kanaga-3x10g\/","og_site_name":"MiuMjau","article_publisher":"https:\/\/www.facebook.com\/miumjaupood\/","article_modified_time":"2026-01-07T20:55:15+00:00","og_image":[{"width":600,"height":800,"url":"https:\/\/miumjau.ee\/wp-content\/uploads\/2025\/01\/churu-maiused-kassidele-uued6.jpg","type":"image\/jpeg"}],"twitter_card":"summary_large_image","schema":{"@context":"https:\/\/schema.org","@graph":[{"@type":"WebPage","@id":"https:\/\/miumjau.ee\/tuote\/churu-bites-maiused-kassile-kanaga-3x10g\/","url":"https:\/\/miumjau.ee\/tuote\/churu-bites-maiused-kassile-kanaga-3x10g\/","name":"Churu Bites herkut kissalle kanalla 3x10g - MiuMjau","isPartOf":{"@id":"https:\/\/miumjau.ee\/#website"},"primaryImageOfPage":{"@id":"https:\/\/miumjau.ee\/tuote\/churu-bites-maiused-kassile-kanaga-3x10g\/#primaryimage"},"image":{"@id":"https:\/\/miumjau.ee\/tuote\/churu-bites-maiused-kassile-kanaga-3x10g\/#primaryimage"},"thumbnailUrl":"https:\/\/miumjau.ee\/wp-content\/uploads\/2025\/01\/churu-maiused-kassidele-uued6.jpg","datePublished":"2025-01-14T08:09:14+00:00","dateModified":"2026-01-07T20:55:15+00:00","description":"Pehme\u00e4t Churu-herkut kissoille auttavat sinua voittamaan kissasi syd\u00e4men. Tarjoa heille erilaisia \u200b\u200bruokia heid\u00e4n tavallisten aterioidensa lis\u00e4ksi ja ilahduta heit\u00e4 upeilla mauilla.","breadcrumb":{"@id":"https:\/\/miumjau.ee\/tuote\/churu-bites-maiused-kassile-kanaga-3x10g\/#breadcrumb"},"inLanguage":"fi","potentialAction":[{"@type":"ReadAction","target":["https:\/\/miumjau.ee\/tuote\/churu-bites-maiused-kassile-kanaga-3x10g\/"]}]},{"@type":"ImageObject","inLanguage":"fi","@id":"https:\/\/miumjau.ee\/tuote\/churu-bites-maiused-kassile-kanaga-3x10g\/#primaryimage","url":"https:\/\/miumjau.ee\/wp-content\/uploads\/2025\/01\/churu-maiused-kassidele-uued6.jpg","contentUrl":"https:\/\/miumjau.ee\/wp-content\/uploads\/2025\/01\/churu-maiused-kassidele-uued6.jpg","width":600,"height":800,"caption":"Churu Bites maiused kassile kanaga 3x10g"},{"@type":"BreadcrumbList","@id":"https:\/\/miumjau.ee\/tuote\/churu-bites-maiused-kassile-kanaga-3x10g\/#breadcrumb","itemListElement":[{"@type":"ListItem","position":1,"name":"Home","item":"https:\/\/miumjau.ee\/fi\/"},{"@type":"ListItem","position":2,"name":"Kauppa","item":"https:\/\/miumjau.ee\/fi\/kauppa\/"},{"@type":"ListItem","position":3,"name":"Churu Bites herkut kissalle kanalla 3x10g"}]},{"@type":"WebSite","@id":"https:\/\/miumjau.ee\/#website","url":"https:\/\/miumjau.ee\/","name":"MiuMjau","description":"Kraapimispuud kassidele","publisher":{"@id":"https:\/\/miumjau.ee\/#organization"},"potentialAction":[{"@type":"SearchAction","target":{"@type":"EntryPoint","urlTemplate":"https:\/\/miumjau.ee\/?s={search_term_string}"},"query-input":{"@type":"PropertyValueSpecification","valueRequired":true,"valueName":"search_term_string"}}],"inLanguage":"fi"},{"@type":"Organization","@id":"https:\/\/miumjau.ee\/#organization","name":"MiuMjau O\u00dc","url":"https:\/\/miumjau.ee\/","logo":{"@type":"ImageObject","inLanguage":"fi","@id":"https:\/\/miumjau.ee\/#\/schema\/logo\/image\/","url":"https:\/\/miumjau.ee\/wp-content\/uploads\/2022\/04\/MiuMjau-logo-kollane.png","contentUrl":"https:\/\/miumjau.ee\/wp-content\/uploads\/2022\/04\/MiuMjau-logo-kollane.png","width":219,"height":100,"caption":"MiuMjau O\u00dc"},"image":{"@id":"https:\/\/miumjau.ee\/#\/schema\/logo\/image\/"},"sameAs":["https:\/\/www.facebook.com\/miumjaupood\/"]}]}},"_links":{"self":[{"href":"https:\/\/miumjau.ee\/fi\/wp-json\/wp\/v2\/product\/28476","targetHints":{"allow":["GET"]}}],"collection":[{"href":"https:\/\/miumjau.ee\/fi\/wp-json\/wp\/v2\/product"}],"about":[{"href":"https:\/\/miumjau.ee\/fi\/wp-json\/wp\/v2\/types\/product"}],"wp:featuredmedia":[{"embeddable":true,"href":"https:\/\/miumjau.ee\/fi\/wp-json\/wp\/v2\/media\/26447"}],"wp:attachment":[{"href":"https:\/\/miumjau.ee\/fi\/wp-json\/wp\/v2\/media?parent=28476"}],"wp:term":[{"taxonomy":"product_brand","embeddable":true,"href":"https:\/\/miumjau.ee\/fi\/wp-json\/wp\/v2\/product_brand?post=28476"},{"taxonomy":"product_cat","embeddable":true,"href":"https:\/\/miumjau.ee\/fi\/wp-json\/wp\/v2\/product_cat?post=28476"},{"taxonomy":"product_tag","embeddable":true,"href":"https:\/\/miumjau.ee\/fi\/wp-json\/wp\/v2\/product_tag?post=28476"}],"curies":[{"name":"wp","href":"https:\/\/api.w.org\/{rel}","templated":true}]}}