{"id":28412,"date":"2023-07-21T07:32:51","date_gmt":"2023-07-21T04:32:51","guid":{"rendered":"https:\/\/miumjau.ee\/toode\/petrebels-raapimispuu-lodge-107-kreemi\/"},"modified":"2026-01-07T22:55:23","modified_gmt":"2026-01-07T20:55:23","slug":"petrebels-raapimispuu-lodge-107-kreemi","status":"publish","type":"product","link":"https:\/\/miumjau.ee\/fi\/tuote\/petrebels-raapimispuu-lodge-107-kreemi\/","title":{"rendered":"Petrebels raapimispuu Lodge 107, kreemi"},"content":{"rendered":"","protected":false},"excerpt":{"rendered":"<p data-start=\"0\" data-end=\"590\">Raapimispuu kissoille kaikissa ik\u00e4ryhmiss\u00e4, eli se sopii kissanpennuille, keskikokoisille kissoille, suurille kissoille ja my\u00f6s vanhemmille kissoille. M\u00f6kki on vahva, vakaa, suuri ja my\u00f6s s\u00f6p\u00f6 ulkon\u00e4\u00f6lt\u00e4\u00e4n, sopii mihin tahansa kotiin. Kissapennut voivat k\u00e4ytt\u00e4\u00e4 t\u00e4\u00e4ll\u00e4 kaiken energiansa leikkiin, sill\u00e4 kiipeily\u00e4 ja raapimista on loputtomasti. Huipulla on eritt\u00e4in pehme\u00e4 pes\u00e4, jossa voi nukkua kauniita unia. Tietenkin voi nukkua my\u00f6s kahdessa eri m\u00f6kiss\u00e4. Alimmassa eritt\u00e4in suuressa m\u00f6kiss\u00e4 on avoin sisustus, ja ylemm\u00e4ss\u00e4 m\u00f6kiss\u00e4 on suljetut sivut, jos kissalla on tarve yksityisyyteen.<\/p>\n<p data-start=\"592\" data-end=\"800\">Raapimispuussa on voimakas raapimis- ja leikkik\u00f6ysi!<br data-start=\"690\" data-end=\"693\" data-is-only-node=\"\" \/>Yleiset mitat: 59 x 59 x 107 cm (katso lis\u00e4mittaukset kuvasta)<br data-start=\"755\" data-end=\"758\" \/>Sisalin paksuus 6 mm<br data-start=\"778\" data-end=\"781\" \/>Katso t\u00e4st\u00e4 3D-kuva<\/p>\n<p data-start=\"802\" data-end=\"904\">Pakkauksen mitat 62 x 62 x 35 cm<br data-start=\"834\" data-end=\"837\" \/>Tuotteen paino 25,55 kg<br data-start=\"860\" data-end=\"863\" data-is-only-node=\"\" \/>Tuotteen paino pakkauksen kanssa 29,5 kg.<\/p>\n<p data-start=\"906\" data-end=\"1069\" data-is-last-node=\"\" data-is-only-node=\"\">Valmistaja PetRebels, Hollannin laatu. Eritt\u00e4in laadukkaat ja mukavat raapimispuut kissoille, jotka kest\u00e4v\u00e4t vuosia ja kaunistavat kotiasi. Kissasi on kiitollinen!<\/p>\n","protected":false},"featured_media":20263,"template":"","meta":[],"product_brand":[],"product_cat":[139,114],"product_tag":[],"class_list":{"0":"post-28412","1":"product","2":"type-product","3":"status-publish","4":"has-post-thumbnail","6":"product_cat-kaup24-fi","7":"product_cat-pienet-raapimispuut-petrebels","8":"product_shipping_class-pakiautomaati-sobimatu-fi","10":"first","11":"instock","12":"sale","13":"taxable","14":"shipping-taxable","15":"purchasable","16":"product-type-simple"},"yoast_head":"<!-- This site is optimized with the Yoast SEO plugin v27.4 - https:\/\/yoast.com\/product\/yoast-seo-wordpress\/ -->\n<title>Petrebels raapimispuu Lodge 107, kreemi - MiuMjau<\/title>\n<meta name=\"description\" content=\"Tyylik\u00e4s, vakaa ja eritt\u00e4in kest\u00e4v\u00e4 raapimispuu kotiisi. Parasta laatua! Sopii sek\u00e4 pienille ett\u00e4 suurille kissoille. Heti saatavilla!\" \/>\n<meta name=\"robots\" content=\"index, follow, max-snippet:-1, max-image-preview:large, max-video-preview:-1\" \/>\n<link rel=\"canonical\" href=\"https:\/\/miumjau.ee\/tuote\/kraapimispuu-lodge107-kreem\/\" \/>\n<meta property=\"og:locale\" content=\"fi_FI\" \/>\n<meta property=\"og:type\" content=\"article\" \/>\n<meta property=\"og:title\" content=\"Petrebels raapimispuu Lodge 107, kreemi - MiuMjau\" \/>\n<meta property=\"og:description\" content=\"Tyylik\u00e4s, vakaa ja eritt\u00e4in kest\u00e4v\u00e4 raapimispuu kotiisi. Parasta laatua! Sopii sek\u00e4 pienille ett\u00e4 suurille kissoille. Heti saatavilla!\" \/>\n<meta property=\"og:url\" content=\"https:\/\/miumjau.ee\/tuote\/kraapimispuu-lodge107-kreem\/\" \/>\n<meta property=\"og:site_name\" content=\"MiuMjau\" \/>\n<meta property=\"article:publisher\" content=\"https:\/\/www.facebook.com\/miumjaupood\/\" \/>\n<meta property=\"article:modified_time\" content=\"2026-01-07T20:55:23+00:00\" \/>\n<meta property=\"og:image\" content=\"https:\/\/miumjau.ee\/wp-content\/uploads\/2023\/07\/Lodge107_cream_kassi_kraapimispuu2.jpg\" \/>\n\t<meta property=\"og:image:width\" content=\"600\" \/>\n\t<meta property=\"og:image:height\" content=\"800\" \/>\n\t<meta property=\"og:image:type\" content=\"image\/jpeg\" \/>\n<meta name=\"twitter:card\" content=\"summary_large_image\" \/>\n<script type=\"application\/ld+json\" class=\"yoast-schema-graph\">{\"@context\":\"https:\\\/\\\/schema.org\",\"@graph\":[{\"@type\":\"WebPage\",\"@id\":\"https:\\\/\\\/miumjau.ee\\\/tuote\\\/kraapimispuu-lodge107-kreem\\\/\",\"url\":\"https:\\\/\\\/miumjau.ee\\\/tuote\\\/kraapimispuu-lodge107-kreem\\\/\",\"name\":\"Petrebels raapimispuu Lodge 107, kreemi - MiuMjau\",\"isPartOf\":{\"@id\":\"https:\\\/\\\/miumjau.ee\\\/#website\"},\"primaryImageOfPage\":{\"@id\":\"https:\\\/\\\/miumjau.ee\\\/tuote\\\/kraapimispuu-lodge107-kreem\\\/#primaryimage\"},\"image\":{\"@id\":\"https:\\\/\\\/miumjau.ee\\\/tuote\\\/kraapimispuu-lodge107-kreem\\\/#primaryimage\"},\"thumbnailUrl\":\"https:\\\/\\\/miumjau.ee\\\/wp-content\\\/uploads\\\/2023\\\/07\\\/Lodge107_cream_kassi_kraapimispuu2.jpg\",\"datePublished\":\"2023-07-21T04:32:51+00:00\",\"dateModified\":\"2026-01-07T20:55:23+00:00\",\"description\":\"Tyylik\u00e4s, vakaa ja eritt\u00e4in kest\u00e4v\u00e4 raapimispuu kotiisi. Parasta laatua! Sopii sek\u00e4 pienille ett\u00e4 suurille kissoille. Heti saatavilla!\",\"breadcrumb\":{\"@id\":\"https:\\\/\\\/miumjau.ee\\\/tuote\\\/kraapimispuu-lodge107-kreem\\\/#breadcrumb\"},\"inLanguage\":\"fi\",\"potentialAction\":[{\"@type\":\"ReadAction\",\"target\":[\"https:\\\/\\\/miumjau.ee\\\/tuote\\\/kraapimispuu-lodge107-kreem\\\/\"]}]},{\"@type\":\"ImageObject\",\"inLanguage\":\"fi\",\"@id\":\"https:\\\/\\\/miumjau.ee\\\/tuote\\\/kraapimispuu-lodge107-kreem\\\/#primaryimage\",\"url\":\"https:\\\/\\\/miumjau.ee\\\/wp-content\\\/uploads\\\/2023\\\/07\\\/Lodge107_cream_kassi_kraapimispuu2.jpg\",\"contentUrl\":\"https:\\\/\\\/miumjau.ee\\\/wp-content\\\/uploads\\\/2023\\\/07\\\/Lodge107_cream_kassi_kraapimispuu2.jpg\",\"width\":600,\"height\":800},{\"@type\":\"BreadcrumbList\",\"@id\":\"https:\\\/\\\/miumjau.ee\\\/tuote\\\/kraapimispuu-lodge107-kreem\\\/#breadcrumb\",\"itemListElement\":[{\"@type\":\"ListItem\",\"position\":1,\"name\":\"Home\",\"item\":\"https:\\\/\\\/miumjau.ee\\\/fi\\\/\"},{\"@type\":\"ListItem\",\"position\":2,\"name\":\"Kauppa\",\"item\":\"https:\\\/\\\/miumjau.ee\\\/fi\\\/kauppa\\\/\"},{\"@type\":\"ListItem\",\"position\":3,\"name\":\"Petrebels raapimispuu Lodge 107, kreemi\"}]},{\"@type\":\"WebSite\",\"@id\":\"https:\\\/\\\/miumjau.ee\\\/#website\",\"url\":\"https:\\\/\\\/miumjau.ee\\\/\",\"name\":\"MiuMjau\",\"description\":\"Kraapimispuud kassidele\",\"publisher\":{\"@id\":\"https:\\\/\\\/miumjau.ee\\\/#organization\"},\"potentialAction\":[{\"@type\":\"SearchAction\",\"target\":{\"@type\":\"EntryPoint\",\"urlTemplate\":\"https:\\\/\\\/miumjau.ee\\\/?s={search_term_string}\"},\"query-input\":{\"@type\":\"PropertyValueSpecification\",\"valueRequired\":true,\"valueName\":\"search_term_string\"}}],\"inLanguage\":\"fi\"},{\"@type\":\"Organization\",\"@id\":\"https:\\\/\\\/miumjau.ee\\\/#organization\",\"name\":\"MiuMjau O\u00dc\",\"url\":\"https:\\\/\\\/miumjau.ee\\\/\",\"logo\":{\"@type\":\"ImageObject\",\"inLanguage\":\"fi\",\"@id\":\"https:\\\/\\\/miumjau.ee\\\/#\\\/schema\\\/logo\\\/image\\\/\",\"url\":\"https:\\\/\\\/miumjau.ee\\\/wp-content\\\/uploads\\\/2022\\\/04\\\/MiuMjau-logo-kollane.png\",\"contentUrl\":\"https:\\\/\\\/miumjau.ee\\\/wp-content\\\/uploads\\\/2022\\\/04\\\/MiuMjau-logo-kollane.png\",\"width\":219,\"height\":100,\"caption\":\"MiuMjau O\u00dc\"},\"image\":{\"@id\":\"https:\\\/\\\/miumjau.ee\\\/#\\\/schema\\\/logo\\\/image\\\/\"},\"sameAs\":[\"https:\\\/\\\/www.facebook.com\\\/miumjaupood\\\/\"]}]}<\/script>\n<!-- \/ Yoast SEO plugin. -->","yoast_head_json":{"title":"Petrebels raapimispuu Lodge 107, kreemi - MiuMjau","description":"Tyylik\u00e4s, vakaa ja eritt\u00e4in kest\u00e4v\u00e4 raapimispuu kotiisi. Parasta laatua! Sopii sek\u00e4 pienille ett\u00e4 suurille kissoille. Heti saatavilla!","robots":{"index":"index","follow":"follow","max-snippet":"max-snippet:-1","max-image-preview":"max-image-preview:large","max-video-preview":"max-video-preview:-1"},"canonical":"https:\/\/miumjau.ee\/tuote\/kraapimispuu-lodge107-kreem\/","og_locale":"fi_FI","og_type":"article","og_title":"Petrebels raapimispuu Lodge 107, kreemi - MiuMjau","og_description":"Tyylik\u00e4s, vakaa ja eritt\u00e4in kest\u00e4v\u00e4 raapimispuu kotiisi. Parasta laatua! Sopii sek\u00e4 pienille ett\u00e4 suurille kissoille. Heti saatavilla!","og_url":"https:\/\/miumjau.ee\/tuote\/kraapimispuu-lodge107-kreem\/","og_site_name":"MiuMjau","article_publisher":"https:\/\/www.facebook.com\/miumjaupood\/","article_modified_time":"2026-01-07T20:55:23+00:00","og_image":[{"width":600,"height":800,"url":"https:\/\/miumjau.ee\/wp-content\/uploads\/2023\/07\/Lodge107_cream_kassi_kraapimispuu2.jpg","type":"image\/jpeg"}],"twitter_card":"summary_large_image","schema":{"@context":"https:\/\/schema.org","@graph":[{"@type":"WebPage","@id":"https:\/\/miumjau.ee\/tuote\/kraapimispuu-lodge107-kreem\/","url":"https:\/\/miumjau.ee\/tuote\/kraapimispuu-lodge107-kreem\/","name":"Petrebels raapimispuu Lodge 107, kreemi - MiuMjau","isPartOf":{"@id":"https:\/\/miumjau.ee\/#website"},"primaryImageOfPage":{"@id":"https:\/\/miumjau.ee\/tuote\/kraapimispuu-lodge107-kreem\/#primaryimage"},"image":{"@id":"https:\/\/miumjau.ee\/tuote\/kraapimispuu-lodge107-kreem\/#primaryimage"},"thumbnailUrl":"https:\/\/miumjau.ee\/wp-content\/uploads\/2023\/07\/Lodge107_cream_kassi_kraapimispuu2.jpg","datePublished":"2023-07-21T04:32:51+00:00","dateModified":"2026-01-07T20:55:23+00:00","description":"Tyylik\u00e4s, vakaa ja eritt\u00e4in kest\u00e4v\u00e4 raapimispuu kotiisi. Parasta laatua! Sopii sek\u00e4 pienille ett\u00e4 suurille kissoille. Heti saatavilla!","breadcrumb":{"@id":"https:\/\/miumjau.ee\/tuote\/kraapimispuu-lodge107-kreem\/#breadcrumb"},"inLanguage":"fi","potentialAction":[{"@type":"ReadAction","target":["https:\/\/miumjau.ee\/tuote\/kraapimispuu-lodge107-kreem\/"]}]},{"@type":"ImageObject","inLanguage":"fi","@id":"https:\/\/miumjau.ee\/tuote\/kraapimispuu-lodge107-kreem\/#primaryimage","url":"https:\/\/miumjau.ee\/wp-content\/uploads\/2023\/07\/Lodge107_cream_kassi_kraapimispuu2.jpg","contentUrl":"https:\/\/miumjau.ee\/wp-content\/uploads\/2023\/07\/Lodge107_cream_kassi_kraapimispuu2.jpg","width":600,"height":800},{"@type":"BreadcrumbList","@id":"https:\/\/miumjau.ee\/tuote\/kraapimispuu-lodge107-kreem\/#breadcrumb","itemListElement":[{"@type":"ListItem","position":1,"name":"Home","item":"https:\/\/miumjau.ee\/fi\/"},{"@type":"ListItem","position":2,"name":"Kauppa","item":"https:\/\/miumjau.ee\/fi\/kauppa\/"},{"@type":"ListItem","position":3,"name":"Petrebels raapimispuu Lodge 107, kreemi"}]},{"@type":"WebSite","@id":"https:\/\/miumjau.ee\/#website","url":"https:\/\/miumjau.ee\/","name":"MiuMjau","description":"Kraapimispuud kassidele","publisher":{"@id":"https:\/\/miumjau.ee\/#organization"},"potentialAction":[{"@type":"SearchAction","target":{"@type":"EntryPoint","urlTemplate":"https:\/\/miumjau.ee\/?s={search_term_string}"},"query-input":{"@type":"PropertyValueSpecification","valueRequired":true,"valueName":"search_term_string"}}],"inLanguage":"fi"},{"@type":"Organization","@id":"https:\/\/miumjau.ee\/#organization","name":"MiuMjau O\u00dc","url":"https:\/\/miumjau.ee\/","logo":{"@type":"ImageObject","inLanguage":"fi","@id":"https:\/\/miumjau.ee\/#\/schema\/logo\/image\/","url":"https:\/\/miumjau.ee\/wp-content\/uploads\/2022\/04\/MiuMjau-logo-kollane.png","contentUrl":"https:\/\/miumjau.ee\/wp-content\/uploads\/2022\/04\/MiuMjau-logo-kollane.png","width":219,"height":100,"caption":"MiuMjau O\u00dc"},"image":{"@id":"https:\/\/miumjau.ee\/#\/schema\/logo\/image\/"},"sameAs":["https:\/\/www.facebook.com\/miumjaupood\/"]}]}},"_links":{"self":[{"href":"https:\/\/miumjau.ee\/fi\/wp-json\/wp\/v2\/product\/28412","targetHints":{"allow":["GET"]}}],"collection":[{"href":"https:\/\/miumjau.ee\/fi\/wp-json\/wp\/v2\/product"}],"about":[{"href":"https:\/\/miumjau.ee\/fi\/wp-json\/wp\/v2\/types\/product"}],"wp:featuredmedia":[{"embeddable":true,"href":"https:\/\/miumjau.ee\/fi\/wp-json\/wp\/v2\/media\/20263"}],"wp:attachment":[{"href":"https:\/\/miumjau.ee\/fi\/wp-json\/wp\/v2\/media?parent=28412"}],"wp:term":[{"taxonomy":"product_brand","embeddable":true,"href":"https:\/\/miumjau.ee\/fi\/wp-json\/wp\/v2\/product_brand?post=28412"},{"taxonomy":"product_cat","embeddable":true,"href":"https:\/\/miumjau.ee\/fi\/wp-json\/wp\/v2\/product_cat?post=28412"},{"taxonomy":"product_tag","embeddable":true,"href":"https:\/\/miumjau.ee\/fi\/wp-json\/wp\/v2\/product_tag?post=28412"}],"curies":[{"name":"wp","href":"https:\/\/api.w.org\/{rel}","templated":true}]}}