{"id":28411,"date":"2023-07-25T20:32:44","date_gmt":"2023-07-25T17:32:44","guid":{"rendered":"https:\/\/miumjau.ee\/toode\/petrebels-raaputusposti-savannah-86-valkoinen-harmaa\/"},"modified":"2026-04-24T08:32:25","modified_gmt":"2026-04-24T05:32:25","slug":"petrebels-raaputusposti-savannah-86-valkoinen-harmaa","status":"publish","type":"product","link":"https:\/\/miumjau.ee\/fi\/tuote\/petrebels-raaputusposti-savannah-86-valkoinen-harmaa\/","title":{"rendered":"PETREBELS Raaputusposti Savannah 86, valkoinen-harmaa"},"content":{"rendered":"","protected":false},"excerpt":{"rendered":"<p data-start=\"0\" data-end=\"56\">Kissan raapimispylv\u00e4s, joka on erityisen vahva ja tihe\u00e4.<\/p>\n<p data-start=\"58\" data-end=\"89\">Tuotteen mitat: 50 \u00d7 50 \u00d7 86 cm<\/p>\n<p data-start=\"91\" data-end=\"538\">Sopii k\u00e4ytett\u00e4v\u00e4ksi kaikenkokoisille ja -ik\u00e4isille kissoille. Jos etsit raapimispylv\u00e4st\u00e4, joka ei kaadu, olet l\u00f6yt\u00e4nyt oikean \u2013 Savannah 86 on paras! Extra leve\u00e4 pohja pit\u00e4\u00e4 pylv\u00e4\u00e4n paikoillaan, eik\u00e4 se kaadu edes kovimman rymistelyn, kiipeilyn tai raapimisen aikana. Tuote on suunniteltu niin, ett\u00e4 sit\u00e4 voivat k\u00e4ytt\u00e4\u00e4 my\u00f6s raskaat Maine Coonit. Huomaa, ett\u00e4 pylv\u00e4\u00e4n halkaisija on per\u00e4ti 20 cm, joten sit\u00e4 on eritt\u00e4in mukava raapia joka suuntaan.<\/p>\n<ul>\n<li data-start=\"645\" data-end=\"829\">Leveys ja syvyys 50 cm, mutta korkeus 86 cm.<\/li>\n<li data-start=\"645\" data-end=\"829\">Sopii my\u00f6s Maine Coon -kissoille, Norjan mets\u00e4kissoille ja Ragdolleille.<\/li>\n<li data-start=\"645\" data-end=\"829\">Sisalin paksuus 6mm<\/li>\n<\/ul>\n<p>Heti saatavilla!<\/p>\n","protected":false},"featured_media":20377,"template":"","meta":[],"product_brand":[],"product_cat":[139,114],"product_tag":[],"class_list":{"0":"post-28411","1":"product","2":"type-product","3":"status-publish","4":"has-post-thumbnail","6":"product_cat-kaup24-fi","7":"product_cat-pienet-raapimispuut-petrebels","8":"product_shipping_class-pakiautomaati-sobimatu-fi","10":"first","11":"instock","12":"taxable","13":"shipping-taxable","14":"purchasable","15":"product-type-simple"},"yoast_head":"<!-- This site is optimized with the Yoast SEO plugin v27.4 - https:\/\/yoast.com\/product\/yoast-seo-wordpress\/ -->\n<title>PETREBELS Raaputusposti Savannah 86, valkoinen-harmaa - MiuMjau<\/title>\n<meta name=\"description\" content=\"Raaputusposti, joka on vahva ja vakaa sek\u00e4 sopii k\u00e4ytett\u00e4v\u00e4ksi my\u00f6s suurimmille kissoille. Pylv\u00e4\u00e4n halkaisija on per\u00e4ti 20 cm!\" \/>\n<meta name=\"robots\" content=\"index, follow, max-snippet:-1, max-image-preview:large, max-video-preview:-1\" \/>\n<link rel=\"canonical\" href=\"https:\/\/miumjau.ee\/fi\/tuote\/petrebels-raaputusposti-savannah-86-valkoinen-harmaa\/\" \/>\n<meta property=\"og:locale\" content=\"fi_FI\" \/>\n<meta property=\"og:type\" content=\"article\" \/>\n<meta property=\"og:title\" content=\"PETREBELS Raaputusposti Savannah 86, valkoinen-harmaa - MiuMjau\" \/>\n<meta property=\"og:description\" content=\"Raaputusposti, joka on vahva ja vakaa sek\u00e4 sopii k\u00e4ytett\u00e4v\u00e4ksi my\u00f6s suurimmille kissoille. Pylv\u00e4\u00e4n halkaisija on per\u00e4ti 20 cm!\" \/>\n<meta property=\"og:url\" content=\"https:\/\/miumjau.ee\/fi\/tuote\/petrebels-raaputusposti-savannah-86-valkoinen-harmaa\/\" \/>\n<meta property=\"og:site_name\" content=\"MiuMjau\" \/>\n<meta property=\"article:publisher\" content=\"https:\/\/www.facebook.com\/miumjaupood\/\" \/>\n<meta property=\"article:modified_time\" content=\"2026-04-24T05:32:25+00:00\" \/>\n<meta property=\"og:image\" content=\"https:\/\/miumjau.ee\/wp-content\/uploads\/2023\/07\/savannah-86-valge-hall-kassi-kraapimispuu-2.jpg\" \/>\n\t<meta property=\"og:image:width\" content=\"600\" \/>\n\t<meta property=\"og:image:height\" content=\"800\" \/>\n\t<meta property=\"og:image:type\" content=\"image\/jpeg\" \/>\n<meta name=\"twitter:card\" content=\"summary_large_image\" \/>\n<meta name=\"twitter:label1\" content=\"Arvioitu lukuaika\" \/>\n\t<meta name=\"twitter:data1\" content=\"1 minuutti\" \/>\n<script type=\"application\/ld+json\" class=\"yoast-schema-graph\">{\"@context\":\"https:\\\/\\\/schema.org\",\"@graph\":[{\"@type\":\"WebPage\",\"@id\":\"https:\\\/\\\/miumjau.ee\\\/fi\\\/tuote\\\/petrebels-raaputusposti-savannah-86-valkoinen-harmaa\\\/\",\"url\":\"https:\\\/\\\/miumjau.ee\\\/fi\\\/tuote\\\/petrebels-raaputusposti-savannah-86-valkoinen-harmaa\\\/\",\"name\":\"PETREBELS Raaputusposti Savannah 86, valkoinen-harmaa - MiuMjau\",\"isPartOf\":{\"@id\":\"https:\\\/\\\/miumjau.ee\\\/#website\"},\"primaryImageOfPage\":{\"@id\":\"https:\\\/\\\/miumjau.ee\\\/fi\\\/tuote\\\/petrebels-raaputusposti-savannah-86-valkoinen-harmaa\\\/#primaryimage\"},\"image\":{\"@id\":\"https:\\\/\\\/miumjau.ee\\\/fi\\\/tuote\\\/petrebels-raaputusposti-savannah-86-valkoinen-harmaa\\\/#primaryimage\"},\"thumbnailUrl\":\"https:\\\/\\\/miumjau.ee\\\/wp-content\\\/uploads\\\/2023\\\/07\\\/savannah-86-valge-hall-kassi-kraapimispuu-2.jpg\",\"datePublished\":\"2023-07-25T17:32:44+00:00\",\"dateModified\":\"2026-04-24T05:32:25+00:00\",\"description\":\"Raaputusposti, joka on vahva ja vakaa sek\u00e4 sopii k\u00e4ytett\u00e4v\u00e4ksi my\u00f6s suurimmille kissoille. Pylv\u00e4\u00e4n halkaisija on per\u00e4ti 20 cm!\",\"breadcrumb\":{\"@id\":\"https:\\\/\\\/miumjau.ee\\\/fi\\\/tuote\\\/petrebels-raaputusposti-savannah-86-valkoinen-harmaa\\\/#breadcrumb\"},\"inLanguage\":\"fi\",\"potentialAction\":[{\"@type\":\"ReadAction\",\"target\":[\"https:\\\/\\\/miumjau.ee\\\/fi\\\/tuote\\\/petrebels-raaputusposti-savannah-86-valkoinen-harmaa\\\/\"]}]},{\"@type\":\"ImageObject\",\"inLanguage\":\"fi\",\"@id\":\"https:\\\/\\\/miumjau.ee\\\/fi\\\/tuote\\\/petrebels-raaputusposti-savannah-86-valkoinen-harmaa\\\/#primaryimage\",\"url\":\"https:\\\/\\\/miumjau.ee\\\/wp-content\\\/uploads\\\/2023\\\/07\\\/savannah-86-valge-hall-kassi-kraapimispuu-2.jpg\",\"contentUrl\":\"https:\\\/\\\/miumjau.ee\\\/wp-content\\\/uploads\\\/2023\\\/07\\\/savannah-86-valge-hall-kassi-kraapimispuu-2.jpg\",\"width\":600,\"height\":800},{\"@type\":\"BreadcrumbList\",\"@id\":\"https:\\\/\\\/miumjau.ee\\\/fi\\\/tuote\\\/petrebels-raaputusposti-savannah-86-valkoinen-harmaa\\\/#breadcrumb\",\"itemListElement\":[{\"@type\":\"ListItem\",\"position\":1,\"name\":\"Home\",\"item\":\"https:\\\/\\\/miumjau.ee\\\/fi\\\/\"},{\"@type\":\"ListItem\",\"position\":2,\"name\":\"Kauppa\",\"item\":\"https:\\\/\\\/miumjau.ee\\\/fi\\\/kauppa\\\/\"},{\"@type\":\"ListItem\",\"position\":3,\"name\":\"PETREBELS Raaputusposti Savannah 86, valkoinen-harmaa\"}]},{\"@type\":\"WebSite\",\"@id\":\"https:\\\/\\\/miumjau.ee\\\/#website\",\"url\":\"https:\\\/\\\/miumjau.ee\\\/\",\"name\":\"MiuMjau\",\"description\":\"Kraapimispuud kassidele\",\"publisher\":{\"@id\":\"https:\\\/\\\/miumjau.ee\\\/#organization\"},\"potentialAction\":[{\"@type\":\"SearchAction\",\"target\":{\"@type\":\"EntryPoint\",\"urlTemplate\":\"https:\\\/\\\/miumjau.ee\\\/?s={search_term_string}\"},\"query-input\":{\"@type\":\"PropertyValueSpecification\",\"valueRequired\":true,\"valueName\":\"search_term_string\"}}],\"inLanguage\":\"fi\"},{\"@type\":\"Organization\",\"@id\":\"https:\\\/\\\/miumjau.ee\\\/#organization\",\"name\":\"MiuMjau O\u00dc\",\"url\":\"https:\\\/\\\/miumjau.ee\\\/\",\"logo\":{\"@type\":\"ImageObject\",\"inLanguage\":\"fi\",\"@id\":\"https:\\\/\\\/miumjau.ee\\\/#\\\/schema\\\/logo\\\/image\\\/\",\"url\":\"https:\\\/\\\/miumjau.ee\\\/wp-content\\\/uploads\\\/2022\\\/04\\\/MiuMjau-logo-kollane.png\",\"contentUrl\":\"https:\\\/\\\/miumjau.ee\\\/wp-content\\\/uploads\\\/2022\\\/04\\\/MiuMjau-logo-kollane.png\",\"width\":219,\"height\":100,\"caption\":\"MiuMjau O\u00dc\"},\"image\":{\"@id\":\"https:\\\/\\\/miumjau.ee\\\/#\\\/schema\\\/logo\\\/image\\\/\"},\"sameAs\":[\"https:\\\/\\\/www.facebook.com\\\/miumjaupood\\\/\"]}]}<\/script>\n<!-- \/ Yoast SEO plugin. -->","yoast_head_json":{"title":"PETREBELS Raaputusposti Savannah 86, valkoinen-harmaa - MiuMjau","description":"Raaputusposti, joka on vahva ja vakaa sek\u00e4 sopii k\u00e4ytett\u00e4v\u00e4ksi my\u00f6s suurimmille kissoille. Pylv\u00e4\u00e4n halkaisija on per\u00e4ti 20 cm!","robots":{"index":"index","follow":"follow","max-snippet":"max-snippet:-1","max-image-preview":"max-image-preview:large","max-video-preview":"max-video-preview:-1"},"canonical":"https:\/\/miumjau.ee\/fi\/tuote\/petrebels-raaputusposti-savannah-86-valkoinen-harmaa\/","og_locale":"fi_FI","og_type":"article","og_title":"PETREBELS Raaputusposti Savannah 86, valkoinen-harmaa - MiuMjau","og_description":"Raaputusposti, joka on vahva ja vakaa sek\u00e4 sopii k\u00e4ytett\u00e4v\u00e4ksi my\u00f6s suurimmille kissoille. Pylv\u00e4\u00e4n halkaisija on per\u00e4ti 20 cm!","og_url":"https:\/\/miumjau.ee\/fi\/tuote\/petrebels-raaputusposti-savannah-86-valkoinen-harmaa\/","og_site_name":"MiuMjau","article_publisher":"https:\/\/www.facebook.com\/miumjaupood\/","article_modified_time":"2026-04-24T05:32:25+00:00","og_image":[{"width":600,"height":800,"url":"https:\/\/miumjau.ee\/wp-content\/uploads\/2023\/07\/savannah-86-valge-hall-kassi-kraapimispuu-2.jpg","type":"image\/jpeg"}],"twitter_card":"summary_large_image","twitter_misc":{"Arvioitu lukuaika":"1 minuutti"},"schema":{"@context":"https:\/\/schema.org","@graph":[{"@type":"WebPage","@id":"https:\/\/miumjau.ee\/fi\/tuote\/petrebels-raaputusposti-savannah-86-valkoinen-harmaa\/","url":"https:\/\/miumjau.ee\/fi\/tuote\/petrebels-raaputusposti-savannah-86-valkoinen-harmaa\/","name":"PETREBELS Raaputusposti Savannah 86, valkoinen-harmaa - MiuMjau","isPartOf":{"@id":"https:\/\/miumjau.ee\/#website"},"primaryImageOfPage":{"@id":"https:\/\/miumjau.ee\/fi\/tuote\/petrebels-raaputusposti-savannah-86-valkoinen-harmaa\/#primaryimage"},"image":{"@id":"https:\/\/miumjau.ee\/fi\/tuote\/petrebels-raaputusposti-savannah-86-valkoinen-harmaa\/#primaryimage"},"thumbnailUrl":"https:\/\/miumjau.ee\/wp-content\/uploads\/2023\/07\/savannah-86-valge-hall-kassi-kraapimispuu-2.jpg","datePublished":"2023-07-25T17:32:44+00:00","dateModified":"2026-04-24T05:32:25+00:00","description":"Raaputusposti, joka on vahva ja vakaa sek\u00e4 sopii k\u00e4ytett\u00e4v\u00e4ksi my\u00f6s suurimmille kissoille. Pylv\u00e4\u00e4n halkaisija on per\u00e4ti 20 cm!","breadcrumb":{"@id":"https:\/\/miumjau.ee\/fi\/tuote\/petrebels-raaputusposti-savannah-86-valkoinen-harmaa\/#breadcrumb"},"inLanguage":"fi","potentialAction":[{"@type":"ReadAction","target":["https:\/\/miumjau.ee\/fi\/tuote\/petrebels-raaputusposti-savannah-86-valkoinen-harmaa\/"]}]},{"@type":"ImageObject","inLanguage":"fi","@id":"https:\/\/miumjau.ee\/fi\/tuote\/petrebels-raaputusposti-savannah-86-valkoinen-harmaa\/#primaryimage","url":"https:\/\/miumjau.ee\/wp-content\/uploads\/2023\/07\/savannah-86-valge-hall-kassi-kraapimispuu-2.jpg","contentUrl":"https:\/\/miumjau.ee\/wp-content\/uploads\/2023\/07\/savannah-86-valge-hall-kassi-kraapimispuu-2.jpg","width":600,"height":800},{"@type":"BreadcrumbList","@id":"https:\/\/miumjau.ee\/fi\/tuote\/petrebels-raaputusposti-savannah-86-valkoinen-harmaa\/#breadcrumb","itemListElement":[{"@type":"ListItem","position":1,"name":"Home","item":"https:\/\/miumjau.ee\/fi\/"},{"@type":"ListItem","position":2,"name":"Kauppa","item":"https:\/\/miumjau.ee\/fi\/kauppa\/"},{"@type":"ListItem","position":3,"name":"PETREBELS Raaputusposti Savannah 86, valkoinen-harmaa"}]},{"@type":"WebSite","@id":"https:\/\/miumjau.ee\/#website","url":"https:\/\/miumjau.ee\/","name":"MiuMjau","description":"Kraapimispuud kassidele","publisher":{"@id":"https:\/\/miumjau.ee\/#organization"},"potentialAction":[{"@type":"SearchAction","target":{"@type":"EntryPoint","urlTemplate":"https:\/\/miumjau.ee\/?s={search_term_string}"},"query-input":{"@type":"PropertyValueSpecification","valueRequired":true,"valueName":"search_term_string"}}],"inLanguage":"fi"},{"@type":"Organization","@id":"https:\/\/miumjau.ee\/#organization","name":"MiuMjau O\u00dc","url":"https:\/\/miumjau.ee\/","logo":{"@type":"ImageObject","inLanguage":"fi","@id":"https:\/\/miumjau.ee\/#\/schema\/logo\/image\/","url":"https:\/\/miumjau.ee\/wp-content\/uploads\/2022\/04\/MiuMjau-logo-kollane.png","contentUrl":"https:\/\/miumjau.ee\/wp-content\/uploads\/2022\/04\/MiuMjau-logo-kollane.png","width":219,"height":100,"caption":"MiuMjau O\u00dc"},"image":{"@id":"https:\/\/miumjau.ee\/#\/schema\/logo\/image\/"},"sameAs":["https:\/\/www.facebook.com\/miumjaupood\/"]}]}},"_links":{"self":[{"href":"https:\/\/miumjau.ee\/fi\/wp-json\/wp\/v2\/product\/28411","targetHints":{"allow":["GET"]}}],"collection":[{"href":"https:\/\/miumjau.ee\/fi\/wp-json\/wp\/v2\/product"}],"about":[{"href":"https:\/\/miumjau.ee\/fi\/wp-json\/wp\/v2\/types\/product"}],"wp:featuredmedia":[{"embeddable":true,"href":"https:\/\/miumjau.ee\/fi\/wp-json\/wp\/v2\/media\/20377"}],"wp:attachment":[{"href":"https:\/\/miumjau.ee\/fi\/wp-json\/wp\/v2\/media?parent=28411"}],"wp:term":[{"taxonomy":"product_brand","embeddable":true,"href":"https:\/\/miumjau.ee\/fi\/wp-json\/wp\/v2\/product_brand?post=28411"},{"taxonomy":"product_cat","embeddable":true,"href":"https:\/\/miumjau.ee\/fi\/wp-json\/wp\/v2\/product_cat?post=28411"},{"taxonomy":"product_tag","embeddable":true,"href":"https:\/\/miumjau.ee\/fi\/wp-json\/wp\/v2\/product_tag?post=28411"}],"curies":[{"name":"wp","href":"https:\/\/api.w.org\/{rel}","templated":true}]}}