{"id":28399,"date":"2023-09-12T09:44:18","date_gmt":"2023-09-12T06:44:18","guid":{"rendered":"https:\/\/miumjau.ee\/toode\/petrebels-seinakiinnitettava-askelma-beige\/"},"modified":"2026-01-07T22:55:29","modified_gmt":"2026-01-07T20:55:29","slug":"petrebels-seinakiinnitettava-askelma-beige","status":"publish","type":"product","link":"https:\/\/miumjau.ee\/fi\/tuote\/petrebels-seinakiinnitettava-askelma-beige\/","title":{"rendered":"PETREBELS Sein\u00e4kiinnitett\u00e4v\u00e4 askelma, beige"},"content":{"rendered":"","protected":false},"excerpt":{"rendered":"<p data-start=\"0\" data-end=\"401\">PETREBELS sein\u00e4\u00e4n kiinnitett\u00e4v\u00e4 askelma on suunniteltu kissoille sein\u00e4\u00e4 pitkin liikkumiseen. Niist\u00e4 voi esimerkiksi rakentaa portaikon katonrajaan ja asentaa sinne erillisen pedin tai tason (hy\u00f6dyllinen niille, joilla on kotona pieni\u00e4 lapsia tai koiria, joiden luota kissa haluaa paeta turvalliseen paikkaan). Tai vaihtoehtoisesti, jos lattialla seisovaa raapimispuuta ei haluta tilan s\u00e4\u00e4st\u00e4miseksi.<\/p>\n<p data-start=\"403\" data-end=\"651\">Sein\u00e4askelmat ovat eritt\u00e4in kest\u00e4v\u00e4t ja vahvat, sopivat my\u00f6s painaville kissoille. Niit\u00e4 voi asentaa yksitt\u00e4in esimerkiksi raapimispuun viereen, jotta kissalla olisi mielenkiintoisempi reitti liikkua ja enemm\u00e4n mahdollisuuksia hyppyharjoituksiin.<\/p>\n<p data-start=\"653\" data-end=\"826\">Tuote on my\u00f6s erinomainen apu ik\u00e4\u00e4ntyville kissoille, joilla on vaikeuksia laskeutua korkealta raapimispuusta \u2013 askelmilla voi luoda lis\u00e4tukipisteit\u00e4 raapimispuun viereen.<\/p>\n<p data-start=\"828\" data-end=\"846\"><strong data-start=\"828\" data-end=\"844\">Tuotetiedot:<\/strong><\/p>\n<ul data-start=\"847\" data-end=\"1009\">\n<li data-start=\"847\" data-end=\"873\">Tuotteen paino: 1,7 kg<\/li>\n<li data-start=\"874\" data-end=\"909\">Paino pakkauksen kanssa: 2,5 kg<\/li>\n<li data-start=\"910\" data-end=\"938\">Materiaali: 600 g plyysi<\/li>\n<li data-start=\"939\" data-end=\"965\">Mitat: 35 x 42 x 14 cm<\/li>\n<li data-start=\"966\" data-end=\"1009\">Sein\u00e4kiinnikkeet sis\u00e4ltyv\u00e4t pakkaukseen<\/li>\n<\/ul>\n<p data-start=\"1046\" data-end=\"1129\" data-is-last-node=\"\" data-is-only-node=\"\">Tuote on CE-sertifioitu, ja sen valmistaja on hollantilainen laatubr\u00e4ndi Petrebels.<\/p>\n","protected":false},"featured_media":20449,"template":"","meta":[],"product_brand":[],"product_cat":[263],"product_tag":[],"class_list":{"0":"post-28399","1":"product","2":"type-product","3":"status-publish","4":"has-post-thumbnail","6":"product_cat-kiipeilyseina-kissoille","8":"first","9":"instock","10":"sale","11":"taxable","12":"shipping-taxable","13":"purchasable","14":"product-type-simple"},"yoast_head":"<!-- This site is optimized with the Yoast SEO plugin v27.2 - https:\/\/yoast.com\/product\/yoast-seo-wordpress\/ -->\n<title>PETREBELS Sein\u00e4kiinnitett\u00e4v\u00e4 askelma, beige - MiuMjau<\/title>\n<meta name=\"description\" content=\"Askelma kissoille sein\u00e4\u00e4 pitkin kiipe\u00e4miseen ja hyppimiseen \u2013 loistava tapa s\u00e4\u00e4st\u00e4\u00e4 lattiapinta-alaa ja luoda kissalle mahtava liikkumisreitti sein\u00e4lle.\" \/>\n<meta name=\"robots\" content=\"index, follow, max-snippet:-1, max-image-preview:large, max-video-preview:-1\" \/>\n<link rel=\"canonical\" href=\"https:\/\/miumjau.ee\/tuote\/petrebels-aste-seinale-kinnitamiseks-beez\/\" \/>\n<meta property=\"og:locale\" content=\"fi_FI\" \/>\n<meta property=\"og:type\" content=\"article\" \/>\n<meta property=\"og:title\" content=\"PETREBELS Sein\u00e4kiinnitett\u00e4v\u00e4 askelma, beige - MiuMjau\" \/>\n<meta property=\"og:description\" content=\"Askelma kissoille sein\u00e4\u00e4 pitkin kiipe\u00e4miseen ja hyppimiseen \u2013 loistava tapa s\u00e4\u00e4st\u00e4\u00e4 lattiapinta-alaa ja luoda kissalle mahtava liikkumisreitti sein\u00e4lle.\" \/>\n<meta property=\"og:url\" content=\"https:\/\/miumjau.ee\/tuote\/petrebels-aste-seinale-kinnitamiseks-beez\/\" \/>\n<meta property=\"og:site_name\" content=\"MiuMjau\" \/>\n<meta property=\"article:publisher\" content=\"https:\/\/www.facebook.com\/miumjaupood\/\" \/>\n<meta property=\"article:modified_time\" content=\"2026-01-07T20:55:29+00:00\" \/>\n<meta property=\"og:image\" content=\"https:\/\/miumjau.ee\/wp-content\/uploads\/2023\/09\/wall-assistant-aste-seinale-beez4.jpg\" \/>\n\t<meta property=\"og:image:width\" content=\"600\" \/>\n\t<meta property=\"og:image:height\" content=\"800\" \/>\n\t<meta property=\"og:image:type\" content=\"image\/jpeg\" \/>\n<meta name=\"twitter:card\" content=\"summary_large_image\" \/>\n<script type=\"application\/ld+json\" class=\"yoast-schema-graph\">{\"@context\":\"https:\/\/schema.org\",\"@graph\":[{\"@type\":\"WebPage\",\"@id\":\"https:\/\/miumjau.ee\/tuote\/petrebels-aste-seinale-kinnitamiseks-beez\/\",\"url\":\"https:\/\/miumjau.ee\/tuote\/petrebels-aste-seinale-kinnitamiseks-beez\/\",\"name\":\"PETREBELS Sein\u00e4kiinnitett\u00e4v\u00e4 askelma, beige - MiuMjau\",\"isPartOf\":{\"@id\":\"https:\/\/miumjau.ee\/#website\"},\"primaryImageOfPage\":{\"@id\":\"https:\/\/miumjau.ee\/tuote\/petrebels-aste-seinale-kinnitamiseks-beez\/#primaryimage\"},\"image\":{\"@id\":\"https:\/\/miumjau.ee\/tuote\/petrebels-aste-seinale-kinnitamiseks-beez\/#primaryimage\"},\"thumbnailUrl\":\"https:\/\/miumjau.ee\/wp-content\/uploads\/2023\/09\/wall-assistant-aste-seinale-beez4.jpg\",\"datePublished\":\"2023-09-12T06:44:18+00:00\",\"dateModified\":\"2026-01-07T20:55:29+00:00\",\"description\":\"Askelma kissoille sein\u00e4\u00e4 pitkin kiipe\u00e4miseen ja hyppimiseen \u2013 loistava tapa s\u00e4\u00e4st\u00e4\u00e4 lattiapinta-alaa ja luoda kissalle mahtava liikkumisreitti sein\u00e4lle.\",\"breadcrumb\":{\"@id\":\"https:\/\/miumjau.ee\/tuote\/petrebels-aste-seinale-kinnitamiseks-beez\/#breadcrumb\"},\"inLanguage\":\"fi\",\"potentialAction\":[{\"@type\":\"ReadAction\",\"target\":[\"https:\/\/miumjau.ee\/tuote\/petrebels-aste-seinale-kinnitamiseks-beez\/\"]}]},{\"@type\":\"ImageObject\",\"inLanguage\":\"fi\",\"@id\":\"https:\/\/miumjau.ee\/tuote\/petrebels-aste-seinale-kinnitamiseks-beez\/#primaryimage\",\"url\":\"https:\/\/miumjau.ee\/wp-content\/uploads\/2023\/09\/wall-assistant-aste-seinale-beez4.jpg\",\"contentUrl\":\"https:\/\/miumjau.ee\/wp-content\/uploads\/2023\/09\/wall-assistant-aste-seinale-beez4.jpg\",\"width\":600,\"height\":800},{\"@type\":\"BreadcrumbList\",\"@id\":\"https:\/\/miumjau.ee\/tuote\/petrebels-aste-seinale-kinnitamiseks-beez\/#breadcrumb\",\"itemListElement\":[{\"@type\":\"ListItem\",\"position\":1,\"name\":\"Home\",\"item\":\"https:\/\/miumjau.ee\/fi\/\"},{\"@type\":\"ListItem\",\"position\":2,\"name\":\"Kauppa\",\"item\":\"https:\/\/miumjau.ee\/fi\/kauppa\/\"},{\"@type\":\"ListItem\",\"position\":3,\"name\":\"PETREBELS Sein\u00e4kiinnitett\u00e4v\u00e4 askelma, beige\"}]},{\"@type\":\"WebSite\",\"@id\":\"https:\/\/miumjau.ee\/#website\",\"url\":\"https:\/\/miumjau.ee\/\",\"name\":\"MiuMjau\",\"description\":\"Kraapimispuud kassidele\",\"publisher\":{\"@id\":\"https:\/\/miumjau.ee\/#organization\"},\"potentialAction\":[{\"@type\":\"SearchAction\",\"target\":{\"@type\":\"EntryPoint\",\"urlTemplate\":\"https:\/\/miumjau.ee\/?s={search_term_string}\"},\"query-input\":{\"@type\":\"PropertyValueSpecification\",\"valueRequired\":true,\"valueName\":\"search_term_string\"}}],\"inLanguage\":\"fi\"},{\"@type\":\"Organization\",\"@id\":\"https:\/\/miumjau.ee\/#organization\",\"name\":\"MiuMjau O\u00dc\",\"url\":\"https:\/\/miumjau.ee\/\",\"logo\":{\"@type\":\"ImageObject\",\"inLanguage\":\"fi\",\"@id\":\"https:\/\/miumjau.ee\/#\/schema\/logo\/image\/\",\"url\":\"https:\/\/miumjau.ee\/wp-content\/uploads\/2022\/04\/MiuMjau-logo-kollane.png\",\"contentUrl\":\"https:\/\/miumjau.ee\/wp-content\/uploads\/2022\/04\/MiuMjau-logo-kollane.png\",\"width\":219,\"height\":100,\"caption\":\"MiuMjau O\u00dc\"},\"image\":{\"@id\":\"https:\/\/miumjau.ee\/#\/schema\/logo\/image\/\"},\"sameAs\":[\"https:\/\/www.facebook.com\/miumjaupood\/\"]}]}<\/script>\n<!-- \/ Yoast SEO plugin. -->","yoast_head_json":{"title":"PETREBELS Sein\u00e4kiinnitett\u00e4v\u00e4 askelma, beige - MiuMjau","description":"Askelma kissoille sein\u00e4\u00e4 pitkin kiipe\u00e4miseen ja hyppimiseen \u2013 loistava tapa s\u00e4\u00e4st\u00e4\u00e4 lattiapinta-alaa ja luoda kissalle mahtava liikkumisreitti sein\u00e4lle.","robots":{"index":"index","follow":"follow","max-snippet":"max-snippet:-1","max-image-preview":"max-image-preview:large","max-video-preview":"max-video-preview:-1"},"canonical":"https:\/\/miumjau.ee\/tuote\/petrebels-aste-seinale-kinnitamiseks-beez\/","og_locale":"fi_FI","og_type":"article","og_title":"PETREBELS Sein\u00e4kiinnitett\u00e4v\u00e4 askelma, beige - MiuMjau","og_description":"Askelma kissoille sein\u00e4\u00e4 pitkin kiipe\u00e4miseen ja hyppimiseen \u2013 loistava tapa s\u00e4\u00e4st\u00e4\u00e4 lattiapinta-alaa ja luoda kissalle mahtava liikkumisreitti sein\u00e4lle.","og_url":"https:\/\/miumjau.ee\/tuote\/petrebels-aste-seinale-kinnitamiseks-beez\/","og_site_name":"MiuMjau","article_publisher":"https:\/\/www.facebook.com\/miumjaupood\/","article_modified_time":"2026-01-07T20:55:29+00:00","og_image":[{"width":600,"height":800,"url":"https:\/\/miumjau.ee\/wp-content\/uploads\/2023\/09\/wall-assistant-aste-seinale-beez4.jpg","type":"image\/jpeg"}],"twitter_card":"summary_large_image","schema":{"@context":"https:\/\/schema.org","@graph":[{"@type":"WebPage","@id":"https:\/\/miumjau.ee\/tuote\/petrebels-aste-seinale-kinnitamiseks-beez\/","url":"https:\/\/miumjau.ee\/tuote\/petrebels-aste-seinale-kinnitamiseks-beez\/","name":"PETREBELS Sein\u00e4kiinnitett\u00e4v\u00e4 askelma, beige - MiuMjau","isPartOf":{"@id":"https:\/\/miumjau.ee\/#website"},"primaryImageOfPage":{"@id":"https:\/\/miumjau.ee\/tuote\/petrebels-aste-seinale-kinnitamiseks-beez\/#primaryimage"},"image":{"@id":"https:\/\/miumjau.ee\/tuote\/petrebels-aste-seinale-kinnitamiseks-beez\/#primaryimage"},"thumbnailUrl":"https:\/\/miumjau.ee\/wp-content\/uploads\/2023\/09\/wall-assistant-aste-seinale-beez4.jpg","datePublished":"2023-09-12T06:44:18+00:00","dateModified":"2026-01-07T20:55:29+00:00","description":"Askelma kissoille sein\u00e4\u00e4 pitkin kiipe\u00e4miseen ja hyppimiseen \u2013 loistava tapa s\u00e4\u00e4st\u00e4\u00e4 lattiapinta-alaa ja luoda kissalle mahtava liikkumisreitti sein\u00e4lle.","breadcrumb":{"@id":"https:\/\/miumjau.ee\/tuote\/petrebels-aste-seinale-kinnitamiseks-beez\/#breadcrumb"},"inLanguage":"fi","potentialAction":[{"@type":"ReadAction","target":["https:\/\/miumjau.ee\/tuote\/petrebels-aste-seinale-kinnitamiseks-beez\/"]}]},{"@type":"ImageObject","inLanguage":"fi","@id":"https:\/\/miumjau.ee\/tuote\/petrebels-aste-seinale-kinnitamiseks-beez\/#primaryimage","url":"https:\/\/miumjau.ee\/wp-content\/uploads\/2023\/09\/wall-assistant-aste-seinale-beez4.jpg","contentUrl":"https:\/\/miumjau.ee\/wp-content\/uploads\/2023\/09\/wall-assistant-aste-seinale-beez4.jpg","width":600,"height":800},{"@type":"BreadcrumbList","@id":"https:\/\/miumjau.ee\/tuote\/petrebels-aste-seinale-kinnitamiseks-beez\/#breadcrumb","itemListElement":[{"@type":"ListItem","position":1,"name":"Home","item":"https:\/\/miumjau.ee\/fi\/"},{"@type":"ListItem","position":2,"name":"Kauppa","item":"https:\/\/miumjau.ee\/fi\/kauppa\/"},{"@type":"ListItem","position":3,"name":"PETREBELS Sein\u00e4kiinnitett\u00e4v\u00e4 askelma, beige"}]},{"@type":"WebSite","@id":"https:\/\/miumjau.ee\/#website","url":"https:\/\/miumjau.ee\/","name":"MiuMjau","description":"Kraapimispuud kassidele","publisher":{"@id":"https:\/\/miumjau.ee\/#organization"},"potentialAction":[{"@type":"SearchAction","target":{"@type":"EntryPoint","urlTemplate":"https:\/\/miumjau.ee\/?s={search_term_string}"},"query-input":{"@type":"PropertyValueSpecification","valueRequired":true,"valueName":"search_term_string"}}],"inLanguage":"fi"},{"@type":"Organization","@id":"https:\/\/miumjau.ee\/#organization","name":"MiuMjau O\u00dc","url":"https:\/\/miumjau.ee\/","logo":{"@type":"ImageObject","inLanguage":"fi","@id":"https:\/\/miumjau.ee\/#\/schema\/logo\/image\/","url":"https:\/\/miumjau.ee\/wp-content\/uploads\/2022\/04\/MiuMjau-logo-kollane.png","contentUrl":"https:\/\/miumjau.ee\/wp-content\/uploads\/2022\/04\/MiuMjau-logo-kollane.png","width":219,"height":100,"caption":"MiuMjau O\u00dc"},"image":{"@id":"https:\/\/miumjau.ee\/#\/schema\/logo\/image\/"},"sameAs":["https:\/\/www.facebook.com\/miumjaupood\/"]}]}},"_links":{"self":[{"href":"https:\/\/miumjau.ee\/fi\/wp-json\/wp\/v2\/product\/28399","targetHints":{"allow":["GET"]}}],"collection":[{"href":"https:\/\/miumjau.ee\/fi\/wp-json\/wp\/v2\/product"}],"about":[{"href":"https:\/\/miumjau.ee\/fi\/wp-json\/wp\/v2\/types\/product"}],"wp:featuredmedia":[{"embeddable":true,"href":"https:\/\/miumjau.ee\/fi\/wp-json\/wp\/v2\/media\/20449"}],"wp:attachment":[{"href":"https:\/\/miumjau.ee\/fi\/wp-json\/wp\/v2\/media?parent=28399"}],"wp:term":[{"taxonomy":"product_brand","embeddable":true,"href":"https:\/\/miumjau.ee\/fi\/wp-json\/wp\/v2\/product_brand?post=28399"},{"taxonomy":"product_cat","embeddable":true,"href":"https:\/\/miumjau.ee\/fi\/wp-json\/wp\/v2\/product_cat?post=28399"},{"taxonomy":"product_tag","embeddable":true,"href":"https:\/\/miumjau.ee\/fi\/wp-json\/wp\/v2\/product_tag?post=28399"}],"curies":[{"name":"wp","href":"https:\/\/api.w.org\/{rel}","templated":true}]}}