{"id":28395,"date":"2023-09-12T10:41:43","date_gmt":"2023-09-12T07:41:43","guid":{"rendered":"https:\/\/miumjau.ee\/toode\/petrebels-raapimapuuni-villa-100-cappuccino\/"},"modified":"2026-01-07T22:55:29","modified_gmt":"2026-01-07T20:55:29","slug":"petrebels-raapimapuuni-villa-100-cappuccino","status":"publish","type":"product","link":"https:\/\/miumjau.ee\/fi\/tuote\/petrebels-raapimapuuni-villa-100-cappuccino\/","title":{"rendered":"PETREBELS Raapimapuuni Villa 100, cappuccino"},"content":{"rendered":"","protected":false},"excerpt":{"rendered":"<p data-start=\"0\" data-end=\"239\">Raapimapuuni Villa 100 \u2013 leiki, kiipe\u00e4, venyttele ja raavi! N\u00e4it\u00e4 suosituksia annamme kissoille, jotka valitsevat t\u00e4m\u00e4n upean majan. Raapimispylv\u00e4iden halkaisija on 9 cm, ja ne on kauttaaltaan p\u00e4\u00e4llystetty laadukkaalla raapimis-sisalilla.<\/p>\n<p data-start=\"241\" data-end=\"425\">Useita leikkipaikkoja \u2013 avaus l\u00e4pikulkuun, vahva k\u00f6ysi ja roikkuva lelu. Huipulla on tilava lepopaikka. Tuote on suunniteltu kissanpennuille, pienikokoisille kissoille ja senioreille.<\/p>\n<p data-start=\"427\" data-end=\"518\">Huomioi, ett\u00e4 tuotteen pohja on vahvistettu ja 3 cm paksu, jotta vakaa rakenne on taattu.<\/p>\n<p data-start=\"520\" data-end=\"710\">Korkeus 100 cm, pituus 60 cm ja syvyys 40 cm \u2013 vahva ja vakaa, ei heilu!<br data-start=\"592\" data-end=\"595\" \/>Tuotteen paino pakkauksen kanssa: 21 kg<br data-start=\"634\" data-end=\"637\" \/>Tuotteen paino ilman pakkausta: 19,6 kg<br data-start=\"676\" data-end=\"679\" data-is-only-node=\"\" \/>Pakkauksen mitat: 62x42x48 cm<\/p>\n<p data-start=\"712\" data-end=\"755\"><a href=\"https:\/\/www.youtube.com\/watch?v=u5EClv32nE8&amp;list=UU0URx5phpOz34IHv2fXzcUQ&amp;ab_channel=PETREBELS\" target=\"_blank\" rel=\"noopener\">KATSO MY\u00d6S PIENI VIDEOKLIPPI<\/a><\/p>\n<p data-start=\"757\" data-end=\"883\" data-is-last-node=\"\" data-is-only-node=\"\">Tuotteella on CE-sertifikaatti, ja sen valmistaja on hollantilainen laatubr\u00e4ndi Petrebels. Panostamme laatuun ja kest\u00e4vyyteen.<\/p>\n","protected":false},"featured_media":20484,"template":"","meta":[],"product_brand":[],"product_cat":[114],"product_tag":[],"class_list":{"0":"post-28395","1":"product","2":"type-product","3":"status-publish","4":"has-post-thumbnail","6":"product_cat-pienet-raapimispuut-petrebels","7":"product_shipping_class-pakiautomaati-sobimatu-fi","9":"first","10":"instock","11":"sale","12":"taxable","13":"shipping-taxable","14":"purchasable","15":"product-type-simple"},"yoast_head":"<!-- This site is optimized with the Yoast SEO plugin v27.2 - https:\/\/yoast.com\/product\/yoast-seo-wordpress\/ -->\n<title>PETREBELS Raapimapuuni Villa 100, cappuccino - MiuMjau<\/title>\n<meta name=\"description\" content=\"Petrebels raapimapuuni Villa 100 sopii pienille kissoille ja kissanpennuille, n\u00e4ytt\u00e4\u00e4 eritt\u00e4in modernilta ja tyylikk\u00e4\u00e4lt\u00e4, ja siin\u00e4 on kaikki tarvittavat ominaisuudet.\" \/>\n<meta name=\"robots\" content=\"index, follow, max-snippet:-1, max-image-preview:large, max-video-preview:-1\" \/>\n<link rel=\"canonical\" href=\"https:\/\/miumjau.ee\/tuote\/petrebels-kraapimispuu-villa-100-cappuccino\/\" \/>\n<meta property=\"og:locale\" content=\"fi_FI\" \/>\n<meta property=\"og:type\" content=\"article\" \/>\n<meta property=\"og:title\" content=\"PETREBELS Raapimapuuni Villa 100, cappuccino - MiuMjau\" \/>\n<meta property=\"og:description\" content=\"Petrebels raapimapuuni Villa 100 sopii pienille kissoille ja kissanpennuille, n\u00e4ytt\u00e4\u00e4 eritt\u00e4in modernilta ja tyylikk\u00e4\u00e4lt\u00e4, ja siin\u00e4 on kaikki tarvittavat ominaisuudet.\" \/>\n<meta property=\"og:url\" content=\"https:\/\/miumjau.ee\/tuote\/petrebels-kraapimispuu-villa-100-cappuccino\/\" \/>\n<meta property=\"og:site_name\" content=\"MiuMjau\" \/>\n<meta property=\"article:publisher\" content=\"https:\/\/www.facebook.com\/miumjaupood\/\" \/>\n<meta property=\"article:modified_time\" content=\"2026-01-07T20:55:29+00:00\" \/>\n<meta property=\"og:image\" content=\"https:\/\/miumjau.ee\/wp-content\/uploads\/2023\/09\/villa-100-cappuccino-kassi-kraapimispuu-1.jpg\" \/>\n\t<meta property=\"og:image:width\" content=\"600\" \/>\n\t<meta property=\"og:image:height\" content=\"800\" \/>\n\t<meta property=\"og:image:type\" content=\"image\/jpeg\" \/>\n<meta name=\"twitter:card\" content=\"summary_large_image\" \/>\n<script type=\"application\/ld+json\" class=\"yoast-schema-graph\">{\"@context\":\"https:\/\/schema.org\",\"@graph\":[{\"@type\":\"WebPage\",\"@id\":\"https:\/\/miumjau.ee\/tuote\/petrebels-kraapimispuu-villa-100-cappuccino\/\",\"url\":\"https:\/\/miumjau.ee\/tuote\/petrebels-kraapimispuu-villa-100-cappuccino\/\",\"name\":\"PETREBELS Raapimapuuni Villa 100, cappuccino - MiuMjau\",\"isPartOf\":{\"@id\":\"https:\/\/miumjau.ee\/#website\"},\"primaryImageOfPage\":{\"@id\":\"https:\/\/miumjau.ee\/tuote\/petrebels-kraapimispuu-villa-100-cappuccino\/#primaryimage\"},\"image\":{\"@id\":\"https:\/\/miumjau.ee\/tuote\/petrebels-kraapimispuu-villa-100-cappuccino\/#primaryimage\"},\"thumbnailUrl\":\"https:\/\/miumjau.ee\/wp-content\/uploads\/2023\/09\/villa-100-cappuccino-kassi-kraapimispuu-1.jpg\",\"datePublished\":\"2023-09-12T07:41:43+00:00\",\"dateModified\":\"2026-01-07T20:55:29+00:00\",\"description\":\"Petrebels raapimapuuni Villa 100 sopii pienille kissoille ja kissanpennuille, n\u00e4ytt\u00e4\u00e4 eritt\u00e4in modernilta ja tyylikk\u00e4\u00e4lt\u00e4, ja siin\u00e4 on kaikki tarvittavat ominaisuudet.\",\"breadcrumb\":{\"@id\":\"https:\/\/miumjau.ee\/tuote\/petrebels-kraapimispuu-villa-100-cappuccino\/#breadcrumb\"},\"inLanguage\":\"fi\",\"potentialAction\":[{\"@type\":\"ReadAction\",\"target\":[\"https:\/\/miumjau.ee\/tuote\/petrebels-kraapimispuu-villa-100-cappuccino\/\"]}]},{\"@type\":\"ImageObject\",\"inLanguage\":\"fi\",\"@id\":\"https:\/\/miumjau.ee\/tuote\/petrebels-kraapimispuu-villa-100-cappuccino\/#primaryimage\",\"url\":\"https:\/\/miumjau.ee\/wp-content\/uploads\/2023\/09\/villa-100-cappuccino-kassi-kraapimispuu-1.jpg\",\"contentUrl\":\"https:\/\/miumjau.ee\/wp-content\/uploads\/2023\/09\/villa-100-cappuccino-kassi-kraapimispuu-1.jpg\",\"width\":600,\"height\":800},{\"@type\":\"BreadcrumbList\",\"@id\":\"https:\/\/miumjau.ee\/tuote\/petrebels-kraapimispuu-villa-100-cappuccino\/#breadcrumb\",\"itemListElement\":[{\"@type\":\"ListItem\",\"position\":1,\"name\":\"Home\",\"item\":\"https:\/\/miumjau.ee\/fi\/\"},{\"@type\":\"ListItem\",\"position\":2,\"name\":\"Kauppa\",\"item\":\"https:\/\/miumjau.ee\/fi\/kauppa\/\"},{\"@type\":\"ListItem\",\"position\":3,\"name\":\"PETREBELS Raapimapuuni Villa 100, cappuccino\"}]},{\"@type\":\"WebSite\",\"@id\":\"https:\/\/miumjau.ee\/#website\",\"url\":\"https:\/\/miumjau.ee\/\",\"name\":\"MiuMjau\",\"description\":\"Kraapimispuud kassidele\",\"publisher\":{\"@id\":\"https:\/\/miumjau.ee\/#organization\"},\"potentialAction\":[{\"@type\":\"SearchAction\",\"target\":{\"@type\":\"EntryPoint\",\"urlTemplate\":\"https:\/\/miumjau.ee\/?s={search_term_string}\"},\"query-input\":{\"@type\":\"PropertyValueSpecification\",\"valueRequired\":true,\"valueName\":\"search_term_string\"}}],\"inLanguage\":\"fi\"},{\"@type\":\"Organization\",\"@id\":\"https:\/\/miumjau.ee\/#organization\",\"name\":\"MiuMjau O\u00dc\",\"url\":\"https:\/\/miumjau.ee\/\",\"logo\":{\"@type\":\"ImageObject\",\"inLanguage\":\"fi\",\"@id\":\"https:\/\/miumjau.ee\/#\/schema\/logo\/image\/\",\"url\":\"https:\/\/miumjau.ee\/wp-content\/uploads\/2022\/04\/MiuMjau-logo-kollane.png\",\"contentUrl\":\"https:\/\/miumjau.ee\/wp-content\/uploads\/2022\/04\/MiuMjau-logo-kollane.png\",\"width\":219,\"height\":100,\"caption\":\"MiuMjau O\u00dc\"},\"image\":{\"@id\":\"https:\/\/miumjau.ee\/#\/schema\/logo\/image\/\"},\"sameAs\":[\"https:\/\/www.facebook.com\/miumjaupood\/\"]}]}<\/script>\n<!-- \/ Yoast SEO plugin. -->","yoast_head_json":{"title":"PETREBELS Raapimapuuni Villa 100, cappuccino - MiuMjau","description":"Petrebels raapimapuuni Villa 100 sopii pienille kissoille ja kissanpennuille, n\u00e4ytt\u00e4\u00e4 eritt\u00e4in modernilta ja tyylikk\u00e4\u00e4lt\u00e4, ja siin\u00e4 on kaikki tarvittavat ominaisuudet.","robots":{"index":"index","follow":"follow","max-snippet":"max-snippet:-1","max-image-preview":"max-image-preview:large","max-video-preview":"max-video-preview:-1"},"canonical":"https:\/\/miumjau.ee\/tuote\/petrebels-kraapimispuu-villa-100-cappuccino\/","og_locale":"fi_FI","og_type":"article","og_title":"PETREBELS Raapimapuuni Villa 100, cappuccino - MiuMjau","og_description":"Petrebels raapimapuuni Villa 100 sopii pienille kissoille ja kissanpennuille, n\u00e4ytt\u00e4\u00e4 eritt\u00e4in modernilta ja tyylikk\u00e4\u00e4lt\u00e4, ja siin\u00e4 on kaikki tarvittavat ominaisuudet.","og_url":"https:\/\/miumjau.ee\/tuote\/petrebels-kraapimispuu-villa-100-cappuccino\/","og_site_name":"MiuMjau","article_publisher":"https:\/\/www.facebook.com\/miumjaupood\/","article_modified_time":"2026-01-07T20:55:29+00:00","og_image":[{"width":600,"height":800,"url":"https:\/\/miumjau.ee\/wp-content\/uploads\/2023\/09\/villa-100-cappuccino-kassi-kraapimispuu-1.jpg","type":"image\/jpeg"}],"twitter_card":"summary_large_image","schema":{"@context":"https:\/\/schema.org","@graph":[{"@type":"WebPage","@id":"https:\/\/miumjau.ee\/tuote\/petrebels-kraapimispuu-villa-100-cappuccino\/","url":"https:\/\/miumjau.ee\/tuote\/petrebels-kraapimispuu-villa-100-cappuccino\/","name":"PETREBELS Raapimapuuni Villa 100, cappuccino - MiuMjau","isPartOf":{"@id":"https:\/\/miumjau.ee\/#website"},"primaryImageOfPage":{"@id":"https:\/\/miumjau.ee\/tuote\/petrebels-kraapimispuu-villa-100-cappuccino\/#primaryimage"},"image":{"@id":"https:\/\/miumjau.ee\/tuote\/petrebels-kraapimispuu-villa-100-cappuccino\/#primaryimage"},"thumbnailUrl":"https:\/\/miumjau.ee\/wp-content\/uploads\/2023\/09\/villa-100-cappuccino-kassi-kraapimispuu-1.jpg","datePublished":"2023-09-12T07:41:43+00:00","dateModified":"2026-01-07T20:55:29+00:00","description":"Petrebels raapimapuuni Villa 100 sopii pienille kissoille ja kissanpennuille, n\u00e4ytt\u00e4\u00e4 eritt\u00e4in modernilta ja tyylikk\u00e4\u00e4lt\u00e4, ja siin\u00e4 on kaikki tarvittavat ominaisuudet.","breadcrumb":{"@id":"https:\/\/miumjau.ee\/tuote\/petrebels-kraapimispuu-villa-100-cappuccino\/#breadcrumb"},"inLanguage":"fi","potentialAction":[{"@type":"ReadAction","target":["https:\/\/miumjau.ee\/tuote\/petrebels-kraapimispuu-villa-100-cappuccino\/"]}]},{"@type":"ImageObject","inLanguage":"fi","@id":"https:\/\/miumjau.ee\/tuote\/petrebels-kraapimispuu-villa-100-cappuccino\/#primaryimage","url":"https:\/\/miumjau.ee\/wp-content\/uploads\/2023\/09\/villa-100-cappuccino-kassi-kraapimispuu-1.jpg","contentUrl":"https:\/\/miumjau.ee\/wp-content\/uploads\/2023\/09\/villa-100-cappuccino-kassi-kraapimispuu-1.jpg","width":600,"height":800},{"@type":"BreadcrumbList","@id":"https:\/\/miumjau.ee\/tuote\/petrebels-kraapimispuu-villa-100-cappuccino\/#breadcrumb","itemListElement":[{"@type":"ListItem","position":1,"name":"Home","item":"https:\/\/miumjau.ee\/fi\/"},{"@type":"ListItem","position":2,"name":"Kauppa","item":"https:\/\/miumjau.ee\/fi\/kauppa\/"},{"@type":"ListItem","position":3,"name":"PETREBELS Raapimapuuni Villa 100, cappuccino"}]},{"@type":"WebSite","@id":"https:\/\/miumjau.ee\/#website","url":"https:\/\/miumjau.ee\/","name":"MiuMjau","description":"Kraapimispuud kassidele","publisher":{"@id":"https:\/\/miumjau.ee\/#organization"},"potentialAction":[{"@type":"SearchAction","target":{"@type":"EntryPoint","urlTemplate":"https:\/\/miumjau.ee\/?s={search_term_string}"},"query-input":{"@type":"PropertyValueSpecification","valueRequired":true,"valueName":"search_term_string"}}],"inLanguage":"fi"},{"@type":"Organization","@id":"https:\/\/miumjau.ee\/#organization","name":"MiuMjau O\u00dc","url":"https:\/\/miumjau.ee\/","logo":{"@type":"ImageObject","inLanguage":"fi","@id":"https:\/\/miumjau.ee\/#\/schema\/logo\/image\/","url":"https:\/\/miumjau.ee\/wp-content\/uploads\/2022\/04\/MiuMjau-logo-kollane.png","contentUrl":"https:\/\/miumjau.ee\/wp-content\/uploads\/2022\/04\/MiuMjau-logo-kollane.png","width":219,"height":100,"caption":"MiuMjau O\u00dc"},"image":{"@id":"https:\/\/miumjau.ee\/#\/schema\/logo\/image\/"},"sameAs":["https:\/\/www.facebook.com\/miumjaupood\/"]}]}},"_links":{"self":[{"href":"https:\/\/miumjau.ee\/fi\/wp-json\/wp\/v2\/product\/28395","targetHints":{"allow":["GET"]}}],"collection":[{"href":"https:\/\/miumjau.ee\/fi\/wp-json\/wp\/v2\/product"}],"about":[{"href":"https:\/\/miumjau.ee\/fi\/wp-json\/wp\/v2\/types\/product"}],"wp:featuredmedia":[{"embeddable":true,"href":"https:\/\/miumjau.ee\/fi\/wp-json\/wp\/v2\/media\/20484"}],"wp:attachment":[{"href":"https:\/\/miumjau.ee\/fi\/wp-json\/wp\/v2\/media?parent=28395"}],"wp:term":[{"taxonomy":"product_brand","embeddable":true,"href":"https:\/\/miumjau.ee\/fi\/wp-json\/wp\/v2\/product_brand?post=28395"},{"taxonomy":"product_cat","embeddable":true,"href":"https:\/\/miumjau.ee\/fi\/wp-json\/wp\/v2\/product_cat?post=28395"},{"taxonomy":"product_tag","embeddable":true,"href":"https:\/\/miumjau.ee\/fi\/wp-json\/wp\/v2\/product_tag?post=28395"}],"curies":[{"name":"wp","href":"https:\/\/api.w.org\/{rel}","templated":true}]}}