{"id":28392,"date":"2023-09-13T15:11:41","date_gmt":"2023-09-13T12:11:41","guid":{"rendered":"https:\/\/miumjau.ee\/toode\/petrebels-raapimissiru-nurkassa-harmaa\/"},"modified":"2026-01-07T22:55:37","modified_gmt":"2026-01-07T20:55:37","slug":"petrebels-raapimissiru-nurkassa-harmaa","status":"publish","type":"product","link":"https:\/\/miumjau.ee\/fi\/tuote\/petrebels-raapimissiru-nurkassa-harmaa\/","title":{"rendered":"Petrebels Raapimissiru nurkassa, harmaa"},"content":{"rendered":"","protected":false},"excerpt":{"rendered":"<p data-start=\"0\" data-end=\"495\">Petrebelsin raapimismatto on suunniteltu kiinnitett\u00e4v\u00e4ksi sein\u00e4\u00e4n kulmaan. On hyv\u00e4 l\u00f6yt\u00e4\u00e4 juuri se kulma, jossa kissasi liikkuu jatkuvasti. T\u00e4m\u00e4 mahdollistaa useiden raapimismahdollisuuksien luomisen niin, ett\u00e4 lattiatila j\u00e4\u00e4 vapaaksi. My\u00f6s huonekalusi saavat v\u00e4hemm\u00e4n vaurioita. Kuten kaikki Petrebelsin tuotteet, t\u00e4m\u00e4kin on valmistettu korkealaatuisesti, eritt\u00e4in vahvalla sisalilla p\u00e4\u00e4llystetty matto ja reunoilla superpehme\u00e4 plyysikangas. Olemme varmoja, ett\u00e4 kissasi raapii t\u00e4t\u00e4 p\u00e4ivitt\u00e4in.<\/p>\n<ul>\n<li data-start=\"497\" data-end=\"699\">Mitat \u2013 korkeus 57 cm, leveys 29,5 cm ja paksuus 3 cm<\/li>\n<li data-start=\"497\" data-end=\"699\">Sopii kaikille kissoille &#8211; my\u00f6s suurille ja vahvoille<\/li>\n<\/ul>\n<p>Tuote on CE-hyv\u00e4ksytty, ja valmistaja on Hollannin laatubr\u00e4ndi PETREBELS. Investoimme laatuun!<\/p>\n","protected":false},"featured_media":20517,"template":"","meta":[],"product_brand":[],"product_cat":[260],"product_tag":[],"class_list":{"0":"post-28392","1":"product","2":"type-product","3":"status-publish","4":"has-post-thumbnail","6":"product_cat-kissan-raapimamatto","7":"product_shipping_class-pakiautomaati-sobimatu-fi","9":"first","10":"instock","11":"taxable","12":"shipping-taxable","13":"purchasable","14":"product-type-simple"},"yoast_head":"<!-- This site is optimized with the Yoast SEO plugin v27.2 - https:\/\/yoast.com\/product\/yoast-seo-wordpress\/ -->\n<title>Petrebels Raapimissiru nurkassa, harmaa - MiuMjau<\/title>\n<meta name=\"description\" content=\"Raapimismatto, joka on suunniteltu kiinnitett\u00e4v\u00e4ksi huonekaluihin tai sein\u00e4\u00e4n niiden suojaamiseksi ja tarjotakseen kissalle hyv\u00e4n raapimismahdollisuuden. Laadukas!\" \/>\n<meta name=\"robots\" content=\"index, follow, max-snippet:-1, max-image-preview:large, max-video-preview:-1\" \/>\n<link rel=\"canonical\" href=\"https:\/\/miumjau.ee\/fi\/tuote\/petrebels-raapimissiru-nurkassa-harmaa\/\" \/>\n<meta property=\"og:locale\" content=\"fi_FI\" \/>\n<meta property=\"og:type\" content=\"article\" \/>\n<meta property=\"og:title\" content=\"Petrebels Raapimissiru nurkassa, harmaa - MiuMjau\" \/>\n<meta property=\"og:description\" content=\"Raapimismatto, joka on suunniteltu kiinnitett\u00e4v\u00e4ksi huonekaluihin tai sein\u00e4\u00e4n niiden suojaamiseksi ja tarjotakseen kissalle hyv\u00e4n raapimismahdollisuuden. Laadukas!\" \/>\n<meta property=\"og:url\" content=\"https:\/\/miumjau.ee\/fi\/tuote\/petrebels-raapimissiru-nurkassa-harmaa\/\" \/>\n<meta property=\"og:site_name\" content=\"MiuMjau\" \/>\n<meta property=\"article:publisher\" content=\"https:\/\/www.facebook.com\/miumjaupood\/\" \/>\n<meta property=\"article:modified_time\" content=\"2026-01-07T20:55:37+00:00\" \/>\n<meta property=\"og:image\" content=\"https:\/\/miumjau.ee\/wp-content\/uploads\/2023\/09\/scratch-corner-petrebels-kraapimisplaat4.jpg\" \/>\n\t<meta property=\"og:image:width\" content=\"600\" \/>\n\t<meta property=\"og:image:height\" content=\"800\" \/>\n\t<meta property=\"og:image:type\" content=\"image\/jpeg\" \/>\n<meta name=\"twitter:card\" content=\"summary_large_image\" \/>\n<script type=\"application\/ld+json\" class=\"yoast-schema-graph\">{\"@context\":\"https:\/\/schema.org\",\"@graph\":[{\"@type\":\"WebPage\",\"@id\":\"https:\/\/miumjau.ee\/fi\/tuote\/petrebels-raapimissiru-nurkassa-harmaa\/\",\"url\":\"https:\/\/miumjau.ee\/fi\/tuote\/petrebels-raapimissiru-nurkassa-harmaa\/\",\"name\":\"Petrebels Raapimissiru nurkassa, harmaa - MiuMjau\",\"isPartOf\":{\"@id\":\"https:\/\/miumjau.ee\/#website\"},\"primaryImageOfPage\":{\"@id\":\"https:\/\/miumjau.ee\/fi\/tuote\/petrebels-raapimissiru-nurkassa-harmaa\/#primaryimage\"},\"image\":{\"@id\":\"https:\/\/miumjau.ee\/fi\/tuote\/petrebels-raapimissiru-nurkassa-harmaa\/#primaryimage\"},\"thumbnailUrl\":\"https:\/\/miumjau.ee\/wp-content\/uploads\/2023\/09\/scratch-corner-petrebels-kraapimisplaat4.jpg\",\"datePublished\":\"2023-09-13T12:11:41+00:00\",\"dateModified\":\"2026-01-07T20:55:37+00:00\",\"description\":\"Raapimismatto, joka on suunniteltu kiinnitett\u00e4v\u00e4ksi huonekaluihin tai sein\u00e4\u00e4n niiden suojaamiseksi ja tarjotakseen kissalle hyv\u00e4n raapimismahdollisuuden. Laadukas!\",\"breadcrumb\":{\"@id\":\"https:\/\/miumjau.ee\/fi\/tuote\/petrebels-raapimissiru-nurkassa-harmaa\/#breadcrumb\"},\"inLanguage\":\"fi\",\"potentialAction\":[{\"@type\":\"ReadAction\",\"target\":[\"https:\/\/miumjau.ee\/fi\/tuote\/petrebels-raapimissiru-nurkassa-harmaa\/\"]}]},{\"@type\":\"ImageObject\",\"inLanguage\":\"fi\",\"@id\":\"https:\/\/miumjau.ee\/fi\/tuote\/petrebels-raapimissiru-nurkassa-harmaa\/#primaryimage\",\"url\":\"https:\/\/miumjau.ee\/wp-content\/uploads\/2023\/09\/scratch-corner-petrebels-kraapimisplaat4.jpg\",\"contentUrl\":\"https:\/\/miumjau.ee\/wp-content\/uploads\/2023\/09\/scratch-corner-petrebels-kraapimisplaat4.jpg\",\"width\":600,\"height\":800},{\"@type\":\"BreadcrumbList\",\"@id\":\"https:\/\/miumjau.ee\/fi\/tuote\/petrebels-raapimissiru-nurkassa-harmaa\/#breadcrumb\",\"itemListElement\":[{\"@type\":\"ListItem\",\"position\":1,\"name\":\"Home\",\"item\":\"https:\/\/miumjau.ee\/fi\/\"},{\"@type\":\"ListItem\",\"position\":2,\"name\":\"Kauppa\",\"item\":\"https:\/\/miumjau.ee\/fi\/kauppa\/\"},{\"@type\":\"ListItem\",\"position\":3,\"name\":\"Petrebels Raapimissiru nurkassa, harmaa\"}]},{\"@type\":\"WebSite\",\"@id\":\"https:\/\/miumjau.ee\/#website\",\"url\":\"https:\/\/miumjau.ee\/\",\"name\":\"MiuMjau\",\"description\":\"Kraapimispuud kassidele\",\"publisher\":{\"@id\":\"https:\/\/miumjau.ee\/#organization\"},\"potentialAction\":[{\"@type\":\"SearchAction\",\"target\":{\"@type\":\"EntryPoint\",\"urlTemplate\":\"https:\/\/miumjau.ee\/?s={search_term_string}\"},\"query-input\":{\"@type\":\"PropertyValueSpecification\",\"valueRequired\":true,\"valueName\":\"search_term_string\"}}],\"inLanguage\":\"fi\"},{\"@type\":\"Organization\",\"@id\":\"https:\/\/miumjau.ee\/#organization\",\"name\":\"MiuMjau O\u00dc\",\"url\":\"https:\/\/miumjau.ee\/\",\"logo\":{\"@type\":\"ImageObject\",\"inLanguage\":\"fi\",\"@id\":\"https:\/\/miumjau.ee\/#\/schema\/logo\/image\/\",\"url\":\"https:\/\/miumjau.ee\/wp-content\/uploads\/2022\/04\/MiuMjau-logo-kollane.png\",\"contentUrl\":\"https:\/\/miumjau.ee\/wp-content\/uploads\/2022\/04\/MiuMjau-logo-kollane.png\",\"width\":219,\"height\":100,\"caption\":\"MiuMjau O\u00dc\"},\"image\":{\"@id\":\"https:\/\/miumjau.ee\/#\/schema\/logo\/image\/\"},\"sameAs\":[\"https:\/\/www.facebook.com\/miumjaupood\/\"]}]}<\/script>\n<!-- \/ Yoast SEO plugin. -->","yoast_head_json":{"title":"Petrebels Raapimissiru nurkassa, harmaa - MiuMjau","description":"Raapimismatto, joka on suunniteltu kiinnitett\u00e4v\u00e4ksi huonekaluihin tai sein\u00e4\u00e4n niiden suojaamiseksi ja tarjotakseen kissalle hyv\u00e4n raapimismahdollisuuden. Laadukas!","robots":{"index":"index","follow":"follow","max-snippet":"max-snippet:-1","max-image-preview":"max-image-preview:large","max-video-preview":"max-video-preview:-1"},"canonical":"https:\/\/miumjau.ee\/fi\/tuote\/petrebels-raapimissiru-nurkassa-harmaa\/","og_locale":"fi_FI","og_type":"article","og_title":"Petrebels Raapimissiru nurkassa, harmaa - MiuMjau","og_description":"Raapimismatto, joka on suunniteltu kiinnitett\u00e4v\u00e4ksi huonekaluihin tai sein\u00e4\u00e4n niiden suojaamiseksi ja tarjotakseen kissalle hyv\u00e4n raapimismahdollisuuden. Laadukas!","og_url":"https:\/\/miumjau.ee\/fi\/tuote\/petrebels-raapimissiru-nurkassa-harmaa\/","og_site_name":"MiuMjau","article_publisher":"https:\/\/www.facebook.com\/miumjaupood\/","article_modified_time":"2026-01-07T20:55:37+00:00","og_image":[{"width":600,"height":800,"url":"https:\/\/miumjau.ee\/wp-content\/uploads\/2023\/09\/scratch-corner-petrebels-kraapimisplaat4.jpg","type":"image\/jpeg"}],"twitter_card":"summary_large_image","schema":{"@context":"https:\/\/schema.org","@graph":[{"@type":"WebPage","@id":"https:\/\/miumjau.ee\/fi\/tuote\/petrebels-raapimissiru-nurkassa-harmaa\/","url":"https:\/\/miumjau.ee\/fi\/tuote\/petrebels-raapimissiru-nurkassa-harmaa\/","name":"Petrebels Raapimissiru nurkassa, harmaa - MiuMjau","isPartOf":{"@id":"https:\/\/miumjau.ee\/#website"},"primaryImageOfPage":{"@id":"https:\/\/miumjau.ee\/fi\/tuote\/petrebels-raapimissiru-nurkassa-harmaa\/#primaryimage"},"image":{"@id":"https:\/\/miumjau.ee\/fi\/tuote\/petrebels-raapimissiru-nurkassa-harmaa\/#primaryimage"},"thumbnailUrl":"https:\/\/miumjau.ee\/wp-content\/uploads\/2023\/09\/scratch-corner-petrebels-kraapimisplaat4.jpg","datePublished":"2023-09-13T12:11:41+00:00","dateModified":"2026-01-07T20:55:37+00:00","description":"Raapimismatto, joka on suunniteltu kiinnitett\u00e4v\u00e4ksi huonekaluihin tai sein\u00e4\u00e4n niiden suojaamiseksi ja tarjotakseen kissalle hyv\u00e4n raapimismahdollisuuden. Laadukas!","breadcrumb":{"@id":"https:\/\/miumjau.ee\/fi\/tuote\/petrebels-raapimissiru-nurkassa-harmaa\/#breadcrumb"},"inLanguage":"fi","potentialAction":[{"@type":"ReadAction","target":["https:\/\/miumjau.ee\/fi\/tuote\/petrebels-raapimissiru-nurkassa-harmaa\/"]}]},{"@type":"ImageObject","inLanguage":"fi","@id":"https:\/\/miumjau.ee\/fi\/tuote\/petrebels-raapimissiru-nurkassa-harmaa\/#primaryimage","url":"https:\/\/miumjau.ee\/wp-content\/uploads\/2023\/09\/scratch-corner-petrebels-kraapimisplaat4.jpg","contentUrl":"https:\/\/miumjau.ee\/wp-content\/uploads\/2023\/09\/scratch-corner-petrebels-kraapimisplaat4.jpg","width":600,"height":800},{"@type":"BreadcrumbList","@id":"https:\/\/miumjau.ee\/fi\/tuote\/petrebels-raapimissiru-nurkassa-harmaa\/#breadcrumb","itemListElement":[{"@type":"ListItem","position":1,"name":"Home","item":"https:\/\/miumjau.ee\/fi\/"},{"@type":"ListItem","position":2,"name":"Kauppa","item":"https:\/\/miumjau.ee\/fi\/kauppa\/"},{"@type":"ListItem","position":3,"name":"Petrebels Raapimissiru nurkassa, harmaa"}]},{"@type":"WebSite","@id":"https:\/\/miumjau.ee\/#website","url":"https:\/\/miumjau.ee\/","name":"MiuMjau","description":"Kraapimispuud kassidele","publisher":{"@id":"https:\/\/miumjau.ee\/#organization"},"potentialAction":[{"@type":"SearchAction","target":{"@type":"EntryPoint","urlTemplate":"https:\/\/miumjau.ee\/?s={search_term_string}"},"query-input":{"@type":"PropertyValueSpecification","valueRequired":true,"valueName":"search_term_string"}}],"inLanguage":"fi"},{"@type":"Organization","@id":"https:\/\/miumjau.ee\/#organization","name":"MiuMjau O\u00dc","url":"https:\/\/miumjau.ee\/","logo":{"@type":"ImageObject","inLanguage":"fi","@id":"https:\/\/miumjau.ee\/#\/schema\/logo\/image\/","url":"https:\/\/miumjau.ee\/wp-content\/uploads\/2022\/04\/MiuMjau-logo-kollane.png","contentUrl":"https:\/\/miumjau.ee\/wp-content\/uploads\/2022\/04\/MiuMjau-logo-kollane.png","width":219,"height":100,"caption":"MiuMjau O\u00dc"},"image":{"@id":"https:\/\/miumjau.ee\/#\/schema\/logo\/image\/"},"sameAs":["https:\/\/www.facebook.com\/miumjaupood\/"]}]}},"_links":{"self":[{"href":"https:\/\/miumjau.ee\/fi\/wp-json\/wp\/v2\/product\/28392","targetHints":{"allow":["GET"]}}],"collection":[{"href":"https:\/\/miumjau.ee\/fi\/wp-json\/wp\/v2\/product"}],"about":[{"href":"https:\/\/miumjau.ee\/fi\/wp-json\/wp\/v2\/types\/product"}],"wp:featuredmedia":[{"embeddable":true,"href":"https:\/\/miumjau.ee\/fi\/wp-json\/wp\/v2\/media\/20517"}],"wp:attachment":[{"href":"https:\/\/miumjau.ee\/fi\/wp-json\/wp\/v2\/media?parent=28392"}],"wp:term":[{"taxonomy":"product_brand","embeddable":true,"href":"https:\/\/miumjau.ee\/fi\/wp-json\/wp\/v2\/product_brand?post=28392"},{"taxonomy":"product_cat","embeddable":true,"href":"https:\/\/miumjau.ee\/fi\/wp-json\/wp\/v2\/product_cat?post=28392"},{"taxonomy":"product_tag","embeddable":true,"href":"https:\/\/miumjau.ee\/fi\/wp-json\/wp\/v2\/product_tag?post=28392"}],"curies":[{"name":"wp","href":"https:\/\/api.w.org\/{rel}","templated":true}]}}