{"id":28386,"date":"2023-10-25T19:54:06","date_gmt":"2023-10-25T16:54:06","guid":{"rendered":"https:\/\/miumjau.ee\/toode\/kissanhiekka-dirty-rebels-10-kg-hajuton\/"},"modified":"2026-01-07T22:55:37","modified_gmt":"2026-01-07T20:55:37","slug":"kissanhiekka-dirty-rebels-10-kg-hajuton","status":"publish","type":"product","link":"https:\/\/miumjau.ee\/fi\/tuote\/kissanhiekka-dirty-rebels-10-kg-hajuton\/","title":{"rendered":"Kissanhiekka DIRTY REBELS 10 KG, Hajuton"},"content":{"rendered":"","protected":false},"excerpt":{"rendered":"<p data-start=\"0\" data-end=\"101\">DIRTY REBELS kissanhiekka 10 KG Hajuton sopii kaikille kissoille kaikissa paino- ja ik\u00e4luokissa.<\/p>\n<p data-start=\"103\" data-end=\"341\">Vaikka kissasi ovat kuinka kauniita, suloisia ja ihania, ei hiekkalaatikon puhdistaminen silti ole &#8221;kovin mieluisaa puuhaa&#8221;. Siksi Dirty Rebels on suunniteltu erityisesti sinulle ja kissallesi, jotta t\u00e4m\u00e4 tyls\u00e4 teht\u00e4v\u00e4 j\u00e4\u00e4 vain muistoksi.<\/p>\n<p data-start=\"343\" data-end=\"637\">Petrebels on kehitt\u00e4nyt huolellisesti huippulaadukasta kissanhiekkaa, jotta &#8221;haisevat&#8221; kisut olisivat j\u00e4lleen onnellisia. Dirty Rebels imee itseens\u00e4 nelj\u00e4 kertaa enemm\u00e4n kuin oma tilavuutensa ja muodostaa heti kiinteit\u00e4 kappaleita. Parhaan tuloksen saavuttamiseksi voit helposti kauhoa hiekkaa.<\/p>\n<p data-start=\"639\" data-end=\"652\">Ominaisuudet:<\/p>\n<ul data-start=\"654\" data-end=\"852\" data-is-only-node=\"\" data-is-last-node=\"\">\n<li data-start=\"654\" data-end=\"673\">100% luonnontuote<\/li>\n<li data-start=\"674\" data-end=\"726\">Imeytyy jopa nelj\u00e4 kertaa oman tilavuutensa verran<\/li>\n<li data-start=\"727\" data-end=\"754\">Eritt\u00e4in vahvat kappaleet<\/li>\n<li data-start=\"755\" data-end=\"788\">Yhdelle tai useammalle kissalle<\/li>\n<li data-start=\"789\" data-end=\"809\" data-is-only-node=\"\">Haju: Hajuton<\/li>\n<li data-start=\"810\" data-end=\"833\">Valmistaja: Petrebels<\/li>\n<li data-start=\"834\" data-end=\"852\" data-is-last-node=\"\">CE-sertifikaatti<\/li>\n<\/ul>\n","protected":false},"featured_media":20685,"template":"","meta":[],"product_brand":[],"product_cat":[286],"product_tag":[],"class_list":{"0":"post-28386","1":"product","2":"type-product","3":"status-publish","4":"has-post-thumbnail","6":"product_cat-kissanhiekka-fi","8":"first","9":"outofstock","10":"sale","11":"taxable","12":"shipping-taxable","13":"purchasable","14":"product-type-simple"},"yoast_head":"<!-- This site is optimized with the Yoast SEO plugin v27.2 - https:\/\/yoast.com\/product\/yoast-seo-wordpress\/ -->\n<title>Kissanhiekka DIRTY REBELS 10 KG, Hajuton - MiuMjau<\/title>\n<meta name=\"description\" content=\"Kissanhiekka Dirty Rebels sopii kaikille ik\u00e4ryhmille ja tuoksuu ihanalta. Valmistaja PetRebels, Hollannin laatu. 100% luonnontuote. Asiantuntijoiden luoma!\" \/>\n<meta name=\"robots\" content=\"index, follow, max-snippet:-1, max-image-preview:large, max-video-preview:-1\" \/>\n<link rel=\"canonical\" href=\"https:\/\/miumjau.ee\/fi\/tuote\/kissanhiekka-dirty-rebels-10-kg-hajuton\/\" \/>\n<meta property=\"og:locale\" content=\"fi_FI\" \/>\n<meta property=\"og:type\" content=\"article\" \/>\n<meta property=\"og:title\" content=\"Kissanhiekka DIRTY REBELS 10 KG, Hajuton - MiuMjau\" \/>\n<meta property=\"og:description\" content=\"Kissanhiekka Dirty Rebels sopii kaikille ik\u00e4ryhmille ja tuoksuu ihanalta. Valmistaja PetRebels, Hollannin laatu. 100% luonnontuote. Asiantuntijoiden luoma!\" \/>\n<meta property=\"og:url\" content=\"https:\/\/miumjau.ee\/fi\/tuote\/kissanhiekka-dirty-rebels-10-kg-hajuton\/\" \/>\n<meta property=\"og:site_name\" content=\"MiuMjau\" \/>\n<meta property=\"article:publisher\" content=\"https:\/\/www.facebook.com\/miumjaupood\/\" \/>\n<meta property=\"article:modified_time\" content=\"2026-01-07T20:55:37+00:00\" \/>\n<meta property=\"og:image\" content=\"https:\/\/miumjau.ee\/wp-content\/uploads\/2023\/10\/dirty-rebels-kassiliiv-10l-lohnatu-1.jpg\" \/>\n\t<meta property=\"og:image:width\" content=\"600\" \/>\n\t<meta property=\"og:image:height\" content=\"800\" \/>\n\t<meta property=\"og:image:type\" content=\"image\/jpeg\" \/>\n<meta name=\"twitter:card\" content=\"summary_large_image\" \/>\n<script type=\"application\/ld+json\" class=\"yoast-schema-graph\">{\"@context\":\"https:\/\/schema.org\",\"@graph\":[{\"@type\":\"WebPage\",\"@id\":\"https:\/\/miumjau.ee\/fi\/tuote\/kissanhiekka-dirty-rebels-10-kg-hajuton\/\",\"url\":\"https:\/\/miumjau.ee\/fi\/tuote\/kissanhiekka-dirty-rebels-10-kg-hajuton\/\",\"name\":\"Kissanhiekka DIRTY REBELS 10 KG, Hajuton - MiuMjau\",\"isPartOf\":{\"@id\":\"https:\/\/miumjau.ee\/#website\"},\"primaryImageOfPage\":{\"@id\":\"https:\/\/miumjau.ee\/fi\/tuote\/kissanhiekka-dirty-rebels-10-kg-hajuton\/#primaryimage\"},\"image\":{\"@id\":\"https:\/\/miumjau.ee\/fi\/tuote\/kissanhiekka-dirty-rebels-10-kg-hajuton\/#primaryimage\"},\"thumbnailUrl\":\"https:\/\/miumjau.ee\/wp-content\/uploads\/2023\/10\/dirty-rebels-kassiliiv-10l-lohnatu-1.jpg\",\"datePublished\":\"2023-10-25T16:54:06+00:00\",\"dateModified\":\"2026-01-07T20:55:37+00:00\",\"description\":\"Kissanhiekka Dirty Rebels sopii kaikille ik\u00e4ryhmille ja tuoksuu ihanalta. Valmistaja PetRebels, Hollannin laatu. 100% luonnontuote. Asiantuntijoiden luoma!\",\"breadcrumb\":{\"@id\":\"https:\/\/miumjau.ee\/fi\/tuote\/kissanhiekka-dirty-rebels-10-kg-hajuton\/#breadcrumb\"},\"inLanguage\":\"fi\",\"potentialAction\":[{\"@type\":\"ReadAction\",\"target\":[\"https:\/\/miumjau.ee\/fi\/tuote\/kissanhiekka-dirty-rebels-10-kg-hajuton\/\"]}]},{\"@type\":\"ImageObject\",\"inLanguage\":\"fi\",\"@id\":\"https:\/\/miumjau.ee\/fi\/tuote\/kissanhiekka-dirty-rebels-10-kg-hajuton\/#primaryimage\",\"url\":\"https:\/\/miumjau.ee\/wp-content\/uploads\/2023\/10\/dirty-rebels-kassiliiv-10l-lohnatu-1.jpg\",\"contentUrl\":\"https:\/\/miumjau.ee\/wp-content\/uploads\/2023\/10\/dirty-rebels-kassiliiv-10l-lohnatu-1.jpg\",\"width\":600,\"height\":800},{\"@type\":\"BreadcrumbList\",\"@id\":\"https:\/\/miumjau.ee\/fi\/tuote\/kissanhiekka-dirty-rebels-10-kg-hajuton\/#breadcrumb\",\"itemListElement\":[{\"@type\":\"ListItem\",\"position\":1,\"name\":\"Home\",\"item\":\"https:\/\/miumjau.ee\/fi\/\"},{\"@type\":\"ListItem\",\"position\":2,\"name\":\"Kauppa\",\"item\":\"https:\/\/miumjau.ee\/fi\/kauppa\/\"},{\"@type\":\"ListItem\",\"position\":3,\"name\":\"Kissanhiekka DIRTY REBELS 10 KG, Hajuton\"}]},{\"@type\":\"WebSite\",\"@id\":\"https:\/\/miumjau.ee\/#website\",\"url\":\"https:\/\/miumjau.ee\/\",\"name\":\"MiuMjau\",\"description\":\"Kraapimispuud kassidele\",\"publisher\":{\"@id\":\"https:\/\/miumjau.ee\/#organization\"},\"potentialAction\":[{\"@type\":\"SearchAction\",\"target\":{\"@type\":\"EntryPoint\",\"urlTemplate\":\"https:\/\/miumjau.ee\/?s={search_term_string}\"},\"query-input\":{\"@type\":\"PropertyValueSpecification\",\"valueRequired\":true,\"valueName\":\"search_term_string\"}}],\"inLanguage\":\"fi\"},{\"@type\":\"Organization\",\"@id\":\"https:\/\/miumjau.ee\/#organization\",\"name\":\"MiuMjau O\u00dc\",\"url\":\"https:\/\/miumjau.ee\/\",\"logo\":{\"@type\":\"ImageObject\",\"inLanguage\":\"fi\",\"@id\":\"https:\/\/miumjau.ee\/#\/schema\/logo\/image\/\",\"url\":\"https:\/\/miumjau.ee\/wp-content\/uploads\/2022\/04\/MiuMjau-logo-kollane.png\",\"contentUrl\":\"https:\/\/miumjau.ee\/wp-content\/uploads\/2022\/04\/MiuMjau-logo-kollane.png\",\"width\":219,\"height\":100,\"caption\":\"MiuMjau O\u00dc\"},\"image\":{\"@id\":\"https:\/\/miumjau.ee\/#\/schema\/logo\/image\/\"},\"sameAs\":[\"https:\/\/www.facebook.com\/miumjaupood\/\"]}]}<\/script>\n<!-- \/ Yoast SEO plugin. -->","yoast_head_json":{"title":"Kissanhiekka DIRTY REBELS 10 KG, Hajuton - MiuMjau","description":"Kissanhiekka Dirty Rebels sopii kaikille ik\u00e4ryhmille ja tuoksuu ihanalta. Valmistaja PetRebels, Hollannin laatu. 100% luonnontuote. Asiantuntijoiden luoma!","robots":{"index":"index","follow":"follow","max-snippet":"max-snippet:-1","max-image-preview":"max-image-preview:large","max-video-preview":"max-video-preview:-1"},"canonical":"https:\/\/miumjau.ee\/fi\/tuote\/kissanhiekka-dirty-rebels-10-kg-hajuton\/","og_locale":"fi_FI","og_type":"article","og_title":"Kissanhiekka DIRTY REBELS 10 KG, Hajuton - MiuMjau","og_description":"Kissanhiekka Dirty Rebels sopii kaikille ik\u00e4ryhmille ja tuoksuu ihanalta. Valmistaja PetRebels, Hollannin laatu. 100% luonnontuote. Asiantuntijoiden luoma!","og_url":"https:\/\/miumjau.ee\/fi\/tuote\/kissanhiekka-dirty-rebels-10-kg-hajuton\/","og_site_name":"MiuMjau","article_publisher":"https:\/\/www.facebook.com\/miumjaupood\/","article_modified_time":"2026-01-07T20:55:37+00:00","og_image":[{"width":600,"height":800,"url":"https:\/\/miumjau.ee\/wp-content\/uploads\/2023\/10\/dirty-rebels-kassiliiv-10l-lohnatu-1.jpg","type":"image\/jpeg"}],"twitter_card":"summary_large_image","schema":{"@context":"https:\/\/schema.org","@graph":[{"@type":"WebPage","@id":"https:\/\/miumjau.ee\/fi\/tuote\/kissanhiekka-dirty-rebels-10-kg-hajuton\/","url":"https:\/\/miumjau.ee\/fi\/tuote\/kissanhiekka-dirty-rebels-10-kg-hajuton\/","name":"Kissanhiekka DIRTY REBELS 10 KG, Hajuton - MiuMjau","isPartOf":{"@id":"https:\/\/miumjau.ee\/#website"},"primaryImageOfPage":{"@id":"https:\/\/miumjau.ee\/fi\/tuote\/kissanhiekka-dirty-rebels-10-kg-hajuton\/#primaryimage"},"image":{"@id":"https:\/\/miumjau.ee\/fi\/tuote\/kissanhiekka-dirty-rebels-10-kg-hajuton\/#primaryimage"},"thumbnailUrl":"https:\/\/miumjau.ee\/wp-content\/uploads\/2023\/10\/dirty-rebels-kassiliiv-10l-lohnatu-1.jpg","datePublished":"2023-10-25T16:54:06+00:00","dateModified":"2026-01-07T20:55:37+00:00","description":"Kissanhiekka Dirty Rebels sopii kaikille ik\u00e4ryhmille ja tuoksuu ihanalta. Valmistaja PetRebels, Hollannin laatu. 100% luonnontuote. Asiantuntijoiden luoma!","breadcrumb":{"@id":"https:\/\/miumjau.ee\/fi\/tuote\/kissanhiekka-dirty-rebels-10-kg-hajuton\/#breadcrumb"},"inLanguage":"fi","potentialAction":[{"@type":"ReadAction","target":["https:\/\/miumjau.ee\/fi\/tuote\/kissanhiekka-dirty-rebels-10-kg-hajuton\/"]}]},{"@type":"ImageObject","inLanguage":"fi","@id":"https:\/\/miumjau.ee\/fi\/tuote\/kissanhiekka-dirty-rebels-10-kg-hajuton\/#primaryimage","url":"https:\/\/miumjau.ee\/wp-content\/uploads\/2023\/10\/dirty-rebels-kassiliiv-10l-lohnatu-1.jpg","contentUrl":"https:\/\/miumjau.ee\/wp-content\/uploads\/2023\/10\/dirty-rebels-kassiliiv-10l-lohnatu-1.jpg","width":600,"height":800},{"@type":"BreadcrumbList","@id":"https:\/\/miumjau.ee\/fi\/tuote\/kissanhiekka-dirty-rebels-10-kg-hajuton\/#breadcrumb","itemListElement":[{"@type":"ListItem","position":1,"name":"Home","item":"https:\/\/miumjau.ee\/fi\/"},{"@type":"ListItem","position":2,"name":"Kauppa","item":"https:\/\/miumjau.ee\/fi\/kauppa\/"},{"@type":"ListItem","position":3,"name":"Kissanhiekka DIRTY REBELS 10 KG, Hajuton"}]},{"@type":"WebSite","@id":"https:\/\/miumjau.ee\/#website","url":"https:\/\/miumjau.ee\/","name":"MiuMjau","description":"Kraapimispuud kassidele","publisher":{"@id":"https:\/\/miumjau.ee\/#organization"},"potentialAction":[{"@type":"SearchAction","target":{"@type":"EntryPoint","urlTemplate":"https:\/\/miumjau.ee\/?s={search_term_string}"},"query-input":{"@type":"PropertyValueSpecification","valueRequired":true,"valueName":"search_term_string"}}],"inLanguage":"fi"},{"@type":"Organization","@id":"https:\/\/miumjau.ee\/#organization","name":"MiuMjau O\u00dc","url":"https:\/\/miumjau.ee\/","logo":{"@type":"ImageObject","inLanguage":"fi","@id":"https:\/\/miumjau.ee\/#\/schema\/logo\/image\/","url":"https:\/\/miumjau.ee\/wp-content\/uploads\/2022\/04\/MiuMjau-logo-kollane.png","contentUrl":"https:\/\/miumjau.ee\/wp-content\/uploads\/2022\/04\/MiuMjau-logo-kollane.png","width":219,"height":100,"caption":"MiuMjau O\u00dc"},"image":{"@id":"https:\/\/miumjau.ee\/#\/schema\/logo\/image\/"},"sameAs":["https:\/\/www.facebook.com\/miumjaupood\/"]}]}},"_links":{"self":[{"href":"https:\/\/miumjau.ee\/fi\/wp-json\/wp\/v2\/product\/28386","targetHints":{"allow":["GET"]}}],"collection":[{"href":"https:\/\/miumjau.ee\/fi\/wp-json\/wp\/v2\/product"}],"about":[{"href":"https:\/\/miumjau.ee\/fi\/wp-json\/wp\/v2\/types\/product"}],"wp:featuredmedia":[{"embeddable":true,"href":"https:\/\/miumjau.ee\/fi\/wp-json\/wp\/v2\/media\/20685"}],"wp:attachment":[{"href":"https:\/\/miumjau.ee\/fi\/wp-json\/wp\/v2\/media?parent=28386"}],"wp:term":[{"taxonomy":"product_brand","embeddable":true,"href":"https:\/\/miumjau.ee\/fi\/wp-json\/wp\/v2\/product_brand?post=28386"},{"taxonomy":"product_cat","embeddable":true,"href":"https:\/\/miumjau.ee\/fi\/wp-json\/wp\/v2\/product_cat?post=28386"},{"taxonomy":"product_tag","embeddable":true,"href":"https:\/\/miumjau.ee\/fi\/wp-json\/wp\/v2\/product_tag?post=28386"}],"curies":[{"name":"wp","href":"https:\/\/api.w.org\/{rel}","templated":true}]}}