{"id":28383,"date":"2023-11-11T13:09:34","date_gmt":"2023-11-11T11:09:34","guid":{"rendered":"https:\/\/miumjau.ee\/toode\/kissan-lelu-funky-rebels-3-kpl-harmaa\/"},"modified":"2026-01-07T22:55:44","modified_gmt":"2026-01-07T20:55:44","slug":"kissan-lelu-funky-rebels-3-kpl-harmaa","status":"publish","type":"product","link":"https:\/\/miumjau.ee\/fi\/tuote\/kissan-lelu-funky-rebels-3-kpl-harmaa\/","title":{"rendered":"Kissan lelu Funky Rebels 3 kpl, harmaa"},"content":{"rendered":"<p>Funky Rebels on luotu ilahduttamaan kissasi!<\/p>\n","protected":false},"excerpt":{"rendered":"<p data-start=\"0\" data-end=\"398\">Kissan lelu Funky Rebels on k\u00f6ydell\u00e4 kiinnitett\u00e4v\u00e4, eli sit\u00e4 voi k\u00e4ytt\u00e4\u00e4 korvaavana leluina Petrebelsin raapimapuussa, jonka edellinen lelu on mennyt rikki. Sit\u00e4 voi my\u00f6s k\u00e4ytt\u00e4\u00e4 muiden merkkien raapimapuissa, joilla on sopiva kiinnityspaikka. Me kaikki tied\u00e4mme, ett\u00e4 raapimapuuhun kiinnitett\u00e4v\u00e4t lelut ovat todellisia hittej\u00e4, ja ne saavat &#8221;eniten k\u00e4ytt\u00f6\u00e4&#8221;, joten niit\u00e4 kannattaa v\u00e4lill\u00e4 vaihtaa.<\/p>\n<p data-start=\"400\" data-end=\"446\">Funky Rebels -setiss\u00e4 on kolme lelua kerralla.<\/p>\n<p data-start=\"448\" data-end=\"512\"><strong data-start=\"448\" data-end=\"478\">ULTRAPEHME\u00c4 T\u00d6YHT\u00d6PALLONEN<\/strong> vie v\u00e4litt\u00f6m\u00e4sti kissasi huomion!<\/p>\n<p data-start=\"514\" data-end=\"844\">Kyseess\u00e4 on laadukas tuote, ja silm\u00e4 lep\u00e4\u00e4 katsellessa sen kauneutta. Kissojen lelut ovat t\u00e4rkeit\u00e4, sill\u00e4 leikkiminen pit\u00e4\u00e4 ne aktiivisina ja iloisina. Kukin kissan yst\u00e4v\u00e4 tiet\u00e4\u00e4, ett\u00e4 kissat rakastavat sek\u00e4 sulkia ett\u00e4 pehmeit\u00e4 palloja \u2013 t\u00e4ss\u00e4 ne kaksi on yhdistetty. Todella hauska lelu, jonka kiinnityksess\u00e4 voi olla kekseli\u00e4s.<\/p>\n<p data-start=\"846\" data-end=\"864\">Mitat noin 6&#215;6 cm.<\/p>\n<p data-start=\"866\" data-end=\"882\" data-is-last-node=\"\" data-is-only-node=\"\">Heti saatavilla!<\/p>\n","protected":false},"featured_media":20733,"template":"","meta":[],"product_brand":[],"product_cat":[261],"product_tag":[],"class_list":{"0":"post-28383","1":"product","2":"type-product","3":"status-publish","4":"has-post-thumbnail","6":"product_cat-lelut","8":"first","9":"instock","10":"taxable","11":"shipping-taxable","12":"purchasable","13":"product-type-simple"},"yoast_head":"<!-- This site is optimized with the Yoast SEO plugin v27.2 - https:\/\/yoast.com\/product\/yoast-seo-wordpress\/ -->\n<title>Kissan lelu Funky Rebels 3 kpl, harmaa - MiuMjau<\/title>\n<meta name=\"robots\" content=\"index, follow, max-snippet:-1, max-image-preview:large, max-video-preview:-1\" \/>\n<link rel=\"canonical\" href=\"https:\/\/miumjau.ee\/tuote\/kassi-manguasi-funky-rebels-3-tk-hall\/\" \/>\n<meta property=\"og:locale\" content=\"fi_FI\" \/>\n<meta property=\"og:type\" content=\"article\" \/>\n<meta property=\"og:title\" content=\"Kissan lelu Funky Rebels 3 kpl, harmaa - MiuMjau\" \/>\n<meta property=\"og:description\" content=\"Kissan lelu Funky Rebels on k\u00f6ydell\u00e4 kiinnitett\u00e4v\u00e4, eli sit\u00e4 voi k\u00e4ytt\u00e4\u00e4 korvaavana leluina Petrebelsin raapimapuussa, jonka edellinen lelu on mennyt rikki. Sit\u00e4 voi my\u00f6s k\u00e4ytt\u00e4\u00e4 muiden merkkien raapimapuissa, joilla on sopiva kiinnityspaikka. Me kaikki tied\u00e4mme, ett\u00e4 raapimapuuhun kiinnitett\u00e4v\u00e4t lelut ovat todellisia hittej\u00e4, ja ne saavat &quot;eniten k\u00e4ytt\u00f6\u00e4&quot;, joten niit\u00e4 kannattaa v\u00e4lill\u00e4 vaihtaa. Funky Rebels -setiss\u00e4 on kolme lelua kerralla. ULTRAPEHME\u00c4 T\u00d6YHT\u00d6PALLONEN vie v\u00e4litt\u00f6m\u00e4sti kissasi huomion! Kyseess\u00e4 on laadukas tuote, ja silm\u00e4 lep\u00e4\u00e4 katsellessa sen kauneutta. Kissojen lelut ovat t\u00e4rkeit\u00e4, sill\u00e4 leikkiminen pit\u00e4\u00e4 ne aktiivisina ja iloisina. Kukin kissan yst\u00e4v\u00e4 tiet\u00e4\u00e4, ett\u00e4 kissat rakastavat sek\u00e4 sulkia ett\u00e4 pehmeit\u00e4 palloja \u2013 t\u00e4ss\u00e4 ne kaksi on yhdistetty. Todella hauska lelu, jonka kiinnityksess\u00e4 voi olla kekseli\u00e4s. Mitat noin 6x6 cm. Heti saatavilla!\" \/>\n<meta property=\"og:url\" content=\"https:\/\/miumjau.ee\/tuote\/kassi-manguasi-funky-rebels-3-tk-hall\/\" \/>\n<meta property=\"og:site_name\" content=\"MiuMjau\" \/>\n<meta property=\"article:publisher\" content=\"https:\/\/www.facebook.com\/miumjaupood\/\" \/>\n<meta property=\"article:modified_time\" content=\"2026-01-07T20:55:44+00:00\" \/>\n<meta property=\"og:image\" content=\"https:\/\/miumjau.ee\/wp-content\/uploads\/2023\/11\/kassi-manguasi-funky-rebels5-e1700815748380.jpg\" \/>\n\t<meta property=\"og:image:width\" content=\"599\" \/>\n\t<meta property=\"og:image:height\" content=\"800\" \/>\n\t<meta property=\"og:image:type\" content=\"image\/jpeg\" \/>\n<meta name=\"twitter:card\" content=\"summary_large_image\" \/>\n<script type=\"application\/ld+json\" class=\"yoast-schema-graph\">{\"@context\":\"https:\/\/schema.org\",\"@graph\":[{\"@type\":\"WebPage\",\"@id\":\"https:\/\/miumjau.ee\/tuote\/kassi-manguasi-funky-rebels-3-tk-hall\/\",\"url\":\"https:\/\/miumjau.ee\/tuote\/kassi-manguasi-funky-rebels-3-tk-hall\/\",\"name\":\"Kissan lelu Funky Rebels 3 kpl, harmaa - MiuMjau\",\"isPartOf\":{\"@id\":\"https:\/\/miumjau.ee\/#website\"},\"primaryImageOfPage\":{\"@id\":\"https:\/\/miumjau.ee\/tuote\/kassi-manguasi-funky-rebels-3-tk-hall\/#primaryimage\"},\"image\":{\"@id\":\"https:\/\/miumjau.ee\/tuote\/kassi-manguasi-funky-rebels-3-tk-hall\/#primaryimage\"},\"thumbnailUrl\":\"https:\/\/miumjau.ee\/wp-content\/uploads\/2023\/11\/kassi-manguasi-funky-rebels5-e1700815748380.jpg\",\"datePublished\":\"2023-11-11T11:09:34+00:00\",\"dateModified\":\"2026-01-07T20:55:44+00:00\",\"breadcrumb\":{\"@id\":\"https:\/\/miumjau.ee\/tuote\/kassi-manguasi-funky-rebels-3-tk-hall\/#breadcrumb\"},\"inLanguage\":\"fi\",\"potentialAction\":[{\"@type\":\"ReadAction\",\"target\":[\"https:\/\/miumjau.ee\/tuote\/kassi-manguasi-funky-rebels-3-tk-hall\/\"]}]},{\"@type\":\"ImageObject\",\"inLanguage\":\"fi\",\"@id\":\"https:\/\/miumjau.ee\/tuote\/kassi-manguasi-funky-rebels-3-tk-hall\/#primaryimage\",\"url\":\"https:\/\/miumjau.ee\/wp-content\/uploads\/2023\/11\/kassi-manguasi-funky-rebels5-e1700815748380.jpg\",\"contentUrl\":\"https:\/\/miumjau.ee\/wp-content\/uploads\/2023\/11\/kassi-manguasi-funky-rebels5-e1700815748380.jpg\",\"width\":599,\"height\":800},{\"@type\":\"BreadcrumbList\",\"@id\":\"https:\/\/miumjau.ee\/tuote\/kassi-manguasi-funky-rebels-3-tk-hall\/#breadcrumb\",\"itemListElement\":[{\"@type\":\"ListItem\",\"position\":1,\"name\":\"Home\",\"item\":\"https:\/\/miumjau.ee\/fi\/\"},{\"@type\":\"ListItem\",\"position\":2,\"name\":\"Kauppa\",\"item\":\"https:\/\/miumjau.ee\/fi\/kauppa\/\"},{\"@type\":\"ListItem\",\"position\":3,\"name\":\"Kissan lelu Funky Rebels 3 kpl, harmaa\"}]},{\"@type\":\"WebSite\",\"@id\":\"https:\/\/miumjau.ee\/#website\",\"url\":\"https:\/\/miumjau.ee\/\",\"name\":\"MiuMjau\",\"description\":\"Kraapimispuud kassidele\",\"publisher\":{\"@id\":\"https:\/\/miumjau.ee\/#organization\"},\"potentialAction\":[{\"@type\":\"SearchAction\",\"target\":{\"@type\":\"EntryPoint\",\"urlTemplate\":\"https:\/\/miumjau.ee\/?s={search_term_string}\"},\"query-input\":{\"@type\":\"PropertyValueSpecification\",\"valueRequired\":true,\"valueName\":\"search_term_string\"}}],\"inLanguage\":\"fi\"},{\"@type\":\"Organization\",\"@id\":\"https:\/\/miumjau.ee\/#organization\",\"name\":\"MiuMjau O\u00dc\",\"url\":\"https:\/\/miumjau.ee\/\",\"logo\":{\"@type\":\"ImageObject\",\"inLanguage\":\"fi\",\"@id\":\"https:\/\/miumjau.ee\/#\/schema\/logo\/image\/\",\"url\":\"https:\/\/miumjau.ee\/wp-content\/uploads\/2022\/04\/MiuMjau-logo-kollane.png\",\"contentUrl\":\"https:\/\/miumjau.ee\/wp-content\/uploads\/2022\/04\/MiuMjau-logo-kollane.png\",\"width\":219,\"height\":100,\"caption\":\"MiuMjau O\u00dc\"},\"image\":{\"@id\":\"https:\/\/miumjau.ee\/#\/schema\/logo\/image\/\"},\"sameAs\":[\"https:\/\/www.facebook.com\/miumjaupood\/\"]}]}<\/script>\n<!-- \/ Yoast SEO plugin. -->","yoast_head_json":{"title":"Kissan lelu Funky Rebels 3 kpl, harmaa - MiuMjau","robots":{"index":"index","follow":"follow","max-snippet":"max-snippet:-1","max-image-preview":"max-image-preview:large","max-video-preview":"max-video-preview:-1"},"canonical":"https:\/\/miumjau.ee\/tuote\/kassi-manguasi-funky-rebels-3-tk-hall\/","og_locale":"fi_FI","og_type":"article","og_title":"Kissan lelu Funky Rebels 3 kpl, harmaa - MiuMjau","og_description":"Kissan lelu Funky Rebels on k\u00f6ydell\u00e4 kiinnitett\u00e4v\u00e4, eli sit\u00e4 voi k\u00e4ytt\u00e4\u00e4 korvaavana leluina Petrebelsin raapimapuussa, jonka edellinen lelu on mennyt rikki. Sit\u00e4 voi my\u00f6s k\u00e4ytt\u00e4\u00e4 muiden merkkien raapimapuissa, joilla on sopiva kiinnityspaikka. Me kaikki tied\u00e4mme, ett\u00e4 raapimapuuhun kiinnitett\u00e4v\u00e4t lelut ovat todellisia hittej\u00e4, ja ne saavat \"eniten k\u00e4ytt\u00f6\u00e4\", joten niit\u00e4 kannattaa v\u00e4lill\u00e4 vaihtaa. Funky Rebels -setiss\u00e4 on kolme lelua kerralla. ULTRAPEHME\u00c4 T\u00d6YHT\u00d6PALLONEN vie v\u00e4litt\u00f6m\u00e4sti kissasi huomion! Kyseess\u00e4 on laadukas tuote, ja silm\u00e4 lep\u00e4\u00e4 katsellessa sen kauneutta. Kissojen lelut ovat t\u00e4rkeit\u00e4, sill\u00e4 leikkiminen pit\u00e4\u00e4 ne aktiivisina ja iloisina. Kukin kissan yst\u00e4v\u00e4 tiet\u00e4\u00e4, ett\u00e4 kissat rakastavat sek\u00e4 sulkia ett\u00e4 pehmeit\u00e4 palloja \u2013 t\u00e4ss\u00e4 ne kaksi on yhdistetty. Todella hauska lelu, jonka kiinnityksess\u00e4 voi olla kekseli\u00e4s. Mitat noin 6x6 cm. Heti saatavilla!","og_url":"https:\/\/miumjau.ee\/tuote\/kassi-manguasi-funky-rebels-3-tk-hall\/","og_site_name":"MiuMjau","article_publisher":"https:\/\/www.facebook.com\/miumjaupood\/","article_modified_time":"2026-01-07T20:55:44+00:00","og_image":[{"width":599,"height":800,"url":"https:\/\/miumjau.ee\/wp-content\/uploads\/2023\/11\/kassi-manguasi-funky-rebels5-e1700815748380.jpg","type":"image\/jpeg"}],"twitter_card":"summary_large_image","schema":{"@context":"https:\/\/schema.org","@graph":[{"@type":"WebPage","@id":"https:\/\/miumjau.ee\/tuote\/kassi-manguasi-funky-rebels-3-tk-hall\/","url":"https:\/\/miumjau.ee\/tuote\/kassi-manguasi-funky-rebels-3-tk-hall\/","name":"Kissan lelu Funky Rebels 3 kpl, harmaa - MiuMjau","isPartOf":{"@id":"https:\/\/miumjau.ee\/#website"},"primaryImageOfPage":{"@id":"https:\/\/miumjau.ee\/tuote\/kassi-manguasi-funky-rebels-3-tk-hall\/#primaryimage"},"image":{"@id":"https:\/\/miumjau.ee\/tuote\/kassi-manguasi-funky-rebels-3-tk-hall\/#primaryimage"},"thumbnailUrl":"https:\/\/miumjau.ee\/wp-content\/uploads\/2023\/11\/kassi-manguasi-funky-rebels5-e1700815748380.jpg","datePublished":"2023-11-11T11:09:34+00:00","dateModified":"2026-01-07T20:55:44+00:00","breadcrumb":{"@id":"https:\/\/miumjau.ee\/tuote\/kassi-manguasi-funky-rebels-3-tk-hall\/#breadcrumb"},"inLanguage":"fi","potentialAction":[{"@type":"ReadAction","target":["https:\/\/miumjau.ee\/tuote\/kassi-manguasi-funky-rebels-3-tk-hall\/"]}]},{"@type":"ImageObject","inLanguage":"fi","@id":"https:\/\/miumjau.ee\/tuote\/kassi-manguasi-funky-rebels-3-tk-hall\/#primaryimage","url":"https:\/\/miumjau.ee\/wp-content\/uploads\/2023\/11\/kassi-manguasi-funky-rebels5-e1700815748380.jpg","contentUrl":"https:\/\/miumjau.ee\/wp-content\/uploads\/2023\/11\/kassi-manguasi-funky-rebels5-e1700815748380.jpg","width":599,"height":800},{"@type":"BreadcrumbList","@id":"https:\/\/miumjau.ee\/tuote\/kassi-manguasi-funky-rebels-3-tk-hall\/#breadcrumb","itemListElement":[{"@type":"ListItem","position":1,"name":"Home","item":"https:\/\/miumjau.ee\/fi\/"},{"@type":"ListItem","position":2,"name":"Kauppa","item":"https:\/\/miumjau.ee\/fi\/kauppa\/"},{"@type":"ListItem","position":3,"name":"Kissan lelu Funky Rebels 3 kpl, harmaa"}]},{"@type":"WebSite","@id":"https:\/\/miumjau.ee\/#website","url":"https:\/\/miumjau.ee\/","name":"MiuMjau","description":"Kraapimispuud kassidele","publisher":{"@id":"https:\/\/miumjau.ee\/#organization"},"potentialAction":[{"@type":"SearchAction","target":{"@type":"EntryPoint","urlTemplate":"https:\/\/miumjau.ee\/?s={search_term_string}"},"query-input":{"@type":"PropertyValueSpecification","valueRequired":true,"valueName":"search_term_string"}}],"inLanguage":"fi"},{"@type":"Organization","@id":"https:\/\/miumjau.ee\/#organization","name":"MiuMjau O\u00dc","url":"https:\/\/miumjau.ee\/","logo":{"@type":"ImageObject","inLanguage":"fi","@id":"https:\/\/miumjau.ee\/#\/schema\/logo\/image\/","url":"https:\/\/miumjau.ee\/wp-content\/uploads\/2022\/04\/MiuMjau-logo-kollane.png","contentUrl":"https:\/\/miumjau.ee\/wp-content\/uploads\/2022\/04\/MiuMjau-logo-kollane.png","width":219,"height":100,"caption":"MiuMjau O\u00dc"},"image":{"@id":"https:\/\/miumjau.ee\/#\/schema\/logo\/image\/"},"sameAs":["https:\/\/www.facebook.com\/miumjaupood\/"]}]}},"_links":{"self":[{"href":"https:\/\/miumjau.ee\/fi\/wp-json\/wp\/v2\/product\/28383","targetHints":{"allow":["GET"]}}],"collection":[{"href":"https:\/\/miumjau.ee\/fi\/wp-json\/wp\/v2\/product"}],"about":[{"href":"https:\/\/miumjau.ee\/fi\/wp-json\/wp\/v2\/types\/product"}],"wp:featuredmedia":[{"embeddable":true,"href":"https:\/\/miumjau.ee\/fi\/wp-json\/wp\/v2\/media\/20733"}],"wp:attachment":[{"href":"https:\/\/miumjau.ee\/fi\/wp-json\/wp\/v2\/media?parent=28383"}],"wp:term":[{"taxonomy":"product_brand","embeddable":true,"href":"https:\/\/miumjau.ee\/fi\/wp-json\/wp\/v2\/product_brand?post=28383"},{"taxonomy":"product_cat","embeddable":true,"href":"https:\/\/miumjau.ee\/fi\/wp-json\/wp\/v2\/product_cat?post=28383"},{"taxonomy":"product_tag","embeddable":true,"href":"https:\/\/miumjau.ee\/fi\/wp-json\/wp\/v2\/product_tag?post=28383"}],"curies":[{"name":"wp","href":"https:\/\/api.w.org\/{rel}","templated":true}]}}