{"id":28374,"date":"2023-12-26T21:06:55","date_gmt":"2023-12-26T19:06:55","guid":{"rendered":"https:\/\/miumjau.ee\/toode\/seinalle-kiinnitettava-pesa-moon-40-petrebels-ruostunut-tammi\/"},"modified":"2026-01-07T22:55:44","modified_gmt":"2026-01-07T20:55:44","slug":"seinalle-kiinnitettava-pesa-moon-40-petrebels-ruostunut-tammi","status":"publish","type":"product","link":"https:\/\/miumjau.ee\/fi\/tuote\/seinalle-kiinnitettava-pesa-moon-40-petrebels-ruostunut-tammi\/","title":{"rendered":"Sein\u00e4lle kiinnitett\u00e4v\u00e4 pes\u00e4 Moon 40 PETREBELS, ruostunut tammi"},"content":{"rendered":"","protected":false},"excerpt":{"rendered":"<p data-start=\"0\" data-end=\"536\">Sein\u00e4lle kiinnitett\u00e4v\u00e4 pes\u00e4, malli Moon 40 on yksi mahdollinen elementti, jota voit k\u00e4ytt\u00e4\u00e4 kissan kiipeilysein\u00e4n luomisessa. Sein\u00e4ll\u00e4 k\u00e4ytett\u00e4vi\u00e4 elementtej\u00e4 k\u00e4ytet\u00e4\u00e4n yleens\u00e4 silloin, kun kotona on lapsia, koiria, jotka voivat vahingoittaa kissaa ja siksi kissa tulee hermostuneeksi. T\u00e4m\u00e4n est\u00e4miseksi voi luoda kissalle turvallisen ymp\u00e4rist\u00f6n maasta korkeammalle. Petrebelsin sein\u00e4elementtien valikoimasta l\u00f6yd\u00e4t kaiken, mit\u00e4 tarvitset p\u00e4\u00e4st\u00e4ksesi luovuutesi lentoon ja rakentaaksesi kissallesi sen tarpeisiin sopivan kiipeilysein\u00e4n.<\/p>\n<p data-start=\"538\" data-end=\"592\">Moon 40 mitat: 40 x 40 x 35 cm<br data-start=\"568\" data-end=\"571\" \/>Tuotteen paino 4,2 kg<\/p>\n<p data-start=\"594\" data-end=\"1099\">Py\u00f6re\u00e4muotoinen kissan pes\u00e4 on s\u00f6p\u00f6 ja pehme\u00e4, ja tietenkin &#8211; sein\u00e4kiinnityksell\u00e4. Koko tuotesarja on suunniteltu kissoille nukkumiseen, leikkimiseen, kiipeilyyn, juoksemiseen ja kaivamiseen. Kaikkia elementtej\u00e4 voi yhdist\u00e4\u00e4 loputtomasti. Kiinnit\u00e4 pes\u00e4 matalalle maata kohti, jos kissasi on hieman vanhempi tai v\u00e4hemm\u00e4n liikkuva. Onko kissasi aktiivinen? Ripusta sitten t\u00e4m\u00e4 kissakorvi kauniisti korkealle ja yhdist\u00e4 se Wall of Rebelsin k\u00e4teviin kiipeilyosioihin, kuten portaisiin, tikkaisiin tai siltaan.<\/p>\n<p data-start=\"1101\" data-end=\"1368\" data-is-only-node=\"\" data-is-last-node=\"\">Mitat \u2013 pituus 40 cm, leveys 40 cm ja korkeus 35 cm<br data-start=\"1152\" data-end=\"1155\" \/>Korvi on valmistettu yhdest\u00e4 kappaleesta taivutettua eukalyptusviilua<br data-start=\"1224\" data-end=\"1227\" data-is-only-node=\"\" \/>Pehme\u00e4 kansi on 2,5 cm paksu, kiinnitett\u00e4viss\u00e4 napeilla ja se on konepest\u00e4v\u00e4<br data-start=\"1303\" data-end=\"1306\" \/>Kaikki tarvittava sein\u00e4\u00e4n kiinnitt\u00e4miseen on mukana paketissa!<\/p>\n","protected":false},"featured_media":20877,"template":"","meta":[],"product_brand":[],"product_cat":[263,139],"product_tag":[],"class_list":{"0":"post-28374","1":"product","2":"type-product","3":"status-publish","4":"has-post-thumbnail","6":"product_cat-kiipeilyseina-kissoille","7":"product_cat-kaup24-fi","8":"product_shipping_class-pakiautomaati-sobimatu-fi","10":"first","11":"outofstock","12":"taxable","13":"shipping-taxable","14":"purchasable","15":"product-type-simple"},"yoast_head":"<!-- This site is optimized with the Yoast SEO plugin v27.2 - https:\/\/yoast.com\/product\/yoast-seo-wordpress\/ -->\n<title>Sein\u00e4lle kiinnitett\u00e4v\u00e4 pes\u00e4 Moon 40 PETREBELS, ruostunut tammi - MiuMjau<\/title>\n<meta name=\"description\" content=\"Sein\u00e4ll\u00e4 oleva pes\u00e4 on osa itse luomaasi kiipeilysein\u00e4\u00e4 kissoille. Verkkokaupastamme voit valita haluamasi elementit luodaksesi t\u00e4ydellisen kiipeilysein\u00e4n.\" \/>\n<meta name=\"robots\" content=\"index, follow, max-snippet:-1, max-image-preview:large, max-video-preview:-1\" \/>\n<link rel=\"canonical\" href=\"https:\/\/miumjau.ee\/lv\/tuote\/kaku-ligzda-pie-sienas-moon-40-petrebels-rusty-oak\/\" \/>\n<meta property=\"og:locale\" content=\"fi_FI\" \/>\n<meta property=\"og:type\" content=\"article\" \/>\n<meta property=\"og:title\" content=\"Sein\u00e4lle kiinnitett\u00e4v\u00e4 pes\u00e4 Moon 40 PETREBELS, ruostunut tammi - MiuMjau\" \/>\n<meta property=\"og:description\" content=\"Sein\u00e4ll\u00e4 oleva pes\u00e4 on osa itse luomaasi kiipeilysein\u00e4\u00e4 kissoille. Verkkokaupastamme voit valita haluamasi elementit luodaksesi t\u00e4ydellisen kiipeilysein\u00e4n.\" \/>\n<meta property=\"og:url\" content=\"https:\/\/miumjau.ee\/lv\/tuote\/kaku-ligzda-pie-sienas-moon-40-petrebels-rusty-oak\/\" \/>\n<meta property=\"og:site_name\" content=\"MiuMjau\" \/>\n<meta property=\"article:publisher\" content=\"https:\/\/www.facebook.com\/miumjaupood\/\" \/>\n<meta property=\"article:modified_time\" content=\"2026-01-07T20:55:44+00:00\" \/>\n<meta property=\"og:image\" content=\"https:\/\/miumjau.ee\/wp-content\/uploads\/2023\/12\/kassi-riiul-moon402.jpg\" \/>\n\t<meta property=\"og:image:width\" content=\"600\" \/>\n\t<meta property=\"og:image:height\" content=\"800\" \/>\n\t<meta property=\"og:image:type\" content=\"image\/jpeg\" \/>\n<meta name=\"twitter:card\" content=\"summary_large_image\" \/>\n<script type=\"application\/ld+json\" class=\"yoast-schema-graph\">{\"@context\":\"https:\/\/schema.org\",\"@graph\":[{\"@type\":\"WebPage\",\"@id\":\"https:\/\/miumjau.ee\/lv\/tuote\/kaku-ligzda-pie-sienas-moon-40-petrebels-rusty-oak\/\",\"url\":\"https:\/\/miumjau.ee\/lv\/tuote\/kaku-ligzda-pie-sienas-moon-40-petrebels-rusty-oak\/\",\"name\":\"Sein\u00e4lle kiinnitett\u00e4v\u00e4 pes\u00e4 Moon 40 PETREBELS, ruostunut tammi - MiuMjau\",\"isPartOf\":{\"@id\":\"https:\/\/miumjau.ee\/#website\"},\"primaryImageOfPage\":{\"@id\":\"https:\/\/miumjau.ee\/lv\/tuote\/kaku-ligzda-pie-sienas-moon-40-petrebels-rusty-oak\/#primaryimage\"},\"image\":{\"@id\":\"https:\/\/miumjau.ee\/lv\/tuote\/kaku-ligzda-pie-sienas-moon-40-petrebels-rusty-oak\/#primaryimage\"},\"thumbnailUrl\":\"https:\/\/miumjau.ee\/wp-content\/uploads\/2023\/12\/kassi-riiul-moon402.jpg\",\"datePublished\":\"2023-12-26T19:06:55+00:00\",\"dateModified\":\"2026-01-07T20:55:44+00:00\",\"description\":\"Sein\u00e4ll\u00e4 oleva pes\u00e4 on osa itse luomaasi kiipeilysein\u00e4\u00e4 kissoille. Verkkokaupastamme voit valita haluamasi elementit luodaksesi t\u00e4ydellisen kiipeilysein\u00e4n.\",\"breadcrumb\":{\"@id\":\"https:\/\/miumjau.ee\/lv\/tuote\/kaku-ligzda-pie-sienas-moon-40-petrebels-rusty-oak\/#breadcrumb\"},\"inLanguage\":\"fi\",\"potentialAction\":[{\"@type\":\"ReadAction\",\"target\":[\"https:\/\/miumjau.ee\/lv\/tuote\/kaku-ligzda-pie-sienas-moon-40-petrebels-rusty-oak\/\"]}]},{\"@type\":\"ImageObject\",\"inLanguage\":\"fi\",\"@id\":\"https:\/\/miumjau.ee\/lv\/tuote\/kaku-ligzda-pie-sienas-moon-40-petrebels-rusty-oak\/#primaryimage\",\"url\":\"https:\/\/miumjau.ee\/wp-content\/uploads\/2023\/12\/kassi-riiul-moon402.jpg\",\"contentUrl\":\"https:\/\/miumjau.ee\/wp-content\/uploads\/2023\/12\/kassi-riiul-moon402.jpg\",\"width\":600,\"height\":800},{\"@type\":\"BreadcrumbList\",\"@id\":\"https:\/\/miumjau.ee\/lv\/tuote\/kaku-ligzda-pie-sienas-moon-40-petrebels-rusty-oak\/#breadcrumb\",\"itemListElement\":[{\"@type\":\"ListItem\",\"position\":1,\"name\":\"Home\",\"item\":\"https:\/\/miumjau.ee\/fi\/\"},{\"@type\":\"ListItem\",\"position\":2,\"name\":\"Kauppa\",\"item\":\"https:\/\/miumjau.ee\/fi\/kauppa\/\"},{\"@type\":\"ListItem\",\"position\":3,\"name\":\"Sein\u00e4lle kiinnitett\u00e4v\u00e4 pes\u00e4 Moon 40 PETREBELS, ruostunut tammi\"}]},{\"@type\":\"WebSite\",\"@id\":\"https:\/\/miumjau.ee\/#website\",\"url\":\"https:\/\/miumjau.ee\/\",\"name\":\"MiuMjau\",\"description\":\"Kraapimispuud kassidele\",\"publisher\":{\"@id\":\"https:\/\/miumjau.ee\/#organization\"},\"potentialAction\":[{\"@type\":\"SearchAction\",\"target\":{\"@type\":\"EntryPoint\",\"urlTemplate\":\"https:\/\/miumjau.ee\/?s={search_term_string}\"},\"query-input\":{\"@type\":\"PropertyValueSpecification\",\"valueRequired\":true,\"valueName\":\"search_term_string\"}}],\"inLanguage\":\"fi\"},{\"@type\":\"Organization\",\"@id\":\"https:\/\/miumjau.ee\/#organization\",\"name\":\"MiuMjau O\u00dc\",\"url\":\"https:\/\/miumjau.ee\/\",\"logo\":{\"@type\":\"ImageObject\",\"inLanguage\":\"fi\",\"@id\":\"https:\/\/miumjau.ee\/#\/schema\/logo\/image\/\",\"url\":\"https:\/\/miumjau.ee\/wp-content\/uploads\/2022\/04\/MiuMjau-logo-kollane.png\",\"contentUrl\":\"https:\/\/miumjau.ee\/wp-content\/uploads\/2022\/04\/MiuMjau-logo-kollane.png\",\"width\":219,\"height\":100,\"caption\":\"MiuMjau O\u00dc\"},\"image\":{\"@id\":\"https:\/\/miumjau.ee\/#\/schema\/logo\/image\/\"},\"sameAs\":[\"https:\/\/www.facebook.com\/miumjaupood\/\"]}]}<\/script>\n<!-- \/ Yoast SEO plugin. -->","yoast_head_json":{"title":"Sein\u00e4lle kiinnitett\u00e4v\u00e4 pes\u00e4 Moon 40 PETREBELS, ruostunut tammi - MiuMjau","description":"Sein\u00e4ll\u00e4 oleva pes\u00e4 on osa itse luomaasi kiipeilysein\u00e4\u00e4 kissoille. Verkkokaupastamme voit valita haluamasi elementit luodaksesi t\u00e4ydellisen kiipeilysein\u00e4n.","robots":{"index":"index","follow":"follow","max-snippet":"max-snippet:-1","max-image-preview":"max-image-preview:large","max-video-preview":"max-video-preview:-1"},"canonical":"https:\/\/miumjau.ee\/lv\/tuote\/kaku-ligzda-pie-sienas-moon-40-petrebels-rusty-oak\/","og_locale":"fi_FI","og_type":"article","og_title":"Sein\u00e4lle kiinnitett\u00e4v\u00e4 pes\u00e4 Moon 40 PETREBELS, ruostunut tammi - MiuMjau","og_description":"Sein\u00e4ll\u00e4 oleva pes\u00e4 on osa itse luomaasi kiipeilysein\u00e4\u00e4 kissoille. Verkkokaupastamme voit valita haluamasi elementit luodaksesi t\u00e4ydellisen kiipeilysein\u00e4n.","og_url":"https:\/\/miumjau.ee\/lv\/tuote\/kaku-ligzda-pie-sienas-moon-40-petrebels-rusty-oak\/","og_site_name":"MiuMjau","article_publisher":"https:\/\/www.facebook.com\/miumjaupood\/","article_modified_time":"2026-01-07T20:55:44+00:00","og_image":[{"width":600,"height":800,"url":"https:\/\/miumjau.ee\/wp-content\/uploads\/2023\/12\/kassi-riiul-moon402.jpg","type":"image\/jpeg"}],"twitter_card":"summary_large_image","schema":{"@context":"https:\/\/schema.org","@graph":[{"@type":"WebPage","@id":"https:\/\/miumjau.ee\/lv\/tuote\/kaku-ligzda-pie-sienas-moon-40-petrebels-rusty-oak\/","url":"https:\/\/miumjau.ee\/lv\/tuote\/kaku-ligzda-pie-sienas-moon-40-petrebels-rusty-oak\/","name":"Sein\u00e4lle kiinnitett\u00e4v\u00e4 pes\u00e4 Moon 40 PETREBELS, ruostunut tammi - MiuMjau","isPartOf":{"@id":"https:\/\/miumjau.ee\/#website"},"primaryImageOfPage":{"@id":"https:\/\/miumjau.ee\/lv\/tuote\/kaku-ligzda-pie-sienas-moon-40-petrebels-rusty-oak\/#primaryimage"},"image":{"@id":"https:\/\/miumjau.ee\/lv\/tuote\/kaku-ligzda-pie-sienas-moon-40-petrebels-rusty-oak\/#primaryimage"},"thumbnailUrl":"https:\/\/miumjau.ee\/wp-content\/uploads\/2023\/12\/kassi-riiul-moon402.jpg","datePublished":"2023-12-26T19:06:55+00:00","dateModified":"2026-01-07T20:55:44+00:00","description":"Sein\u00e4ll\u00e4 oleva pes\u00e4 on osa itse luomaasi kiipeilysein\u00e4\u00e4 kissoille. Verkkokaupastamme voit valita haluamasi elementit luodaksesi t\u00e4ydellisen kiipeilysein\u00e4n.","breadcrumb":{"@id":"https:\/\/miumjau.ee\/lv\/tuote\/kaku-ligzda-pie-sienas-moon-40-petrebels-rusty-oak\/#breadcrumb"},"inLanguage":"fi","potentialAction":[{"@type":"ReadAction","target":["https:\/\/miumjau.ee\/lv\/tuote\/kaku-ligzda-pie-sienas-moon-40-petrebels-rusty-oak\/"]}]},{"@type":"ImageObject","inLanguage":"fi","@id":"https:\/\/miumjau.ee\/lv\/tuote\/kaku-ligzda-pie-sienas-moon-40-petrebels-rusty-oak\/#primaryimage","url":"https:\/\/miumjau.ee\/wp-content\/uploads\/2023\/12\/kassi-riiul-moon402.jpg","contentUrl":"https:\/\/miumjau.ee\/wp-content\/uploads\/2023\/12\/kassi-riiul-moon402.jpg","width":600,"height":800},{"@type":"BreadcrumbList","@id":"https:\/\/miumjau.ee\/lv\/tuote\/kaku-ligzda-pie-sienas-moon-40-petrebels-rusty-oak\/#breadcrumb","itemListElement":[{"@type":"ListItem","position":1,"name":"Home","item":"https:\/\/miumjau.ee\/fi\/"},{"@type":"ListItem","position":2,"name":"Kauppa","item":"https:\/\/miumjau.ee\/fi\/kauppa\/"},{"@type":"ListItem","position":3,"name":"Sein\u00e4lle kiinnitett\u00e4v\u00e4 pes\u00e4 Moon 40 PETREBELS, ruostunut tammi"}]},{"@type":"WebSite","@id":"https:\/\/miumjau.ee\/#website","url":"https:\/\/miumjau.ee\/","name":"MiuMjau","description":"Kraapimispuud kassidele","publisher":{"@id":"https:\/\/miumjau.ee\/#organization"},"potentialAction":[{"@type":"SearchAction","target":{"@type":"EntryPoint","urlTemplate":"https:\/\/miumjau.ee\/?s={search_term_string}"},"query-input":{"@type":"PropertyValueSpecification","valueRequired":true,"valueName":"search_term_string"}}],"inLanguage":"fi"},{"@type":"Organization","@id":"https:\/\/miumjau.ee\/#organization","name":"MiuMjau O\u00dc","url":"https:\/\/miumjau.ee\/","logo":{"@type":"ImageObject","inLanguage":"fi","@id":"https:\/\/miumjau.ee\/#\/schema\/logo\/image\/","url":"https:\/\/miumjau.ee\/wp-content\/uploads\/2022\/04\/MiuMjau-logo-kollane.png","contentUrl":"https:\/\/miumjau.ee\/wp-content\/uploads\/2022\/04\/MiuMjau-logo-kollane.png","width":219,"height":100,"caption":"MiuMjau O\u00dc"},"image":{"@id":"https:\/\/miumjau.ee\/#\/schema\/logo\/image\/"},"sameAs":["https:\/\/www.facebook.com\/miumjaupood\/"]}]}},"_links":{"self":[{"href":"https:\/\/miumjau.ee\/fi\/wp-json\/wp\/v2\/product\/28374","targetHints":{"allow":["GET"]}}],"collection":[{"href":"https:\/\/miumjau.ee\/fi\/wp-json\/wp\/v2\/product"}],"about":[{"href":"https:\/\/miumjau.ee\/fi\/wp-json\/wp\/v2\/types\/product"}],"wp:featuredmedia":[{"embeddable":true,"href":"https:\/\/miumjau.ee\/fi\/wp-json\/wp\/v2\/media\/20877"}],"wp:attachment":[{"href":"https:\/\/miumjau.ee\/fi\/wp-json\/wp\/v2\/media?parent=28374"}],"wp:term":[{"taxonomy":"product_brand","embeddable":true,"href":"https:\/\/miumjau.ee\/fi\/wp-json\/wp\/v2\/product_brand?post=28374"},{"taxonomy":"product_cat","embeddable":true,"href":"https:\/\/miumjau.ee\/fi\/wp-json\/wp\/v2\/product_cat?post=28374"},{"taxonomy":"product_tag","embeddable":true,"href":"https:\/\/miumjau.ee\/fi\/wp-json\/wp\/v2\/product_tag?post=28374"}],"curies":[{"name":"wp","href":"https:\/\/api.w.org\/{rel}","templated":true}]}}