{"id":28372,"date":"2023-12-26T21:35:26","date_gmt":"2023-12-26T19:35:26","guid":{"rendered":"https:\/\/miumjau.ee\/toode\/kissan-hylly-relax-50-petrebels-ruosteinen-tammi\/"},"modified":"2026-01-07T22:55:44","modified_gmt":"2026-01-07T20:55:44","slug":"kissan-hylly-relax-50-petrebels-ruosteinen-tammi","status":"publish","type":"product","link":"https:\/\/miumjau.ee\/fi\/tuote\/kissan-hylly-relax-50-petrebels-ruosteinen-tammi\/","title":{"rendered":"Kissan hylly Relax 50 PETREBELS, ruosteinen tammi"},"content":{"rendered":"","protected":false},"excerpt":{"rendered":"<p data-start=\"0\" data-end=\"552\">Kissanhylly Relax 50 Hollantilaiselta PETREBELS-br\u00e4ndilt\u00e4 on yksi mahdollinen elementti, jota voit k\u00e4ytt\u00e4\u00e4 kissan kiipeilypalatsin rakentamiseen. Sein\u00e4kohteita k\u00e4ytet\u00e4\u00e4n enimm\u00e4kseen silloin, kun kotona on lapsia, koiria, jotka voivat vahingoittaa kissaa, ja siksi kissa voi olla hermostunut. T\u00e4m\u00e4n est\u00e4miseksi on mahdollista luoda kissalle turvallinen ymp\u00e4rist\u00f6 maasta korkeammalle. Petrebelsin sein\u00e4elementtien valikoimasta l\u00f6yd\u00e4t kaiken tarvittavan, jotta voit p\u00e4\u00e4st\u00e4\u00e4 mielikuvituksesi lentoon ja rakentaa kissallesi tarpeisiin sopivan kiipeilysein\u00e4.<\/p>\n<p data-start=\"554\" data-end=\"624\">Mitat: 50 x 35 x 6 cm (Pituus, leveys, korkeus)<br data-start=\"601\" data-end=\"604\" \/>Tuotteen paino 2 kg.<\/p>\n<p data-start=\"626\" data-end=\"745\">Pehme\u00e4 ja sile\u00e4 alusta kissalle, joka kiinnitet\u00e4\u00e4n sein\u00e4\u00e4n. Alustaa voidaan k\u00e4ytt\u00e4\u00e4 tarkkailupaikkana tai lepopaikkana.<\/p>\n<p data-start=\"747\" data-end=\"1308\">Tuotesarja on suunniteltu kissoille nukkumiseen, leikkimiseen, kiipe\u00e4miseen ja my\u00f6s raapimiseen. Kaikkia elementtej\u00e4 voidaan yhdistell\u00e4 loputtomasti omien ja kissan tarpeiden mukaan. Onko kissasi v\u00e4hemm\u00e4n liikkuva tai vanha? Kiinnit\u00e4 Relax 50 l\u00e4helle maata. Jos kissasi rakastaa nukkua korkealla ja ei ole vastaanottavainen mielenkiintoiselle kiipeilyretkelle, sijoita hylly niin korkealle kuin mahdollista. Varmista, ett\u00e4 kissasi p\u00e4\u00e4see siihen helposti yhdist\u00e4m\u00e4ll\u00e4 se muihin hauskoihin kiipeilyosioihin, kuten portaisiin, horisonttiin, tikkaisiin tai siltaan.<\/p>\n<p data-start=\"1310\" data-end=\"1474\" data-is-only-node=\"\" data-is-last-node=\"\">Pehme\u00e4 p\u00e4\u00e4llyste on 4 cm paksu, kiinnitet\u00e4\u00e4n nappikiinnityksell\u00e4 ja on konepest\u00e4v\u00e4 ohjeiden mukaan.<br data-start=\"1409\" data-end=\"1412\" \/>Kaikki tarvittava sein\u00e4\u00e4n kiinnitt\u00e4miseen on mukana paketissa!<\/p>\n","protected":false},"featured_media":20913,"template":"","meta":[],"product_brand":[],"product_cat":[263,139],"product_tag":[],"class_list":{"0":"post-28372","1":"product","2":"type-product","3":"status-publish","4":"has-post-thumbnail","6":"product_cat-kiipeilyseina-kissoille","7":"product_cat-kaup24-fi","9":"first","10":"instock","11":"sale","12":"taxable","13":"shipping-taxable","14":"purchasable","15":"product-type-simple"},"yoast_head":"<!-- This site is optimized with the Yoast SEO plugin v27.2 - https:\/\/yoast.com\/product\/yoast-seo-wordpress\/ -->\n<title>Kissan hylly Relax 50 PETREBELS, ruosteinen tammi - MiuMjau<\/title>\n<meta name=\"description\" content=\"Kissanhylly Relax 50 on vahva, laadukas ja mukava. Sit\u00e4 voidaan yhdist\u00e4\u00e4 moniin eri sein\u00e4elementteihin, jotta voit luoda itsellesi ja kissallesi sopivan kiipeilypalatsin.\" \/>\n<meta name=\"robots\" content=\"index, follow, max-snippet:-1, max-image-preview:large, max-video-preview:-1\" \/>\n<link rel=\"canonical\" href=\"https:\/\/miumjau.ee\/tuote\/kassi-riiul-relax-50-petrebels-rusty-oak\/\" \/>\n<meta property=\"og:locale\" content=\"fi_FI\" \/>\n<meta property=\"og:type\" content=\"article\" \/>\n<meta property=\"og:title\" content=\"Kissan hylly Relax 50 PETREBELS, ruosteinen tammi - MiuMjau\" \/>\n<meta property=\"og:description\" content=\"Kissanhylly Relax 50 on vahva, laadukas ja mukava. Sit\u00e4 voidaan yhdist\u00e4\u00e4 moniin eri sein\u00e4elementteihin, jotta voit luoda itsellesi ja kissallesi sopivan kiipeilypalatsin.\" \/>\n<meta property=\"og:url\" content=\"https:\/\/miumjau.ee\/tuote\/kassi-riiul-relax-50-petrebels-rusty-oak\/\" \/>\n<meta property=\"og:site_name\" content=\"MiuMjau\" \/>\n<meta property=\"article:publisher\" content=\"https:\/\/www.facebook.com\/miumjaupood\/\" \/>\n<meta property=\"article:modified_time\" content=\"2026-01-07T20:55:44+00:00\" \/>\n<meta property=\"og:image\" content=\"https:\/\/miumjau.ee\/wp-content\/uploads\/2023\/12\/lamamisplatvorm-relax502.jpg\" \/>\n\t<meta property=\"og:image:width\" content=\"600\" \/>\n\t<meta property=\"og:image:height\" content=\"800\" \/>\n\t<meta property=\"og:image:type\" content=\"image\/jpeg\" \/>\n<meta name=\"twitter:card\" content=\"summary_large_image\" \/>\n<script type=\"application\/ld+json\" class=\"yoast-schema-graph\">{\"@context\":\"https:\/\/schema.org\",\"@graph\":[{\"@type\":\"WebPage\",\"@id\":\"https:\/\/miumjau.ee\/tuote\/kassi-riiul-relax-50-petrebels-rusty-oak\/\",\"url\":\"https:\/\/miumjau.ee\/tuote\/kassi-riiul-relax-50-petrebels-rusty-oak\/\",\"name\":\"Kissan hylly Relax 50 PETREBELS, ruosteinen tammi - MiuMjau\",\"isPartOf\":{\"@id\":\"https:\/\/miumjau.ee\/#website\"},\"primaryImageOfPage\":{\"@id\":\"https:\/\/miumjau.ee\/tuote\/kassi-riiul-relax-50-petrebels-rusty-oak\/#primaryimage\"},\"image\":{\"@id\":\"https:\/\/miumjau.ee\/tuote\/kassi-riiul-relax-50-petrebels-rusty-oak\/#primaryimage\"},\"thumbnailUrl\":\"https:\/\/miumjau.ee\/wp-content\/uploads\/2023\/12\/lamamisplatvorm-relax502.jpg\",\"datePublished\":\"2023-12-26T19:35:26+00:00\",\"dateModified\":\"2026-01-07T20:55:44+00:00\",\"description\":\"Kissanhylly Relax 50 on vahva, laadukas ja mukava. Sit\u00e4 voidaan yhdist\u00e4\u00e4 moniin eri sein\u00e4elementteihin, jotta voit luoda itsellesi ja kissallesi sopivan kiipeilypalatsin.\",\"breadcrumb\":{\"@id\":\"https:\/\/miumjau.ee\/tuote\/kassi-riiul-relax-50-petrebels-rusty-oak\/#breadcrumb\"},\"inLanguage\":\"fi\",\"potentialAction\":[{\"@type\":\"ReadAction\",\"target\":[\"https:\/\/miumjau.ee\/tuote\/kassi-riiul-relax-50-petrebels-rusty-oak\/\"]}]},{\"@type\":\"ImageObject\",\"inLanguage\":\"fi\",\"@id\":\"https:\/\/miumjau.ee\/tuote\/kassi-riiul-relax-50-petrebels-rusty-oak\/#primaryimage\",\"url\":\"https:\/\/miumjau.ee\/wp-content\/uploads\/2023\/12\/lamamisplatvorm-relax502.jpg\",\"contentUrl\":\"https:\/\/miumjau.ee\/wp-content\/uploads\/2023\/12\/lamamisplatvorm-relax502.jpg\",\"width\":600,\"height\":800},{\"@type\":\"BreadcrumbList\",\"@id\":\"https:\/\/miumjau.ee\/tuote\/kassi-riiul-relax-50-petrebels-rusty-oak\/#breadcrumb\",\"itemListElement\":[{\"@type\":\"ListItem\",\"position\":1,\"name\":\"Home\",\"item\":\"https:\/\/miumjau.ee\/fi\/\"},{\"@type\":\"ListItem\",\"position\":2,\"name\":\"Kauppa\",\"item\":\"https:\/\/miumjau.ee\/fi\/kauppa\/\"},{\"@type\":\"ListItem\",\"position\":3,\"name\":\"Kissan hylly Relax 50 PETREBELS, ruosteinen tammi\"}]},{\"@type\":\"WebSite\",\"@id\":\"https:\/\/miumjau.ee\/#website\",\"url\":\"https:\/\/miumjau.ee\/\",\"name\":\"MiuMjau\",\"description\":\"Kraapimispuud kassidele\",\"publisher\":{\"@id\":\"https:\/\/miumjau.ee\/#organization\"},\"potentialAction\":[{\"@type\":\"SearchAction\",\"target\":{\"@type\":\"EntryPoint\",\"urlTemplate\":\"https:\/\/miumjau.ee\/?s={search_term_string}\"},\"query-input\":{\"@type\":\"PropertyValueSpecification\",\"valueRequired\":true,\"valueName\":\"search_term_string\"}}],\"inLanguage\":\"fi\"},{\"@type\":\"Organization\",\"@id\":\"https:\/\/miumjau.ee\/#organization\",\"name\":\"MiuMjau O\u00dc\",\"url\":\"https:\/\/miumjau.ee\/\",\"logo\":{\"@type\":\"ImageObject\",\"inLanguage\":\"fi\",\"@id\":\"https:\/\/miumjau.ee\/#\/schema\/logo\/image\/\",\"url\":\"https:\/\/miumjau.ee\/wp-content\/uploads\/2022\/04\/MiuMjau-logo-kollane.png\",\"contentUrl\":\"https:\/\/miumjau.ee\/wp-content\/uploads\/2022\/04\/MiuMjau-logo-kollane.png\",\"width\":219,\"height\":100,\"caption\":\"MiuMjau O\u00dc\"},\"image\":{\"@id\":\"https:\/\/miumjau.ee\/#\/schema\/logo\/image\/\"},\"sameAs\":[\"https:\/\/www.facebook.com\/miumjaupood\/\"]}]}<\/script>\n<!-- \/ Yoast SEO plugin. -->","yoast_head_json":{"title":"Kissan hylly Relax 50 PETREBELS, ruosteinen tammi - MiuMjau","description":"Kissanhylly Relax 50 on vahva, laadukas ja mukava. Sit\u00e4 voidaan yhdist\u00e4\u00e4 moniin eri sein\u00e4elementteihin, jotta voit luoda itsellesi ja kissallesi sopivan kiipeilypalatsin.","robots":{"index":"index","follow":"follow","max-snippet":"max-snippet:-1","max-image-preview":"max-image-preview:large","max-video-preview":"max-video-preview:-1"},"canonical":"https:\/\/miumjau.ee\/tuote\/kassi-riiul-relax-50-petrebels-rusty-oak\/","og_locale":"fi_FI","og_type":"article","og_title":"Kissan hylly Relax 50 PETREBELS, ruosteinen tammi - MiuMjau","og_description":"Kissanhylly Relax 50 on vahva, laadukas ja mukava. Sit\u00e4 voidaan yhdist\u00e4\u00e4 moniin eri sein\u00e4elementteihin, jotta voit luoda itsellesi ja kissallesi sopivan kiipeilypalatsin.","og_url":"https:\/\/miumjau.ee\/tuote\/kassi-riiul-relax-50-petrebels-rusty-oak\/","og_site_name":"MiuMjau","article_publisher":"https:\/\/www.facebook.com\/miumjaupood\/","article_modified_time":"2026-01-07T20:55:44+00:00","og_image":[{"width":600,"height":800,"url":"https:\/\/miumjau.ee\/wp-content\/uploads\/2023\/12\/lamamisplatvorm-relax502.jpg","type":"image\/jpeg"}],"twitter_card":"summary_large_image","schema":{"@context":"https:\/\/schema.org","@graph":[{"@type":"WebPage","@id":"https:\/\/miumjau.ee\/tuote\/kassi-riiul-relax-50-petrebels-rusty-oak\/","url":"https:\/\/miumjau.ee\/tuote\/kassi-riiul-relax-50-petrebels-rusty-oak\/","name":"Kissan hylly Relax 50 PETREBELS, ruosteinen tammi - MiuMjau","isPartOf":{"@id":"https:\/\/miumjau.ee\/#website"},"primaryImageOfPage":{"@id":"https:\/\/miumjau.ee\/tuote\/kassi-riiul-relax-50-petrebels-rusty-oak\/#primaryimage"},"image":{"@id":"https:\/\/miumjau.ee\/tuote\/kassi-riiul-relax-50-petrebels-rusty-oak\/#primaryimage"},"thumbnailUrl":"https:\/\/miumjau.ee\/wp-content\/uploads\/2023\/12\/lamamisplatvorm-relax502.jpg","datePublished":"2023-12-26T19:35:26+00:00","dateModified":"2026-01-07T20:55:44+00:00","description":"Kissanhylly Relax 50 on vahva, laadukas ja mukava. Sit\u00e4 voidaan yhdist\u00e4\u00e4 moniin eri sein\u00e4elementteihin, jotta voit luoda itsellesi ja kissallesi sopivan kiipeilypalatsin.","breadcrumb":{"@id":"https:\/\/miumjau.ee\/tuote\/kassi-riiul-relax-50-petrebels-rusty-oak\/#breadcrumb"},"inLanguage":"fi","potentialAction":[{"@type":"ReadAction","target":["https:\/\/miumjau.ee\/tuote\/kassi-riiul-relax-50-petrebels-rusty-oak\/"]}]},{"@type":"ImageObject","inLanguage":"fi","@id":"https:\/\/miumjau.ee\/tuote\/kassi-riiul-relax-50-petrebels-rusty-oak\/#primaryimage","url":"https:\/\/miumjau.ee\/wp-content\/uploads\/2023\/12\/lamamisplatvorm-relax502.jpg","contentUrl":"https:\/\/miumjau.ee\/wp-content\/uploads\/2023\/12\/lamamisplatvorm-relax502.jpg","width":600,"height":800},{"@type":"BreadcrumbList","@id":"https:\/\/miumjau.ee\/tuote\/kassi-riiul-relax-50-petrebels-rusty-oak\/#breadcrumb","itemListElement":[{"@type":"ListItem","position":1,"name":"Home","item":"https:\/\/miumjau.ee\/fi\/"},{"@type":"ListItem","position":2,"name":"Kauppa","item":"https:\/\/miumjau.ee\/fi\/kauppa\/"},{"@type":"ListItem","position":3,"name":"Kissan hylly Relax 50 PETREBELS, ruosteinen tammi"}]},{"@type":"WebSite","@id":"https:\/\/miumjau.ee\/#website","url":"https:\/\/miumjau.ee\/","name":"MiuMjau","description":"Kraapimispuud kassidele","publisher":{"@id":"https:\/\/miumjau.ee\/#organization"},"potentialAction":[{"@type":"SearchAction","target":{"@type":"EntryPoint","urlTemplate":"https:\/\/miumjau.ee\/?s={search_term_string}"},"query-input":{"@type":"PropertyValueSpecification","valueRequired":true,"valueName":"search_term_string"}}],"inLanguage":"fi"},{"@type":"Organization","@id":"https:\/\/miumjau.ee\/#organization","name":"MiuMjau O\u00dc","url":"https:\/\/miumjau.ee\/","logo":{"@type":"ImageObject","inLanguage":"fi","@id":"https:\/\/miumjau.ee\/#\/schema\/logo\/image\/","url":"https:\/\/miumjau.ee\/wp-content\/uploads\/2022\/04\/MiuMjau-logo-kollane.png","contentUrl":"https:\/\/miumjau.ee\/wp-content\/uploads\/2022\/04\/MiuMjau-logo-kollane.png","width":219,"height":100,"caption":"MiuMjau O\u00dc"},"image":{"@id":"https:\/\/miumjau.ee\/#\/schema\/logo\/image\/"},"sameAs":["https:\/\/www.facebook.com\/miumjaupood\/"]}]}},"_links":{"self":[{"href":"https:\/\/miumjau.ee\/fi\/wp-json\/wp\/v2\/product\/28372","targetHints":{"allow":["GET"]}}],"collection":[{"href":"https:\/\/miumjau.ee\/fi\/wp-json\/wp\/v2\/product"}],"about":[{"href":"https:\/\/miumjau.ee\/fi\/wp-json\/wp\/v2\/types\/product"}],"wp:featuredmedia":[{"embeddable":true,"href":"https:\/\/miumjau.ee\/fi\/wp-json\/wp\/v2\/media\/20913"}],"wp:attachment":[{"href":"https:\/\/miumjau.ee\/fi\/wp-json\/wp\/v2\/media?parent=28372"}],"wp:term":[{"taxonomy":"product_brand","embeddable":true,"href":"https:\/\/miumjau.ee\/fi\/wp-json\/wp\/v2\/product_brand?post=28372"},{"taxonomy":"product_cat","embeddable":true,"href":"https:\/\/miumjau.ee\/fi\/wp-json\/wp\/v2\/product_cat?post=28372"},{"taxonomy":"product_tag","embeddable":true,"href":"https:\/\/miumjau.ee\/fi\/wp-json\/wp\/v2\/product_tag?post=28372"}],"curies":[{"name":"wp","href":"https:\/\/api.w.org\/{rel}","templated":true}]}}