{"id":28370,"date":"2023-12-28T03:15:54","date_gmt":"2023-12-28T01:15:54","guid":{"rendered":"https:\/\/miumjau.ee\/toode\/kissan-hylly-scratch-70-petrebels-ruosteinen-tammi\/"},"modified":"2026-01-07T22:55:51","modified_gmt":"2026-01-07T20:55:51","slug":"kissan-hylly-scratch-70-petrebels-ruosteinen-tammi","status":"publish","type":"product","link":"https:\/\/miumjau.ee\/fi\/tuote\/kissan-hylly-scratch-70-petrebels-ruosteinen-tammi\/","title":{"rendered":"Kissan hylly Scratch 70 PETREBELS, ruosteinen tammi"},"content":{"rendered":"","protected":false},"excerpt":{"rendered":"<p data-start=\"0\" data-end=\"631\">Scratch 70 on monitoiminen \u2013 se on erinomainen raapimisalusta \/ kiipeilyaskel kissoille.<br data-start=\"88\" data-end=\"91\" \/>Tuotesarja on suunniteltu kissoille nukkumiseen, leikkiin, kiipeilyyn ja my\u00f6s raapimiseen. Kaikkia elementtej\u00e4 voidaan yhdist\u00e4\u00e4 loputtomasti oman ja kissasi tarpeiden mukaan. Onko kissasi v\u00e4hemm\u00e4n aktiivinen tai vanhempi? Kiinnit\u00e4 Scratch 70 matalalle l\u00e4helle maata. Jos kissasi tykk\u00e4\u00e4 nukkua korkealla ja sen pes\u00e4 sijaitsee siell\u00e4 \u2013 k\u00e4yt\u00e4 t\u00e4t\u00e4 elementti\u00e4 osana matkaa pes\u00e4\u00e4n p\u00e4\u00e4semiseksi. Varmista, ett\u00e4 kissasi p\u00e4\u00e4see siihen helposti yhdist\u00e4m\u00e4ll\u00e4 se muihin siisteihin kiipeilyosiin, kuten portaisiin, horisonttiin, tikkaita tai siltaan.<\/p>\n<p data-start=\"0\" data-end=\"631\">Mitat \u2013 pituus 70 cm, leveys 30 cm ja korkeus 35 cm<br data-start=\"723\" data-end=\"726\" \/>Tuotteen paino &#8211; 5 kg<br data-start=\"747\" data-end=\"750\" \/>Tuote on valmistettu korkealaatuisesta eukalyptuspuusta<br data-start=\"805\" data-end=\"808\" \/>Asteen p\u00e4\u00e4llyst\u00e4v\u00e4 raapimismatto on valmistettu korkealaatuisesta sisalista ja kiinnitet\u00e4\u00e4n tarranauhalla<\/p>\n<p data-start=\"917\" data-end=\"970\" data-is-last-node=\"\" data-is-only-node=\"\">Kaikki tarvittava sein\u00e4lle kiinnitt\u00e4miseen on mukana!<\/p>\n","protected":false},"featured_media":20881,"template":"","meta":[],"product_brand":[],"product_cat":[263,139],"product_tag":[],"class_list":{"0":"post-28370","1":"product","2":"type-product","3":"status-publish","4":"has-post-thumbnail","6":"product_cat-kiipeilyseina-kissoille","7":"product_cat-kaup24-fi","8":"product_shipping_class-pakiautomaati-sobimatu-fi","10":"first","11":"outofstock","12":"sale","13":"taxable","14":"shipping-taxable","15":"purchasable","16":"product-type-simple"},"yoast_head":"<!-- This site is optimized with the Yoast SEO plugin v27.2 - https:\/\/yoast.com\/product\/yoast-seo-wordpress\/ -->\n<title>Kissan hylly Scratch 70 PETREBELS, ruosteinen tammi - MiuMjau<\/title>\n<meta name=\"description\" content=\"Kissanhylly Scratch 70 on vahva, korkealaatuinen ja mukava. Hylly on monitoiminen \u2013 erinomainen raapimisalusta kissoille ja mukava rentoutumispaikka.\" \/>\n<meta name=\"robots\" content=\"index, follow, max-snippet:-1, max-image-preview:large, max-video-preview:-1\" \/>\n<link rel=\"canonical\" href=\"https:\/\/miumjau.ee\/tuote\/kassi-riiul-scratch-70-petrebels-rusty-oak\/\" \/>\n<meta property=\"og:locale\" content=\"fi_FI\" \/>\n<meta property=\"og:type\" content=\"article\" \/>\n<meta property=\"og:title\" content=\"Kissan hylly Scratch 70 PETREBELS, ruosteinen tammi - MiuMjau\" \/>\n<meta property=\"og:description\" content=\"Kissanhylly Scratch 70 on vahva, korkealaatuinen ja mukava. Hylly on monitoiminen \u2013 erinomainen raapimisalusta kissoille ja mukava rentoutumispaikka.\" \/>\n<meta property=\"og:url\" content=\"https:\/\/miumjau.ee\/tuote\/kassi-riiul-scratch-70-petrebels-rusty-oak\/\" \/>\n<meta property=\"og:site_name\" content=\"MiuMjau\" \/>\n<meta property=\"article:publisher\" content=\"https:\/\/www.facebook.com\/miumjaupood\/\" \/>\n<meta property=\"article:modified_time\" content=\"2026-01-07T20:55:51+00:00\" \/>\n<meta property=\"og:image\" content=\"https:\/\/miumjau.ee\/wp-content\/uploads\/2023\/12\/kassi-riiul-scratch705.jpg\" \/>\n\t<meta property=\"og:image:width\" content=\"600\" \/>\n\t<meta property=\"og:image:height\" content=\"800\" \/>\n\t<meta property=\"og:image:type\" content=\"image\/jpeg\" \/>\n<meta name=\"twitter:card\" content=\"summary_large_image\" \/>\n<script type=\"application\/ld+json\" class=\"yoast-schema-graph\">{\"@context\":\"https:\/\/schema.org\",\"@graph\":[{\"@type\":\"WebPage\",\"@id\":\"https:\/\/miumjau.ee\/tuote\/kassi-riiul-scratch-70-petrebels-rusty-oak\/\",\"url\":\"https:\/\/miumjau.ee\/tuote\/kassi-riiul-scratch-70-petrebels-rusty-oak\/\",\"name\":\"Kissan hylly Scratch 70 PETREBELS, ruosteinen tammi - MiuMjau\",\"isPartOf\":{\"@id\":\"https:\/\/miumjau.ee\/#website\"},\"primaryImageOfPage\":{\"@id\":\"https:\/\/miumjau.ee\/tuote\/kassi-riiul-scratch-70-petrebels-rusty-oak\/#primaryimage\"},\"image\":{\"@id\":\"https:\/\/miumjau.ee\/tuote\/kassi-riiul-scratch-70-petrebels-rusty-oak\/#primaryimage\"},\"thumbnailUrl\":\"https:\/\/miumjau.ee\/wp-content\/uploads\/2023\/12\/kassi-riiul-scratch705.jpg\",\"datePublished\":\"2023-12-28T01:15:54+00:00\",\"dateModified\":\"2026-01-07T20:55:51+00:00\",\"description\":\"Kissanhylly Scratch 70 on vahva, korkealaatuinen ja mukava. Hylly on monitoiminen \u2013 erinomainen raapimisalusta kissoille ja mukava rentoutumispaikka.\",\"breadcrumb\":{\"@id\":\"https:\/\/miumjau.ee\/tuote\/kassi-riiul-scratch-70-petrebels-rusty-oak\/#breadcrumb\"},\"inLanguage\":\"fi\",\"potentialAction\":[{\"@type\":\"ReadAction\",\"target\":[\"https:\/\/miumjau.ee\/tuote\/kassi-riiul-scratch-70-petrebels-rusty-oak\/\"]}]},{\"@type\":\"ImageObject\",\"inLanguage\":\"fi\",\"@id\":\"https:\/\/miumjau.ee\/tuote\/kassi-riiul-scratch-70-petrebels-rusty-oak\/#primaryimage\",\"url\":\"https:\/\/miumjau.ee\/wp-content\/uploads\/2023\/12\/kassi-riiul-scratch705.jpg\",\"contentUrl\":\"https:\/\/miumjau.ee\/wp-content\/uploads\/2023\/12\/kassi-riiul-scratch705.jpg\",\"width\":600,\"height\":800},{\"@type\":\"BreadcrumbList\",\"@id\":\"https:\/\/miumjau.ee\/tuote\/kassi-riiul-scratch-70-petrebels-rusty-oak\/#breadcrumb\",\"itemListElement\":[{\"@type\":\"ListItem\",\"position\":1,\"name\":\"Home\",\"item\":\"https:\/\/miumjau.ee\/fi\/\"},{\"@type\":\"ListItem\",\"position\":2,\"name\":\"Kauppa\",\"item\":\"https:\/\/miumjau.ee\/fi\/kauppa\/\"},{\"@type\":\"ListItem\",\"position\":3,\"name\":\"Kissan hylly Scratch 70 PETREBELS, ruosteinen tammi\"}]},{\"@type\":\"WebSite\",\"@id\":\"https:\/\/miumjau.ee\/#website\",\"url\":\"https:\/\/miumjau.ee\/\",\"name\":\"MiuMjau\",\"description\":\"Kraapimispuud kassidele\",\"publisher\":{\"@id\":\"https:\/\/miumjau.ee\/#organization\"},\"potentialAction\":[{\"@type\":\"SearchAction\",\"target\":{\"@type\":\"EntryPoint\",\"urlTemplate\":\"https:\/\/miumjau.ee\/?s={search_term_string}\"},\"query-input\":{\"@type\":\"PropertyValueSpecification\",\"valueRequired\":true,\"valueName\":\"search_term_string\"}}],\"inLanguage\":\"fi\"},{\"@type\":\"Organization\",\"@id\":\"https:\/\/miumjau.ee\/#organization\",\"name\":\"MiuMjau O\u00dc\",\"url\":\"https:\/\/miumjau.ee\/\",\"logo\":{\"@type\":\"ImageObject\",\"inLanguage\":\"fi\",\"@id\":\"https:\/\/miumjau.ee\/#\/schema\/logo\/image\/\",\"url\":\"https:\/\/miumjau.ee\/wp-content\/uploads\/2022\/04\/MiuMjau-logo-kollane.png\",\"contentUrl\":\"https:\/\/miumjau.ee\/wp-content\/uploads\/2022\/04\/MiuMjau-logo-kollane.png\",\"width\":219,\"height\":100,\"caption\":\"MiuMjau O\u00dc\"},\"image\":{\"@id\":\"https:\/\/miumjau.ee\/#\/schema\/logo\/image\/\"},\"sameAs\":[\"https:\/\/www.facebook.com\/miumjaupood\/\"]}]}<\/script>\n<!-- \/ Yoast SEO plugin. -->","yoast_head_json":{"title":"Kissan hylly Scratch 70 PETREBELS, ruosteinen tammi - MiuMjau","description":"Kissanhylly Scratch 70 on vahva, korkealaatuinen ja mukava. Hylly on monitoiminen \u2013 erinomainen raapimisalusta kissoille ja mukava rentoutumispaikka.","robots":{"index":"index","follow":"follow","max-snippet":"max-snippet:-1","max-image-preview":"max-image-preview:large","max-video-preview":"max-video-preview:-1"},"canonical":"https:\/\/miumjau.ee\/tuote\/kassi-riiul-scratch-70-petrebels-rusty-oak\/","og_locale":"fi_FI","og_type":"article","og_title":"Kissan hylly Scratch 70 PETREBELS, ruosteinen tammi - MiuMjau","og_description":"Kissanhylly Scratch 70 on vahva, korkealaatuinen ja mukava. Hylly on monitoiminen \u2013 erinomainen raapimisalusta kissoille ja mukava rentoutumispaikka.","og_url":"https:\/\/miumjau.ee\/tuote\/kassi-riiul-scratch-70-petrebels-rusty-oak\/","og_site_name":"MiuMjau","article_publisher":"https:\/\/www.facebook.com\/miumjaupood\/","article_modified_time":"2026-01-07T20:55:51+00:00","og_image":[{"width":600,"height":800,"url":"https:\/\/miumjau.ee\/wp-content\/uploads\/2023\/12\/kassi-riiul-scratch705.jpg","type":"image\/jpeg"}],"twitter_card":"summary_large_image","schema":{"@context":"https:\/\/schema.org","@graph":[{"@type":"WebPage","@id":"https:\/\/miumjau.ee\/tuote\/kassi-riiul-scratch-70-petrebels-rusty-oak\/","url":"https:\/\/miumjau.ee\/tuote\/kassi-riiul-scratch-70-petrebels-rusty-oak\/","name":"Kissan hylly Scratch 70 PETREBELS, ruosteinen tammi - MiuMjau","isPartOf":{"@id":"https:\/\/miumjau.ee\/#website"},"primaryImageOfPage":{"@id":"https:\/\/miumjau.ee\/tuote\/kassi-riiul-scratch-70-petrebels-rusty-oak\/#primaryimage"},"image":{"@id":"https:\/\/miumjau.ee\/tuote\/kassi-riiul-scratch-70-petrebels-rusty-oak\/#primaryimage"},"thumbnailUrl":"https:\/\/miumjau.ee\/wp-content\/uploads\/2023\/12\/kassi-riiul-scratch705.jpg","datePublished":"2023-12-28T01:15:54+00:00","dateModified":"2026-01-07T20:55:51+00:00","description":"Kissanhylly Scratch 70 on vahva, korkealaatuinen ja mukava. Hylly on monitoiminen \u2013 erinomainen raapimisalusta kissoille ja mukava rentoutumispaikka.","breadcrumb":{"@id":"https:\/\/miumjau.ee\/tuote\/kassi-riiul-scratch-70-petrebels-rusty-oak\/#breadcrumb"},"inLanguage":"fi","potentialAction":[{"@type":"ReadAction","target":["https:\/\/miumjau.ee\/tuote\/kassi-riiul-scratch-70-petrebels-rusty-oak\/"]}]},{"@type":"ImageObject","inLanguage":"fi","@id":"https:\/\/miumjau.ee\/tuote\/kassi-riiul-scratch-70-petrebels-rusty-oak\/#primaryimage","url":"https:\/\/miumjau.ee\/wp-content\/uploads\/2023\/12\/kassi-riiul-scratch705.jpg","contentUrl":"https:\/\/miumjau.ee\/wp-content\/uploads\/2023\/12\/kassi-riiul-scratch705.jpg","width":600,"height":800},{"@type":"BreadcrumbList","@id":"https:\/\/miumjau.ee\/tuote\/kassi-riiul-scratch-70-petrebels-rusty-oak\/#breadcrumb","itemListElement":[{"@type":"ListItem","position":1,"name":"Home","item":"https:\/\/miumjau.ee\/fi\/"},{"@type":"ListItem","position":2,"name":"Kauppa","item":"https:\/\/miumjau.ee\/fi\/kauppa\/"},{"@type":"ListItem","position":3,"name":"Kissan hylly Scratch 70 PETREBELS, ruosteinen tammi"}]},{"@type":"WebSite","@id":"https:\/\/miumjau.ee\/#website","url":"https:\/\/miumjau.ee\/","name":"MiuMjau","description":"Kraapimispuud kassidele","publisher":{"@id":"https:\/\/miumjau.ee\/#organization"},"potentialAction":[{"@type":"SearchAction","target":{"@type":"EntryPoint","urlTemplate":"https:\/\/miumjau.ee\/?s={search_term_string}"},"query-input":{"@type":"PropertyValueSpecification","valueRequired":true,"valueName":"search_term_string"}}],"inLanguage":"fi"},{"@type":"Organization","@id":"https:\/\/miumjau.ee\/#organization","name":"MiuMjau O\u00dc","url":"https:\/\/miumjau.ee\/","logo":{"@type":"ImageObject","inLanguage":"fi","@id":"https:\/\/miumjau.ee\/#\/schema\/logo\/image\/","url":"https:\/\/miumjau.ee\/wp-content\/uploads\/2022\/04\/MiuMjau-logo-kollane.png","contentUrl":"https:\/\/miumjau.ee\/wp-content\/uploads\/2022\/04\/MiuMjau-logo-kollane.png","width":219,"height":100,"caption":"MiuMjau O\u00dc"},"image":{"@id":"https:\/\/miumjau.ee\/#\/schema\/logo\/image\/"},"sameAs":["https:\/\/www.facebook.com\/miumjaupood\/"]}]}},"_links":{"self":[{"href":"https:\/\/miumjau.ee\/fi\/wp-json\/wp\/v2\/product\/28370","targetHints":{"allow":["GET"]}}],"collection":[{"href":"https:\/\/miumjau.ee\/fi\/wp-json\/wp\/v2\/product"}],"about":[{"href":"https:\/\/miumjau.ee\/fi\/wp-json\/wp\/v2\/types\/product"}],"wp:featuredmedia":[{"embeddable":true,"href":"https:\/\/miumjau.ee\/fi\/wp-json\/wp\/v2\/media\/20881"}],"wp:attachment":[{"href":"https:\/\/miumjau.ee\/fi\/wp-json\/wp\/v2\/media?parent=28370"}],"wp:term":[{"taxonomy":"product_brand","embeddable":true,"href":"https:\/\/miumjau.ee\/fi\/wp-json\/wp\/v2\/product_brand?post=28370"},{"taxonomy":"product_cat","embeddable":true,"href":"https:\/\/miumjau.ee\/fi\/wp-json\/wp\/v2\/product_cat?post=28370"},{"taxonomy":"product_tag","embeddable":true,"href":"https:\/\/miumjau.ee\/fi\/wp-json\/wp\/v2\/product_tag?post=28370"}],"curies":[{"name":"wp","href":"https:\/\/api.w.org\/{rel}","templated":true}]}}