{"id":28366,"date":"2023-12-28T03:45:11","date_gmt":"2023-12-28T01:45:11","guid":{"rendered":"https:\/\/miumjau.ee\/toode\/kissan-hylly-wave-70-petrebels-ruosteinen-tammi\/"},"modified":"2026-01-07T22:55:51","modified_gmt":"2026-01-07T20:55:51","slug":"kissan-hylly-wave-70-petrebels-ruosteinen-tammi","status":"publish","type":"product","link":"https:\/\/miumjau.ee\/fi\/tuote\/kissan-hylly-wave-70-petrebels-ruosteinen-tammi\/","title":{"rendered":"Kissan hylly Wave 70 PETREBELS, ruosteinen tammi"},"content":{"rendered":"","protected":false},"excerpt":{"rendered":"<p data-start=\"0\" data-end=\"45\">\u00c4\u00e4rimm\u00e4inen kissan rentoutumispaikka sein\u00e4lle<\/p>\n<p data-start=\"47\" data-end=\"841\">Wave 70 on tyylikk\u00e4\u00e4sti kaareva tyynyn kanssa varustettu kissan hylly, joka on osa Wall of Rebels -sarjaamme. Tuotesarja on suunniteltu kissoille nukkumiseen, leikkiin, kiipeilyyn ja raapimiseen. Kaikkia elementtej\u00e4 voi yhdistell\u00e4 loputtomasti omien ja kissasi tarpeiden mukaan. Onko kissasi v\u00e4hemm\u00e4n liikkuva tai vanha? Kiinnit\u00e4 Wave 70 l\u00e4helle maata. Jos kissasi tykk\u00e4\u00e4 nukkua korkealla eik\u00e4 ole vastaan muutamaa kiipeilyretke\u00e4, aseta hylly niin korkealle kuin mahdollista. Varmista, ett\u00e4 kissasi p\u00e4\u00e4see siihen helposti yhdist\u00e4m\u00e4ll\u00e4 se muihin hienoihin kiipeilyosiin, kuten portaisiin, horisonttiin, tikkaisiin tai siltaan. Onko sinulla useampia kissoja? Tietenkin voit hemmotella niit\u00e4 my\u00f6s mukavalla nukkumapaikalla \u2013 Moon 40 on viihtyis\u00e4, ja Relax 50 sek\u00e4 Curve 70 ovat suuria ja pehmeit\u00e4.<\/p>\n<ul>\n<li data-start=\"843\" data-end=\"1091\">Mitat \u2013 pituus 70 cm, leveys 20 cm ja korkeus 35 cm<\/li>\n<li data-start=\"843\" data-end=\"1091\">Tuotteen paino \u2013 3,5 kg<\/li>\n<li data-start=\"843\" data-end=\"1091\">Hylly on valmistettu kest\u00e4v\u00e4st\u00e4 eukalyptusviilusta<\/li>\n<li data-start=\"843\" data-end=\"1091\">Tyyny on 2,5 cm paksu, napsautettavissa p\u00e4\u00e4lle ja sen p\u00e4\u00e4llinen on pest\u00e4v\u00e4<\/li>\n<\/ul>\n<p data-start=\"1093\" data-end=\"1161\" data-is-last-node=\"\" data-is-only-node=\"\">Kaikki tarvittava sein\u00e4\u00e4n kiinnitt\u00e4mist\u00e4 varten on mukana paketissa!<\/p>\n","protected":false},"featured_media":20883,"template":"","meta":[],"product_brand":[],"product_cat":[263,139],"product_tag":[],"class_list":{"0":"post-28366","1":"product","2":"type-product","3":"status-publish","4":"has-post-thumbnail","6":"product_cat-kiipeilyseina-kissoille","7":"product_cat-kaup24-fi","8":"product_shipping_class-pakiautomaati-sobimatu-fi","10":"first","11":"instock","12":"sale","13":"taxable","14":"shipping-taxable","15":"purchasable","16":"product-type-simple"},"yoast_head":"<!-- This site is optimized with the Yoast SEO plugin v27.2 - https:\/\/yoast.com\/product\/yoast-seo-wordpress\/ -->\n<title>Kissan hylly Wave 70 PETREBELS, ruosteinen tammi - MiuMjau<\/title>\n<meta name=\"description\" content=\"Wave 70 on tyynyn kanssa varustettu hylly, joka on osa Wall of Rebels -tuotesarjaa. PETREBELS-sein\u00e4hyllyt on suunniteltu kissoille nukkumiseen, leikkiin, kiipeilyyn ja raapimiseen.\" \/>\n<meta name=\"robots\" content=\"index, follow, max-snippet:-1, max-image-preview:large, max-video-preview:-1\" \/>\n<link rel=\"canonical\" href=\"https:\/\/miumjau.ee\/tuote\/kassi-riiul-wave-70-petrebels-rusty-oak\/\" \/>\n<meta property=\"og:locale\" content=\"fi_FI\" \/>\n<meta property=\"og:type\" content=\"article\" \/>\n<meta property=\"og:title\" content=\"Kissan hylly Wave 70 PETREBELS, ruosteinen tammi - MiuMjau\" \/>\n<meta property=\"og:description\" content=\"Wave 70 on tyynyn kanssa varustettu hylly, joka on osa Wall of Rebels -tuotesarjaa. PETREBELS-sein\u00e4hyllyt on suunniteltu kissoille nukkumiseen, leikkiin, kiipeilyyn ja raapimiseen.\" \/>\n<meta property=\"og:url\" content=\"https:\/\/miumjau.ee\/tuote\/kassi-riiul-wave-70-petrebels-rusty-oak\/\" \/>\n<meta property=\"og:site_name\" content=\"MiuMjau\" \/>\n<meta property=\"article:publisher\" content=\"https:\/\/www.facebook.com\/miumjaupood\/\" \/>\n<meta property=\"article:modified_time\" content=\"2026-01-07T20:55:51+00:00\" \/>\n<meta property=\"og:image\" content=\"https:\/\/miumjau.ee\/wp-content\/uploads\/2023\/12\/kassi-riiul-wave702.jpg\" \/>\n\t<meta property=\"og:image:width\" content=\"600\" \/>\n\t<meta property=\"og:image:height\" content=\"800\" \/>\n\t<meta property=\"og:image:type\" content=\"image\/jpeg\" \/>\n<meta name=\"twitter:card\" content=\"summary_large_image\" \/>\n<script type=\"application\/ld+json\" class=\"yoast-schema-graph\">{\"@context\":\"https:\/\/schema.org\",\"@graph\":[{\"@type\":\"WebPage\",\"@id\":\"https:\/\/miumjau.ee\/tuote\/kassi-riiul-wave-70-petrebels-rusty-oak\/\",\"url\":\"https:\/\/miumjau.ee\/tuote\/kassi-riiul-wave-70-petrebels-rusty-oak\/\",\"name\":\"Kissan hylly Wave 70 PETREBELS, ruosteinen tammi - MiuMjau\",\"isPartOf\":{\"@id\":\"https:\/\/miumjau.ee\/#website\"},\"primaryImageOfPage\":{\"@id\":\"https:\/\/miumjau.ee\/tuote\/kassi-riiul-wave-70-petrebels-rusty-oak\/#primaryimage\"},\"image\":{\"@id\":\"https:\/\/miumjau.ee\/tuote\/kassi-riiul-wave-70-petrebels-rusty-oak\/#primaryimage\"},\"thumbnailUrl\":\"https:\/\/miumjau.ee\/wp-content\/uploads\/2023\/12\/kassi-riiul-wave702.jpg\",\"datePublished\":\"2023-12-28T01:45:11+00:00\",\"dateModified\":\"2026-01-07T20:55:51+00:00\",\"description\":\"Wave 70 on tyynyn kanssa varustettu hylly, joka on osa Wall of Rebels -tuotesarjaa. PETREBELS-sein\u00e4hyllyt on suunniteltu kissoille nukkumiseen, leikkiin, kiipeilyyn ja raapimiseen.\",\"breadcrumb\":{\"@id\":\"https:\/\/miumjau.ee\/tuote\/kassi-riiul-wave-70-petrebels-rusty-oak\/#breadcrumb\"},\"inLanguage\":\"fi\",\"potentialAction\":[{\"@type\":\"ReadAction\",\"target\":[\"https:\/\/miumjau.ee\/tuote\/kassi-riiul-wave-70-petrebels-rusty-oak\/\"]}]},{\"@type\":\"ImageObject\",\"inLanguage\":\"fi\",\"@id\":\"https:\/\/miumjau.ee\/tuote\/kassi-riiul-wave-70-petrebels-rusty-oak\/#primaryimage\",\"url\":\"https:\/\/miumjau.ee\/wp-content\/uploads\/2023\/12\/kassi-riiul-wave702.jpg\",\"contentUrl\":\"https:\/\/miumjau.ee\/wp-content\/uploads\/2023\/12\/kassi-riiul-wave702.jpg\",\"width\":600,\"height\":800},{\"@type\":\"BreadcrumbList\",\"@id\":\"https:\/\/miumjau.ee\/tuote\/kassi-riiul-wave-70-petrebels-rusty-oak\/#breadcrumb\",\"itemListElement\":[{\"@type\":\"ListItem\",\"position\":1,\"name\":\"Home\",\"item\":\"https:\/\/miumjau.ee\/fi\/\"},{\"@type\":\"ListItem\",\"position\":2,\"name\":\"Kauppa\",\"item\":\"https:\/\/miumjau.ee\/fi\/kauppa\/\"},{\"@type\":\"ListItem\",\"position\":3,\"name\":\"Kissan hylly Wave 70 PETREBELS, ruosteinen tammi\"}]},{\"@type\":\"WebSite\",\"@id\":\"https:\/\/miumjau.ee\/#website\",\"url\":\"https:\/\/miumjau.ee\/\",\"name\":\"MiuMjau\",\"description\":\"Kraapimispuud kassidele\",\"publisher\":{\"@id\":\"https:\/\/miumjau.ee\/#organization\"},\"potentialAction\":[{\"@type\":\"SearchAction\",\"target\":{\"@type\":\"EntryPoint\",\"urlTemplate\":\"https:\/\/miumjau.ee\/?s={search_term_string}\"},\"query-input\":{\"@type\":\"PropertyValueSpecification\",\"valueRequired\":true,\"valueName\":\"search_term_string\"}}],\"inLanguage\":\"fi\"},{\"@type\":\"Organization\",\"@id\":\"https:\/\/miumjau.ee\/#organization\",\"name\":\"MiuMjau O\u00dc\",\"url\":\"https:\/\/miumjau.ee\/\",\"logo\":{\"@type\":\"ImageObject\",\"inLanguage\":\"fi\",\"@id\":\"https:\/\/miumjau.ee\/#\/schema\/logo\/image\/\",\"url\":\"https:\/\/miumjau.ee\/wp-content\/uploads\/2022\/04\/MiuMjau-logo-kollane.png\",\"contentUrl\":\"https:\/\/miumjau.ee\/wp-content\/uploads\/2022\/04\/MiuMjau-logo-kollane.png\",\"width\":219,\"height\":100,\"caption\":\"MiuMjau O\u00dc\"},\"image\":{\"@id\":\"https:\/\/miumjau.ee\/#\/schema\/logo\/image\/\"},\"sameAs\":[\"https:\/\/www.facebook.com\/miumjaupood\/\"]}]}<\/script>\n<!-- \/ Yoast SEO plugin. -->","yoast_head_json":{"title":"Kissan hylly Wave 70 PETREBELS, ruosteinen tammi - MiuMjau","description":"Wave 70 on tyynyn kanssa varustettu hylly, joka on osa Wall of Rebels -tuotesarjaa. PETREBELS-sein\u00e4hyllyt on suunniteltu kissoille nukkumiseen, leikkiin, kiipeilyyn ja raapimiseen.","robots":{"index":"index","follow":"follow","max-snippet":"max-snippet:-1","max-image-preview":"max-image-preview:large","max-video-preview":"max-video-preview:-1"},"canonical":"https:\/\/miumjau.ee\/tuote\/kassi-riiul-wave-70-petrebels-rusty-oak\/","og_locale":"fi_FI","og_type":"article","og_title":"Kissan hylly Wave 70 PETREBELS, ruosteinen tammi - MiuMjau","og_description":"Wave 70 on tyynyn kanssa varustettu hylly, joka on osa Wall of Rebels -tuotesarjaa. PETREBELS-sein\u00e4hyllyt on suunniteltu kissoille nukkumiseen, leikkiin, kiipeilyyn ja raapimiseen.","og_url":"https:\/\/miumjau.ee\/tuote\/kassi-riiul-wave-70-petrebels-rusty-oak\/","og_site_name":"MiuMjau","article_publisher":"https:\/\/www.facebook.com\/miumjaupood\/","article_modified_time":"2026-01-07T20:55:51+00:00","og_image":[{"width":600,"height":800,"url":"https:\/\/miumjau.ee\/wp-content\/uploads\/2023\/12\/kassi-riiul-wave702.jpg","type":"image\/jpeg"}],"twitter_card":"summary_large_image","schema":{"@context":"https:\/\/schema.org","@graph":[{"@type":"WebPage","@id":"https:\/\/miumjau.ee\/tuote\/kassi-riiul-wave-70-petrebels-rusty-oak\/","url":"https:\/\/miumjau.ee\/tuote\/kassi-riiul-wave-70-petrebels-rusty-oak\/","name":"Kissan hylly Wave 70 PETREBELS, ruosteinen tammi - MiuMjau","isPartOf":{"@id":"https:\/\/miumjau.ee\/#website"},"primaryImageOfPage":{"@id":"https:\/\/miumjau.ee\/tuote\/kassi-riiul-wave-70-petrebels-rusty-oak\/#primaryimage"},"image":{"@id":"https:\/\/miumjau.ee\/tuote\/kassi-riiul-wave-70-petrebels-rusty-oak\/#primaryimage"},"thumbnailUrl":"https:\/\/miumjau.ee\/wp-content\/uploads\/2023\/12\/kassi-riiul-wave702.jpg","datePublished":"2023-12-28T01:45:11+00:00","dateModified":"2026-01-07T20:55:51+00:00","description":"Wave 70 on tyynyn kanssa varustettu hylly, joka on osa Wall of Rebels -tuotesarjaa. PETREBELS-sein\u00e4hyllyt on suunniteltu kissoille nukkumiseen, leikkiin, kiipeilyyn ja raapimiseen.","breadcrumb":{"@id":"https:\/\/miumjau.ee\/tuote\/kassi-riiul-wave-70-petrebels-rusty-oak\/#breadcrumb"},"inLanguage":"fi","potentialAction":[{"@type":"ReadAction","target":["https:\/\/miumjau.ee\/tuote\/kassi-riiul-wave-70-petrebels-rusty-oak\/"]}]},{"@type":"ImageObject","inLanguage":"fi","@id":"https:\/\/miumjau.ee\/tuote\/kassi-riiul-wave-70-petrebels-rusty-oak\/#primaryimage","url":"https:\/\/miumjau.ee\/wp-content\/uploads\/2023\/12\/kassi-riiul-wave702.jpg","contentUrl":"https:\/\/miumjau.ee\/wp-content\/uploads\/2023\/12\/kassi-riiul-wave702.jpg","width":600,"height":800},{"@type":"BreadcrumbList","@id":"https:\/\/miumjau.ee\/tuote\/kassi-riiul-wave-70-petrebels-rusty-oak\/#breadcrumb","itemListElement":[{"@type":"ListItem","position":1,"name":"Home","item":"https:\/\/miumjau.ee\/fi\/"},{"@type":"ListItem","position":2,"name":"Kauppa","item":"https:\/\/miumjau.ee\/fi\/kauppa\/"},{"@type":"ListItem","position":3,"name":"Kissan hylly Wave 70 PETREBELS, ruosteinen tammi"}]},{"@type":"WebSite","@id":"https:\/\/miumjau.ee\/#website","url":"https:\/\/miumjau.ee\/","name":"MiuMjau","description":"Kraapimispuud kassidele","publisher":{"@id":"https:\/\/miumjau.ee\/#organization"},"potentialAction":[{"@type":"SearchAction","target":{"@type":"EntryPoint","urlTemplate":"https:\/\/miumjau.ee\/?s={search_term_string}"},"query-input":{"@type":"PropertyValueSpecification","valueRequired":true,"valueName":"search_term_string"}}],"inLanguage":"fi"},{"@type":"Organization","@id":"https:\/\/miumjau.ee\/#organization","name":"MiuMjau O\u00dc","url":"https:\/\/miumjau.ee\/","logo":{"@type":"ImageObject","inLanguage":"fi","@id":"https:\/\/miumjau.ee\/#\/schema\/logo\/image\/","url":"https:\/\/miumjau.ee\/wp-content\/uploads\/2022\/04\/MiuMjau-logo-kollane.png","contentUrl":"https:\/\/miumjau.ee\/wp-content\/uploads\/2022\/04\/MiuMjau-logo-kollane.png","width":219,"height":100,"caption":"MiuMjau O\u00dc"},"image":{"@id":"https:\/\/miumjau.ee\/#\/schema\/logo\/image\/"},"sameAs":["https:\/\/www.facebook.com\/miumjaupood\/"]}]}},"_links":{"self":[{"href":"https:\/\/miumjau.ee\/fi\/wp-json\/wp\/v2\/product\/28366","targetHints":{"allow":["GET"]}}],"collection":[{"href":"https:\/\/miumjau.ee\/fi\/wp-json\/wp\/v2\/product"}],"about":[{"href":"https:\/\/miumjau.ee\/fi\/wp-json\/wp\/v2\/types\/product"}],"wp:featuredmedia":[{"embeddable":true,"href":"https:\/\/miumjau.ee\/fi\/wp-json\/wp\/v2\/media\/20883"}],"wp:attachment":[{"href":"https:\/\/miumjau.ee\/fi\/wp-json\/wp\/v2\/media?parent=28366"}],"wp:term":[{"taxonomy":"product_brand","embeddable":true,"href":"https:\/\/miumjau.ee\/fi\/wp-json\/wp\/v2\/product_brand?post=28366"},{"taxonomy":"product_cat","embeddable":true,"href":"https:\/\/miumjau.ee\/fi\/wp-json\/wp\/v2\/product_cat?post=28366"},{"taxonomy":"product_tag","embeddable":true,"href":"https:\/\/miumjau.ee\/fi\/wp-json\/wp\/v2\/product_tag?post=28366"}],"curies":[{"name":"wp","href":"https:\/\/api.w.org\/{rel}","templated":true}]}}