{"id":28362,"date":"2023-12-28T11:00:50","date_gmt":"2023-12-28T09:00:50","guid":{"rendered":"https:\/\/miumjau.ee\/toode\/kissan-hylly-curve-70-petrebels-vanha-harmaa\/"},"modified":"2026-01-07T22:55:58","modified_gmt":"2026-01-07T20:55:58","slug":"kissan-hylly-curve-70-petrebels-vanha-harmaa","status":"publish","type":"product","link":"https:\/\/miumjau.ee\/fi\/tuote\/kissan-hylly-curve-70-petrebels-vanha-harmaa\/","title":{"rendered":"Kissan hylly Curve 70 PETREBELS, vanha harmaa"},"content":{"rendered":"","protected":false},"excerpt":{"rendered":"<p data-start=\"0\" data-end=\"27\">Mukava kissan peti sein\u00e4lle<\/p>\n<p data-start=\"29\" data-end=\"668\">Curve 70 on tyylikk\u00e4\u00e4sti kaareva tyynyn kanssa varustettu kissan hylly, joka on osa Wall of Rebels -kokoelmaamme. Tuotesarja on suunniteltu kissoille nukkumiseen, leikkiin, kiipeilyyn ja raapimiseen. Kaikkia elementtej\u00e4 voi yhdist\u00e4\u00e4 loputtomasti omien ja kissasi tarpeiden mukaan. Onko kissasi v\u00e4hemm\u00e4n liikkuva tai vanha? Kiinnit\u00e4 Curve 70 matalalle maahan. Jos kissasi tykk\u00e4\u00e4 nukkua korkealla eik\u00e4 ole vastaan huimav\u00e4reist\u00e4 kiipeilyreissusta, aseta hylly niin korkealle kuin mahdollista. Varmista, ett\u00e4 kissasi p\u00e4\u00e4see siihen helposti yhdist\u00e4m\u00e4ll\u00e4 se muihin hauskoihin kiipeilyosiin, kuten askelmiin, horisonttiin, tikkaisiin tai siltaan.<\/p>\n<ul>\n<li>Mitat \u2013 pituus 70 cm, leveys 20 cm ja korkeus 35 cm<\/li>\n<li>Tuotteen paino &#8211; 4,4 kg<\/li>\n<li>Hylly on valmistettu kest\u00e4v\u00e4st\u00e4 eukalyptusfanerista<\/li>\n<li>Tyyny on 4 cm paksu, neppareilla kiinnitett\u00e4v\u00e4 ja pest\u00e4v\u00e4<\/li>\n<\/ul>\n<p data-start=\"899\" data-end=\"965\" data-is-last-node=\"\" data-is-only-node=\"\">Kaikki sein\u00e4kiinnitykseen tarvittavat osat sis\u00e4ltyv\u00e4t pakkaukseen!<\/p>\n","protected":false},"featured_media":20873,"template":"","meta":[],"product_brand":[],"product_cat":[263,139],"product_tag":[],"class_list":{"0":"post-28362","1":"product","2":"type-product","3":"status-publish","4":"has-post-thumbnail","6":"product_cat-kiipeilyseina-kissoille","7":"product_cat-kaup24-fi","8":"product_shipping_class-pakiautomaati-sobimatu-fi","10":"first","11":"instock","12":"sale","13":"taxable","14":"shipping-taxable","15":"purchasable","16":"product-type-simple"},"yoast_head":"<!-- This site is optimized with the Yoast SEO plugin v27.2 - https:\/\/yoast.com\/product\/yoast-seo-wordpress\/ -->\n<title>Kissan hylly Curve 70 PETREBELS, vanha harmaa - MiuMjau<\/title>\n<meta name=\"description\" content=\"Curve 70 on tyynyll\u00e4 varustettu hylly-peti Wall of Rebels -tuotesarjasta. PETREBELSin sein\u00e4hyllyt on suunniteltu kissoille nukkumiseen, leikkiin, kiipeilyyn ja raapimiseen.\" \/>\n<meta name=\"robots\" content=\"index, follow, max-snippet:-1, max-image-preview:large, max-video-preview:-1\" \/>\n<link rel=\"canonical\" href=\"https:\/\/miumjau.ee\/tuote\/kassi-riiul-curve-70-petrebels-old-gray\/\" \/>\n<meta property=\"og:locale\" content=\"fi_FI\" \/>\n<meta property=\"og:type\" content=\"article\" \/>\n<meta property=\"og:title\" content=\"Kissan hylly Curve 70 PETREBELS, vanha harmaa - MiuMjau\" \/>\n<meta property=\"og:description\" content=\"Curve 70 on tyynyll\u00e4 varustettu hylly-peti Wall of Rebels -tuotesarjasta. PETREBELSin sein\u00e4hyllyt on suunniteltu kissoille nukkumiseen, leikkiin, kiipeilyyn ja raapimiseen.\" \/>\n<meta property=\"og:url\" content=\"https:\/\/miumjau.ee\/tuote\/kassi-riiul-curve-70-petrebels-old-gray\/\" \/>\n<meta property=\"og:site_name\" content=\"MiuMjau\" \/>\n<meta property=\"article:publisher\" content=\"https:\/\/www.facebook.com\/miumjaupood\/\" \/>\n<meta property=\"article:modified_time\" content=\"2026-01-07T20:55:58+00:00\" \/>\n<meta property=\"og:image\" content=\"https:\/\/miumjau.ee\/wp-content\/uploads\/2023\/12\/kassi-riiul-curve703.jpg\" \/>\n\t<meta property=\"og:image:width\" content=\"600\" \/>\n\t<meta property=\"og:image:height\" content=\"800\" \/>\n\t<meta property=\"og:image:type\" content=\"image\/jpeg\" \/>\n<meta name=\"twitter:card\" content=\"summary_large_image\" \/>\n<script type=\"application\/ld+json\" class=\"yoast-schema-graph\">{\"@context\":\"https:\/\/schema.org\",\"@graph\":[{\"@type\":\"WebPage\",\"@id\":\"https:\/\/miumjau.ee\/tuote\/kassi-riiul-curve-70-petrebels-old-gray\/\",\"url\":\"https:\/\/miumjau.ee\/tuote\/kassi-riiul-curve-70-petrebels-old-gray\/\",\"name\":\"Kissan hylly Curve 70 PETREBELS, vanha harmaa - MiuMjau\",\"isPartOf\":{\"@id\":\"https:\/\/miumjau.ee\/#website\"},\"primaryImageOfPage\":{\"@id\":\"https:\/\/miumjau.ee\/tuote\/kassi-riiul-curve-70-petrebels-old-gray\/#primaryimage\"},\"image\":{\"@id\":\"https:\/\/miumjau.ee\/tuote\/kassi-riiul-curve-70-petrebels-old-gray\/#primaryimage\"},\"thumbnailUrl\":\"https:\/\/miumjau.ee\/wp-content\/uploads\/2023\/12\/kassi-riiul-curve703.jpg\",\"datePublished\":\"2023-12-28T09:00:50+00:00\",\"dateModified\":\"2026-01-07T20:55:58+00:00\",\"description\":\"Curve 70 on tyynyll\u00e4 varustettu hylly-peti Wall of Rebels -tuotesarjasta. PETREBELSin sein\u00e4hyllyt on suunniteltu kissoille nukkumiseen, leikkiin, kiipeilyyn ja raapimiseen.\",\"breadcrumb\":{\"@id\":\"https:\/\/miumjau.ee\/tuote\/kassi-riiul-curve-70-petrebels-old-gray\/#breadcrumb\"},\"inLanguage\":\"fi\",\"potentialAction\":[{\"@type\":\"ReadAction\",\"target\":[\"https:\/\/miumjau.ee\/tuote\/kassi-riiul-curve-70-petrebels-old-gray\/\"]}]},{\"@type\":\"ImageObject\",\"inLanguage\":\"fi\",\"@id\":\"https:\/\/miumjau.ee\/tuote\/kassi-riiul-curve-70-petrebels-old-gray\/#primaryimage\",\"url\":\"https:\/\/miumjau.ee\/wp-content\/uploads\/2023\/12\/kassi-riiul-curve703.jpg\",\"contentUrl\":\"https:\/\/miumjau.ee\/wp-content\/uploads\/2023\/12\/kassi-riiul-curve703.jpg\",\"width\":600,\"height\":800},{\"@type\":\"BreadcrumbList\",\"@id\":\"https:\/\/miumjau.ee\/tuote\/kassi-riiul-curve-70-petrebels-old-gray\/#breadcrumb\",\"itemListElement\":[{\"@type\":\"ListItem\",\"position\":1,\"name\":\"Home\",\"item\":\"https:\/\/miumjau.ee\/fi\/\"},{\"@type\":\"ListItem\",\"position\":2,\"name\":\"Kauppa\",\"item\":\"https:\/\/miumjau.ee\/fi\/kauppa\/\"},{\"@type\":\"ListItem\",\"position\":3,\"name\":\"Kissan hylly Curve 70 PETREBELS, vanha harmaa\"}]},{\"@type\":\"WebSite\",\"@id\":\"https:\/\/miumjau.ee\/#website\",\"url\":\"https:\/\/miumjau.ee\/\",\"name\":\"MiuMjau\",\"description\":\"Kraapimispuud kassidele\",\"publisher\":{\"@id\":\"https:\/\/miumjau.ee\/#organization\"},\"potentialAction\":[{\"@type\":\"SearchAction\",\"target\":{\"@type\":\"EntryPoint\",\"urlTemplate\":\"https:\/\/miumjau.ee\/?s={search_term_string}\"},\"query-input\":{\"@type\":\"PropertyValueSpecification\",\"valueRequired\":true,\"valueName\":\"search_term_string\"}}],\"inLanguage\":\"fi\"},{\"@type\":\"Organization\",\"@id\":\"https:\/\/miumjau.ee\/#organization\",\"name\":\"MiuMjau O\u00dc\",\"url\":\"https:\/\/miumjau.ee\/\",\"logo\":{\"@type\":\"ImageObject\",\"inLanguage\":\"fi\",\"@id\":\"https:\/\/miumjau.ee\/#\/schema\/logo\/image\/\",\"url\":\"https:\/\/miumjau.ee\/wp-content\/uploads\/2022\/04\/MiuMjau-logo-kollane.png\",\"contentUrl\":\"https:\/\/miumjau.ee\/wp-content\/uploads\/2022\/04\/MiuMjau-logo-kollane.png\",\"width\":219,\"height\":100,\"caption\":\"MiuMjau O\u00dc\"},\"image\":{\"@id\":\"https:\/\/miumjau.ee\/#\/schema\/logo\/image\/\"},\"sameAs\":[\"https:\/\/www.facebook.com\/miumjaupood\/\"]}]}<\/script>\n<!-- \/ Yoast SEO plugin. -->","yoast_head_json":{"title":"Kissan hylly Curve 70 PETREBELS, vanha harmaa - MiuMjau","description":"Curve 70 on tyynyll\u00e4 varustettu hylly-peti Wall of Rebels -tuotesarjasta. PETREBELSin sein\u00e4hyllyt on suunniteltu kissoille nukkumiseen, leikkiin, kiipeilyyn ja raapimiseen.","robots":{"index":"index","follow":"follow","max-snippet":"max-snippet:-1","max-image-preview":"max-image-preview:large","max-video-preview":"max-video-preview:-1"},"canonical":"https:\/\/miumjau.ee\/tuote\/kassi-riiul-curve-70-petrebels-old-gray\/","og_locale":"fi_FI","og_type":"article","og_title":"Kissan hylly Curve 70 PETREBELS, vanha harmaa - MiuMjau","og_description":"Curve 70 on tyynyll\u00e4 varustettu hylly-peti Wall of Rebels -tuotesarjasta. PETREBELSin sein\u00e4hyllyt on suunniteltu kissoille nukkumiseen, leikkiin, kiipeilyyn ja raapimiseen.","og_url":"https:\/\/miumjau.ee\/tuote\/kassi-riiul-curve-70-petrebels-old-gray\/","og_site_name":"MiuMjau","article_publisher":"https:\/\/www.facebook.com\/miumjaupood\/","article_modified_time":"2026-01-07T20:55:58+00:00","og_image":[{"width":600,"height":800,"url":"https:\/\/miumjau.ee\/wp-content\/uploads\/2023\/12\/kassi-riiul-curve703.jpg","type":"image\/jpeg"}],"twitter_card":"summary_large_image","schema":{"@context":"https:\/\/schema.org","@graph":[{"@type":"WebPage","@id":"https:\/\/miumjau.ee\/tuote\/kassi-riiul-curve-70-petrebels-old-gray\/","url":"https:\/\/miumjau.ee\/tuote\/kassi-riiul-curve-70-petrebels-old-gray\/","name":"Kissan hylly Curve 70 PETREBELS, vanha harmaa - MiuMjau","isPartOf":{"@id":"https:\/\/miumjau.ee\/#website"},"primaryImageOfPage":{"@id":"https:\/\/miumjau.ee\/tuote\/kassi-riiul-curve-70-petrebels-old-gray\/#primaryimage"},"image":{"@id":"https:\/\/miumjau.ee\/tuote\/kassi-riiul-curve-70-petrebels-old-gray\/#primaryimage"},"thumbnailUrl":"https:\/\/miumjau.ee\/wp-content\/uploads\/2023\/12\/kassi-riiul-curve703.jpg","datePublished":"2023-12-28T09:00:50+00:00","dateModified":"2026-01-07T20:55:58+00:00","description":"Curve 70 on tyynyll\u00e4 varustettu hylly-peti Wall of Rebels -tuotesarjasta. PETREBELSin sein\u00e4hyllyt on suunniteltu kissoille nukkumiseen, leikkiin, kiipeilyyn ja raapimiseen.","breadcrumb":{"@id":"https:\/\/miumjau.ee\/tuote\/kassi-riiul-curve-70-petrebels-old-gray\/#breadcrumb"},"inLanguage":"fi","potentialAction":[{"@type":"ReadAction","target":["https:\/\/miumjau.ee\/tuote\/kassi-riiul-curve-70-petrebels-old-gray\/"]}]},{"@type":"ImageObject","inLanguage":"fi","@id":"https:\/\/miumjau.ee\/tuote\/kassi-riiul-curve-70-petrebels-old-gray\/#primaryimage","url":"https:\/\/miumjau.ee\/wp-content\/uploads\/2023\/12\/kassi-riiul-curve703.jpg","contentUrl":"https:\/\/miumjau.ee\/wp-content\/uploads\/2023\/12\/kassi-riiul-curve703.jpg","width":600,"height":800},{"@type":"BreadcrumbList","@id":"https:\/\/miumjau.ee\/tuote\/kassi-riiul-curve-70-petrebels-old-gray\/#breadcrumb","itemListElement":[{"@type":"ListItem","position":1,"name":"Home","item":"https:\/\/miumjau.ee\/fi\/"},{"@type":"ListItem","position":2,"name":"Kauppa","item":"https:\/\/miumjau.ee\/fi\/kauppa\/"},{"@type":"ListItem","position":3,"name":"Kissan hylly Curve 70 PETREBELS, vanha harmaa"}]},{"@type":"WebSite","@id":"https:\/\/miumjau.ee\/#website","url":"https:\/\/miumjau.ee\/","name":"MiuMjau","description":"Kraapimispuud kassidele","publisher":{"@id":"https:\/\/miumjau.ee\/#organization"},"potentialAction":[{"@type":"SearchAction","target":{"@type":"EntryPoint","urlTemplate":"https:\/\/miumjau.ee\/?s={search_term_string}"},"query-input":{"@type":"PropertyValueSpecification","valueRequired":true,"valueName":"search_term_string"}}],"inLanguage":"fi"},{"@type":"Organization","@id":"https:\/\/miumjau.ee\/#organization","name":"MiuMjau O\u00dc","url":"https:\/\/miumjau.ee\/","logo":{"@type":"ImageObject","inLanguage":"fi","@id":"https:\/\/miumjau.ee\/#\/schema\/logo\/image\/","url":"https:\/\/miumjau.ee\/wp-content\/uploads\/2022\/04\/MiuMjau-logo-kollane.png","contentUrl":"https:\/\/miumjau.ee\/wp-content\/uploads\/2022\/04\/MiuMjau-logo-kollane.png","width":219,"height":100,"caption":"MiuMjau O\u00dc"},"image":{"@id":"https:\/\/miumjau.ee\/#\/schema\/logo\/image\/"},"sameAs":["https:\/\/www.facebook.com\/miumjaupood\/"]}]}},"_links":{"self":[{"href":"https:\/\/miumjau.ee\/fi\/wp-json\/wp\/v2\/product\/28362","targetHints":{"allow":["GET"]}}],"collection":[{"href":"https:\/\/miumjau.ee\/fi\/wp-json\/wp\/v2\/product"}],"about":[{"href":"https:\/\/miumjau.ee\/fi\/wp-json\/wp\/v2\/types\/product"}],"wp:featuredmedia":[{"embeddable":true,"href":"https:\/\/miumjau.ee\/fi\/wp-json\/wp\/v2\/media\/20873"}],"wp:attachment":[{"href":"https:\/\/miumjau.ee\/fi\/wp-json\/wp\/v2\/media?parent=28362"}],"wp:term":[{"taxonomy":"product_brand","embeddable":true,"href":"https:\/\/miumjau.ee\/fi\/wp-json\/wp\/v2\/product_brand?post=28362"},{"taxonomy":"product_cat","embeddable":true,"href":"https:\/\/miumjau.ee\/fi\/wp-json\/wp\/v2\/product_cat?post=28362"},{"taxonomy":"product_tag","embeddable":true,"href":"https:\/\/miumjau.ee\/fi\/wp-json\/wp\/v2\/product_tag?post=28362"}],"curies":[{"name":"wp","href":"https:\/\/api.w.org\/{rel}","templated":true}]}}