{"id":28356,"date":"2024-01-01T10:50:14","date_gmt":"2024-01-01T08:50:14","guid":{"rendered":"https:\/\/miumjau.ee\/toode\/viimeistelylevy-disc-15-ruosteinen-tammi\/"},"modified":"2026-01-07T22:55:58","modified_gmt":"2026-01-07T20:55:58","slug":"viimeistelylevy-disc-15-ruosteinen-tammi","status":"publish","type":"product","link":"https:\/\/miumjau.ee\/fi\/tuote\/viimeistelylevy-disc-15-ruosteinen-tammi\/","title":{"rendered":"Viimeistelylevy DISC 15, ruosteinen tammi"},"content":{"rendered":"","protected":false},"excerpt":{"rendered":"<p data-start=\"0\" data-end=\"366\">Viimeistelylevy DISC 15 br\u00e4ndilt\u00e4 PETREBELS on osa kiipeilysein\u00e4kokoelmaa. Kaikkia elementtej\u00e4 voi yhdistell\u00e4 oman ja kissasi tarpeiden sek\u00e4 toiveiden mukaisesti. T\u00e4t\u00e4 levy\u00e4 k\u00e4ytet\u00e4\u00e4n kahden raapimapylv\u00e4\u00e4n v\u00e4lill\u00e4 sek\u00e4 sein\u00e4\u00e4n kiinnitett\u00e4v\u00e4n riippupes\u00e4n vahvistamiseen. Sopii malleihin Hang Round 1548 ja Hang Square 1240. Tuotteesta on saatavilla kolme eri s\u00e4vy\u00e4.<\/p>\n<p data-start=\"368\" data-end=\"401\" data-is-last-node=\"\" data-is-only-node=\"\">Halkaisija: 15 cm<br data-start=\"385\" data-end=\"388\" data-is-only-node=\"\" \/>Paksuus: 2 cm<\/p>\n","protected":false},"featured_media":20863,"template":"","meta":[],"product_brand":[],"product_cat":[263],"product_tag":[],"class_list":{"0":"post-28356","1":"product","2":"type-product","3":"status-publish","4":"has-post-thumbnail","6":"product_cat-kiipeilyseina-kissoille","8":"first","9":"instock","10":"taxable","11":"shipping-taxable","12":"purchasable","13":"product-type-simple"},"yoast_head":"<!-- This site is optimized with the Yoast SEO plugin v27.2 - https:\/\/yoast.com\/product\/yoast-seo-wordpress\/ -->\n<title>Viimeistelylevy DISC 15, ruosteinen tammi - MiuMjau<\/title>\n<meta name=\"description\" content=\"Viimeistelylevy kissan pesille br\u00e4ndilt\u00e4 Petrebels. Luo upein mahdollinen kissan kiipeilysein\u00e4 kissasi tarpeiden ja oman luovuutesi mukaa\" \/>\n<meta name=\"robots\" content=\"index, follow, max-snippet:-1, max-image-preview:large, max-video-preview:-1\" \/>\n<link rel=\"canonical\" href=\"https:\/\/miumjau.ee\/fi\/tuote\/viimeistelylevy-disc-15-ruosteinen-tammi\/\" \/>\n<meta property=\"og:locale\" content=\"fi_FI\" \/>\n<meta property=\"og:type\" content=\"article\" \/>\n<meta property=\"og:title\" content=\"Viimeistelylevy DISC 15, ruosteinen tammi - MiuMjau\" \/>\n<meta property=\"og:description\" content=\"Viimeistelylevy kissan pesille br\u00e4ndilt\u00e4 Petrebels. Luo upein mahdollinen kissan kiipeilysein\u00e4 kissasi tarpeiden ja oman luovuutesi mukaa\" \/>\n<meta property=\"og:url\" content=\"https:\/\/miumjau.ee\/fi\/tuote\/viimeistelylevy-disc-15-ruosteinen-tammi\/\" \/>\n<meta property=\"og:site_name\" content=\"MiuMjau\" \/>\n<meta property=\"article:publisher\" content=\"https:\/\/www.facebook.com\/miumjaupood\/\" \/>\n<meta property=\"article:modified_time\" content=\"2026-01-07T20:55:58+00:00\" \/>\n<meta property=\"og:image\" content=\"https:\/\/miumjau.ee\/wp-content\/uploads\/2023\/12\/elemendi-kate-disk151.jpg\" \/>\n\t<meta property=\"og:image:width\" content=\"600\" \/>\n\t<meta property=\"og:image:height\" content=\"800\" \/>\n\t<meta property=\"og:image:type\" content=\"image\/jpeg\" \/>\n<meta name=\"twitter:card\" content=\"summary_large_image\" \/>\n<script type=\"application\/ld+json\" class=\"yoast-schema-graph\">{\"@context\":\"https:\/\/schema.org\",\"@graph\":[{\"@type\":\"WebPage\",\"@id\":\"https:\/\/miumjau.ee\/fi\/tuote\/viimeistelylevy-disc-15-ruosteinen-tammi\/\",\"url\":\"https:\/\/miumjau.ee\/fi\/tuote\/viimeistelylevy-disc-15-ruosteinen-tammi\/\",\"name\":\"Viimeistelylevy DISC 15, ruosteinen tammi - MiuMjau\",\"isPartOf\":{\"@id\":\"https:\/\/miumjau.ee\/#website\"},\"primaryImageOfPage\":{\"@id\":\"https:\/\/miumjau.ee\/fi\/tuote\/viimeistelylevy-disc-15-ruosteinen-tammi\/#primaryimage\"},\"image\":{\"@id\":\"https:\/\/miumjau.ee\/fi\/tuote\/viimeistelylevy-disc-15-ruosteinen-tammi\/#primaryimage\"},\"thumbnailUrl\":\"https:\/\/miumjau.ee\/wp-content\/uploads\/2023\/12\/elemendi-kate-disk151.jpg\",\"datePublished\":\"2024-01-01T08:50:14+00:00\",\"dateModified\":\"2026-01-07T20:55:58+00:00\",\"description\":\"Viimeistelylevy kissan pesille br\u00e4ndilt\u00e4 Petrebels. Luo upein mahdollinen kissan kiipeilysein\u00e4 kissasi tarpeiden ja oman luovuutesi mukaa\",\"breadcrumb\":{\"@id\":\"https:\/\/miumjau.ee\/fi\/tuote\/viimeistelylevy-disc-15-ruosteinen-tammi\/#breadcrumb\"},\"inLanguage\":\"fi\",\"potentialAction\":[{\"@type\":\"ReadAction\",\"target\":[\"https:\/\/miumjau.ee\/fi\/tuote\/viimeistelylevy-disc-15-ruosteinen-tammi\/\"]}]},{\"@type\":\"ImageObject\",\"inLanguage\":\"fi\",\"@id\":\"https:\/\/miumjau.ee\/fi\/tuote\/viimeistelylevy-disc-15-ruosteinen-tammi\/#primaryimage\",\"url\":\"https:\/\/miumjau.ee\/wp-content\/uploads\/2023\/12\/elemendi-kate-disk151.jpg\",\"contentUrl\":\"https:\/\/miumjau.ee\/wp-content\/uploads\/2023\/12\/elemendi-kate-disk151.jpg\",\"width\":600,\"height\":800},{\"@type\":\"BreadcrumbList\",\"@id\":\"https:\/\/miumjau.ee\/fi\/tuote\/viimeistelylevy-disc-15-ruosteinen-tammi\/#breadcrumb\",\"itemListElement\":[{\"@type\":\"ListItem\",\"position\":1,\"name\":\"Home\",\"item\":\"https:\/\/miumjau.ee\/fi\/\"},{\"@type\":\"ListItem\",\"position\":2,\"name\":\"Kauppa\",\"item\":\"https:\/\/miumjau.ee\/fi\/kauppa\/\"},{\"@type\":\"ListItem\",\"position\":3,\"name\":\"Viimeistelylevy DISC 15, ruosteinen tammi\"}]},{\"@type\":\"WebSite\",\"@id\":\"https:\/\/miumjau.ee\/#website\",\"url\":\"https:\/\/miumjau.ee\/\",\"name\":\"MiuMjau\",\"description\":\"Kraapimispuud kassidele\",\"publisher\":{\"@id\":\"https:\/\/miumjau.ee\/#organization\"},\"potentialAction\":[{\"@type\":\"SearchAction\",\"target\":{\"@type\":\"EntryPoint\",\"urlTemplate\":\"https:\/\/miumjau.ee\/?s={search_term_string}\"},\"query-input\":{\"@type\":\"PropertyValueSpecification\",\"valueRequired\":true,\"valueName\":\"search_term_string\"}}],\"inLanguage\":\"fi\"},{\"@type\":\"Organization\",\"@id\":\"https:\/\/miumjau.ee\/#organization\",\"name\":\"MiuMjau O\u00dc\",\"url\":\"https:\/\/miumjau.ee\/\",\"logo\":{\"@type\":\"ImageObject\",\"inLanguage\":\"fi\",\"@id\":\"https:\/\/miumjau.ee\/#\/schema\/logo\/image\/\",\"url\":\"https:\/\/miumjau.ee\/wp-content\/uploads\/2022\/04\/MiuMjau-logo-kollane.png\",\"contentUrl\":\"https:\/\/miumjau.ee\/wp-content\/uploads\/2022\/04\/MiuMjau-logo-kollane.png\",\"width\":219,\"height\":100,\"caption\":\"MiuMjau O\u00dc\"},\"image\":{\"@id\":\"https:\/\/miumjau.ee\/#\/schema\/logo\/image\/\"},\"sameAs\":[\"https:\/\/www.facebook.com\/miumjaupood\/\"]}]}<\/script>\n<!-- \/ Yoast SEO plugin. -->","yoast_head_json":{"title":"Viimeistelylevy DISC 15, ruosteinen tammi - MiuMjau","description":"Viimeistelylevy kissan pesille br\u00e4ndilt\u00e4 Petrebels. Luo upein mahdollinen kissan kiipeilysein\u00e4 kissasi tarpeiden ja oman luovuutesi mukaa","robots":{"index":"index","follow":"follow","max-snippet":"max-snippet:-1","max-image-preview":"max-image-preview:large","max-video-preview":"max-video-preview:-1"},"canonical":"https:\/\/miumjau.ee\/fi\/tuote\/viimeistelylevy-disc-15-ruosteinen-tammi\/","og_locale":"fi_FI","og_type":"article","og_title":"Viimeistelylevy DISC 15, ruosteinen tammi - MiuMjau","og_description":"Viimeistelylevy kissan pesille br\u00e4ndilt\u00e4 Petrebels. Luo upein mahdollinen kissan kiipeilysein\u00e4 kissasi tarpeiden ja oman luovuutesi mukaa","og_url":"https:\/\/miumjau.ee\/fi\/tuote\/viimeistelylevy-disc-15-ruosteinen-tammi\/","og_site_name":"MiuMjau","article_publisher":"https:\/\/www.facebook.com\/miumjaupood\/","article_modified_time":"2026-01-07T20:55:58+00:00","og_image":[{"width":600,"height":800,"url":"https:\/\/miumjau.ee\/wp-content\/uploads\/2023\/12\/elemendi-kate-disk151.jpg","type":"image\/jpeg"}],"twitter_card":"summary_large_image","schema":{"@context":"https:\/\/schema.org","@graph":[{"@type":"WebPage","@id":"https:\/\/miumjau.ee\/fi\/tuote\/viimeistelylevy-disc-15-ruosteinen-tammi\/","url":"https:\/\/miumjau.ee\/fi\/tuote\/viimeistelylevy-disc-15-ruosteinen-tammi\/","name":"Viimeistelylevy DISC 15, ruosteinen tammi - MiuMjau","isPartOf":{"@id":"https:\/\/miumjau.ee\/#website"},"primaryImageOfPage":{"@id":"https:\/\/miumjau.ee\/fi\/tuote\/viimeistelylevy-disc-15-ruosteinen-tammi\/#primaryimage"},"image":{"@id":"https:\/\/miumjau.ee\/fi\/tuote\/viimeistelylevy-disc-15-ruosteinen-tammi\/#primaryimage"},"thumbnailUrl":"https:\/\/miumjau.ee\/wp-content\/uploads\/2023\/12\/elemendi-kate-disk151.jpg","datePublished":"2024-01-01T08:50:14+00:00","dateModified":"2026-01-07T20:55:58+00:00","description":"Viimeistelylevy kissan pesille br\u00e4ndilt\u00e4 Petrebels. Luo upein mahdollinen kissan kiipeilysein\u00e4 kissasi tarpeiden ja oman luovuutesi mukaa","breadcrumb":{"@id":"https:\/\/miumjau.ee\/fi\/tuote\/viimeistelylevy-disc-15-ruosteinen-tammi\/#breadcrumb"},"inLanguage":"fi","potentialAction":[{"@type":"ReadAction","target":["https:\/\/miumjau.ee\/fi\/tuote\/viimeistelylevy-disc-15-ruosteinen-tammi\/"]}]},{"@type":"ImageObject","inLanguage":"fi","@id":"https:\/\/miumjau.ee\/fi\/tuote\/viimeistelylevy-disc-15-ruosteinen-tammi\/#primaryimage","url":"https:\/\/miumjau.ee\/wp-content\/uploads\/2023\/12\/elemendi-kate-disk151.jpg","contentUrl":"https:\/\/miumjau.ee\/wp-content\/uploads\/2023\/12\/elemendi-kate-disk151.jpg","width":600,"height":800},{"@type":"BreadcrumbList","@id":"https:\/\/miumjau.ee\/fi\/tuote\/viimeistelylevy-disc-15-ruosteinen-tammi\/#breadcrumb","itemListElement":[{"@type":"ListItem","position":1,"name":"Home","item":"https:\/\/miumjau.ee\/fi\/"},{"@type":"ListItem","position":2,"name":"Kauppa","item":"https:\/\/miumjau.ee\/fi\/kauppa\/"},{"@type":"ListItem","position":3,"name":"Viimeistelylevy DISC 15, ruosteinen tammi"}]},{"@type":"WebSite","@id":"https:\/\/miumjau.ee\/#website","url":"https:\/\/miumjau.ee\/","name":"MiuMjau","description":"Kraapimispuud kassidele","publisher":{"@id":"https:\/\/miumjau.ee\/#organization"},"potentialAction":[{"@type":"SearchAction","target":{"@type":"EntryPoint","urlTemplate":"https:\/\/miumjau.ee\/?s={search_term_string}"},"query-input":{"@type":"PropertyValueSpecification","valueRequired":true,"valueName":"search_term_string"}}],"inLanguage":"fi"},{"@type":"Organization","@id":"https:\/\/miumjau.ee\/#organization","name":"MiuMjau O\u00dc","url":"https:\/\/miumjau.ee\/","logo":{"@type":"ImageObject","inLanguage":"fi","@id":"https:\/\/miumjau.ee\/#\/schema\/logo\/image\/","url":"https:\/\/miumjau.ee\/wp-content\/uploads\/2022\/04\/MiuMjau-logo-kollane.png","contentUrl":"https:\/\/miumjau.ee\/wp-content\/uploads\/2022\/04\/MiuMjau-logo-kollane.png","width":219,"height":100,"caption":"MiuMjau O\u00dc"},"image":{"@id":"https:\/\/miumjau.ee\/#\/schema\/logo\/image\/"},"sameAs":["https:\/\/www.facebook.com\/miumjaupood\/"]}]}},"_links":{"self":[{"href":"https:\/\/miumjau.ee\/fi\/wp-json\/wp\/v2\/product\/28356","targetHints":{"allow":["GET"]}}],"collection":[{"href":"https:\/\/miumjau.ee\/fi\/wp-json\/wp\/v2\/product"}],"about":[{"href":"https:\/\/miumjau.ee\/fi\/wp-json\/wp\/v2\/types\/product"}],"wp:featuredmedia":[{"embeddable":true,"href":"https:\/\/miumjau.ee\/fi\/wp-json\/wp\/v2\/media\/20863"}],"wp:attachment":[{"href":"https:\/\/miumjau.ee\/fi\/wp-json\/wp\/v2\/media?parent=28356"}],"wp:term":[{"taxonomy":"product_brand","embeddable":true,"href":"https:\/\/miumjau.ee\/fi\/wp-json\/wp\/v2\/product_brand?post=28356"},{"taxonomy":"product_cat","embeddable":true,"href":"https:\/\/miumjau.ee\/fi\/wp-json\/wp\/v2\/product_cat?post=28356"},{"taxonomy":"product_tag","embeddable":true,"href":"https:\/\/miumjau.ee\/fi\/wp-json\/wp\/v2\/product_tag?post=28356"}],"curies":[{"name":"wp","href":"https:\/\/api.w.org\/{rel}","templated":true}]}}