{"id":28351,"date":"2024-01-01T14:11:01","date_gmt":"2024-01-01T12:11:01","guid":{"rendered":"https:\/\/miumjau.ee\/toode\/raapimispuu-kiipeilyseinalle-2080-harmaa\/"},"modified":"2026-01-07T22:56:05","modified_gmt":"2026-01-07T20:56:05","slug":"raapimispuu-kiipeilyseinalle-2080-harmaa","status":"publish","type":"product","link":"https:\/\/miumjau.ee\/fi\/tuote\/raapimispuu-kiipeilyseinalle-2080-harmaa\/","title":{"rendered":"Raapimispuu kiipeilysein\u00e4lle 2080, harmaa"},"content":{"rendered":"","protected":false},"excerpt":{"rendered":"<p data-start=\"0\" data-end=\"483\">Raapimispuu Post 2080 br\u00e4ndilt\u00e4 Petrebels on suunniteltu k\u00e4ytett\u00e4v\u00e4ksi kiipeilysein\u00e4n yhten\u00e4 elementtin\u00e4. Pylv\u00e4it\u00e4 on saatavana kolmessa eri halkaisijassa. T\u00e4m\u00e4 malli on per\u00e4ti 20 cm paksu ja 80 cm korkea. Yhdist\u00e4m\u00e4ll\u00e4 eri elementtej\u00e4 on mahdollista kiinnitt\u00e4\u00e4 sein\u00e4lle pitk\u00e4 raapimis- ja kiipeilyputki, jonka avulla kissa voi esimerkiksi p\u00e4\u00e4st\u00e4 katonrajassa sijaitsevaan petiin. Kaikkia osia voi yhdistell\u00e4 juuri itselle ja kissalle sopivalla tavalla. Vain mielikuvitus on rajana!<\/p>\n<p data-start=\"485\" data-end=\"767\">T\u00e4m\u00e4 tuote on ensisijaisesti tarkoitettu olemassa olevan setin laajentamiseen. Jos olet ostanut Climb 2080 -setin eli raapimisputken sein\u00e4kiinnikkeill\u00e4, voit ostaa lis\u00e4osia putken pident\u00e4miseksi. Lis\u00e4ksi voit lis\u00e4t\u00e4 v\u00e4lille lis\u00e4askelmia ja ripustettavia petej\u00e4. Katso esimerkkikuva.<\/p>\n<p data-start=\"769\" data-end=\"928\">Tuotteen paino: 4,2 kg<br data-start=\"791\" data-end=\"794\" \/>Halkaisija: 20 cm<br data-start=\"811\" data-end=\"814\" data-is-only-node=\"\" \/>Korkeus: 80 cm<br data-start=\"828\" data-end=\"831\" \/>Kierteen koko: M10 (kierteitettyj\u00e4 tankoja myyd\u00e4\u00e4n l\u00e4hes kaikissa rautakaupoissa ymp\u00e4ri Suomea)<\/p>\n<p data-start=\"930\" data-end=\"990\" data-is-last-node=\"\" data-is-only-node=\"\">Petrebels on hollantilainen laatumerkki, johon voit luottaa!<\/p>\n","protected":false},"featured_media":20901,"template":"","meta":[],"product_brand":[],"product_cat":[263],"product_tag":[],"class_list":{"0":"post-28351","1":"product","2":"type-product","3":"status-publish","4":"has-post-thumbnail","6":"product_cat-kiipeilyseina-kissoille","7":"product_shipping_class-pakiautomaati-sobimatu-fi","9":"first","10":"outofstock","11":"taxable","12":"shipping-taxable","13":"purchasable","14":"product-type-simple"},"yoast_head":"<!-- This site is optimized with the Yoast SEO plugin v27.2 - https:\/\/yoast.com\/product\/yoast-seo-wordpress\/ -->\n<title>Raapimispuu kiipeilysein\u00e4lle 2080, harmaa - MiuMjau<\/title>\n<meta name=\"description\" content=\"Raaputusposti on eritt\u00e4in paksu ja kest\u00e4v\u00e4, ja se on suunniteltu erityisesti kissan kiipeilysein\u00e4n luomiseen. K\u00e4yt\u00e4 elementtej\u00e4 mielikuvituksesi ja tarpeidesi mukaan!\" \/>\n<meta name=\"robots\" content=\"index, follow, max-snippet:-1, max-image-preview:large, max-video-preview:-1\" \/>\n<link rel=\"canonical\" href=\"https:\/\/miumjau.ee\/lv\/tuote\/skrapesanas-stabs-kapsanas-sienai-2080-peleks\/\" \/>\n<meta property=\"og:locale\" content=\"fi_FI\" \/>\n<meta property=\"og:type\" content=\"article\" \/>\n<meta property=\"og:title\" content=\"Raapimispuu kiipeilysein\u00e4lle 2080, harmaa - MiuMjau\" \/>\n<meta property=\"og:description\" content=\"Raaputusposti on eritt\u00e4in paksu ja kest\u00e4v\u00e4, ja se on suunniteltu erityisesti kissan kiipeilysein\u00e4n luomiseen. K\u00e4yt\u00e4 elementtej\u00e4 mielikuvituksesi ja tarpeidesi mukaan!\" \/>\n<meta property=\"og:url\" content=\"https:\/\/miumjau.ee\/lv\/tuote\/skrapesanas-stabs-kapsanas-sienai-2080-peleks\/\" \/>\n<meta property=\"og:site_name\" content=\"MiuMjau\" \/>\n<meta property=\"article:publisher\" content=\"https:\/\/www.facebook.com\/miumjaupood\/\" \/>\n<meta property=\"article:modified_time\" content=\"2026-01-07T20:56:05+00:00\" \/>\n<meta property=\"og:image\" content=\"https:\/\/miumjau.ee\/wp-content\/uploads\/2023\/12\/kraapimispost-20802.jpg\" \/>\n\t<meta property=\"og:image:width\" content=\"600\" \/>\n\t<meta property=\"og:image:height\" content=\"800\" \/>\n\t<meta property=\"og:image:type\" content=\"image\/jpeg\" \/>\n<meta name=\"twitter:card\" content=\"summary_large_image\" \/>\n<script type=\"application\/ld+json\" class=\"yoast-schema-graph\">{\"@context\":\"https:\/\/schema.org\",\"@graph\":[{\"@type\":\"WebPage\",\"@id\":\"https:\/\/miumjau.ee\/lv\/tuote\/skrapesanas-stabs-kapsanas-sienai-2080-peleks\/\",\"url\":\"https:\/\/miumjau.ee\/lv\/tuote\/skrapesanas-stabs-kapsanas-sienai-2080-peleks\/\",\"name\":\"Raapimispuu kiipeilysein\u00e4lle 2080, harmaa - MiuMjau\",\"isPartOf\":{\"@id\":\"https:\/\/miumjau.ee\/#website\"},\"primaryImageOfPage\":{\"@id\":\"https:\/\/miumjau.ee\/lv\/tuote\/skrapesanas-stabs-kapsanas-sienai-2080-peleks\/#primaryimage\"},\"image\":{\"@id\":\"https:\/\/miumjau.ee\/lv\/tuote\/skrapesanas-stabs-kapsanas-sienai-2080-peleks\/#primaryimage\"},\"thumbnailUrl\":\"https:\/\/miumjau.ee\/wp-content\/uploads\/2023\/12\/kraapimispost-20802.jpg\",\"datePublished\":\"2024-01-01T12:11:01+00:00\",\"dateModified\":\"2026-01-07T20:56:05+00:00\",\"description\":\"Raaputusposti on eritt\u00e4in paksu ja kest\u00e4v\u00e4, ja se on suunniteltu erityisesti kissan kiipeilysein\u00e4n luomiseen. K\u00e4yt\u00e4 elementtej\u00e4 mielikuvituksesi ja tarpeidesi mukaan!\",\"breadcrumb\":{\"@id\":\"https:\/\/miumjau.ee\/lv\/tuote\/skrapesanas-stabs-kapsanas-sienai-2080-peleks\/#breadcrumb\"},\"inLanguage\":\"fi\",\"potentialAction\":[{\"@type\":\"ReadAction\",\"target\":[\"https:\/\/miumjau.ee\/lv\/tuote\/skrapesanas-stabs-kapsanas-sienai-2080-peleks\/\"]}]},{\"@type\":\"ImageObject\",\"inLanguage\":\"fi\",\"@id\":\"https:\/\/miumjau.ee\/lv\/tuote\/skrapesanas-stabs-kapsanas-sienai-2080-peleks\/#primaryimage\",\"url\":\"https:\/\/miumjau.ee\/wp-content\/uploads\/2023\/12\/kraapimispost-20802.jpg\",\"contentUrl\":\"https:\/\/miumjau.ee\/wp-content\/uploads\/2023\/12\/kraapimispost-20802.jpg\",\"width\":600,\"height\":800},{\"@type\":\"BreadcrumbList\",\"@id\":\"https:\/\/miumjau.ee\/lv\/tuote\/skrapesanas-stabs-kapsanas-sienai-2080-peleks\/#breadcrumb\",\"itemListElement\":[{\"@type\":\"ListItem\",\"position\":1,\"name\":\"Home\",\"item\":\"https:\/\/miumjau.ee\/fi\/\"},{\"@type\":\"ListItem\",\"position\":2,\"name\":\"Kauppa\",\"item\":\"https:\/\/miumjau.ee\/fi\/kauppa\/\"},{\"@type\":\"ListItem\",\"position\":3,\"name\":\"Raapimispuu kiipeilysein\u00e4lle 2080, harmaa\"}]},{\"@type\":\"WebSite\",\"@id\":\"https:\/\/miumjau.ee\/#website\",\"url\":\"https:\/\/miumjau.ee\/\",\"name\":\"MiuMjau\",\"description\":\"Kraapimispuud kassidele\",\"publisher\":{\"@id\":\"https:\/\/miumjau.ee\/#organization\"},\"potentialAction\":[{\"@type\":\"SearchAction\",\"target\":{\"@type\":\"EntryPoint\",\"urlTemplate\":\"https:\/\/miumjau.ee\/?s={search_term_string}\"},\"query-input\":{\"@type\":\"PropertyValueSpecification\",\"valueRequired\":true,\"valueName\":\"search_term_string\"}}],\"inLanguage\":\"fi\"},{\"@type\":\"Organization\",\"@id\":\"https:\/\/miumjau.ee\/#organization\",\"name\":\"MiuMjau O\u00dc\",\"url\":\"https:\/\/miumjau.ee\/\",\"logo\":{\"@type\":\"ImageObject\",\"inLanguage\":\"fi\",\"@id\":\"https:\/\/miumjau.ee\/#\/schema\/logo\/image\/\",\"url\":\"https:\/\/miumjau.ee\/wp-content\/uploads\/2022\/04\/MiuMjau-logo-kollane.png\",\"contentUrl\":\"https:\/\/miumjau.ee\/wp-content\/uploads\/2022\/04\/MiuMjau-logo-kollane.png\",\"width\":219,\"height\":100,\"caption\":\"MiuMjau O\u00dc\"},\"image\":{\"@id\":\"https:\/\/miumjau.ee\/#\/schema\/logo\/image\/\"},\"sameAs\":[\"https:\/\/www.facebook.com\/miumjaupood\/\"]}]}<\/script>\n<!-- \/ Yoast SEO plugin. -->","yoast_head_json":{"title":"Raapimispuu kiipeilysein\u00e4lle 2080, harmaa - MiuMjau","description":"Raaputusposti on eritt\u00e4in paksu ja kest\u00e4v\u00e4, ja se on suunniteltu erityisesti kissan kiipeilysein\u00e4n luomiseen. K\u00e4yt\u00e4 elementtej\u00e4 mielikuvituksesi ja tarpeidesi mukaan!","robots":{"index":"index","follow":"follow","max-snippet":"max-snippet:-1","max-image-preview":"max-image-preview:large","max-video-preview":"max-video-preview:-1"},"canonical":"https:\/\/miumjau.ee\/lv\/tuote\/skrapesanas-stabs-kapsanas-sienai-2080-peleks\/","og_locale":"fi_FI","og_type":"article","og_title":"Raapimispuu kiipeilysein\u00e4lle 2080, harmaa - MiuMjau","og_description":"Raaputusposti on eritt\u00e4in paksu ja kest\u00e4v\u00e4, ja se on suunniteltu erityisesti kissan kiipeilysein\u00e4n luomiseen. K\u00e4yt\u00e4 elementtej\u00e4 mielikuvituksesi ja tarpeidesi mukaan!","og_url":"https:\/\/miumjau.ee\/lv\/tuote\/skrapesanas-stabs-kapsanas-sienai-2080-peleks\/","og_site_name":"MiuMjau","article_publisher":"https:\/\/www.facebook.com\/miumjaupood\/","article_modified_time":"2026-01-07T20:56:05+00:00","og_image":[{"width":600,"height":800,"url":"https:\/\/miumjau.ee\/wp-content\/uploads\/2023\/12\/kraapimispost-20802.jpg","type":"image\/jpeg"}],"twitter_card":"summary_large_image","schema":{"@context":"https:\/\/schema.org","@graph":[{"@type":"WebPage","@id":"https:\/\/miumjau.ee\/lv\/tuote\/skrapesanas-stabs-kapsanas-sienai-2080-peleks\/","url":"https:\/\/miumjau.ee\/lv\/tuote\/skrapesanas-stabs-kapsanas-sienai-2080-peleks\/","name":"Raapimispuu kiipeilysein\u00e4lle 2080, harmaa - MiuMjau","isPartOf":{"@id":"https:\/\/miumjau.ee\/#website"},"primaryImageOfPage":{"@id":"https:\/\/miumjau.ee\/lv\/tuote\/skrapesanas-stabs-kapsanas-sienai-2080-peleks\/#primaryimage"},"image":{"@id":"https:\/\/miumjau.ee\/lv\/tuote\/skrapesanas-stabs-kapsanas-sienai-2080-peleks\/#primaryimage"},"thumbnailUrl":"https:\/\/miumjau.ee\/wp-content\/uploads\/2023\/12\/kraapimispost-20802.jpg","datePublished":"2024-01-01T12:11:01+00:00","dateModified":"2026-01-07T20:56:05+00:00","description":"Raaputusposti on eritt\u00e4in paksu ja kest\u00e4v\u00e4, ja se on suunniteltu erityisesti kissan kiipeilysein\u00e4n luomiseen. K\u00e4yt\u00e4 elementtej\u00e4 mielikuvituksesi ja tarpeidesi mukaan!","breadcrumb":{"@id":"https:\/\/miumjau.ee\/lv\/tuote\/skrapesanas-stabs-kapsanas-sienai-2080-peleks\/#breadcrumb"},"inLanguage":"fi","potentialAction":[{"@type":"ReadAction","target":["https:\/\/miumjau.ee\/lv\/tuote\/skrapesanas-stabs-kapsanas-sienai-2080-peleks\/"]}]},{"@type":"ImageObject","inLanguage":"fi","@id":"https:\/\/miumjau.ee\/lv\/tuote\/skrapesanas-stabs-kapsanas-sienai-2080-peleks\/#primaryimage","url":"https:\/\/miumjau.ee\/wp-content\/uploads\/2023\/12\/kraapimispost-20802.jpg","contentUrl":"https:\/\/miumjau.ee\/wp-content\/uploads\/2023\/12\/kraapimispost-20802.jpg","width":600,"height":800},{"@type":"BreadcrumbList","@id":"https:\/\/miumjau.ee\/lv\/tuote\/skrapesanas-stabs-kapsanas-sienai-2080-peleks\/#breadcrumb","itemListElement":[{"@type":"ListItem","position":1,"name":"Home","item":"https:\/\/miumjau.ee\/fi\/"},{"@type":"ListItem","position":2,"name":"Kauppa","item":"https:\/\/miumjau.ee\/fi\/kauppa\/"},{"@type":"ListItem","position":3,"name":"Raapimispuu kiipeilysein\u00e4lle 2080, harmaa"}]},{"@type":"WebSite","@id":"https:\/\/miumjau.ee\/#website","url":"https:\/\/miumjau.ee\/","name":"MiuMjau","description":"Kraapimispuud kassidele","publisher":{"@id":"https:\/\/miumjau.ee\/#organization"},"potentialAction":[{"@type":"SearchAction","target":{"@type":"EntryPoint","urlTemplate":"https:\/\/miumjau.ee\/?s={search_term_string}"},"query-input":{"@type":"PropertyValueSpecification","valueRequired":true,"valueName":"search_term_string"}}],"inLanguage":"fi"},{"@type":"Organization","@id":"https:\/\/miumjau.ee\/#organization","name":"MiuMjau O\u00dc","url":"https:\/\/miumjau.ee\/","logo":{"@type":"ImageObject","inLanguage":"fi","@id":"https:\/\/miumjau.ee\/#\/schema\/logo\/image\/","url":"https:\/\/miumjau.ee\/wp-content\/uploads\/2022\/04\/MiuMjau-logo-kollane.png","contentUrl":"https:\/\/miumjau.ee\/wp-content\/uploads\/2022\/04\/MiuMjau-logo-kollane.png","width":219,"height":100,"caption":"MiuMjau O\u00dc"},"image":{"@id":"https:\/\/miumjau.ee\/#\/schema\/logo\/image\/"},"sameAs":["https:\/\/www.facebook.com\/miumjaupood\/"]}]}},"_links":{"self":[{"href":"https:\/\/miumjau.ee\/fi\/wp-json\/wp\/v2\/product\/28351","targetHints":{"allow":["GET"]}}],"collection":[{"href":"https:\/\/miumjau.ee\/fi\/wp-json\/wp\/v2\/product"}],"about":[{"href":"https:\/\/miumjau.ee\/fi\/wp-json\/wp\/v2\/types\/product"}],"wp:featuredmedia":[{"embeddable":true,"href":"https:\/\/miumjau.ee\/fi\/wp-json\/wp\/v2\/media\/20901"}],"wp:attachment":[{"href":"https:\/\/miumjau.ee\/fi\/wp-json\/wp\/v2\/media?parent=28351"}],"wp:term":[{"taxonomy":"product_brand","embeddable":true,"href":"https:\/\/miumjau.ee\/fi\/wp-json\/wp\/v2\/product_brand?post=28351"},{"taxonomy":"product_cat","embeddable":true,"href":"https:\/\/miumjau.ee\/fi\/wp-json\/wp\/v2\/product_cat?post=28351"},{"taxonomy":"product_tag","embeddable":true,"href":"https:\/\/miumjau.ee\/fi\/wp-json\/wp\/v2\/product_tag?post=28351"}],"curies":[{"name":"wp","href":"https:\/\/api.w.org\/{rel}","templated":true}]}}