{"id":28344,"date":"2024-01-01T14:40:49","date_gmt":"2024-01-01T12:40:49","guid":{"rendered":"https:\/\/miumjau.ee\/toode\/raapimispuu-kiipeilyseinalle-1250-musta\/"},"modified":"2026-01-07T22:56:12","modified_gmt":"2026-01-07T20:56:12","slug":"raapimispuu-kiipeilyseinalle-1250-musta","status":"publish","type":"product","link":"https:\/\/miumjau.ee\/fi\/tuote\/raapimispuu-kiipeilyseinalle-1250-musta\/","title":{"rendered":"Raapimispuu kiipeilysein\u00e4lle 1250, musta"},"content":{"rendered":"","protected":false},"excerpt":{"rendered":"<p data-start=\"0\" data-end=\"485\">Raapimispuu Post 1250 br\u00e4ndilt\u00e4 Petrebels on suunniteltu kiipeilysein\u00e4n yhdeksi osaksi. Pylv\u00e4it\u00e4 on saatavilla kolmessa eri halkaisijassa. T\u00e4m\u00e4 on niist\u00e4 kapein, mutta silti eritt\u00e4in tukeva \u2013 12 cm halkaisija ja 50 cm korkeus. Yhdist\u00e4m\u00e4ll\u00e4 elementtej\u00e4 voit kiinnitt\u00e4\u00e4 sein\u00e4lle pitk\u00e4n raapimis- ja kiipeilytunnelin, jonka avulla kissa voi esimerkiksi p\u00e4\u00e4st\u00e4 katonrajassa olevaan petiin. Kaikkia elementtej\u00e4 voi yhdistell\u00e4 oman ja kissasi tarpeiden mukaan. Vain mielikuvitus on rajana!<\/p>\n<p data-start=\"487\" data-end=\"785\">T\u00e4m\u00e4 tuote on ensisijaisesti tarkoitettu olemassa olevan kokonaisuuden laajentamiseen. Jos olet ostanut Climb 1250 -sarjan eli raapimistunnelin sein\u00e4kiinnikkeineen, voit ostaa lis\u00e4osia t\u00e4m\u00e4n tunnelin jatkamiseen. Lis\u00e4ksi voit asentaa v\u00e4liin lis\u00e4tasoja ja riippupesi\u00e4. Katso havainnollistava kuva.<\/p>\n<p data-start=\"787\" data-end=\"937\">Tuotteen paino: 1,5 kg<br data-start=\"809\" data-end=\"812\" \/>Halkaisija: 12 cm<br data-start=\"829\" data-end=\"832\" data-is-only-node=\"\" \/>Korkeus: 50 cm<br data-start=\"846\" data-end=\"849\" \/>Kierteen koko: M10 (kierretankoja myyd\u00e4\u00e4n l\u00e4hes kaikissa rautakaupoissa ymp\u00e4ri Suomea)<\/p>\n<p data-start=\"939\" data-end=\"999\" data-is-last-node=\"\" data-is-only-node=\"\">Petrebels on hollantilainen laatumerkki, johon voit luottaa!<\/p>\n","protected":false},"featured_media":20896,"template":"","meta":[],"product_brand":[],"product_cat":[263],"product_tag":[],"class_list":{"0":"post-28344","1":"product","2":"type-product","3":"status-publish","4":"has-post-thumbnail","6":"product_cat-kiipeilyseina-kissoille","7":"product_shipping_class-pakiautomaati-sobimatu-fi","9":"first","10":"instock","11":"taxable","12":"shipping-taxable","13":"purchasable","14":"product-type-simple"},"yoast_head":"<!-- This site is optimized with the Yoast SEO plugin v27.2 - https:\/\/yoast.com\/product\/yoast-seo-wordpress\/ -->\n<title>Raapimispuu kiipeilysein\u00e4lle 1250, musta - MiuMjau<\/title>\n<meta name=\"description\" content=\"Raaputusposti on eritt\u00e4in paksu ja vahva, ja se on suunniteltu ensisijaisesti luomaan kiipeilysein\u00e4 kissoille. K\u00e4yt\u00e4 elementtej\u00e4 mielikuvituksesi ja tarpeidesi mukaan!\" \/>\n<meta name=\"robots\" content=\"index, follow, max-snippet:-1, max-image-preview:large, max-video-preview:-1\" \/>\n<link rel=\"canonical\" href=\"https:\/\/miumjau.ee\/lv\/tuote\/skrapesanas-stabs-kapsanas-sienai-1250-melns\/\" \/>\n<meta property=\"og:locale\" content=\"fi_FI\" \/>\n<meta property=\"og:type\" content=\"article\" \/>\n<meta property=\"og:title\" content=\"Raapimispuu kiipeilysein\u00e4lle 1250, musta - MiuMjau\" \/>\n<meta property=\"og:description\" content=\"Raaputusposti on eritt\u00e4in paksu ja vahva, ja se on suunniteltu ensisijaisesti luomaan kiipeilysein\u00e4 kissoille. K\u00e4yt\u00e4 elementtej\u00e4 mielikuvituksesi ja tarpeidesi mukaan!\" \/>\n<meta property=\"og:url\" content=\"https:\/\/miumjau.ee\/lv\/tuote\/skrapesanas-stabs-kapsanas-sienai-1250-melns\/\" \/>\n<meta property=\"og:site_name\" content=\"MiuMjau\" \/>\n<meta property=\"article:publisher\" content=\"https:\/\/www.facebook.com\/miumjaupood\/\" \/>\n<meta property=\"article:modified_time\" content=\"2026-01-07T20:56:12+00:00\" \/>\n<meta property=\"og:image\" content=\"https:\/\/miumjau.ee\/wp-content\/uploads\/2023\/12\/kraapimispost-12503.jpg\" \/>\n\t<meta property=\"og:image:width\" content=\"600\" \/>\n\t<meta property=\"og:image:height\" content=\"800\" \/>\n\t<meta property=\"og:image:type\" content=\"image\/jpeg\" \/>\n<meta name=\"twitter:card\" content=\"summary_large_image\" \/>\n<script type=\"application\/ld+json\" class=\"yoast-schema-graph\">{\"@context\":\"https:\/\/schema.org\",\"@graph\":[{\"@type\":\"WebPage\",\"@id\":\"https:\/\/miumjau.ee\/lv\/tuote\/skrapesanas-stabs-kapsanas-sienai-1250-melns\/\",\"url\":\"https:\/\/miumjau.ee\/lv\/tuote\/skrapesanas-stabs-kapsanas-sienai-1250-melns\/\",\"name\":\"Raapimispuu kiipeilysein\u00e4lle 1250, musta - MiuMjau\",\"isPartOf\":{\"@id\":\"https:\/\/miumjau.ee\/#website\"},\"primaryImageOfPage\":{\"@id\":\"https:\/\/miumjau.ee\/lv\/tuote\/skrapesanas-stabs-kapsanas-sienai-1250-melns\/#primaryimage\"},\"image\":{\"@id\":\"https:\/\/miumjau.ee\/lv\/tuote\/skrapesanas-stabs-kapsanas-sienai-1250-melns\/#primaryimage\"},\"thumbnailUrl\":\"https:\/\/miumjau.ee\/wp-content\/uploads\/2023\/12\/kraapimispost-12503.jpg\",\"datePublished\":\"2024-01-01T12:40:49+00:00\",\"dateModified\":\"2026-01-07T20:56:12+00:00\",\"description\":\"Raaputusposti on eritt\u00e4in paksu ja vahva, ja se on suunniteltu ensisijaisesti luomaan kiipeilysein\u00e4 kissoille. K\u00e4yt\u00e4 elementtej\u00e4 mielikuvituksesi ja tarpeidesi mukaan!\",\"breadcrumb\":{\"@id\":\"https:\/\/miumjau.ee\/lv\/tuote\/skrapesanas-stabs-kapsanas-sienai-1250-melns\/#breadcrumb\"},\"inLanguage\":\"fi\",\"potentialAction\":[{\"@type\":\"ReadAction\",\"target\":[\"https:\/\/miumjau.ee\/lv\/tuote\/skrapesanas-stabs-kapsanas-sienai-1250-melns\/\"]}]},{\"@type\":\"ImageObject\",\"inLanguage\":\"fi\",\"@id\":\"https:\/\/miumjau.ee\/lv\/tuote\/skrapesanas-stabs-kapsanas-sienai-1250-melns\/#primaryimage\",\"url\":\"https:\/\/miumjau.ee\/wp-content\/uploads\/2023\/12\/kraapimispost-12503.jpg\",\"contentUrl\":\"https:\/\/miumjau.ee\/wp-content\/uploads\/2023\/12\/kraapimispost-12503.jpg\",\"width\":600,\"height\":800},{\"@type\":\"BreadcrumbList\",\"@id\":\"https:\/\/miumjau.ee\/lv\/tuote\/skrapesanas-stabs-kapsanas-sienai-1250-melns\/#breadcrumb\",\"itemListElement\":[{\"@type\":\"ListItem\",\"position\":1,\"name\":\"Home\",\"item\":\"https:\/\/miumjau.ee\/fi\/\"},{\"@type\":\"ListItem\",\"position\":2,\"name\":\"Kauppa\",\"item\":\"https:\/\/miumjau.ee\/fi\/kauppa\/\"},{\"@type\":\"ListItem\",\"position\":3,\"name\":\"Raapimispuu kiipeilysein\u00e4lle 1250, musta\"}]},{\"@type\":\"WebSite\",\"@id\":\"https:\/\/miumjau.ee\/#website\",\"url\":\"https:\/\/miumjau.ee\/\",\"name\":\"MiuMjau\",\"description\":\"Kraapimispuud kassidele\",\"publisher\":{\"@id\":\"https:\/\/miumjau.ee\/#organization\"},\"potentialAction\":[{\"@type\":\"SearchAction\",\"target\":{\"@type\":\"EntryPoint\",\"urlTemplate\":\"https:\/\/miumjau.ee\/?s={search_term_string}\"},\"query-input\":{\"@type\":\"PropertyValueSpecification\",\"valueRequired\":true,\"valueName\":\"search_term_string\"}}],\"inLanguage\":\"fi\"},{\"@type\":\"Organization\",\"@id\":\"https:\/\/miumjau.ee\/#organization\",\"name\":\"MiuMjau O\u00dc\",\"url\":\"https:\/\/miumjau.ee\/\",\"logo\":{\"@type\":\"ImageObject\",\"inLanguage\":\"fi\",\"@id\":\"https:\/\/miumjau.ee\/#\/schema\/logo\/image\/\",\"url\":\"https:\/\/miumjau.ee\/wp-content\/uploads\/2022\/04\/MiuMjau-logo-kollane.png\",\"contentUrl\":\"https:\/\/miumjau.ee\/wp-content\/uploads\/2022\/04\/MiuMjau-logo-kollane.png\",\"width\":219,\"height\":100,\"caption\":\"MiuMjau O\u00dc\"},\"image\":{\"@id\":\"https:\/\/miumjau.ee\/#\/schema\/logo\/image\/\"},\"sameAs\":[\"https:\/\/www.facebook.com\/miumjaupood\/\"]}]}<\/script>\n<!-- \/ Yoast SEO plugin. -->","yoast_head_json":{"title":"Raapimispuu kiipeilysein\u00e4lle 1250, musta - MiuMjau","description":"Raaputusposti on eritt\u00e4in paksu ja vahva, ja se on suunniteltu ensisijaisesti luomaan kiipeilysein\u00e4 kissoille. K\u00e4yt\u00e4 elementtej\u00e4 mielikuvituksesi ja tarpeidesi mukaan!","robots":{"index":"index","follow":"follow","max-snippet":"max-snippet:-1","max-image-preview":"max-image-preview:large","max-video-preview":"max-video-preview:-1"},"canonical":"https:\/\/miumjau.ee\/lv\/tuote\/skrapesanas-stabs-kapsanas-sienai-1250-melns\/","og_locale":"fi_FI","og_type":"article","og_title":"Raapimispuu kiipeilysein\u00e4lle 1250, musta - MiuMjau","og_description":"Raaputusposti on eritt\u00e4in paksu ja vahva, ja se on suunniteltu ensisijaisesti luomaan kiipeilysein\u00e4 kissoille. K\u00e4yt\u00e4 elementtej\u00e4 mielikuvituksesi ja tarpeidesi mukaan!","og_url":"https:\/\/miumjau.ee\/lv\/tuote\/skrapesanas-stabs-kapsanas-sienai-1250-melns\/","og_site_name":"MiuMjau","article_publisher":"https:\/\/www.facebook.com\/miumjaupood\/","article_modified_time":"2026-01-07T20:56:12+00:00","og_image":[{"width":600,"height":800,"url":"https:\/\/miumjau.ee\/wp-content\/uploads\/2023\/12\/kraapimispost-12503.jpg","type":"image\/jpeg"}],"twitter_card":"summary_large_image","schema":{"@context":"https:\/\/schema.org","@graph":[{"@type":"WebPage","@id":"https:\/\/miumjau.ee\/lv\/tuote\/skrapesanas-stabs-kapsanas-sienai-1250-melns\/","url":"https:\/\/miumjau.ee\/lv\/tuote\/skrapesanas-stabs-kapsanas-sienai-1250-melns\/","name":"Raapimispuu kiipeilysein\u00e4lle 1250, musta - MiuMjau","isPartOf":{"@id":"https:\/\/miumjau.ee\/#website"},"primaryImageOfPage":{"@id":"https:\/\/miumjau.ee\/lv\/tuote\/skrapesanas-stabs-kapsanas-sienai-1250-melns\/#primaryimage"},"image":{"@id":"https:\/\/miumjau.ee\/lv\/tuote\/skrapesanas-stabs-kapsanas-sienai-1250-melns\/#primaryimage"},"thumbnailUrl":"https:\/\/miumjau.ee\/wp-content\/uploads\/2023\/12\/kraapimispost-12503.jpg","datePublished":"2024-01-01T12:40:49+00:00","dateModified":"2026-01-07T20:56:12+00:00","description":"Raaputusposti on eritt\u00e4in paksu ja vahva, ja se on suunniteltu ensisijaisesti luomaan kiipeilysein\u00e4 kissoille. K\u00e4yt\u00e4 elementtej\u00e4 mielikuvituksesi ja tarpeidesi mukaan!","breadcrumb":{"@id":"https:\/\/miumjau.ee\/lv\/tuote\/skrapesanas-stabs-kapsanas-sienai-1250-melns\/#breadcrumb"},"inLanguage":"fi","potentialAction":[{"@type":"ReadAction","target":["https:\/\/miumjau.ee\/lv\/tuote\/skrapesanas-stabs-kapsanas-sienai-1250-melns\/"]}]},{"@type":"ImageObject","inLanguage":"fi","@id":"https:\/\/miumjau.ee\/lv\/tuote\/skrapesanas-stabs-kapsanas-sienai-1250-melns\/#primaryimage","url":"https:\/\/miumjau.ee\/wp-content\/uploads\/2023\/12\/kraapimispost-12503.jpg","contentUrl":"https:\/\/miumjau.ee\/wp-content\/uploads\/2023\/12\/kraapimispost-12503.jpg","width":600,"height":800},{"@type":"BreadcrumbList","@id":"https:\/\/miumjau.ee\/lv\/tuote\/skrapesanas-stabs-kapsanas-sienai-1250-melns\/#breadcrumb","itemListElement":[{"@type":"ListItem","position":1,"name":"Home","item":"https:\/\/miumjau.ee\/fi\/"},{"@type":"ListItem","position":2,"name":"Kauppa","item":"https:\/\/miumjau.ee\/fi\/kauppa\/"},{"@type":"ListItem","position":3,"name":"Raapimispuu kiipeilysein\u00e4lle 1250, musta"}]},{"@type":"WebSite","@id":"https:\/\/miumjau.ee\/#website","url":"https:\/\/miumjau.ee\/","name":"MiuMjau","description":"Kraapimispuud kassidele","publisher":{"@id":"https:\/\/miumjau.ee\/#organization"},"potentialAction":[{"@type":"SearchAction","target":{"@type":"EntryPoint","urlTemplate":"https:\/\/miumjau.ee\/?s={search_term_string}"},"query-input":{"@type":"PropertyValueSpecification","valueRequired":true,"valueName":"search_term_string"}}],"inLanguage":"fi"},{"@type":"Organization","@id":"https:\/\/miumjau.ee\/#organization","name":"MiuMjau O\u00dc","url":"https:\/\/miumjau.ee\/","logo":{"@type":"ImageObject","inLanguage":"fi","@id":"https:\/\/miumjau.ee\/#\/schema\/logo\/image\/","url":"https:\/\/miumjau.ee\/wp-content\/uploads\/2022\/04\/MiuMjau-logo-kollane.png","contentUrl":"https:\/\/miumjau.ee\/wp-content\/uploads\/2022\/04\/MiuMjau-logo-kollane.png","width":219,"height":100,"caption":"MiuMjau O\u00dc"},"image":{"@id":"https:\/\/miumjau.ee\/#\/schema\/logo\/image\/"},"sameAs":["https:\/\/www.facebook.com\/miumjaupood\/"]}]}},"_links":{"self":[{"href":"https:\/\/miumjau.ee\/fi\/wp-json\/wp\/v2\/product\/28344","targetHints":{"allow":["GET"]}}],"collection":[{"href":"https:\/\/miumjau.ee\/fi\/wp-json\/wp\/v2\/product"}],"about":[{"href":"https:\/\/miumjau.ee\/fi\/wp-json\/wp\/v2\/types\/product"}],"wp:featuredmedia":[{"embeddable":true,"href":"https:\/\/miumjau.ee\/fi\/wp-json\/wp\/v2\/media\/20896"}],"wp:attachment":[{"href":"https:\/\/miumjau.ee\/fi\/wp-json\/wp\/v2\/media?parent=28344"}],"wp:term":[{"taxonomy":"product_brand","embeddable":true,"href":"https:\/\/miumjau.ee\/fi\/wp-json\/wp\/v2\/product_brand?post=28344"},{"taxonomy":"product_cat","embeddable":true,"href":"https:\/\/miumjau.ee\/fi\/wp-json\/wp\/v2\/product_cat?post=28344"},{"taxonomy":"product_tag","embeddable":true,"href":"https:\/\/miumjau.ee\/fi\/wp-json\/wp\/v2\/product_tag?post=28344"}],"curies":[{"name":"wp","href":"https:\/\/api.w.org\/{rel}","templated":true}]}}