{"id":28172,"date":"2024-01-02T22:30:44","date_gmt":"2024-01-02T20:30:44","guid":{"rendered":"https:\/\/miumjau.ee\/toode\/seinalle-kiinnitettava-pesa-oval-office-60-petrebels-ruosteinen-tammi\/"},"modified":"2026-01-07T22:56:12","modified_gmt":"2026-01-07T20:56:12","slug":"seinalle-kiinnitettava-pesa-oval-office-60-petrebels-ruosteinen-tammi","status":"publish","type":"product","link":"https:\/\/miumjau.ee\/fi\/tuote\/seinalle-kiinnitettava-pesa-oval-office-60-petrebels-ruosteinen-tammi\/","title":{"rendered":"Sein\u00e4lle kiinnitett\u00e4v\u00e4 pes\u00e4 Oval Office 60 PETREBELS, ruosteinen tammi"},"content":{"rendered":"","protected":false},"excerpt":{"rendered":"<p data-start=\"0\" data-end=\"31\">Superhieno kissan pes\u00e4 sein\u00e4lle<\/p>\n<p data-start=\"33\" data-end=\"700\">Haluatko todella hemmotella kissasi? Hemmottele kissaasi meid\u00e4n Oval Office 60 -kissanpes\u00e4ll\u00e4, joka on mukava ja pehme\u00e4 ja voidaan ripustaa sein\u00e4lle. T\u00e4m\u00e4 pes\u00e4 on osa Wall of Rebels -kokoelmaamme, josta l\u00f6yd\u00e4t kauniit tuotteet kissoille nukkumiseen, leikkimiseen, kiipeilyyn, juoksemiseen ja raapimiseen. Voit yhdistell\u00e4 kaikkia elementtej\u00e4 loputtomasti. Yhdist\u00e4 makuupaikat siistien Bridge- tai Scratch 70 -mallejen kanssa ja tee jokaisesta paikasta helposti saavutettavissa oleva, pident\u00e4m\u00e4ll\u00e4 kissasi sein\u00e4\u00e4 portaitten, horisontin tai tikapuiden avulla. Ja jos sinulla on useampi kissa, voit tarjota heille lis\u00e4ksi lepopaikan aktiivisemman elementin, kuten Box 60.<\/p>\n<p data-start=\"702\" data-end=\"913\" data-is-only-node=\"\" data-is-last-node=\"\">Mitat \u2013 pituus 60 cm, leveys 40 cm ja korkeus 35 cm<br data-start=\"753\" data-end=\"756\" \/>Pes\u00e4 on valmistettu taivutetusta eukalyptusviilusta<br data-start=\"807\" data-end=\"810\" data-is-only-node=\"\" \/>Patja on 2,5 cm paksu, pest\u00e4v\u00e4 ja klipsill\u00e4 kiinnitett\u00e4v\u00e4<br data-start=\"867\" data-end=\"870\" \/>Kiinnitet\u00e4\u00e4n kest\u00e4v\u00e4st\u00e4 Z-tangosta (mukana)<\/p>\n","protected":false},"featured_media":20953,"template":"","meta":[],"product_brand":[],"product_cat":[139,263],"product_tag":[],"class_list":{"0":"post-28172","1":"product","2":"type-product","3":"status-publish","4":"has-post-thumbnail","6":"product_cat-kaup24-fi","7":"product_cat-kiipeilyseina-kissoille","8":"product_shipping_class-pakiautomaati-sobimatu-fi","10":"first","11":"outofstock","12":"sale","13":"taxable","14":"shipping-taxable","15":"purchasable","16":"product-type-simple"},"yoast_head":"<!-- This site is optimized with the Yoast SEO plugin v27.4 - https:\/\/yoast.com\/product\/yoast-seo-wordpress\/ -->\n<title>Sein\u00e4lle kiinnitett\u00e4v\u00e4 pes\u00e4 Oval Office 60 PETREBELS, ruosteinen tammi - MiuMjau<\/title>\n<meta name=\"description\" content=\"Pes\u00e4 sein\u00e4lle on osa itse luomastasi kiipeilyseinist\u00e4 kissoille. Meid\u00e4n verkkokaupastamme voit valita mieleisesi elementit luodaksesi t\u00e4ydellisen kiipeilypaikan.\" \/>\n<meta name=\"robots\" content=\"index, follow, max-snippet:-1, max-image-preview:large, max-video-preview:-1\" \/>\n<link rel=\"canonical\" href=\"https:\/\/miumjau.ee\/tuote\/pesa-seinale-oval-office-60-petrebels-rusty-oak\/\" \/>\n<meta property=\"og:locale\" content=\"fi_FI\" \/>\n<meta property=\"og:type\" content=\"article\" \/>\n<meta property=\"og:title\" content=\"Sein\u00e4lle kiinnitett\u00e4v\u00e4 pes\u00e4 Oval Office 60 PETREBELS, ruosteinen tammi - MiuMjau\" \/>\n<meta property=\"og:description\" content=\"Pes\u00e4 sein\u00e4lle on osa itse luomastasi kiipeilyseinist\u00e4 kissoille. Meid\u00e4n verkkokaupastamme voit valita mieleisesi elementit luodaksesi t\u00e4ydellisen kiipeilypaikan.\" \/>\n<meta property=\"og:url\" content=\"https:\/\/miumjau.ee\/tuote\/pesa-seinale-oval-office-60-petrebels-rusty-oak\/\" \/>\n<meta property=\"og:site_name\" content=\"MiuMjau\" \/>\n<meta property=\"article:publisher\" content=\"https:\/\/www.facebook.com\/miumjaupood\/\" \/>\n<meta property=\"article:modified_time\" content=\"2026-01-07T20:56:12+00:00\" \/>\n<meta property=\"og:image\" content=\"https:\/\/miumjau.ee\/wp-content\/uploads\/2023\/12\/seinakinnitusega-pesa-ovaloffice602.jpg\" \/>\n\t<meta property=\"og:image:width\" content=\"600\" \/>\n\t<meta property=\"og:image:height\" content=\"800\" \/>\n\t<meta property=\"og:image:type\" content=\"image\/jpeg\" \/>\n<meta name=\"twitter:card\" content=\"summary_large_image\" \/>\n<script type=\"application\/ld+json\" class=\"yoast-schema-graph\">{\"@context\":\"https:\\\/\\\/schema.org\",\"@graph\":[{\"@type\":\"WebPage\",\"@id\":\"https:\\\/\\\/miumjau.ee\\\/tuote\\\/pesa-seinale-oval-office-60-petrebels-rusty-oak\\\/\",\"url\":\"https:\\\/\\\/miumjau.ee\\\/tuote\\\/pesa-seinale-oval-office-60-petrebels-rusty-oak\\\/\",\"name\":\"Sein\u00e4lle kiinnitett\u00e4v\u00e4 pes\u00e4 Oval Office 60 PETREBELS, ruosteinen tammi - MiuMjau\",\"isPartOf\":{\"@id\":\"https:\\\/\\\/miumjau.ee\\\/#website\"},\"primaryImageOfPage\":{\"@id\":\"https:\\\/\\\/miumjau.ee\\\/tuote\\\/pesa-seinale-oval-office-60-petrebels-rusty-oak\\\/#primaryimage\"},\"image\":{\"@id\":\"https:\\\/\\\/miumjau.ee\\\/tuote\\\/pesa-seinale-oval-office-60-petrebels-rusty-oak\\\/#primaryimage\"},\"thumbnailUrl\":\"https:\\\/\\\/miumjau.ee\\\/wp-content\\\/uploads\\\/2023\\\/12\\\/seinakinnitusega-pesa-ovaloffice602.jpg\",\"datePublished\":\"2024-01-02T20:30:44+00:00\",\"dateModified\":\"2026-01-07T20:56:12+00:00\",\"description\":\"Pes\u00e4 sein\u00e4lle on osa itse luomastasi kiipeilyseinist\u00e4 kissoille. Meid\u00e4n verkkokaupastamme voit valita mieleisesi elementit luodaksesi t\u00e4ydellisen kiipeilypaikan.\",\"breadcrumb\":{\"@id\":\"https:\\\/\\\/miumjau.ee\\\/tuote\\\/pesa-seinale-oval-office-60-petrebels-rusty-oak\\\/#breadcrumb\"},\"inLanguage\":\"fi\",\"potentialAction\":[{\"@type\":\"ReadAction\",\"target\":[\"https:\\\/\\\/miumjau.ee\\\/tuote\\\/pesa-seinale-oval-office-60-petrebels-rusty-oak\\\/\"]}]},{\"@type\":\"ImageObject\",\"inLanguage\":\"fi\",\"@id\":\"https:\\\/\\\/miumjau.ee\\\/tuote\\\/pesa-seinale-oval-office-60-petrebels-rusty-oak\\\/#primaryimage\",\"url\":\"https:\\\/\\\/miumjau.ee\\\/wp-content\\\/uploads\\\/2023\\\/12\\\/seinakinnitusega-pesa-ovaloffice602.jpg\",\"contentUrl\":\"https:\\\/\\\/miumjau.ee\\\/wp-content\\\/uploads\\\/2023\\\/12\\\/seinakinnitusega-pesa-ovaloffice602.jpg\",\"width\":600,\"height\":800},{\"@type\":\"BreadcrumbList\",\"@id\":\"https:\\\/\\\/miumjau.ee\\\/tuote\\\/pesa-seinale-oval-office-60-petrebels-rusty-oak\\\/#breadcrumb\",\"itemListElement\":[{\"@type\":\"ListItem\",\"position\":1,\"name\":\"Home\",\"item\":\"https:\\\/\\\/miumjau.ee\\\/fi\\\/\"},{\"@type\":\"ListItem\",\"position\":2,\"name\":\"Kauppa\",\"item\":\"https:\\\/\\\/miumjau.ee\\\/fi\\\/kauppa\\\/\"},{\"@type\":\"ListItem\",\"position\":3,\"name\":\"Sein\u00e4lle kiinnitett\u00e4v\u00e4 pes\u00e4 Oval Office 60 PETREBELS, ruosteinen tammi\"}]},{\"@type\":\"WebSite\",\"@id\":\"https:\\\/\\\/miumjau.ee\\\/#website\",\"url\":\"https:\\\/\\\/miumjau.ee\\\/\",\"name\":\"MiuMjau\",\"description\":\"Kraapimispuud kassidele\",\"publisher\":{\"@id\":\"https:\\\/\\\/miumjau.ee\\\/#organization\"},\"potentialAction\":[{\"@type\":\"SearchAction\",\"target\":{\"@type\":\"EntryPoint\",\"urlTemplate\":\"https:\\\/\\\/miumjau.ee\\\/?s={search_term_string}\"},\"query-input\":{\"@type\":\"PropertyValueSpecification\",\"valueRequired\":true,\"valueName\":\"search_term_string\"}}],\"inLanguage\":\"fi\"},{\"@type\":\"Organization\",\"@id\":\"https:\\\/\\\/miumjau.ee\\\/#organization\",\"name\":\"MiuMjau O\u00dc\",\"url\":\"https:\\\/\\\/miumjau.ee\\\/\",\"logo\":{\"@type\":\"ImageObject\",\"inLanguage\":\"fi\",\"@id\":\"https:\\\/\\\/miumjau.ee\\\/#\\\/schema\\\/logo\\\/image\\\/\",\"url\":\"https:\\\/\\\/miumjau.ee\\\/wp-content\\\/uploads\\\/2022\\\/04\\\/MiuMjau-logo-kollane.png\",\"contentUrl\":\"https:\\\/\\\/miumjau.ee\\\/wp-content\\\/uploads\\\/2022\\\/04\\\/MiuMjau-logo-kollane.png\",\"width\":219,\"height\":100,\"caption\":\"MiuMjau O\u00dc\"},\"image\":{\"@id\":\"https:\\\/\\\/miumjau.ee\\\/#\\\/schema\\\/logo\\\/image\\\/\"},\"sameAs\":[\"https:\\\/\\\/www.facebook.com\\\/miumjaupood\\\/\"]}]}<\/script>\n<!-- \/ Yoast SEO plugin. -->","yoast_head_json":{"title":"Sein\u00e4lle kiinnitett\u00e4v\u00e4 pes\u00e4 Oval Office 60 PETREBELS, ruosteinen tammi - MiuMjau","description":"Pes\u00e4 sein\u00e4lle on osa itse luomastasi kiipeilyseinist\u00e4 kissoille. Meid\u00e4n verkkokaupastamme voit valita mieleisesi elementit luodaksesi t\u00e4ydellisen kiipeilypaikan.","robots":{"index":"index","follow":"follow","max-snippet":"max-snippet:-1","max-image-preview":"max-image-preview:large","max-video-preview":"max-video-preview:-1"},"canonical":"https:\/\/miumjau.ee\/tuote\/pesa-seinale-oval-office-60-petrebels-rusty-oak\/","og_locale":"fi_FI","og_type":"article","og_title":"Sein\u00e4lle kiinnitett\u00e4v\u00e4 pes\u00e4 Oval Office 60 PETREBELS, ruosteinen tammi - MiuMjau","og_description":"Pes\u00e4 sein\u00e4lle on osa itse luomastasi kiipeilyseinist\u00e4 kissoille. Meid\u00e4n verkkokaupastamme voit valita mieleisesi elementit luodaksesi t\u00e4ydellisen kiipeilypaikan.","og_url":"https:\/\/miumjau.ee\/tuote\/pesa-seinale-oval-office-60-petrebels-rusty-oak\/","og_site_name":"MiuMjau","article_publisher":"https:\/\/www.facebook.com\/miumjaupood\/","article_modified_time":"2026-01-07T20:56:12+00:00","og_image":[{"width":600,"height":800,"url":"https:\/\/miumjau.ee\/wp-content\/uploads\/2023\/12\/seinakinnitusega-pesa-ovaloffice602.jpg","type":"image\/jpeg"}],"twitter_card":"summary_large_image","schema":{"@context":"https:\/\/schema.org","@graph":[{"@type":"WebPage","@id":"https:\/\/miumjau.ee\/tuote\/pesa-seinale-oval-office-60-petrebels-rusty-oak\/","url":"https:\/\/miumjau.ee\/tuote\/pesa-seinale-oval-office-60-petrebels-rusty-oak\/","name":"Sein\u00e4lle kiinnitett\u00e4v\u00e4 pes\u00e4 Oval Office 60 PETREBELS, ruosteinen tammi - MiuMjau","isPartOf":{"@id":"https:\/\/miumjau.ee\/#website"},"primaryImageOfPage":{"@id":"https:\/\/miumjau.ee\/tuote\/pesa-seinale-oval-office-60-petrebels-rusty-oak\/#primaryimage"},"image":{"@id":"https:\/\/miumjau.ee\/tuote\/pesa-seinale-oval-office-60-petrebels-rusty-oak\/#primaryimage"},"thumbnailUrl":"https:\/\/miumjau.ee\/wp-content\/uploads\/2023\/12\/seinakinnitusega-pesa-ovaloffice602.jpg","datePublished":"2024-01-02T20:30:44+00:00","dateModified":"2026-01-07T20:56:12+00:00","description":"Pes\u00e4 sein\u00e4lle on osa itse luomastasi kiipeilyseinist\u00e4 kissoille. Meid\u00e4n verkkokaupastamme voit valita mieleisesi elementit luodaksesi t\u00e4ydellisen kiipeilypaikan.","breadcrumb":{"@id":"https:\/\/miumjau.ee\/tuote\/pesa-seinale-oval-office-60-petrebels-rusty-oak\/#breadcrumb"},"inLanguage":"fi","potentialAction":[{"@type":"ReadAction","target":["https:\/\/miumjau.ee\/tuote\/pesa-seinale-oval-office-60-petrebels-rusty-oak\/"]}]},{"@type":"ImageObject","inLanguage":"fi","@id":"https:\/\/miumjau.ee\/tuote\/pesa-seinale-oval-office-60-petrebels-rusty-oak\/#primaryimage","url":"https:\/\/miumjau.ee\/wp-content\/uploads\/2023\/12\/seinakinnitusega-pesa-ovaloffice602.jpg","contentUrl":"https:\/\/miumjau.ee\/wp-content\/uploads\/2023\/12\/seinakinnitusega-pesa-ovaloffice602.jpg","width":600,"height":800},{"@type":"BreadcrumbList","@id":"https:\/\/miumjau.ee\/tuote\/pesa-seinale-oval-office-60-petrebels-rusty-oak\/#breadcrumb","itemListElement":[{"@type":"ListItem","position":1,"name":"Home","item":"https:\/\/miumjau.ee\/fi\/"},{"@type":"ListItem","position":2,"name":"Kauppa","item":"https:\/\/miumjau.ee\/fi\/kauppa\/"},{"@type":"ListItem","position":3,"name":"Sein\u00e4lle kiinnitett\u00e4v\u00e4 pes\u00e4 Oval Office 60 PETREBELS, ruosteinen tammi"}]},{"@type":"WebSite","@id":"https:\/\/miumjau.ee\/#website","url":"https:\/\/miumjau.ee\/","name":"MiuMjau","description":"Kraapimispuud kassidele","publisher":{"@id":"https:\/\/miumjau.ee\/#organization"},"potentialAction":[{"@type":"SearchAction","target":{"@type":"EntryPoint","urlTemplate":"https:\/\/miumjau.ee\/?s={search_term_string}"},"query-input":{"@type":"PropertyValueSpecification","valueRequired":true,"valueName":"search_term_string"}}],"inLanguage":"fi"},{"@type":"Organization","@id":"https:\/\/miumjau.ee\/#organization","name":"MiuMjau O\u00dc","url":"https:\/\/miumjau.ee\/","logo":{"@type":"ImageObject","inLanguage":"fi","@id":"https:\/\/miumjau.ee\/#\/schema\/logo\/image\/","url":"https:\/\/miumjau.ee\/wp-content\/uploads\/2022\/04\/MiuMjau-logo-kollane.png","contentUrl":"https:\/\/miumjau.ee\/wp-content\/uploads\/2022\/04\/MiuMjau-logo-kollane.png","width":219,"height":100,"caption":"MiuMjau O\u00dc"},"image":{"@id":"https:\/\/miumjau.ee\/#\/schema\/logo\/image\/"},"sameAs":["https:\/\/www.facebook.com\/miumjaupood\/"]}]}},"_links":{"self":[{"href":"https:\/\/miumjau.ee\/fi\/wp-json\/wp\/v2\/product\/28172","targetHints":{"allow":["GET"]}}],"collection":[{"href":"https:\/\/miumjau.ee\/fi\/wp-json\/wp\/v2\/product"}],"about":[{"href":"https:\/\/miumjau.ee\/fi\/wp-json\/wp\/v2\/types\/product"}],"wp:featuredmedia":[{"embeddable":true,"href":"https:\/\/miumjau.ee\/fi\/wp-json\/wp\/v2\/media\/20953"}],"wp:attachment":[{"href":"https:\/\/miumjau.ee\/fi\/wp-json\/wp\/v2\/media?parent=28172"}],"wp:term":[{"taxonomy":"product_brand","embeddable":true,"href":"https:\/\/miumjau.ee\/fi\/wp-json\/wp\/v2\/product_brand?post=28172"},{"taxonomy":"product_cat","embeddable":true,"href":"https:\/\/miumjau.ee\/fi\/wp-json\/wp\/v2\/product_cat?post=28172"},{"taxonomy":"product_tag","embeddable":true,"href":"https:\/\/miumjau.ee\/fi\/wp-json\/wp\/v2\/product_tag?post=28172"}],"curies":[{"name":"wp","href":"https:\/\/api.w.org\/{rel}","templated":true}]}}