{"id":28168,"date":"2024-01-04T21:57:45","date_gmt":"2024-01-04T19:57:45","guid":{"rendered":"https:\/\/miumjau.ee\/toode\/pesa-seinalle-hang-square-1240-wenge\/"},"modified":"2026-01-07T22:56:12","modified_gmt":"2026-01-07T20:56:12","slug":"pesa-seinalle-hang-square-1240-wenge","status":"publish","type":"product","link":"https:\/\/miumjau.ee\/fi\/tuote\/pesa-seinalle-hang-square-1240-wenge\/","title":{"rendered":"Pes\u00e4 sein\u00e4lle Hang Square 1240, wenge"},"content":{"rendered":"","protected":false},"excerpt":{"rendered":"<p data-start=\"0\" data-end=\"489\">Seinakinnitusega pes\u00e4 Hollannin laatubr\u00e4ndilt\u00e4 Petrebels on osa suunnittelemastasi kiipeilysein\u00e4s. Yll\u00e4t\u00e4 kissasi ylellisimm\u00e4ll\u00e4 ja pehmeimm\u00e4ll\u00e4 pes\u00e4ll\u00e4, joka on my\u00f6s helppo hoitaa! Sen p\u00e4\u00e4llinen on irrotettavissa vetoketjulla ja konepest\u00e4viss\u00e4. T\u00e4m\u00e4 on osa Wall of Rebels -kokoelmaa, jonka jokainen elementti tuo kissalle puhdasta iloa. Ole luova ja rakenna itsellesi ja kissallesi sopiva kiipeilysein\u00e4 k\u00e4ytt\u00e4en erilaisia elementtej\u00e4, kuten portaita, pesi\u00e4, raapimispylv\u00e4it\u00e4, tikkaat jne.<\/p>\n<p data-start=\"491\" data-end=\"656\">Mitat \u2013 40 x 40 cm ja korkeus 6 cm<br data-start=\"525\" data-end=\"528\" \/>Pakkauksessa my\u00f6s kiinnityskomponentit Disc 12 ja Hold 12<br data-start=\"585\" data-end=\"588\" data-is-only-node=\"\" \/>Mukana my\u00f6s sein\u00e4kiinnitykset eli kaikki, mit\u00e4 asennukseen tarvitset<\/p>\n<p data-start=\"658\" data-end=\"685\" data-is-last-node=\"\" data-is-only-node=\"\">Niin pehme\u00e4 ja niin mukava!<\/p>\n","protected":false},"featured_media":21254,"template":"","meta":[],"product_brand":[],"product_cat":[139,263],"product_tag":[],"class_list":{"0":"post-28168","1":"product","2":"type-product","3":"status-publish","4":"has-post-thumbnail","6":"product_cat-kaup24-fi","7":"product_cat-kiipeilyseina-kissoille","8":"product_shipping_class-pakiautomaati-sobimatu-fi","10":"first","11":"instock","12":"sale","13":"taxable","14":"shipping-taxable","15":"purchasable","16":"product-type-simple"},"yoast_head":"<!-- This site is optimized with the Yoast SEO plugin v27.4 - https:\/\/yoast.com\/product\/yoast-seo-wordpress\/ -->\n<title>Pes\u00e4 sein\u00e4lle Hang Square 1240, wenge - MiuMjau<\/title>\n<meta name=\"description\" content=\"Seinakinnitusega pes\u00e4 laatubr\u00e4ndilt\u00e4 Petrebels on niin pehme\u00e4 ja mukava! Hemmottele kissasi todellisella luksuksella - sen omalla kiipeilysein\u00e4ll\u00e4!\" \/>\n<meta name=\"robots\" content=\"index, follow, max-snippet:-1, max-image-preview:large, max-video-preview:-1\" \/>\n<link rel=\"canonical\" href=\"https:\/\/miumjau.ee\/tuote\/pesa-seinale-hang-square-1240-wenge\/\" \/>\n<meta property=\"og:locale\" content=\"fi_FI\" \/>\n<meta property=\"og:type\" content=\"article\" \/>\n<meta property=\"og:title\" content=\"Pes\u00e4 sein\u00e4lle Hang Square 1240, wenge - MiuMjau\" \/>\n<meta property=\"og:description\" content=\"Seinakinnitusega pes\u00e4 laatubr\u00e4ndilt\u00e4 Petrebels on niin pehme\u00e4 ja mukava! Hemmottele kissasi todellisella luksuksella - sen omalla kiipeilysein\u00e4ll\u00e4!\" \/>\n<meta property=\"og:url\" content=\"https:\/\/miumjau.ee\/tuote\/pesa-seinale-hang-square-1240-wenge\/\" \/>\n<meta property=\"og:site_name\" content=\"MiuMjau\" \/>\n<meta property=\"article:publisher\" content=\"https:\/\/www.facebook.com\/miumjaupood\/\" \/>\n<meta property=\"article:modified_time\" content=\"2026-01-07T20:56:12+00:00\" \/>\n<meta property=\"og:image\" content=\"https:\/\/miumjau.ee\/wp-content\/uploads\/2024\/01\/pesa-seinale-hangsquare124011.jpg\" \/>\n\t<meta property=\"og:image:width\" content=\"600\" \/>\n\t<meta property=\"og:image:height\" content=\"800\" \/>\n\t<meta property=\"og:image:type\" content=\"image\/jpeg\" \/>\n<meta name=\"twitter:card\" content=\"summary_large_image\" \/>\n<script type=\"application\/ld+json\" class=\"yoast-schema-graph\">{\"@context\":\"https:\\\/\\\/schema.org\",\"@graph\":[{\"@type\":\"WebPage\",\"@id\":\"https:\\\/\\\/miumjau.ee\\\/tuote\\\/pesa-seinale-hang-square-1240-wenge\\\/\",\"url\":\"https:\\\/\\\/miumjau.ee\\\/tuote\\\/pesa-seinale-hang-square-1240-wenge\\\/\",\"name\":\"Pes\u00e4 sein\u00e4lle Hang Square 1240, wenge - MiuMjau\",\"isPartOf\":{\"@id\":\"https:\\\/\\\/miumjau.ee\\\/#website\"},\"primaryImageOfPage\":{\"@id\":\"https:\\\/\\\/miumjau.ee\\\/tuote\\\/pesa-seinale-hang-square-1240-wenge\\\/#primaryimage\"},\"image\":{\"@id\":\"https:\\\/\\\/miumjau.ee\\\/tuote\\\/pesa-seinale-hang-square-1240-wenge\\\/#primaryimage\"},\"thumbnailUrl\":\"https:\\\/\\\/miumjau.ee\\\/wp-content\\\/uploads\\\/2024\\\/01\\\/pesa-seinale-hangsquare124011.jpg\",\"datePublished\":\"2024-01-04T19:57:45+00:00\",\"dateModified\":\"2026-01-07T20:56:12+00:00\",\"description\":\"Seinakinnitusega pes\u00e4 laatubr\u00e4ndilt\u00e4 Petrebels on niin pehme\u00e4 ja mukava! Hemmottele kissasi todellisella luksuksella - sen omalla kiipeilysein\u00e4ll\u00e4!\",\"breadcrumb\":{\"@id\":\"https:\\\/\\\/miumjau.ee\\\/tuote\\\/pesa-seinale-hang-square-1240-wenge\\\/#breadcrumb\"},\"inLanguage\":\"fi\",\"potentialAction\":[{\"@type\":\"ReadAction\",\"target\":[\"https:\\\/\\\/miumjau.ee\\\/tuote\\\/pesa-seinale-hang-square-1240-wenge\\\/\"]}]},{\"@type\":\"ImageObject\",\"inLanguage\":\"fi\",\"@id\":\"https:\\\/\\\/miumjau.ee\\\/tuote\\\/pesa-seinale-hang-square-1240-wenge\\\/#primaryimage\",\"url\":\"https:\\\/\\\/miumjau.ee\\\/wp-content\\\/uploads\\\/2024\\\/01\\\/pesa-seinale-hangsquare124011.jpg\",\"contentUrl\":\"https:\\\/\\\/miumjau.ee\\\/wp-content\\\/uploads\\\/2024\\\/01\\\/pesa-seinale-hangsquare124011.jpg\",\"width\":600,\"height\":800},{\"@type\":\"BreadcrumbList\",\"@id\":\"https:\\\/\\\/miumjau.ee\\\/tuote\\\/pesa-seinale-hang-square-1240-wenge\\\/#breadcrumb\",\"itemListElement\":[{\"@type\":\"ListItem\",\"position\":1,\"name\":\"Home\",\"item\":\"https:\\\/\\\/miumjau.ee\\\/fi\\\/\"},{\"@type\":\"ListItem\",\"position\":2,\"name\":\"Kauppa\",\"item\":\"https:\\\/\\\/miumjau.ee\\\/fi\\\/kauppa\\\/\"},{\"@type\":\"ListItem\",\"position\":3,\"name\":\"Pes\u00e4 sein\u00e4lle Hang Square 1240, wenge\"}]},{\"@type\":\"WebSite\",\"@id\":\"https:\\\/\\\/miumjau.ee\\\/#website\",\"url\":\"https:\\\/\\\/miumjau.ee\\\/\",\"name\":\"MiuMjau\",\"description\":\"Kraapimispuud kassidele\",\"publisher\":{\"@id\":\"https:\\\/\\\/miumjau.ee\\\/#organization\"},\"potentialAction\":[{\"@type\":\"SearchAction\",\"target\":{\"@type\":\"EntryPoint\",\"urlTemplate\":\"https:\\\/\\\/miumjau.ee\\\/?s={search_term_string}\"},\"query-input\":{\"@type\":\"PropertyValueSpecification\",\"valueRequired\":true,\"valueName\":\"search_term_string\"}}],\"inLanguage\":\"fi\"},{\"@type\":\"Organization\",\"@id\":\"https:\\\/\\\/miumjau.ee\\\/#organization\",\"name\":\"MiuMjau O\u00dc\",\"url\":\"https:\\\/\\\/miumjau.ee\\\/\",\"logo\":{\"@type\":\"ImageObject\",\"inLanguage\":\"fi\",\"@id\":\"https:\\\/\\\/miumjau.ee\\\/#\\\/schema\\\/logo\\\/image\\\/\",\"url\":\"https:\\\/\\\/miumjau.ee\\\/wp-content\\\/uploads\\\/2022\\\/04\\\/MiuMjau-logo-kollane.png\",\"contentUrl\":\"https:\\\/\\\/miumjau.ee\\\/wp-content\\\/uploads\\\/2022\\\/04\\\/MiuMjau-logo-kollane.png\",\"width\":219,\"height\":100,\"caption\":\"MiuMjau O\u00dc\"},\"image\":{\"@id\":\"https:\\\/\\\/miumjau.ee\\\/#\\\/schema\\\/logo\\\/image\\\/\"},\"sameAs\":[\"https:\\\/\\\/www.facebook.com\\\/miumjaupood\\\/\"]}]}<\/script>\n<!-- \/ Yoast SEO plugin. -->","yoast_head_json":{"title":"Pes\u00e4 sein\u00e4lle Hang Square 1240, wenge - MiuMjau","description":"Seinakinnitusega pes\u00e4 laatubr\u00e4ndilt\u00e4 Petrebels on niin pehme\u00e4 ja mukava! Hemmottele kissasi todellisella luksuksella - sen omalla kiipeilysein\u00e4ll\u00e4!","robots":{"index":"index","follow":"follow","max-snippet":"max-snippet:-1","max-image-preview":"max-image-preview:large","max-video-preview":"max-video-preview:-1"},"canonical":"https:\/\/miumjau.ee\/tuote\/pesa-seinale-hang-square-1240-wenge\/","og_locale":"fi_FI","og_type":"article","og_title":"Pes\u00e4 sein\u00e4lle Hang Square 1240, wenge - MiuMjau","og_description":"Seinakinnitusega pes\u00e4 laatubr\u00e4ndilt\u00e4 Petrebels on niin pehme\u00e4 ja mukava! Hemmottele kissasi todellisella luksuksella - sen omalla kiipeilysein\u00e4ll\u00e4!","og_url":"https:\/\/miumjau.ee\/tuote\/pesa-seinale-hang-square-1240-wenge\/","og_site_name":"MiuMjau","article_publisher":"https:\/\/www.facebook.com\/miumjaupood\/","article_modified_time":"2026-01-07T20:56:12+00:00","og_image":[{"width":600,"height":800,"url":"https:\/\/miumjau.ee\/wp-content\/uploads\/2024\/01\/pesa-seinale-hangsquare124011.jpg","type":"image\/jpeg"}],"twitter_card":"summary_large_image","schema":{"@context":"https:\/\/schema.org","@graph":[{"@type":"WebPage","@id":"https:\/\/miumjau.ee\/tuote\/pesa-seinale-hang-square-1240-wenge\/","url":"https:\/\/miumjau.ee\/tuote\/pesa-seinale-hang-square-1240-wenge\/","name":"Pes\u00e4 sein\u00e4lle Hang Square 1240, wenge - MiuMjau","isPartOf":{"@id":"https:\/\/miumjau.ee\/#website"},"primaryImageOfPage":{"@id":"https:\/\/miumjau.ee\/tuote\/pesa-seinale-hang-square-1240-wenge\/#primaryimage"},"image":{"@id":"https:\/\/miumjau.ee\/tuote\/pesa-seinale-hang-square-1240-wenge\/#primaryimage"},"thumbnailUrl":"https:\/\/miumjau.ee\/wp-content\/uploads\/2024\/01\/pesa-seinale-hangsquare124011.jpg","datePublished":"2024-01-04T19:57:45+00:00","dateModified":"2026-01-07T20:56:12+00:00","description":"Seinakinnitusega pes\u00e4 laatubr\u00e4ndilt\u00e4 Petrebels on niin pehme\u00e4 ja mukava! Hemmottele kissasi todellisella luksuksella - sen omalla kiipeilysein\u00e4ll\u00e4!","breadcrumb":{"@id":"https:\/\/miumjau.ee\/tuote\/pesa-seinale-hang-square-1240-wenge\/#breadcrumb"},"inLanguage":"fi","potentialAction":[{"@type":"ReadAction","target":["https:\/\/miumjau.ee\/tuote\/pesa-seinale-hang-square-1240-wenge\/"]}]},{"@type":"ImageObject","inLanguage":"fi","@id":"https:\/\/miumjau.ee\/tuote\/pesa-seinale-hang-square-1240-wenge\/#primaryimage","url":"https:\/\/miumjau.ee\/wp-content\/uploads\/2024\/01\/pesa-seinale-hangsquare124011.jpg","contentUrl":"https:\/\/miumjau.ee\/wp-content\/uploads\/2024\/01\/pesa-seinale-hangsquare124011.jpg","width":600,"height":800},{"@type":"BreadcrumbList","@id":"https:\/\/miumjau.ee\/tuote\/pesa-seinale-hang-square-1240-wenge\/#breadcrumb","itemListElement":[{"@type":"ListItem","position":1,"name":"Home","item":"https:\/\/miumjau.ee\/fi\/"},{"@type":"ListItem","position":2,"name":"Kauppa","item":"https:\/\/miumjau.ee\/fi\/kauppa\/"},{"@type":"ListItem","position":3,"name":"Pes\u00e4 sein\u00e4lle Hang Square 1240, wenge"}]},{"@type":"WebSite","@id":"https:\/\/miumjau.ee\/#website","url":"https:\/\/miumjau.ee\/","name":"MiuMjau","description":"Kraapimispuud kassidele","publisher":{"@id":"https:\/\/miumjau.ee\/#organization"},"potentialAction":[{"@type":"SearchAction","target":{"@type":"EntryPoint","urlTemplate":"https:\/\/miumjau.ee\/?s={search_term_string}"},"query-input":{"@type":"PropertyValueSpecification","valueRequired":true,"valueName":"search_term_string"}}],"inLanguage":"fi"},{"@type":"Organization","@id":"https:\/\/miumjau.ee\/#organization","name":"MiuMjau O\u00dc","url":"https:\/\/miumjau.ee\/","logo":{"@type":"ImageObject","inLanguage":"fi","@id":"https:\/\/miumjau.ee\/#\/schema\/logo\/image\/","url":"https:\/\/miumjau.ee\/wp-content\/uploads\/2022\/04\/MiuMjau-logo-kollane.png","contentUrl":"https:\/\/miumjau.ee\/wp-content\/uploads\/2022\/04\/MiuMjau-logo-kollane.png","width":219,"height":100,"caption":"MiuMjau O\u00dc"},"image":{"@id":"https:\/\/miumjau.ee\/#\/schema\/logo\/image\/"},"sameAs":["https:\/\/www.facebook.com\/miumjaupood\/"]}]}},"_links":{"self":[{"href":"https:\/\/miumjau.ee\/fi\/wp-json\/wp\/v2\/product\/28168","targetHints":{"allow":["GET"]}}],"collection":[{"href":"https:\/\/miumjau.ee\/fi\/wp-json\/wp\/v2\/product"}],"about":[{"href":"https:\/\/miumjau.ee\/fi\/wp-json\/wp\/v2\/types\/product"}],"wp:featuredmedia":[{"embeddable":true,"href":"https:\/\/miumjau.ee\/fi\/wp-json\/wp\/v2\/media\/21254"}],"wp:attachment":[{"href":"https:\/\/miumjau.ee\/fi\/wp-json\/wp\/v2\/media?parent=28168"}],"wp:term":[{"taxonomy":"product_brand","embeddable":true,"href":"https:\/\/miumjau.ee\/fi\/wp-json\/wp\/v2\/product_brand?post=28168"},{"taxonomy":"product_cat","embeddable":true,"href":"https:\/\/miumjau.ee\/fi\/wp-json\/wp\/v2\/product_cat?post=28168"},{"taxonomy":"product_tag","embeddable":true,"href":"https:\/\/miumjau.ee\/fi\/wp-json\/wp\/v2\/product_tag?post=28168"}],"curies":[{"name":"wp","href":"https:\/\/api.w.org\/{rel}","templated":true}]}}