{"id":28165,"date":"2024-01-05T11:01:17","date_gmt":"2024-01-05T09:01:17","guid":{"rendered":"https:\/\/miumjau.ee\/toode\/kissansanky-seinalle-1548-pyorea-ruosteinen-tammi\/"},"modified":"2026-01-07T22:56:19","modified_gmt":"2026-01-07T20:56:19","slug":"kissansanky-seinalle-1548-pyorea-ruosteinen-tammi","status":"publish","type":"product","link":"https:\/\/miumjau.ee\/fi\/tuote\/kissansanky-seinalle-1548-pyorea-ruosteinen-tammi\/","title":{"rendered":"Kissans\u00e4nky sein\u00e4lle 1548, py\u00f6re\u00e4, ruosteinen tammi"},"content":{"rendered":"","protected":false},"excerpt":{"rendered":"<div class=\"flex max-w-full flex-col flex-grow\">\n<div class=\"min-h-8 text-message relative flex w-full flex-col items-end gap-2 whitespace-normal break-words text-start [.text-message+&amp;]:mt-5\" dir=\"auto\" data-message-author-role=\"assistant\" data-message-id=\"c730d4b8-95da-46ce-a138-355d81884323\" data-message-model-slug=\"gpt-4o-mini\">\n<div class=\"flex w-full flex-col gap-1 empty:hidden first:pt-[3px]\">\n<div class=\"markdown prose w-full break-words dark:prose-invert light\">\n<p data-start=\"0\" data-end=\"266\">Petrebelsin mallin 1548 kissanpes\u00e4 on tarkoitettu kiinnitett\u00e4v\u00e4ksi sein\u00e4lle ja se on osa suurta Wall of Rebels -kokoelmaa. K\u00e4yt\u00e4 mielikuvitustasi ja luo kissallesi unelmien kiipeilysein\u00e4 valitsemalla elementtej\u00e4, jotka ovat k\u00e4yt\u00e4nn\u00f6llisi\u00e4 ja tarpeellisia kissallesi.<\/p>\n<p data-start=\"268\" data-end=\"704\">T\u00e4m\u00e4n mallin etu on se, ett\u00e4 pes\u00e4n kansi on vetoketjulla irrotettavissa ja sen voi pest\u00e4 koneessa. T\u00e4m\u00e4 pident\u00e4\u00e4 tuotteen k\u00e4ytt\u00f6ik\u00e4\u00e4 huomattavasti. Kissat rakastavat l\u00f6h\u00f6t\u00e4 pehme\u00e4ss\u00e4 pes\u00e4ss\u00e4 ja ottaa rennosti. Miksi hukata lattiatilaa, kun voi luoda todellisen seikkailupuiston sein\u00e4lle eri elementtej\u00e4 k\u00e4ytt\u00e4en? Varmista, ett\u00e4 kissalla on mahdollisuus p\u00e4\u00e4st\u00e4 pes\u00e4\u00e4ns\u00e4 mukavasti, k\u00e4yt\u00e4 esimerkiksi lis\u00e4portaita, tikapuita, askelmia jne.<\/p>\n<p data-start=\"706\" data-end=\"911\" data-is-last-node=\"\" data-is-only-node=\"\">Mitat \u2013 halkaisija 48 cm ja korkeus 6 cm<br data-start=\"746\" data-end=\"749\" \/>Pakkauksessa mukana Disc 15 ja Hold 15 sein\u00e4kiinnitykseen, jotka takaavat tuotteen vakauden ja kest\u00e4vyyden. Kaikki tarvittavat kiinnitysosat sis\u00e4ltyv\u00e4t pakettiin!<\/p>\n<\/div>\n<\/div>\n<\/div>\n<\/div>\n<div class=\"mb-2 flex gap-3 -ml-2\" tabindex=\"0\">\n<div class=\"items-center justify-start rounded-xl p-1 flex\">\n<div class=\"flex items-center\">\n<div class=\"flex items-center pb-0\"><\/div>\n<\/div>\n<\/div>\n<\/div>\n","protected":false},"featured_media":21266,"template":"","meta":[],"product_brand":[],"product_cat":[263,139],"product_tag":[],"class_list":{"0":"post-28165","1":"product","2":"type-product","3":"status-publish","4":"has-post-thumbnail","6":"product_cat-kiipeilyseina-kissoille","7":"product_cat-kaup24-fi","8":"product_shipping_class-pakiautomaati-sobimatu-fi","10":"first","11":"instock","12":"sale","13":"taxable","14":"shipping-taxable","15":"purchasable","16":"product-type-simple"},"yoast_head":"<!-- This site is optimized with the Yoast SEO plugin v27.2 - https:\/\/yoast.com\/product\/yoast-seo-wordpress\/ -->\n<title>Kissans\u00e4nky sein\u00e4lle 1548, py\u00f6re\u00e4, ruosteinen tammi - MiuMjau<\/title>\n<meta name=\"description\" content=\"Kissanpes\u00e4 sein\u00e4kiinnityksell\u00e4 on t\u00e4ydellinen rauhoittumispaikka kissallesi. S\u00e4\u00e4st\u00e4 lattiatilaa ja luo sein\u00e4lle oikea kiipeilylinna!\" \/>\n<meta name=\"robots\" content=\"index, follow, max-snippet:-1, max-image-preview:large, max-video-preview:-1\" \/>\n<link rel=\"canonical\" href=\"https:\/\/miumjau.ee\/fi\/tuote\/kissansanky-seinalle-1548-pyorea-ruosteinen-tammi\/\" \/>\n<meta property=\"og:locale\" content=\"fi_FI\" \/>\n<meta property=\"og:type\" content=\"article\" \/>\n<meta property=\"og:title\" content=\"Kissans\u00e4nky sein\u00e4lle 1548, py\u00f6re\u00e4, ruosteinen tammi - MiuMjau\" \/>\n<meta property=\"og:description\" content=\"Kissanpes\u00e4 sein\u00e4kiinnityksell\u00e4 on t\u00e4ydellinen rauhoittumispaikka kissallesi. S\u00e4\u00e4st\u00e4 lattiatilaa ja luo sein\u00e4lle oikea kiipeilylinna!\" \/>\n<meta property=\"og:url\" content=\"https:\/\/miumjau.ee\/fi\/tuote\/kissansanky-seinalle-1548-pyorea-ruosteinen-tammi\/\" \/>\n<meta property=\"og:site_name\" content=\"MiuMjau\" \/>\n<meta property=\"article:publisher\" content=\"https:\/\/www.facebook.com\/miumjaupood\/\" \/>\n<meta property=\"article:modified_time\" content=\"2026-01-07T20:56:19+00:00\" \/>\n<meta property=\"og:image\" content=\"https:\/\/miumjau.ee\/wp-content\/uploads\/2024\/01\/kassi-pesa-hang-round-154814.jpg\" \/>\n\t<meta property=\"og:image:width\" content=\"600\" \/>\n\t<meta property=\"og:image:height\" content=\"800\" \/>\n\t<meta property=\"og:image:type\" content=\"image\/jpeg\" \/>\n<meta name=\"twitter:card\" content=\"summary_large_image\" \/>\n<script type=\"application\/ld+json\" class=\"yoast-schema-graph\">{\"@context\":\"https:\/\/schema.org\",\"@graph\":[{\"@type\":\"WebPage\",\"@id\":\"https:\/\/miumjau.ee\/fi\/tuote\/kissansanky-seinalle-1548-pyorea-ruosteinen-tammi\/\",\"url\":\"https:\/\/miumjau.ee\/fi\/tuote\/kissansanky-seinalle-1548-pyorea-ruosteinen-tammi\/\",\"name\":\"Kissans\u00e4nky sein\u00e4lle 1548, py\u00f6re\u00e4, ruosteinen tammi - MiuMjau\",\"isPartOf\":{\"@id\":\"https:\/\/miumjau.ee\/#website\"},\"primaryImageOfPage\":{\"@id\":\"https:\/\/miumjau.ee\/fi\/tuote\/kissansanky-seinalle-1548-pyorea-ruosteinen-tammi\/#primaryimage\"},\"image\":{\"@id\":\"https:\/\/miumjau.ee\/fi\/tuote\/kissansanky-seinalle-1548-pyorea-ruosteinen-tammi\/#primaryimage\"},\"thumbnailUrl\":\"https:\/\/miumjau.ee\/wp-content\/uploads\/2024\/01\/kassi-pesa-hang-round-154814.jpg\",\"datePublished\":\"2024-01-05T09:01:17+00:00\",\"dateModified\":\"2026-01-07T20:56:19+00:00\",\"description\":\"Kissanpes\u00e4 sein\u00e4kiinnityksell\u00e4 on t\u00e4ydellinen rauhoittumispaikka kissallesi. S\u00e4\u00e4st\u00e4 lattiatilaa ja luo sein\u00e4lle oikea kiipeilylinna!\",\"breadcrumb\":{\"@id\":\"https:\/\/miumjau.ee\/fi\/tuote\/kissansanky-seinalle-1548-pyorea-ruosteinen-tammi\/#breadcrumb\"},\"inLanguage\":\"fi\",\"potentialAction\":[{\"@type\":\"ReadAction\",\"target\":[\"https:\/\/miumjau.ee\/fi\/tuote\/kissansanky-seinalle-1548-pyorea-ruosteinen-tammi\/\"]}]},{\"@type\":\"ImageObject\",\"inLanguage\":\"fi\",\"@id\":\"https:\/\/miumjau.ee\/fi\/tuote\/kissansanky-seinalle-1548-pyorea-ruosteinen-tammi\/#primaryimage\",\"url\":\"https:\/\/miumjau.ee\/wp-content\/uploads\/2024\/01\/kassi-pesa-hang-round-154814.jpg\",\"contentUrl\":\"https:\/\/miumjau.ee\/wp-content\/uploads\/2024\/01\/kassi-pesa-hang-round-154814.jpg\",\"width\":600,\"height\":800},{\"@type\":\"BreadcrumbList\",\"@id\":\"https:\/\/miumjau.ee\/fi\/tuote\/kissansanky-seinalle-1548-pyorea-ruosteinen-tammi\/#breadcrumb\",\"itemListElement\":[{\"@type\":\"ListItem\",\"position\":1,\"name\":\"Home\",\"item\":\"https:\/\/miumjau.ee\/fi\/\"},{\"@type\":\"ListItem\",\"position\":2,\"name\":\"Kauppa\",\"item\":\"https:\/\/miumjau.ee\/fi\/kauppa\/\"},{\"@type\":\"ListItem\",\"position\":3,\"name\":\"Kissans\u00e4nky sein\u00e4lle 1548, py\u00f6re\u00e4, ruosteinen tammi\"}]},{\"@type\":\"WebSite\",\"@id\":\"https:\/\/miumjau.ee\/#website\",\"url\":\"https:\/\/miumjau.ee\/\",\"name\":\"MiuMjau\",\"description\":\"Kraapimispuud kassidele\",\"publisher\":{\"@id\":\"https:\/\/miumjau.ee\/#organization\"},\"potentialAction\":[{\"@type\":\"SearchAction\",\"target\":{\"@type\":\"EntryPoint\",\"urlTemplate\":\"https:\/\/miumjau.ee\/?s={search_term_string}\"},\"query-input\":{\"@type\":\"PropertyValueSpecification\",\"valueRequired\":true,\"valueName\":\"search_term_string\"}}],\"inLanguage\":\"fi\"},{\"@type\":\"Organization\",\"@id\":\"https:\/\/miumjau.ee\/#organization\",\"name\":\"MiuMjau O\u00dc\",\"url\":\"https:\/\/miumjau.ee\/\",\"logo\":{\"@type\":\"ImageObject\",\"inLanguage\":\"fi\",\"@id\":\"https:\/\/miumjau.ee\/#\/schema\/logo\/image\/\",\"url\":\"https:\/\/miumjau.ee\/wp-content\/uploads\/2022\/04\/MiuMjau-logo-kollane.png\",\"contentUrl\":\"https:\/\/miumjau.ee\/wp-content\/uploads\/2022\/04\/MiuMjau-logo-kollane.png\",\"width\":219,\"height\":100,\"caption\":\"MiuMjau O\u00dc\"},\"image\":{\"@id\":\"https:\/\/miumjau.ee\/#\/schema\/logo\/image\/\"},\"sameAs\":[\"https:\/\/www.facebook.com\/miumjaupood\/\"]}]}<\/script>\n<!-- \/ Yoast SEO plugin. -->","yoast_head_json":{"title":"Kissans\u00e4nky sein\u00e4lle 1548, py\u00f6re\u00e4, ruosteinen tammi - MiuMjau","description":"Kissanpes\u00e4 sein\u00e4kiinnityksell\u00e4 on t\u00e4ydellinen rauhoittumispaikka kissallesi. S\u00e4\u00e4st\u00e4 lattiatilaa ja luo sein\u00e4lle oikea kiipeilylinna!","robots":{"index":"index","follow":"follow","max-snippet":"max-snippet:-1","max-image-preview":"max-image-preview:large","max-video-preview":"max-video-preview:-1"},"canonical":"https:\/\/miumjau.ee\/fi\/tuote\/kissansanky-seinalle-1548-pyorea-ruosteinen-tammi\/","og_locale":"fi_FI","og_type":"article","og_title":"Kissans\u00e4nky sein\u00e4lle 1548, py\u00f6re\u00e4, ruosteinen tammi - MiuMjau","og_description":"Kissanpes\u00e4 sein\u00e4kiinnityksell\u00e4 on t\u00e4ydellinen rauhoittumispaikka kissallesi. S\u00e4\u00e4st\u00e4 lattiatilaa ja luo sein\u00e4lle oikea kiipeilylinna!","og_url":"https:\/\/miumjau.ee\/fi\/tuote\/kissansanky-seinalle-1548-pyorea-ruosteinen-tammi\/","og_site_name":"MiuMjau","article_publisher":"https:\/\/www.facebook.com\/miumjaupood\/","article_modified_time":"2026-01-07T20:56:19+00:00","og_image":[{"width":600,"height":800,"url":"https:\/\/miumjau.ee\/wp-content\/uploads\/2024\/01\/kassi-pesa-hang-round-154814.jpg","type":"image\/jpeg"}],"twitter_card":"summary_large_image","schema":{"@context":"https:\/\/schema.org","@graph":[{"@type":"WebPage","@id":"https:\/\/miumjau.ee\/fi\/tuote\/kissansanky-seinalle-1548-pyorea-ruosteinen-tammi\/","url":"https:\/\/miumjau.ee\/fi\/tuote\/kissansanky-seinalle-1548-pyorea-ruosteinen-tammi\/","name":"Kissans\u00e4nky sein\u00e4lle 1548, py\u00f6re\u00e4, ruosteinen tammi - MiuMjau","isPartOf":{"@id":"https:\/\/miumjau.ee\/#website"},"primaryImageOfPage":{"@id":"https:\/\/miumjau.ee\/fi\/tuote\/kissansanky-seinalle-1548-pyorea-ruosteinen-tammi\/#primaryimage"},"image":{"@id":"https:\/\/miumjau.ee\/fi\/tuote\/kissansanky-seinalle-1548-pyorea-ruosteinen-tammi\/#primaryimage"},"thumbnailUrl":"https:\/\/miumjau.ee\/wp-content\/uploads\/2024\/01\/kassi-pesa-hang-round-154814.jpg","datePublished":"2024-01-05T09:01:17+00:00","dateModified":"2026-01-07T20:56:19+00:00","description":"Kissanpes\u00e4 sein\u00e4kiinnityksell\u00e4 on t\u00e4ydellinen rauhoittumispaikka kissallesi. S\u00e4\u00e4st\u00e4 lattiatilaa ja luo sein\u00e4lle oikea kiipeilylinna!","breadcrumb":{"@id":"https:\/\/miumjau.ee\/fi\/tuote\/kissansanky-seinalle-1548-pyorea-ruosteinen-tammi\/#breadcrumb"},"inLanguage":"fi","potentialAction":[{"@type":"ReadAction","target":["https:\/\/miumjau.ee\/fi\/tuote\/kissansanky-seinalle-1548-pyorea-ruosteinen-tammi\/"]}]},{"@type":"ImageObject","inLanguage":"fi","@id":"https:\/\/miumjau.ee\/fi\/tuote\/kissansanky-seinalle-1548-pyorea-ruosteinen-tammi\/#primaryimage","url":"https:\/\/miumjau.ee\/wp-content\/uploads\/2024\/01\/kassi-pesa-hang-round-154814.jpg","contentUrl":"https:\/\/miumjau.ee\/wp-content\/uploads\/2024\/01\/kassi-pesa-hang-round-154814.jpg","width":600,"height":800},{"@type":"BreadcrumbList","@id":"https:\/\/miumjau.ee\/fi\/tuote\/kissansanky-seinalle-1548-pyorea-ruosteinen-tammi\/#breadcrumb","itemListElement":[{"@type":"ListItem","position":1,"name":"Home","item":"https:\/\/miumjau.ee\/fi\/"},{"@type":"ListItem","position":2,"name":"Kauppa","item":"https:\/\/miumjau.ee\/fi\/kauppa\/"},{"@type":"ListItem","position":3,"name":"Kissans\u00e4nky sein\u00e4lle 1548, py\u00f6re\u00e4, ruosteinen tammi"}]},{"@type":"WebSite","@id":"https:\/\/miumjau.ee\/#website","url":"https:\/\/miumjau.ee\/","name":"MiuMjau","description":"Kraapimispuud kassidele","publisher":{"@id":"https:\/\/miumjau.ee\/#organization"},"potentialAction":[{"@type":"SearchAction","target":{"@type":"EntryPoint","urlTemplate":"https:\/\/miumjau.ee\/?s={search_term_string}"},"query-input":{"@type":"PropertyValueSpecification","valueRequired":true,"valueName":"search_term_string"}}],"inLanguage":"fi"},{"@type":"Organization","@id":"https:\/\/miumjau.ee\/#organization","name":"MiuMjau O\u00dc","url":"https:\/\/miumjau.ee\/","logo":{"@type":"ImageObject","inLanguage":"fi","@id":"https:\/\/miumjau.ee\/#\/schema\/logo\/image\/","url":"https:\/\/miumjau.ee\/wp-content\/uploads\/2022\/04\/MiuMjau-logo-kollane.png","contentUrl":"https:\/\/miumjau.ee\/wp-content\/uploads\/2022\/04\/MiuMjau-logo-kollane.png","width":219,"height":100,"caption":"MiuMjau O\u00dc"},"image":{"@id":"https:\/\/miumjau.ee\/#\/schema\/logo\/image\/"},"sameAs":["https:\/\/www.facebook.com\/miumjaupood\/"]}]}},"_links":{"self":[{"href":"https:\/\/miumjau.ee\/fi\/wp-json\/wp\/v2\/product\/28165","targetHints":{"allow":["GET"]}}],"collection":[{"href":"https:\/\/miumjau.ee\/fi\/wp-json\/wp\/v2\/product"}],"about":[{"href":"https:\/\/miumjau.ee\/fi\/wp-json\/wp\/v2\/types\/product"}],"wp:featuredmedia":[{"embeddable":true,"href":"https:\/\/miumjau.ee\/fi\/wp-json\/wp\/v2\/media\/21266"}],"wp:attachment":[{"href":"https:\/\/miumjau.ee\/fi\/wp-json\/wp\/v2\/media?parent=28165"}],"wp:term":[{"taxonomy":"product_brand","embeddable":true,"href":"https:\/\/miumjau.ee\/fi\/wp-json\/wp\/v2\/product_brand?post=28165"},{"taxonomy":"product_cat","embeddable":true,"href":"https:\/\/miumjau.ee\/fi\/wp-json\/wp\/v2\/product_cat?post=28165"},{"taxonomy":"product_tag","embeddable":true,"href":"https:\/\/miumjau.ee\/fi\/wp-json\/wp\/v2\/product_tag?post=28165"}],"curies":[{"name":"wp","href":"https:\/\/api.w.org\/{rel}","templated":true}]}}