{"id":28162,"date":"2024-01-04T22:42:34","date_gmt":"2024-01-04T20:42:34","guid":{"rendered":"https:\/\/miumjau.ee\/toode\/kissansanky-seinalle-petrebels-box-60-wenge\/"},"modified":"2026-01-07T22:56:19","modified_gmt":"2026-01-07T20:56:19","slug":"kissansanky-seinalle-petrebels-box-60-wenge","status":"publish","type":"product","link":"https:\/\/miumjau.ee\/fi\/tuote\/kissansanky-seinalle-petrebels-box-60-wenge\/","title":{"rendered":"Kissans\u00e4nky sein\u00e4lle Petrebels Box 60, wenge"},"content":{"rendered":"","protected":false},"excerpt":{"rendered":"<p data-start=\"0\" data-end=\"25\">Vahva kissanpes\u00e4 sein\u00e4lle<\/p>\n<p data-start=\"27\" data-end=\"670\">Kissat rakastavat pehmeit\u00e4 paikkoja, joten t\u00e4m\u00e4 oli l\u00e4ht\u00f6kohtamme, kun suunnittelimme kissan henkil\u00f6kohtaisen lepopaikan Box 60. T\u00e4m\u00e4 kissanpes\u00e4 ripustetaan sein\u00e4lle ja se on kaunis ja tilava. Joka kissa haluaisi n\u00e4hd\u00e4 makeita unia t\u00e4ss\u00e4! Lis\u00e4ksi pes\u00e4n katto on peitetty vahvalla sisal-matolla, joka on tarkoitettu raapimiseen. Box 60 on osa Wall of Rebels -kokoelmaamme, jossa l\u00f6yd\u00e4t kauniita tuotteita kissoille nukkumiseen, leikkimiseen, kiipe\u00e4miseen, juoksemiseen ja raapimiseen. Kaikki elementit voidaan yhdist\u00e4\u00e4 loputtomasti. Yhdist\u00e4 nukkumapaikat tyylikk\u00e4isiin Bridge- tai Scratch 70 -malleihin tai miksi ei esimerkiksi tikapuun avulla.<\/p>\n<p data-start=\"672\" data-end=\"927\" data-is-only-node=\"\" data-is-last-node=\"\">Mitat \u2013 pituus 60 cm, leveys 35 cm ja korkeus 35 cm<br data-start=\"723\" data-end=\"726\" \/>Tuotteen paino 8 kg<br data-start=\"745\" data-end=\"748\" data-is-only-node=\"\" \/>Pes\u00e4 on valmistettu taivutetusta eukalyptusviilusta ja peitetty sisal-matolla<br data-start=\"825\" data-end=\"828\" \/>Tyyny on 4 cm paksu, pest\u00e4v\u00e4 ja napilla kiinnitett\u00e4v\u00e4<br data-start=\"881\" data-end=\"884\" \/>Kiinnitet\u00e4\u00e4n kest\u00e4v\u00e4ll\u00e4 Z-tangolla (mukana)<\/p>\n","protected":false},"featured_media":20947,"template":"","meta":[],"product_brand":[],"product_cat":[263,139],"product_tag":[],"class_list":{"0":"post-28162","1":"product","2":"type-product","3":"status-publish","4":"has-post-thumbnail","6":"product_cat-kiipeilyseina-kissoille","7":"product_cat-kaup24-fi","8":"product_shipping_class-pakiautomaati-sobimatu-fi","10":"first","11":"instock","12":"sale","13":"taxable","14":"shipping-taxable","15":"purchasable","16":"product-type-simple"},"yoast_head":"<!-- This site is optimized with the Yoast SEO plugin v27.2 - https:\/\/yoast.com\/product\/yoast-seo-wordpress\/ -->\n<title>Kissans\u00e4nky sein\u00e4lle Petrebels Box 60, wenge - MiuMjau<\/title>\n<meta name=\"description\" content=\"Box 60 on vahva kissanpes\u00e4 sein\u00e4lle, josta tulee kissasi lempipaikka, koska se n\u00e4ytt\u00e4\u00e4 laatikolta, jollaisia kissat niin rakastavat.\" \/>\n<meta name=\"robots\" content=\"index, follow, max-snippet:-1, max-image-preview:large, max-video-preview:-1\" \/>\n<link rel=\"canonical\" href=\"https:\/\/miumjau.ee\/tuote\/pesa-seinale-box-60-petrebels-wenge\/\" \/>\n<meta property=\"og:locale\" content=\"fi_FI\" \/>\n<meta property=\"og:type\" content=\"article\" \/>\n<meta property=\"og:title\" content=\"Kissans\u00e4nky sein\u00e4lle Petrebels Box 60, wenge - MiuMjau\" \/>\n<meta property=\"og:description\" content=\"Box 60 on vahva kissanpes\u00e4 sein\u00e4lle, josta tulee kissasi lempipaikka, koska se n\u00e4ytt\u00e4\u00e4 laatikolta, jollaisia kissat niin rakastavat.\" \/>\n<meta property=\"og:url\" content=\"https:\/\/miumjau.ee\/tuote\/pesa-seinale-box-60-petrebels-wenge\/\" \/>\n<meta property=\"og:site_name\" content=\"MiuMjau\" \/>\n<meta property=\"article:publisher\" content=\"https:\/\/www.facebook.com\/miumjaupood\/\" \/>\n<meta property=\"article:modified_time\" content=\"2026-01-07T20:56:19+00:00\" \/>\n<meta property=\"og:image\" content=\"https:\/\/miumjau.ee\/wp-content\/uploads\/2023\/12\/seinakinnitusega-pesa-box604.jpg\" \/>\n\t<meta property=\"og:image:width\" content=\"600\" \/>\n\t<meta property=\"og:image:height\" content=\"800\" \/>\n\t<meta property=\"og:image:type\" content=\"image\/jpeg\" \/>\n<meta name=\"twitter:card\" content=\"summary_large_image\" \/>\n<script type=\"application\/ld+json\" class=\"yoast-schema-graph\">{\"@context\":\"https:\/\/schema.org\",\"@graph\":[{\"@type\":\"WebPage\",\"@id\":\"https:\/\/miumjau.ee\/tuote\/pesa-seinale-box-60-petrebels-wenge\/\",\"url\":\"https:\/\/miumjau.ee\/tuote\/pesa-seinale-box-60-petrebels-wenge\/\",\"name\":\"Kissans\u00e4nky sein\u00e4lle Petrebels Box 60, wenge - MiuMjau\",\"isPartOf\":{\"@id\":\"https:\/\/miumjau.ee\/#website\"},\"primaryImageOfPage\":{\"@id\":\"https:\/\/miumjau.ee\/tuote\/pesa-seinale-box-60-petrebels-wenge\/#primaryimage\"},\"image\":{\"@id\":\"https:\/\/miumjau.ee\/tuote\/pesa-seinale-box-60-petrebels-wenge\/#primaryimage\"},\"thumbnailUrl\":\"https:\/\/miumjau.ee\/wp-content\/uploads\/2023\/12\/seinakinnitusega-pesa-box604.jpg\",\"datePublished\":\"2024-01-04T20:42:34+00:00\",\"dateModified\":\"2026-01-07T20:56:19+00:00\",\"description\":\"Box 60 on vahva kissanpes\u00e4 sein\u00e4lle, josta tulee kissasi lempipaikka, koska se n\u00e4ytt\u00e4\u00e4 laatikolta, jollaisia kissat niin rakastavat.\",\"breadcrumb\":{\"@id\":\"https:\/\/miumjau.ee\/tuote\/pesa-seinale-box-60-petrebels-wenge\/#breadcrumb\"},\"inLanguage\":\"fi\",\"potentialAction\":[{\"@type\":\"ReadAction\",\"target\":[\"https:\/\/miumjau.ee\/tuote\/pesa-seinale-box-60-petrebels-wenge\/\"]}]},{\"@type\":\"ImageObject\",\"inLanguage\":\"fi\",\"@id\":\"https:\/\/miumjau.ee\/tuote\/pesa-seinale-box-60-petrebels-wenge\/#primaryimage\",\"url\":\"https:\/\/miumjau.ee\/wp-content\/uploads\/2023\/12\/seinakinnitusega-pesa-box604.jpg\",\"contentUrl\":\"https:\/\/miumjau.ee\/wp-content\/uploads\/2023\/12\/seinakinnitusega-pesa-box604.jpg\",\"width\":600,\"height\":800},{\"@type\":\"BreadcrumbList\",\"@id\":\"https:\/\/miumjau.ee\/tuote\/pesa-seinale-box-60-petrebels-wenge\/#breadcrumb\",\"itemListElement\":[{\"@type\":\"ListItem\",\"position\":1,\"name\":\"Home\",\"item\":\"https:\/\/miumjau.ee\/fi\/\"},{\"@type\":\"ListItem\",\"position\":2,\"name\":\"Kauppa\",\"item\":\"https:\/\/miumjau.ee\/fi\/kauppa\/\"},{\"@type\":\"ListItem\",\"position\":3,\"name\":\"Kissans\u00e4nky sein\u00e4lle Petrebels Box 60, wenge\"}]},{\"@type\":\"WebSite\",\"@id\":\"https:\/\/miumjau.ee\/#website\",\"url\":\"https:\/\/miumjau.ee\/\",\"name\":\"MiuMjau\",\"description\":\"Kraapimispuud kassidele\",\"publisher\":{\"@id\":\"https:\/\/miumjau.ee\/#organization\"},\"potentialAction\":[{\"@type\":\"SearchAction\",\"target\":{\"@type\":\"EntryPoint\",\"urlTemplate\":\"https:\/\/miumjau.ee\/?s={search_term_string}\"},\"query-input\":{\"@type\":\"PropertyValueSpecification\",\"valueRequired\":true,\"valueName\":\"search_term_string\"}}],\"inLanguage\":\"fi\"},{\"@type\":\"Organization\",\"@id\":\"https:\/\/miumjau.ee\/#organization\",\"name\":\"MiuMjau O\u00dc\",\"url\":\"https:\/\/miumjau.ee\/\",\"logo\":{\"@type\":\"ImageObject\",\"inLanguage\":\"fi\",\"@id\":\"https:\/\/miumjau.ee\/#\/schema\/logo\/image\/\",\"url\":\"https:\/\/miumjau.ee\/wp-content\/uploads\/2022\/04\/MiuMjau-logo-kollane.png\",\"contentUrl\":\"https:\/\/miumjau.ee\/wp-content\/uploads\/2022\/04\/MiuMjau-logo-kollane.png\",\"width\":219,\"height\":100,\"caption\":\"MiuMjau O\u00dc\"},\"image\":{\"@id\":\"https:\/\/miumjau.ee\/#\/schema\/logo\/image\/\"},\"sameAs\":[\"https:\/\/www.facebook.com\/miumjaupood\/\"]}]}<\/script>\n<!-- \/ Yoast SEO plugin. -->","yoast_head_json":{"title":"Kissans\u00e4nky sein\u00e4lle Petrebels Box 60, wenge - MiuMjau","description":"Box 60 on vahva kissanpes\u00e4 sein\u00e4lle, josta tulee kissasi lempipaikka, koska se n\u00e4ytt\u00e4\u00e4 laatikolta, jollaisia kissat niin rakastavat.","robots":{"index":"index","follow":"follow","max-snippet":"max-snippet:-1","max-image-preview":"max-image-preview:large","max-video-preview":"max-video-preview:-1"},"canonical":"https:\/\/miumjau.ee\/tuote\/pesa-seinale-box-60-petrebels-wenge\/","og_locale":"fi_FI","og_type":"article","og_title":"Kissans\u00e4nky sein\u00e4lle Petrebels Box 60, wenge - MiuMjau","og_description":"Box 60 on vahva kissanpes\u00e4 sein\u00e4lle, josta tulee kissasi lempipaikka, koska se n\u00e4ytt\u00e4\u00e4 laatikolta, jollaisia kissat niin rakastavat.","og_url":"https:\/\/miumjau.ee\/tuote\/pesa-seinale-box-60-petrebels-wenge\/","og_site_name":"MiuMjau","article_publisher":"https:\/\/www.facebook.com\/miumjaupood\/","article_modified_time":"2026-01-07T20:56:19+00:00","og_image":[{"width":600,"height":800,"url":"https:\/\/miumjau.ee\/wp-content\/uploads\/2023\/12\/seinakinnitusega-pesa-box604.jpg","type":"image\/jpeg"}],"twitter_card":"summary_large_image","schema":{"@context":"https:\/\/schema.org","@graph":[{"@type":"WebPage","@id":"https:\/\/miumjau.ee\/tuote\/pesa-seinale-box-60-petrebels-wenge\/","url":"https:\/\/miumjau.ee\/tuote\/pesa-seinale-box-60-petrebels-wenge\/","name":"Kissans\u00e4nky sein\u00e4lle Petrebels Box 60, wenge - MiuMjau","isPartOf":{"@id":"https:\/\/miumjau.ee\/#website"},"primaryImageOfPage":{"@id":"https:\/\/miumjau.ee\/tuote\/pesa-seinale-box-60-petrebels-wenge\/#primaryimage"},"image":{"@id":"https:\/\/miumjau.ee\/tuote\/pesa-seinale-box-60-petrebels-wenge\/#primaryimage"},"thumbnailUrl":"https:\/\/miumjau.ee\/wp-content\/uploads\/2023\/12\/seinakinnitusega-pesa-box604.jpg","datePublished":"2024-01-04T20:42:34+00:00","dateModified":"2026-01-07T20:56:19+00:00","description":"Box 60 on vahva kissanpes\u00e4 sein\u00e4lle, josta tulee kissasi lempipaikka, koska se n\u00e4ytt\u00e4\u00e4 laatikolta, jollaisia kissat niin rakastavat.","breadcrumb":{"@id":"https:\/\/miumjau.ee\/tuote\/pesa-seinale-box-60-petrebels-wenge\/#breadcrumb"},"inLanguage":"fi","potentialAction":[{"@type":"ReadAction","target":["https:\/\/miumjau.ee\/tuote\/pesa-seinale-box-60-petrebels-wenge\/"]}]},{"@type":"ImageObject","inLanguage":"fi","@id":"https:\/\/miumjau.ee\/tuote\/pesa-seinale-box-60-petrebels-wenge\/#primaryimage","url":"https:\/\/miumjau.ee\/wp-content\/uploads\/2023\/12\/seinakinnitusega-pesa-box604.jpg","contentUrl":"https:\/\/miumjau.ee\/wp-content\/uploads\/2023\/12\/seinakinnitusega-pesa-box604.jpg","width":600,"height":800},{"@type":"BreadcrumbList","@id":"https:\/\/miumjau.ee\/tuote\/pesa-seinale-box-60-petrebels-wenge\/#breadcrumb","itemListElement":[{"@type":"ListItem","position":1,"name":"Home","item":"https:\/\/miumjau.ee\/fi\/"},{"@type":"ListItem","position":2,"name":"Kauppa","item":"https:\/\/miumjau.ee\/fi\/kauppa\/"},{"@type":"ListItem","position":3,"name":"Kissans\u00e4nky sein\u00e4lle Petrebels Box 60, wenge"}]},{"@type":"WebSite","@id":"https:\/\/miumjau.ee\/#website","url":"https:\/\/miumjau.ee\/","name":"MiuMjau","description":"Kraapimispuud kassidele","publisher":{"@id":"https:\/\/miumjau.ee\/#organization"},"potentialAction":[{"@type":"SearchAction","target":{"@type":"EntryPoint","urlTemplate":"https:\/\/miumjau.ee\/?s={search_term_string}"},"query-input":{"@type":"PropertyValueSpecification","valueRequired":true,"valueName":"search_term_string"}}],"inLanguage":"fi"},{"@type":"Organization","@id":"https:\/\/miumjau.ee\/#organization","name":"MiuMjau O\u00dc","url":"https:\/\/miumjau.ee\/","logo":{"@type":"ImageObject","inLanguage":"fi","@id":"https:\/\/miumjau.ee\/#\/schema\/logo\/image\/","url":"https:\/\/miumjau.ee\/wp-content\/uploads\/2022\/04\/MiuMjau-logo-kollane.png","contentUrl":"https:\/\/miumjau.ee\/wp-content\/uploads\/2022\/04\/MiuMjau-logo-kollane.png","width":219,"height":100,"caption":"MiuMjau O\u00dc"},"image":{"@id":"https:\/\/miumjau.ee\/#\/schema\/logo\/image\/"},"sameAs":["https:\/\/www.facebook.com\/miumjaupood\/"]}]}},"_links":{"self":[{"href":"https:\/\/miumjau.ee\/fi\/wp-json\/wp\/v2\/product\/28162","targetHints":{"allow":["GET"]}}],"collection":[{"href":"https:\/\/miumjau.ee\/fi\/wp-json\/wp\/v2\/product"}],"about":[{"href":"https:\/\/miumjau.ee\/fi\/wp-json\/wp\/v2\/types\/product"}],"wp:featuredmedia":[{"embeddable":true,"href":"https:\/\/miumjau.ee\/fi\/wp-json\/wp\/v2\/media\/20947"}],"wp:attachment":[{"href":"https:\/\/miumjau.ee\/fi\/wp-json\/wp\/v2\/media?parent=28162"}],"wp:term":[{"taxonomy":"product_brand","embeddable":true,"href":"https:\/\/miumjau.ee\/fi\/wp-json\/wp\/v2\/product_brand?post=28162"},{"taxonomy":"product_cat","embeddable":true,"href":"https:\/\/miumjau.ee\/fi\/wp-json\/wp\/v2\/product_cat?post=28162"},{"taxonomy":"product_tag","embeddable":true,"href":"https:\/\/miumjau.ee\/fi\/wp-json\/wp\/v2\/product_tag?post=28162"}],"curies":[{"name":"wp","href":"https:\/\/api.w.org\/{rel}","templated":true}]}}