{"id":28159,"date":"2024-01-05T11:33:52","date_gmt":"2024-01-05T09:33:52","guid":{"rendered":"https:\/\/miumjau.ee\/toode\/seinalle-kiinnitettava-raapimispylvas-1250-ruosteinen-tammi\/"},"modified":"2026-01-07T22:56:19","modified_gmt":"2026-01-07T20:56:19","slug":"seinalle-kiinnitettava-raapimispylvas-1250-ruosteinen-tammi","status":"publish","type":"product","link":"https:\/\/miumjau.ee\/fi\/tuote\/seinalle-kiinnitettava-raapimispylvas-1250-ruosteinen-tammi\/","title":{"rendered":"Sein\u00e4lle kiinnitett\u00e4v\u00e4 raapimispylv\u00e4s 1250, ruosteinen tammi"},"content":{"rendered":"","protected":false},"excerpt":{"rendered":"<p data-start=\"0\" data-end=\"426\">Sein\u00e4lle kiinnitett\u00e4v\u00e4 raapimispylv\u00e4s, malli 1250 Petrebelsilt\u00e4, on eritt\u00e4in laadukas ja huolehtii kissasi raapimistarpeiden t\u00e4ytt\u00e4misest\u00e4! Raapimispylv\u00e4it\u00e4 on kolmea eri kokoa ja eri halkaisijalla. Elementtej\u00e4 yhdist\u00e4m\u00e4ll\u00e4 voit kiinnitt\u00e4\u00e4 pitk\u00e4n raapimis-kiipeilyputken sein\u00e4lle, jolla p\u00e4\u00e4see esimerkiksi katossa olevaan pes\u00e4\u00e4n. Kaikki elementit voidaan yhdist\u00e4\u00e4 oman ja kissasi tarpeiden mukaan. Vain mielikuvitus on rajana!<\/p>\n<p data-start=\"428\" data-end=\"1056\">Climb 1250 on osa Wall of Rebels -kokoelmaamme, suloinen tuotesarja kissasein\u00e4n luomiseen. T\u00e4m\u00e4 raapimispylv\u00e4s kiinnitet\u00e4\u00e4n sein\u00e4\u00e4n vaakasuorasti tai pystysuorasti ja se on t\u00e4ydellinen raapimiseen \u2013 ja kissat rakastavat sit\u00e4! Mutta Climb 1250 voi tehd\u00e4 enemm\u00e4n. T\u00e4m\u00e4n raapimispylv\u00e4\u00e4n avulla voit my\u00f6s yhdist\u00e4\u00e4 sen muiden Wall of Rebels -tuotteiden v\u00e4liin. Kiinnit\u00e4 se esimerkiksi Lazy 50:n ja Scratch-raapimisalustan v\u00e4liin. N\u00e4in kissasi voi venytell\u00e4 ja raapia heti p\u00e4iv\u00e4torkkujen j\u00e4lkeen. Laajenna sein\u00e4\u00e4 kaarevalla pes\u00e4ll\u00e4 Curve 70 ja tee kissasein\u00e4st\u00e4 j\u00e4nnitt\u00e4v\u00e4mm\u00e4ksi sillalla, tikkailla tai hauskoilla Box Bag -tuotteilla.<\/p>\n<p data-start=\"1058\" data-end=\"1267\" data-is-last-node=\"\" data-is-only-node=\"\">Myynniss\u00e4 on valmis setti sein\u00e4kiinnityksill\u00e4. Pidemm\u00e4n raapimispylv\u00e4\u00e4n rakentamiseksi voit ostaa lis\u00e4elementtej\u00e4 erikseen.<br data-start=\"1181\" data-end=\"1184\" \/>Mitat \u2013 halkaisija 12 cm ja pituus 50 cm<br data-start=\"1224\" data-end=\"1227\" data-is-only-node=\"\" \/>Valmistettu kest\u00e4v\u00e4st\u00e4 eukalyptuspuusta.<\/p>\n","protected":false},"featured_media":21275,"template":"","meta":[],"product_brand":[],"product_cat":[139,263],"product_tag":[],"class_list":{"0":"post-28159","1":"product","2":"type-product","3":"status-publish","4":"has-post-thumbnail","6":"product_cat-kaup24-fi","7":"product_cat-kiipeilyseina-kissoille","9":"first","10":"instock","11":"sale","12":"taxable","13":"shipping-taxable","14":"purchasable","15":"product-type-simple"},"yoast_head":"<!-- This site is optimized with the Yoast SEO plugin v27.4 - https:\/\/yoast.com\/product\/yoast-seo-wordpress\/ -->\n<title>Sein\u00e4lle kiinnitett\u00e4v\u00e4 raapimispylv\u00e4s 1250, ruosteinen tammi - MiuMjau<\/title>\n<meta name=\"description\" content=\"Sein\u00e4lle kiinnitett\u00e4v\u00e4 raapimispylv\u00e4s on osa kissasi seikkailukaupungista sein\u00e4ll\u00e4. Luo h\u00e4nelle tarpeidensa mukainen kiipeilysein\u00e4 raapimismahdollisuuksilla ja pes\u00e4ll\u00e4.\" \/>\n<meta name=\"robots\" content=\"index, follow, max-snippet:-1, max-image-preview:large, max-video-preview:-1\" \/>\n<link rel=\"canonical\" href=\"https:\/\/miumjau.ee\/tuote\/kraapimispost-seinale-1250-rusty-oak\/\" \/>\n<meta property=\"og:locale\" content=\"fi_FI\" \/>\n<meta property=\"og:type\" content=\"article\" \/>\n<meta property=\"og:title\" content=\"Sein\u00e4lle kiinnitett\u00e4v\u00e4 raapimispylv\u00e4s 1250, ruosteinen tammi - MiuMjau\" \/>\n<meta property=\"og:description\" content=\"Sein\u00e4lle kiinnitett\u00e4v\u00e4 raapimispylv\u00e4s on osa kissasi seikkailukaupungista sein\u00e4ll\u00e4. Luo h\u00e4nelle tarpeidensa mukainen kiipeilysein\u00e4 raapimismahdollisuuksilla ja pes\u00e4ll\u00e4.\" \/>\n<meta property=\"og:url\" content=\"https:\/\/miumjau.ee\/tuote\/kraapimispost-seinale-1250-rusty-oak\/\" \/>\n<meta property=\"og:site_name\" content=\"MiuMjau\" \/>\n<meta property=\"article:publisher\" content=\"https:\/\/www.facebook.com\/miumjaupood\/\" \/>\n<meta property=\"article:modified_time\" content=\"2026-01-07T20:56:19+00:00\" \/>\n<meta property=\"og:image\" content=\"https:\/\/miumjau.ee\/wp-content\/uploads\/2024\/01\/kraapimispost-seinale-125014.jpg\" \/>\n\t<meta property=\"og:image:width\" content=\"600\" \/>\n\t<meta property=\"og:image:height\" content=\"800\" \/>\n\t<meta property=\"og:image:type\" content=\"image\/jpeg\" \/>\n<meta name=\"twitter:card\" content=\"summary_large_image\" \/>\n<script type=\"application\/ld+json\" class=\"yoast-schema-graph\">{\"@context\":\"https:\\\/\\\/schema.org\",\"@graph\":[{\"@type\":\"WebPage\",\"@id\":\"https:\\\/\\\/miumjau.ee\\\/tuote\\\/kraapimispost-seinale-1250-rusty-oak\\\/\",\"url\":\"https:\\\/\\\/miumjau.ee\\\/tuote\\\/kraapimispost-seinale-1250-rusty-oak\\\/\",\"name\":\"Sein\u00e4lle kiinnitett\u00e4v\u00e4 raapimispylv\u00e4s 1250, ruosteinen tammi - MiuMjau\",\"isPartOf\":{\"@id\":\"https:\\\/\\\/miumjau.ee\\\/#website\"},\"primaryImageOfPage\":{\"@id\":\"https:\\\/\\\/miumjau.ee\\\/tuote\\\/kraapimispost-seinale-1250-rusty-oak\\\/#primaryimage\"},\"image\":{\"@id\":\"https:\\\/\\\/miumjau.ee\\\/tuote\\\/kraapimispost-seinale-1250-rusty-oak\\\/#primaryimage\"},\"thumbnailUrl\":\"https:\\\/\\\/miumjau.ee\\\/wp-content\\\/uploads\\\/2024\\\/01\\\/kraapimispost-seinale-125014.jpg\",\"datePublished\":\"2024-01-05T09:33:52+00:00\",\"dateModified\":\"2026-01-07T20:56:19+00:00\",\"description\":\"Sein\u00e4lle kiinnitett\u00e4v\u00e4 raapimispylv\u00e4s on osa kissasi seikkailukaupungista sein\u00e4ll\u00e4. Luo h\u00e4nelle tarpeidensa mukainen kiipeilysein\u00e4 raapimismahdollisuuksilla ja pes\u00e4ll\u00e4.\",\"breadcrumb\":{\"@id\":\"https:\\\/\\\/miumjau.ee\\\/tuote\\\/kraapimispost-seinale-1250-rusty-oak\\\/#breadcrumb\"},\"inLanguage\":\"fi\",\"potentialAction\":[{\"@type\":\"ReadAction\",\"target\":[\"https:\\\/\\\/miumjau.ee\\\/tuote\\\/kraapimispost-seinale-1250-rusty-oak\\\/\"]}]},{\"@type\":\"ImageObject\",\"inLanguage\":\"fi\",\"@id\":\"https:\\\/\\\/miumjau.ee\\\/tuote\\\/kraapimispost-seinale-1250-rusty-oak\\\/#primaryimage\",\"url\":\"https:\\\/\\\/miumjau.ee\\\/wp-content\\\/uploads\\\/2024\\\/01\\\/kraapimispost-seinale-125014.jpg\",\"contentUrl\":\"https:\\\/\\\/miumjau.ee\\\/wp-content\\\/uploads\\\/2024\\\/01\\\/kraapimispost-seinale-125014.jpg\",\"width\":600,\"height\":800},{\"@type\":\"BreadcrumbList\",\"@id\":\"https:\\\/\\\/miumjau.ee\\\/tuote\\\/kraapimispost-seinale-1250-rusty-oak\\\/#breadcrumb\",\"itemListElement\":[{\"@type\":\"ListItem\",\"position\":1,\"name\":\"Home\",\"item\":\"https:\\\/\\\/miumjau.ee\\\/fi\\\/\"},{\"@type\":\"ListItem\",\"position\":2,\"name\":\"Kauppa\",\"item\":\"https:\\\/\\\/miumjau.ee\\\/fi\\\/kauppa\\\/\"},{\"@type\":\"ListItem\",\"position\":3,\"name\":\"Sein\u00e4lle kiinnitett\u00e4v\u00e4 raapimispylv\u00e4s 1250, ruosteinen tammi\"}]},{\"@type\":\"WebSite\",\"@id\":\"https:\\\/\\\/miumjau.ee\\\/#website\",\"url\":\"https:\\\/\\\/miumjau.ee\\\/\",\"name\":\"MiuMjau\",\"description\":\"Kraapimispuud kassidele\",\"publisher\":{\"@id\":\"https:\\\/\\\/miumjau.ee\\\/#organization\"},\"potentialAction\":[{\"@type\":\"SearchAction\",\"target\":{\"@type\":\"EntryPoint\",\"urlTemplate\":\"https:\\\/\\\/miumjau.ee\\\/?s={search_term_string}\"},\"query-input\":{\"@type\":\"PropertyValueSpecification\",\"valueRequired\":true,\"valueName\":\"search_term_string\"}}],\"inLanguage\":\"fi\"},{\"@type\":\"Organization\",\"@id\":\"https:\\\/\\\/miumjau.ee\\\/#organization\",\"name\":\"MiuMjau O\u00dc\",\"url\":\"https:\\\/\\\/miumjau.ee\\\/\",\"logo\":{\"@type\":\"ImageObject\",\"inLanguage\":\"fi\",\"@id\":\"https:\\\/\\\/miumjau.ee\\\/#\\\/schema\\\/logo\\\/image\\\/\",\"url\":\"https:\\\/\\\/miumjau.ee\\\/wp-content\\\/uploads\\\/2022\\\/04\\\/MiuMjau-logo-kollane.png\",\"contentUrl\":\"https:\\\/\\\/miumjau.ee\\\/wp-content\\\/uploads\\\/2022\\\/04\\\/MiuMjau-logo-kollane.png\",\"width\":219,\"height\":100,\"caption\":\"MiuMjau O\u00dc\"},\"image\":{\"@id\":\"https:\\\/\\\/miumjau.ee\\\/#\\\/schema\\\/logo\\\/image\\\/\"},\"sameAs\":[\"https:\\\/\\\/www.facebook.com\\\/miumjaupood\\\/\"]}]}<\/script>\n<!-- \/ Yoast SEO plugin. -->","yoast_head_json":{"title":"Sein\u00e4lle kiinnitett\u00e4v\u00e4 raapimispylv\u00e4s 1250, ruosteinen tammi - MiuMjau","description":"Sein\u00e4lle kiinnitett\u00e4v\u00e4 raapimispylv\u00e4s on osa kissasi seikkailukaupungista sein\u00e4ll\u00e4. Luo h\u00e4nelle tarpeidensa mukainen kiipeilysein\u00e4 raapimismahdollisuuksilla ja pes\u00e4ll\u00e4.","robots":{"index":"index","follow":"follow","max-snippet":"max-snippet:-1","max-image-preview":"max-image-preview:large","max-video-preview":"max-video-preview:-1"},"canonical":"https:\/\/miumjau.ee\/tuote\/kraapimispost-seinale-1250-rusty-oak\/","og_locale":"fi_FI","og_type":"article","og_title":"Sein\u00e4lle kiinnitett\u00e4v\u00e4 raapimispylv\u00e4s 1250, ruosteinen tammi - MiuMjau","og_description":"Sein\u00e4lle kiinnitett\u00e4v\u00e4 raapimispylv\u00e4s on osa kissasi seikkailukaupungista sein\u00e4ll\u00e4. Luo h\u00e4nelle tarpeidensa mukainen kiipeilysein\u00e4 raapimismahdollisuuksilla ja pes\u00e4ll\u00e4.","og_url":"https:\/\/miumjau.ee\/tuote\/kraapimispost-seinale-1250-rusty-oak\/","og_site_name":"MiuMjau","article_publisher":"https:\/\/www.facebook.com\/miumjaupood\/","article_modified_time":"2026-01-07T20:56:19+00:00","og_image":[{"width":600,"height":800,"url":"https:\/\/miumjau.ee\/wp-content\/uploads\/2024\/01\/kraapimispost-seinale-125014.jpg","type":"image\/jpeg"}],"twitter_card":"summary_large_image","schema":{"@context":"https:\/\/schema.org","@graph":[{"@type":"WebPage","@id":"https:\/\/miumjau.ee\/tuote\/kraapimispost-seinale-1250-rusty-oak\/","url":"https:\/\/miumjau.ee\/tuote\/kraapimispost-seinale-1250-rusty-oak\/","name":"Sein\u00e4lle kiinnitett\u00e4v\u00e4 raapimispylv\u00e4s 1250, ruosteinen tammi - MiuMjau","isPartOf":{"@id":"https:\/\/miumjau.ee\/#website"},"primaryImageOfPage":{"@id":"https:\/\/miumjau.ee\/tuote\/kraapimispost-seinale-1250-rusty-oak\/#primaryimage"},"image":{"@id":"https:\/\/miumjau.ee\/tuote\/kraapimispost-seinale-1250-rusty-oak\/#primaryimage"},"thumbnailUrl":"https:\/\/miumjau.ee\/wp-content\/uploads\/2024\/01\/kraapimispost-seinale-125014.jpg","datePublished":"2024-01-05T09:33:52+00:00","dateModified":"2026-01-07T20:56:19+00:00","description":"Sein\u00e4lle kiinnitett\u00e4v\u00e4 raapimispylv\u00e4s on osa kissasi seikkailukaupungista sein\u00e4ll\u00e4. Luo h\u00e4nelle tarpeidensa mukainen kiipeilysein\u00e4 raapimismahdollisuuksilla ja pes\u00e4ll\u00e4.","breadcrumb":{"@id":"https:\/\/miumjau.ee\/tuote\/kraapimispost-seinale-1250-rusty-oak\/#breadcrumb"},"inLanguage":"fi","potentialAction":[{"@type":"ReadAction","target":["https:\/\/miumjau.ee\/tuote\/kraapimispost-seinale-1250-rusty-oak\/"]}]},{"@type":"ImageObject","inLanguage":"fi","@id":"https:\/\/miumjau.ee\/tuote\/kraapimispost-seinale-1250-rusty-oak\/#primaryimage","url":"https:\/\/miumjau.ee\/wp-content\/uploads\/2024\/01\/kraapimispost-seinale-125014.jpg","contentUrl":"https:\/\/miumjau.ee\/wp-content\/uploads\/2024\/01\/kraapimispost-seinale-125014.jpg","width":600,"height":800},{"@type":"BreadcrumbList","@id":"https:\/\/miumjau.ee\/tuote\/kraapimispost-seinale-1250-rusty-oak\/#breadcrumb","itemListElement":[{"@type":"ListItem","position":1,"name":"Home","item":"https:\/\/miumjau.ee\/fi\/"},{"@type":"ListItem","position":2,"name":"Kauppa","item":"https:\/\/miumjau.ee\/fi\/kauppa\/"},{"@type":"ListItem","position":3,"name":"Sein\u00e4lle kiinnitett\u00e4v\u00e4 raapimispylv\u00e4s 1250, ruosteinen tammi"}]},{"@type":"WebSite","@id":"https:\/\/miumjau.ee\/#website","url":"https:\/\/miumjau.ee\/","name":"MiuMjau","description":"Kraapimispuud kassidele","publisher":{"@id":"https:\/\/miumjau.ee\/#organization"},"potentialAction":[{"@type":"SearchAction","target":{"@type":"EntryPoint","urlTemplate":"https:\/\/miumjau.ee\/?s={search_term_string}"},"query-input":{"@type":"PropertyValueSpecification","valueRequired":true,"valueName":"search_term_string"}}],"inLanguage":"fi"},{"@type":"Organization","@id":"https:\/\/miumjau.ee\/#organization","name":"MiuMjau O\u00dc","url":"https:\/\/miumjau.ee\/","logo":{"@type":"ImageObject","inLanguage":"fi","@id":"https:\/\/miumjau.ee\/#\/schema\/logo\/image\/","url":"https:\/\/miumjau.ee\/wp-content\/uploads\/2022\/04\/MiuMjau-logo-kollane.png","contentUrl":"https:\/\/miumjau.ee\/wp-content\/uploads\/2022\/04\/MiuMjau-logo-kollane.png","width":219,"height":100,"caption":"MiuMjau O\u00dc"},"image":{"@id":"https:\/\/miumjau.ee\/#\/schema\/logo\/image\/"},"sameAs":["https:\/\/www.facebook.com\/miumjaupood\/"]}]}},"_links":{"self":[{"href":"https:\/\/miumjau.ee\/fi\/wp-json\/wp\/v2\/product\/28159","targetHints":{"allow":["GET"]}}],"collection":[{"href":"https:\/\/miumjau.ee\/fi\/wp-json\/wp\/v2\/product"}],"about":[{"href":"https:\/\/miumjau.ee\/fi\/wp-json\/wp\/v2\/types\/product"}],"wp:featuredmedia":[{"embeddable":true,"href":"https:\/\/miumjau.ee\/fi\/wp-json\/wp\/v2\/media\/21275"}],"wp:attachment":[{"href":"https:\/\/miumjau.ee\/fi\/wp-json\/wp\/v2\/media?parent=28159"}],"wp:term":[{"taxonomy":"product_brand","embeddable":true,"href":"https:\/\/miumjau.ee\/fi\/wp-json\/wp\/v2\/product_brand?post=28159"},{"taxonomy":"product_cat","embeddable":true,"href":"https:\/\/miumjau.ee\/fi\/wp-json\/wp\/v2\/product_cat?post=28159"},{"taxonomy":"product_tag","embeddable":true,"href":"https:\/\/miumjau.ee\/fi\/wp-json\/wp\/v2\/product_tag?post=28159"}],"curies":[{"name":"wp","href":"https:\/\/api.w.org\/{rel}","templated":true}]}}